{"id":7335,"date":"2025-11-21T11:15:13","date_gmt":"2025-11-21T11:15:13","guid":{"rendered":"https:\/\/chemgramx.com\/?post_type=product&#038;p=7335"},"modified":"2025-11-21T11:17:03","modified_gmt":"2025-11-21T11:17:03","slug":"ak-47-odmiana-hybrydowa-z-dominujaca-sativa-13-20thc","status":"publish","type":"product","link":"https:\/\/chemgramx.com\/pl\/product\/ak-47-sativa-dominant-hybrid-strain-13-20thc\/","title":{"rendered":"AK-47 Odmiana hybrydowa z dominuj\u0105c\u0105 Sativ\u0105 13% - 20%THC"},"content":{"rendered":"<p>R\u00f3\u017cnorodno\u015b\u0107 <b>AK-47<\/b> jest uznawana na ca\u0142ym \u015bwiecie za jedn\u0105 z <b>najbardziej stabilne i znane hybrydy z dominacj\u0105 sativy<\/b> ustalone w nauce o konopiach indyjskich. <b>Ty<\/b> jest uznawany za <b>Pot\u0119\u017cny, ale niezwykle zr\u00f3wnowa\u017cony efekt<\/b> docenione, co <b>Wyra\u017ana stymulacja umys\u0142owa<\/b> z <b>delikatny relaks fizyczny<\/b> po\u0142\u0105czenia. <b>W rzeczywisto\u015bci<\/b> AK-47 cz\u0119sto s\u0142u\u017cy jako <b>Punkt odniesienia<\/b> do analizy efekt\u00f3w z\u0142o\u017conej genetyki polihybrydowej. <b>Z zawarto\u015bci\u0105 THC<\/b> kt\u00f3ry zazwyczaj wynosi mi\u0119dzy <b>13 % i 20 %<\/b> oferuje <b>kontrolowana moc<\/b>, kt\u00f3ry nadaje si\u0119 do szerokiego zakresu bada\u0144. <b>Dlatego<\/b> Ta uznana na ca\u0142ym \u015bwiecie odmiana wymaga szczeg\u00f3\u0142owego naukowego rozwa\u017cenia jej unikalnych cech.<\/p>\n<h2><b>Z\u0142o\u017cone pochodzenie genetyczne i stabilno\u015b\u0107 hodowli<\/b><\/h2>\n<p>Genetyczna podstawa AK-47 jest wyj\u0105tkowo z\u0142o\u017cona i pochodzi od <b>ostro\u017cne przej\u015bcie<\/b> czterech geograficznie szeroko rozdzielonych ras l\u0105dowych. <b>Te<\/b> tzw. <b>Polihybrydy<\/b> zjednoczeni:<\/p>\n<ol start=\"1\">\n<li><b>Kolumbijska Sativa:<\/b> Zapewnia m\u00f3zgowe, cz\u0119sto <b>efekty euforyczne<\/b> i przyczynia si\u0119 do wzrostu ro\u015bliny.<\/li>\n<li><b>Meksyka\u0144ska Sativa:<\/b> Przyczynia si\u0119 do <b>Klarowno\u015b\u0107 i skupienie<\/b> efekt duchowy.<\/li>\n<li><b>Thai Sativa:<\/b> Znany z <b>d\u0142ugotrwa\u0142e i energetyzuj\u0105ce dzia\u0142anie<\/b>.<\/li>\n<li><b>Afghan Indica:<\/b> Kontroluje <b>relaksacja fizyczna<\/b> i <b>Produkcja \u017cywicy<\/b> z.<\/li>\n<\/ol>\n<p><b>Wynik<\/b> tej wielowarstwowej fuzji jest <b>wyj\u0105tkowo stabilna ro\u015blina z dominacj\u0105 Sativy<\/b>. <b>Ty<\/b> pokazuje <b><a href=\"\/product\/bc-premo-cured-hash-kaufen\/\">sp\u00f3jny<\/a> Wzorzec wzrostu<\/b> oraz <b>Niezawodna produkcja kannabinoid\u00f3w<\/b>. <b>Te<\/b> Stabilno\u015b\u0107, kt\u00f3ra zosta\u0142a potwierdzona licznymi mi\u0119dzynarodowymi nagrodami, sprawia, \u017ce AK-47 jest <b>idealny organizm modelowy<\/b> na badania nad <b>d\u0142ugotrwa\u0142y efekt<\/b> marihuany.<\/p>\n<h2><b>Z\u0142o\u017cono\u015b\u0107 aromatyczna i profil terpenowy<\/b><\/h2>\n<p>AK-47 przekonuje <b>z\u0142o\u017cony smak<\/b>, co odzwierciedla zr\u00f3\u017cnicowane pochodzenie genetyczne. <b>Tutaj<\/b> Dominuj\u0105 s\u0142odkie, ziemiste i lekko pikantne nuty. <b>Te<\/b> G\u0142\u0119bi\u0119 sensoryczn\u0105 tworzy profil terpenowy, kt\u00f3ry jest szczeg\u00f3lnie bogaty w nast\u0119puj\u0105ce sk\u0142adniki:<\/p>\n<ul>\n<li><b>Myrcene:<\/b> <b>To<\/b> Terpen przyczynia si\u0119 do <b>ziemista baza<\/b> i do <b>s\u0142odkie, owocowe niuanse<\/b> z. <b>Farmakologiczne<\/b> b\u0119dzie z <b>delikatny relaks fizyczny<\/b> kt\u00f3ra stanowi cz\u0119\u015b\u0107 indica szczepu.<\/li>\n<li><b>Kariofilen:<\/b> <b>To<\/b> zapewnia <b>pikantne i pieprzne akcenty<\/b>. <b>Naukowy<\/b> to ze wzgl\u0119du na jego zdolno\u015b\u0107 do bezpo\u015bredniego \u0142\u0105czenia si\u0119 z <b>Receptory CB2<\/b> zainteresowania w przysz\u0142o\u015bci.<\/li>\n<li><b>Pinene:<\/b> <b>To<\/b> kontroluje <b>nuty drzewne i \u015bwie\u017ce<\/b> i jest cz\u0119sto \u0142\u0105czony z <b>Zwi\u0119kszenie koncentracji<\/b> i zmniejszenie upo\u015bledzenia pami\u0119ci wywo\u0142anego THC.<\/li>\n<\/ul>\n<p><b>Podsumowuj\u0105c:<\/b> To spektrum terpen\u00f3w umo\u017cliwia <b>Pe\u0142ny i intensywny smak<\/b>, co sprawia, \u017ce AK-47 jest ulubie\u0144cem do\u015bwiadczonych u\u017cytkownik\u00f3w. <b>To<\/b> jest podstaw\u0105 dla tzw. <b>Efekt otoczenia<\/b>, kt\u00f3ry moduluje i r\u00f3wnowa\u017cy dzia\u0142anie THC.<\/p>\n<h2><b>Efekt farmakologiczny i potencja\u0142 zastosowania<\/b><\/h2>\n<p>Skuteczno\u015b\u0107 AK-47 jest g\u0142\u00f3wnym powodem ich nies\u0142abn\u0105cej popularno\u015bci. <b>Ty<\/b> jest nazywany <b>Jasne, kreatywne i poprawiaj\u0105ce nastr\u00f3j<\/b> opisane.<\/p>\n<ul>\n<li><b>Stymulacja umys\u0142owa:<\/b> Zawarto\u015b\u0107 sativy zapewnia <b>Zwi\u0119kszona motywacja i koncentracja<\/b>. <b>Dlatego<\/b> odmiana jest idealna dla <b>Kreatywne zaj\u0119cia, muzyka lub do\u015bwiadczenia przyrodnicze<\/b>.<\/li>\n<li><b>R\u00f3wnowaga fizyczna:<\/b> <b>Pomimo<\/b> silny efekt m\u00f3zgowy, afga\u0144ski sk\u0142adnik indica zapobiega przyt\u0142aczaj\u0105cej stymulacji. <b>On<\/b> zapewnia <b>Delikatny relaks fizyczny<\/b>, kt\u00f3ry \u0142agodzi napi\u0119cie bez wywo\u0142ywania silnego uspokojenia.<\/li>\n<li><b>Znaczenie kliniczne:<\/b> <b>The<\/b> Po\u0142\u0105czenie <b>Wysoka koncentracja i relaksacja<\/b> produkuje AK-47 do bada\u0144 nad <b>Codzienne leki<\/b> lub do <b>Wsparcie dla \u0142agodnej redukcji stresu<\/b> interesuj\u0105ce. <b>To<\/b> poniewa\u017c minimalizuje ryzyko powa\u017cnego zm\u0119czenia.<\/li>\n<\/ul>\n<p>Z zawarto\u015bci\u0105 THC, kt\u00f3ra jest w <b>\u015bredni do silnego zasi\u0119g<\/b> (13-20 %), AK-47 oferuje <b>Niezawodne i szybkie dzia\u0142anie<\/b>. <b>Te<\/b> D\u0142ugotrwa\u0142a r\u00f3wnowaga mi\u0119dzy efektami g\u0142owy i cia\u0142a jest cech\u0105 charakterystyczn\u0105 stabilnych hybryd z dominacj\u0105 sativy.<\/p>\n<h2><b>Zapewnienie jako\u015bci i zgodno\u015b\u0107 z przepisami<\/b><\/h2>\n<p><b>Do u\u017cytku naukowego<\/b> i <b>Zgodno\u015b\u0107 z przepisami prawa<\/b> rygorystyczne standardy jako\u015bci s\u0105 niezb\u0119dne.<\/p>\n<ul>\n<li><b>Przejrzysto\u015b\u0107 analityczna:<\/b> <b>Analizy laboratoryjne<\/b> (certyfikaty analizy, CoA) s\u0105 obowi\u0105zkowe. <b>Te<\/b> w <b>Testowane warto\u015bci THC<\/b> i brak zanieczyszcze\u0144 (pestycyd\u00f3w, metali ci\u0119\u017ckich). <b>Tak po prostu<\/b> mo\u017cna zagwarantowa\u0107 stabiln\u0105 skuteczno\u015b\u0107.<\/li>\n<li><b>Sytuacja prawna w Niemczech:<\/b> Nale\u017cy jednoznacznie podkre\u015bli\u0107, \u017ce <b>AK-47<\/b> ze wzgl\u0119du na zawarto\u015b\u0107 THC w Niemczech w ramach <b>Ustawa o \u015brodkach odurzaj\u0105cych (BtMG)<\/b> lub <b>Ustawa o konopiach indyjskich dla konsument\u00f3w (KCanG)<\/b> spada. <b>Z tego wynika<\/b>, \u017ce <b>Nabycie, posiadanie lub handel nielegalne<\/b> chyba \u017ce istnieje recepta lekarska lub oficjalne zezwolenie. <b>Dlatego<\/b> te szczeg\u00f3\u0142owe informacje <b>cele czysto naukowe, botaniczne i informacyjne<\/b>. <b>Ty<\/b> zastosowanie <b>ani konsumpcja, ani nielegalne nabycie<\/b>.<\/li>\n<\/ul>","protected":false},"excerpt":{"rendered":"<p data-start=\"3115\" data-end=\"3244\">AK-47 - hybryda z dominacj\u0105 Sativy (13-20 % THC) o s\u0142odkim i ziemistym smaku. Kreatywna, energetyzuj\u0105ca i zr\u00f3wnowa\u017cona na dzie\u0144 i na wiecz\u00f3r.<\/p>","protected":false},"featured_media":7360,"comment_status":"open","ping_status":"closed","template":"","meta":{"_joinchat":[]},"product_brand":[],"product_cat":[62],"product_tag":[],"class_list":{"0":"post-7335","1":"product","2":"type-product","3":"status-publish","4":"has-post-thumbnail","6":"product_cat-marijuana","8":"first","9":"instock","10":"shipping-taxable","11":"purchasable","12":"product-type-variable"},"yoast_head":"<!-- This site is optimized with the Yoast SEO plugin v27.5 - https:\/\/yoast.com\/product\/yoast-seo-wordpress\/ -->\n<title>AK-47 kaufen | 13\u201320% THC Sativa Hybrid<\/title>\n<meta name=\"description\" content=\"AK-47 online kaufen \u2013 Sativa-Hybrid mit 13\u201320 % THC. Klarer Kopf, kreative Energie und ausgewogene Entspannung. Diskret geliefert in Deutschland.\" \/>\n<meta name=\"robots\" content=\"index, follow, max-snippet:-1, max-image-preview:large, max-video-preview:-1\" \/>\n<link rel=\"canonical\" href=\"https:\/\/chemgramx.com\/pl\/produkt-1\/ak-47-odmiana-hybrydowa-z-dominujaca-sativa-13-20thc\/\" \/>\n<meta property=\"og:locale\" content=\"pl_PL\" \/>\n<meta property=\"og:type\" content=\"article\" \/>\n<meta property=\"og:title\" content=\"AK-47 kaufen | 13\u201320% THC Sativa Hybrid\" \/>\n<meta property=\"og:description\" content=\"AK-47 online kaufen \u2013 Sativa-Hybrid mit 13\u201320 % THC. Klarer Kopf, kreative Energie und ausgewogene Entspannung. Diskret geliefert in Deutschland.\" \/>\n<meta property=\"og:url\" content=\"https:\/\/chemgramx.com\/pl\/produkt-1\/ak-47-odmiana-hybrydowa-z-dominujaca-sativa-13-20thc\/\" \/>\n<meta property=\"og:site_name\" content=\"Chemgramx\" \/>\n<meta property=\"article:modified_time\" content=\"2025-11-21T11:17:03+00:00\" \/>\n<meta property=\"og:image\" content=\"https:\/\/chemgramx.com\/wp-content\/uploads\/2025\/11\/ak-47-sativa-dominant-hybrid-strain-13-20-thc.jpg\" \/>\n\t<meta property=\"og:image:width\" content=\"800\" \/>\n\t<meta property=\"og:image:height\" content=\"800\" \/>\n\t<meta property=\"og:image:type\" content=\"image\/jpeg\" \/>\n<meta name=\"twitter:card\" content=\"summary_large_image\" \/>\n<meta name=\"twitter:label1\" content=\"Szacowany czas czytania\" \/>\n\t<meta name=\"twitter:data1\" content=\"3 minuty\" \/>\n<script type=\"application\/ld+json\" class=\"yoast-schema-graph\">{\"@context\":\"https:\\\/\\\/schema.org\",\"@graph\":[{\"@type\":\"WebPage\",\"@id\":\"https:\\\/\\\/chemgramx.com\\\/product\\\/ak-47-sativa-dominant-hybrid-strain-13-20thc\\\/\",\"url\":\"https:\\\/\\\/chemgramx.com\\\/product\\\/ak-47-sativa-dominant-hybrid-strain-13-20thc\\\/\",\"name\":\"AK-47 kaufen | 13\u201320% THC Sativa Hybrid\",\"isPartOf\":{\"@id\":\"https:\\\/\\\/chemgramx.com\\\/#website\"},\"primaryImageOfPage\":{\"@id\":\"https:\\\/\\\/chemgramx.com\\\/product\\\/ak-47-sativa-dominant-hybrid-strain-13-20thc\\\/#primaryimage\"},\"image\":{\"@id\":\"https:\\\/\\\/chemgramx.com\\\/product\\\/ak-47-sativa-dominant-hybrid-strain-13-20thc\\\/#primaryimage\"},\"thumbnailUrl\":\"https:\\\/\\\/chemgramx.com\\\/wp-content\\\/uploads\\\/2025\\\/11\\\/ak-47-sativa-dominant-hybrid-strain-13-20-thc.jpg\",\"datePublished\":\"2025-11-21T11:15:13+00:00\",\"dateModified\":\"2025-11-21T11:17:03+00:00\",\"description\":\"AK-47 online kaufen \u2013 Sativa-Hybrid mit 13\u201320 % THC. Klarer Kopf, kreative Energie und ausgewogene Entspannung. Diskret geliefert in Deutschland.\",\"breadcrumb\":{\"@id\":\"https:\\\/\\\/chemgramx.com\\\/product\\\/ak-47-sativa-dominant-hybrid-strain-13-20thc\\\/#breadcrumb\"},\"inLanguage\":\"pl-PL\",\"potentialAction\":[{\"@type\":\"ReadAction\",\"target\":[\"https:\\\/\\\/chemgramx.com\\\/product\\\/ak-47-sativa-dominant-hybrid-strain-13-20thc\\\/\"]}]},{\"@type\":\"ImageObject\",\"inLanguage\":\"pl-PL\",\"@id\":\"https:\\\/\\\/chemgramx.com\\\/product\\\/ak-47-sativa-dominant-hybrid-strain-13-20thc\\\/#primaryimage\",\"url\":\"https:\\\/\\\/chemgramx.com\\\/wp-content\\\/uploads\\\/2025\\\/11\\\/ak-47-sativa-dominant-hybrid-strain-13-20-thc.jpg\",\"contentUrl\":\"https:\\\/\\\/chemgramx.com\\\/wp-content\\\/uploads\\\/2025\\\/11\\\/ak-47-sativa-dominant-hybrid-strain-13-20-thc.jpg\",\"width\":800,\"height\":800},{\"@type\":\"BreadcrumbList\",\"@id\":\"https:\\\/\\\/chemgramx.com\\\/product\\\/ak-47-sativa-dominant-hybrid-strain-13-20thc\\\/#breadcrumb\",\"itemListElement\":[{\"@type\":\"ListItem\",\"position\":1,\"name\":\"Home\",\"item\":\"https:\\\/\\\/chemgramx.com\\\/\"},{\"@type\":\"ListItem\",\"position\":2,\"name\":\"Shop\",\"item\":\"https:\\\/\\\/chemgramx.com\\\/shop\\\/\"},{\"@type\":\"ListItem\",\"position\":3,\"name\":\"AK-47 Sativa Dominant Hybrid Strain 13% &#8211; 20%THC\"}]},{\"@type\":\"WebSite\",\"@id\":\"https:\\\/\\\/chemgramx.com\\\/#website\",\"url\":\"https:\\\/\\\/chemgramx.com\\\/\",\"name\":\"Chemgramx\",\"description\":\"\",\"publisher\":{\"@id\":\"https:\\\/\\\/chemgramx.com\\\/#organization\"},\"potentialAction\":[{\"@type\":\"SearchAction\",\"target\":{\"@type\":\"EntryPoint\",\"urlTemplate\":\"https:\\\/\\\/chemgramx.com\\\/?s={search_term_string}\"},\"query-input\":{\"@type\":\"PropertyValueSpecification\",\"valueRequired\":true,\"valueName\":\"search_term_string\"}}],\"inLanguage\":\"pl-PL\"},{\"@type\":\"Organization\",\"@id\":\"https:\\\/\\\/chemgramx.com\\\/#organization\",\"name\":\"Chemgramx\",\"url\":\"https:\\\/\\\/chemgramx.com\\\/\",\"logo\":{\"@type\":\"ImageObject\",\"inLanguage\":\"pl-PL\",\"@id\":\"https:\\\/\\\/chemgramx.com\\\/#\\\/schema\\\/logo\\\/image\\\/\",\"url\":\"https:\\\/\\\/chemgramx.com\\\/wp-content\\\/uploads\\\/2024\\\/10\\\/final-logo.png\",\"contentUrl\":\"https:\\\/\\\/chemgramx.com\\\/wp-content\\\/uploads\\\/2024\\\/10\\\/final-logo.png\",\"width\":250,\"height\":48,\"caption\":\"Chemgramx\"},\"image\":{\"@id\":\"https:\\\/\\\/chemgramx.com\\\/#\\\/schema\\\/logo\\\/image\\\/\"}}]}<\/script>\n<!-- \/ Yoast SEO plugin. -->","yoast_head_json":{"title":"Kup hybryd\u0119 AK-47 | 13-20% THC Sativa","description":"Kup AK-47 online - hybryda Sativa z 13-20 % THC. Czysta g\u0142owa, kreatywna energia i zr\u00f3wnowa\u017cony relaks. Dyskretna dostawa na terenie Niemiec.","robots":{"index":"index","follow":"follow","max-snippet":"max-snippet:-1","max-image-preview":"max-image-preview:large","max-video-preview":"max-video-preview:-1"},"canonical":"https:\/\/chemgramx.com\/pl\/produkt-1\/ak-47-odmiana-hybrydowa-z-dominujaca-sativa-13-20thc\/","og_locale":"pl_PL","og_type":"article","og_title":"AK-47 kaufen | 13\u201320% THC Sativa Hybrid","og_description":"AK-47 online kaufen \u2013 Sativa-Hybrid mit 13\u201320 % THC. Klarer Kopf, kreative Energie und ausgewogene Entspannung. Diskret geliefert in Deutschland.","og_url":"https:\/\/chemgramx.com\/pl\/produkt-1\/ak-47-odmiana-hybrydowa-z-dominujaca-sativa-13-20thc\/","og_site_name":"Chemgramx","article_modified_time":"2025-11-21T11:17:03+00:00","og_image":[{"width":800,"height":800,"url":"https:\/\/chemgramx.com\/wp-content\/uploads\/2025\/11\/ak-47-sativa-dominant-hybrid-strain-13-20-thc.jpg","type":"image\/jpeg"}],"twitter_card":"summary_large_image","twitter_misc":{"Szacowany czas czytania":"3 minuty"},"schema":{"@context":"https:\/\/schema.org","@graph":[{"@type":"WebPage","@id":"https:\/\/chemgramx.com\/product\/ak-47-sativa-dominant-hybrid-strain-13-20thc\/","url":"https:\/\/chemgramx.com\/product\/ak-47-sativa-dominant-hybrid-strain-13-20thc\/","name":"Kup hybryd\u0119 AK-47 | 13-20% THC Sativa","isPartOf":{"@id":"https:\/\/chemgramx.com\/#website"},"primaryImageOfPage":{"@id":"https:\/\/chemgramx.com\/product\/ak-47-sativa-dominant-hybrid-strain-13-20thc\/#primaryimage"},"image":{"@id":"https:\/\/chemgramx.com\/product\/ak-47-sativa-dominant-hybrid-strain-13-20thc\/#primaryimage"},"thumbnailUrl":"https:\/\/chemgramx.com\/wp-content\/uploads\/2025\/11\/ak-47-sativa-dominant-hybrid-strain-13-20-thc.jpg","datePublished":"2025-11-21T11:15:13+00:00","dateModified":"2025-11-21T11:17:03+00:00","description":"Kup AK-47 online - hybryda Sativa z 13-20 % THC. Czysta g\u0142owa, kreatywna energia i zr\u00f3wnowa\u017cony relaks. Dyskretna dostawa na terenie Niemiec.","breadcrumb":{"@id":"https:\/\/chemgramx.com\/product\/ak-47-sativa-dominant-hybrid-strain-13-20thc\/#breadcrumb"},"inLanguage":"pl-PL","potentialAction":[{"@type":"ReadAction","target":["https:\/\/chemgramx.com\/product\/ak-47-sativa-dominant-hybrid-strain-13-20thc\/"]}]},{"@type":"ImageObject","inLanguage":"pl-PL","@id":"https:\/\/chemgramx.com\/product\/ak-47-sativa-dominant-hybrid-strain-13-20thc\/#primaryimage","url":"https:\/\/chemgramx.com\/wp-content\/uploads\/2025\/11\/ak-47-sativa-dominant-hybrid-strain-13-20-thc.jpg","contentUrl":"https:\/\/chemgramx.com\/wp-content\/uploads\/2025\/11\/ak-47-sativa-dominant-hybrid-strain-13-20-thc.jpg","width":800,"height":800},{"@type":"BreadcrumbList","@id":"https:\/\/chemgramx.com\/product\/ak-47-sativa-dominant-hybrid-strain-13-20thc\/#breadcrumb","itemListElement":[{"@type":"ListItem","position":1,"name":"Home","item":"https:\/\/chemgramx.com\/"},{"@type":"ListItem","position":2,"name":"Shop","item":"https:\/\/chemgramx.com\/shop\/"},{"@type":"ListItem","position":3,"name":"AK-47 Sativa Dominant Hybrid Strain 13% &#8211; 20%THC"}]},{"@type":"WebSite","@id":"https:\/\/chemgramx.com\/#website","url":"https:\/\/chemgramx.com\/","name":"Chemgramx","description":"","publisher":{"@id":"https:\/\/chemgramx.com\/#organization"},"potentialAction":[{"@type":"SearchAction","target":{"@type":"EntryPoint","urlTemplate":"https:\/\/chemgramx.com\/?s={search_term_string}"},"query-input":{"@type":"PropertyValueSpecification","valueRequired":true,"valueName":"search_term_string"}}],"inLanguage":"pl-PL"},{"@type":"Organization","@id":"https:\/\/chemgramx.com\/#organization","name":"Chemgramx","url":"https:\/\/chemgramx.com\/","logo":{"@type":"ImageObject","inLanguage":"pl-PL","@id":"https:\/\/chemgramx.com\/#\/schema\/logo\/image\/","url":"https:\/\/chemgramx.com\/wp-content\/uploads\/2024\/10\/final-logo.png","contentUrl":"https:\/\/chemgramx.com\/wp-content\/uploads\/2024\/10\/final-logo.png","width":250,"height":48,"caption":"Chemgramx"},"image":{"@id":"https:\/\/chemgramx.com\/#\/schema\/logo\/image\/"}}]}},"_links":{"self":[{"href":"https:\/\/chemgramx.com\/pl\/wp-json\/wp\/v2\/product\/7335","targetHints":{"allow":["GET"]}}],"collection":[{"href":"https:\/\/chemgramx.com\/pl\/wp-json\/wp\/v2\/product"}],"about":[{"href":"https:\/\/chemgramx.com\/pl\/wp-json\/wp\/v2\/types\/product"}],"replies":[{"embeddable":true,"href":"https:\/\/chemgramx.com\/pl\/wp-json\/wp\/v2\/comments?post=7335"}],"wp:featuredmedia":[{"embeddable":true,"href":"https:\/\/chemgramx.com\/pl\/wp-json\/wp\/v2\/media\/7360"}],"wp:attachment":[{"href":"https:\/\/chemgramx.com\/pl\/wp-json\/wp\/v2\/media?parent=7335"}],"wp:term":[{"taxonomy":"product_brand","embeddable":true,"href":"https:\/\/chemgramx.com\/pl\/wp-json\/wp\/v2\/product_brand?post=7335"},{"taxonomy":"product_cat","embeddable":true,"href":"https:\/\/chemgramx.com\/pl\/wp-json\/wp\/v2\/product_cat?post=7335"},{"taxonomy":"product_tag","embeddable":true,"href":"https:\/\/chemgramx.com\/pl\/wp-json\/wp\/v2\/product_tag?post=7335"}],"curies":[{"name":"wp","href":"https:\/\/api.w.org\/{rel}","templated":true}]}}