{"id":7337,"date":"2025-11-21T11:15:13","date_gmt":"2025-11-21T11:15:13","guid":{"rendered":"https:\/\/chemgramx.com\/?post_type=product&#038;p=7337"},"modified":"2025-11-21T11:17:14","modified_gmt":"2025-11-21T11:17:14","slug":"cygara-backwoods","status":"publish","type":"product","link":"https:\/\/chemgramx.com\/pl\/product\/backwoods-cigars\/","title":{"rendered":"Cygara Backwoods"},"content":{"rendered":"<p><b>Cygara Backwoods<\/b> reprezentuj\u0105 okre\u015blon\u0105 kategori\u0119 <b>Cygara z naturalnych li\u015bci<\/b>, kt\u00f3re charakteryzuj\u0105 si\u0119 <b>Rustykalny wygl\u0105d<\/b> i wykorzystanie <b>r\u0119cznie zbierane li\u015bcie tytoniu<\/b> scharakteryzowa\u0107. <b>Te<\/b> Ten rodzaj wyrob\u00f3w tytoniowych jest g\u0142\u0119boko zakorzeniony w ameryka\u0144skiej tradycji. <b>Ty<\/b> w przeciwie\u0144stwie do papieros\u00f3w produkowanych przemys\u0142owo. <b>Jednak\u017ce<\/b> dzieli podstawowe <b>zagro\u017cenia chemiczne i zdrowotne<\/b> wszystkich produkt\u00f3w spalania tytoniu. <b>W konsekwencji<\/b> Obiektywne rozwa\u017cenie tych produkt\u00f3w wymaga analizy metod przetwarzania, dodanych aromat\u00f3w i udokumentowanych zagro\u017ce\u0144 zwi\u0105zanych z konsumpcj\u0105 tytoniu.<\/p>\n<h2><b>Tradycja produkcji i podstawy botaniczne<\/b><\/h2>\n<p>Produkcja cygar Backwoods Cigars opiera si\u0119 na nast\u0119puj\u0105cych zasadach <b>tradycyjna technologia walcowania<\/b>. <b>Tutaj<\/b> wype\u0142nienie tytoniem jest umieszczane w <b>Naturalny li\u015b\u0107<\/b> (ok\u0142adka). <b>To<\/b> nadaje cygaru niepowtarzalny smak, <b>rustykalna tekstura<\/b> i przyczynia si\u0119 do <a href=\"\/product\/1cp-lsd-l-tartrate-kaufen\/\"><b>pe\u0142ny smak<\/b><\/a> z.<\/p>\n<ul>\n<li><b>Li\u015b\u0107 tytoniu:<\/b> <b>The<\/b> Bazuje na sfermentowanym i wysuszonym tytoniu (Nicotiana tabacum). <b>To<\/b> zawiera z natury <b>Nikotyna<\/b>. <b>Nikotyna<\/b> jest g\u0142\u00f3wnym, <b>silnie uzale\u017cniaj\u0105cy alkaloid<\/b>.<\/li>\n<li><b>Naturalne pokrycie li\u015b\u0107mi:<\/b> <b>Natomiast<\/b> do wielu papieros\u00f3w lub cygaretek produkowanych maszynowo, jest to miejsce, w kt\u00f3rym <b>prawdziwy li\u015b\u0107 tytoniu<\/b> u\u017cywany jako zewn\u0119trzna pow\u0142oka. <b>To<\/b> Ok\u0142adka ma wp\u0142yw na <b>W\u0142a\u015bciwo\u015bci spalania<\/b> i <b>Profil dymu<\/b>.<\/li>\n<li><b>Przetwarzanie:<\/b> <b>The<\/b> Tradycyjna fermentacja tytoniu ma na celu zmniejszenie zawarto\u015bci cukru i zminimalizowanie <b>zwi\u0105zki aromatyczne<\/b> rozwija\u0107. <b>To<\/b> proces jest decyduj\u0105cy dla charakterystyki nut <b>Drewno, ziemia i przyprawy<\/b>.<\/li>\n<\/ul>\n<h2><b>Profil smakowy i sk\u0142ad chemiczny dymu<\/b><\/h2>\n<p>Cygara Backwoods s\u0142yn\u0105 ze swoich <b>Intensywny, lekko s\u0142odki smak<\/b> znany. <b>To<\/b> jest wytwarzany przez naturalne sk\u0142adniki tytoniu i potencjalnie dodane aromaty.<\/p>\n<ul>\n<li><b>Sk\u0142adniki smakowe:<\/b> Opisane <a href=\"\/product\/afghani-dara-i-suf-hash-kaufen\/\"><b>S\u0142odkawy smak<\/b><\/a> mo\u017ce pochodzi\u0107 zar\u00f3wno z naturalnie wyst\u0119puj\u0105cych pozosta\u0142o\u015bci cukru w tytoniu, jak i z dodanych <b>Smaki<\/b> kt\u00f3re maj\u0105 sprawi\u0107, \u017ce smak b\u0119dzie \u0142agodniejszy i bardziej atrakcyjny. <b>W tym celu<\/b> cz\u0119sto obejmuj\u0105 <b>Estry, aldehydy i ketony<\/b>.<\/li>\n<li><b>Sk\u0142adniki dymu:<\/b> <b>Niezale\u017cnie od<\/b> Pomimo rustykalnego wygl\u0105du, proces spalania cygara wytwarza z\u0142o\u017cony dym. <b>To<\/b> zawiera ponad <b>4 000 zwi\u0105zk\u00f3w chemicznych<\/b>. <b>W trakcie<\/b> jest ich wiele <b>Toksyczne, mutagenne lub rakotw\u00f3rcze<\/b>. <b>G\u0142\u00f3wne komponenty<\/b> obejmuj\u0105:\n<ul>\n<li><b>Tar:<\/b> <b>Jeden<\/b> Mieszanina cz\u0105stek sta\u0142ych, kt\u00f3re osadzaj\u0105 si\u0119 w p\u0142ucach.<\/li>\n<li><b>Tlenek w\u0119gla (CO):<\/b> <b>A<\/b> toksyczny gaz, kt\u00f3ry zmniejsza zdolno\u015b\u0107 krwi do transportu tlenu.<\/li>\n<li><b>Nitrozoaminy:<\/b> <b>Te<\/b> s\u0105 wysoce rakotw\u00f3rcze i powstaj\u0105 podczas fermentacji i spalania tytoniu.<\/li>\n<\/ul>\n<\/li>\n<\/ul>\n<p><b>Tak wi\u0119c<\/b> pe\u0142ny i harmonijny profil dymu <b>chemicznie przez r\u00f3\u017cne niebezpieczne substancje<\/b> w towarzystwie.<\/p>\n<h2><b>Farmakologia i potencja\u0142 uzale\u017cniaj\u0105cy<\/b><\/h2>\n<p>Konsumpcja wyrob\u00f3w tytoniowych, w tym cygar, jest nap\u0119dzana przez <b>Nikotyna<\/b> nap\u0119dzany.<\/p>\n<ul>\n<li><b>Wp\u0142yw nikotyny:<\/b> <b>Nikotyna<\/b> jest <b>silnie uzale\u017cniaj\u0105ca substancja<\/b>. <b>Ty<\/b> dzia\u0142a jako agonista nikotynowych receptor\u00f3w acetylocholiny w o\u015brodkowym uk\u0142adzie nerwowym. <b>To<\/b> prowadzi do uwolnienia neuroprzeka\u017anik\u00f3w, takich jak <b>Dopamina<\/b>. <b>Dopamina<\/b> jest wa\u017cn\u0105 cz\u0119\u015bci\u0105 <b>System nagr\u00f3d<\/b>. <b>To<\/b> wywo\u0142uje kr\u00f3tkotrwa\u0142e uczucie <b>Dobre samopoczucie i relaks<\/b> kt\u00f3ry promuje zachowania uzale\u017cniaj\u0105ce.<\/li>\n<li><b>Resorpcja:<\/b> <b>Dla cygar<\/b> Wch\u0142anianie nikotyny odbywa si\u0119 g\u0142\u00f3wnie poprzez <b>B\u0142ona \u015bluzowa jamy ustnej<\/b>. <b>To<\/b> Wynika to z faktu, \u017ce dym z cygar jest mniej kwa\u015bny ze wzgl\u0119du na wy\u017csz\u0105 warto\u015b\u0107 pH, a nikotyna wyst\u0119puje w postaci niezjonizowanej. <b>Chocia\u017c<\/b> Dym zwykle nie jest wdychany, ilo\u015b\u0107 nikotyny wch\u0142anianej przez b\u0142on\u0119 \u015bluzow\u0105 jamy ustnej mo\u017ce by\u0107 znaczna i przyczynia\u0107 si\u0119 do utrzymania uzale\u017cnienia.<\/li>\n<\/ul>\n<h2><b>Zagro\u017cenia dla zdrowia i zgodno\u015b\u0107 z przepisami<\/b><\/h2>\n<p><b>Spo\u017cywanie cygar Backwoods lub innych wyrob\u00f3w tytoniowych wi\u0105\u017ce si\u0119 ze znacznym ryzykiem dla zdrowia.<\/b><\/p>\n<ul>\n<li><b>Ryzyko zachorowania na raka:<\/b> <b>The<\/b> Nara\u017cenie na rakotw\u00f3rcze nitrozoaminy i wielopier\u015bcieniowe w\u0119glowodory aromatyczne w dymie cygarowym zwi\u0119ksza ryzyko r\u00f3\u017cnych rodzaj\u00f3w raka. <b>Ponadto<\/b> obejmuj\u0105 raka p\u0142uc, jamy ustnej, krtani, prze\u0142yku i trzustki.<\/li>\n<li><b>Ryzyko sercowo-naczyniowe:<\/b> <b>Nikotyna<\/b> zwi\u0119ksza t\u0119tno i ci\u015bnienie krwi. <b>Ponadto<\/b> Tlenek w\u0119gla mo\u017ce uszkodzi\u0107 t\u0119tnice. <b>To<\/b> zwi\u0119ksza ryzyko chor\u00f3b serca i udar\u00f3w.<\/li>\n<li><b>Zgodno\u015b\u0107 z przepisami:<\/b> <b>Wszystkie<\/b> Wyroby tytoniowe sprzedawane w Niemczech i UE podlegaj\u0105 surowym przepisom. <b>W tym celu<\/b> liczy\u0107 <b>Dyrektywa UE w sprawie wyrob\u00f3w tytoniowych (TPD)<\/b> i <b>Ustawa o wyrobach tytoniowych (TabakerzG)<\/b>. <b>Te<\/b> pisa\u0107 <b>Ostrze\u017cenia<\/b> reguluj\u0105 sprzeda\u017c nieletnim i ustalaj\u0105 limity niekt\u00f3rych emisji. <b>Niezale\u017cnie od<\/b> tradycyjna lub rustykalna prezentacja produktu, maj\u0105 one zastosowanie <b>ustawowe ostrze\u017cenia zdrowotne bez wyj\u0105tku<\/b>.<\/li>\n<\/ul>","protected":false},"excerpt":{"rendered":"<p data-start=\"2458\" data-end=\"2587\">Backwoods Cigars - r\u0119cznie zwijane, pe\u0142ne i rustykalne. Cygara z naturalnych li\u015bci dla intensywnej przyjemno\u015bci palenia i relaksuj\u0105cych chwil.<\/p>","protected":false},"featured_media":7374,"comment_status":"open","ping_status":"closed","template":"","meta":{"_joinchat":[]},"product_brand":[],"product_cat":[62],"product_tag":[],"class_list":{"0":"post-7337","1":"product","2":"type-product","3":"status-publish","4":"has-post-thumbnail","6":"product_cat-marijuana","8":"first","9":"instock","10":"shipping-taxable","11":"purchasable","12":"product-type-variable"},"yoast_head":"<!-- This site is optimized with the Yoast SEO plugin v27.5 - https:\/\/yoast.com\/product\/yoast-seo-wordpress\/ -->\n<title>Backwoods Cigars online kaufen | Rustikal &amp; vollmundig<\/title>\n<meta name=\"description\" content=\"Backwoods Cigars kaufen \u2013 handgerollt, naturbelassen und vollmundig. Genie\u00dfen Sie rustikalen Rauchgenuss bequem online.\" \/>\n<meta name=\"robots\" content=\"index, follow, max-snippet:-1, max-image-preview:large, max-video-preview:-1\" \/>\n<link rel=\"canonical\" href=\"https:\/\/chemgramx.com\/pl\/produkt-1\/cygara-backwoods\/\" \/>\n<meta property=\"og:locale\" content=\"pl_PL\" \/>\n<meta property=\"og:type\" content=\"article\" \/>\n<meta property=\"og:title\" content=\"Backwoods Cigars online kaufen | Rustikal &amp; vollmundig\" \/>\n<meta property=\"og:description\" content=\"Backwoods Cigars kaufen \u2013 handgerollt, naturbelassen und vollmundig. Genie\u00dfen Sie rustikalen Rauchgenuss bequem online.\" \/>\n<meta property=\"og:url\" content=\"https:\/\/chemgramx.com\/pl\/produkt-1\/cygara-backwoods\/\" \/>\n<meta property=\"og:site_name\" content=\"Chemgramx\" \/>\n<meta property=\"article:modified_time\" content=\"2025-11-21T11:17:14+00:00\" \/>\n<meta property=\"og:image\" content=\"https:\/\/chemgramx.com\/wp-content\/uploads\/2025\/11\/backwoods-cigars.jpeg\" \/>\n\t<meta property=\"og:image:width\" content=\"1080\" \/>\n\t<meta property=\"og:image:height\" content=\"1080\" \/>\n\t<meta property=\"og:image:type\" content=\"image\/jpeg\" \/>\n<meta name=\"twitter:card\" content=\"summary_large_image\" \/>\n<meta name=\"twitter:label1\" content=\"Szacowany czas czytania\" \/>\n\t<meta name=\"twitter:data1\" content=\"3 minuty\" \/>\n<script type=\"application\/ld+json\" class=\"yoast-schema-graph\">{\"@context\":\"https:\\\/\\\/schema.org\",\"@graph\":[{\"@type\":\"WebPage\",\"@id\":\"https:\\\/\\\/chemgramx.com\\\/product\\\/backwoods-cigars\\\/\",\"url\":\"https:\\\/\\\/chemgramx.com\\\/product\\\/backwoods-cigars\\\/\",\"name\":\"Backwoods Cigars online kaufen | Rustikal &amp; vollmundig\",\"isPartOf\":{\"@id\":\"https:\\\/\\\/chemgramx.com\\\/#website\"},\"primaryImageOfPage\":{\"@id\":\"https:\\\/\\\/chemgramx.com\\\/product\\\/backwoods-cigars\\\/#primaryimage\"},\"image\":{\"@id\":\"https:\\\/\\\/chemgramx.com\\\/product\\\/backwoods-cigars\\\/#primaryimage\"},\"thumbnailUrl\":\"https:\\\/\\\/chemgramx.com\\\/wp-content\\\/uploads\\\/2025\\\/11\\\/backwoods-cigars.jpeg\",\"datePublished\":\"2025-11-21T11:15:13+00:00\",\"dateModified\":\"2025-11-21T11:17:14+00:00\",\"description\":\"Backwoods Cigars kaufen \u2013 handgerollt, naturbelassen und vollmundig. Genie\u00dfen Sie rustikalen Rauchgenuss bequem online.\",\"breadcrumb\":{\"@id\":\"https:\\\/\\\/chemgramx.com\\\/product\\\/backwoods-cigars\\\/#breadcrumb\"},\"inLanguage\":\"pl-PL\",\"potentialAction\":[{\"@type\":\"ReadAction\",\"target\":[\"https:\\\/\\\/chemgramx.com\\\/product\\\/backwoods-cigars\\\/\"]}]},{\"@type\":\"ImageObject\",\"inLanguage\":\"pl-PL\",\"@id\":\"https:\\\/\\\/chemgramx.com\\\/product\\\/backwoods-cigars\\\/#primaryimage\",\"url\":\"https:\\\/\\\/chemgramx.com\\\/wp-content\\\/uploads\\\/2025\\\/11\\\/backwoods-cigars.jpeg\",\"contentUrl\":\"https:\\\/\\\/chemgramx.com\\\/wp-content\\\/uploads\\\/2025\\\/11\\\/backwoods-cigars.jpeg\",\"width\":1080,\"height\":1080},{\"@type\":\"BreadcrumbList\",\"@id\":\"https:\\\/\\\/chemgramx.com\\\/product\\\/backwoods-cigars\\\/#breadcrumb\",\"itemListElement\":[{\"@type\":\"ListItem\",\"position\":1,\"name\":\"Home\",\"item\":\"https:\\\/\\\/chemgramx.com\\\/\"},{\"@type\":\"ListItem\",\"position\":2,\"name\":\"Shop\",\"item\":\"https:\\\/\\\/chemgramx.com\\\/shop\\\/\"},{\"@type\":\"ListItem\",\"position\":3,\"name\":\"Backwoods Cigars\"}]},{\"@type\":\"WebSite\",\"@id\":\"https:\\\/\\\/chemgramx.com\\\/#website\",\"url\":\"https:\\\/\\\/chemgramx.com\\\/\",\"name\":\"Chemgramx\",\"description\":\"\",\"publisher\":{\"@id\":\"https:\\\/\\\/chemgramx.com\\\/#organization\"},\"potentialAction\":[{\"@type\":\"SearchAction\",\"target\":{\"@type\":\"EntryPoint\",\"urlTemplate\":\"https:\\\/\\\/chemgramx.com\\\/?s={search_term_string}\"},\"query-input\":{\"@type\":\"PropertyValueSpecification\",\"valueRequired\":true,\"valueName\":\"search_term_string\"}}],\"inLanguage\":\"pl-PL\"},{\"@type\":\"Organization\",\"@id\":\"https:\\\/\\\/chemgramx.com\\\/#organization\",\"name\":\"Chemgramx\",\"url\":\"https:\\\/\\\/chemgramx.com\\\/\",\"logo\":{\"@type\":\"ImageObject\",\"inLanguage\":\"pl-PL\",\"@id\":\"https:\\\/\\\/chemgramx.com\\\/#\\\/schema\\\/logo\\\/image\\\/\",\"url\":\"https:\\\/\\\/chemgramx.com\\\/wp-content\\\/uploads\\\/2024\\\/10\\\/final-logo.png\",\"contentUrl\":\"https:\\\/\\\/chemgramx.com\\\/wp-content\\\/uploads\\\/2024\\\/10\\\/final-logo.png\",\"width\":250,\"height\":48,\"caption\":\"Chemgramx\"},\"image\":{\"@id\":\"https:\\\/\\\/chemgramx.com\\\/#\\\/schema\\\/logo\\\/image\\\/\"}}]}<\/script>\n<!-- \/ Yoast SEO plugin. -->","yoast_head_json":{"title":"Kup online cygara Backwoods | Rustykalne i pe\u0142ne smaku","description":"Kup cygara Backwoods - r\u0119cznie zwijane, naturalne i pe\u0142ne smaku. Ciesz si\u0119 rustykaln\u0105 przyjemno\u015bci\u0105 palenia wygodnie online.","robots":{"index":"index","follow":"follow","max-snippet":"max-snippet:-1","max-image-preview":"max-image-preview:large","max-video-preview":"max-video-preview:-1"},"canonical":"https:\/\/chemgramx.com\/pl\/produkt-1\/cygara-backwoods\/","og_locale":"pl_PL","og_type":"article","og_title":"Backwoods Cigars online kaufen | Rustikal &amp; vollmundig","og_description":"Backwoods Cigars kaufen \u2013 handgerollt, naturbelassen und vollmundig. Genie\u00dfen Sie rustikalen Rauchgenuss bequem online.","og_url":"https:\/\/chemgramx.com\/pl\/produkt-1\/cygara-backwoods\/","og_site_name":"Chemgramx","article_modified_time":"2025-11-21T11:17:14+00:00","og_image":[{"width":1080,"height":1080,"url":"https:\/\/chemgramx.com\/wp-content\/uploads\/2025\/11\/backwoods-cigars.jpeg","type":"image\/jpeg"}],"twitter_card":"summary_large_image","twitter_misc":{"Szacowany czas czytania":"3 minuty"},"schema":{"@context":"https:\/\/schema.org","@graph":[{"@type":"WebPage","@id":"https:\/\/chemgramx.com\/product\/backwoods-cigars\/","url":"https:\/\/chemgramx.com\/product\/backwoods-cigars\/","name":"Kup online cygara Backwoods | Rustykalne i pe\u0142ne smaku","isPartOf":{"@id":"https:\/\/chemgramx.com\/#website"},"primaryImageOfPage":{"@id":"https:\/\/chemgramx.com\/product\/backwoods-cigars\/#primaryimage"},"image":{"@id":"https:\/\/chemgramx.com\/product\/backwoods-cigars\/#primaryimage"},"thumbnailUrl":"https:\/\/chemgramx.com\/wp-content\/uploads\/2025\/11\/backwoods-cigars.jpeg","datePublished":"2025-11-21T11:15:13+00:00","dateModified":"2025-11-21T11:17:14+00:00","description":"Kup cygara Backwoods - r\u0119cznie zwijane, naturalne i pe\u0142ne smaku. Ciesz si\u0119 rustykaln\u0105 przyjemno\u015bci\u0105 palenia wygodnie online.","breadcrumb":{"@id":"https:\/\/chemgramx.com\/product\/backwoods-cigars\/#breadcrumb"},"inLanguage":"pl-PL","potentialAction":[{"@type":"ReadAction","target":["https:\/\/chemgramx.com\/product\/backwoods-cigars\/"]}]},{"@type":"ImageObject","inLanguage":"pl-PL","@id":"https:\/\/chemgramx.com\/product\/backwoods-cigars\/#primaryimage","url":"https:\/\/chemgramx.com\/wp-content\/uploads\/2025\/11\/backwoods-cigars.jpeg","contentUrl":"https:\/\/chemgramx.com\/wp-content\/uploads\/2025\/11\/backwoods-cigars.jpeg","width":1080,"height":1080},{"@type":"BreadcrumbList","@id":"https:\/\/chemgramx.com\/product\/backwoods-cigars\/#breadcrumb","itemListElement":[{"@type":"ListItem","position":1,"name":"Home","item":"https:\/\/chemgramx.com\/"},{"@type":"ListItem","position":2,"name":"Shop","item":"https:\/\/chemgramx.com\/shop\/"},{"@type":"ListItem","position":3,"name":"Backwoods Cigars"}]},{"@type":"WebSite","@id":"https:\/\/chemgramx.com\/#website","url":"https:\/\/chemgramx.com\/","name":"Chemgramx","description":"","publisher":{"@id":"https:\/\/chemgramx.com\/#organization"},"potentialAction":[{"@type":"SearchAction","target":{"@type":"EntryPoint","urlTemplate":"https:\/\/chemgramx.com\/?s={search_term_string}"},"query-input":{"@type":"PropertyValueSpecification","valueRequired":true,"valueName":"search_term_string"}}],"inLanguage":"pl-PL"},{"@type":"Organization","@id":"https:\/\/chemgramx.com\/#organization","name":"Chemgramx","url":"https:\/\/chemgramx.com\/","logo":{"@type":"ImageObject","inLanguage":"pl-PL","@id":"https:\/\/chemgramx.com\/#\/schema\/logo\/image\/","url":"https:\/\/chemgramx.com\/wp-content\/uploads\/2024\/10\/final-logo.png","contentUrl":"https:\/\/chemgramx.com\/wp-content\/uploads\/2024\/10\/final-logo.png","width":250,"height":48,"caption":"Chemgramx"},"image":{"@id":"https:\/\/chemgramx.com\/#\/schema\/logo\/image\/"}}]}},"_links":{"self":[{"href":"https:\/\/chemgramx.com\/pl\/wp-json\/wp\/v2\/product\/7337","targetHints":{"allow":["GET"]}}],"collection":[{"href":"https:\/\/chemgramx.com\/pl\/wp-json\/wp\/v2\/product"}],"about":[{"href":"https:\/\/chemgramx.com\/pl\/wp-json\/wp\/v2\/types\/product"}],"replies":[{"embeddable":true,"href":"https:\/\/chemgramx.com\/pl\/wp-json\/wp\/v2\/comments?post=7337"}],"wp:featuredmedia":[{"embeddable":true,"href":"https:\/\/chemgramx.com\/pl\/wp-json\/wp\/v2\/media\/7374"}],"wp:attachment":[{"href":"https:\/\/chemgramx.com\/pl\/wp-json\/wp\/v2\/media?parent=7337"}],"wp:term":[{"taxonomy":"product_brand","embeddable":true,"href":"https:\/\/chemgramx.com\/pl\/wp-json\/wp\/v2\/product_brand?post=7337"},{"taxonomy":"product_cat","embeddable":true,"href":"https:\/\/chemgramx.com\/pl\/wp-json\/wp\/v2\/product_cat?post=7337"},{"taxonomy":"product_tag","embeddable":true,"href":"https:\/\/chemgramx.com\/pl\/wp-json\/wp\/v2\/product_tag?post=7337"}],"curies":[{"name":"wp","href":"https:\/\/api.w.org\/{rel}","templated":true}]}}