{"id":7338,"date":"2025-11-21T11:15:14","date_gmt":"2025-11-21T11:15:14","guid":{"rendered":"https:\/\/chemgramx.com\/?post_type=product&#038;p=7338"},"modified":"2025-12-10T07:05:58","modified_gmt":"2025-12-10T07:05:58","slug":"blue-cheese-indica-dominujaca-hybryda-20-thc","status":"publish","type":"product","link":"https:\/\/chemgramx.com\/pl\/product\/blue-cheese-indica-dominant-hybrid-20-thc\/","title":{"rendered":"Blue Cheese \u2013 g\u0142\u0119bokie odpr\u0119\u017cenie (na sprzeda\u017c | wysokiej jako\u015bci)"},"content":{"rendered":"<p>R\u00f3\u017cnorodno\u015b\u0107 <b>Niebieski ser<\/b> jest uwa\u017cany za wybitnego <b>Hybryda z dominacj\u0105 Indica<\/b> i znajduje si\u0119 w nowoczesnej <b>Badania nad konopiami indyjskimi<\/b> i kulturze ze wzgl\u0119du na wyj\u0105tkowe po\u0142\u0105czenie aromat\u00f3w i g\u0142\u0119boko relaksuj\u0105ce dzia\u0142anie. W rzeczywisto\u015bci stanowi ona fascynuj\u0105cy przedmiot bada\u0144 naukowych nad z\u0142o\u017conymi profilami kannabinoid\u00f3w i terpen\u00f3w. Przy \u015bredniej <b>Zawarto\u015b\u0107 THC oko\u0142o 20 %<\/b> oferuje pot\u0119\u017cn\u0105, ale harmonijnie zr\u00f3wnowa\u017con\u0105 moc. Skutkuje to <b>g\u0142\u0119boki relaks fizyczny<\/b> z jednoczesnym <b>\u0142agodna euforia i r\u00f3wnowaga psychiczna<\/b>.<\/p>\n<p>Dla naukowc\u00f3w i analityk\u00f3w, kt\u00f3rzy potrzebuj\u0105 produktu o najwy\u017cszej czysto\u015bci i udokumentowanej jako\u015bci, <b>Blue Cheese na sprzeda\u017c<\/b> jak <b>Jako\u015b\u0107 bada\u0144 naukowych na sprzeda\u017c<\/b> dost\u0119pne. Ponadto jest to doskona\u0142y materia\u0142 do kompleksowych bada\u0144 nad interakcj\u0105 genetyki Indica i Skunk oraz ich wp\u0142ywem na profil terpenowy, mechanizmy dzia\u0142ania i w\u0142a\u015bciwo\u015bci farmakologiczne. Dzi\u0119ki temu mo\u017cna <b>wysokiej jako\u015bci ser ple\u015bniowy<\/b> w Chemgramx dla swoich wymagaj\u0105cych projekt\u00f3w.<\/p>\n<h2>Pochodzenie genetyczne: UK Cheese \u00d7 Blueberry<\/h2>\n<p>Genetyczna podstawa Blue Cheese jest doskona\u0142ym przyk\u0142adem ukierunkowanej hybrydyzacji. \u0141\u0105czy w sobie <b>Kontrastuj\u0105ce, ale uzupe\u0142niaj\u0105ce si\u0119 profile smakowe<\/b> stabiln\u0105 i odporn\u0105 ro\u015blin\u0119. Tworzy to wyj\u0105tkowe po\u0142\u0105czenie w\u0142a\u015bciwo\u015bci sensorycznych i farmakologicznych, kt\u00f3re sprawiaj\u0105, \u017ce odmiana ta jest po\u017c\u0105danym obiektem bada\u0144. Ponadto pochodzenie to stanowi doskona\u0142\u0105 podstaw\u0119 do badania stabilno\u015bci genetycznej hybryd konopi indyjskich.<\/p>\n<h3>UK Cheese (pochodna Skunk)<\/h3>\n<p>Ta kultowa brytyjska odmiana, b\u0119d\u0105ca fenotypem <i>Skunk #1<\/i>, przynosi charakterystyk\u0119 <b>pikantne i serowe nuty<\/b> w. Jest znana z <b>Podnosz\u0105cy na duchu i lekko euforyczny efekt<\/b>, kt\u00f3re jednak zawsze s\u0105 <b>g\u0142\u0119boki relaks fizyczny<\/b> . W zwi\u0105zku z tym UK Cheese ma znacz\u0105cy wp\u0142yw na z\u0142o\u017cone dzia\u0142anie Blue Cheese. Ponadto stanowi podstaw\u0119 charakterystycznego aromatu, kt\u00f3ry wielu u\u017cytkownik\u00f3w tak ceni.<\/p>\n<h3>Blueberry (dominacja Indica)<\/h3>\n<p>Klasyk od <i>DJ Short<\/i> niesie <b>Ciemny owocowy, s\u0142odki smak jag\u00f3d<\/b> z. Ich genetyka zapewnia <b>zwarte kwiaty, silna produkcja \u017cywicy<\/b> oraz <b>Silne dzia\u0142anie rozlu\u017aniaj\u0105ce mi\u0119\u015bnie i uspokajaj\u0105ce<\/b>. Blueberry doskonale uzupe\u0142nia ostrzejsze nuty UK Cheese i dope\u0142nia og\u00f3lny profil. Nadaje r\u00f3wnie\u017c hybrydzie wyra\u017an\u0105 dominacj\u0119 Indica, kt\u00f3ra odpowiada za g\u0142\u0119bokie efekty fizyczne.<\/p>\n<p>Rezultatem tego skrzy\u017cowania jest stabilny <b>Hybryda z dominacj\u0105 Indica (\u2248 80 % Indica \/ 20 % Sativa)<\/b>. Ro\u015blina tworzy <b>g\u0119ste, bogate w \u017cywic\u0119 kwiaty<\/b> z charakterystycznym profilem zapachowym i jest stosowany w badaniach farmakologicznych, szczeg\u00f3lnie ze wzgl\u0119du na jego <b>Zr\u00f3wnowa\u017cony, podw\u00f3jny efekt<\/b> (relaksacja bez natychmiastowego znieczulenia). Dzi\u0119ki temu <b>autentyczny ser ple\u015bniowy<\/b> produkt spe\u0142niaj\u0105cy najwy\u017csze standardy zar\u00f3wno pod wzgl\u0119dem genetyki, jak i efekt\u00f3w. Ponadto podkre\u015bla to jego przydatno\u015b\u0107 jako <b>Jako\u015b\u0107 laboratoryjna na sprzeda\u017c<\/b>.<\/p>\n<h2>Terpeny i profil smakowy: biochemia kontrastu<\/h2>\n<p>Profil sensoryczny sera ple\u015bniowego jest jednym z najbardziej z\u0142o\u017conych w swoim rodzaju. \u0141\u0105czy w sobie <b>ser dojrzewaj\u0105cy<\/b> z <b>s\u0142odkie nuty jagodowe<\/b> do do\u015bwiadczenia zapachowego, kt\u00f3re jest wyj\u0105tkowe zar\u00f3wno pod wzgl\u0119dem chemicznym, jak i kulturowym. Sk\u0142ad biochemiczny tego profilu jest przedmiotem intensywnych bada\u0144, poniewa\u017c ma on decyduj\u0105cy wp\u0142yw na og\u00f3lny efekt. Dlatego te\u017c jest on przedmiotem najwi\u0119kszego zainteresowania naukowc\u00f3w badaj\u0105cych profile terpen\u00f3w i aromat\u00f3w w konopiach indyjskich.<\/p>\n<h3>Charakterystyczne sk\u0142adniki aromatu<\/h3>\n<p>The <b>Smak sera<\/b> jest ustawiony na <b>lotne zwi\u0105zki siarki (VSC)<\/b> i niekt\u00f3re <b>Estry i kwasy t\u0142uszczowe<\/b> zw\u0142aszcza estry kwasu mas\u0142owego, kt\u00f3re nadaj\u0105 jej charakterystyczny, ostry i pikantny zapach. Jest to cecha szczeg\u00f3lna, kt\u00f3ra odr\u00f3\u017cnia Blue Cheese od wielu innych odmian. Dodatkowo limonen i pinen nadaj\u0105 jej owocowo-\u015bwie\u017ce nuty genetyki Blueberry, dzi\u0119ki czemu cierpki smak sera zostaje elegancko z\u0142agodzony.<\/p>\n<h3>Dominuj\u0105cy duet terpen\u00f3w: mircen i kariofilen<\/h3>\n<p>The <b>Duet terpenowy mircen i kariofilen<\/b> stanowi aromatyczn\u0105 podstaw\u0119 i ma decyduj\u0105ce znaczenie dla ca\u0142o\u015bciowego doznania. <b>Mircen<\/b> zapewnia ziemiste, pi\u017cmowe nuty i jest po\u0142\u0105czony z <b>dzia\u0142anie uspokajaj\u0105ce<\/b> (efekt otoczenia). Ponadto jest to jeden z najcz\u0119\u015bciej wyst\u0119puj\u0105cych terpen\u00f3w w odmianach konopi indyjskich. <b>Kariofilen<\/b> nadaje pieprzny smak i ma interesuj\u0105ce dzia\u0142anie farmakologiczne, poniewa\u017c <b>bezpo\u015brednio do receptor\u00f3w CB\u2082<\/b> uk\u0142adu endokannabinoidowego. Przyczynia si\u0119 to na przyk\u0142ad do potencjalnego dzia\u0142ania przeciwzapalnego. Je\u015bli <b>Zam\u00f3w Blue Cheese online<\/b>, otrzymuj\u0105 Pa\u0144stwo produkt o tak r\u00f3\u017cnorodnym profilu terpenowym.<\/p>\n<p>W ko\u0144cu limonen i pinen w po\u0142\u0105czeniu z innymi sk\u0142adnikami tworz\u0105 <b>Okr\u0105g\u0142y, aromatycznie z\u0142o\u017cony profil smakowy<\/b>. Dzi\u0119ki temu powstaje wyj\u0105tkowe doznanie sensoryczne, kt\u00f3re wielu u\u017cytkownik\u00f3w postrzega jako niezwykle przyjemne. Dla tych, kt\u00f3rzy <b>najlepszy dost\u0119pny ser ple\u015bniowy<\/b> , ten profil terpenowy stanowi wyra\u017an\u0105 warto\u015b\u0107 dodan\u0105 dla analiz sensorycznych.<\/p>\n<h2>Dzia\u0142anie farmakologiczne i profil wskaza\u0144<\/h2>\n<p>Z <b>Zawarto\u015b\u0107 THC oko\u0142o 20 %<\/b> Ser ple\u015bniowy jest jednym z <b>silne hybrydy<\/b> z <b>d\u0142ugotrwa\u0142y, g\u0142\u0119boko relaksuj\u0105cy<\/b> a jednak <b>Wyra\u017any efekt mentalny<\/b>. Ta wyj\u0105tkowa r\u00f3wnowaga sprawia, \u017ce jest to cenny obiekt bada\u0144 nad efektem entourage. W zwi\u0105zku z tym odmiana ta idealnie nadaje si\u0119 do badania synergii kannabinoid\u00f3w i terpen\u00f3w. W rzeczywisto\u015bci efekt ten jest z\u0142o\u017con\u0105 synergi\u0105 <b>Kannabinoidy i terpeny<\/b>.<\/p>\n<h3>Efekty fizyczne (sk\u0142adnik Indica)<\/h3>\n<p>Blue Cheese zapewnia g\u0142\u0119bokie rozlu\u017anienie mi\u0119\u015bni, z\u0142agodzenie napi\u0119cia i kompleksow\u0105 redukcj\u0119 stresu. Myrcen ma decyduj\u0105cy wp\u0142yw na <b>dzia\u0142anie uspokajaj\u0105ce<\/b> poprzez synergiczne oddzia\u0142ywanie z THC. Ponadto wyra\u017ana dominacja Indica mo\u017ce by\u0107 bardzo przydatna w analizie \u0142agodzenia b\u00f3lu i dzia\u0142ania rozlu\u017aniaj\u0105cego mi\u0119\u015bnie. W zwi\u0105zku z tym jest to doskona\u0142y wz\u00f3r do bada\u0144 farmakologicznych.<\/p>\n<h3>Efekty psychiczne (sk\u0142adnik Sativa)<\/h3>\n<p>Chocia\u017c Blue Cheese jest odmian\u0105 z przewag\u0105 Indica, zapewnia lekk\u0105 eufori\u0119, spok\u00f3j umys\u0142u i popraw\u0119 nastroju \u2013 bez typowego dla niekt\u00f3rych odmian Indica uczucia ci\u0119\u017cko\u015bci umys\u0142owej. Wynika to z zawarto\u015bci gen\u00f3w Sativa w jej genetyce. Dlatego jest ceniona przez naukowc\u00f3w poszukuj\u0105cych zwi\u0105zk\u00f3w, kt\u00f3re mog\u0105 dzia\u0142a\u0107 zar\u00f3wno relaksuj\u0105co, jak i pobudzaj\u0105co na umys\u0142. <b>Najwy\u017cszej jako\u015bci ser ple\u015bniowy<\/b>, kt\u00f3re Pa\u0144stwo <b>Kup w Chemgramx<\/b> umo\u017cliwia precyzyjne badania tych podw\u00f3jnych efekt\u00f3w.<\/p>\n<p>Ze wzgl\u0119du na te w\u0142a\u015bciwo\u015bci, ser ple\u015bniowy jest stosowany w <b>badania medyczne<\/b> szczeg\u00f3lnie dla <b>Zabiegi wieczorne i nasenne<\/b> zbadano. Obejmuje to badania dotycz\u0105ce <b>\u0142agodne zaburzenia snu<\/b>, <b>Objawy stresu<\/b> oraz <b>Przewlek\u0142e napi\u0119cie<\/b>. W zwi\u0105zku z tym r\u00f3\u017cnorodne mechanizmy dzia\u0142ania Blue Cheese oferuj\u0105 wiele punkt\u00f3w wyj\u015bcia dla dalszych projekt\u00f3w naukowych. Jest to zatem idealny surowiec do specjalistycznych bada\u0144 nad medycznym zastosowaniem konopi indyjskich.<\/p>\n<h2>Normy jako\u015bci i informacje prawne<\/h2>\n<p>Wysoka moc 20 % THC wymaga <b>\u015acis\u0142a kontrola jako\u015bci<\/b> oraz <b>Pe\u0142na zgodno\u015b\u0107 z przepisami<\/b>, zw\u0142aszcza w niemieckim obszarze prawnym. Zapewnia to nie tylko bezpiecze\u0144stwo, ale tak\u017ce wiarygodno\u015b\u0107 wynik\u00f3w bada\u0144. Dlatego przestrzeganie tych standard\u00f3w jest niezb\u0119dne we wszystkich obszarach zastosowa\u0144, zw\u0142aszcza je\u015bli <b>Blue Cheese na sprzeda\u017c<\/b> chc\u0105 naby\u0107.<\/p>\n<h3>Zapewnienie jako\u015bci do cel\u00f3w badawczych<\/h3>\n<p>Dla <b>Cele naukowe i medyczne<\/b> s\u0105 <b>Analizy laboratoryjne (certyfikaty CoA)<\/b> obowi\u0105zkowe. Musz\u0105 one spe\u0142nia\u0107 <b>deklarowana zawarto\u015b\u0107 THC<\/b> i <b>Brak zanieczyszcze\u0144<\/b> (np. pestycydy, ple\u015b\u0144, metale ci\u0119\u017ckie). Dzi\u0119ki temu zapewniona jest integralno\u015b\u0107 materia\u0142\u00f3w badawczych. Wi\u0119cej informacji na temat naszych kontroli jako\u015bci mo\u017cna znale\u017a\u0107 na przyk\u0142ad w naszych produktach, takich jak <a href=\"https:\/\/chemgramx.com\/product\/valoron-liquid-e-liquid-online-bestellung\/\">Valoron Liquid e-liquid<\/a> lub <a href=\"https:\/\/chemgramx.com\/product\/md-pihp-online-kaufen\/\">MD-PHP Online<\/a>, kt\u00f3re r\u00f3wnie\u017c podlegaj\u0105 surowym normom. W zwi\u0105zku z tym zawsze oferujemy <b>Wysoka czysto\u015b\u0107 na sprzeda\u017c<\/b> do.<\/p>\n<h3>Produkcja zgodnie z normami GMP<\/h3>\n<p>Produkcja i przetwarzanie do cel\u00f3w badawczych musz\u0105 by\u0107 <b>Standardy GMP (Dobra Praktyka Wytwarzania)<\/b> w celu zapewnienia czysto\u015bci i sp\u00f3jno\u015bci. Jest to podstawowy warunek uzyskania powtarzalnych i wiarygodnych wynik\u00f3w bada\u0144. W zwi\u0105zku z tym gwarantujemy, \u017ce <b>Niebieski ser<\/b>, kt\u00f3ry kupujesz u nas, spe\u0142nia najwy\u017csze standardy laboratoryjne i dlatego mo\u017ce by\u0107 oznaczony jako <b>Jako\u015b\u0107 laboratoryjna na sprzeda\u017c<\/b> zas\u0142uguje.<\/p>\n<h3>Ramy prawne w Niemczech<\/h3>\n<p>Wed\u0142ug <b>Ustawa o \u015brodkach odurzaj\u0105cych (BtMG)<\/b> oraz <b>Ustawa o konopiach indyjskich dla konsument\u00f3w (KCanG)<\/b> podlega marihuanie o zawarto\u015bci 20 % THC w Niemczech <b>Surowe ograniczenia prawne<\/b>. Zakup, posiadanie lub handel bez recepty lekarskiej lub zezwolenia urz\u0119dowego jest <b>nielegalny<\/b>. Ponadto taka sytuacja prawna gwarantuje kontrol\u0119 w zakresie post\u0119powania z takimi substancjami. Informacje te s\u0142u\u017c\u0105 jednak <b>wy\u0142\u0105cznie do cel\u00f3w naukowych, botanicznych i informacyjnych<\/b>. Stanowi\u0105 one <b>brak nak\u0142aniania do konsumpcji lub zakupu<\/b> . Nale\u017cy przestrzega\u0107 wszystkich obowi\u0105zuj\u0105cych przepis\u00f3w prawnych. <b>wi\u0105\u017c\u0105cy<\/b>. A <b>bezpieczny zakup<\/b> w ramach przepis\u00f3w prawnych jest naszym priorytetem.<\/p>","protected":false},"excerpt":{"rendered":"<p data-start=\"2801\" data-end=\"2933\">Blue Cheese - hybryda z dominacj\u0105 Indica i 20 % THC. Pikantno-kremowy smak, relaksuj\u0105cy efekt i najwy\u017csza jako\u015b\u0107 dla koneser\u00f3w.<\/p>","protected":false},"featured_media":7375,"comment_status":"open","ping_status":"closed","template":"","meta":{"_joinchat":[]},"product_brand":[],"product_cat":[62],"product_tag":[],"class_list":{"0":"post-7338","1":"product","2":"type-product","3":"status-publish","4":"has-post-thumbnail","6":"product_cat-marijuana","8":"first","9":"instock","10":"shipping-taxable","11":"purchasable","12":"product-type-variable"},"yoast_head":"<!-- This site is optimized with the Yoast SEO plugin v27.5 - https:\/\/yoast.com\/product\/yoast-seo-wordpress\/ -->\n<title>Blue Cheese kaufen | 20% THC Indica Hybrid<\/title>\n<meta name=\"description\" content=\"Blue Cheese online kaufen \u2013 20 % THC, w\u00fcrzig-cremiges Aroma, entspannende Wirkung. Premium-Indica mit diskretem Versand in Deutschland &amp; EU.\" \/>\n<meta name=\"robots\" content=\"index, follow, max-snippet:-1, max-image-preview:large, max-video-preview:-1\" \/>\n<link rel=\"canonical\" href=\"https:\/\/chemgramx.com\/pl\/produkt-1\/blue-cheese-indica-dominujaca-hybryda-20-thc\/\" \/>\n<meta property=\"og:locale\" content=\"pl_PL\" \/>\n<meta property=\"og:type\" content=\"article\" \/>\n<meta property=\"og:title\" content=\"Blue Cheese kaufen | 20% THC Indica Hybrid\" \/>\n<meta property=\"og:description\" content=\"Blue Cheese online kaufen \u2013 20 % THC, w\u00fcrzig-cremiges Aroma, entspannende Wirkung. Premium-Indica mit diskretem Versand in Deutschland &amp; EU.\" \/>\n<meta property=\"og:url\" content=\"https:\/\/chemgramx.com\/pl\/produkt-1\/blue-cheese-indica-dominujaca-hybryda-20-thc\/\" \/>\n<meta property=\"og:site_name\" content=\"Chemgramx\" \/>\n<meta property=\"article:modified_time\" content=\"2025-12-10T07:05:58+00:00\" \/>\n<meta property=\"og:image\" content=\"https:\/\/chemgramx.com\/wp-content\/uploads\/2025\/11\/blue-cheese-indica-dominant-hybrid-20-thc.jpg\" \/>\n\t<meta property=\"og:image:width\" content=\"800\" \/>\n\t<meta property=\"og:image:height\" content=\"800\" \/>\n\t<meta property=\"og:image:type\" content=\"image\/jpeg\" \/>\n<meta name=\"twitter:card\" content=\"summary_large_image\" \/>\n<meta name=\"twitter:label1\" content=\"Szacowany czas czytania\" \/>\n\t<meta name=\"twitter:data1\" content=\"3 minuty\" \/>\n<script type=\"application\/ld+json\" class=\"yoast-schema-graph\">{\"@context\":\"https:\\\/\\\/schema.org\",\"@graph\":[{\"@type\":\"WebPage\",\"@id\":\"https:\\\/\\\/chemgramx.com\\\/product\\\/blue-cheese-indica-dominant-hybrid-20-thc\\\/\",\"url\":\"https:\\\/\\\/chemgramx.com\\\/product\\\/blue-cheese-indica-dominant-hybrid-20-thc\\\/\",\"name\":\"Blue Cheese kaufen | 20% THC Indica Hybrid\",\"isPartOf\":{\"@id\":\"https:\\\/\\\/chemgramx.com\\\/#website\"},\"primaryImageOfPage\":{\"@id\":\"https:\\\/\\\/chemgramx.com\\\/product\\\/blue-cheese-indica-dominant-hybrid-20-thc\\\/#primaryimage\"},\"image\":{\"@id\":\"https:\\\/\\\/chemgramx.com\\\/product\\\/blue-cheese-indica-dominant-hybrid-20-thc\\\/#primaryimage\"},\"thumbnailUrl\":\"https:\\\/\\\/chemgramx.com\\\/wp-content\\\/uploads\\\/2025\\\/11\\\/blue-cheese-indica-dominant-hybrid-20-thc.jpg\",\"datePublished\":\"2025-11-21T11:15:14+00:00\",\"dateModified\":\"2025-12-10T07:05:58+00:00\",\"description\":\"Blue Cheese online kaufen \u2013 20 % THC, w\u00fcrzig-cremiges Aroma, entspannende Wirkung. Premium-Indica mit diskretem Versand in Deutschland &amp; EU.\",\"breadcrumb\":{\"@id\":\"https:\\\/\\\/chemgramx.com\\\/product\\\/blue-cheese-indica-dominant-hybrid-20-thc\\\/#breadcrumb\"},\"inLanguage\":\"pl-PL\",\"potentialAction\":[{\"@type\":\"ReadAction\",\"target\":[\"https:\\\/\\\/chemgramx.com\\\/product\\\/blue-cheese-indica-dominant-hybrid-20-thc\\\/\"]}]},{\"@type\":\"ImageObject\",\"inLanguage\":\"pl-PL\",\"@id\":\"https:\\\/\\\/chemgramx.com\\\/product\\\/blue-cheese-indica-dominant-hybrid-20-thc\\\/#primaryimage\",\"url\":\"https:\\\/\\\/chemgramx.com\\\/wp-content\\\/uploads\\\/2025\\\/11\\\/blue-cheese-indica-dominant-hybrid-20-thc.jpg\",\"contentUrl\":\"https:\\\/\\\/chemgramx.com\\\/wp-content\\\/uploads\\\/2025\\\/11\\\/blue-cheese-indica-dominant-hybrid-20-thc.jpg\",\"width\":800,\"height\":800},{\"@type\":\"BreadcrumbList\",\"@id\":\"https:\\\/\\\/chemgramx.com\\\/product\\\/blue-cheese-indica-dominant-hybrid-20-thc\\\/#breadcrumb\",\"itemListElement\":[{\"@type\":\"ListItem\",\"position\":1,\"name\":\"Home\",\"item\":\"https:\\\/\\\/chemgramx.com\\\/\"},{\"@type\":\"ListItem\",\"position\":2,\"name\":\"Shop\",\"item\":\"https:\\\/\\\/chemgramx.com\\\/shop\\\/\"},{\"@type\":\"ListItem\",\"position\":3,\"name\":\"Blue Cheese &#8211; Tiefenentspannung (zum Verkauf|hochwertig)\"}]},{\"@type\":\"WebSite\",\"@id\":\"https:\\\/\\\/chemgramx.com\\\/#website\",\"url\":\"https:\\\/\\\/chemgramx.com\\\/\",\"name\":\"Chemgramx\",\"description\":\"\",\"publisher\":{\"@id\":\"https:\\\/\\\/chemgramx.com\\\/#organization\"},\"potentialAction\":[{\"@type\":\"SearchAction\",\"target\":{\"@type\":\"EntryPoint\",\"urlTemplate\":\"https:\\\/\\\/chemgramx.com\\\/?s={search_term_string}\"},\"query-input\":{\"@type\":\"PropertyValueSpecification\",\"valueRequired\":true,\"valueName\":\"search_term_string\"}}],\"inLanguage\":\"pl-PL\"},{\"@type\":\"Organization\",\"@id\":\"https:\\\/\\\/chemgramx.com\\\/#organization\",\"name\":\"Chemgramx\",\"url\":\"https:\\\/\\\/chemgramx.com\\\/\",\"logo\":{\"@type\":\"ImageObject\",\"inLanguage\":\"pl-PL\",\"@id\":\"https:\\\/\\\/chemgramx.com\\\/#\\\/schema\\\/logo\\\/image\\\/\",\"url\":\"https:\\\/\\\/chemgramx.com\\\/wp-content\\\/uploads\\\/2024\\\/10\\\/final-logo.png\",\"contentUrl\":\"https:\\\/\\\/chemgramx.com\\\/wp-content\\\/uploads\\\/2024\\\/10\\\/final-logo.png\",\"width\":250,\"height\":48,\"caption\":\"Chemgramx\"},\"image\":{\"@id\":\"https:\\\/\\\/chemgramx.com\\\/#\\\/schema\\\/logo\\\/image\\\/\"}}]}<\/script>\n<!-- \/ Yoast SEO plugin. -->","yoast_head_json":{"title":"Kup Blue Cheese | 20% THC Indica Hybrid","description":"Blue Cheese online kaufen \u2013 20 % THC, w\u00fcrzig-cremiges Aroma, entspannende Wirkung. Premium-Indica mit diskretem Versand in Deutschland &amp; EU.","robots":{"index":"index","follow":"follow","max-snippet":"max-snippet:-1","max-image-preview":"max-image-preview:large","max-video-preview":"max-video-preview:-1"},"canonical":"https:\/\/chemgramx.com\/pl\/produkt-1\/blue-cheese-indica-dominujaca-hybryda-20-thc\/","og_locale":"pl_PL","og_type":"article","og_title":"Blue Cheese kaufen | 20% THC Indica Hybrid","og_description":"Blue Cheese online kaufen \u2013 20 % THC, w\u00fcrzig-cremiges Aroma, entspannende Wirkung. Premium-Indica mit diskretem Versand in Deutschland &amp; EU.","og_url":"https:\/\/chemgramx.com\/pl\/produkt-1\/blue-cheese-indica-dominujaca-hybryda-20-thc\/","og_site_name":"Chemgramx","article_modified_time":"2025-12-10T07:05:58+00:00","og_image":[{"width":800,"height":800,"url":"https:\/\/chemgramx.com\/wp-content\/uploads\/2025\/11\/blue-cheese-indica-dominant-hybrid-20-thc.jpg","type":"image\/jpeg"}],"twitter_card":"summary_large_image","twitter_misc":{"Szacowany czas czytania":"3 minuty"},"schema":{"@context":"https:\/\/schema.org","@graph":[{"@type":"WebPage","@id":"https:\/\/chemgramx.com\/product\/blue-cheese-indica-dominant-hybrid-20-thc\/","url":"https:\/\/chemgramx.com\/product\/blue-cheese-indica-dominant-hybrid-20-thc\/","name":"Kup Blue Cheese | 20% THC Indica Hybrid","isPartOf":{"@id":"https:\/\/chemgramx.com\/#website"},"primaryImageOfPage":{"@id":"https:\/\/chemgramx.com\/product\/blue-cheese-indica-dominant-hybrid-20-thc\/#primaryimage"},"image":{"@id":"https:\/\/chemgramx.com\/product\/blue-cheese-indica-dominant-hybrid-20-thc\/#primaryimage"},"thumbnailUrl":"https:\/\/chemgramx.com\/wp-content\/uploads\/2025\/11\/blue-cheese-indica-dominant-hybrid-20-thc.jpg","datePublished":"2025-11-21T11:15:14+00:00","dateModified":"2025-12-10T07:05:58+00:00","description":"Blue Cheese online kaufen \u2013 20 % THC, w\u00fcrzig-cremiges Aroma, entspannende Wirkung. Premium-Indica mit diskretem Versand in Deutschland &amp; EU.","breadcrumb":{"@id":"https:\/\/chemgramx.com\/product\/blue-cheese-indica-dominant-hybrid-20-thc\/#breadcrumb"},"inLanguage":"pl-PL","potentialAction":[{"@type":"ReadAction","target":["https:\/\/chemgramx.com\/product\/blue-cheese-indica-dominant-hybrid-20-thc\/"]}]},{"@type":"ImageObject","inLanguage":"pl-PL","@id":"https:\/\/chemgramx.com\/product\/blue-cheese-indica-dominant-hybrid-20-thc\/#primaryimage","url":"https:\/\/chemgramx.com\/wp-content\/uploads\/2025\/11\/blue-cheese-indica-dominant-hybrid-20-thc.jpg","contentUrl":"https:\/\/chemgramx.com\/wp-content\/uploads\/2025\/11\/blue-cheese-indica-dominant-hybrid-20-thc.jpg","width":800,"height":800},{"@type":"BreadcrumbList","@id":"https:\/\/chemgramx.com\/product\/blue-cheese-indica-dominant-hybrid-20-thc\/#breadcrumb","itemListElement":[{"@type":"ListItem","position":1,"name":"Home","item":"https:\/\/chemgramx.com\/"},{"@type":"ListItem","position":2,"name":"Shop","item":"https:\/\/chemgramx.com\/shop\/"},{"@type":"ListItem","position":3,"name":"Blue Cheese &#8211; Tiefenentspannung (zum Verkauf|hochwertig)"}]},{"@type":"WebSite","@id":"https:\/\/chemgramx.com\/#website","url":"https:\/\/chemgramx.com\/","name":"Chemgramx","description":"","publisher":{"@id":"https:\/\/chemgramx.com\/#organization"},"potentialAction":[{"@type":"SearchAction","target":{"@type":"EntryPoint","urlTemplate":"https:\/\/chemgramx.com\/?s={search_term_string}"},"query-input":{"@type":"PropertyValueSpecification","valueRequired":true,"valueName":"search_term_string"}}],"inLanguage":"pl-PL"},{"@type":"Organization","@id":"https:\/\/chemgramx.com\/#organization","name":"Chemgramx","url":"https:\/\/chemgramx.com\/","logo":{"@type":"ImageObject","inLanguage":"pl-PL","@id":"https:\/\/chemgramx.com\/#\/schema\/logo\/image\/","url":"https:\/\/chemgramx.com\/wp-content\/uploads\/2024\/10\/final-logo.png","contentUrl":"https:\/\/chemgramx.com\/wp-content\/uploads\/2024\/10\/final-logo.png","width":250,"height":48,"caption":"Chemgramx"},"image":{"@id":"https:\/\/chemgramx.com\/#\/schema\/logo\/image\/"}}]}},"_links":{"self":[{"href":"https:\/\/chemgramx.com\/pl\/wp-json\/wp\/v2\/product\/7338","targetHints":{"allow":["GET"]}}],"collection":[{"href":"https:\/\/chemgramx.com\/pl\/wp-json\/wp\/v2\/product"}],"about":[{"href":"https:\/\/chemgramx.com\/pl\/wp-json\/wp\/v2\/types\/product"}],"replies":[{"embeddable":true,"href":"https:\/\/chemgramx.com\/pl\/wp-json\/wp\/v2\/comments?post=7338"}],"wp:featuredmedia":[{"embeddable":true,"href":"https:\/\/chemgramx.com\/pl\/wp-json\/wp\/v2\/media\/7375"}],"wp:attachment":[{"href":"https:\/\/chemgramx.com\/pl\/wp-json\/wp\/v2\/media?parent=7338"}],"wp:term":[{"taxonomy":"product_brand","embeddable":true,"href":"https:\/\/chemgramx.com\/pl\/wp-json\/wp\/v2\/product_brand?post=7338"},{"taxonomy":"product_cat","embeddable":true,"href":"https:\/\/chemgramx.com\/pl\/wp-json\/wp\/v2\/product_cat?post=7338"},{"taxonomy":"product_tag","embeddable":true,"href":"https:\/\/chemgramx.com\/pl\/wp-json\/wp\/v2\/product_tag?post=7338"}],"curies":[{"name":"wp","href":"https:\/\/api.w.org\/{rel}","templated":true}]}}