{"id":7339,"date":"2025-11-21T11:15:14","date_gmt":"2025-11-21T11:15:14","guid":{"rendered":"https:\/\/chemgramx.com\/?post_type=product&#038;p=7339"},"modified":"2025-11-21T11:17:15","modified_gmt":"2025-11-21T11:17:15","slug":"blueberry-kush-24-thc","status":"publish","type":"product","link":"https:\/\/chemgramx.com\/pl\/product\/blueberry-kush-24-thc\/","title":{"rendered":"Blueberry Kush 24% THC"},"content":{"rendered":"<p>R\u00f3\u017cnorodno\u015b\u0107 <b>Blueberry Kush<\/b> jest jednym z <b>Najbardziej cenione odmiany hybrydowe z przewag\u0105 Indica<\/b> na ca\u0142ym \u015bwiecie. <b>Ty<\/b> jest znana ze swojej intensywnej, <b>g\u0142\u0119boko relaksuj\u0105ce dzia\u0142anie<\/b> i ich niezwykle bogaty aromat. <b>Z zawarto\u015bci\u0105 THC<\/b> z <b>do 24 %<\/b> ta odmiana nale\u017cy do <b>wysoce wydajne linie genetyczne<\/b>. <b>W konsekwencji<\/b> jest wykorzystywana w badaniach nad wp\u0142ywem silnych odmian konopi indyjskich z przewag\u0105 Indica na <b>Redukcja stresu i sen<\/b> wykorzystano. <b>W rzeczywisto\u015bci<\/b> Po\u0142\u0105czenie s\u0142odkiego, owocowego charakteru z ziemistym, ci\u0119\u017ckim efektem stanowi idealn\u0105 synergi\u0119. <b>Dlatego<\/b> szczeg\u00f3\u0142owa analiza pochodzenia genetycznego, z\u0142o\u017conego profilu chemicznego i specyficznych skutk\u00f3w farmakologicznych ma ogromne znaczenie.<\/p>\n<h2><b>Genetyczne arcydzie\u0142o: po\u0142\u0105czenie Blueberry i OG Kush<\/b><\/h2>\n<p>Blueberry Kush jest wynikiem skrzy\u017cowania dw\u00f3ch odmian <b>legendarnych i genetycznie dominuj\u0105cych odmian<\/b>. <b>Te<\/b> Ta kombinacja gwarantuje stabiln\u0105 genetyk\u0119 i intensywny profil zapachowy.<\/p>\n<ul>\n<li><b>Jagoda (sk\u0142adnik aromatyczny):<\/b> <b>Te<\/b> klasyczna linia Indica, znana z g\u0142\u0119bokich aromat\u00f3w owocowych (jagody) i <b>silne dzia\u0142anie uspokajaj\u0105ce na organizm<\/b>, ma najwi\u0119kszy udzia\u0142 w uspokajaj\u0105cej dominacji Indica.<\/li>\n<li><b>OG Kush (sk\u0142adnik odpowiedzialny za moc i struktur\u0119):<\/b> <b>The<\/b> Linia OG Kush kontroluje <b>ziemista, pikantna baza<\/b> i <b>solidno\u015b\u0107 konstrukcyjna<\/b> z. <b>Przede wszystkim<\/b> czy jest ona przeznaczona dla <b>wysoka produkcja \u017cywicy<\/b> odpowiedzialny za podwy\u017cszenie zawarto\u015bci THC do 24 %.<\/li>\n<\/ul>\n<p><b>Wynik<\/b> jest <b>Wysokiej jako\u015bci hybryda z przewag\u0105 Indica<\/b>. <b>On<\/b> \u0142\u0105czy s\u0142odki aromat Blueberry z intensywn\u0105, niemal narkotyczn\u0105 moc\u0105 OG Kush. <b>Tak wi\u0119c<\/b> Blueberry Kush jest jedn\u0105 z <b>Najbardziej stabilne i niezawodne hybrydy Indica<\/b> na rynku.<\/p>\n<h2><b>Profil terpenowy: chemia stoj\u0105ca za aromatem babeczki jagodowej<\/b><\/h2>\n<p>Bogaty, owocowy aromat Blueberry Kush jest jedn\u0105 z jej <b>Charakterystyka definiuj\u0105ca<\/b>. <b>To<\/b> jest okre\u015blany przez z\u0142o\u017cony profil terpenowy, kt\u00f3ry stanowi podstaw\u0119 wra\u017ce\u0144 sensorycznych.<\/p>\n<h3><b>Dominuj\u0105ce terpeny i ich dzia\u0142anie<\/b><\/h3>\n<ol start=\"1\">\n<li><b>Myrcen (owocowy, uspokajaj\u0105cy):<\/b> <b>Mircen<\/b> jest dominuj\u0105cym terpenem. <b>To<\/b> nosi charakterystyczne <b>s\u0142odkie, dojrza\u0142e nuty jag\u00f3d<\/b> z. <a href=\"\/product\/green-mandala-mix-kaufen\/\"><b>Farmakologiczne<\/b> <\/a>Myrcen ma silne dzia\u0142anie <b>\u015brodki uspokajaj\u0105ce i zwiotczaj\u0105ce mi\u0119\u015bnie<\/b> Przypisywane dzia\u0142anie. <b>To<\/b> Terpen odgrywa kluczow\u0105 rol\u0119 w tak zwanym <b>\u201eEfekt \u201cprzyklejenia do kanapy\u201d<\/b>, kt\u00f3ry charakteryzuje g\u0142\u0119bokie odpr\u0119\u017cenie fizyczne Blueberry Kush.<\/li>\n<li><b>Limonki (cytrusy, poprawiaj\u0105ce nastr\u00f3j):<\/b> <b>Limes<\/b> mo\u017ce wyst\u0119powa\u0107 w niewielkich ilo\u015bciach i zapewnia <b>lekko pikantne nuty<\/b> i przyczynia si\u0119 do pocz\u0105tkowego <b>delikatne, euforyczne uczucie<\/b> z.<\/li>\n<li><b>Kariofilen (korzenny, ziemisty):<\/b> <b>To<\/b> Terpen dostarcza <b>ziemista, pieprzna baza<\/b> z linii OG Kush. <b>To<\/b> jest wa\u017cne dla <b>G\u0142\u0119bia aromatu<\/b>. <b>Jak<\/b> Jak ju\u017c wspomniano, caryofilen jest wyj\u0105tkowy, poniewa\u017c oddzia\u0142uje bezpo\u015brednio na receptory CB2.<\/li>\n<\/ol>\n<p><b>The<\/b> Po\u0142\u0105czenie tych terpen\u00f3w podczas spo\u017cycia wywo\u0142uje <b>kremowy, s\u0142odki smak<\/b>, przypominaj\u0105cy wypieki lub \u015bwie\u017ce jagody le\u015bne. <b>To<\/b> harmonijny profil ma decyduj\u0105cy wp\u0142yw na <b>holistycznego dobrego samopoczucia<\/b> z.<\/p>\n<h2><b>Dzia\u0142anie farmakologiczne i profil stosowania<\/b><\/h2>\n<p>Z <b>do 24 % THC<\/b> Blueberry Kush nale\u017cy do najsilniejszych hybryd. <b>Te<\/b> Wysoka koncentracja umo\u017cliwia <b>d\u0142ugotrwa\u0142y, g\u0142\u0119boki efekt<\/b>, idealny dla do\u015bwiadczonych konsument\u00f3w.<\/p>\n<ul>\n<li><b>Dominacja fizyczna:<\/b> Efekt pojawia si\u0119 szybko wraz z <b>\u0142agodne uczucie euforii<\/b> w. <b>To<\/b> jednak szybko przechodzi w <b>przyjemne uczucie ci\u0119\u017cko\u015bci cia\u0142a<\/b> o. <b>Te<\/b> G\u0142\u0119bokie odpr\u0119\u017cenie fizyczne jest charakterystyczne dla odmian czystej Indica lub odmian z przewag\u0105 Indica.<\/li>\n<li><b>Potencja\u0142 terapeutyczny:<\/b> <b>The<\/b> raportowa\u0142 <b>Rozlu\u017anienie mi\u0119\u015bni<\/b> i <b>Promowanie wewn\u0119trznego spokoju<\/b> sprawiaj\u0105, \u017ce Blueberry Kush jest przedmiotem bada\u0144 w zakresie:\n<ul>\n<li><b>Problemy ze snem (bezsenno\u015b\u0107):<\/b> Silne dzia\u0142anie uspokajaj\u0105ce mo\u017ce pom\u00f3c w zasypianiu.<\/li>\n<li><b>Chroniczne napi\u0119cie:<\/b> W\u0142a\u015bciwo\u015bci rozlu\u017aniaj\u0105ce mi\u0119\u015bnie s\u0105 przydatne w przypadku napi\u0119cia fizycznego.<\/li>\n<li><b>Stres i l\u0119ki:<\/b> Efekt r\u00f3wnowa\u017c\u0105cy pomaga uspokoi\u0107 my\u015bli zwi\u0105zane ze stresem.<\/li>\n<\/ul>\n<\/li>\n<\/ul>\n<p><b>Prosto<\/b> Ze wzgl\u0119du na silne w\u0142a\u015bciwo\u015bci uspokajaj\u0105ce odmiana ta jest przeznaczona przede wszystkim do <b>Aplikacja wieczorna<\/b> oraz <b>spokojne chwile regeneracji<\/b> odpowiedni.<\/p>\n<h2><b>Standardy jako\u015bci i zgodno\u015b\u0107 z przepisami<\/b><\/h2>\n<p>The <b>wysoka moc<\/b> z 24 % THC wymaga <b>najwy\u017csza kontrola jako\u015bci<\/b> i \u015bcis\u0142e przestrzeganie przepis\u00f3w prawa.<\/p>\n<ul>\n<li><b>Przejrzysto\u015b\u0107 analityczna:<\/b> <b>Prawdziwy<\/b> Wymagane s\u0105 certyfikaty analizy (CoA). <b>Te<\/b> musi spe\u0142nia\u0107 <b>deklarowana zawarto\u015b\u0107 THC<\/b> z 24 % i <b>Brak zanieczyszcze\u0144<\/b> (pestycydy, ple\u015b\u0144).<\/li>\n<li><b>Sytuacja prawna w Niemczech:<\/b> Nale\u017cy jednoznacznie podkre\u015bli\u0107, \u017ce <b>Blueberry Kush<\/b> ze wzgl\u0119du na zawarto\u015b\u0107 THC w Niemczech w ramach <b>Ustawa o \u015brodkach odurzaj\u0105cych (BtMG)<\/b> lub <b>Ustawa o konopiach indyjskich dla konsument\u00f3w (KCanG)<\/b> spada. <b>Z tego wynika<\/b>, \u017ce <b>Nabycie, posiadanie lub handel nielegalne<\/b> chyba \u017ce istnieje recepta lekarska lub oficjalne zezwolenie. <b>Dlatego<\/b> te szczeg\u00f3\u0142owe informacje <b>cele czysto naukowe, botaniczne i informacyjne<\/b>. <b>Ty<\/b> zastosowanie <b>ani konsumpcja, ani nielegalne nabycie<\/b>.<\/li>\n<\/ul>","protected":false},"excerpt":{"rendered":"<p data-start=\"3482\" data-end=\"3618\">Blueberry Kush \u2013 hybryda Indica z 24 % THC. Intensywny aromat jag\u00f3d, g\u0142\u0119bokie odpr\u0119\u017cenie i najwy\u017csza jako\u015b\u0107 dla koneser\u00f3w i znawc\u00f3w.<\/p>","protected":false},"featured_media":7376,"comment_status":"open","ping_status":"closed","template":"","meta":{"_joinchat":[]},"product_brand":[],"product_cat":[62],"product_tag":[],"class_list":{"0":"post-7339","1":"product","2":"type-product","3":"status-publish","4":"has-post-thumbnail","6":"product_cat-marijuana","8":"first","9":"instock","10":"shipping-taxable","11":"purchasable","12":"product-type-variable"},"yoast_head":"<!-- This site is optimized with the Yoast SEO plugin v27.5 - https:\/\/yoast.com\/product\/yoast-seo-wordpress\/ -->\n<title>Blueberry Kush kaufen | 24% THC Premium Indica<\/title>\n<meta name=\"description\" content=\"Blueberry Kush kaufen \u2013 24% THC, s\u00fc\u00dfer Blaubeergeschmack und tiefe Entspannung. Premiumqualit\u00e4t, diskret geliefert in Deutschland &amp; EU.\" \/>\n<meta name=\"robots\" content=\"index, follow, max-snippet:-1, max-image-preview:large, max-video-preview:-1\" \/>\n<link rel=\"canonical\" href=\"https:\/\/chemgramx.com\/pl\/produkt-1\/blueberry-kush-24-thc\/\" \/>\n<meta property=\"og:locale\" content=\"pl_PL\" \/>\n<meta property=\"og:type\" content=\"article\" \/>\n<meta property=\"og:title\" content=\"Blueberry Kush kaufen | 24% THC Premium Indica\" \/>\n<meta property=\"og:description\" content=\"Blueberry Kush kaufen \u2013 24% THC, s\u00fc\u00dfer Blaubeergeschmack und tiefe Entspannung. Premiumqualit\u00e4t, diskret geliefert in Deutschland &amp; EU.\" \/>\n<meta property=\"og:url\" content=\"https:\/\/chemgramx.com\/pl\/produkt-1\/blueberry-kush-24-thc\/\" \/>\n<meta property=\"og:site_name\" content=\"Chemgramx\" \/>\n<meta property=\"article:modified_time\" content=\"2025-11-21T11:17:15+00:00\" \/>\n<meta property=\"og:image\" content=\"https:\/\/chemgramx.com\/wp-content\/uploads\/2025\/11\/blueberry-kush-24-thc.jpg\" \/>\n\t<meta property=\"og:image:width\" content=\"800\" \/>\n\t<meta property=\"og:image:height\" content=\"800\" \/>\n\t<meta property=\"og:image:type\" content=\"image\/jpeg\" \/>\n<meta name=\"twitter:card\" content=\"summary_large_image\" \/>\n<meta name=\"twitter:label1\" content=\"Szacowany czas czytania\" \/>\n\t<meta name=\"twitter:data1\" content=\"3 minuty\" \/>\n<script type=\"application\/ld+json\" class=\"yoast-schema-graph\">{\"@context\":\"https:\\\/\\\/schema.org\",\"@graph\":[{\"@type\":\"WebPage\",\"@id\":\"https:\\\/\\\/chemgramx.com\\\/product\\\/blueberry-kush-24-thc\\\/\",\"url\":\"https:\\\/\\\/chemgramx.com\\\/product\\\/blueberry-kush-24-thc\\\/\",\"name\":\"Blueberry Kush kaufen | 24% THC Premium Indica\",\"isPartOf\":{\"@id\":\"https:\\\/\\\/chemgramx.com\\\/#website\"},\"primaryImageOfPage\":{\"@id\":\"https:\\\/\\\/chemgramx.com\\\/product\\\/blueberry-kush-24-thc\\\/#primaryimage\"},\"image\":{\"@id\":\"https:\\\/\\\/chemgramx.com\\\/product\\\/blueberry-kush-24-thc\\\/#primaryimage\"},\"thumbnailUrl\":\"https:\\\/\\\/chemgramx.com\\\/wp-content\\\/uploads\\\/2025\\\/11\\\/blueberry-kush-24-thc.jpg\",\"datePublished\":\"2025-11-21T11:15:14+00:00\",\"dateModified\":\"2025-11-21T11:17:15+00:00\",\"description\":\"Blueberry Kush kaufen \u2013 24% THC, s\u00fc\u00dfer Blaubeergeschmack und tiefe Entspannung. Premiumqualit\u00e4t, diskret geliefert in Deutschland &amp; EU.\",\"breadcrumb\":{\"@id\":\"https:\\\/\\\/chemgramx.com\\\/product\\\/blueberry-kush-24-thc\\\/#breadcrumb\"},\"inLanguage\":\"pl-PL\",\"potentialAction\":[{\"@type\":\"ReadAction\",\"target\":[\"https:\\\/\\\/chemgramx.com\\\/product\\\/blueberry-kush-24-thc\\\/\"]}]},{\"@type\":\"ImageObject\",\"inLanguage\":\"pl-PL\",\"@id\":\"https:\\\/\\\/chemgramx.com\\\/product\\\/blueberry-kush-24-thc\\\/#primaryimage\",\"url\":\"https:\\\/\\\/chemgramx.com\\\/wp-content\\\/uploads\\\/2025\\\/11\\\/blueberry-kush-24-thc.jpg\",\"contentUrl\":\"https:\\\/\\\/chemgramx.com\\\/wp-content\\\/uploads\\\/2025\\\/11\\\/blueberry-kush-24-thc.jpg\",\"width\":800,\"height\":800},{\"@type\":\"BreadcrumbList\",\"@id\":\"https:\\\/\\\/chemgramx.com\\\/product\\\/blueberry-kush-24-thc\\\/#breadcrumb\",\"itemListElement\":[{\"@type\":\"ListItem\",\"position\":1,\"name\":\"Home\",\"item\":\"https:\\\/\\\/chemgramx.com\\\/\"},{\"@type\":\"ListItem\",\"position\":2,\"name\":\"Shop\",\"item\":\"https:\\\/\\\/chemgramx.com\\\/shop\\\/\"},{\"@type\":\"ListItem\",\"position\":3,\"name\":\"Blueberry Kush 24% THC\"}]},{\"@type\":\"WebSite\",\"@id\":\"https:\\\/\\\/chemgramx.com\\\/#website\",\"url\":\"https:\\\/\\\/chemgramx.com\\\/\",\"name\":\"Chemgramx\",\"description\":\"\",\"publisher\":{\"@id\":\"https:\\\/\\\/chemgramx.com\\\/#organization\"},\"potentialAction\":[{\"@type\":\"SearchAction\",\"target\":{\"@type\":\"EntryPoint\",\"urlTemplate\":\"https:\\\/\\\/chemgramx.com\\\/?s={search_term_string}\"},\"query-input\":{\"@type\":\"PropertyValueSpecification\",\"valueRequired\":true,\"valueName\":\"search_term_string\"}}],\"inLanguage\":\"pl-PL\"},{\"@type\":\"Organization\",\"@id\":\"https:\\\/\\\/chemgramx.com\\\/#organization\",\"name\":\"Chemgramx\",\"url\":\"https:\\\/\\\/chemgramx.com\\\/\",\"logo\":{\"@type\":\"ImageObject\",\"inLanguage\":\"pl-PL\",\"@id\":\"https:\\\/\\\/chemgramx.com\\\/#\\\/schema\\\/logo\\\/image\\\/\",\"url\":\"https:\\\/\\\/chemgramx.com\\\/wp-content\\\/uploads\\\/2024\\\/10\\\/final-logo.png\",\"contentUrl\":\"https:\\\/\\\/chemgramx.com\\\/wp-content\\\/uploads\\\/2024\\\/10\\\/final-logo.png\",\"width\":250,\"height\":48,\"caption\":\"Chemgramx\"},\"image\":{\"@id\":\"https:\\\/\\\/chemgramx.com\\\/#\\\/schema\\\/logo\\\/image\\\/\"}}]}<\/script>\n<!-- \/ Yoast SEO plugin. -->","yoast_head_json":{"title":"Kup Blueberry Kush | 24% THC Premium Indica","description":"Blueberry Kush kaufen \u2013 24% THC, s\u00fc\u00dfer Blaubeergeschmack und tiefe Entspannung. Premiumqualit\u00e4t, diskret geliefert in Deutschland &amp; EU.","robots":{"index":"index","follow":"follow","max-snippet":"max-snippet:-1","max-image-preview":"max-image-preview:large","max-video-preview":"max-video-preview:-1"},"canonical":"https:\/\/chemgramx.com\/pl\/produkt-1\/blueberry-kush-24-thc\/","og_locale":"pl_PL","og_type":"article","og_title":"Blueberry Kush kaufen | 24% THC Premium Indica","og_description":"Blueberry Kush kaufen \u2013 24% THC, s\u00fc\u00dfer Blaubeergeschmack und tiefe Entspannung. Premiumqualit\u00e4t, diskret geliefert in Deutschland &amp; EU.","og_url":"https:\/\/chemgramx.com\/pl\/produkt-1\/blueberry-kush-24-thc\/","og_site_name":"Chemgramx","article_modified_time":"2025-11-21T11:17:15+00:00","og_image":[{"width":800,"height":800,"url":"https:\/\/chemgramx.com\/wp-content\/uploads\/2025\/11\/blueberry-kush-24-thc.jpg","type":"image\/jpeg"}],"twitter_card":"summary_large_image","twitter_misc":{"Szacowany czas czytania":"3 minuty"},"schema":{"@context":"https:\/\/schema.org","@graph":[{"@type":"WebPage","@id":"https:\/\/chemgramx.com\/product\/blueberry-kush-24-thc\/","url":"https:\/\/chemgramx.com\/product\/blueberry-kush-24-thc\/","name":"Kup Blueberry Kush | 24% THC Premium Indica","isPartOf":{"@id":"https:\/\/chemgramx.com\/#website"},"primaryImageOfPage":{"@id":"https:\/\/chemgramx.com\/product\/blueberry-kush-24-thc\/#primaryimage"},"image":{"@id":"https:\/\/chemgramx.com\/product\/blueberry-kush-24-thc\/#primaryimage"},"thumbnailUrl":"https:\/\/chemgramx.com\/wp-content\/uploads\/2025\/11\/blueberry-kush-24-thc.jpg","datePublished":"2025-11-21T11:15:14+00:00","dateModified":"2025-11-21T11:17:15+00:00","description":"Blueberry Kush kaufen \u2013 24% THC, s\u00fc\u00dfer Blaubeergeschmack und tiefe Entspannung. Premiumqualit\u00e4t, diskret geliefert in Deutschland &amp; EU.","breadcrumb":{"@id":"https:\/\/chemgramx.com\/product\/blueberry-kush-24-thc\/#breadcrumb"},"inLanguage":"pl-PL","potentialAction":[{"@type":"ReadAction","target":["https:\/\/chemgramx.com\/product\/blueberry-kush-24-thc\/"]}]},{"@type":"ImageObject","inLanguage":"pl-PL","@id":"https:\/\/chemgramx.com\/product\/blueberry-kush-24-thc\/#primaryimage","url":"https:\/\/chemgramx.com\/wp-content\/uploads\/2025\/11\/blueberry-kush-24-thc.jpg","contentUrl":"https:\/\/chemgramx.com\/wp-content\/uploads\/2025\/11\/blueberry-kush-24-thc.jpg","width":800,"height":800},{"@type":"BreadcrumbList","@id":"https:\/\/chemgramx.com\/product\/blueberry-kush-24-thc\/#breadcrumb","itemListElement":[{"@type":"ListItem","position":1,"name":"Home","item":"https:\/\/chemgramx.com\/"},{"@type":"ListItem","position":2,"name":"Shop","item":"https:\/\/chemgramx.com\/shop\/"},{"@type":"ListItem","position":3,"name":"Blueberry Kush 24% THC"}]},{"@type":"WebSite","@id":"https:\/\/chemgramx.com\/#website","url":"https:\/\/chemgramx.com\/","name":"Chemgramx","description":"","publisher":{"@id":"https:\/\/chemgramx.com\/#organization"},"potentialAction":[{"@type":"SearchAction","target":{"@type":"EntryPoint","urlTemplate":"https:\/\/chemgramx.com\/?s={search_term_string}"},"query-input":{"@type":"PropertyValueSpecification","valueRequired":true,"valueName":"search_term_string"}}],"inLanguage":"pl-PL"},{"@type":"Organization","@id":"https:\/\/chemgramx.com\/#organization","name":"Chemgramx","url":"https:\/\/chemgramx.com\/","logo":{"@type":"ImageObject","inLanguage":"pl-PL","@id":"https:\/\/chemgramx.com\/#\/schema\/logo\/image\/","url":"https:\/\/chemgramx.com\/wp-content\/uploads\/2024\/10\/final-logo.png","contentUrl":"https:\/\/chemgramx.com\/wp-content\/uploads\/2024\/10\/final-logo.png","width":250,"height":48,"caption":"Chemgramx"},"image":{"@id":"https:\/\/chemgramx.com\/#\/schema\/logo\/image\/"}}]}},"_links":{"self":[{"href":"https:\/\/chemgramx.com\/pl\/wp-json\/wp\/v2\/product\/7339","targetHints":{"allow":["GET"]}}],"collection":[{"href":"https:\/\/chemgramx.com\/pl\/wp-json\/wp\/v2\/product"}],"about":[{"href":"https:\/\/chemgramx.com\/pl\/wp-json\/wp\/v2\/types\/product"}],"replies":[{"embeddable":true,"href":"https:\/\/chemgramx.com\/pl\/wp-json\/wp\/v2\/comments?post=7339"}],"wp:featuredmedia":[{"embeddable":true,"href":"https:\/\/chemgramx.com\/pl\/wp-json\/wp\/v2\/media\/7376"}],"wp:attachment":[{"href":"https:\/\/chemgramx.com\/pl\/wp-json\/wp\/v2\/media?parent=7339"}],"wp:term":[{"taxonomy":"product_brand","embeddable":true,"href":"https:\/\/chemgramx.com\/pl\/wp-json\/wp\/v2\/product_brand?post=7339"},{"taxonomy":"product_cat","embeddable":true,"href":"https:\/\/chemgramx.com\/pl\/wp-json\/wp\/v2\/product_cat?post=7339"},{"taxonomy":"product_tag","embeddable":true,"href":"https:\/\/chemgramx.com\/pl\/wp-json\/wp\/v2\/product_tag?post=7339"}],"curies":[{"name":"wp","href":"https:\/\/api.w.org\/{rel}","templated":true}]}}