{"id":7340,"date":"2025-11-21T11:15:14","date_gmt":"2025-11-21T11:15:14","guid":{"rendered":"https:\/\/chemgramx.com\/?post_type=product&#038;p=7340"},"modified":"2025-11-21T11:17:15","modified_gmt":"2025-11-21T11:17:15","slug":"blue-dream-sativa-dominujaca-odmiana-hybrydowa-17-24-thc","status":"publish","type":"product","link":"https:\/\/chemgramx.com\/pl\/product\/blue-dream-sativa-dominant-hybrid-strain-17-24-thc\/","title":{"rendered":"Blue Dream Sativa Dominant Hybrid Strain 17% - 24% THC"},"content":{"rendered":"<p>R\u00f3\u017cnorodno\u015b\u0107 <b>Niebieski sen<\/b> jest uznawana na ca\u0142ym \u015bwiecie za jedn\u0105 z <b>Najbardziej znane i cenione odmiany konopi<\/b>. <b>Ty<\/b> jest <b>Hybryda z dominacj\u0105 Sativy<\/b>, kt\u00f3ra w mistrzowski spos\u00f3b \u0142\u0105czy energetyczn\u0105 stymulacj\u0119 genetyki sativy z \u0142agodnym, fizycznym relaksem sk\u0142adnika indica. <b>W szczeg\u00f3lno\u015bci<\/b> Ze wzgl\u0119du na ten zr\u00f3wnowa\u017cony profil, kt\u00f3ry ma zawarto\u015b\u0107 THC pomi\u0119dzy <b>17 % i 24 %<\/b> Blue Dream cz\u0119sto s\u0142u\u017cy jako <b>Odmiana referencyjna<\/b> w badaniach. <a href=\"\/product\/bc-premo-cured-hash-kaufen\/\"><b>W rzeczywisto\u015bci<\/b><\/a> ustawia je <b>mocny, ale jednocze\u015bnie przyjemnie kontrolowany<\/b> przedmiot badania. <b>Dlatego<\/b> Szczeg\u00f3\u0142owe badanie naukowe ich genetycznego pochodzenia, z\u0142o\u017conego profilu chemicznego i efekt\u00f3w farmakologicznych ma ogromne znaczenie dla zrozumienia wsp\u00f3\u0142czesnych odmian hybrydowych.<\/p>\n<h2><b>Genetyczne pochodzenie i chemia r\u00f3wnowagi<\/b><\/h2>\n<p>Genetyka Blue Dream jest kluczem do jej niezwyk\u0142ej popularno\u015bci. <b>Oryginalnie<\/b> Wyhodowana w Kalifornii odmiana zosta\u0142a stworzona przez skrzy\u017cowanie dw\u00f3ch ci\u0119\u017ckich konopi. <b>W trakcie<\/b> spotka\u0142 si\u0119 z g\u0142\u0119boko relaksuj\u0105cym <b>Genetyka Indica odmiany Blueberry<\/b> do <b>stymuluj\u0105ca m\u00f3zg genetyka sativy Haze<\/b>. <b>W konsekwencji<\/b> To po\u0142\u0105czenie zaowocowa\u0142o genetycznie stabiln\u0105 odmian\u0105, kt\u00f3ra oferuje silny wzrost, mocny smak, a przede wszystkim <b>Zr\u00f3wnowa\u017cony profil kannabinoid\u00f3w i terpen\u00f3w<\/b> oferty. <b>Te<\/b> Idealna r\u00f3wnowaga cech sativy i indiki sprawi\u0142a, \u017ce Blue Dream jest jedn\u0105 z najlepiej sprzedaj\u0105cych si\u0119 odmian w Ameryce P\u00f3\u0142nocnej. <b>Z botanicznego punktu widzenia<\/b> Ro\u015blina ma zazwyczaj wysoki, smuk\u0142y pokr\u00f3j, b\u0119d\u0105cy pozosta\u0142o\u015bci\u0105 po linii Haze, ale rozwija g\u0119ste i \u017cywiczne kwiaty.<\/p>\n<h4><b>Spektrum mocy i konsystencja THC<\/b><\/h4>\n<p>Z zawarto\u015bci\u0105 THC wahaj\u0105c\u0105 si\u0119 od 17 % do 24 %, Blue Dream nale\u017cy do grupy <b>odmiany \u015brednie do silnych<\/b>. <b>Te<\/b> Szeroko\u015b\u0107 pasma zapewnia intensywny efekt, ale w por\u00f3wnaniu do wyj\u0105tkowo silnych odmian (ponad 25 % THC) <b>lepsza kontrola<\/b> pozostaje. <b>Prosto<\/b> Ta sp\u00f3jno\u015b\u0107 w \u015brednim i g\u00f3rnym zakresie mocy jest zalet\u0105 dla bada\u0144. <b>Ty<\/b> umo\u017cliwia przeprowadzanie bada\u0144 z <b>niezawodna, powtarzalna dawka<\/b> aktywnego sk\u0142adnika. <b>Dlatego<\/b> Odmiana ta jest doceniana zar\u00f3wno przez do\u015bwiadczonych u\u017cytkownik\u00f3w, jak i badaczy, kt\u00f3rzy chc\u0105 dok\u0142adnie zbada\u0107 efekt sativy.<\/p>\n<h2><b>Profil sensoryczny i baza terpenowa<\/b><\/h2>\n<p>The <b>Intensywny owocowo-s\u0142odki smak<\/b> Blue Dream jest jedn\u0105 z jego najbardziej uderzaj\u0105cych cech. <b>To<\/b> wynika ze z\u0142o\u017conego profilu terpenowego, kt\u00f3ry stanowi chemiczn\u0105 podstaw\u0119 dozna\u0144 sensorycznych.<\/p>\n<h4><b>Terpeny jako modulatory efekt\u00f3w<\/b><\/h4>\n<p>The <b>Wyj\u0105tkowy smak<\/b> Blue Dream jest okre\u015blana przez dominuj\u0105ce terpeny. <b>Te<\/b> s\u0105 nie tylko odpowiedzialne za smak, ale r\u00f3wnie\u017c odgrywaj\u0105 istotn\u0105 rol\u0119 w procesie produkcji. <b>decyduj\u0105c\u0105 rol\u0119 w modulacji efektu THC<\/b> (efekt otoczenia). <b>Tutaj<\/b> dominuj\u0105 nast\u0119puj\u0105ce terpeny:<\/p>\n<ol start=\"1\">\n<li><b>Myrcene:<\/b> <b>To<\/b> Terpen niesie ze sob\u0105 <b>s\u0142odkie, jagodowe nuty<\/b> z. <b>To<\/b> jest najobficiej wyst\u0119puj\u0105cym terpenem w konopiach indyjskich. <b>Farmakologiczne<\/b> mircen staje si\u0119 \u015brodkiem uspokajaj\u0105cym, <b>\u015brodek zwiotczaj\u0105cy mi\u0119\u015bnie<\/b> efekt, kt\u00f3ry wzmacnia sk\u0142adnik indica w Blue Dream.<\/li>\n<li><b>Alfa-pinen:<\/b> <b>To<\/b> zapewnia <b>Lekkie zio\u0142owe i sosnowe aromaty<\/b> Uwagi. <b>To<\/b> Terpen jest znany ze swoich <b>w\u0142a\u015bciwo\u015bci rozszerzaj\u0105ce oskrzela<\/b> znany. <b>Przede wszystkim<\/b> zak\u0142ada si\u0119, \u017ce alfa-pinen <b>jasno\u015b\u0107 umys\u0142u<\/b> i \u0142agodzi upo\u015bledzenie pami\u0119ci spowodowane przez THC.<\/li>\n<li><b>Limonki:<\/b> <b>To<\/b> kontroluje <b>Nuty cytrusowe<\/b> i jest powi\u0105zana z genetyk\u0105 Haze Sativa. <b>Limes<\/b> jest uznawany za potencjalnie <b>podnosz\u0105cy na duchu<\/b> i w\u0142a\u015bciwo\u015bci anksjolityczne (przeciwl\u0119kowe).<\/li>\n<\/ol>\n<p><b>Podsumowuj\u0105c:<\/b> Ten profil terpenowy wyja\u015bnia zjawisko, \u017ce Blue Dream jednocze\u015bnie <b>Rewitalizuj\u0105cy i uspokajaj\u0105cy<\/b> mo\u017ce mie\u0107 wp\u0142yw. <b>Smak<\/b> jest <b>mi\u0119kki, kremowy<\/b> i przypomina s\u0142odkie jagody, dope\u0142nione nut\u0105 ziemi i cytrus\u00f3w.<\/p>\n<h2><b>Dzia\u0142anie farmakologiczne i zainteresowanie zastosowaniem<\/b><\/h2>\n<p>Profil dzia\u0142ania Blue Dream jest opisany w literaturze naukowej jako <b>Poprawiaj\u0105cy nastr\u00f3j, rewitalizuj\u0105cy i jednocze\u015bnie \u0142agodz\u0105cy napi\u0119cie<\/b> opisane.<\/p>\n<ul>\n<li><b>Wp\u0142yw Sativa (duchowy):<\/b> Silna zawarto\u015b\u0107 sativy sprzyja <b>Energia, skupienie i kreatywno\u015b\u0107<\/b>. <b>Dlatego<\/b> odmiana ta jest cz\u0119sto u\u017cywana do <b>Pory dnia<\/b> zalecane, w kt\u00f3rych aktywno\u015b\u0107 umys\u0142owa lub <b>praca tw\u00f3rcza<\/b> jest wymagany.<\/li>\n<li><b>Wp\u0142yw Indica (fizyczny):<\/b> <b>Jednocze\u015bnie<\/b> Cz\u0119\u015b\u0107 indica genetyki Blueberry zapewnia, \u017ce <b>uwolnione napi\u0119cia fizyczne<\/b> sta\u0107 si\u0119. <b>To<\/b> nadaje temu do\u015bwiadczeniu przyjemny fizyczny spok\u00f3j.<\/li>\n<li><b>R\u00f3wnowaga:<\/b> <b>Wiele raport\u00f3w<\/b> opisuj\u0105 ten efekt jako <b>Czysto w g\u0142owie<\/b>, ale <b>G\u0142\u0119bokie odpr\u0119\u017cenie w ciele<\/b>. <b>Tak wi\u0119c<\/b> Blue Dream jest idealny dla os\u00f3b prowadz\u0105cych aktywny tryb \u017cycia i poszukuj\u0105cych lekkiego relaksu. <b>Mo\u017cliwo\u015bci zastosowania<\/b> od promowania <b>Kreatywno\u015b\u0107 i skupienie<\/b> wsparcie z <b>Redukcja stresu i relaksacja<\/b>.<\/li>\n<\/ul>","protected":false},"excerpt":{"rendered":"<p data-start=\"3458\" data-end=\"3616\">Blue Dream - hybryda z dominacj\u0105 Sativy (17-24 % THC) o owocowo-s\u0142odkim smaku. O\u017cywczy, wyra\u017any i relaksuj\u0105cy jednocze\u015bnie. Prawdziwa odmiana premium dla koneser\u00f3w.<\/p>","protected":false},"featured_media":7377,"comment_status":"open","ping_status":"closed","template":"","meta":{"_joinchat":[]},"product_brand":[],"product_cat":[62],"product_tag":[],"class_list":{"0":"post-7340","1":"product","2":"type-product","3":"status-publish","4":"has-post-thumbnail","6":"product_cat-marijuana","8":"first","9":"instock","10":"shipping-taxable","11":"purchasable","12":"product-type-variable"},"yoast_head":"<!-- This site is optimized with the Yoast SEO plugin v27.5 - https:\/\/yoast.com\/product\/yoast-seo-wordpress\/ -->\n<title>Blue Dream Sativa Hybrid kaufen | 17\u201324% THC Genuss<\/title>\n<meta name=\"description\" content=\"Blue Dream kaufen \u2013 Sativa-dominanter Hybrid mit 17\u201324% THC. Fruchtig, klar und entspannend. Premiumqualit\u00e4t jetzt diskret online bestellen!\" \/>\n<meta name=\"robots\" content=\"index, follow, max-snippet:-1, max-image-preview:large, max-video-preview:-1\" \/>\n<link rel=\"canonical\" href=\"https:\/\/chemgramx.com\/pl\/produkt-1\/blue-dream-sativa-dominujaca-odmiana-hybrydowa-17-24-thc\/\" \/>\n<meta property=\"og:locale\" content=\"pl_PL\" \/>\n<meta property=\"og:type\" content=\"article\" \/>\n<meta property=\"og:title\" content=\"Blue Dream Sativa Hybrid kaufen | 17\u201324% THC Genuss\" \/>\n<meta property=\"og:description\" content=\"Blue Dream kaufen \u2013 Sativa-dominanter Hybrid mit 17\u201324% THC. Fruchtig, klar und entspannend. Premiumqualit\u00e4t jetzt diskret online bestellen!\" \/>\n<meta property=\"og:url\" content=\"https:\/\/chemgramx.com\/pl\/produkt-1\/blue-dream-sativa-dominujaca-odmiana-hybrydowa-17-24-thc\/\" \/>\n<meta property=\"og:site_name\" content=\"Chemgramx\" \/>\n<meta property=\"article:modified_time\" content=\"2025-11-21T11:17:15+00:00\" \/>\n<meta property=\"og:image\" content=\"https:\/\/chemgramx.com\/wp-content\/uploads\/2025\/11\/blue-dream-sativa-dominant-hybrid-strain-17-24-thc.jpg\" \/>\n\t<meta property=\"og:image:width\" content=\"800\" \/>\n\t<meta property=\"og:image:height\" content=\"800\" \/>\n\t<meta property=\"og:image:type\" content=\"image\/jpeg\" \/>\n<meta name=\"twitter:card\" content=\"summary_large_image\" \/>\n<meta name=\"twitter:label1\" content=\"Szacowany czas czytania\" \/>\n\t<meta name=\"twitter:data1\" content=\"3 minuty\" \/>\n<script type=\"application\/ld+json\" class=\"yoast-schema-graph\">{\"@context\":\"https:\\\/\\\/schema.org\",\"@graph\":[{\"@type\":\"WebPage\",\"@id\":\"https:\\\/\\\/chemgramx.com\\\/product\\\/blue-dream-sativa-dominant-hybrid-strain-17-24-thc\\\/\",\"url\":\"https:\\\/\\\/chemgramx.com\\\/product\\\/blue-dream-sativa-dominant-hybrid-strain-17-24-thc\\\/\",\"name\":\"Blue Dream Sativa Hybrid kaufen | 17\u201324% THC Genuss\",\"isPartOf\":{\"@id\":\"https:\\\/\\\/chemgramx.com\\\/#website\"},\"primaryImageOfPage\":{\"@id\":\"https:\\\/\\\/chemgramx.com\\\/product\\\/blue-dream-sativa-dominant-hybrid-strain-17-24-thc\\\/#primaryimage\"},\"image\":{\"@id\":\"https:\\\/\\\/chemgramx.com\\\/product\\\/blue-dream-sativa-dominant-hybrid-strain-17-24-thc\\\/#primaryimage\"},\"thumbnailUrl\":\"https:\\\/\\\/chemgramx.com\\\/wp-content\\\/uploads\\\/2025\\\/11\\\/blue-dream-sativa-dominant-hybrid-strain-17-24-thc.jpg\",\"datePublished\":\"2025-11-21T11:15:14+00:00\",\"dateModified\":\"2025-11-21T11:17:15+00:00\",\"description\":\"Blue Dream kaufen \u2013 Sativa-dominanter Hybrid mit 17\u201324% THC. Fruchtig, klar und entspannend. Premiumqualit\u00e4t jetzt diskret online bestellen!\",\"breadcrumb\":{\"@id\":\"https:\\\/\\\/chemgramx.com\\\/product\\\/blue-dream-sativa-dominant-hybrid-strain-17-24-thc\\\/#breadcrumb\"},\"inLanguage\":\"pl-PL\",\"potentialAction\":[{\"@type\":\"ReadAction\",\"target\":[\"https:\\\/\\\/chemgramx.com\\\/product\\\/blue-dream-sativa-dominant-hybrid-strain-17-24-thc\\\/\"]}]},{\"@type\":\"ImageObject\",\"inLanguage\":\"pl-PL\",\"@id\":\"https:\\\/\\\/chemgramx.com\\\/product\\\/blue-dream-sativa-dominant-hybrid-strain-17-24-thc\\\/#primaryimage\",\"url\":\"https:\\\/\\\/chemgramx.com\\\/wp-content\\\/uploads\\\/2025\\\/11\\\/blue-dream-sativa-dominant-hybrid-strain-17-24-thc.jpg\",\"contentUrl\":\"https:\\\/\\\/chemgramx.com\\\/wp-content\\\/uploads\\\/2025\\\/11\\\/blue-dream-sativa-dominant-hybrid-strain-17-24-thc.jpg\",\"width\":800,\"height\":800},{\"@type\":\"BreadcrumbList\",\"@id\":\"https:\\\/\\\/chemgramx.com\\\/product\\\/blue-dream-sativa-dominant-hybrid-strain-17-24-thc\\\/#breadcrumb\",\"itemListElement\":[{\"@type\":\"ListItem\",\"position\":1,\"name\":\"Home\",\"item\":\"https:\\\/\\\/chemgramx.com\\\/\"},{\"@type\":\"ListItem\",\"position\":2,\"name\":\"Shop\",\"item\":\"https:\\\/\\\/chemgramx.com\\\/shop\\\/\"},{\"@type\":\"ListItem\",\"position\":3,\"name\":\"Blue Dream Sativa Dominant Hybrid Strain 17% &#8211; 24% THC\"}]},{\"@type\":\"WebSite\",\"@id\":\"https:\\\/\\\/chemgramx.com\\\/#website\",\"url\":\"https:\\\/\\\/chemgramx.com\\\/\",\"name\":\"Chemgramx\",\"description\":\"\",\"publisher\":{\"@id\":\"https:\\\/\\\/chemgramx.com\\\/#organization\"},\"potentialAction\":[{\"@type\":\"SearchAction\",\"target\":{\"@type\":\"EntryPoint\",\"urlTemplate\":\"https:\\\/\\\/chemgramx.com\\\/?s={search_term_string}\"},\"query-input\":{\"@type\":\"PropertyValueSpecification\",\"valueRequired\":true,\"valueName\":\"search_term_string\"}}],\"inLanguage\":\"pl-PL\"},{\"@type\":\"Organization\",\"@id\":\"https:\\\/\\\/chemgramx.com\\\/#organization\",\"name\":\"Chemgramx\",\"url\":\"https:\\\/\\\/chemgramx.com\\\/\",\"logo\":{\"@type\":\"ImageObject\",\"inLanguage\":\"pl-PL\",\"@id\":\"https:\\\/\\\/chemgramx.com\\\/#\\\/schema\\\/logo\\\/image\\\/\",\"url\":\"https:\\\/\\\/chemgramx.com\\\/wp-content\\\/uploads\\\/2024\\\/10\\\/final-logo.png\",\"contentUrl\":\"https:\\\/\\\/chemgramx.com\\\/wp-content\\\/uploads\\\/2024\\\/10\\\/final-logo.png\",\"width\":250,\"height\":48,\"caption\":\"Chemgramx\"},\"image\":{\"@id\":\"https:\\\/\\\/chemgramx.com\\\/#\\\/schema\\\/logo\\\/image\\\/\"}}]}<\/script>\n<!-- \/ Yoast SEO plugin. -->","yoast_head_json":{"title":"Kup Blue Dream Sativa Hybrid | 17-24% THC Pleasure","description":"Kup Blue Dream - hybryd\u0119 z dominacj\u0105 Sativy z 17-24% THC. Owocowy, wyra\u017any i relaksuj\u0105cy. Zam\u00f3w najwy\u017cszej jako\u015bci dyskretnie online ju\u017c teraz!","robots":{"index":"index","follow":"follow","max-snippet":"max-snippet:-1","max-image-preview":"max-image-preview:large","max-video-preview":"max-video-preview:-1"},"canonical":"https:\/\/chemgramx.com\/pl\/produkt-1\/blue-dream-sativa-dominujaca-odmiana-hybrydowa-17-24-thc\/","og_locale":"pl_PL","og_type":"article","og_title":"Blue Dream Sativa Hybrid kaufen | 17\u201324% THC Genuss","og_description":"Blue Dream kaufen \u2013 Sativa-dominanter Hybrid mit 17\u201324% THC. Fruchtig, klar und entspannend. Premiumqualit\u00e4t jetzt diskret online bestellen!","og_url":"https:\/\/chemgramx.com\/pl\/produkt-1\/blue-dream-sativa-dominujaca-odmiana-hybrydowa-17-24-thc\/","og_site_name":"Chemgramx","article_modified_time":"2025-11-21T11:17:15+00:00","og_image":[{"width":800,"height":800,"url":"https:\/\/chemgramx.com\/wp-content\/uploads\/2025\/11\/blue-dream-sativa-dominant-hybrid-strain-17-24-thc.jpg","type":"image\/jpeg"}],"twitter_card":"summary_large_image","twitter_misc":{"Szacowany czas czytania":"3 minuty"},"schema":{"@context":"https:\/\/schema.org","@graph":[{"@type":"WebPage","@id":"https:\/\/chemgramx.com\/product\/blue-dream-sativa-dominant-hybrid-strain-17-24-thc\/","url":"https:\/\/chemgramx.com\/product\/blue-dream-sativa-dominant-hybrid-strain-17-24-thc\/","name":"Kup Blue Dream Sativa Hybrid | 17-24% THC Pleasure","isPartOf":{"@id":"https:\/\/chemgramx.com\/#website"},"primaryImageOfPage":{"@id":"https:\/\/chemgramx.com\/product\/blue-dream-sativa-dominant-hybrid-strain-17-24-thc\/#primaryimage"},"image":{"@id":"https:\/\/chemgramx.com\/product\/blue-dream-sativa-dominant-hybrid-strain-17-24-thc\/#primaryimage"},"thumbnailUrl":"https:\/\/chemgramx.com\/wp-content\/uploads\/2025\/11\/blue-dream-sativa-dominant-hybrid-strain-17-24-thc.jpg","datePublished":"2025-11-21T11:15:14+00:00","dateModified":"2025-11-21T11:17:15+00:00","description":"Kup Blue Dream - hybryd\u0119 z dominacj\u0105 Sativy z 17-24% THC. Owocowy, wyra\u017any i relaksuj\u0105cy. Zam\u00f3w najwy\u017cszej jako\u015bci dyskretnie online ju\u017c teraz!","breadcrumb":{"@id":"https:\/\/chemgramx.com\/product\/blue-dream-sativa-dominant-hybrid-strain-17-24-thc\/#breadcrumb"},"inLanguage":"pl-PL","potentialAction":[{"@type":"ReadAction","target":["https:\/\/chemgramx.com\/product\/blue-dream-sativa-dominant-hybrid-strain-17-24-thc\/"]}]},{"@type":"ImageObject","inLanguage":"pl-PL","@id":"https:\/\/chemgramx.com\/product\/blue-dream-sativa-dominant-hybrid-strain-17-24-thc\/#primaryimage","url":"https:\/\/chemgramx.com\/wp-content\/uploads\/2025\/11\/blue-dream-sativa-dominant-hybrid-strain-17-24-thc.jpg","contentUrl":"https:\/\/chemgramx.com\/wp-content\/uploads\/2025\/11\/blue-dream-sativa-dominant-hybrid-strain-17-24-thc.jpg","width":800,"height":800},{"@type":"BreadcrumbList","@id":"https:\/\/chemgramx.com\/product\/blue-dream-sativa-dominant-hybrid-strain-17-24-thc\/#breadcrumb","itemListElement":[{"@type":"ListItem","position":1,"name":"Home","item":"https:\/\/chemgramx.com\/"},{"@type":"ListItem","position":2,"name":"Shop","item":"https:\/\/chemgramx.com\/shop\/"},{"@type":"ListItem","position":3,"name":"Blue Dream Sativa Dominant Hybrid Strain 17% &#8211; 24% THC"}]},{"@type":"WebSite","@id":"https:\/\/chemgramx.com\/#website","url":"https:\/\/chemgramx.com\/","name":"Chemgramx","description":"","publisher":{"@id":"https:\/\/chemgramx.com\/#organization"},"potentialAction":[{"@type":"SearchAction","target":{"@type":"EntryPoint","urlTemplate":"https:\/\/chemgramx.com\/?s={search_term_string}"},"query-input":{"@type":"PropertyValueSpecification","valueRequired":true,"valueName":"search_term_string"}}],"inLanguage":"pl-PL"},{"@type":"Organization","@id":"https:\/\/chemgramx.com\/#organization","name":"Chemgramx","url":"https:\/\/chemgramx.com\/","logo":{"@type":"ImageObject","inLanguage":"pl-PL","@id":"https:\/\/chemgramx.com\/#\/schema\/logo\/image\/","url":"https:\/\/chemgramx.com\/wp-content\/uploads\/2024\/10\/final-logo.png","contentUrl":"https:\/\/chemgramx.com\/wp-content\/uploads\/2024\/10\/final-logo.png","width":250,"height":48,"caption":"Chemgramx"},"image":{"@id":"https:\/\/chemgramx.com\/#\/schema\/logo\/image\/"}}]}},"_links":{"self":[{"href":"https:\/\/chemgramx.com\/pl\/wp-json\/wp\/v2\/product\/7340","targetHints":{"allow":["GET"]}}],"collection":[{"href":"https:\/\/chemgramx.com\/pl\/wp-json\/wp\/v2\/product"}],"about":[{"href":"https:\/\/chemgramx.com\/pl\/wp-json\/wp\/v2\/types\/product"}],"replies":[{"embeddable":true,"href":"https:\/\/chemgramx.com\/pl\/wp-json\/wp\/v2\/comments?post=7340"}],"wp:featuredmedia":[{"embeddable":true,"href":"https:\/\/chemgramx.com\/pl\/wp-json\/wp\/v2\/media\/7377"}],"wp:attachment":[{"href":"https:\/\/chemgramx.com\/pl\/wp-json\/wp\/v2\/media?parent=7340"}],"wp:term":[{"taxonomy":"product_brand","embeddable":true,"href":"https:\/\/chemgramx.com\/pl\/wp-json\/wp\/v2\/product_brand?post=7340"},{"taxonomy":"product_cat","embeddable":true,"href":"https:\/\/chemgramx.com\/pl\/wp-json\/wp\/v2\/product_cat?post=7340"},{"taxonomy":"product_tag","embeddable":true,"href":"https:\/\/chemgramx.com\/pl\/wp-json\/wp\/v2\/product_tag?post=7340"}],"curies":[{"name":"wp","href":"https:\/\/api.w.org\/{rel}","templated":true}]}}