{"id":7341,"date":"2025-11-21T11:15:14","date_gmt":"2025-11-21T11:15:14","guid":{"rendered":"https:\/\/chemgramx.com\/?post_type=product&#038;p=7341"},"modified":"2025-11-21T11:17:15","modified_gmt":"2025-11-21T11:17:15","slug":"guma-balonowa-indica-odmiana-hybrydowa-15-19-thc","status":"publish","type":"product","link":"https:\/\/chemgramx.com\/pl\/product\/bubble-gum-indica-hybrid-strain-15-19-thc\/","title":{"rendered":"Odmiana hybrydowa Bubble Gum Indica 15% - 19% THC"},"content":{"rendered":"<p>R\u00f3\u017cnorodno\u015b\u0107 <b>Guma balonowa<\/b> okaza\u0142 si\u0119 by\u0107 <b>Klasyczna, zr\u00f3wnowa\u017cona hybryda z dominacj\u0105 Indica<\/b> ustanowione w badaniach botanicznych i farmakologicznych. <b>Ty<\/b> jest wysoko ceniona, nie tylko ze wzgl\u0119du na jej <b>charakterystyczne w\u0142a\u015bciwo\u015bci sensoryczne<\/b>, ale tak\u017ce ze wzgl\u0119du na ich <b>kontrolowany, harmonijny profil efektu<\/b>. <b>Prosto<\/b> R\u00f3wnowaga ta sprawia, \u017ce jest to wa\u017cny obiekt bada\u0144 w por\u00f3wnaniu z wyj\u0105tkowo silnymi lub wysoce uspokajaj\u0105cymi szczepami.<\/p>\n<p>Ten artyku\u0142 oferuje <b>Kompleksowe, naukowe badanie<\/b> pochodzenie genetyczne, z\u0142o\u017cona chemia profilu terpenowego, efekty farmakologiczne i potrzeba \u015bcis\u0142ych norm jako\u015bci dla odmian konopi indyjskich, kt\u00f3re zazwyczaj wahaj\u0105 si\u0119 pomi\u0119dzy <b>15 % i 19 % THC<\/b> k\u0142amstwo. <b>W szczeg\u00f3lno\u015bci<\/b> czynniki, kt\u00f3re prowadz\u0105 do jej charakterystycznej nazwy.<\/p>\n<h2><b>Podstawy genetyczne i botaniczne hybrydy<\/b><\/h2>\n<p>Rozw\u00f3j gumy balonowej jest przyk\u0142adem <b>Udana mi\u0119dzynarodowa praca hodowlana<\/b>. <b>Ty<\/b> ma na celu stworzenie optymalnej r\u00f3wnowagi mi\u0119dzy g\u0142\u0119bokim relaksem a jasno\u015bci\u0105 umys\u0142u.<\/p>\n<h3><b>Ewolucja genetyki<\/b><\/h3>\n<p>Pocz\u0105tki tej odmiany le\u017c\u0105 w <b>pierwszy<\/b> w Stanach Zjednoczonych, gdzie przeprowadzono starann\u0105 selekcj\u0119 fenotyp\u00f3w konopi. <b>Te<\/b> obejmowa\u0142y zar\u00f3wno <b>Indica<\/b> jak r\u00f3wnie\u017c <b>W\u0142a\u015bciwo\u015bci Sativa<\/b>. <b>P\u00f3\u017aniej<\/b> Genetyka zosta\u0142a dopracowana i ustabilizowana w Holandii, centrum nowoczesnej hodowli konopi. <b>Wynik<\/b> jest solidn\u0105, \u015brednio-wysok\u0105 hybryd\u0105 z wyra\u017an\u0105 tendencj\u0105 w kierunku <a href=\"\/product\/alchemist-afghani-hash-kaufen\/\"><b>Dominacja Indica<\/b><\/a>. <b>Te<\/b> znajduje odzwierciedlenie w zwartej strukturze kwiatu i fizycznie uspokajaj\u0105cym dzia\u0142aniu.<\/p>\n<ul>\n<li><b>Morfologia:<\/b> <b>Z botanicznego punktu widzenia<\/b> Bubble Gum charakteryzuje si\u0119 \u015brednim wzrostem i <b>silny pokr\u00f3j<\/b> od.<\/li>\n<li><b>Struktura kwiatu:<\/b> Kwiaty lub p\u0105ki s\u0105 zazwyczaj <b>G\u0119sta, j\u0119drna i zwarta<\/b>. <b>To<\/b> jest wyra\u017anym dziedzictwem genetyki Indica.<\/li>\n<li><b>Produkcja \u017cywicy:<\/b> <b>Chocia\u017c<\/b> zawarto\u015b\u0107 THC mie\u015bci si\u0119 w umiarkowanym zakresie, to <b>Produkcja w\u0142osk\u00f3w<\/b> cz\u0119sto obfite. <b>Te<\/b> Gruczo\u0142y \u017cywiczne to fabryki, w kt\u00f3rych syntetyzowane s\u0105 kannabinoidy i terpeny. <b>Dlatego<\/b> s\u0142u\u017c\u0105 jako wska\u017anik potencjalnej intensywno\u015bci aromatycznej odmiany.<\/li>\n<\/ul>\n<h3><b>Spektrum mocy i kontrola aplikacji<\/b><\/h3>\n<p>Dzi\u0119ki zawarto\u015bci THC na poziomie od 15 % do 19 %, Bubble Gum pozycjonuje si\u0119 jako odmiana, kt\u00f3ra jest odpowiednia dla <b>Aplikacja kontrolowana<\/b> jest szczeg\u00f3lnie odpowiedni. <b>Te<\/b> Umiarkowana si\u0142a dzia\u0142ania jest idealna dla scenariuszy badawczych, w kt\u00f3rych <b>Przeci\u0105\u017cenie<\/b> z powodu ekstremalnie wysokich poziom\u00f3w THC (ponad 25 %). <b>Ponadto<\/b> spektrum od 15 do 19 % umo\u017cliwia <b>Przewidywalny i d\u0142ugotrwa\u0142y efekt<\/b>. <b>W rzeczywisto\u015bci<\/b> Stwarza to lepsz\u0105 podstaw\u0119 dla sp\u00f3jnych wynik\u00f3w bada\u0144. <b>W konsekwencji<\/b> odmiana ta jest cz\u0119sto okre\u015blana jako <b>Benchmark<\/b> dla zr\u00f3wnowa\u017conych hybryd.<\/p>\n<h2><b>Profil terpenowy i synergiczny efekt \u201egumy balonowej\u201c<\/b><\/h2>\n<p>Nazwa odmiany jest bezpo\u015bredni\u0105 pochodn\u0105 jej nazwy <b>unikalny profil sensoryczny<\/b>. <b>To<\/b> Z\u0142o\u017cony profil sensoryczny jest tworzony przez specyficzn\u0105 kombinacj\u0119 terpen\u00f3w.<\/p>\n<h3><b>Sk\u0142adniki chemiczne aromatu<\/b><\/h3>\n<p>Smak jest z\u0142o\u017cony i \u0142\u0105czy w sobie s\u0142odycz gumy do \u017cucia z zio\u0142owymi nutami. <b>Analiza chemiczna<\/b> wskazuje st\u0119\u017cenie nast\u0119puj\u0105cych terpen\u00f3w:<\/p>\n<ul>\n<li><b>Limonka (owocowo\u015b\u0107 i s\u0142odycz):<\/b> <b>To<\/b> Terpen jest odpowiedzialny za wyra\u017ane <b>s\u0142odkie, cukierkowe i owocowe nuty<\/b> odpowiedzialny. <b>W tym celu<\/b> zawieraj\u0105 akcenty jagodowe i truskawkowe. <b>Naukowy<\/b> limonki s\u0105 cz\u0119sto \u0142\u0105czone z <b>podnosz\u0105cy na duchu<\/b> i w\u0142a\u015bciwo\u015bci anksjolityczne (\u0142agodz\u0105ce niepok\u00f3j). <b>Ponadto<\/b> mo\u017ce przyczyni\u0107 si\u0119 do og\u00f3lnego efektu cz\u0119\u015bci sativowej.<\/li>\n<li><b>Myrcene (relaksacja i uziemienie):<\/b> <b>Jak<\/b> mircen, najobficiej wyst\u0119puj\u0105cy terpen w konopiach indyjskich, przyczynia si\u0119 do <b>fizyczne uspokojenie<\/b> z. <b>To<\/b> stanowi podstaw\u0119 profilu z <b>ziemiste i korzenne nuty bazy<\/b>. <b>Dlatego<\/b> Jest to g\u0142\u00f3wny czynnik odpowiedzialny za efekt Indica.<\/li>\n<li><b>Kariofilen (smak i z\u0142o\u017cono\u015b\u0107):<\/b> <b>To<\/b> zapewnia pikantne akcenty i mo\u017ce by\u0107 potencjalnie u\u017cyty do <b>relaksacja fizyczna<\/b> przyczyni\u0107 si\u0119. <b>Niezwykle<\/b> Jest to jedyny terpen, o kt\u00f3rym wiadomo, \u017ce wi\u0105\u017ce si\u0119 z receptorami kannabinoidowymi (szczeg\u00f3lnie CB2), co zwi\u0119ksza jego korzy\u015bci terapeutyczne.<\/li>\n<\/ul>\n<h4><b>Wp\u0142yw na do\u015bwiadczenie<\/b><\/h4>\n<p><b>Efekt synergii<\/b> tych terpen\u00f3w z THC prowadzi do <b>zr\u00f3wnowa\u017cone do\u015bwiadczenie<\/b>. Stymulacja m\u00f3zgowa limonenu i sk\u0142adnika sativy jest delikatnie \u0142agodzona przez g\u0142\u0119boki fizyczny spok\u00f3j mircenu. <b>Dlatego<\/b> efekt jest opisany jako <b>Delikatnie euforyczny i relaksuj\u0105cy<\/b> opisane. <b>Ty<\/b> nie prowadzi do powa\u017cnego zm\u0119czenia lub upo\u015bledzenia funkcji poznawczych. <b>Podsumowuj\u0105c<\/b>, terpeny wyra\u017anie moduluj\u0105 dzia\u0142anie THC.<\/p>\n<h2><b>Znaczenie farmakologiczne i potencja\u0142 aplikacyjny<\/b><\/h2>\n<p>Jednolity i przewidywalny efekt sprawia, \u017ce guma balonowa jest wszechstronnym obiektem badawczym do r\u00f3\u017cnych zastosowa\u0144.<\/p>\n<h3><b>Charakterystyczne wzorce efekt\u00f3w i badania aplikacyjne<\/b><\/h3>\n<p>Raporty wskazuj\u0105 na nast\u0119puj\u0105ce charakterystyczne wzorce efekt\u00f3w:<\/p>\n<ul>\n<li><b>Odpoczynek fizyczny:<\/b> Dominacja Indica zapewnia <b>G\u0142\u0119bokie rozlu\u017anienie mi\u0119\u015bni<\/b>. <b>To<\/b> sprawia, \u017ce odmiana jest odpowiednia do u\u017cytku wieczornego. <b>Mo\u017cna by<\/b> Celem jest zbadanie z\u0142agodzenia napi\u0119cia mi\u0119\u015bniowego.<\/li>\n<li><b>Relaks psychiczny:<\/b> <b>Jednocze\u015bnie<\/b> staje si\u0119 <b>Jasny, pozytywny stan umys\u0142u<\/b> obs\u0142ugiwane. <b>To<\/b> Delikatny wp\u0142yw sativy jest idealny dla <b>wy\u0142\u0105czenie<\/b> bez powa\u017cnego ograniczania funkcji poznawczych.<\/li>\n<li><b>Poprawa nastroju:<\/b> <b>Ty<\/b> jest uwa\u017cany za potencjalnie przydatny do promowania <b>Spokojna, zrelaksowana atmosfera<\/b> i do <b>Wsparcie w redukcji stresu<\/b>.<\/li>\n<\/ul>\n<h3><b>Potencja\u0142 badawczy<\/b><\/h3>\n<p>Po\u0142\u0105czenie umiarkowanej si\u0142y dzia\u0142ania i harmonijnego efektu sprawia, \u017ce guma balonowa jest interesuj\u0105ca dla bada\u0144 w nast\u0119puj\u0105cych obszarach:<\/p>\n<ul>\n<li><b>Zarz\u0105dzanie stresem:<\/b> <b>Mo\u017cna by<\/b> aby zbada\u0107, w jakim stopniu ta odmiana mo\u017ce pom\u00f3c z\u0142agodzi\u0107 codzienny stres.<\/li>\n<li><b>Indukcja snu (\u0142agodna):<\/b> <b>The<\/b> Dzia\u0142anie uspokajaj\u0105ce jest interesuj\u0105ce dla bada\u0144 wspieraj\u0105cych zasypianie bez silnej sedacji.<\/li>\n<\/ul>","protected":false},"excerpt":{"rendered":"<p data-start=\"3318\" data-end=\"3464\">Bubble Gum - hybryda z dominacj\u0105 Indica (15-19 % THC) o s\u0142odkim, owocowym smaku. Delikatne odpr\u0119\u017cenie i jasno\u015b\u0107 umys\u0142u - idealna na spokojne wieczory.<\/p>","protected":false},"featured_media":7378,"comment_status":"open","ping_status":"closed","template":"","meta":{"_joinchat":[]},"product_brand":[],"product_cat":[62],"product_tag":[],"class_list":{"0":"post-7341","1":"product","2":"type-product","3":"status-publish","4":"has-post-thumbnail","6":"product_cat-marijuana","8":"first","9":"instock","10":"shipping-taxable","11":"purchasable","12":"product-type-variable"},"yoast_head":"<!-- This site is optimized with the Yoast SEO plugin v27.5 - https:\/\/yoast.com\/product\/yoast-seo-wordpress\/ -->\n<title>Bubble Gum Hybrid kaufen | 15\u201319% THC Entspannung<\/title>\n<meta name=\"description\" content=\"Bubble Gum kaufen \u2013 s\u00fc\u00dfes Aroma, 15\u201319% THC, entspannende Wirkung. Klassischer Hybrid in Premiumqualit\u00e4t. Jetzt diskret online bestellen!\" \/>\n<meta name=\"robots\" content=\"index, follow, max-snippet:-1, max-image-preview:large, max-video-preview:-1\" \/>\n<link rel=\"canonical\" href=\"https:\/\/chemgramx.com\/pl\/produkt-1\/guma-balonowa-indica-odmiana-hybrydowa-15-19-thc\/\" \/>\n<meta property=\"og:locale\" content=\"pl_PL\" \/>\n<meta property=\"og:type\" content=\"article\" \/>\n<meta property=\"og:title\" content=\"Bubble Gum Hybrid kaufen | 15\u201319% THC Entspannung\" \/>\n<meta property=\"og:description\" content=\"Bubble Gum kaufen \u2013 s\u00fc\u00dfes Aroma, 15\u201319% THC, entspannende Wirkung. Klassischer Hybrid in Premiumqualit\u00e4t. Jetzt diskret online bestellen!\" \/>\n<meta property=\"og:url\" content=\"https:\/\/chemgramx.com\/pl\/produkt-1\/guma-balonowa-indica-odmiana-hybrydowa-15-19-thc\/\" \/>\n<meta property=\"og:site_name\" content=\"Chemgramx\" \/>\n<meta property=\"article:modified_time\" content=\"2025-11-21T11:17:15+00:00\" \/>\n<meta property=\"og:image\" content=\"https:\/\/chemgramx.com\/wp-content\/uploads\/2025\/11\/bubble-gum-indica-hybrid-strain-15-19-thc.jpg\" \/>\n\t<meta property=\"og:image:width\" content=\"800\" \/>\n\t<meta property=\"og:image:height\" content=\"800\" \/>\n\t<meta property=\"og:image:type\" content=\"image\/jpeg\" \/>\n<meta name=\"twitter:card\" content=\"summary_large_image\" \/>\n<meta name=\"twitter:label1\" content=\"Szacowany czas czytania\" \/>\n\t<meta name=\"twitter:data1\" content=\"4 minuty\" \/>\n<script type=\"application\/ld+json\" class=\"yoast-schema-graph\">{\"@context\":\"https:\\\/\\\/schema.org\",\"@graph\":[{\"@type\":\"WebPage\",\"@id\":\"https:\\\/\\\/chemgramx.com\\\/product\\\/bubble-gum-indica-hybrid-strain-15-19-thc\\\/\",\"url\":\"https:\\\/\\\/chemgramx.com\\\/product\\\/bubble-gum-indica-hybrid-strain-15-19-thc\\\/\",\"name\":\"Bubble Gum Hybrid kaufen | 15\u201319% THC Entspannung\",\"isPartOf\":{\"@id\":\"https:\\\/\\\/chemgramx.com\\\/#website\"},\"primaryImageOfPage\":{\"@id\":\"https:\\\/\\\/chemgramx.com\\\/product\\\/bubble-gum-indica-hybrid-strain-15-19-thc\\\/#primaryimage\"},\"image\":{\"@id\":\"https:\\\/\\\/chemgramx.com\\\/product\\\/bubble-gum-indica-hybrid-strain-15-19-thc\\\/#primaryimage\"},\"thumbnailUrl\":\"https:\\\/\\\/chemgramx.com\\\/wp-content\\\/uploads\\\/2025\\\/11\\\/bubble-gum-indica-hybrid-strain-15-19-thc.jpg\",\"datePublished\":\"2025-11-21T11:15:14+00:00\",\"dateModified\":\"2025-11-21T11:17:15+00:00\",\"description\":\"Bubble Gum kaufen \u2013 s\u00fc\u00dfes Aroma, 15\u201319% THC, entspannende Wirkung. Klassischer Hybrid in Premiumqualit\u00e4t. Jetzt diskret online bestellen!\",\"breadcrumb\":{\"@id\":\"https:\\\/\\\/chemgramx.com\\\/product\\\/bubble-gum-indica-hybrid-strain-15-19-thc\\\/#breadcrumb\"},\"inLanguage\":\"pl-PL\",\"potentialAction\":[{\"@type\":\"ReadAction\",\"target\":[\"https:\\\/\\\/chemgramx.com\\\/product\\\/bubble-gum-indica-hybrid-strain-15-19-thc\\\/\"]}]},{\"@type\":\"ImageObject\",\"inLanguage\":\"pl-PL\",\"@id\":\"https:\\\/\\\/chemgramx.com\\\/product\\\/bubble-gum-indica-hybrid-strain-15-19-thc\\\/#primaryimage\",\"url\":\"https:\\\/\\\/chemgramx.com\\\/wp-content\\\/uploads\\\/2025\\\/11\\\/bubble-gum-indica-hybrid-strain-15-19-thc.jpg\",\"contentUrl\":\"https:\\\/\\\/chemgramx.com\\\/wp-content\\\/uploads\\\/2025\\\/11\\\/bubble-gum-indica-hybrid-strain-15-19-thc.jpg\",\"width\":800,\"height\":800},{\"@type\":\"BreadcrumbList\",\"@id\":\"https:\\\/\\\/chemgramx.com\\\/product\\\/bubble-gum-indica-hybrid-strain-15-19-thc\\\/#breadcrumb\",\"itemListElement\":[{\"@type\":\"ListItem\",\"position\":1,\"name\":\"Home\",\"item\":\"https:\\\/\\\/chemgramx.com\\\/\"},{\"@type\":\"ListItem\",\"position\":2,\"name\":\"Shop\",\"item\":\"https:\\\/\\\/chemgramx.com\\\/shop\\\/\"},{\"@type\":\"ListItem\",\"position\":3,\"name\":\"Bubble Gum Indica Hybrid Strain 15% &#8211; 19% THC\"}]},{\"@type\":\"WebSite\",\"@id\":\"https:\\\/\\\/chemgramx.com\\\/#website\",\"url\":\"https:\\\/\\\/chemgramx.com\\\/\",\"name\":\"Chemgramx\",\"description\":\"\",\"publisher\":{\"@id\":\"https:\\\/\\\/chemgramx.com\\\/#organization\"},\"potentialAction\":[{\"@type\":\"SearchAction\",\"target\":{\"@type\":\"EntryPoint\",\"urlTemplate\":\"https:\\\/\\\/chemgramx.com\\\/?s={search_term_string}\"},\"query-input\":{\"@type\":\"PropertyValueSpecification\",\"valueRequired\":true,\"valueName\":\"search_term_string\"}}],\"inLanguage\":\"pl-PL\"},{\"@type\":\"Organization\",\"@id\":\"https:\\\/\\\/chemgramx.com\\\/#organization\",\"name\":\"Chemgramx\",\"url\":\"https:\\\/\\\/chemgramx.com\\\/\",\"logo\":{\"@type\":\"ImageObject\",\"inLanguage\":\"pl-PL\",\"@id\":\"https:\\\/\\\/chemgramx.com\\\/#\\\/schema\\\/logo\\\/image\\\/\",\"url\":\"https:\\\/\\\/chemgramx.com\\\/wp-content\\\/uploads\\\/2024\\\/10\\\/final-logo.png\",\"contentUrl\":\"https:\\\/\\\/chemgramx.com\\\/wp-content\\\/uploads\\\/2024\\\/10\\\/final-logo.png\",\"width\":250,\"height\":48,\"caption\":\"Chemgramx\"},\"image\":{\"@id\":\"https:\\\/\\\/chemgramx.com\\\/#\\\/schema\\\/logo\\\/image\\\/\"}}]}<\/script>\n<!-- \/ Yoast SEO plugin. -->","yoast_head_json":{"title":"Kup Bubble Gum Hybrid | 15-19% THC Relaxation","description":"Kup Bubble Gum - s\u0142odki smak, 15-19% THC, relaksuj\u0105cy efekt. Klasyczna hybryda w jako\u015bci premium. Zam\u00f3w dyskretnie online ju\u017c teraz!","robots":{"index":"index","follow":"follow","max-snippet":"max-snippet:-1","max-image-preview":"max-image-preview:large","max-video-preview":"max-video-preview:-1"},"canonical":"https:\/\/chemgramx.com\/pl\/produkt-1\/guma-balonowa-indica-odmiana-hybrydowa-15-19-thc\/","og_locale":"pl_PL","og_type":"article","og_title":"Bubble Gum Hybrid kaufen | 15\u201319% THC Entspannung","og_description":"Bubble Gum kaufen \u2013 s\u00fc\u00dfes Aroma, 15\u201319% THC, entspannende Wirkung. Klassischer Hybrid in Premiumqualit\u00e4t. Jetzt diskret online bestellen!","og_url":"https:\/\/chemgramx.com\/pl\/produkt-1\/guma-balonowa-indica-odmiana-hybrydowa-15-19-thc\/","og_site_name":"Chemgramx","article_modified_time":"2025-11-21T11:17:15+00:00","og_image":[{"width":800,"height":800,"url":"https:\/\/chemgramx.com\/wp-content\/uploads\/2025\/11\/bubble-gum-indica-hybrid-strain-15-19-thc.jpg","type":"image\/jpeg"}],"twitter_card":"summary_large_image","twitter_misc":{"Szacowany czas czytania":"4 minuty"},"schema":{"@context":"https:\/\/schema.org","@graph":[{"@type":"WebPage","@id":"https:\/\/chemgramx.com\/product\/bubble-gum-indica-hybrid-strain-15-19-thc\/","url":"https:\/\/chemgramx.com\/product\/bubble-gum-indica-hybrid-strain-15-19-thc\/","name":"Kup Bubble Gum Hybrid | 15-19% THC Relaxation","isPartOf":{"@id":"https:\/\/chemgramx.com\/#website"},"primaryImageOfPage":{"@id":"https:\/\/chemgramx.com\/product\/bubble-gum-indica-hybrid-strain-15-19-thc\/#primaryimage"},"image":{"@id":"https:\/\/chemgramx.com\/product\/bubble-gum-indica-hybrid-strain-15-19-thc\/#primaryimage"},"thumbnailUrl":"https:\/\/chemgramx.com\/wp-content\/uploads\/2025\/11\/bubble-gum-indica-hybrid-strain-15-19-thc.jpg","datePublished":"2025-11-21T11:15:14+00:00","dateModified":"2025-11-21T11:17:15+00:00","description":"Kup Bubble Gum - s\u0142odki smak, 15-19% THC, relaksuj\u0105cy efekt. Klasyczna hybryda w jako\u015bci premium. Zam\u00f3w dyskretnie online ju\u017c teraz!","breadcrumb":{"@id":"https:\/\/chemgramx.com\/product\/bubble-gum-indica-hybrid-strain-15-19-thc\/#breadcrumb"},"inLanguage":"pl-PL","potentialAction":[{"@type":"ReadAction","target":["https:\/\/chemgramx.com\/product\/bubble-gum-indica-hybrid-strain-15-19-thc\/"]}]},{"@type":"ImageObject","inLanguage":"pl-PL","@id":"https:\/\/chemgramx.com\/product\/bubble-gum-indica-hybrid-strain-15-19-thc\/#primaryimage","url":"https:\/\/chemgramx.com\/wp-content\/uploads\/2025\/11\/bubble-gum-indica-hybrid-strain-15-19-thc.jpg","contentUrl":"https:\/\/chemgramx.com\/wp-content\/uploads\/2025\/11\/bubble-gum-indica-hybrid-strain-15-19-thc.jpg","width":800,"height":800},{"@type":"BreadcrumbList","@id":"https:\/\/chemgramx.com\/product\/bubble-gum-indica-hybrid-strain-15-19-thc\/#breadcrumb","itemListElement":[{"@type":"ListItem","position":1,"name":"Home","item":"https:\/\/chemgramx.com\/"},{"@type":"ListItem","position":2,"name":"Shop","item":"https:\/\/chemgramx.com\/shop\/"},{"@type":"ListItem","position":3,"name":"Bubble Gum Indica Hybrid Strain 15% &#8211; 19% THC"}]},{"@type":"WebSite","@id":"https:\/\/chemgramx.com\/#website","url":"https:\/\/chemgramx.com\/","name":"Chemgramx","description":"","publisher":{"@id":"https:\/\/chemgramx.com\/#organization"},"potentialAction":[{"@type":"SearchAction","target":{"@type":"EntryPoint","urlTemplate":"https:\/\/chemgramx.com\/?s={search_term_string}"},"query-input":{"@type":"PropertyValueSpecification","valueRequired":true,"valueName":"search_term_string"}}],"inLanguage":"pl-PL"},{"@type":"Organization","@id":"https:\/\/chemgramx.com\/#organization","name":"Chemgramx","url":"https:\/\/chemgramx.com\/","logo":{"@type":"ImageObject","inLanguage":"pl-PL","@id":"https:\/\/chemgramx.com\/#\/schema\/logo\/image\/","url":"https:\/\/chemgramx.com\/wp-content\/uploads\/2024\/10\/final-logo.png","contentUrl":"https:\/\/chemgramx.com\/wp-content\/uploads\/2024\/10\/final-logo.png","width":250,"height":48,"caption":"Chemgramx"},"image":{"@id":"https:\/\/chemgramx.com\/#\/schema\/logo\/image\/"}}]}},"_links":{"self":[{"href":"https:\/\/chemgramx.com\/pl\/wp-json\/wp\/v2\/product\/7341","targetHints":{"allow":["GET"]}}],"collection":[{"href":"https:\/\/chemgramx.com\/pl\/wp-json\/wp\/v2\/product"}],"about":[{"href":"https:\/\/chemgramx.com\/pl\/wp-json\/wp\/v2\/types\/product"}],"replies":[{"embeddable":true,"href":"https:\/\/chemgramx.com\/pl\/wp-json\/wp\/v2\/comments?post=7341"}],"wp:featuredmedia":[{"embeddable":true,"href":"https:\/\/chemgramx.com\/pl\/wp-json\/wp\/v2\/media\/7378"}],"wp:attachment":[{"href":"https:\/\/chemgramx.com\/pl\/wp-json\/wp\/v2\/media?parent=7341"}],"wp:term":[{"taxonomy":"product_brand","embeddable":true,"href":"https:\/\/chemgramx.com\/pl\/wp-json\/wp\/v2\/product_brand?post=7341"},{"taxonomy":"product_cat","embeddable":true,"href":"https:\/\/chemgramx.com\/pl\/wp-json\/wp\/v2\/product_cat?post=7341"},{"taxonomy":"product_tag","embeddable":true,"href":"https:\/\/chemgramx.com\/pl\/wp-json\/wp\/v2\/product_tag?post=7341"}],"curies":[{"name":"wp","href":"https:\/\/api.w.org\/{rel}","templated":true}]}}