{"id":7343,"date":"2025-11-21T11:15:15","date_gmt":"2025-11-21T11:15:15","guid":{"rendered":"https:\/\/chemgramx.com\/?post_type=product&#038;p=7343"},"modified":"2025-11-21T11:17:15","modified_gmt":"2025-11-21T11:17:15","slug":"odmiana-candy-jack-27-thc","status":"publish","type":"product","link":"https:\/\/chemgramx.com\/pl\/product\/candy-jack-strain-27-thc\/","title":{"rendered":"Szczep Candy Jack 27% THC"},"content":{"rendered":"<p><b>Candy Jack<\/b> jest popularn\u0105 hybryd\u0105 konopi indyjskich, znan\u0105 ze swojego <b>intensywny, s\u0142odki aromat<\/b> i znany jest ze swojej niezwyk\u0142ej mocy. Zg\u0142aszana zawarto\u015b\u0107 THC wynosi do <b>27 %<\/b> ta odmiana znajduje si\u0119 w centrum zainteresowania bada\u0144. <b>W rzeczywisto\u015bci<\/b> oferuje wyj\u0105tkowe po\u0142\u0105czenie stymulacji umys\u0142owej i g\u0142\u0119bokiego relaksu. <b>W konsekwencji<\/b> jest uwa\u017cana za odmian\u0119 premium do badania z\u0142o\u017conych efekt\u00f3w hybrydowych.<\/p>\n<p>Ten artyku\u0142 oferuje <b>Szczeg\u00f3\u0142owa analiza<\/b> pochodzenia genetycznego, profilu chemicznego i cech botanicznych Candy Jack. <b>W trakcie<\/b> Podkre\u015blamy potrzeb\u0119 przestrzegania surowych norm jako\u015bciowych i prawnych w badaniach.<\/p>\n<h2><b>Genetyczne pochodzenie i klasyfikacja<\/b><\/h2>\n<p>Hodowla odmiany Candy Jack mia\u0142a na celu po\u0142\u0105czenie najlepszych cech dw\u00f3ch wysokiej jako\u015bci odmian rodzicielskich. <b>Tym samym<\/b> powsta\u0142a stabilna hybryda o wysokiej produkcji \u017cywicy.<\/p>\n<h3><b>Pochodzenie gen\u00f3w<\/b><\/h3>\n<p>Candy Jack jest wynikiem skrzy\u017cowania:<\/p>\n<ul>\n<li><b>Jack Herer (dominacja Sativa):<\/b> Ta legendarna odmiana Sativa znana jest ze swoich <b>jasny, euforyczny i kreatywny<\/b> Efekt. <b>Ponadto<\/b> nadaje jej pikantny, sosnowy aromat.<\/li>\n<li><b>Candyman (dominacja Indica\/hybryda):<\/b> <b>Te<\/b> Odmiana nadaje s\u0142odki smak. <b>Jednocze\u015bnie<\/b> zapewnia dzia\u0142anie wyr\u00f3wnuj\u0105ce i relaksuj\u0105ce dla cia\u0142a.<\/li>\n<\/ul>\n<p><b>Podsumowuj\u0105c:<\/b> Po\u0142\u0105czenie tych rodzic\u00f3w tworzy pot\u0119\u017cn\u0105 hybryd\u0119. <b>To<\/b> \u0142\u0105czy w sobie ostro\u015b\u0107 umys\u0142u Jacka Herera ze s\u0142odkim aromatem i fizycznym odpr\u0119\u017ceniem linii Candyman.<\/p>\n<h2><b>Zawarto\u015b\u0107 THC i si\u0142a dzia\u0142ania<\/b><\/h2>\n<p>Z zawarto\u015bci\u0105 THC si\u0119gaj\u0105c\u0105 nawet 27 % Candy Jack nale\u017cy do <a href=\"\/product\/nb-5-meo-dalt-oxalate-kaufen\/\"><b>najsilniejsze hybrydy<\/b><\/a> na rynku. <b>Dlatego<\/b> jest ona bardzo interesuj\u0105ca dla bada\u0144 dotycz\u0105cych skuteczno\u015bci fenotyp\u00f3w konopi indyjskich o wysokiej mocy. <b>The<\/b> Efekt opisywany jest jako intensywny i d\u0142ugotrwa\u0142y, ale dzi\u0119ki hybrydowej r\u00f3wnowadze w g\u0142owie pozostaje zazwyczaj jasny.<\/p>\n<h2><b>Profil sensoryczny i podstawy chemiczne<\/b><\/h2>\n<p>Najwa\u017cniejsz\u0105 cech\u0105 Candy Jack jest jej <b>niezapomniane doznania smakowe<\/b>, co wyja\u015bnia jej nazw\u0119. <b>To<\/b> Z\u0142o\u017cony profil jest tworzony przez specyficzny sk\u0142ad terpen\u00f3w.<\/p>\n<h3><b>Aromat i sk\u0142adniki smakowe<\/b><\/h3>\n<p>Profil zapachowy jest s\u0142odki, owocowy i kremowy:<\/p>\n<ol start=\"1\">\n<li><b>S\u0142odki i owocowy:<\/b> Dominuj\u0105cy zapach silnie przypomina <b>S\u0142odycze, dojrza\u0142e jagody i owoce cytrusowe<\/b>.<\/li>\n<li><b>Kremowa nuta:<\/b> <b>Jeden zauwa\u017ca<\/b> pe\u0142na, niemal waniliowa kremowo\u015b\u0107. Dzi\u0119ki temu spo\u017cywanie jest \u0142agodne i przyjemne.<\/li>\n<li><b>Pikantne nutki:<\/b> <b>Wreszcie<\/b> Delikatne nutki pikantno\u015bci i ziemi charakterystyczne dla genetyki Jack Herer zapewniaj\u0105 z\u0142o\u017cony finisz.<\/li>\n<\/ol>\n<h3><b>Terpeny i efekty synergii<\/b><\/h3>\n<p>S\u0142odki i pikantny profil wskazuje na wysokie st\u0119\u017cenie nast\u0119puj\u0105cych terpen\u00f3w:<\/p>\n<ul>\n<li><b>Terpinolen:<\/b> Ten terpen, cz\u0119sto wyst\u0119puj\u0105cy w krzy\u017c\u00f3wkach Jack Herer, zapewnia pikantne, kwiatowe i lekko sosnowe nuty. <b>Ponadto<\/b> jest kojarzony z pobudzaj\u0105cym i lekko uspokajaj\u0105cym dzia\u0142aniem.<\/li>\n<li><b>Kariofilen:<\/b> Wnosi nut\u0119 pikantno\u015bci i ziemisto\u015bci. <b>Ponadto<\/b> mo\u017ce przyczyni\u0107 si\u0119 do fizycznego odpr\u0119\u017cenia.<\/li>\n<li><b>Limonki:<\/b> <b>Ten terpen<\/b> zapewnia owocowe i cytrusowe aromaty. <b>Jednocze\u015bnie<\/b> jest badany pod k\u0105tem swoich potencjalnych w\u0142a\u015bciwo\u015bci poprawiaj\u0105cych nastr\u00f3j.<\/li>\n<\/ul>\n<h2><b>Zg\u0142oszony profil wp\u0142ywu i zainteresowanie aplikacjami<\/b><\/h2>\n<p>Candy Jack jest ceniony za swoje hybrydowe dzia\u0142anie, kt\u00f3re <b>jasno\u015b\u0107 umys\u0142u<\/b> oraz <b>relaksacja fizyczna<\/b> jednocze\u015bnie oferuje. <b>Ten efekt<\/b> czyni j\u0105 odmian\u0105 wszechstronn\u0105.<\/p>\n<h2><b>Typowe efekty<\/b><\/h2>\n<p>Raporty wskazuj\u0105 na nast\u0119puj\u0105ce charakterystyczne wzorce efekt\u00f3w:<\/p>\n<ul>\n<li><b>Jasno\u015b\u0107 umys\u0142u:<\/b> <b>U\u017cytkownicy<\/b> donosz\u0105 o silnej euforii. <b>Niemniej jednak<\/b> g\u0142owa pozostaje jasna i skupiona.<\/li>\n<li><b>Kreatywna energia:<\/b> Stymulacja m\u00f3zgowa zawarta w sk\u0142adnikach Sativa sprzyja kreatywno\u015bci. <b>Dlatego<\/b> nadaje si\u0119 do kreatywnych sesji.<\/li>\n<li><b>Relaks fizyczny:<\/b> <b>Jednocze\u015bnie<\/b> zawarto\u015b\u0107 Indica zapewnia delikatne odpr\u0119\u017cenie cia\u0142a. <b>Te<\/b> pomaga w redukcji stresu.<\/li>\n<\/ul>\n<h3><b>Potencja\u0142 badawczy<\/b><\/h3>\n<p>Wysokie st\u0119\u017cenie THC w po\u0142\u0105czeniu z wywa\u017conym profilem terpenowym sprawia, \u017ce Candy Jack jest szczeg\u00f3lnie cenny w badaniach naukowych w takich dziedzinach jak:<\/p>\n<ul>\n<li><b>Stres i spok\u00f3j wewn\u0119trzny:<\/b> <b>Mo\u017cna by<\/b> zbada\u0107, w jaki spos\u00f3b po\u0142\u0105czenie euforii i relaksu pomaga radzi\u0107 sobie ze stresem.<\/li>\n<li><b>Przewlek\u0142y b\u00f3l:<\/b> Silna potencja w po\u0142\u0105czeniu z relaksacj\u0105 fizyczn\u0105 jest interesuj\u0105ca dla bada\u0144 nad b\u00f3lem.<\/li>\n<\/ul>\n<h3><b>Uprawa i zapewnienie jako\u015bci<\/b><\/h3>\n<p>Candy Jack produkuje <b>kwiaty bogate w \u017cywic\u0119<\/b>. <b>Dlatego<\/b> jest szczeg\u00f3lnie atrakcyjna dla hodowc\u00f3w produkuj\u0105cych ekstrakty.<\/p>\n<ul>\n<li><b>Charakterystyka kwiat\u00f3w:<\/b> P\u0105ki s\u0105 g\u0119ste, twarde i charakteryzuj\u0105 si\u0119 du\u017c\u0105 g\u0119sto\u015bci\u0105. <b>Trichomy<\/b> (gruczo\u0142y \u017cywiczne), co wyja\u015bnia wysok\u0105 zawarto\u015b\u0107 THC.<\/li>\n<li><b>Kontrola jako\u015bci:<\/b> Za integralno\u015b\u0107 produktu odpowiadaj\u0105 <b>Testowane laboratoryjnie warto\u015bci THC<\/b> i brak zanieczyszcze\u0144.<\/li>\n<\/ul>","protected":false},"excerpt":{"rendered":"<p data-start=\"2414\" data-end=\"2528\">Candy Jack \u2013 hybryda z 27 % THC. S\u0142odko-owocowy aromat, silne dzia\u0142anie i najwy\u017csza jako\u015b\u0107 dla do\u015bwiadczonych u\u017cytkownik\u00f3w.<\/p>","protected":false},"featured_media":7380,"comment_status":"open","ping_status":"closed","template":"","meta":{"_joinchat":[]},"product_brand":[],"product_cat":[62],"product_tag":[],"class_list":{"0":"post-7343","1":"product","2":"type-product","3":"status-publish","4":"has-post-thumbnail","6":"product_cat-marijuana","8":"first","9":"instock","10":"shipping-taxable","11":"purchasable","12":"product-type-variable"},"yoast_head":"<!-- This site is optimized with the Yoast SEO plugin v27.5 - https:\/\/yoast.com\/product\/yoast-seo-wordpress\/ -->\n<title>Candy Jack kaufen | 27% THC Hybrid<\/title>\n<meta name=\"description\" content=\"Candy Jack online kaufen \u2013 27 % THC, s\u00fc\u00df-fruchtiges Aroma, starkes euphorisches High. Premium-Hybrid mit diskretem Versand in Deutschland &amp; EU.\" \/>\n<meta name=\"robots\" content=\"index, follow, max-snippet:-1, max-image-preview:large, max-video-preview:-1\" \/>\n<link rel=\"canonical\" href=\"https:\/\/chemgramx.com\/pl\/produkt-1\/odmiana-candy-jack-27-thc\/\" \/>\n<meta property=\"og:locale\" content=\"pl_PL\" \/>\n<meta property=\"og:type\" content=\"article\" \/>\n<meta property=\"og:title\" content=\"Candy Jack kaufen | 27% THC Hybrid\" \/>\n<meta property=\"og:description\" content=\"Candy Jack online kaufen \u2013 27 % THC, s\u00fc\u00df-fruchtiges Aroma, starkes euphorisches High. Premium-Hybrid mit diskretem Versand in Deutschland &amp; EU.\" \/>\n<meta property=\"og:url\" content=\"https:\/\/chemgramx.com\/pl\/produkt-1\/odmiana-candy-jack-27-thc\/\" \/>\n<meta property=\"og:site_name\" content=\"Chemgramx\" \/>\n<meta property=\"article:modified_time\" content=\"2025-11-21T11:17:15+00:00\" \/>\n<meta property=\"og:image\" content=\"https:\/\/chemgramx.com\/wp-content\/uploads\/2025\/11\/candy-jack-strain-27-thc.jpg\" \/>\n\t<meta property=\"og:image:width\" content=\"800\" \/>\n\t<meta property=\"og:image:height\" content=\"800\" \/>\n\t<meta property=\"og:image:type\" content=\"image\/jpeg\" \/>\n<meta name=\"twitter:card\" content=\"summary_large_image\" \/>\n<meta name=\"twitter:label1\" content=\"Szacowany czas czytania\" \/>\n\t<meta name=\"twitter:data1\" content=\"3 minuty\" \/>\n<script type=\"application\/ld+json\" class=\"yoast-schema-graph\">{\"@context\":\"https:\\\/\\\/schema.org\",\"@graph\":[{\"@type\":\"WebPage\",\"@id\":\"https:\\\/\\\/chemgramx.com\\\/product\\\/candy-jack-strain-27-thc\\\/\",\"url\":\"https:\\\/\\\/chemgramx.com\\\/product\\\/candy-jack-strain-27-thc\\\/\",\"name\":\"Candy Jack kaufen | 27% THC Hybrid\",\"isPartOf\":{\"@id\":\"https:\\\/\\\/chemgramx.com\\\/#website\"},\"primaryImageOfPage\":{\"@id\":\"https:\\\/\\\/chemgramx.com\\\/product\\\/candy-jack-strain-27-thc\\\/#primaryimage\"},\"image\":{\"@id\":\"https:\\\/\\\/chemgramx.com\\\/product\\\/candy-jack-strain-27-thc\\\/#primaryimage\"},\"thumbnailUrl\":\"https:\\\/\\\/chemgramx.com\\\/wp-content\\\/uploads\\\/2025\\\/11\\\/candy-jack-strain-27-thc.jpg\",\"datePublished\":\"2025-11-21T11:15:15+00:00\",\"dateModified\":\"2025-11-21T11:17:15+00:00\",\"description\":\"Candy Jack online kaufen \u2013 27 % THC, s\u00fc\u00df-fruchtiges Aroma, starkes euphorisches High. Premium-Hybrid mit diskretem Versand in Deutschland &amp; EU.\",\"breadcrumb\":{\"@id\":\"https:\\\/\\\/chemgramx.com\\\/product\\\/candy-jack-strain-27-thc\\\/#breadcrumb\"},\"inLanguage\":\"pl-PL\",\"potentialAction\":[{\"@type\":\"ReadAction\",\"target\":[\"https:\\\/\\\/chemgramx.com\\\/product\\\/candy-jack-strain-27-thc\\\/\"]}]},{\"@type\":\"ImageObject\",\"inLanguage\":\"pl-PL\",\"@id\":\"https:\\\/\\\/chemgramx.com\\\/product\\\/candy-jack-strain-27-thc\\\/#primaryimage\",\"url\":\"https:\\\/\\\/chemgramx.com\\\/wp-content\\\/uploads\\\/2025\\\/11\\\/candy-jack-strain-27-thc.jpg\",\"contentUrl\":\"https:\\\/\\\/chemgramx.com\\\/wp-content\\\/uploads\\\/2025\\\/11\\\/candy-jack-strain-27-thc.jpg\",\"width\":800,\"height\":800},{\"@type\":\"BreadcrumbList\",\"@id\":\"https:\\\/\\\/chemgramx.com\\\/product\\\/candy-jack-strain-27-thc\\\/#breadcrumb\",\"itemListElement\":[{\"@type\":\"ListItem\",\"position\":1,\"name\":\"Home\",\"item\":\"https:\\\/\\\/chemgramx.com\\\/\"},{\"@type\":\"ListItem\",\"position\":2,\"name\":\"Shop\",\"item\":\"https:\\\/\\\/chemgramx.com\\\/shop\\\/\"},{\"@type\":\"ListItem\",\"position\":3,\"name\":\"Candy Jack Strain 27% THC\"}]},{\"@type\":\"WebSite\",\"@id\":\"https:\\\/\\\/chemgramx.com\\\/#website\",\"url\":\"https:\\\/\\\/chemgramx.com\\\/\",\"name\":\"Chemgramx\",\"description\":\"\",\"publisher\":{\"@id\":\"https:\\\/\\\/chemgramx.com\\\/#organization\"},\"potentialAction\":[{\"@type\":\"SearchAction\",\"target\":{\"@type\":\"EntryPoint\",\"urlTemplate\":\"https:\\\/\\\/chemgramx.com\\\/?s={search_term_string}\"},\"query-input\":{\"@type\":\"PropertyValueSpecification\",\"valueRequired\":true,\"valueName\":\"search_term_string\"}}],\"inLanguage\":\"pl-PL\"},{\"@type\":\"Organization\",\"@id\":\"https:\\\/\\\/chemgramx.com\\\/#organization\",\"name\":\"Chemgramx\",\"url\":\"https:\\\/\\\/chemgramx.com\\\/\",\"logo\":{\"@type\":\"ImageObject\",\"inLanguage\":\"pl-PL\",\"@id\":\"https:\\\/\\\/chemgramx.com\\\/#\\\/schema\\\/logo\\\/image\\\/\",\"url\":\"https:\\\/\\\/chemgramx.com\\\/wp-content\\\/uploads\\\/2024\\\/10\\\/final-logo.png\",\"contentUrl\":\"https:\\\/\\\/chemgramx.com\\\/wp-content\\\/uploads\\\/2024\\\/10\\\/final-logo.png\",\"width\":250,\"height\":48,\"caption\":\"Chemgramx\"},\"image\":{\"@id\":\"https:\\\/\\\/chemgramx.com\\\/#\\\/schema\\\/logo\\\/image\\\/\"}}]}<\/script>\n<!-- \/ Yoast SEO plugin. -->","yoast_head_json":{"title":"Kup Candy Jack | 27% THC Hybrid","description":"Candy Jack online kaufen \u2013 27 % THC, s\u00fc\u00df-fruchtiges Aroma, starkes euphorisches High. Premium-Hybrid mit diskretem Versand in Deutschland &amp; EU.","robots":{"index":"index","follow":"follow","max-snippet":"max-snippet:-1","max-image-preview":"max-image-preview:large","max-video-preview":"max-video-preview:-1"},"canonical":"https:\/\/chemgramx.com\/pl\/produkt-1\/odmiana-candy-jack-27-thc\/","og_locale":"pl_PL","og_type":"article","og_title":"Candy Jack kaufen | 27% THC Hybrid","og_description":"Candy Jack online kaufen \u2013 27 % THC, s\u00fc\u00df-fruchtiges Aroma, starkes euphorisches High. Premium-Hybrid mit diskretem Versand in Deutschland &amp; EU.","og_url":"https:\/\/chemgramx.com\/pl\/produkt-1\/odmiana-candy-jack-27-thc\/","og_site_name":"Chemgramx","article_modified_time":"2025-11-21T11:17:15+00:00","og_image":[{"width":800,"height":800,"url":"https:\/\/chemgramx.com\/wp-content\/uploads\/2025\/11\/candy-jack-strain-27-thc.jpg","type":"image\/jpeg"}],"twitter_card":"summary_large_image","twitter_misc":{"Szacowany czas czytania":"3 minuty"},"schema":{"@context":"https:\/\/schema.org","@graph":[{"@type":"WebPage","@id":"https:\/\/chemgramx.com\/product\/candy-jack-strain-27-thc\/","url":"https:\/\/chemgramx.com\/product\/candy-jack-strain-27-thc\/","name":"Kup Candy Jack | 27% THC Hybrid","isPartOf":{"@id":"https:\/\/chemgramx.com\/#website"},"primaryImageOfPage":{"@id":"https:\/\/chemgramx.com\/product\/candy-jack-strain-27-thc\/#primaryimage"},"image":{"@id":"https:\/\/chemgramx.com\/product\/candy-jack-strain-27-thc\/#primaryimage"},"thumbnailUrl":"https:\/\/chemgramx.com\/wp-content\/uploads\/2025\/11\/candy-jack-strain-27-thc.jpg","datePublished":"2025-11-21T11:15:15+00:00","dateModified":"2025-11-21T11:17:15+00:00","description":"Candy Jack online kaufen \u2013 27 % THC, s\u00fc\u00df-fruchtiges Aroma, starkes euphorisches High. Premium-Hybrid mit diskretem Versand in Deutschland &amp; EU.","breadcrumb":{"@id":"https:\/\/chemgramx.com\/product\/candy-jack-strain-27-thc\/#breadcrumb"},"inLanguage":"pl-PL","potentialAction":[{"@type":"ReadAction","target":["https:\/\/chemgramx.com\/product\/candy-jack-strain-27-thc\/"]}]},{"@type":"ImageObject","inLanguage":"pl-PL","@id":"https:\/\/chemgramx.com\/product\/candy-jack-strain-27-thc\/#primaryimage","url":"https:\/\/chemgramx.com\/wp-content\/uploads\/2025\/11\/candy-jack-strain-27-thc.jpg","contentUrl":"https:\/\/chemgramx.com\/wp-content\/uploads\/2025\/11\/candy-jack-strain-27-thc.jpg","width":800,"height":800},{"@type":"BreadcrumbList","@id":"https:\/\/chemgramx.com\/product\/candy-jack-strain-27-thc\/#breadcrumb","itemListElement":[{"@type":"ListItem","position":1,"name":"Home","item":"https:\/\/chemgramx.com\/"},{"@type":"ListItem","position":2,"name":"Shop","item":"https:\/\/chemgramx.com\/shop\/"},{"@type":"ListItem","position":3,"name":"Candy Jack Strain 27% THC"}]},{"@type":"WebSite","@id":"https:\/\/chemgramx.com\/#website","url":"https:\/\/chemgramx.com\/","name":"Chemgramx","description":"","publisher":{"@id":"https:\/\/chemgramx.com\/#organization"},"potentialAction":[{"@type":"SearchAction","target":{"@type":"EntryPoint","urlTemplate":"https:\/\/chemgramx.com\/?s={search_term_string}"},"query-input":{"@type":"PropertyValueSpecification","valueRequired":true,"valueName":"search_term_string"}}],"inLanguage":"pl-PL"},{"@type":"Organization","@id":"https:\/\/chemgramx.com\/#organization","name":"Chemgramx","url":"https:\/\/chemgramx.com\/","logo":{"@type":"ImageObject","inLanguage":"pl-PL","@id":"https:\/\/chemgramx.com\/#\/schema\/logo\/image\/","url":"https:\/\/chemgramx.com\/wp-content\/uploads\/2024\/10\/final-logo.png","contentUrl":"https:\/\/chemgramx.com\/wp-content\/uploads\/2024\/10\/final-logo.png","width":250,"height":48,"caption":"Chemgramx"},"image":{"@id":"https:\/\/chemgramx.com\/#\/schema\/logo\/image\/"}}]}},"_links":{"self":[{"href":"https:\/\/chemgramx.com\/pl\/wp-json\/wp\/v2\/product\/7343","targetHints":{"allow":["GET"]}}],"collection":[{"href":"https:\/\/chemgramx.com\/pl\/wp-json\/wp\/v2\/product"}],"about":[{"href":"https:\/\/chemgramx.com\/pl\/wp-json\/wp\/v2\/types\/product"}],"replies":[{"embeddable":true,"href":"https:\/\/chemgramx.com\/pl\/wp-json\/wp\/v2\/comments?post=7343"}],"wp:featuredmedia":[{"embeddable":true,"href":"https:\/\/chemgramx.com\/pl\/wp-json\/wp\/v2\/media\/7380"}],"wp:attachment":[{"href":"https:\/\/chemgramx.com\/pl\/wp-json\/wp\/v2\/media?parent=7343"}],"wp:term":[{"taxonomy":"product_brand","embeddable":true,"href":"https:\/\/chemgramx.com\/pl\/wp-json\/wp\/v2\/product_brand?post=7343"},{"taxonomy":"product_cat","embeddable":true,"href":"https:\/\/chemgramx.com\/pl\/wp-json\/wp\/v2\/product_cat?post=7343"},{"taxonomy":"product_tag","embeddable":true,"href":"https:\/\/chemgramx.com\/pl\/wp-json\/wp\/v2\/product_tag?post=7343"}],"curies":[{"name":"wp","href":"https:\/\/api.w.org\/{rel}","templated":true}]}}