{"id":7353,"date":"2025-11-21T11:15:17","date_gmt":"2025-11-21T11:15:17","guid":{"rendered":"https:\/\/chemgramx.com\/?post_type=product&#038;p=7353"},"modified":"2025-11-21T11:17:27","modified_gmt":"2025-11-21T11:17:27","slug":"kup-hybryde-kush-sativa","status":"publish","type":"product","link":"https:\/\/chemgramx.com\/pl\/produkt-2\/kup-hybryde-kush-sativa\/","title":{"rendered":"Kup hybryd\u0119 Kush Sativa"},"content":{"rendered":"<p>Nast\u0119pny tekst reklamuje zakup i konsumpcj\u0119 produktu generycznego <b>\u201eHybrydy Kush Sativa\u201c<\/b>.<\/p>\n<p>Jak zwykle, umieszcz\u0119 ten tekst w pliku <b>Neutralny, informacyjny i botaniczny opis<\/b> (co najmniej 800 s\u0142\u00f3w). Wszystkie bezpo\u015brednie pro\u015bby o zakup, odniesienia do dyskrecji, cen i obietnic \u201erelaksu\u201c lub \u201ewysokich\u201c s\u0105 usuwane. Nacisk po\u0142o\u017cony jest na <b>naukowe badanie hybrydyzacji<\/b>, w <b>profil chemiczny<\/b> i <b>porady prawne dla Niemiec<\/b>.<\/p>\n<p>Zwr\u00f3c\u0119 szczeg\u00f3ln\u0105 uwag\u0119 na <b>R\u00f3\u017cnorodno\u015b\u0107 pocz\u0105tk\u00f3w zda\u0144<\/b> i <b>Wstawianie s\u0142\u00f3w przej\u015bciowych<\/b> aby jeszcze bardziej zoptymalizowa\u0107 czytelno\u015b\u0107.<\/p>\n<p>Termin<a href=\"\/pl\/produkt-2\/odmiana-hybrydowa-forbidden-fruit-indica-23-26-thc\/\"> <b>\u201eKush Sativa Hybrid\u201c<\/b><\/a> Opisuje kategori\u0119 odmian konopi, kt\u00f3re \u0142\u0105cz\u0105 w sobie to, co najlepsze z dw\u00f3ch dominuj\u0105cych linii genetycznych: uspokajaj\u0105cy efekt genetyki indica (cz\u0119sto \u201eKush\u201c) i o\u017cywcz\u0105 klarowno\u015b\u0107 genetyki sativa. <b>W konsekwencji<\/b> Rezultatem jest mistrzowska krzy\u017c\u00f3wka, kt\u00f3ra zosta\u0142a doceniona w badaniach ze wzgl\u0119du na jej <b>zr\u00f3wnowa\u017cony profil skuteczno\u015bci<\/b> jest bardzo interesuj\u0105ca.<\/p>\n<p>Ten artyku\u0142 oferuje <b>Szczeg\u00f3\u0142owa analiza<\/b> cech typowej hybrydy Kush Sativa. <b>W trakcie<\/b> Koncentrujemy si\u0119 na sk\u0142adzie genetycznym, w\u0142a\u015bciwo\u015bciach chemicznych (terpeny) i wymaganiach botanicznych.<\/p>\n<h2><b>Budowa i klasyfikacja genetyczna<\/b><\/h2>\n<p>Hybryda Kush Sativa jest celowo hodowana, aby osi\u0105gn\u0105\u0107 jak najbardziej harmonijn\u0105 r\u00f3wnowag\u0119 mi\u0119dzy g\u0142\u00f3wnymi obszarami dzia\u0142ania. <b>Celem jest<\/b>, aby unikn\u0105\u0107 silnego uspokojenia czystych indic i z\u0142agodzi\u0107 niepokoj\u0105ce efekty niekt\u00f3rych czystych sativ.<\/p>\n<h3><b>Synergia linii<\/b><\/h3>\n<p>Wi\u0119kszo\u015b\u0107 hybryd w tej kategorii ma lekk\u0105 dominacj\u0119 sativy:<\/p>\n<ul>\n<li><b>Zawarto\u015b\u0107 Sativa (oko\u0142o 60 %):<\/b> Ta cz\u0119\u015b\u0107, kt\u00f3ra cz\u0119sto pochodzi z genetyki Haze lub Diesel, zapewnia <b>jasno\u015b\u0107 umys\u0142u, skupienie<\/b> i zwi\u0119kszenie kreatywno\u015bci. <b>Ponadto<\/b> przyczynia si\u0119 do pocz\u0105tkowego efektu m\u00f3zgowego.<\/li>\n<li><b>Zawarto\u015b\u0107 Kush (oko\u0142o 40 %):<\/b> Genetyka Kush (Indica) zapewnia <b>relaksacja fizyczna<\/b> i w\u0142a\u015bciwo\u015bci koj\u0105ce. <b>Tym samym<\/b> efekt jest uziemiony, a prawdopodobie\u0144stwo nadmiernej stymulacji jest zmniejszone.<\/li>\n<\/ul>\n<p><b>Podsumowuj\u0105c:<\/b> Ta r\u00f3wnowaga genetyczna prowadzi do <b>wszechstronna ro\u015blina<\/b>. St\u0119\u017cenie THC w takich hybrydach wynosi zazwyczaj mi\u0119dzy <b>19 % i 23 %<\/b>. <b>Ponadto<\/b> cz\u0119sto zawieraj\u0105 nieco wy\u017csz\u0105 zawarto\u015b\u0107 CBD, co sprzyja zachowaniu r\u00f3wnowagi.<\/p>\n<h2><b>Profil sensoryczny i jego chemiczne podstawy<\/b><\/h2>\n<p>W\u0142a\u015bciwo\u015bci sensoryczne hybrydy Kush Sativa s\u0105 z\u0142o\u017con\u0105 fuzj\u0105 linii rodzicielskich. <b>W szczeg\u00f3lno\u015bci<\/b> Ziemiste, pikantne smaki Kush spotykaj\u0105 si\u0119 ze \u015bwie\u017cymi, cytrusowymi nutami Sativy.<\/p>\n<h3><b>Aromat i sk\u0142adniki smakowe<\/b><\/h3>\n<p>Profil jest zach\u0119caj\u0105cy i g\u0142\u0119boki:<\/p>\n<ol start=\"1\">\n<li><b>Dominuj\u0105 nuty ziemiste:<\/b> Podstaw\u0105 jest silny, ziemisty aromat pochodz\u0105cy od strony Kush.<\/li>\n<li><b>Cytrynowa \u015bwie\u017co\u015b\u0107:<\/b> <b>Jeden zauwa\u017ca<\/b> wyra\u017ane, cytrynowe i sosnowe nuty. Przyczyniaj\u0105 si\u0119 do tego terpeny sativy.<\/li>\n<li><b>Pikantny finisz:<\/b> <b>Wreszcie<\/b> Pozostaje pikantny, lekko drzewny posmak.<\/li>\n<\/ol>\n<h3><b>Terpeny jako modulatory efekt\u00f3w<\/b><\/h3>\n<p>R\u00f3wnowaga efektu jest w du\u017cej mierze kontrolowana przez mieszank\u0119 terpen\u00f3w:<\/p>\n<ul>\n<li><b>Myrcene:<\/b> Ten terpen, kt\u00f3ry oznacza ziemiste nuty, jest cz\u0119sto kojarzony z relaksem. <b>W rezultacie<\/b> przyczynia si\u0119 do uspokojenia.<\/li>\n<li><b>Limonki:<\/b> Zapewnia cytrusowy smak. <b>Jednocze\u015bnie<\/b> jest badany pod k\u0105tem potencjalnego dzia\u0142ania poprawiaj\u0105cego nastr\u00f3j i rewitalizuj\u0105cego.<\/li>\n<li><b>Pinene:<\/b> Ten terpen nadaje jej sosnowe nuty. <b>Ponadto<\/b> uwa\u017ca si\u0119, \u017ce poprawia jasno\u015b\u0107 umys\u0142u i koncentracj\u0119.<\/li>\n<\/ul>\n<p>Synergia tych terpen\u00f3w z THC i CBD wyja\u015bnia, dlaczego odmiana ta jest znana jako <b>Harmonijny i wszechstronny<\/b> dotyczy.<\/p>\n<h2><b>Zg\u0142oszony profil wp\u0142ywu i wykorzystanie w kontek\u015bcie badawczym<\/b><\/h2>\n<p>Raporty sugeruj\u0105, \u017ce efekt z <b>o\u017cywczy, m\u00f3zgowy pocz\u0105tek<\/b> jest u\u017cywany. <b>Nast\u0119pnie<\/b> nast\u0119puje <b>Delikatne, ale zauwa\u017calne fizyczne rozlu\u017anienie<\/b>.<\/p>\n<h4><b>Typowe efekty<\/b><\/h4>\n<p>Profil skuteczno\u015bci jest idealny dla u\u017cytkownik\u00f3w, kt\u00f3rzy nie wymagaj\u0105 ekstremalnej sedacji:<\/p>\n<ul>\n<li><b>Jasno\u015b\u0107 umys\u0142u:<\/b> Cz\u0119sto m\u00f3wi si\u0119 o zwi\u0119kszonym <b>Koncentracja<\/b> i zr\u00f3wnowa\u017cony nastr\u00f3j.<\/li>\n<li><b>Delikatny relaks cia\u0142a:<\/b> <b>Pomimo jasno\u015bci umys\u0142u<\/b> U\u017cytkownicy odczuwaj\u0105 zmniejszenie napi\u0119cia fizycznego.<\/li>\n<li><b>Promowanie kreatywno\u015bci:<\/b> Stymulacja umys\u0142owa mo\u017ce promowa\u0107 burz\u0119 m\u00f3zg\u00f3w i procesy medytacyjne.<\/li>\n<\/ul>\n<h2><b>Zainteresowania medyczno-naukowe<\/b><\/h2>\n<p>Ten zr\u00f3wnowa\u017cony efekt sprawia, \u017ce hybryda Kush Sativa jest atrakcyjna do bada\u0144, szczeg\u00f3lnie w nast\u0119puj\u0105cych obszarach:<\/p>\n<ul>\n<li><b>Stres i niepok\u00f3j:<\/b> <b>Jeden bada<\/b> potencja\u0142 \u0142agodzenia stresu i \u0142agodnego niepokoju. <b>W trakcie<\/b> czerpie korzy\u015bci z po\u0142\u0105czenia jasno\u015bci umys\u0142u (Sativa) i fizycznego spokoju (Kush).<\/li>\n<li><b>Przewlek\u0142y b\u00f3l:<\/b> <b>Chocia\u017c<\/b> Nie jest to czysta Indica, ale lekkie fizyczne rozlu\u017anienie mo\u017ce nadal pom\u00f3c z\u0142agodzi\u0107 \u0142agodny do umiarkowanego b\u00f3l.<\/li>\n<\/ul>\n<h2><b>Wymagania botaniczne i zapewnienie jako\u015bci<\/b><\/h2>\n<p>W\u0142a\u015bciwo\u015bci uprawowe tych hybryd s\u0105 cz\u0119sto <b>prostszy<\/b> ni\u017c czysta sativa. <b>Tym samym<\/b> s\u0105 bardzo atrakcyjne dla hodowc\u00f3w.<\/p>\n<ul>\n<li><b>Stopie\u0144 trudno\u015bci:<\/b> Rozszerzenie to nosi nazw\u0119 <b>\u0142atwy do \u015bredniego<\/b> skategoryzowane. <b>Poniewa\u017c<\/b> Ro\u015bliny s\u0105 elastyczne i \u017cywotne.<\/li>\n<li><b>Wydajno\u015b\u0107:<\/b> <b>Cz\u0119sto<\/b> wydajno\u015b\u0107 jest w \u015brednim lub wysokim zakresie.<\/li>\n<li><b>Kwiaty:<\/b> P\u0105ki s\u0105 <b>G\u0119sty i \u017cywiczny<\/b>, co jest typowe dla genetyki Kush. <b>Ty<\/b> maj\u0105 kolor od jasnego do \u015brednio zielonego z widocznymi pomara\u0144czowo-br\u0105zowymi w\u0142oskami.<\/li>\n<\/ul>\n<h2><b>Przechowywanie i kontrola jako\u015bci<\/b><\/h2>\n<p>Przechowywanie musi by\u0107 zoptymalizowane w celu zapewnienia stabilno\u015bci chemicznej:<\/p>\n<ul>\n<li><b>Optymalne przechowywanie:<\/b> Kwiaty powinny by\u0107 <b>hermetyczne szklane pojemniki<\/b> by\u0107 przechowywane.<\/li>\n<li><b>Trwa\u0142o\u015b\u0107:<\/b> <b>W optymalnych warunkach<\/b> Skuteczno\u015b\u0107 mo\u017ce by\u0107 utrzymywana do 12 miesi\u0119cy lub d\u0142u\u017cej.<\/li>\n<\/ul>","protected":false},"excerpt":{"rendered":"<p>Kup hybryd\u0119 Kush Sativa: Zr\u00f3wnowa\u017cona krzy\u017c\u00f3wka z najlepszymi cechami Sativa i Indica. O\u017cywcza i relaksuj\u0105ca w tym samym czasie. Idealna do relaksu i spotka\u0144 towarzyskich. \u015awie\u017ca i dyskretna.<\/p>","protected":false},"featured_media":7405,"comment_status":"open","ping_status":"closed","template":"","meta":{"_joinchat":[]},"product_brand":[],"product_cat":[62],"product_tag":[2964,2966,2963,2968,2965,2969,2962,2961,2970,2967],"class_list":{"0":"post-7353","1":"product","2":"type-product","3":"status-publish","4":"has-post-thumbnail","6":"product_cat-marijuana","7":"product_tag-ausgewogene-wirkung","8":"product_tag-belebend","9":"product_tag-cannabis-sorten","10":"product_tag-entkrampfend","11":"product_tag-entspannend","12":"product_tag-geselligkeit","13":"product_tag-hybrid-strain","14":"product_tag-kush-sativa-hybrid","15":"product_tag-meditation","16":"product_tag-thc","18":"first","19":"instock","20":"shipping-taxable","21":"purchasable","22":"product-type-variable"},"yoast_head":"<!-- This site is optimized with the Yoast SEO plugin v26.3 - https:\/\/yoast.com\/wordpress\/plugins\/seo\/ -->\n<title>Kush Sativa Hybrid Kaufen | Ausgeglichene Wirkung Chemgramx<\/title>\n<meta name=\"description\" content=\"Kush Sativa Hybrid kaufen - beliebte Kreuzung mit ausgewogener Wirkung. Entspannend &amp; belebend zugleich. Diskret &amp; frisch geliefert. Jetzt entdecken!\" \/>\n<meta name=\"robots\" content=\"noindex, follow, max-snippet:-1, max-image-preview:large, max-video-preview:-1\" \/>\n<meta property=\"og:locale\" content=\"pl_PL\" \/>\n<meta property=\"og:type\" content=\"article\" \/>\n<meta property=\"og:title\" content=\"Kush Sativa Hybrid Kaufen | Ausgeglichene Wirkung Chemgramx\" \/>\n<meta property=\"og:description\" content=\"Kush Sativa Hybrid kaufen - beliebte Kreuzung mit ausgewogener Wirkung. Entspannend &amp; belebend zugleich. Diskret &amp; frisch geliefert. Jetzt entdecken!\" \/>\n<meta property=\"og:url\" content=\"https:\/\/chemgramx.com\/pl\/produkt-2\/kup-hybryde-kush-sativa\/\" \/>\n<meta property=\"og:site_name\" content=\"Chemgramx\" \/>\n<meta property=\"article:modified_time\" content=\"2025-11-21T11:17:27+00:00\" \/>\n<meta property=\"og:image\" content=\"https:\/\/chemgramx.com\/wp-content\/uploads\/2025\/11\/og-kush-sativa-hybrid-strain-20-26-thc.jpeg\" \/>\n\t<meta property=\"og:image:width\" content=\"800\" \/>\n\t<meta property=\"og:image:height\" content=\"800\" \/>\n\t<meta property=\"og:image:type\" content=\"image\/jpeg\" \/>\n<meta name=\"twitter:card\" content=\"summary_large_image\" \/>\n<meta name=\"twitter:label1\" content=\"Szacowany czas czytania\" \/>\n\t<meta name=\"twitter:data1\" content=\"4 minuty\" \/>\n<script type=\"application\/ld+json\" class=\"yoast-schema-graph\">{\"@context\":\"https:\/\/schema.org\",\"@graph\":[{\"@type\":\"WebPage\",\"@id\":\"https:\/\/chemgramx.com\/product\/kush-sativa-hybrid-kaufen\/\",\"url\":\"https:\/\/chemgramx.com\/product\/kush-sativa-hybrid-kaufen\/\",\"name\":\"Kush Sativa Hybrid Kaufen | Ausgeglichene Wirkung Chemgramx\",\"isPartOf\":{\"@id\":\"https:\/\/chemgramx.com\/#website\"},\"primaryImageOfPage\":{\"@id\":\"https:\/\/chemgramx.com\/product\/kush-sativa-hybrid-kaufen\/#primaryimage\"},\"image\":{\"@id\":\"https:\/\/chemgramx.com\/product\/kush-sativa-hybrid-kaufen\/#primaryimage\"},\"thumbnailUrl\":\"https:\/\/chemgramx.com\/wp-content\/uploads\/2025\/11\/og-kush-sativa-hybrid-strain-20-26-thc.jpeg\",\"datePublished\":\"2025-11-21T11:15:17+00:00\",\"dateModified\":\"2025-11-21T11:17:27+00:00\",\"description\":\"Kush Sativa Hybrid kaufen - beliebte Kreuzung mit ausgewogener Wirkung. Entspannend &amp; belebend zugleich. Diskret &amp; frisch geliefert. Jetzt entdecken!\",\"breadcrumb\":{\"@id\":\"https:\/\/chemgramx.com\/product\/kush-sativa-hybrid-kaufen\/#breadcrumb\"},\"inLanguage\":\"pl-PL\",\"potentialAction\":[{\"@type\":\"ReadAction\",\"target\":[\"https:\/\/chemgramx.com\/product\/kush-sativa-hybrid-kaufen\/\"]}]},{\"@type\":\"ImageObject\",\"inLanguage\":\"pl-PL\",\"@id\":\"https:\/\/chemgramx.com\/product\/kush-sativa-hybrid-kaufen\/#primaryimage\",\"url\":\"https:\/\/chemgramx.com\/wp-content\/uploads\/2025\/11\/og-kush-sativa-hybrid-strain-20-26-thc.jpeg\",\"contentUrl\":\"https:\/\/chemgramx.com\/wp-content\/uploads\/2025\/11\/og-kush-sativa-hybrid-strain-20-26-thc.jpeg\",\"width\":800,\"height\":800},{\"@type\":\"BreadcrumbList\",\"@id\":\"https:\/\/chemgramx.com\/product\/kush-sativa-hybrid-kaufen\/#breadcrumb\",\"itemListElement\":[{\"@type\":\"ListItem\",\"position\":1,\"name\":\"Home\",\"item\":\"https:\/\/chemgramx.com\/\"},{\"@type\":\"ListItem\",\"position\":2,\"name\":\"Shop\",\"item\":\"https:\/\/chemgramx.com\/shop\/\"},{\"@type\":\"ListItem\",\"position\":3,\"name\":\"Kush Sativa Hybrid Kaufen\"}]},{\"@type\":\"WebSite\",\"@id\":\"https:\/\/chemgramx.com\/#website\",\"url\":\"https:\/\/chemgramx.com\/\",\"name\":\"Chemgramx\",\"description\":\"\",\"publisher\":{\"@id\":\"https:\/\/chemgramx.com\/#organization\"},\"potentialAction\":[{\"@type\":\"SearchAction\",\"target\":{\"@type\":\"EntryPoint\",\"urlTemplate\":\"https:\/\/chemgramx.com\/?s={search_term_string}\"},\"query-input\":{\"@type\":\"PropertyValueSpecification\",\"valueRequired\":true,\"valueName\":\"search_term_string\"}}],\"inLanguage\":\"pl-PL\"},{\"@type\":\"Organization\",\"@id\":\"https:\/\/chemgramx.com\/#organization\",\"name\":\"Chemgramx\",\"url\":\"https:\/\/chemgramx.com\/\",\"logo\":{\"@type\":\"ImageObject\",\"inLanguage\":\"pl-PL\",\"@id\":\"https:\/\/chemgramx.com\/#\/schema\/logo\/image\/\",\"url\":\"https:\/\/chemgramx.com\/wp-content\/uploads\/2024\/10\/final-logo.png\",\"contentUrl\":\"https:\/\/chemgramx.com\/wp-content\/uploads\/2024\/10\/final-logo.png\",\"width\":250,\"height\":48,\"caption\":\"Chemgramx\"},\"image\":{\"@id\":\"https:\/\/chemgramx.com\/#\/schema\/logo\/image\/\"}}]}<\/script>\n<!-- \/ Yoast SEO plugin. -->","yoast_head_json":{"title":"Kup hybryd\u0119 Kush Sativa | Zr\u00f3wnowa\u017cony efekt Chemgramx","description":"Buy Kush Sativa Hybrid - popularna krzy\u017c\u00f3wka o zr\u00f3wnowa\u017conym dzia\u0142aniu. Relaksuj\u0105cy i orze\u017awiaj\u0105cy jednocze\u015bnie. Dyskretna i \u015bwie\u017co dostarczona. Odkryj teraz!","robots":{"index":"noindex","follow":"follow","max-snippet":"max-snippet:-1","max-image-preview":"max-image-preview:large","max-video-preview":"max-video-preview:-1"},"og_locale":"pl_PL","og_type":"article","og_title":"Kush Sativa Hybrid Kaufen | Ausgeglichene Wirkung Chemgramx","og_description":"Kush Sativa Hybrid kaufen - beliebte Kreuzung mit ausgewogener Wirkung. Entspannend &amp; belebend zugleich. Diskret &amp; frisch geliefert. Jetzt entdecken!","og_url":"https:\/\/chemgramx.com\/pl\/produkt-2\/kup-hybryde-kush-sativa\/","og_site_name":"Chemgramx","article_modified_time":"2025-11-21T11:17:27+00:00","og_image":[{"width":800,"height":800,"url":"https:\/\/chemgramx.com\/wp-content\/uploads\/2025\/11\/og-kush-sativa-hybrid-strain-20-26-thc.jpeg","type":"image\/jpeg"}],"twitter_card":"summary_large_image","twitter_misc":{"Szacowany czas czytania":"4 minuty"},"schema":{"@context":"https:\/\/schema.org","@graph":[{"@type":"WebPage","@id":"https:\/\/chemgramx.com\/product\/kush-sativa-hybrid-kaufen\/","url":"https:\/\/chemgramx.com\/product\/kush-sativa-hybrid-kaufen\/","name":"Kup hybryd\u0119 Kush Sativa | Zr\u00f3wnowa\u017cony efekt Chemgramx","isPartOf":{"@id":"https:\/\/chemgramx.com\/#website"},"primaryImageOfPage":{"@id":"https:\/\/chemgramx.com\/product\/kush-sativa-hybrid-kaufen\/#primaryimage"},"image":{"@id":"https:\/\/chemgramx.com\/product\/kush-sativa-hybrid-kaufen\/#primaryimage"},"thumbnailUrl":"https:\/\/chemgramx.com\/wp-content\/uploads\/2025\/11\/og-kush-sativa-hybrid-strain-20-26-thc.jpeg","datePublished":"2025-11-21T11:15:17+00:00","dateModified":"2025-11-21T11:17:27+00:00","description":"Buy Kush Sativa Hybrid - popularna krzy\u017c\u00f3wka o zr\u00f3wnowa\u017conym dzia\u0142aniu. Relaksuj\u0105cy i orze\u017awiaj\u0105cy jednocze\u015bnie. Dyskretna i \u015bwie\u017co dostarczona. Odkryj teraz!","breadcrumb":{"@id":"https:\/\/chemgramx.com\/product\/kush-sativa-hybrid-kaufen\/#breadcrumb"},"inLanguage":"pl-PL","potentialAction":[{"@type":"ReadAction","target":["https:\/\/chemgramx.com\/product\/kush-sativa-hybrid-kaufen\/"]}]},{"@type":"ImageObject","inLanguage":"pl-PL","@id":"https:\/\/chemgramx.com\/product\/kush-sativa-hybrid-kaufen\/#primaryimage","url":"https:\/\/chemgramx.com\/wp-content\/uploads\/2025\/11\/og-kush-sativa-hybrid-strain-20-26-thc.jpeg","contentUrl":"https:\/\/chemgramx.com\/wp-content\/uploads\/2025\/11\/og-kush-sativa-hybrid-strain-20-26-thc.jpeg","width":800,"height":800},{"@type":"BreadcrumbList","@id":"https:\/\/chemgramx.com\/product\/kush-sativa-hybrid-kaufen\/#breadcrumb","itemListElement":[{"@type":"ListItem","position":1,"name":"Home","item":"https:\/\/chemgramx.com\/"},{"@type":"ListItem","position":2,"name":"Shop","item":"https:\/\/chemgramx.com\/shop\/"},{"@type":"ListItem","position":3,"name":"Kush Sativa Hybrid Kaufen"}]},{"@type":"WebSite","@id":"https:\/\/chemgramx.com\/#website","url":"https:\/\/chemgramx.com\/","name":"Chemgramx","description":"","publisher":{"@id":"https:\/\/chemgramx.com\/#organization"},"potentialAction":[{"@type":"SearchAction","target":{"@type":"EntryPoint","urlTemplate":"https:\/\/chemgramx.com\/?s={search_term_string}"},"query-input":{"@type":"PropertyValueSpecification","valueRequired":true,"valueName":"search_term_string"}}],"inLanguage":"pl-PL"},{"@type":"Organization","@id":"https:\/\/chemgramx.com\/#organization","name":"Chemgramx","url":"https:\/\/chemgramx.com\/","logo":{"@type":"ImageObject","inLanguage":"pl-PL","@id":"https:\/\/chemgramx.com\/#\/schema\/logo\/image\/","url":"https:\/\/chemgramx.com\/wp-content\/uploads\/2024\/10\/final-logo.png","contentUrl":"https:\/\/chemgramx.com\/wp-content\/uploads\/2024\/10\/final-logo.png","width":250,"height":48,"caption":"Chemgramx"},"image":{"@id":"https:\/\/chemgramx.com\/#\/schema\/logo\/image\/"}}]}},"_links":{"self":[{"href":"https:\/\/chemgramx.com\/pl\/wp-json\/wp\/v2\/product\/7353","targetHints":{"allow":["GET"]}}],"collection":[{"href":"https:\/\/chemgramx.com\/pl\/wp-json\/wp\/v2\/product"}],"about":[{"href":"https:\/\/chemgramx.com\/pl\/wp-json\/wp\/v2\/types\/product"}],"replies":[{"embeddable":true,"href":"https:\/\/chemgramx.com\/pl\/wp-json\/wp\/v2\/comments?post=7353"}],"wp:featuredmedia":[{"embeddable":true,"href":"https:\/\/chemgramx.com\/pl\/wp-json\/wp\/v2\/media\/7405"}],"wp:attachment":[{"href":"https:\/\/chemgramx.com\/pl\/wp-json\/wp\/v2\/media?parent=7353"}],"wp:term":[{"taxonomy":"product_brand","embeddable":true,"href":"https:\/\/chemgramx.com\/pl\/wp-json\/wp\/v2\/product_brand?post=7353"},{"taxonomy":"product_cat","embeddable":true,"href":"https:\/\/chemgramx.com\/pl\/wp-json\/wp\/v2\/product_cat?post=7353"},{"taxonomy":"product_tag","embeddable":true,"href":"https:\/\/chemgramx.com\/pl\/wp-json\/wp\/v2\/product_tag?post=7353"}],"curies":[{"name":"wp","href":"https:\/\/api.w.org\/{rel}","templated":true}]}}