{"id":7361,"date":"2025-11-21T11:15:40","date_gmt":"2025-11-21T11:15:40","guid":{"rendered":"https:\/\/chemgramx.com\/?post_type=product&#038;p=7361"},"modified":"2025-11-21T11:17:27","modified_gmt":"2025-11-21T11:17:27","slug":"kup-ekspres-ananasowy","status":"publish","type":"product","link":"https:\/\/chemgramx.com\/pl\/product\/pineapple-express-kaufen\/","title":{"rendered":"Kup Pineapple Express"},"content":{"rendered":"<p><b>Pineapple Express<\/b> to jedna z najbardziej znanych odmian konopi na \u015bwiecie. <b>Przede wszystkim<\/b> Jest ceniona za sw\u00f3j wyra\u017any tropikalny smak i profil, kt\u00f3ry okre\u015bla si\u0119 jako orze\u017awiaj\u0105cy. Odmiana ta jest klasykiem, <b>Hybryda z dominacj\u0105 Sativy<\/b>. <b>Dlatego<\/b> jest przedmiotem bada\u0144 botanicznych i chemicznych nad interakcj\u0105 genetyki sativy i terpen\u00f3w.<\/p>\n<p>Ten artyku\u0142 oferuje <b>Szczeg\u00f3\u0142owa analiza<\/b> linii genetycznej, w\u0142a\u015bciwo\u015bci sensorycznych i cech botanicznych Pineapple Express. <b>Tutaj<\/b> Podkre\u015blamy konieczno\u015b\u0107 przestrzegania norm jako\u015bciowych i prawnych w Niemczech.<\/p>\n<h2><b>Pochodzenie genetyczne i klasyfikacja<\/b><\/h2>\n<p>Pineapple Express ma wyra\u017an\u0105, dobrze udokumentowan\u0105 lini\u0119 genetyczn\u0105. <a href=\"\/product\/lemon-berry-2000mg-cbd-disposable-vape\/\"><b>W rzeczywisto\u015bci<\/b> <\/a>Jest to wynik skrzy\u017cowania dw\u00f3ch niezwykle r\u00f3\u017cnych i silnych odmian rodzicielskich.<\/p>\n<h3><b>Pochodzenie gen\u00f3w<\/b><\/h3>\n<p>Odmiana ta jest zwykle u\u017cywana jako <b>70 % Sativa i 30 % Indica<\/b> sklasyfikowane. <b>Tw\u00f3j<\/b> W\u0142a\u015bciwo\u015bci pochodz\u0105 z:<\/p>\n<ul>\n<li><b>Trainwreck (hybryda z dominacj\u0105 sativy):<\/b> Ta odmiana macierzysta znana jest z szybkich i intensywnych efekt\u00f3w. Wnosi cytrynowe, pikantne nuty i m\u00f3zgowo skoncentrowany efekt.<\/li>\n<li><b>Hawajska (Sativa):<\/b> Hawajska odmiana landrace znana jest ze s\u0142odkiego, tropikalnego smaku i d\u0142ugotrwa\u0142ej, euforycznej energii.<\/li>\n<\/ul>\n<p><b>Podsumowuj\u0105c:<\/b> Po\u0142\u0105czenie tych gen\u00f3w tworzy odmian\u0119, kt\u00f3ra jest rozpoznawalna ze wzgl\u0119du na jej <b>Czysta, skoncentrowana energia<\/b> i ich zdolno\u015b\u0107 do <b>Kreatywno\u015b\u0107<\/b> jest doceniana.<\/p>\n<p>&nbsp;<\/p>\n<h3><b>Zawarto\u015b\u0107 THC i CBD<\/b><\/h3>\n<p>Odmiana ta charakteryzuje si\u0119 \u015bredni\u0105 do wysokiej zawarto\u015bci\u0105 THC. <b>To<\/b> wynosi zazwyczaj mi\u0119dzy <b>17 % i 22 %<\/b>. <b>Jednocze\u015bnie<\/b> Zawarto\u015b\u0107 CBD jest bardzo niska, zazwyczaj poni\u017cej 0,5 %. <b>W konsekwencji<\/b> efekt jest silnie zdominowany przez THC i terpeny.<\/p>\n<h2><b>Profil sensoryczny i sk\u0142ad chemiczny<\/b><\/h2>\n<p>Tropikalny, owocowy smak jest cech\u0105 charakterystyczn\u0105 Pineapple Express. <b>To<\/b> Z\u0142o\u017cony profil wynika ze specyficznego sk\u0142adu terpen\u00f3w.<\/p>\n<h3><b>Aromat, smak i nuty botaniczne<\/b><\/h3>\n<p>Profil zapachowy jest intensywny i \u0142atwo rozpoznawalny:<\/p>\n<ol start=\"1\">\n<li><b>Dominuj\u0105 nuty tropikalne:<\/b> Silny, s\u0142odki zapach <b>dojrza\u0142y ananas<\/b> i mango dominuj\u0105 w bukiecie.<\/li>\n<li><b>Ziemista baza:<\/b> <b>Jeden zauwa\u017ca<\/b> ziemiste, lekko sosnowe nuty. Nadaj\u0105 one profilowi z\u0142o\u017cono\u015bci i g\u0142\u0119bi.<\/li>\n<li><b>Niuanse cytrusowe:<\/b> Lekkie nuty cytrusowe dope\u0142niaj\u0105 smak i przyczyniaj\u0105 si\u0119 do \u015bwie\u017co\u015bci.<\/li>\n<\/ol>\n<h3><b>Analiza g\u0142\u00f3wnych terpen\u00f3w<\/b><\/h3>\n<p>Tropikalny aromat wskazuje na wysokie st\u0119\u017cenie okre\u015blonych terpen\u00f3w:<\/p>\n<ul>\n<li><b>Myrcene:<\/b> Ten terpen, cz\u0119sto wyst\u0119puj\u0105cy w mango, odpowiada za s\u0142odkie, tropikalne nuty i ziemist\u0105 baz\u0119. <b>Ponadto<\/b> ma w\u0142a\u015bciwo\u015bci uspokajaj\u0105ce.<\/li>\n<li><b>Pinene:<\/b> <b>To<\/b> zapewnia sosnowy posmak. <b>Naukowcy<\/b> badaj\u0105 ten terpen pod k\u0105tem jego potencjalnych w\u0142a\u015bciwo\u015bci pobudzaj\u0105cych i skupiaj\u0105cych uwag\u0119.<\/li>\n<li><b>Kariofilen:<\/b> Ten terpen zapewnia pikantne akcenty. <b>Tak wi\u0119c<\/b> przyczynia si\u0119 do z\u0142o\u017cono\u015bci smaku.<\/li>\n<\/ul>\n<h2><b>Zg\u0142oszony profil wp\u0142ywu i potencja\u0142 badawczy<\/b><\/h2>\n<p>Efekt dzia\u0142ania Pineapple Express opisano jako <b>Natychmiastowa rewitalizacja<\/b> oraz <b>d\u0142ugotrwa\u0142y<\/b> opisane. <b>Ten efekt<\/b> czyni je interesuj\u0105cym obiektem bada\u0144 w odniesieniu do proces\u00f3w umys\u0142owych.<\/p>\n<h3><b>Typowe efekty<\/b><\/h3>\n<p>Raporty wskazuj\u0105 na nast\u0119puj\u0105ce charakterystyczne efekty:<\/p>\n<ul>\n<li><b>Skupienie i energia:<\/b> Efekt mentalny jest wyra\u017any i skoncentrowany. <b>Dlatego<\/b> odmiana jest uwa\u017cana za odpowiedni\u0105 do zada\u0144 produkcyjnych.<\/li>\n<li><b>Tw\u00f3rczy przep\u0142yw:<\/b> <b>To<\/b> Cz\u0119sto zg\u0142aszany jest wzrost my\u015blenia asocjacyjnego i generowania pomys\u0142\u00f3w.<\/li>\n<li><b>Lekko\u015b\u0107 spo\u0142eczna:<\/b> <b>Wielu u\u017cytkownik\u00f3w<\/b> do\u015bwiadczy\u0107 swobodnego dialogu i pozytywnej atmosfery.<\/li>\n<\/ul>\n<h3><b>Potencja\u0142 badawczy<\/b><\/h3>\n<p>Ze wzgl\u0119du na te specyficzne cechy, Pineapple Express jest interesuj\u0105cy dla bada\u0144 w takich obszarach jak:<\/p>\n<ul>\n<li><b>Stres i zm\u0119czenie:<\/b> <b>Mo\u017cna by<\/b> zbada\u0107 w\u0142a\u015bciwo\u015bci pobudzaj\u0105ce w celu przeanalizowania wp\u0142ywu na chroniczne zm\u0119czenie lub depresj\u0119.<\/li>\n<li><b>Funkcje poznawcze:<\/b> Skoncentrowany efekt sprawia, \u017ce idealnie nadaj\u0105 si\u0119 do bada\u0144 nad kreatywno\u015bci\u0105 i koncentracj\u0105.<\/li>\n<\/ul>\n<p><b>Informacje botaniczne i dotycz\u0105ce przechowywania<\/b><\/p>\n<p>Pod wzgl\u0119dem botanicznym ananas jest uwa\u017cany za stosunkowo <b>Odmiana \u0142atwa w piel\u0119gnacji<\/b>, kt\u00f3ra dobrze dostosowuje si\u0119 do r\u00f3\u017cnych warunk\u00f3w uprawy.<\/p>\n<ul>\n<li><b>Uprawa:<\/b> Poziom trudno\u015bci jest sklasyfikowany jako \u0142atwy do \u015bredniego. <b>Poniewa\u017c<\/b> ro\u015blina jest wytrzyma\u0142a.<\/li>\n<li><b>Czas kwitnienia:<\/b> Okres kwitnienia to <b>7 do 9 tygodni<\/b> stosunkowo kr\u00f3tka jak na hybryd\u0119 z dominacj\u0105 sativy.<\/li>\n<li><b>Wygl\u0105d:<\/b> Jasnozielone p\u0105ki s\u0105 g\u0119ste i cz\u0119sto pokryte z\u0142otymi w\u0142oskami. <b>Ponadto<\/b> S\u0105 mocno pokryte \u017cywicznymi trichomami.<\/li>\n<\/ul>\n<h2><b>Przechowywanie i konserwacja<\/b><\/h2>\n<p>Prawid\u0142owe przechowywanie ma kluczowe znaczenie dla zapewnienia jako\u015bci naukowej. <b>Tak po prostu<\/b> profil terpenowy i st\u0119\u017cenie kannabinoid\u00f3w pozostaj\u0105 stabilne przez d\u0142u\u017cszy czas:<\/p>\n<ul>\n<li><b>Optymalne przechowywanie:<\/b> Kwiaty powinny by\u0107 <b>hermetyczne szklane pojemniki<\/b> by\u0107 przechowywane.<\/li>\n<li><b>Temperatura i wilgotno\u015b\u0107:<\/b> <b>Co jest wa\u017cne<\/b>, utrzymywa\u0107 sta\u0142\u0105 temperatur\u0119 (ok. 18-22\u00b0C) i kontrolowan\u0105 wilgotno\u015b\u0107 (55-62%).<\/li>\n<\/ul>","protected":false},"excerpt":{"rendered":"<p>Kup Pineapple Express - popularn\u0105 sativ\u0119 o tropikalnym smaku. O\u017cywcza, kreatywna i towarzyska. Dostarczana \u015bwie\u017co i dyskretnie. Odkryj tropikaln\u0105 przyjemno\u015b\u0107 ju\u017c teraz!<\/p>","protected":false},"featured_media":7406,"comment_status":"open","ping_status":"closed","template":"","meta":{"_joinchat":[]},"product_brand":[],"product_cat":[62],"product_tag":[2982,2983,558,2987,2984,2979,2980,2985,2986,2981],"class_list":{"0":"post-7361","1":"product","2":"type-product","3":"status-publish","4":"has-post-thumbnail","6":"product_cat-marijuana","7":"product_tag-ananas-geschmack","8":"product_tag-energiegeladen","9":"product_tag-euphorie","10":"product_tag-fokussiert","11":"product_tag-kreativitaet","12":"product_tag-pineapple-express","13":"product_tag-sativa-hybrid","14":"product_tag-soziale-strain","15":"product_tag-tagesstrain","16":"product_tag-tropisches-aroma","18":"first","19":"instock","20":"shipping-taxable","21":"purchasable","22":"product-type-variable"},"yoast_head":"<!-- This site is optimized with the Yoast SEO plugin v27.5 - https:\/\/yoast.com\/product\/yoast-seo-wordpress\/ -->\n<title>Pineapple Express Kaufen | Tropische Sativa | Energetisierend Chemgramx<\/title>\n<meta name=\"description\" content=\"Pineapple Express kaufen - beliebte Sativa mit tropischem Aroma. Belebend, kreativ &amp; sozial. Frisch &amp; diskret geliefert. Jetzt tropischen Genuss entdecken!\" \/>\n<meta name=\"robots\" content=\"index, follow, max-snippet:-1, max-image-preview:large, max-video-preview:-1\" \/>\n<link rel=\"canonical\" href=\"https:\/\/chemgramx.com\/pl\/produkt-1\/kup-ekspres-ananasowy\/\" \/>\n<meta property=\"og:locale\" content=\"pl_PL\" \/>\n<meta property=\"og:type\" content=\"article\" \/>\n<meta property=\"og:title\" content=\"Pineapple Express Kaufen | Tropische Sativa | Energetisierend Chemgramx\" \/>\n<meta property=\"og:description\" content=\"Pineapple Express kaufen - beliebte Sativa mit tropischem Aroma. Belebend, kreativ &amp; sozial. Frisch &amp; diskret geliefert. Jetzt tropischen Genuss entdecken!\" \/>\n<meta property=\"og:url\" content=\"https:\/\/chemgramx.com\/pl\/produkt-1\/kup-ekspres-ananasowy\/\" \/>\n<meta property=\"og:site_name\" content=\"Chemgramx\" \/>\n<meta property=\"article:modified_time\" content=\"2025-11-21T11:17:27+00:00\" \/>\n<meta property=\"og:image\" content=\"https:\/\/chemgramx.com\/wp-content\/uploads\/2025\/11\/pineapple-express-strain-25-thc.jpg\" \/>\n\t<meta property=\"og:image:width\" content=\"800\" \/>\n\t<meta property=\"og:image:height\" content=\"800\" \/>\n\t<meta property=\"og:image:type\" content=\"image\/jpeg\" \/>\n<meta name=\"twitter:card\" content=\"summary_large_image\" \/>\n<meta name=\"twitter:label1\" content=\"Szacowany czas czytania\" \/>\n\t<meta name=\"twitter:data1\" content=\"4 minuty\" \/>\n<script type=\"application\/ld+json\" class=\"yoast-schema-graph\">{\"@context\":\"https:\\\/\\\/schema.org\",\"@graph\":[{\"@type\":\"WebPage\",\"@id\":\"https:\\\/\\\/chemgramx.com\\\/product\\\/pineapple-express-kaufen\\\/\",\"url\":\"https:\\\/\\\/chemgramx.com\\\/product\\\/pineapple-express-kaufen\\\/\",\"name\":\"Pineapple Express Kaufen | Tropische Sativa | Energetisierend Chemgramx\",\"isPartOf\":{\"@id\":\"https:\\\/\\\/chemgramx.com\\\/#website\"},\"primaryImageOfPage\":{\"@id\":\"https:\\\/\\\/chemgramx.com\\\/product\\\/pineapple-express-kaufen\\\/#primaryimage\"},\"image\":{\"@id\":\"https:\\\/\\\/chemgramx.com\\\/product\\\/pineapple-express-kaufen\\\/#primaryimage\"},\"thumbnailUrl\":\"https:\\\/\\\/chemgramx.com\\\/wp-content\\\/uploads\\\/2025\\\/11\\\/pineapple-express-strain-25-thc.jpg\",\"datePublished\":\"2025-11-21T11:15:40+00:00\",\"dateModified\":\"2025-11-21T11:17:27+00:00\",\"description\":\"Pineapple Express kaufen - beliebte Sativa mit tropischem Aroma. Belebend, kreativ &amp; sozial. Frisch &amp; diskret geliefert. Jetzt tropischen Genuss entdecken!\",\"breadcrumb\":{\"@id\":\"https:\\\/\\\/chemgramx.com\\\/product\\\/pineapple-express-kaufen\\\/#breadcrumb\"},\"inLanguage\":\"pl-PL\",\"potentialAction\":[{\"@type\":\"ReadAction\",\"target\":[\"https:\\\/\\\/chemgramx.com\\\/product\\\/pineapple-express-kaufen\\\/\"]}]},{\"@type\":\"ImageObject\",\"inLanguage\":\"pl-PL\",\"@id\":\"https:\\\/\\\/chemgramx.com\\\/product\\\/pineapple-express-kaufen\\\/#primaryimage\",\"url\":\"https:\\\/\\\/chemgramx.com\\\/wp-content\\\/uploads\\\/2025\\\/11\\\/pineapple-express-strain-25-thc.jpg\",\"contentUrl\":\"https:\\\/\\\/chemgramx.com\\\/wp-content\\\/uploads\\\/2025\\\/11\\\/pineapple-express-strain-25-thc.jpg\",\"width\":800,\"height\":800},{\"@type\":\"BreadcrumbList\",\"@id\":\"https:\\\/\\\/chemgramx.com\\\/product\\\/pineapple-express-kaufen\\\/#breadcrumb\",\"itemListElement\":[{\"@type\":\"ListItem\",\"position\":1,\"name\":\"Home\",\"item\":\"https:\\\/\\\/chemgramx.com\\\/\"},{\"@type\":\"ListItem\",\"position\":2,\"name\":\"Shop\",\"item\":\"https:\\\/\\\/chemgramx.com\\\/shop\\\/\"},{\"@type\":\"ListItem\",\"position\":3,\"name\":\"Pineapple Express Kaufen\"}]},{\"@type\":\"WebSite\",\"@id\":\"https:\\\/\\\/chemgramx.com\\\/#website\",\"url\":\"https:\\\/\\\/chemgramx.com\\\/\",\"name\":\"Chemgramx\",\"description\":\"\",\"publisher\":{\"@id\":\"https:\\\/\\\/chemgramx.com\\\/#organization\"},\"potentialAction\":[{\"@type\":\"SearchAction\",\"target\":{\"@type\":\"EntryPoint\",\"urlTemplate\":\"https:\\\/\\\/chemgramx.com\\\/?s={search_term_string}\"},\"query-input\":{\"@type\":\"PropertyValueSpecification\",\"valueRequired\":true,\"valueName\":\"search_term_string\"}}],\"inLanguage\":\"pl-PL\"},{\"@type\":\"Organization\",\"@id\":\"https:\\\/\\\/chemgramx.com\\\/#organization\",\"name\":\"Chemgramx\",\"url\":\"https:\\\/\\\/chemgramx.com\\\/\",\"logo\":{\"@type\":\"ImageObject\",\"inLanguage\":\"pl-PL\",\"@id\":\"https:\\\/\\\/chemgramx.com\\\/#\\\/schema\\\/logo\\\/image\\\/\",\"url\":\"https:\\\/\\\/chemgramx.com\\\/wp-content\\\/uploads\\\/2024\\\/10\\\/final-logo.png\",\"contentUrl\":\"https:\\\/\\\/chemgramx.com\\\/wp-content\\\/uploads\\\/2024\\\/10\\\/final-logo.png\",\"width\":250,\"height\":48,\"caption\":\"Chemgramx\"},\"image\":{\"@id\":\"https:\\\/\\\/chemgramx.com\\\/#\\\/schema\\\/logo\\\/image\\\/\"}}]}<\/script>\n<!-- \/ Yoast SEO plugin. -->","yoast_head_json":{"title":"Kup Pineapple Express | Tropical Sativa | Energetyzuj\u0105cy Chemgramx","description":"Kup Pineapple Express - popularn\u0105 sativ\u0119 o tropikalnym smaku. O\u017cywcza, kreatywna i towarzyska. Dostarczana \u015bwie\u017co i dyskretnie. Odkryj tropikaln\u0105 przyjemno\u015b\u0107 ju\u017c teraz!","robots":{"index":"index","follow":"follow","max-snippet":"max-snippet:-1","max-image-preview":"max-image-preview:large","max-video-preview":"max-video-preview:-1"},"canonical":"https:\/\/chemgramx.com\/pl\/produkt-1\/kup-ekspres-ananasowy\/","og_locale":"pl_PL","og_type":"article","og_title":"Pineapple Express Kaufen | Tropische Sativa | Energetisierend Chemgramx","og_description":"Pineapple Express kaufen - beliebte Sativa mit tropischem Aroma. Belebend, kreativ &amp; sozial. Frisch &amp; diskret geliefert. Jetzt tropischen Genuss entdecken!","og_url":"https:\/\/chemgramx.com\/pl\/produkt-1\/kup-ekspres-ananasowy\/","og_site_name":"Chemgramx","article_modified_time":"2025-11-21T11:17:27+00:00","og_image":[{"width":800,"height":800,"url":"https:\/\/chemgramx.com\/wp-content\/uploads\/2025\/11\/pineapple-express-strain-25-thc.jpg","type":"image\/jpeg"}],"twitter_card":"summary_large_image","twitter_misc":{"Szacowany czas czytania":"4 minuty"},"schema":{"@context":"https:\/\/schema.org","@graph":[{"@type":"WebPage","@id":"https:\/\/chemgramx.com\/product\/pineapple-express-kaufen\/","url":"https:\/\/chemgramx.com\/product\/pineapple-express-kaufen\/","name":"Kup Pineapple Express | Tropical Sativa | Energetyzuj\u0105cy Chemgramx","isPartOf":{"@id":"https:\/\/chemgramx.com\/#website"},"primaryImageOfPage":{"@id":"https:\/\/chemgramx.com\/product\/pineapple-express-kaufen\/#primaryimage"},"image":{"@id":"https:\/\/chemgramx.com\/product\/pineapple-express-kaufen\/#primaryimage"},"thumbnailUrl":"https:\/\/chemgramx.com\/wp-content\/uploads\/2025\/11\/pineapple-express-strain-25-thc.jpg","datePublished":"2025-11-21T11:15:40+00:00","dateModified":"2025-11-21T11:17:27+00:00","description":"Kup Pineapple Express - popularn\u0105 sativ\u0119 o tropikalnym smaku. O\u017cywcza, kreatywna i towarzyska. Dostarczana \u015bwie\u017co i dyskretnie. Odkryj tropikaln\u0105 przyjemno\u015b\u0107 ju\u017c teraz!","breadcrumb":{"@id":"https:\/\/chemgramx.com\/product\/pineapple-express-kaufen\/#breadcrumb"},"inLanguage":"pl-PL","potentialAction":[{"@type":"ReadAction","target":["https:\/\/chemgramx.com\/product\/pineapple-express-kaufen\/"]}]},{"@type":"ImageObject","inLanguage":"pl-PL","@id":"https:\/\/chemgramx.com\/product\/pineapple-express-kaufen\/#primaryimage","url":"https:\/\/chemgramx.com\/wp-content\/uploads\/2025\/11\/pineapple-express-strain-25-thc.jpg","contentUrl":"https:\/\/chemgramx.com\/wp-content\/uploads\/2025\/11\/pineapple-express-strain-25-thc.jpg","width":800,"height":800},{"@type":"BreadcrumbList","@id":"https:\/\/chemgramx.com\/product\/pineapple-express-kaufen\/#breadcrumb","itemListElement":[{"@type":"ListItem","position":1,"name":"Home","item":"https:\/\/chemgramx.com\/"},{"@type":"ListItem","position":2,"name":"Shop","item":"https:\/\/chemgramx.com\/shop\/"},{"@type":"ListItem","position":3,"name":"Pineapple Express Kaufen"}]},{"@type":"WebSite","@id":"https:\/\/chemgramx.com\/#website","url":"https:\/\/chemgramx.com\/","name":"Chemgramx","description":"","publisher":{"@id":"https:\/\/chemgramx.com\/#organization"},"potentialAction":[{"@type":"SearchAction","target":{"@type":"EntryPoint","urlTemplate":"https:\/\/chemgramx.com\/?s={search_term_string}"},"query-input":{"@type":"PropertyValueSpecification","valueRequired":true,"valueName":"search_term_string"}}],"inLanguage":"pl-PL"},{"@type":"Organization","@id":"https:\/\/chemgramx.com\/#organization","name":"Chemgramx","url":"https:\/\/chemgramx.com\/","logo":{"@type":"ImageObject","inLanguage":"pl-PL","@id":"https:\/\/chemgramx.com\/#\/schema\/logo\/image\/","url":"https:\/\/chemgramx.com\/wp-content\/uploads\/2024\/10\/final-logo.png","contentUrl":"https:\/\/chemgramx.com\/wp-content\/uploads\/2024\/10\/final-logo.png","width":250,"height":48,"caption":"Chemgramx"},"image":{"@id":"https:\/\/chemgramx.com\/#\/schema\/logo\/image\/"}}]}},"_links":{"self":[{"href":"https:\/\/chemgramx.com\/pl\/wp-json\/wp\/v2\/product\/7361","targetHints":{"allow":["GET"]}}],"collection":[{"href":"https:\/\/chemgramx.com\/pl\/wp-json\/wp\/v2\/product"}],"about":[{"href":"https:\/\/chemgramx.com\/pl\/wp-json\/wp\/v2\/types\/product"}],"replies":[{"embeddable":true,"href":"https:\/\/chemgramx.com\/pl\/wp-json\/wp\/v2\/comments?post=7361"}],"wp:featuredmedia":[{"embeddable":true,"href":"https:\/\/chemgramx.com\/pl\/wp-json\/wp\/v2\/media\/7406"}],"wp:attachment":[{"href":"https:\/\/chemgramx.com\/pl\/wp-json\/wp\/v2\/media?parent=7361"}],"wp:term":[{"taxonomy":"product_brand","embeddable":true,"href":"https:\/\/chemgramx.com\/pl\/wp-json\/wp\/v2\/product_brand?post=7361"},{"taxonomy":"product_cat","embeddable":true,"href":"https:\/\/chemgramx.com\/pl\/wp-json\/wp\/v2\/product_cat?post=7361"},{"taxonomy":"product_tag","embeddable":true,"href":"https:\/\/chemgramx.com\/pl\/wp-json\/wp\/v2\/product_tag?post=7361"}],"curies":[{"name":"wp","href":"https:\/\/api.w.org\/{rel}","templated":true}]}}