{"id":7362,"date":"2025-11-21T11:15:41","date_gmt":"2025-11-21T11:15:41","guid":{"rendered":"https:\/\/chemgramx.com\/?post_type=product&#038;p=7362"},"modified":"2025-11-21T11:17:27","modified_gmt":"2025-11-21T11:17:27","slug":"kup-platynowe-ciasteczka-harcerskie","status":"publish","type":"product","link":"https:\/\/chemgramx.com\/pl\/product\/platinum-girl-scout-cookies-kaufen\/","title":{"rendered":"Kup platynowe ciasteczka harcerskie"},"content":{"rendered":"<p>Odmiana konopi <b>Platinum Girl Scout Cookies (PGSC)<\/b> reprezentuje wysoko cenion\u0105 i siln\u0105 ewolucj\u0119 s\u0142ynnego fenotypu \u201eGirl Scout Cookies\u201c (GSC). Ta odmiana premium charakteryzuje si\u0119 wyj\u0105tkow\u0105 produkcj\u0105 \u017cywicy i z\u0142o\u017conym, wielowarstwowym profilem terpenowym. Botanicy i genetycy koncentruj\u0105 si\u0119 na wyj\u0105tkowej r\u00f3wnowadze mi\u0119dzy dominacj\u0105 Indica a pobudzaj\u0105cymi w\u0142a\u015bciwo\u015bciami m\u00f3zgowymi. Odmiana ta dziedziczy swoje najlepsze cechy po liniach rodzicielskich.<\/p>\n<p>Niniejszy artyku\u0142 zawiera dog\u0142\u0119bn\u0105 analiz\u0119 cech botanicznych, sk\u0142adu chemicznego (kannabinoidy i terpeny) oraz tradycyjnie zg\u0142aszanych efekt\u00f3w tego legendarnego fenotypu hybrydowego.<\/p>\n<h2><b>Pochodzenie genetyczne i klasyfikacja<\/b><\/h2>\n<p>PGSC zosta\u0142a stworzona poprzez mistrzowskie krzy\u017cowanie i selekcj\u0119. Celem by\u0142o wzmocnienie najsilniejszych cech oryginalnej linii GSC.<\/p>\n<h3><b>Rodow\u00f3d GSC<\/b><\/h3>\n<p>Podstaw\u0105 genetyki PGSC jest klasyczna odmiana Girl Scout Cookies. Jest to krzy\u017c\u00f3wka dw\u00f3ch dobrze znanych, legendarnych odmian:<\/p>\n<ul>\n<li><b>Durban Poison (Sativa):<\/b> Ta czysta odmiana sativy jest znana ze swoich <b>jasne, <a href=\"\/product\/black-gold-hash-kaufen\/\">m\u00f3zgowy i cz\u0119sto euforyczny<\/a><\/b> Efekty. Jej smak opisywany jest jako s\u0142odko-pikantny.<\/li>\n<li><b>OG Kush (hybryda):<\/b> Niezwykle <b>silna odmiana hybrydowa<\/b>. Jest ceniona za swoje g\u0142\u0119boko relaksuj\u0105ce, fizyczne dzia\u0142anie i ziemisty, sosnowy aromat.<\/li>\n<\/ul>\n<p>Ta kombinacja skutkuje powstaniem dominuj\u0105cej hybrydy. Wariant PGSC jest zwykle okre\u015blany jako <b>60 % Indica i 40 % Sativa<\/b> sklasyfikowane. Umo\u017cliwia to zr\u00f3wnowa\u017cone spektrum w\u0142a\u015bciwo\u015bci.<\/p>\n<h4><b>Znaczenie wariantu \u201eplatynowego\u201c<\/b><\/h4>\n<p>Przedrostek \u201ePlatinum\u201c jest u\u017cywany w kulturze konopi indyjskich do wskazania szczeg\u00f3lnie \u017cywicznej lub silnej wersji odmiany bazowej. W przypadku Platinum Girl Scout Cookies prowadzi to do dw\u00f3ch g\u0142\u00f3wnych cech:<\/p>\n<ul>\n<li><b>Ekstremalna g\u0119sto\u015b\u0107 trichom\u00f3w:<\/b> Kwiaty s\u0105 g\u0119ste. Pokryte s\u0105 niezwykle grub\u0105, srebrzystobia\u0142\u0105 warstw\u0105 gruczo\u0142\u00f3w \u017cywicznych (<b>Trichomy<\/b>). Nadaje to p\u0105kom mro\u017any, \u201eplatynowy\u201c wygl\u0105d.<\/li>\n<li><b>Wysokie st\u0119\u017cenie kannabinoid\u00f3w:<\/b> St\u0119\u017cenie THC w tej odmianie cz\u0119sto mie\u015bci si\u0119 w przedziale <b>g\u00f3rne spektrum<\/b> - cz\u0119sto mi\u0119dzy <b>25 % i 28 %<\/b>. Ta wysoka moc sprawia, \u017ce s\u0105 one wa\u017cnym obiektem bada\u0144.<\/li>\n<\/ul>\n<h2><b>Profil sensoryczny i chemiczny (terpeny)<\/b><\/h2>\n<p>Popularno\u015b\u0107 ciasteczek Platinum Girl Scout Cookies wynika g\u0142\u00f3wnie z ich <b>z\u0142o\u017cony profil aromatyczno-smakowy<\/b>. Jest to bezpo\u015brednio zale\u017cne od ich unikalnego sk\u0142adu terpenowego.<\/p>\n<h4><b>Aromat i smak<\/b><\/h4>\n<p>Profil zapachowy to harmonijne po\u0142\u0105czenie s\u0142odyczy, ziemisto\u015bci i pikantno\u015bci:<\/p>\n<ol start=\"1\">\n<li><b>Dominuj\u0105ca s\u0142odycz:<\/b> Wyczuwalny jest wyra\u017any, s\u0142odki zapach. Mocno przypomina on \u015bwie\u017ce wypieki lub herbatniki.<\/li>\n<li><b>Ziemista baza:<\/b> Wyczuwalne s\u0105 g\u0142\u0119bokie, ziemiste i lekko omsza\u0142e tony. Cz\u0119sto pochodz\u0105 one z genetyki OG Kush.<\/li>\n<li><b>Pikantne\/dieslowskie akcenty:<\/b> Pojawiaj\u0105 si\u0119 r\u00f3wnie\u017c pikantne, niemal pieprzne nuty. Odrobina ziemistego oleju nap\u0119dowego nadaje profilowi dodatkowej z\u0142o\u017cono\u015bci.<\/li>\n<\/ol>\n<h4><b>Podejrzewane g\u0142\u00f3wne terpeny<\/b><\/h4>\n<p>Z\u0142o\u017cone nuty zapachowe sugeruj\u0105 kompozycj\u0119 nast\u0119puj\u0105cych podstawowych terpen\u00f3w:<\/p>\n<ul>\n<li><b>Kariofilen:<\/b> Ten terpen przyczynia si\u0119 do pikantnych i lekko pieprznych nut. Cz\u0119sto kojarzony jest z fizycznym odpr\u0119\u017ceniem.<\/li>\n<li><b>Limonki:<\/b> Odpowiada za subtelne cytrusowe i jasne niuanse. Limonen mo\u017ce przyczynia\u0107 si\u0119 do zg\u0142aszanego euforycznego, m\u00f3zgowego efektu.<\/li>\n<li><b>Myrcene:<\/b> Terpen ten znany jest z ziemistego, pi\u017cmowego aromatu. Cz\u0119sto kojarzony jest z uspokajaj\u0105cymi, relaksuj\u0105cymi w\u0142a\u015bciwo\u015bciami odmian Indica.<\/li>\n<\/ul>\n<h2><b>Obserwowany profil skuteczno\u015bci i obszary zastosowania (zg\u0142oszone)<\/b><\/h2>\n<p>Raporty od konsument\u00f3w i obserwacje naukowe wskazuj\u0105 na pewn\u0105 cech\u0119, <b>Dwufazowy wz\u00f3r efektu<\/b> w kierunku. Wzorzec ten odzwierciedla hybrydowy charakter odmiany.<\/p>\n<h4><b>Podw\u00f3jny efekt<\/b><\/h4>\n<ol start=\"1\">\n<li><b>Pocz\u0105tkowa faza m\u00f3zgowa:<\/b> Zazwyczaj efekt zaczyna si\u0119 od silnego, cz\u0119sto euforycznego i o\u017cywczego dzia\u0142ania. <b>zatrucie m\u00f3zgowe<\/b>. Mo\u017ce to prowadzi\u0107 do zwi\u0119kszenia kreatywno\u015bci i poprawy nastroju. Dziedzictwo genetyki sativy (Durban Poison) jest tu ewidentne.<\/li>\n<li><b>P\u00f3\u017aniejsza faza fizyczna:<\/b> Z biegiem czasu stymulacja m\u00f3zgu staje si\u0119 g\u0142\u0119boka, <b>relaksacja fizyczna<\/b> o. Uczucie to mo\u017cna opisa\u0107 jako uspokajaj\u0105ce, wyciszaj\u0105ce i silnie rozlu\u017aniaj\u0105ce mi\u0119\u015bnie. Ze wzgl\u0119du na swoj\u0105 intensywno\u015b\u0107, odmiana ta jest cz\u0119sto u\u017cywana do <b>p\u00f3\u017any wiecz\u00f3r<\/b> zalecane.<\/li>\n<\/ol>\n<h4><b>Tradycyjny obszar zastosowa\u0144<\/b><\/h4>\n<p>Ze wzgl\u0119du na bardzo silny i relaksuj\u0105cy profil, odmiana ta jest interesuj\u0105ca w nast\u0119puj\u0105cych obszarach:<\/p>\n<ul>\n<li><b>Zaburzenia snu:<\/b> Ze wzgl\u0119du na silny efekt uspokajaj\u0105cy pod koniec haju.<\/li>\n<li><b>Przewlek\u0142e napi\u0119cie i stres:<\/b> Promowanie wszechstronnego odpoczynku fizycznego.<\/li>\n<li><b>Apetyczne:<\/b> Odmiana ta znana jest z wywo\u0142ywania wyra\u017anego efektu \u201emunchies\u201c<\/li>\n<\/ul>\n<h3><b>Charakterystyka uprawy botanicznej<\/b><\/h3>\n<p>Uprawa odmiany Platinum Girl Scout Cookies stanowi \u015brednie i wymagaj\u0105ce wyzwanie dla hodowc\u00f3w. Podkre\u015bla to status premium tej odmiany.<\/p>\n<ul>\n<li><b>Klimat i poziom trudno\u015bci:<\/b> Odmiana ta zazwyczaj preferuje <b>Ciep\u0142y i suchy klimat<\/b>. Reaguje wra\u017cliwie na wahania temperatury i wysok\u0105 wilgotno\u015b\u0107, szczeg\u00f3lnie w p\u00f3\u017anej fazie kwitnienia.<\/li>\n<li><b>Czas kwitnienia:<\/b> Okres kwitnienia to <b>9 do 10 tygodni<\/b> stosunkowo d\u0142ugi. Czas ten umo\u017cliwia jednak rozw\u00f3j maksymalnej produkcji \u017cywicy i terpen\u00f3w.<\/li>\n<li><b>Wydajno\u015b\u0107:<\/b> Plony s\u0105 uwa\u017cane za umiarkowane w por\u00f3wnaniu z niekt\u00f3rymi czystymi odmianami Indica. Nadrabia to jednak wyj\u0105tkow\u0105 jako\u015bci\u0105 i moc\u0105.<\/li>\n<\/ul>","protected":false},"excerpt":{"rendered":"<p>Kup Platinum Girl Scout Cookies: Bardzo silna odmiana hybrydowa z euforycznym efektem m\u00f3zgowym i g\u0142\u0119bokim relaksem. Z\u0142o\u017cony s\u0142odko-ziemisty smak. Idealna na wieczory. \u015awie\u017ca i dyskretna.<\/p>","protected":false},"featured_media":7407,"comment_status":"open","ping_status":"closed","template":"","meta":{"_joinchat":[]},"product_brand":[],"product_cat":[62],"product_tag":[2978,2975,558,2972,2899,2974,2971,2973,2977,2976],"class_list":{"0":"post-7362","1":"product","2":"type-product","3":"status-publish","4":"has-post-thumbnail","6":"product_cat-marijuana","7":"product_tag-abendstrain","8":"product_tag-entspannung","9":"product_tag-euphorie","10":"product_tag-gsc-strain","11":"product_tag-hochpotent","12":"product_tag-indica-dominant","13":"product_tag-platinum-girl-scout-cookies","14":"product_tag-potente-hybrids","15":"product_tag-premium-cannabis","16":"product_tag-thc-reich","18":"first","19":"instock","20":"shipping-taxable","21":"purchasable","22":"product-type-variable"},"yoast_head":"<!-- This site is optimized with the Yoast SEO plugin v27.5 - https:\/\/yoast.com\/product\/yoast-seo-wordpress\/ -->\n<title>Platinum Girl Scout Cookies Kaufen | Potente Hybrid Strain Chemgramx<\/title>\n<meta name=\"description\" content=\"Platinum Girl Scout Cookies kaufen - Premium Hybrid mit euphorischer &amp; entspannender Wirkung. Komplexes Aroma. Diskret &amp; frisch. Jetzt bestellen!\" \/>\n<meta name=\"robots\" content=\"index, follow, max-snippet:-1, max-image-preview:large, max-video-preview:-1\" \/>\n<link rel=\"canonical\" href=\"https:\/\/chemgramx.com\/pl\/produkt-1\/kup-platynowe-ciasteczka-harcerskie\/\" \/>\n<meta property=\"og:locale\" content=\"pl_PL\" \/>\n<meta property=\"og:type\" content=\"article\" \/>\n<meta property=\"og:title\" content=\"Platinum Girl Scout Cookies Kaufen | Potente Hybrid Strain Chemgramx\" \/>\n<meta property=\"og:description\" content=\"Platinum Girl Scout Cookies kaufen - Premium Hybrid mit euphorischer &amp; entspannender Wirkung. Komplexes Aroma. Diskret &amp; frisch. Jetzt bestellen!\" \/>\n<meta property=\"og:url\" content=\"https:\/\/chemgramx.com\/pl\/produkt-1\/kup-platynowe-ciasteczka-harcerskie\/\" \/>\n<meta property=\"og:site_name\" content=\"Chemgramx\" \/>\n<meta property=\"article:modified_time\" content=\"2025-11-21T11:17:27+00:00\" \/>\n<meta property=\"og:image\" content=\"https:\/\/chemgramx.com\/wp-content\/uploads\/2025\/11\/platinum-girl-scout-cookies-strain-18-26-thc.jpg\" \/>\n\t<meta property=\"og:image:width\" content=\"800\" \/>\n\t<meta property=\"og:image:height\" content=\"800\" \/>\n\t<meta property=\"og:image:type\" content=\"image\/jpeg\" \/>\n<meta name=\"twitter:card\" content=\"summary_large_image\" \/>\n<meta name=\"twitter:label1\" content=\"Szacowany czas czytania\" \/>\n\t<meta name=\"twitter:data1\" content=\"4 minuty\" \/>\n<script type=\"application\/ld+json\" class=\"yoast-schema-graph\">{\"@context\":\"https:\\\/\\\/schema.org\",\"@graph\":[{\"@type\":\"WebPage\",\"@id\":\"https:\\\/\\\/chemgramx.com\\\/product\\\/platinum-girl-scout-cookies-kaufen\\\/\",\"url\":\"https:\\\/\\\/chemgramx.com\\\/product\\\/platinum-girl-scout-cookies-kaufen\\\/\",\"name\":\"Platinum Girl Scout Cookies Kaufen | Potente Hybrid Strain Chemgramx\",\"isPartOf\":{\"@id\":\"https:\\\/\\\/chemgramx.com\\\/#website\"},\"primaryImageOfPage\":{\"@id\":\"https:\\\/\\\/chemgramx.com\\\/product\\\/platinum-girl-scout-cookies-kaufen\\\/#primaryimage\"},\"image\":{\"@id\":\"https:\\\/\\\/chemgramx.com\\\/product\\\/platinum-girl-scout-cookies-kaufen\\\/#primaryimage\"},\"thumbnailUrl\":\"https:\\\/\\\/chemgramx.com\\\/wp-content\\\/uploads\\\/2025\\\/11\\\/platinum-girl-scout-cookies-strain-18-26-thc.jpg\",\"datePublished\":\"2025-11-21T11:15:41+00:00\",\"dateModified\":\"2025-11-21T11:17:27+00:00\",\"description\":\"Platinum Girl Scout Cookies kaufen - Premium Hybrid mit euphorischer &amp; entspannender Wirkung. Komplexes Aroma. Diskret &amp; frisch. Jetzt bestellen!\",\"breadcrumb\":{\"@id\":\"https:\\\/\\\/chemgramx.com\\\/product\\\/platinum-girl-scout-cookies-kaufen\\\/#breadcrumb\"},\"inLanguage\":\"pl-PL\",\"potentialAction\":[{\"@type\":\"ReadAction\",\"target\":[\"https:\\\/\\\/chemgramx.com\\\/product\\\/platinum-girl-scout-cookies-kaufen\\\/\"]}]},{\"@type\":\"ImageObject\",\"inLanguage\":\"pl-PL\",\"@id\":\"https:\\\/\\\/chemgramx.com\\\/product\\\/platinum-girl-scout-cookies-kaufen\\\/#primaryimage\",\"url\":\"https:\\\/\\\/chemgramx.com\\\/wp-content\\\/uploads\\\/2025\\\/11\\\/platinum-girl-scout-cookies-strain-18-26-thc.jpg\",\"contentUrl\":\"https:\\\/\\\/chemgramx.com\\\/wp-content\\\/uploads\\\/2025\\\/11\\\/platinum-girl-scout-cookies-strain-18-26-thc.jpg\",\"width\":800,\"height\":800},{\"@type\":\"BreadcrumbList\",\"@id\":\"https:\\\/\\\/chemgramx.com\\\/product\\\/platinum-girl-scout-cookies-kaufen\\\/#breadcrumb\",\"itemListElement\":[{\"@type\":\"ListItem\",\"position\":1,\"name\":\"Home\",\"item\":\"https:\\\/\\\/chemgramx.com\\\/\"},{\"@type\":\"ListItem\",\"position\":2,\"name\":\"Shop\",\"item\":\"https:\\\/\\\/chemgramx.com\\\/shop\\\/\"},{\"@type\":\"ListItem\",\"position\":3,\"name\":\"Platinum Girl Scout Cookies Kaufen\"}]},{\"@type\":\"WebSite\",\"@id\":\"https:\\\/\\\/chemgramx.com\\\/#website\",\"url\":\"https:\\\/\\\/chemgramx.com\\\/\",\"name\":\"Chemgramx\",\"description\":\"\",\"publisher\":{\"@id\":\"https:\\\/\\\/chemgramx.com\\\/#organization\"},\"potentialAction\":[{\"@type\":\"SearchAction\",\"target\":{\"@type\":\"EntryPoint\",\"urlTemplate\":\"https:\\\/\\\/chemgramx.com\\\/?s={search_term_string}\"},\"query-input\":{\"@type\":\"PropertyValueSpecification\",\"valueRequired\":true,\"valueName\":\"search_term_string\"}}],\"inLanguage\":\"pl-PL\"},{\"@type\":\"Organization\",\"@id\":\"https:\\\/\\\/chemgramx.com\\\/#organization\",\"name\":\"Chemgramx\",\"url\":\"https:\\\/\\\/chemgramx.com\\\/\",\"logo\":{\"@type\":\"ImageObject\",\"inLanguage\":\"pl-PL\",\"@id\":\"https:\\\/\\\/chemgramx.com\\\/#\\\/schema\\\/logo\\\/image\\\/\",\"url\":\"https:\\\/\\\/chemgramx.com\\\/wp-content\\\/uploads\\\/2024\\\/10\\\/final-logo.png\",\"contentUrl\":\"https:\\\/\\\/chemgramx.com\\\/wp-content\\\/uploads\\\/2024\\\/10\\\/final-logo.png\",\"width\":250,\"height\":48,\"caption\":\"Chemgramx\"},\"image\":{\"@id\":\"https:\\\/\\\/chemgramx.com\\\/#\\\/schema\\\/logo\\\/image\\\/\"}}]}<\/script>\n<!-- \/ Yoast SEO plugin. -->","yoast_head_json":{"title":"Kup Platinum Girl Scout Cookies | Potente Hybrid Strain Chemgramx","description":"Kup Platinum Girl Scout Cookies - hybryd\u0119 premium o dzia\u0142aniu euforycznym i relaksuj\u0105cym. Z\u0142o\u017cony smak. Dyskretny i \u015bwie\u017cy. Zam\u00f3w teraz!","robots":{"index":"index","follow":"follow","max-snippet":"max-snippet:-1","max-image-preview":"max-image-preview:large","max-video-preview":"max-video-preview:-1"},"canonical":"https:\/\/chemgramx.com\/pl\/produkt-1\/kup-platynowe-ciasteczka-harcerskie\/","og_locale":"pl_PL","og_type":"article","og_title":"Platinum Girl Scout Cookies Kaufen | Potente Hybrid Strain Chemgramx","og_description":"Platinum Girl Scout Cookies kaufen - Premium Hybrid mit euphorischer &amp; entspannender Wirkung. Komplexes Aroma. Diskret &amp; frisch. Jetzt bestellen!","og_url":"https:\/\/chemgramx.com\/pl\/produkt-1\/kup-platynowe-ciasteczka-harcerskie\/","og_site_name":"Chemgramx","article_modified_time":"2025-11-21T11:17:27+00:00","og_image":[{"width":800,"height":800,"url":"https:\/\/chemgramx.com\/wp-content\/uploads\/2025\/11\/platinum-girl-scout-cookies-strain-18-26-thc.jpg","type":"image\/jpeg"}],"twitter_card":"summary_large_image","twitter_misc":{"Szacowany czas czytania":"4 minuty"},"schema":{"@context":"https:\/\/schema.org","@graph":[{"@type":"WebPage","@id":"https:\/\/chemgramx.com\/product\/platinum-girl-scout-cookies-kaufen\/","url":"https:\/\/chemgramx.com\/product\/platinum-girl-scout-cookies-kaufen\/","name":"Kup Platinum Girl Scout Cookies | Potente Hybrid Strain Chemgramx","isPartOf":{"@id":"https:\/\/chemgramx.com\/#website"},"primaryImageOfPage":{"@id":"https:\/\/chemgramx.com\/product\/platinum-girl-scout-cookies-kaufen\/#primaryimage"},"image":{"@id":"https:\/\/chemgramx.com\/product\/platinum-girl-scout-cookies-kaufen\/#primaryimage"},"thumbnailUrl":"https:\/\/chemgramx.com\/wp-content\/uploads\/2025\/11\/platinum-girl-scout-cookies-strain-18-26-thc.jpg","datePublished":"2025-11-21T11:15:41+00:00","dateModified":"2025-11-21T11:17:27+00:00","description":"Kup Platinum Girl Scout Cookies - hybryd\u0119 premium o dzia\u0142aniu euforycznym i relaksuj\u0105cym. Z\u0142o\u017cony smak. Dyskretny i \u015bwie\u017cy. Zam\u00f3w teraz!","breadcrumb":{"@id":"https:\/\/chemgramx.com\/product\/platinum-girl-scout-cookies-kaufen\/#breadcrumb"},"inLanguage":"pl-PL","potentialAction":[{"@type":"ReadAction","target":["https:\/\/chemgramx.com\/product\/platinum-girl-scout-cookies-kaufen\/"]}]},{"@type":"ImageObject","inLanguage":"pl-PL","@id":"https:\/\/chemgramx.com\/product\/platinum-girl-scout-cookies-kaufen\/#primaryimage","url":"https:\/\/chemgramx.com\/wp-content\/uploads\/2025\/11\/platinum-girl-scout-cookies-strain-18-26-thc.jpg","contentUrl":"https:\/\/chemgramx.com\/wp-content\/uploads\/2025\/11\/platinum-girl-scout-cookies-strain-18-26-thc.jpg","width":800,"height":800},{"@type":"BreadcrumbList","@id":"https:\/\/chemgramx.com\/product\/platinum-girl-scout-cookies-kaufen\/#breadcrumb","itemListElement":[{"@type":"ListItem","position":1,"name":"Home","item":"https:\/\/chemgramx.com\/"},{"@type":"ListItem","position":2,"name":"Shop","item":"https:\/\/chemgramx.com\/shop\/"},{"@type":"ListItem","position":3,"name":"Platinum Girl Scout Cookies Kaufen"}]},{"@type":"WebSite","@id":"https:\/\/chemgramx.com\/#website","url":"https:\/\/chemgramx.com\/","name":"Chemgramx","description":"","publisher":{"@id":"https:\/\/chemgramx.com\/#organization"},"potentialAction":[{"@type":"SearchAction","target":{"@type":"EntryPoint","urlTemplate":"https:\/\/chemgramx.com\/?s={search_term_string}"},"query-input":{"@type":"PropertyValueSpecification","valueRequired":true,"valueName":"search_term_string"}}],"inLanguage":"pl-PL"},{"@type":"Organization","@id":"https:\/\/chemgramx.com\/#organization","name":"Chemgramx","url":"https:\/\/chemgramx.com\/","logo":{"@type":"ImageObject","inLanguage":"pl-PL","@id":"https:\/\/chemgramx.com\/#\/schema\/logo\/image\/","url":"https:\/\/chemgramx.com\/wp-content\/uploads\/2024\/10\/final-logo.png","contentUrl":"https:\/\/chemgramx.com\/wp-content\/uploads\/2024\/10\/final-logo.png","width":250,"height":48,"caption":"Chemgramx"},"image":{"@id":"https:\/\/chemgramx.com\/#\/schema\/logo\/image\/"}}]}},"_links":{"self":[{"href":"https:\/\/chemgramx.com\/pl\/wp-json\/wp\/v2\/product\/7362","targetHints":{"allow":["GET"]}}],"collection":[{"href":"https:\/\/chemgramx.com\/pl\/wp-json\/wp\/v2\/product"}],"about":[{"href":"https:\/\/chemgramx.com\/pl\/wp-json\/wp\/v2\/types\/product"}],"replies":[{"embeddable":true,"href":"https:\/\/chemgramx.com\/pl\/wp-json\/wp\/v2\/comments?post=7362"}],"wp:featuredmedia":[{"embeddable":true,"href":"https:\/\/chemgramx.com\/pl\/wp-json\/wp\/v2\/media\/7407"}],"wp:attachment":[{"href":"https:\/\/chemgramx.com\/pl\/wp-json\/wp\/v2\/media?parent=7362"}],"wp:term":[{"taxonomy":"product_brand","embeddable":true,"href":"https:\/\/chemgramx.com\/pl\/wp-json\/wp\/v2\/product_brand?post=7362"},{"taxonomy":"product_cat","embeddable":true,"href":"https:\/\/chemgramx.com\/pl\/wp-json\/wp\/v2\/product_cat?post=7362"},{"taxonomy":"product_tag","embeddable":true,"href":"https:\/\/chemgramx.com\/pl\/wp-json\/wp\/v2\/product_tag?post=7362"}],"curies":[{"name":"wp","href":"https:\/\/api.w.org\/{rel}","templated":true}]}}