{"id":7365,"date":"2025-11-21T11:15:41","date_gmt":"2025-11-21T11:15:41","guid":{"rendered":"https:\/\/chemgramx.com\/?post_type=product&#038;p=7365"},"modified":"2025-12-10T09:09:35","modified_gmt":"2025-12-10T09:09:35","slug":"acapulco-gold-sativa-hybrid-19-24-thc-zamowienie-online","status":"publish","type":"product","link":"https:\/\/chemgramx.com\/pl\/product\/acapulco-gold-sativa-hybrid-19-24-thc-online-bestellung\/","title":{"rendered":"Acapulco Gold - Sativa Hybrid 19-24 % THC Zam\u00f3w online"},"content":{"rendered":"<p><b>Acapulco Gold<\/b> to nie tylko odmiana konopi - to ponadczasowa legenda, kawa\u0142ek historii konopi, kt\u00f3ry od dziesi\u0119cioleci zachwyca koneser\u00f3w i entuzjast\u00f3w na ca\u0142ym \u015bwiecie. Kto <b><a href=\"\/product\/acapulco-gold-sativa-hybrid-19-24-thc\/\">Acapulco<\/a> Kup z\u0142oto online<\/b> Je\u015bli szukasz wyj\u0105tkowego do\u015bwiadczenia hybrydowego z dominacj\u0105 Sativy, kt\u00f3re nie ma sobie r\u00f3wnych. Znany ze swoich charakterystycznych, z\u0142ocistych kwiat\u00f3w, intensywnego, z\u0142o\u017conego aromatu i pot\u0119\u017cnego, ale niesamowicie wyra\u017anego i orze\u017awiaj\u0105cego efektu, ten klasyk zapewnia doskonale zbalansowany haj dla aktywnego umys\u0142u.<\/p>\n<p>Z <b>Zawarto\u015b\u0107 THC<\/b>, kt\u00f3ry zazwyczaj wyst\u0119puje mi\u0119dzy <b>19 % i 24 %<\/b> Acapulco Gold oferuje silne doznania, kt\u00f3re s\u0105 idealne na dzie\u0144. Jest to klucz do zwi\u0119kszonej kreatywno\u015bci, niepohamowanej motywacji i euforycznego nastroju, bez cz\u0119sto niepo\u017c\u0105danego nadmiernego pobudzenia czystej sativy. Zanurz si\u0119 w \u015bwiecie tej kultowej genetyki i odkryj, dlaczego Acapulco Gold jest nadal uwa\u017cana za \u201ez\u0142oty standard\u201c w\u015br\u00f3d hybryd sativa.<\/p>\n<h2>\u00a0Pochodzenie i genetyka: rasa l\u0105dowa z tropikalnych region\u00f3w Meksyku<\/h2>\n<p>Historia Acapulco Gold si\u0119ga czas\u00f3w staro\u017cytnych. <b>1960s<\/b> i ma swoje korzenie w sk\u0105panych w s\u0142o\u0144cu, tropikalnych regionach wok\u00f3\u0142 <b>Acapulco, Meksyk<\/b>. Jest to jeden z niewielu prawdziwych <a href=\"\/product\/diclazepam-online-kaufen\/\"><b>Rasy l\u0105dowe<\/b> <\/a>(szczep, kt\u00f3ry dostosowa\u0142 si\u0119 do swojego naturalnego \u015brodowiska), kt\u00f3ry zdo\u0142a\u0142 utrzyma\u0107 sw\u00f3j legendarny status we wsp\u00f3\u0142czesnej erze konopi.<\/p>\n<h3>Pochodzenie z\u0142otej nazwy<\/h3>\n<p>Nazw\u0119 \u201eAcapulco Gold\u201c nale\u017cy traktowa\u0107 dos\u0142ownie i doskonale opisuje ona wyj\u0105tkowy wygl\u0105d tego kwiatu. Dojrzewaj\u0105c w intensywnym meksyka\u0144skim s\u0142o\u0144cu, g\u0119ste, zwarte p\u0105ki nabieraj\u0105 charakterystycznego koloru: jasnego, z\u0142otego i bursztynowego po\u0142ysku, przeplatanego czerwono-br\u0105zowymi s\u0142upkami. Gruba warstwa b\u0142yszcz\u0105cych kryszta\u0142k\u00f3w THC (trichom\u00f3w) pokrywa powierzchni\u0119 i podkre\u015bla luksusowy wygl\u0105d tej odmiany premium. Ta wizualna wyj\u0105tkowo\u015b\u0107 sprawia, \u017ce Acapulco Gold jest natychmiast rozpoznawalna i bardzo poszukiwana przez kolekcjoner\u00f3w i koneser\u00f3w.<\/p>\n<p>Acapulco Gold jest silny genetycznie <b>Z dominacj\u0105 Sativy<\/b> (cz\u0119sto 70-80 % Sativa), co wyja\u015bnia jej energiczny charakter. Jej wytrzyma\u0142a natura i odporno\u015b\u0107 na ple\u015b\u0144 i szkodniki s\u0105 bezpo\u015brednim wynikiem tropikalnego pochodzenia i starannej selekcji na przestrzeni pokole\u0144.<\/p>\n<h2>Aromat, smak i profil terpenowy: luksusowe doznania smakowe<\/h2>\n<p>Bukiet Acapulco Gold jest r\u00f3wnie legendarny, jak jego dzia\u0142anie. Jest to z\u0142o\u017cony, ciep\u0142y i bogaty profil smakowy, kt\u00f3ry wykracza daleko poza proste nuty kwiatowe lub ziemiste. Ci, kt\u00f3rzy ceni\u0105 sobie niepowtarzalny smak, powinni <b>Zam\u00f3w Acapulco Gold online<\/b>.<\/p>\n<h3>Dominuj\u0105ce terpeny<\/h3>\n<p>Unikalny zapach i smak s\u0105 w du\u017cej mierze zdeterminowane przez ich bogaty profil terpenowy. Najcz\u0119\u015bciej wyst\u0119puj\u0105ce terpeny to<\/p>\n<ul>\n<li><b>Limonki:<\/b> Odpowiedzialny za jasne kolory, <b>cytrusowy<\/b> i orze\u017awiaj\u0105ce nuty. Limonen przyczynia si\u0119 do poprawy nastroju i wyra\u017anego dzia\u0142ania tej odmiany.<\/li>\n<li><b>Myrcene:<\/b> Ten terpen nadaje odmianie jej <b>ziemisty, s\u0142odki<\/b> i lekko pi\u017cmowe nuty, kt\u00f3re cz\u0119sto kojarzone s\u0105 z karmelem i miodem. Mircen wspiera r\u00f3wnie\u017c fizycznie relaksuj\u0105cy sk\u0142adnik hybrydy.<\/li>\n<li><b>Kariofilen:<\/b> Dostarcza <b>pikantny, pieprzny<\/b> i jest znany ze swoich potencjalnych w\u0142a\u015bciwo\u015bci przeciwzapalnych.<\/li>\n<\/ul>\n<h3>Doznania smakowe<\/h3>\n<p>Podczas palenia lub waporyzacji, rozwija kremowy, delikatnie <b>Pikantny smak<\/b> z wyra\u017an\u0105 nut\u0105 <b><a href=\"\/product\/acapulco-gold-sativa-hybrid-19-24-thc\/\">Karmel<\/a> i palona kawa<\/b>. S\u0142odycz miodu elegancko \u0142\u0105czy si\u0119 z ziemistym i <b>Sosnowy odcie\u0144<\/b>, kt\u00f3ry pozostawia luksusowy, niemal tropikalny posmak, kt\u00f3ry utrzymuje si\u0119 przez d\u0142ugi czas. To po\u0142\u0105czenie s\u0142odyczy, pikantno\u015bci i ziemisto\u015bci sprawia, \u017ce Acapulco Gold jest prawdziwym \u201eoldschoolowym\u201c klasykiem, kt\u00f3ry wyra\u017anie wyr\u00f3\u017cnia si\u0119 na tle nowoczesnych, owocowych odmian pod wzgl\u0119dem smaku.<\/p>\n<h2>\u00a0Dzia\u0142anie i w\u0142a\u015bciwo\u015bci: Idealna hybryda sativy na dzie\u0144<\/h2>\n<p>Acapulco Gold jest u\u017cywany przez u\u017cytkownik\u00f3w na ca\u0142ym \u015bwiecie do ich <b>wyra\u017anie skoncentrowany, m\u00f3zgowy haj<\/b> kt\u00f3ry jest idealny do utrzymania aktywnego i produktywnego dnia. Jest to idealny wyb\u00f3r dla u\u017cytkownik\u00f3w, kt\u00f3rzy potrzebuj\u0105 <b>Zastrzyk energii bez nerwowo\u015bci i paranoi<\/b> co czasami mo\u017ce mie\u0107 miejsce w przypadku czystych odmian Sativa.<\/p>\n<h3>Triada pozytywnych efekt\u00f3w<\/h3>\n<ol start=\"1\">\n<li><b>Energia i motywacja:<\/b> Efekt pojawia si\u0119 szybko i prowadzi do silnego uczucia <b>Euforia<\/b> i pozytywn\u0105 energi\u0119. Promuje aktywno\u015b\u0107 umys\u0142ow\u0105 i mo\u017ce pom\u00f3c w utrzymaniu motywacji nawet w d\u0142ugie dni.<\/li>\n<li><b>Kreatywno\u015b\u0107 i skupienie:<\/b> Acapulco Gold jest szczeg\u00f3lnie popularny w\u015br\u00f3d artyst\u00f3w, pisarzy i ka\u017cdego, kto musi wykonywa\u0107 kreatywn\u0105 lub skoncentrowan\u0105 prac\u0119. Haj jest <b>Czysto w g\u0142owie<\/b>, promuje wymian\u0119 pomys\u0142\u00f3w i mo\u017ce zwi\u0119kszy\u0107 uznanie dla sztuki i muzyki.<\/li>\n<li><b>Poprawa nastroju:<\/b> Odmiana ta znana jest ze swojej zdolno\u015bci do g\u0142\u0119bokiej poprawy nastroju i promowania uczucia szcz\u0119\u015bcia i towarzysko\u015bci. Jest doskona\u0142ym towarzyszem spotka\u0144 towarzyskich lub aktywno\u015bci na \u015bwie\u017cym powietrzu, takich jak w\u0119dr\u00f3wki lub uprawianie sportu.<\/li>\n<\/ol>\n<p>Chocia\u017c w Acapulco Gold dominuje sativa, sk\u0142adnik hybrydowy zapewnia subtelny, koj\u0105cy relaks fizyczny. Efekt ten zapobiega zbyt intensywnemu hajowi psychicznemu i dope\u0142nia doznania, dzi\u0119ki czemu jest doskona\u0142ym lekarstwem na stres i chroniczne zm\u0119czenie.<\/p>\n<h2>\u00a0Kup Acapulco Gold online: Jako\u015b\u0107, bezpiecze\u0144stwo i przejrzysto\u015b\u0107<\/h2>\n<p>Je\u015bli zdecydujesz si\u0119 u\u017cy\u0107 tej ikony <b>Kup hybryd\u0119 Sativa online<\/b>, Wyb\u00f3r odpowiedniego dostawcy jest kluczowy. Aby zagwarantowa\u0107 czysto\u015b\u0107 i jako\u015b\u0107 tego gatunku, nale\u017cy zawsze zwraca\u0107 uwag\u0119 na nast\u0119puj\u0105ce kryteria:<\/p>\n<h3>Certyfikowana jako\u015b\u0107 i moc<\/h3>\n<p>Zaufani dostawcy dostarczaj\u0105 przejrzystych informacji na temat partii:<\/p>\n<ul>\n<li><b>THC i profil kannabinoidowy:<\/b> Sprawd\u017a podan\u0105 zawarto\u015b\u0107 THC (najlepiej mi\u0119dzy 19 % a 24 %) i obecno\u015b\u0107 innych wa\u017cnych kannabinoid\u00f3w, takich jak CBD (zwykle niska, poni\u017cej 1 %).<\/li>\n<li><b>Analiza terpen\u00f3w:<\/b> Powa\u017cny <b>Certyfikat analizy (CoA)<\/b> powinien potwierdzi\u0107 dominuj\u0105ce terpeny (limonen, mircen, kariofilen), poniewa\u017c s\u0105 one decyduj\u0105ce dla wyj\u0105tkowego smaku i efektu.<\/li>\n<\/ul>\n<h3>Do\u015bwiadczenie zakupowe: dyskrecja i \u015bwie\u017co\u015b\u0107<\/h3>\n<p>Upewnij si\u0119, \u017ce wysy\u0142ka <b>bezpieczny, dyskretny<\/b> oraz na terenie Niemiec i UE. \u015awie\u017co\u015b\u0107 produktu jest r\u00f3wnie wa\u017cna: tylko z\u0142oto-\u017c\u00f3\u0142te, \u015bwie\u017co zebrane kwiaty zachowuj\u0105 pe\u0142ny karmelowo-kawowy smak. Acapulco Gold to inwestycja w histori\u0119 i jako\u015b\u0107. Upewnij si\u0119, \u017ce otrzymujesz autentyczn\u0105, dojrzewaj\u0105c\u0105 w s\u0142o\u0144cu genetyk\u0119.<\/p>\n<p><b>Acapulco Gold<\/b> to co\u015b wi\u0119cej ni\u017c tylko odmiana konopi; to do\u015bwiadczenie. Uosabia z\u0142ot\u0105 er\u0119 marihuany i nadal oferuje niezr\u00f3wnane po\u0142\u0105czenie historycznej genetyki, luksusowego smaku i podnosz\u0105cego na duchu, skupiaj\u0105cego haju.<\/p>\n<p data-start=\"3291\" data-end=\"3420\">Kto <strong data-start=\"3295\" data-end=\"3319\">Kup Acapulco Gold<\/strong> Je\u015bli chcesz uprawia\u0107 konopie, otrzymasz prawdziwy kawa\u0142ek historii konopi - mocny, aromatyczny i najwy\u017cszej jako\u015bci.<\/p>","protected":false},"excerpt":{"rendered":"<p data-start=\"3468\" data-end=\"3619\">Acapulco Gold - hybryda Sativa z 19-24 % THC. Z\u0142ote kwiaty, s\u0142odko-pikantny smak i orze\u017awiaj\u0105cy efekt. Legendarny klasyk w jako\u015bci premium.<\/p>","protected":false},"featured_media":7410,"comment_status":"open","ping_status":"closed","template":"","meta":{"_joinchat":[]},"product_brand":[],"product_cat":[62],"product_tag":[],"class_list":{"0":"post-7365","1":"product","2":"type-product","3":"status-publish","4":"has-post-thumbnail","6":"product_cat-marijuana","8":"first","9":"instock","10":"shipping-taxable","11":"purchasable","12":"product-type-variable"},"yoast_head":"<!-- This site is optimized with the Yoast SEO plugin v27.5 - https:\/\/yoast.com\/product\/yoast-seo-wordpress\/ -->\n<title>Acapulco Gold kaufen | 19\u201324% THC Sativa Klassiker<\/title>\n<meta name=\"description\" content=\"Acapulco Gold kaufen \u2013 Sativa-Hybrid mit 19\u201324% THC. Energetisch, aromatisch und legend\u00e4r. Premiumqualit\u00e4t mit diskretem Versand in Deutschland &amp; EU.\" \/>\n<meta name=\"robots\" content=\"index, follow, max-snippet:-1, max-image-preview:large, max-video-preview:-1\" \/>\n<link rel=\"canonical\" href=\"https:\/\/chemgramx.com\/pl\/produkt-1\/acapulco-gold-sativa-hybrid-19-24-thc-zamowienie-online\/\" \/>\n<meta property=\"og:locale\" content=\"pl_PL\" \/>\n<meta property=\"og:type\" content=\"article\" \/>\n<meta property=\"og:title\" content=\"Acapulco Gold kaufen | 19\u201324% THC Sativa Klassiker\" \/>\n<meta property=\"og:description\" content=\"Acapulco Gold kaufen \u2013 Sativa-Hybrid mit 19\u201324% THC. Energetisch, aromatisch und legend\u00e4r. Premiumqualit\u00e4t mit diskretem Versand in Deutschland &amp; EU.\" \/>\n<meta property=\"og:url\" content=\"https:\/\/chemgramx.com\/pl\/produkt-1\/acapulco-gold-sativa-hybrid-19-24-thc-zamowienie-online\/\" \/>\n<meta property=\"og:site_name\" content=\"Chemgramx\" \/>\n<meta property=\"article:modified_time\" content=\"2025-12-10T09:09:35+00:00\" \/>\n<meta property=\"og:image\" content=\"https:\/\/chemgramx.com\/wp-content\/uploads\/2025\/11\/acapulco-gold-sativa-hybrid-19-24-thc.jpg\" \/>\n\t<meta property=\"og:image:width\" content=\"800\" \/>\n\t<meta property=\"og:image:height\" content=\"800\" \/>\n\t<meta property=\"og:image:type\" content=\"image\/jpeg\" \/>\n<meta name=\"twitter:card\" content=\"summary_large_image\" \/>\n<meta name=\"twitter:label1\" content=\"Szacowany czas czytania\" \/>\n\t<meta name=\"twitter:data1\" content=\"5 minut\" \/>\n<script type=\"application\/ld+json\" class=\"yoast-schema-graph\">{\"@context\":\"https:\\\/\\\/schema.org\",\"@graph\":[{\"@type\":\"WebPage\",\"@id\":\"https:\\\/\\\/chemgramx.com\\\/product\\\/acapulco-gold-sativa-hybrid-19-24-thc-online-bestellung\\\/\",\"url\":\"https:\\\/\\\/chemgramx.com\\\/product\\\/acapulco-gold-sativa-hybrid-19-24-thc-online-bestellung\\\/\",\"name\":\"Acapulco Gold kaufen | 19\u201324% THC Sativa Klassiker\",\"isPartOf\":{\"@id\":\"https:\\\/\\\/chemgramx.com\\\/#website\"},\"primaryImageOfPage\":{\"@id\":\"https:\\\/\\\/chemgramx.com\\\/product\\\/acapulco-gold-sativa-hybrid-19-24-thc-online-bestellung\\\/#primaryimage\"},\"image\":{\"@id\":\"https:\\\/\\\/chemgramx.com\\\/product\\\/acapulco-gold-sativa-hybrid-19-24-thc-online-bestellung\\\/#primaryimage\"},\"thumbnailUrl\":\"https:\\\/\\\/chemgramx.com\\\/wp-content\\\/uploads\\\/2025\\\/11\\\/acapulco-gold-sativa-hybrid-19-24-thc.jpg\",\"datePublished\":\"2025-11-21T11:15:41+00:00\",\"dateModified\":\"2025-12-10T09:09:35+00:00\",\"description\":\"Acapulco Gold kaufen \u2013 Sativa-Hybrid mit 19\u201324% THC. Energetisch, aromatisch und legend\u00e4r. Premiumqualit\u00e4t mit diskretem Versand in Deutschland & EU.\",\"breadcrumb\":{\"@id\":\"https:\\\/\\\/chemgramx.com\\\/product\\\/acapulco-gold-sativa-hybrid-19-24-thc-online-bestellung\\\/#breadcrumb\"},\"inLanguage\":\"pl-PL\",\"potentialAction\":[{\"@type\":\"ReadAction\",\"target\":[\"https:\\\/\\\/chemgramx.com\\\/product\\\/acapulco-gold-sativa-hybrid-19-24-thc-online-bestellung\\\/\"]}]},{\"@type\":\"ImageObject\",\"inLanguage\":\"pl-PL\",\"@id\":\"https:\\\/\\\/chemgramx.com\\\/product\\\/acapulco-gold-sativa-hybrid-19-24-thc-online-bestellung\\\/#primaryimage\",\"url\":\"https:\\\/\\\/chemgramx.com\\\/wp-content\\\/uploads\\\/2025\\\/11\\\/acapulco-gold-sativa-hybrid-19-24-thc.jpg\",\"contentUrl\":\"https:\\\/\\\/chemgramx.com\\\/wp-content\\\/uploads\\\/2025\\\/11\\\/acapulco-gold-sativa-hybrid-19-24-thc.jpg\",\"width\":800,\"height\":800},{\"@type\":\"BreadcrumbList\",\"@id\":\"https:\\\/\\\/chemgramx.com\\\/product\\\/acapulco-gold-sativa-hybrid-19-24-thc-online-bestellung\\\/#breadcrumb\",\"itemListElement\":[{\"@type\":\"ListItem\",\"position\":1,\"name\":\"Home\",\"item\":\"https:\\\/\\\/chemgramx.com\\\/\"},{\"@type\":\"ListItem\",\"position\":2,\"name\":\"Shop\",\"item\":\"https:\\\/\\\/chemgramx.com\\\/shop\\\/\"},{\"@type\":\"ListItem\",\"position\":3,\"name\":\"Acapulco Gold \u2013 Sativa Hybrid 19\u201324 % THC Online Bestellung\"}]},{\"@type\":\"WebSite\",\"@id\":\"https:\\\/\\\/chemgramx.com\\\/#website\",\"url\":\"https:\\\/\\\/chemgramx.com\\\/\",\"name\":\"Chemgramx\",\"description\":\"\",\"publisher\":{\"@id\":\"https:\\\/\\\/chemgramx.com\\\/#organization\"},\"potentialAction\":[{\"@type\":\"SearchAction\",\"target\":{\"@type\":\"EntryPoint\",\"urlTemplate\":\"https:\\\/\\\/chemgramx.com\\\/?s={search_term_string}\"},\"query-input\":{\"@type\":\"PropertyValueSpecification\",\"valueRequired\":true,\"valueName\":\"search_term_string\"}}],\"inLanguage\":\"pl-PL\"},{\"@type\":\"Organization\",\"@id\":\"https:\\\/\\\/chemgramx.com\\\/#organization\",\"name\":\"Chemgramx\",\"url\":\"https:\\\/\\\/chemgramx.com\\\/\",\"logo\":{\"@type\":\"ImageObject\",\"inLanguage\":\"pl-PL\",\"@id\":\"https:\\\/\\\/chemgramx.com\\\/#\\\/schema\\\/logo\\\/image\\\/\",\"url\":\"https:\\\/\\\/chemgramx.com\\\/wp-content\\\/uploads\\\/2024\\\/10\\\/final-logo.png\",\"contentUrl\":\"https:\\\/\\\/chemgramx.com\\\/wp-content\\\/uploads\\\/2024\\\/10\\\/final-logo.png\",\"width\":250,\"height\":48,\"caption\":\"Chemgramx\"},\"image\":{\"@id\":\"https:\\\/\\\/chemgramx.com\\\/#\\\/schema\\\/logo\\\/image\\\/\"}}]}<\/script>\n<!-- \/ Yoast SEO plugin. -->","yoast_head_json":{"title":"Kup Acapulco Gold | 19-24% THC Sativa classic","description":"Kup Acapulco Gold - hybryd\u0119 Sativa z 19-24% THC. Energetyczna, aromatyczna i legendarna. Najwy\u017csza jako\u015b\u0107 z dyskretn\u0105 wysy\u0142k\u0105 na terenie Niemiec i UE.","robots":{"index":"index","follow":"follow","max-snippet":"max-snippet:-1","max-image-preview":"max-image-preview:large","max-video-preview":"max-video-preview:-1"},"canonical":"https:\/\/chemgramx.com\/pl\/produkt-1\/acapulco-gold-sativa-hybrid-19-24-thc-zamowienie-online\/","og_locale":"pl_PL","og_type":"article","og_title":"Acapulco Gold kaufen | 19\u201324% THC Sativa Klassiker","og_description":"Acapulco Gold kaufen \u2013 Sativa-Hybrid mit 19\u201324% THC. Energetisch, aromatisch und legend\u00e4r. Premiumqualit\u00e4t mit diskretem Versand in Deutschland & EU.","og_url":"https:\/\/chemgramx.com\/pl\/produkt-1\/acapulco-gold-sativa-hybrid-19-24-thc-zamowienie-online\/","og_site_name":"Chemgramx","article_modified_time":"2025-12-10T09:09:35+00:00","og_image":[{"width":800,"height":800,"url":"https:\/\/chemgramx.com\/wp-content\/uploads\/2025\/11\/acapulco-gold-sativa-hybrid-19-24-thc.jpg","type":"image\/jpeg"}],"twitter_card":"summary_large_image","twitter_misc":{"Szacowany czas czytania":"5 minut"},"schema":{"@context":"https:\/\/schema.org","@graph":[{"@type":"WebPage","@id":"https:\/\/chemgramx.com\/product\/acapulco-gold-sativa-hybrid-19-24-thc-online-bestellung\/","url":"https:\/\/chemgramx.com\/product\/acapulco-gold-sativa-hybrid-19-24-thc-online-bestellung\/","name":"Kup Acapulco Gold | 19-24% THC Sativa classic","isPartOf":{"@id":"https:\/\/chemgramx.com\/#website"},"primaryImageOfPage":{"@id":"https:\/\/chemgramx.com\/product\/acapulco-gold-sativa-hybrid-19-24-thc-online-bestellung\/#primaryimage"},"image":{"@id":"https:\/\/chemgramx.com\/product\/acapulco-gold-sativa-hybrid-19-24-thc-online-bestellung\/#primaryimage"},"thumbnailUrl":"https:\/\/chemgramx.com\/wp-content\/uploads\/2025\/11\/acapulco-gold-sativa-hybrid-19-24-thc.jpg","datePublished":"2025-11-21T11:15:41+00:00","dateModified":"2025-12-10T09:09:35+00:00","description":"Kup Acapulco Gold - hybryd\u0119 Sativa z 19-24% THC. Energetyczna, aromatyczna i legendarna. Najwy\u017csza jako\u015b\u0107 z dyskretn\u0105 wysy\u0142k\u0105 na terenie Niemiec i UE.","breadcrumb":{"@id":"https:\/\/chemgramx.com\/product\/acapulco-gold-sativa-hybrid-19-24-thc-online-bestellung\/#breadcrumb"},"inLanguage":"pl-PL","potentialAction":[{"@type":"ReadAction","target":["https:\/\/chemgramx.com\/product\/acapulco-gold-sativa-hybrid-19-24-thc-online-bestellung\/"]}]},{"@type":"ImageObject","inLanguage":"pl-PL","@id":"https:\/\/chemgramx.com\/product\/acapulco-gold-sativa-hybrid-19-24-thc-online-bestellung\/#primaryimage","url":"https:\/\/chemgramx.com\/wp-content\/uploads\/2025\/11\/acapulco-gold-sativa-hybrid-19-24-thc.jpg","contentUrl":"https:\/\/chemgramx.com\/wp-content\/uploads\/2025\/11\/acapulco-gold-sativa-hybrid-19-24-thc.jpg","width":800,"height":800},{"@type":"BreadcrumbList","@id":"https:\/\/chemgramx.com\/product\/acapulco-gold-sativa-hybrid-19-24-thc-online-bestellung\/#breadcrumb","itemListElement":[{"@type":"ListItem","position":1,"name":"Home","item":"https:\/\/chemgramx.com\/"},{"@type":"ListItem","position":2,"name":"Shop","item":"https:\/\/chemgramx.com\/shop\/"},{"@type":"ListItem","position":3,"name":"Acapulco Gold \u2013 Sativa Hybrid 19\u201324 % THC Online Bestellung"}]},{"@type":"WebSite","@id":"https:\/\/chemgramx.com\/#website","url":"https:\/\/chemgramx.com\/","name":"Chemgramx","description":"","publisher":{"@id":"https:\/\/chemgramx.com\/#organization"},"potentialAction":[{"@type":"SearchAction","target":{"@type":"EntryPoint","urlTemplate":"https:\/\/chemgramx.com\/?s={search_term_string}"},"query-input":{"@type":"PropertyValueSpecification","valueRequired":true,"valueName":"search_term_string"}}],"inLanguage":"pl-PL"},{"@type":"Organization","@id":"https:\/\/chemgramx.com\/#organization","name":"Chemgramx","url":"https:\/\/chemgramx.com\/","logo":{"@type":"ImageObject","inLanguage":"pl-PL","@id":"https:\/\/chemgramx.com\/#\/schema\/logo\/image\/","url":"https:\/\/chemgramx.com\/wp-content\/uploads\/2024\/10\/final-logo.png","contentUrl":"https:\/\/chemgramx.com\/wp-content\/uploads\/2024\/10\/final-logo.png","width":250,"height":48,"caption":"Chemgramx"},"image":{"@id":"https:\/\/chemgramx.com\/#\/schema\/logo\/image\/"}}]}},"_links":{"self":[{"href":"https:\/\/chemgramx.com\/pl\/wp-json\/wp\/v2\/product\/7365","targetHints":{"allow":["GET"]}}],"collection":[{"href":"https:\/\/chemgramx.com\/pl\/wp-json\/wp\/v2\/product"}],"about":[{"href":"https:\/\/chemgramx.com\/pl\/wp-json\/wp\/v2\/types\/product"}],"replies":[{"embeddable":true,"href":"https:\/\/chemgramx.com\/pl\/wp-json\/wp\/v2\/comments?post=7365"}],"wp:featuredmedia":[{"embeddable":true,"href":"https:\/\/chemgramx.com\/pl\/wp-json\/wp\/v2\/media\/7410"}],"wp:attachment":[{"href":"https:\/\/chemgramx.com\/pl\/wp-json\/wp\/v2\/media?parent=7365"}],"wp:term":[{"taxonomy":"product_brand","embeddable":true,"href":"https:\/\/chemgramx.com\/pl\/wp-json\/wp\/v2\/product_brand?post=7365"},{"taxonomy":"product_cat","embeddable":true,"href":"https:\/\/chemgramx.com\/pl\/wp-json\/wp\/v2\/product_cat?post=7365"},{"taxonomy":"product_tag","embeddable":true,"href":"https:\/\/chemgramx.com\/pl\/wp-json\/wp\/v2\/product_tag?post=7365"}],"curies":[{"name":"wp","href":"https:\/\/api.w.org\/{rel}","templated":true}]}}