{"id":7366,"date":"2025-11-21T11:15:41","date_gmt":"2025-11-21T11:15:41","guid":{"rendered":"https:\/\/chemgramx.com\/?post_type=product&#038;p=7366"},"modified":"2025-12-10T07:05:13","modified_gmt":"2025-12-10T07:05:13","slug":"lemon-haze-sativa-hybryda-17-22-thc-marihuana-premium","status":"publish","type":"product","link":"https:\/\/chemgramx.com\/pl\/product\/lemon-haze-sativa-hybrid-17-22-thc-premium-cannabis\/","title":{"rendered":"Kup Lemon Haze \u2013 cytrusy, energia (online | najwy\u017csza jako\u015b\u0107)"},"content":{"rendered":"<p><b>Lemon Haze<\/b>, jedna z najbardziej znanych odmian konopi na \u015bwiecie, fascynuje swoim niepowtarzalnym cytrynowym aromatem i pobudzaj\u0105cym dzia\u0142aniem. Ponadto przekonuje siln\u0105, zr\u00f3wnowa\u017con\u0105 moc\u0105. Dzi\u0119ki <b>17 % do 22 % THC<\/b> Lemon Haze nale\u017cy do najbardziej po\u017c\u0105danych <b>Hybrydy Sativa<\/b> dla wszystkich, kt\u00f3rzy poszukuj\u0105 wyra\u017anego, energetyzuj\u0105cego i poprawiaj\u0105cego nastr\u00f3j efektu. W Chemgramx mo\u017cna <b>Lemon Haze na sprzeda\u017c<\/b> odkryj najwy\u017cszy <b>Klasa badawcza na sprzeda\u017c<\/b> i imponuj\u0105ce <b>Wysoka czysto\u015b\u0107 na sprzeda\u017c<\/b> . Ta odmiana premium jest starannie przetwarzana i traktowana z najwy\u017csz\u0105 staranno\u015bci\u0105.<\/p>\n<h2>Genetyka i pochodzenie<\/h2>\n<p><b>Lemon Haze<\/b> powsta\u0142a ze skrzy\u017cowania dw\u00f3ch legend konopi indyjskich: <b>Lemon Skunk<\/b> oraz <b>Silver Haze<\/b>. Ta kombinacja genetyczna zapewnia idealnie zr\u00f3wnowa\u017cony profil. Jej korzenie si\u0119gaj\u0105 g\u0142\u0119boko w histori\u0119 konopi indyjskich, dzi\u0119ki czemu gwarantuje niezr\u00f3wnan\u0105 jako\u015b\u0107. <b>Lemon Skunk<\/b> zapewnia owocowo-ostry aromat cytryny i kop sativy. <b>Silver Haze<\/b> nadaje g\u0142\u0119bi\u0119, klarowno\u015b\u0107 i d\u0142ugotrwa\u0142y haj. Rezultatem jest <b>70 % Sativa \/ 30 % Indica Hybrid<\/b>, kt\u00f3ry zapewnia stymulacj\u0119 umys\u0142ow\u0105 i delikatny relaks bez uczucia ci\u0119\u017cko\u015bci. Jest to <b>Autentyczna Lemon Haze<\/b>.<\/p>\n<h2>Aromat, smak i profil terpenowy<\/h2>\n<p>Ju\u017c podczas otwierania pojemnika z <b>Lemon Haze<\/b> rozwija intensywny zapach <b>\u015bwie\u017cej cytryny, limonki i s\u0142odkiego grejpfruta<\/b>, z lekkimi nutami pikantnymi i ziemistymi. Wyra\u017any <b>Profil terpenowy<\/b> zawiera przede wszystkim:<\/p>\n<ul>\n<li><b>Limonki:<\/b> Dla aromatu cytrusowego i poprawy nastroju.<\/li>\n<li><b>Kariofilen:<\/b> Pikantny, pieprzny, potencjalnie przeciwzapalny.<\/li>\n<li><b>Myrcene:<\/b> Zapewnia delikatny relaks i r\u00f3wnowag\u0119.<\/li>\n<li><b>Pinen:<\/b> Wspomaga jasn\u0105 koncentracj\u0119 i czujno\u015b\u0107.<\/li>\n<\/ul>\n<p>Smak jest \u015bwie\u017cy, rze\u015bki i przyjemnie s\u0142odko-kwa\u015bny, jak naturalna lemoniada z nut\u0105 zi\u00f3\u0142. To sprawia, \u017ce <b>Najwy\u017cszej jako\u015bci Lemon Haze<\/b> tak po\u017c\u0105dane.<\/p>\n<h2>Dzia\u0142anie i skutki Lemon Haze<\/h2>\n<p>Z <b>17 - 22 % THC<\/b> oferty <b>Lemon Haze<\/b> silny, ale nie przyt\u0142aczaj\u0105cy efekt. Dominuj\u0105cy charakter Sativa powoduje przede wszystkim stymulacj\u0119 m\u00f3zgu, dlatego jest to doskona\u0142y wyb\u00f3r do codziennego stosowania. Wielu u\u017cytkownik\u00f3w opisuje ten efekt jako:<\/p>\n<ul>\n<li><b>Euforia<\/b> \u2013 wyra\u017anie poprawia nastr\u00f3j.<\/li>\n<li><b>Przejrzysty i skoncentrowany<\/b> \u2013 idealny do zada\u0144 kreatywnych.<\/li>\n<li><b>Pe\u0142en energii<\/b> \u2013 zwi\u0119ksza motywacj\u0119 i produktywno\u015b\u0107.<\/li>\n<li><b>Delikatny relaks<\/b> \u2013 rozlu\u017ania napi\u0119cie fizyczne.<\/li>\n<\/ul>\n<p> \u0924\u0930\u0932.<br \/>Dzi\u0119ki temu zr\u00f3wnowa\u017conemu profilowi Lemon Haze doskonale nadaje si\u0119 do codziennego stosowania. Jest to <b>Najlepsza Lemon Haze dost\u0119pna na rynku<\/b>. Odkryj r\u00f3wnie\u017c inne substancje, takie jak <b><a href=\"https:\/\/chemgramx.com\/product\/2c-b-fly-10mg-pellets-kaufen\/\">2C-B-FLY 10mg granulki<\/a><\/b>.<\/p>\n<h2>Mo\u017cliwe zastosowania medyczne<\/h2>\n<p>W badaniach medycznych <b>Lemon Haze<\/b> ze wzgl\u0119du na jego <b>w\u0142a\u015bciwo\u015bci stabilizuj\u0105ce nastr\u00f3j i \u0142agodz\u0105ce b\u00f3l<\/b> Szacuje si\u0119, \u017ce badania sugeruj\u0105, i\u017c to wyj\u0105tkowe po\u0142\u0105czenie wywo\u0142uje efekt synergiczny. Mo\u017ce mie\u0107 dzia\u0142anie wspomagaj\u0105ce w przypadku:<\/p>\n<ul>\n<li><b>Stres, stany l\u0119kowe i depresja.<\/b><\/li>\n<li><b>Problemy z koncentracj\u0105 lub zm\u0119czenie psychiczne.<\/b><\/li>\n<li><b>\u0141agodnym b\u00f3lom przewlek\u0142ym lub migrenom.<\/b><\/li>\n<li><b>Brak apetytu i zm\u0119czenie.<\/b><\/li>\n<\/ul>\n<p>Dzi\u0119ki wysokiej <b>Zawarto\u015b\u0107 wapna<\/b> odmiana ma potencja\u0142 <b>przeciwdepresyjne i przeciwl\u0119kowe<\/b> Skutki. S\u0105 one coraz cz\u0119\u015bciej przedmiotem bada\u0144 klinicznych. W przypadku pyta\u0144 dotycz\u0105cych bada\u0144 mo\u017cna <b><a href=\"https:\/\/chemgramx.com\/product\/4-fa-4-fluoroamphetamine-online-kaufen\/\">4-FA (4-fluoroamfetamina)<\/a><\/b> rozwa\u017cy\u0107.<\/p>\n<h2>Wygl\u0105d i struktura<\/h2>\n<p>P\u0105ki z <b>Lemon Haze<\/b> s\u0105 du\u017ce, g\u0119ste i maj\u0105 jasnozielony kolor. Cz\u0119sto pokryte s\u0105 \u017c\u00f3\u0142tymi i pomara\u0144czowymi w\u0142oskami oraz g\u0119stym, <b>krystaliczna pow\u0142oka trichom\u00f3w<\/b>. Ta warstwa \u017cywicy wskazuje na wysok\u0105 zawarto\u015b\u0107 THC i bogaty profil terpenowy. Nienaganna struktura jest oznak\u0105 <b>Najwy\u017csza jako\u015b\u0107 Lemon Haze<\/b>. Po zmieleniu kwiaty wydzielaj\u0105 intensywny, owocowo-kwa\u015bny zapach \u2013 charakterystyczn\u0105 cech\u0119 tej odmiany.<\/p>\n<h2>Uprawa i wydajno\u015b\u0107<\/h2>\n<p><b>Lemon Haze<\/b> Preferuje ciep\u0142e, s\u0142oneczne klimaty i mo\u017ce by\u0107 uprawiana zar\u00f3wno w pomieszczeniach, jak i na zewn\u0105trz. Ro\u015blina ma tendencj\u0119 do wysokiego wzrostu. Dlatego hodowcy uprawiaj\u0105cy j\u0105 w pomieszczeniach powinni zadba\u0107 o dobr\u0105 wentylacj\u0119 i regularne przycinanie.<\/p>\n<ul>\n<li><b>Czas kwitnienia:<\/b> 8\u201310 tygodni.<\/li>\n<li><b>Wydajno\u015b\u0107 w pomieszczeniach:<\/b> do 550 g\/m\u00b2.<\/li>\n<li><b>Wydajno\u015b\u0107 na zewn\u0105trz:<\/b> do 700 g na ro\u015blin\u0119.<\/li>\n<li><b>Stopie\u0144 trudno\u015bci:<\/b> \u015aredni (wymaga do\u015bwiadczenia z hybrydami Sativa).<\/li>\n<\/ul>\n<p>W\u0142a\u015bciwe dostarczanie sk\u0142adnik\u00f3w od\u017cywczych ma r\u00f3wnie\u017c kluczowe znaczenie dla udanej uprawy. Tylko w ten spos\u00f3b mo\u017cna zapewni\u0107 moc i aromat. W ten spos\u00f3b otrzymuj\u0105 Pa\u0144stwo <b>Najlepsza Lemon Haze dost\u0119pna na rynku<\/b>.<\/p>\n<h2>Zawarto\u015b\u0107 THC i CBD<\/h2>\n<p>Analiza profilu kannabinoidowego <b>Lemon Haze<\/b> pokazuje:<\/p>\n<ul>\n<li><b>THC:<\/b> 17 % \u2013 22 %. Odpowiada za euforyczne i pobudzaj\u0105ce dzia\u0142anie na m\u00f3zg.<\/li>\n<li><b>CBD:<\/b> &lt; 0,5 %. Niska zawarto\u015b\u0107 CBD dla bardziej bezpo\u015bredniego dzia\u0142ania THC.<\/li>\n<li><b>Typ:<\/b> Hybryda z przewag\u0105 sativy (70% sativa \/ 30% indica). Zapewnia jasno\u015b\u0107 umys\u0142u i lekkie odpr\u0119\u017cenie fizyczne.<\/li>\n<\/ul>\n<p>Ta kompozycja zapewnia mocny, wyra\u017any efekt przy minimalnej ci\u0119\u017cko\u015bci. <b>Bezpieczny zakup<\/b> u nas gwarantowane informacje.<\/p>\n<h2>Przechowywanie i zapewnienie jako\u015bci<\/h2>\n<p>Aby zachowa\u0107 potencj\u0119 i \u015bwie\u017co\u015b\u0107, nale\u017cy <b>Lemon Haze<\/b> zawsze <b>ch\u0142odny, ciemny i szczelny<\/b> by\u0107 przechowywane. Optymalne warunki:<\/p>\n<ul>\n<li><b>Temperatura:<\/b> 18\u201322 \u00b0C.<\/li>\n<li><b>Wilgotno\u015b\u0107:<\/b> 55 \u2013 60 %.<\/li>\n<li><b>Pojemnik:<\/b> Szczelne szk\u0142o lub s\u0142oik z ochron\u0105 przed promieniowaniem UV.<\/li>\n<\/ul>\n<p>Ka\u017cda partia <b>Lemon Haze<\/b> jest w Chemgramx <b>Testowane laboratoryjnie<\/b> i zawiera certyfikat analizy (COA). Potwierdza on zawarto\u015b\u0107 THC, CBD i terpen\u00f3w, a tak\u017ce brak zanieczyszcze\u0144. Je\u015bli <b>Kup teraz online<\/b>, otrzymuj\u0105 Pa\u0144stwo produkt o sprawdzonej jako\u015bci. <b>Klasa badawcza na sprzeda\u017c<\/b>.<\/p>\n<h2>Wnioski<\/h2>\n<p><b>Lemon Haze<\/b> to klasyk o statusie kultowym. Orze\u017awiaj\u0105cy cytrusowy zapach, pobudzaj\u0105ce dzia\u0142anie i zr\u00f3wnowa\u017cona zawarto\u015b\u0107 THC sprawiaj\u0105, \u017ce ta hybryda sativa jest popularna na ca\u0142ym \u015bwiecie. Niezale\u017cnie od tego, czy <b>Zam\u00f3w Lemon Haze online<\/b> lub informacje dotycz\u0105ce <b>Efekt Lemon Haze<\/b> szuka\u0107 \u2013 ta odmiana oznacza <b>Jako\u015b\u0107, czysto\u015b\u0107 i energia<\/b>. W Chemgramx znajdziesz <b>Autentyczna Lemon Haze<\/b>, kt\u00f3ry spe\u0142nia najwy\u017csze standardy. Zabezpiecz sobie <b>Najlepsza Lemon Haze dost\u0119pna na rynku<\/b> jeszcze dzisiaj.<\/p>","protected":false},"excerpt":{"rendered":"<p data-start=\"447\" data-end=\"636\">Lemon Haze (17-22 % THC) to hybryda z dominacj\u0105 sativy o intensywnym cytrynowym smaku. Znana ze swojego energetycznego, wyra\u017anego efektu i najwy\u017cszej jako\u015bci - idealna dla koneser\u00f3w i badaczy.<\/p>","protected":false},"featured_media":7419,"comment_status":"open","ping_status":"closed","template":"","meta":{"_joinchat":[]},"product_brand":[],"product_cat":[62],"product_tag":[],"class_list":{"0":"post-7366","1":"product","2":"type-product","3":"status-publish","4":"has-post-thumbnail","6":"product_cat-marijuana","8":"first","9":"instock","10":"shipping-taxable","11":"purchasable","12":"product-type-variable"},"yoast_head":"<!-- This site is optimized with the Yoast SEO plugin v27.5 - https:\/\/yoast.com\/product\/yoast-seo-wordpress\/ -->\n<title>Lemon Haze kaufen - Zitrus, Energie (online | Spitzenqualit\u00e4t) - Chemgramx<\/title>\n<meta name=\"description\" content=\"Entdecke Lemon Haze \u2013 Sativa-Hybrid mit 17\u201322 % THC. Frisches Zitronenaroma, belebende Wirkung &amp; gepr\u00fcfte Qualit\u00e4t. Jetzt online kaufen \u2013 diskret &amp; sicher.\" \/>\n<meta name=\"robots\" content=\"index, follow, max-snippet:-1, max-image-preview:large, max-video-preview:-1\" \/>\n<link rel=\"canonical\" href=\"https:\/\/chemgramx.com\/pl\/produkt-1\/lemon-haze-sativa-hybryda-17-22-thc-marihuana-premium\/\" \/>\n<meta property=\"og:locale\" content=\"pl_PL\" \/>\n<meta property=\"og:type\" content=\"article\" \/>\n<meta property=\"og:title\" content=\"Lemon Haze kaufen - Zitrus, Energie (online | Spitzenqualit\u00e4t) - Chemgramx\" \/>\n<meta property=\"og:description\" content=\"Entdecke Lemon Haze \u2013 Sativa-Hybrid mit 17\u201322 % THC. Frisches Zitronenaroma, belebende Wirkung &amp; gepr\u00fcfte Qualit\u00e4t. Jetzt online kaufen \u2013 diskret &amp; sicher.\" \/>\n<meta property=\"og:url\" content=\"https:\/\/chemgramx.com\/pl\/produkt-1\/lemon-haze-sativa-hybryda-17-22-thc-marihuana-premium\/\" \/>\n<meta property=\"og:site_name\" content=\"Chemgramx\" \/>\n<meta property=\"article:modified_time\" content=\"2025-12-10T07:05:13+00:00\" \/>\n<meta property=\"og:image\" content=\"https:\/\/chemgramx.com\/wp-content\/uploads\/2025\/11\/lemon-haze-strain-17-22-thc.jpg\" \/>\n\t<meta property=\"og:image:width\" content=\"800\" \/>\n\t<meta property=\"og:image:height\" content=\"800\" \/>\n\t<meta property=\"og:image:type\" content=\"image\/jpeg\" \/>\n<meta name=\"twitter:card\" content=\"summary_large_image\" \/>\n<meta name=\"twitter:label1\" content=\"Szacowany czas czytania\" \/>\n\t<meta name=\"twitter:data1\" content=\"3 minuty\" \/>\n<script type=\"application\/ld+json\" class=\"yoast-schema-graph\">{\"@context\":\"https:\\\/\\\/schema.org\",\"@graph\":[{\"@type\":\"WebPage\",\"@id\":\"https:\\\/\\\/chemgramx.com\\\/product\\\/lemon-haze-sativa-hybrid-17-22-thc-premium-cannabis\\\/\",\"url\":\"https:\\\/\\\/chemgramx.com\\\/product\\\/lemon-haze-sativa-hybrid-17-22-thc-premium-cannabis\\\/\",\"name\":\"Lemon Haze kaufen - Zitrus, Energie (online | Spitzenqualit\u00e4t) - Chemgramx\",\"isPartOf\":{\"@id\":\"https:\\\/\\\/chemgramx.com\\\/#website\"},\"primaryImageOfPage\":{\"@id\":\"https:\\\/\\\/chemgramx.com\\\/product\\\/lemon-haze-sativa-hybrid-17-22-thc-premium-cannabis\\\/#primaryimage\"},\"image\":{\"@id\":\"https:\\\/\\\/chemgramx.com\\\/product\\\/lemon-haze-sativa-hybrid-17-22-thc-premium-cannabis\\\/#primaryimage\"},\"thumbnailUrl\":\"https:\\\/\\\/chemgramx.com\\\/wp-content\\\/uploads\\\/2025\\\/11\\\/lemon-haze-strain-17-22-thc.jpg\",\"datePublished\":\"2025-11-21T11:15:41+00:00\",\"dateModified\":\"2025-12-10T07:05:13+00:00\",\"description\":\"Entdecke Lemon Haze \u2013 Sativa-Hybrid mit 17\u201322 % THC. Frisches Zitronenaroma, belebende Wirkung &amp; gepr\u00fcfte Qualit\u00e4t. Jetzt online kaufen \u2013 diskret &amp; sicher.\",\"breadcrumb\":{\"@id\":\"https:\\\/\\\/chemgramx.com\\\/product\\\/lemon-haze-sativa-hybrid-17-22-thc-premium-cannabis\\\/#breadcrumb\"},\"inLanguage\":\"pl-PL\",\"potentialAction\":[{\"@type\":\"ReadAction\",\"target\":[\"https:\\\/\\\/chemgramx.com\\\/product\\\/lemon-haze-sativa-hybrid-17-22-thc-premium-cannabis\\\/\"]}]},{\"@type\":\"ImageObject\",\"inLanguage\":\"pl-PL\",\"@id\":\"https:\\\/\\\/chemgramx.com\\\/product\\\/lemon-haze-sativa-hybrid-17-22-thc-premium-cannabis\\\/#primaryimage\",\"url\":\"https:\\\/\\\/chemgramx.com\\\/wp-content\\\/uploads\\\/2025\\\/11\\\/lemon-haze-strain-17-22-thc.jpg\",\"contentUrl\":\"https:\\\/\\\/chemgramx.com\\\/wp-content\\\/uploads\\\/2025\\\/11\\\/lemon-haze-strain-17-22-thc.jpg\",\"width\":800,\"height\":800},{\"@type\":\"BreadcrumbList\",\"@id\":\"https:\\\/\\\/chemgramx.com\\\/product\\\/lemon-haze-sativa-hybrid-17-22-thc-premium-cannabis\\\/#breadcrumb\",\"itemListElement\":[{\"@type\":\"ListItem\",\"position\":1,\"name\":\"Home\",\"item\":\"https:\\\/\\\/chemgramx.com\\\/\"},{\"@type\":\"ListItem\",\"position\":2,\"name\":\"Shop\",\"item\":\"https:\\\/\\\/chemgramx.com\\\/shop\\\/\"},{\"@type\":\"ListItem\",\"position\":3,\"name\":\"Lemon Haze kaufen &#8211; Zitrus, Energie (online | Spitzenqualit\u00e4t)\"}]},{\"@type\":\"WebSite\",\"@id\":\"https:\\\/\\\/chemgramx.com\\\/#website\",\"url\":\"https:\\\/\\\/chemgramx.com\\\/\",\"name\":\"Chemgramx\",\"description\":\"\",\"publisher\":{\"@id\":\"https:\\\/\\\/chemgramx.com\\\/#organization\"},\"potentialAction\":[{\"@type\":\"SearchAction\",\"target\":{\"@type\":\"EntryPoint\",\"urlTemplate\":\"https:\\\/\\\/chemgramx.com\\\/?s={search_term_string}\"},\"query-input\":{\"@type\":\"PropertyValueSpecification\",\"valueRequired\":true,\"valueName\":\"search_term_string\"}}],\"inLanguage\":\"pl-PL\"},{\"@type\":\"Organization\",\"@id\":\"https:\\\/\\\/chemgramx.com\\\/#organization\",\"name\":\"Chemgramx\",\"url\":\"https:\\\/\\\/chemgramx.com\\\/\",\"logo\":{\"@type\":\"ImageObject\",\"inLanguage\":\"pl-PL\",\"@id\":\"https:\\\/\\\/chemgramx.com\\\/#\\\/schema\\\/logo\\\/image\\\/\",\"url\":\"https:\\\/\\\/chemgramx.com\\\/wp-content\\\/uploads\\\/2024\\\/10\\\/final-logo.png\",\"contentUrl\":\"https:\\\/\\\/chemgramx.com\\\/wp-content\\\/uploads\\\/2024\\\/10\\\/final-logo.png\",\"width\":250,\"height\":48,\"caption\":\"Chemgramx\"},\"image\":{\"@id\":\"https:\\\/\\\/chemgramx.com\\\/#\\\/schema\\\/logo\\\/image\\\/\"}}]}<\/script>\n<!-- \/ Yoast SEO plugin. -->","yoast_head_json":{"title":"Kup Lemon Haze \u2013 cytrusy, energia (online | najwy\u017csza jako\u015b\u0107) \u2013 Chemgramx","description":"Odkryj Lemon Haze - hybryd\u0119 Sativa z 17-22 % THC. \u015awie\u017cy cytrynowy smak, orze\u017awiaj\u0105cy efekt i sprawdzona jako\u015b\u0107. Kup teraz online - dyskretnie i bezpiecznie.","robots":{"index":"index","follow":"follow","max-snippet":"max-snippet:-1","max-image-preview":"max-image-preview:large","max-video-preview":"max-video-preview:-1"},"canonical":"https:\/\/chemgramx.com\/pl\/produkt-1\/lemon-haze-sativa-hybryda-17-22-thc-marihuana-premium\/","og_locale":"pl_PL","og_type":"article","og_title":"Lemon Haze kaufen - Zitrus, Energie (online | Spitzenqualit\u00e4t) - Chemgramx","og_description":"Entdecke Lemon Haze \u2013 Sativa-Hybrid mit 17\u201322 % THC. Frisches Zitronenaroma, belebende Wirkung &amp; gepr\u00fcfte Qualit\u00e4t. Jetzt online kaufen \u2013 diskret &amp; sicher.","og_url":"https:\/\/chemgramx.com\/pl\/produkt-1\/lemon-haze-sativa-hybryda-17-22-thc-marihuana-premium\/","og_site_name":"Chemgramx","article_modified_time":"2025-12-10T07:05:13+00:00","og_image":[{"width":800,"height":800,"url":"https:\/\/chemgramx.com\/wp-content\/uploads\/2025\/11\/lemon-haze-strain-17-22-thc.jpg","type":"image\/jpeg"}],"twitter_card":"summary_large_image","twitter_misc":{"Szacowany czas czytania":"3 minuty"},"schema":{"@context":"https:\/\/schema.org","@graph":[{"@type":"WebPage","@id":"https:\/\/chemgramx.com\/product\/lemon-haze-sativa-hybrid-17-22-thc-premium-cannabis\/","url":"https:\/\/chemgramx.com\/product\/lemon-haze-sativa-hybrid-17-22-thc-premium-cannabis\/","name":"Kup Lemon Haze \u2013 cytrusy, energia (online | najwy\u017csza jako\u015b\u0107) \u2013 Chemgramx","isPartOf":{"@id":"https:\/\/chemgramx.com\/#website"},"primaryImageOfPage":{"@id":"https:\/\/chemgramx.com\/product\/lemon-haze-sativa-hybrid-17-22-thc-premium-cannabis\/#primaryimage"},"image":{"@id":"https:\/\/chemgramx.com\/product\/lemon-haze-sativa-hybrid-17-22-thc-premium-cannabis\/#primaryimage"},"thumbnailUrl":"https:\/\/chemgramx.com\/wp-content\/uploads\/2025\/11\/lemon-haze-strain-17-22-thc.jpg","datePublished":"2025-11-21T11:15:41+00:00","dateModified":"2025-12-10T07:05:13+00:00","description":"Odkryj Lemon Haze - hybryd\u0119 Sativa z 17-22 % THC. \u015awie\u017cy cytrynowy smak, orze\u017awiaj\u0105cy efekt i sprawdzona jako\u015b\u0107. Kup teraz online - dyskretnie i bezpiecznie.","breadcrumb":{"@id":"https:\/\/chemgramx.com\/product\/lemon-haze-sativa-hybrid-17-22-thc-premium-cannabis\/#breadcrumb"},"inLanguage":"pl-PL","potentialAction":[{"@type":"ReadAction","target":["https:\/\/chemgramx.com\/product\/lemon-haze-sativa-hybrid-17-22-thc-premium-cannabis\/"]}]},{"@type":"ImageObject","inLanguage":"pl-PL","@id":"https:\/\/chemgramx.com\/product\/lemon-haze-sativa-hybrid-17-22-thc-premium-cannabis\/#primaryimage","url":"https:\/\/chemgramx.com\/wp-content\/uploads\/2025\/11\/lemon-haze-strain-17-22-thc.jpg","contentUrl":"https:\/\/chemgramx.com\/wp-content\/uploads\/2025\/11\/lemon-haze-strain-17-22-thc.jpg","width":800,"height":800},{"@type":"BreadcrumbList","@id":"https:\/\/chemgramx.com\/product\/lemon-haze-sativa-hybrid-17-22-thc-premium-cannabis\/#breadcrumb","itemListElement":[{"@type":"ListItem","position":1,"name":"Home","item":"https:\/\/chemgramx.com\/"},{"@type":"ListItem","position":2,"name":"Shop","item":"https:\/\/chemgramx.com\/shop\/"},{"@type":"ListItem","position":3,"name":"Lemon Haze kaufen &#8211; Zitrus, Energie (online | Spitzenqualit\u00e4t)"}]},{"@type":"WebSite","@id":"https:\/\/chemgramx.com\/#website","url":"https:\/\/chemgramx.com\/","name":"Chemgramx","description":"","publisher":{"@id":"https:\/\/chemgramx.com\/#organization"},"potentialAction":[{"@type":"SearchAction","target":{"@type":"EntryPoint","urlTemplate":"https:\/\/chemgramx.com\/?s={search_term_string}"},"query-input":{"@type":"PropertyValueSpecification","valueRequired":true,"valueName":"search_term_string"}}],"inLanguage":"pl-PL"},{"@type":"Organization","@id":"https:\/\/chemgramx.com\/#organization","name":"Chemgramx","url":"https:\/\/chemgramx.com\/","logo":{"@type":"ImageObject","inLanguage":"pl-PL","@id":"https:\/\/chemgramx.com\/#\/schema\/logo\/image\/","url":"https:\/\/chemgramx.com\/wp-content\/uploads\/2024\/10\/final-logo.png","contentUrl":"https:\/\/chemgramx.com\/wp-content\/uploads\/2024\/10\/final-logo.png","width":250,"height":48,"caption":"Chemgramx"},"image":{"@id":"https:\/\/chemgramx.com\/#\/schema\/logo\/image\/"}}]}},"_links":{"self":[{"href":"https:\/\/chemgramx.com\/pl\/wp-json\/wp\/v2\/product\/7366","targetHints":{"allow":["GET"]}}],"collection":[{"href":"https:\/\/chemgramx.com\/pl\/wp-json\/wp\/v2\/product"}],"about":[{"href":"https:\/\/chemgramx.com\/pl\/wp-json\/wp\/v2\/types\/product"}],"replies":[{"embeddable":true,"href":"https:\/\/chemgramx.com\/pl\/wp-json\/wp\/v2\/comments?post=7366"}],"wp:featuredmedia":[{"embeddable":true,"href":"https:\/\/chemgramx.com\/pl\/wp-json\/wp\/v2\/media\/7419"}],"wp:attachment":[{"href":"https:\/\/chemgramx.com\/pl\/wp-json\/wp\/v2\/media?parent=7366"}],"wp:term":[{"taxonomy":"product_brand","embeddable":true,"href":"https:\/\/chemgramx.com\/pl\/wp-json\/wp\/v2\/product_brand?post=7366"},{"taxonomy":"product_cat","embeddable":true,"href":"https:\/\/chemgramx.com\/pl\/wp-json\/wp\/v2\/product_cat?post=7366"},{"taxonomy":"product_tag","embeddable":true,"href":"https:\/\/chemgramx.com\/pl\/wp-json\/wp\/v2\/product_tag?post=7366"}],"curies":[{"name":"wp","href":"https:\/\/api.w.org\/{rel}","templated":true}]}}