{"id":7480,"date":"2025-11-21T11:17:29","date_gmt":"2025-11-21T11:17:29","guid":{"rendered":"https:\/\/chemgramx.com\/?post_type=product&#038;p=7480"},"modified":"2025-11-21T11:17:53","modified_gmt":"2025-11-21T11:17:53","slug":"5f-akb-48-zamowienie-online","status":"publish","type":"product","link":"https:\/\/chemgramx.com\/pl\/product\/5f-akb-48-online-bestellung\/","title":{"rendered":"5F-AKB-48 zam\u00f3w online"},"content":{"rendered":"<p data-start=\"108\" data-end=\"607\"><strong data-start=\"108\" data-end=\"121\">5F-AKB-48<\/strong> to bardzo silny syntetyczny kannabinoid stosowany w nowoczesnych badaniach farmakologicznych i neurochemicznych. S\u0142u\u017cy do badania wi\u0105zania i aktywacji kannabinoid\u00f3w. <strong data-start=\"312\" data-end=\"352\">Receptory kannabinoidowe (CB1 i CB2)<\/strong>, kt\u00f3re odgrywaj\u0105 kluczow\u0105 rol\u0119 w ludzkim uk\u0142adzie endokannabinoidowym. Naukowcy, kt\u00f3rzy <strong data-start=\"436\" data-end=\"463\">Kup 5F-AKB-48 online<\/strong>, Zapewnia im to cenn\u0105 substancj\u0119 do badania transdukcji sygna\u0142u, aktywno\u015bci receptora i potencjalnych zastosowa\u0144 terapeutycznych.<\/p>\n<p data-start=\"609\" data-end=\"919\">Poniewa\u017c rynek r\u00f3wnie\u017c <em data-start=\"631\" data-end=\"664\">Prawdziwy lub fa\u0142szywy 5F-AKB-48 na sprzeda\u017c<\/em> Szczeg\u00f3lnie wa\u017cne jest, aby zamawia\u0107 wy\u0142\u0105cznie z renomowanych i certyfikowanych \u017ar\u00f3de\u0142. Tylko <strong data-start=\"791\" data-end=\"829\">Najlepsze miejsce do zakupu 5F-AKB-48<\/strong>, oferuje sprawdzon\u0105 laboratoryjn\u0105 jako\u015b\u0107, przejrzyste certyfikaty analizy i dyskretn\u0105 dostaw\u0119.<\/p>\n<h2 data-start=\"926\" data-end=\"949\">Co to jest 5F-AKB-48?<\/h2>\n<p data-start=\"951\" data-end=\"1212\"><strong data-start=\"951\" data-end=\"964\">5F-AKB-48<\/strong>znany r\u00f3wnie\u017c jako <strong data-start=\"983\" data-end=\"997\">5F-APINACA<\/strong>, nale\u017cy do grupy syntetycznych kannabinoid\u00f3w na bazie indazolu. Substancje te s\u0105 strukturalnymi analogami naturalnych kannabinoid\u00f3w i zosta\u0142y opracowane w celu zbadania ich w\u0142a\u015bciwo\u015bci farmakologicznych.<\/p>\n<p data-start=\"1214\" data-end=\"1553\">W przeciwie\u0144stwie do klasycznych kannabinoid\u00f3w, 5F-AKB-48 wi\u0105\u017ce si\u0119 z receptorami CB1 ze szczeg\u00f3lnie wysokim powinowactwem, co czyni go wa\u017cnym narz\u0119dziem w leczeniu uzale\u017cnie\u0144. <strong data-start=\"1364\" data-end=\"1401\">Badania receptor\u00f3w i toksykologia<\/strong> sprawia. W\u0142a\u015bciwo\u015bci te sprawiaj\u0105, \u017ce jest to poszukiwany materia\u0142 analityczny dla laboratori\u00f3w badaj\u0105cych mechanizmy dzia\u0142ania syntetycznych kannabinoid\u00f3w.<\/p>\n<p data-start=\"1555\" data-end=\"1661\">Instytuty naukowe i organizacje badawcze zamawiaj\u0105 <strong data-start=\"1622\" data-end=\"1644\">5F-AKB-48 na sprzeda\u017c<\/strong> przede wszystkim do:<\/p>\n<ul data-start=\"1662\" data-end=\"1853\">\n<li data-start=\"1662\" data-end=\"1705\">\n<p data-start=\"1664\" data-end=\"1705\">badania wi\u0105zania receptora,<\/p>\n<\/li>\n<li data-start=\"1706\" data-end=\"1780\">\n<p data-start=\"1708\" data-end=\"1780\">efekty farmakologiczne z naturalnymi kannabinoidami,<\/p>\n<\/li>\n<li data-start=\"1781\" data-end=\"1853\">\n<p data-start=\"1783\" data-end=\"1853\">oraz opracowanie nowych metod wykrywania dla zastosowa\u0144 kryminalistycznych.<\/p>\n<\/li>\n<\/ul>\n<h2 data-start=\"1860\" data-end=\"1882\">Profil chemiczny<\/h2>\n<ul data-start=\"1884\" data-end=\"2239\">\n<li data-start=\"1884\" data-end=\"1975\">\n<p data-start=\"1886\" data-end=\"1975\"><strong data-start=\"1886\" data-end=\"1912\">Nazwa chemiczna:<\/strong> N-(adamantan-1-ylo)-1-(5-fluoropentylo)-1H-indazolo-3-karboksyamid<\/p>\n<\/li>\n<li data-start=\"1976\" data-end=\"2009\">\n<p data-start=\"1978\" data-end=\"2009\"><strong data-start=\"1978\" data-end=\"1996\">Wz\u00f3r cz\u0105steczkowy:<\/strong> C23H31FN2O<\/p>\n<\/li>\n<li data-start=\"2010\" data-end=\"2047\">\n<p data-start=\"2012\" data-end=\"2047\"><strong data-start=\"2012\" data-end=\"2033\">Masa cz\u0105steczkowa:<\/strong> 370,5 g\/mol<\/p>\n<\/li>\n<li data-start=\"2048\" data-end=\"2088\">\n<p data-start=\"2050\" data-end=\"2088\"><strong data-start=\"2050\" data-end=\"2059\">Forma:<\/strong> Drobny krystaliczny proszek<\/p>\n<\/li>\n<li data-start=\"2089\" data-end=\"2127\">\n<p data-start=\"2091\" data-end=\"2127\"><strong data-start=\"2091\" data-end=\"2104\">Czysto\u015b\u0107:<\/strong> \u226598 % (testowane metod\u0105 HPLC)<\/p>\n<\/li>\n<li data-start=\"2128\" data-end=\"2186\">\n<p data-start=\"2130\" data-end=\"2186\"><strong data-start=\"2130\" data-end=\"2146\">Rozpuszczalno\u015b\u0107:<\/strong> Rozpuszczalny w rozpuszczalnikach organicznych<\/p>\n<\/li>\n<li data-start=\"2187\" data-end=\"2239\">\n<p data-start=\"2189\" data-end=\"2239\"><strong data-start=\"2189\" data-end=\"2204\">Stabilno\u015b\u0107:<\/strong> Wra\u017cliwo\u015b\u0107 na \u015bwiat\u0142o i temperatur\u0119<\/p>\n<\/li>\n<\/ul>\n<p data-start=\"2241\" data-end=\"2438\">Ka\u017cda partia 5F-AKB-48 jest testowana w niezale\u017cnych laboratoriach pod k\u0105tem <a href=\"\/product\/mexikanisches-kokain\/\">Czysto\u015b\u0107<\/a>, to\u017csamo\u015b\u0107 i stabilno\u015b\u0107. Zwi\u0105zane z tym <strong data-start=\"2359\" data-end=\"2392\">Certyfikat analizy (COA)<\/strong> potwierdza analitycznie zweryfikowan\u0105 jako\u015b\u0107.<\/p>\n<h2 data-start=\"2445\" data-end=\"2471\">Zastosowania badawcze<\/h2>\n<p data-start=\"2473\" data-end=\"2732\"><strong data-start=\"2473\" data-end=\"2486\">5F-AKB-48<\/strong> jest oferowana wy\u0142\u0105cznie do cel\u00f3w bada\u0144 naukowych i nie mo\u017ce by\u0107 <strong data-start=\"2558\" data-end=\"2578\">nie zu\u017cyty<\/strong> by\u0107 u\u017cywany. Jest on u\u017cywany w laboratoriach do <strong data-start=\"2622\" data-end=\"2683\">w\u0142a\u015bciwo\u015bci farmakodynamiczne i farmakokinetyczne<\/strong> syntetycznych kannabinoid\u00f3w.<\/p>\n<p data-start=\"2734\" data-end=\"2784\">Najcz\u0119stsze zastosowania badawcze obejmuj\u0105<\/p>\n<ul data-start=\"2785\" data-end=\"3126\">\n<li data-start=\"2785\" data-end=\"2861\">\n<p data-start=\"2787\" data-end=\"2861\"><strong data-start=\"2787\" data-end=\"2815\">Badania receptor\u00f3w CB1\/CB2:<\/strong> Badanie powinowactwa i selektywno\u015bci<\/p>\n<\/li>\n<li data-start=\"2862\" data-end=\"2938\">\n<p data-start=\"2864\" data-end=\"2938\"><strong data-start=\"2864\" data-end=\"2896\">Analizy transdukcji sygna\u0142u:<\/strong> Badania nad mechanizmami wewn\u0105trzkom\u00f3rkowymi<\/p>\n<\/li>\n<li data-start=\"2939\" data-end=\"3040\">\n<p data-start=\"2941\" data-end=\"3040\"><strong data-start=\"2941\" data-end=\"2963\">Badania por\u00f3wnawcze:<\/strong> Por\u00f3wnanie z innymi kannabinoidami (np. AMB-FUBINACA, 5F-MN-18)<\/p>\n<\/li>\n<li data-start=\"3041\" data-end=\"3126\">\n<p data-start=\"3043\" data-end=\"3126\"><strong data-start=\"3043\" data-end=\"3068\">Testy toksykologiczne:<\/strong> Ocena mo\u017cliwych skutk\u00f3w ubocznych i szlak\u00f3w metabolicznych<\/p>\n<\/li>\n<\/ul>\n<p data-start=\"3128\" data-end=\"3327\">Dzi\u0119ki zastosowaniu 5F-AKB-48 naukowcy mog\u0105 lepiej zrozumie\u0107 zachowanie syntetycznych kannabinoid\u00f3w w organizmie i uzyska\u0107 wyniki do cel\u00f3w medycznych lub kryminalistycznych.<\/p>\n<h2 data-start=\"3334\" data-end=\"3364\">Bezpiecze\u0144stwo i obs\u0142uga<\/h2>\n<p data-start=\"3366\" data-end=\"3522\">Substancja jest <strong data-start=\"3383\" data-end=\"3412\">nie do spo\u017cycia przez ludzi<\/strong> i mo\u017ce by\u0107 u\u017cywany wy\u0142\u0105cznie przez wykwalifikowany personel laboratoryjny w kontrolowanych warunkach.<\/p>\n<p data-start=\"3524\" data-end=\"3582\">Do obs\u0142ugi maj\u0105 zastosowanie nast\u0119puj\u0105ce normy bezpiecze\u0144stwa:<\/p>\n<ul data-start=\"3583\" data-end=\"3825\">\n<li data-start=\"3583\" data-end=\"3635\">\n<p data-start=\"3585\" data-end=\"3635\">Praca pod wentylowanym dygestorium chemicznym<\/p>\n<\/li>\n<li data-start=\"3636\" data-end=\"3702\">\n<p data-start=\"3638\" data-end=\"3702\">U\u017cywanie fartucha laboratoryjnego, r\u0119kawic ochronnych i okular\u00f3w ochronnych<\/p>\n<\/li>\n<li data-start=\"3703\" data-end=\"3769\">\n<p data-start=\"3705\" data-end=\"3769\">Przechowywa\u0107 w szczelnych, chronionych przed \u015bwiat\u0142em pojemnikach w temperaturze 2-8 \u00b0C.<\/p>\n<\/li>\n<li data-start=\"3770\" data-end=\"3825\">\n<p data-start=\"3772\" data-end=\"3825\">Dokumentacja w notatniku laboratoryjnym zgodnie z wytycznymi DPL<\/p>\n<\/li>\n<\/ul>\n<p data-start=\"3827\" data-end=\"3934\">\u015arodki te zapewniaj\u0105 bezpieczne u\u017cytkowanie i zapobiegaj\u0105 zanieczyszczeniu lub rozk\u0142adowi chemicznemu.<\/p>\n<h2 data-start=\"3941\" data-end=\"3985\">Zalety zakupu 5F-AKB-48 online<\/h2>\n<p data-start=\"3987\" data-end=\"4145\">Zakupy online oferuj\u0105 naukowcom liczne korzy\u015bci, w szczeg\u00f3lno\u015bci dzi\u0119ki sprawdzonej jako\u015bci laboratoryjnej, szybkiej dostawie i przejrzystym cenom.<\/p>\n<ul data-start=\"4147\" data-end=\"4515\">\n<li data-start=\"4147\" data-end=\"4210\">\n<p data-start=\"4149\" data-end=\"4210\"><strong data-start=\"4149\" data-end=\"4171\">Sprawdzona jako\u015b\u0107:<\/strong> Ka\u017cda partia analizowana laboratoryjnie<\/p>\n<\/li>\n<li data-start=\"4211\" data-end=\"4292\">\n<p data-start=\"4213\" data-end=\"4292\"><strong data-start=\"4213\" data-end=\"4244\">Przejrzysta struktura cenowa:<\/strong> Przejrzysta cena 5F-AKB-48 bez ukrytych koszt\u00f3w<\/p>\n<\/li>\n<li data-start=\"4293\" data-end=\"4392\">\n<p data-start=\"4295\" data-end=\"4392\"><strong data-start=\"4295\" data-end=\"4317\">Rabaty hurtowe:<\/strong> Mo\u017cliwo\u015b\u0107, <strong data-start=\"4331\" data-end=\"4369\">5F-AKB-48 kupi\u0107 tanio online<\/strong> do cel\u00f3w badawczych<\/p>\n<\/li>\n<li data-start=\"4393\" data-end=\"4454\">\n<p data-start=\"4395\" data-end=\"4454\"><strong data-start=\"4395\" data-end=\"4417\">Dyskretna wysy\u0142ka:<\/strong> Neutralne opakowanie, dostarczane anonimowo<\/p>\n<\/li>\n<li data-start=\"4455\" data-end=\"4515\">\n<p data-start=\"4457\" data-end=\"4515\"><strong data-start=\"4457\" data-end=\"4484\">Certyfikowane pochodzenie:<\/strong> Tylko oryginalne produkty z certyfikatem COA<\/p>\n<\/li>\n<\/ul>\n<p data-start=\"4517\" data-end=\"4668\">The <strong data-start=\"4521\" data-end=\"4559\">Najlepsze miejsce do zakupu 5F-AKB-48<\/strong>, oferuje te funkcje niezawodnie - z bezpieczn\u0105 wysy\u0142k\u0105 do Niemiec, Austrii i Szwajcarii.<\/p>\n<h2 data-start=\"4675\" data-end=\"4704\">Informacje prawne<\/h2>\n<p data-start=\"4706\" data-end=\"4976\">Kategoryzacja prawna <strong data-start=\"4736\" data-end=\"4749\">5F-AKB-48<\/strong> r\u00f3\u017cni si\u0119 w zale\u017cno\u015bci od kraju.<br data-start=\"4772\" data-end=\"4775\" \/>W Niemczech substancja ta jest obj\u0119ta <strong data-start=\"4819\" data-end=\"4861\">Nowe-psychoaktywne-<a href=\"\/product\/4-ho-mipt-20mg-pellets-kaufen\/\">Tkaniny<\/a>-Act (NpSG)<\/strong> i dlatego mog\u0105 by\u0107 wykorzystywane wy\u0142\u0105cznie do bada\u0144. Podobne ograniczenia obowi\u0105zuj\u0105 w Szwajcarii i Austrii.<\/p>\n<p data-start=\"4978\" data-end=\"5218\">Kupuj\u0105cy s\u0105 zobowi\u0105zani do zapoznania si\u0119 z przepisami obowi\u0105zuj\u0105cymi w ich kraju przed z\u0142o\u017ceniem zam\u00f3wienia. Sprzeda\u017c odbywa si\u0119 wy\u0142\u0105cznie na rzecz <strong data-start=\"5128\" data-end=\"5168\">zarejestrowane instytucje badawcze<\/strong> lub laboratoria z udokumentowanym celem badawczym.<\/p>\n<h2 data-start=\"5225\" data-end=\"5253\">Cena i dost\u0119pno\u015b\u0107<\/h2>\n<p data-start=\"5255\" data-end=\"5464\">The <strong data-start=\"5259\" data-end=\"5278\">5F-AKB-48 Cena<\/strong> zale\u017cy od ilo\u015bci, stopnia czysto\u015bci i regionu dostaw. Instytuty naukowe, kt\u00f3re regularnie potrzebuj\u0105 wi\u0119kszych ilo\u015bci, mog\u0105 sk\u0142ada\u0107 zam\u00f3wienia za po\u015brednictwem <strong data-start=\"5413\" data-end=\"5452\">Specjalne warunki i rabaty ilo\u015bciowe<\/strong> dost\u0119pne.<\/p>\n<p data-start=\"5466\" data-end=\"5634\">Wysy\u0142ka odbywa si\u0119 zazwyczaj w ci\u0105gu <strong data-start=\"5513\" data-end=\"5530\">1-3 dni robocze<\/strong>, opcjonalnie r\u00f3wnie\u017c jako <strong data-start=\"5550\" data-end=\"5575\">Ekspresowa wysy\u0142ka (24h)<\/strong>. Pakowanie i obs\u0142uga s\u0105 ca\u0142kowicie dyskretne.<\/p>\n<h3 data-start=\"2464\" data-end=\"2474\">Wnioski<\/h3>\n<p data-start=\"2476\" data-end=\"2900\">Ka\u017cdy, kto chce kupi\u0107 5F-AKB-48 online, powinien sprawdzi\u0107, gdzie mo\u017cna go kupi\u0107 i por\u00f3wna\u0107 ceny. Najlepsze miejsce na zakup 5F-AKB-48 gwarantuje sprawdzon\u0105 jako\u015b\u0107 laboratoryjn\u0105, uczciwe ceny i dyskretn\u0105 dostaw\u0119. Niezale\u017cnie od tego, czy zamawiasz oryginalny, czy podrobiony 5F-AKB-48 do analiz naukowych, czy chcesz kupi\u0107 tani 5F-AKB-48 online na potrzeby wi\u0119kszych projekt\u00f3w badawczych, wyb\u00f3r renomowanego \u017ar\u00f3d\u0142a jest zawsze kluczowy.<\/p>","protected":false},"excerpt":{"rendered":"<p><strong>5F-AKB-48<\/strong> to syntetyczny kannabinoid wykorzystywany w badaniach nad dzia\u0142aniem receptor\u00f3w kannabinoidowych. Jest to silna cz\u0105steczka przeznaczona wy\u0142\u0105cznie do eksperyment\u00f3w naukowych i nie nadaje si\u0119 do spo\u017cycia przez ludzi.<\/p>","protected":false},"featured_media":7510,"comment_status":"open","ping_status":"closed","template":"","meta":{"_joinchat":[]},"product_brand":[],"product_cat":[1805],"product_tag":[2033,2039,2034,2037,2038,2036,2035,188,1814,333],"class_list":{"0":"post-7480","1":"product","2":"type-product","3":"status-publish","4":"has-post-thumbnail","6":"product_cat-indazol-basiert","7":"product_tag-5f-akb-48","8":"product_tag-5f-akb-48-chemikalien","9":"product_tag-5f-akb-48-kaufen","10":"product_tag-5f-akb-48-kristalle","11":"product_tag-5f-akb-48-online","12":"product_tag-5f-akb-48-pulver","13":"product_tag-5f-akb-48-zum-verkauf","14":"product_tag-forschungschemikalien","15":"product_tag-forschungsstoffe-kaufen","16":"product_tag-synthetische-cannabinoide","18":"first","19":"instock","20":"shipping-taxable","21":"purchasable","22":"product-type-variable"},"yoast_head":"<!-- This site is optimized with the Yoast SEO plugin v27.5 - https:\/\/yoast.com\/product\/yoast-seo-wordpress\/ -->\n<title>5F-AKB-48 online kaufen \u2013 5F-AKB-48 zu verkaufen | chemgramx<\/title>\n<meta name=\"description\" content=\"Verpassen Sie keine Gelegenheit, 5f-akb-48 online in unserem Shop zu kaufen. Wir verkaufen ausschlie\u00dflich 5f-akb-48 zu g\u00fcnstigen Preisen. Wir sind hier, um Ihnen zu helfen. Bestellen Sie jetzt!\" \/>\n<meta name=\"robots\" content=\"index, follow, max-snippet:-1, max-image-preview:large, max-video-preview:-1\" \/>\n<link rel=\"canonical\" href=\"https:\/\/chemgramx.com\/pl\/produkt-1\/5f-akb-48-zamowienie-online\/\" \/>\n<meta property=\"og:locale\" content=\"pl_PL\" \/>\n<meta property=\"og:type\" content=\"article\" \/>\n<meta property=\"og:title\" content=\"5F-AKB-48 online kaufen \u2013 5F-AKB-48 zu verkaufen | chemgramx\" \/>\n<meta property=\"og:description\" content=\"Verpassen Sie keine Gelegenheit, 5f-akb-48 online in unserem Shop zu kaufen. Wir verkaufen ausschlie\u00dflich 5f-akb-48 zu g\u00fcnstigen Preisen. Wir sind hier, um Ihnen zu helfen. Bestellen Sie jetzt!\" \/>\n<meta property=\"og:url\" content=\"https:\/\/chemgramx.com\/pl\/produkt-1\/5f-akb-48-zamowienie-online\/\" \/>\n<meta property=\"og:site_name\" content=\"Chemgramx\" \/>\n<meta property=\"article:modified_time\" content=\"2025-11-21T11:17:53+00:00\" \/>\n<meta property=\"og:image\" content=\"https:\/\/chemgramx.com\/wp-content\/uploads\/2025\/11\/5fak48.png\" \/>\n\t<meta property=\"og:image:width\" content=\"600\" \/>\n\t<meta property=\"og:image:height\" content=\"400\" \/>\n\t<meta property=\"og:image:type\" content=\"image\/png\" \/>\n<meta name=\"twitter:card\" content=\"summary_large_image\" \/>\n<meta name=\"twitter:label1\" content=\"Szacowany czas czytania\" \/>\n\t<meta name=\"twitter:data1\" content=\"4 minuty\" \/>\n<script type=\"application\/ld+json\" class=\"yoast-schema-graph\">{\"@context\":\"https:\\\/\\\/schema.org\",\"@graph\":[{\"@type\":\"WebPage\",\"@id\":\"https:\\\/\\\/chemgramx.com\\\/product\\\/5f-akb-48-online-bestellung\\\/\",\"url\":\"https:\\\/\\\/chemgramx.com\\\/product\\\/5f-akb-48-online-bestellung\\\/\",\"name\":\"5F-AKB-48 online kaufen \u2013 5F-AKB-48 zu verkaufen | chemgramx\",\"isPartOf\":{\"@id\":\"https:\\\/\\\/chemgramx.com\\\/#website\"},\"primaryImageOfPage\":{\"@id\":\"https:\\\/\\\/chemgramx.com\\\/product\\\/5f-akb-48-online-bestellung\\\/#primaryimage\"},\"image\":{\"@id\":\"https:\\\/\\\/chemgramx.com\\\/product\\\/5f-akb-48-online-bestellung\\\/#primaryimage\"},\"thumbnailUrl\":\"https:\\\/\\\/chemgramx.com\\\/wp-content\\\/uploads\\\/2025\\\/11\\\/5fak48.png\",\"datePublished\":\"2025-11-21T11:17:29+00:00\",\"dateModified\":\"2025-11-21T11:17:53+00:00\",\"description\":\"Verpassen Sie keine Gelegenheit, 5f-akb-48 online in unserem Shop zu kaufen. Wir verkaufen ausschlie\u00dflich 5f-akb-48 zu g\u00fcnstigen Preisen. Wir sind hier, um Ihnen zu helfen. Bestellen Sie jetzt!\",\"breadcrumb\":{\"@id\":\"https:\\\/\\\/chemgramx.com\\\/product\\\/5f-akb-48-online-bestellung\\\/#breadcrumb\"},\"inLanguage\":\"pl-PL\",\"potentialAction\":[{\"@type\":\"ReadAction\",\"target\":[\"https:\\\/\\\/chemgramx.com\\\/product\\\/5f-akb-48-online-bestellung\\\/\"]}]},{\"@type\":\"ImageObject\",\"inLanguage\":\"pl-PL\",\"@id\":\"https:\\\/\\\/chemgramx.com\\\/product\\\/5f-akb-48-online-bestellung\\\/#primaryimage\",\"url\":\"https:\\\/\\\/chemgramx.com\\\/wp-content\\\/uploads\\\/2025\\\/11\\\/5fak48.png\",\"contentUrl\":\"https:\\\/\\\/chemgramx.com\\\/wp-content\\\/uploads\\\/2025\\\/11\\\/5fak48.png\",\"width\":600,\"height\":400},{\"@type\":\"BreadcrumbList\",\"@id\":\"https:\\\/\\\/chemgramx.com\\\/product\\\/5f-akb-48-online-bestellung\\\/#breadcrumb\",\"itemListElement\":[{\"@type\":\"ListItem\",\"position\":1,\"name\":\"Home\",\"item\":\"https:\\\/\\\/chemgramx.com\\\/\"},{\"@type\":\"ListItem\",\"position\":2,\"name\":\"Shop\",\"item\":\"https:\\\/\\\/chemgramx.com\\\/shop\\\/\"},{\"@type\":\"ListItem\",\"position\":3,\"name\":\"5F-AKB-48 online bestellung\"}]},{\"@type\":\"WebSite\",\"@id\":\"https:\\\/\\\/chemgramx.com\\\/#website\",\"url\":\"https:\\\/\\\/chemgramx.com\\\/\",\"name\":\"Chemgramx\",\"description\":\"\",\"publisher\":{\"@id\":\"https:\\\/\\\/chemgramx.com\\\/#organization\"},\"potentialAction\":[{\"@type\":\"SearchAction\",\"target\":{\"@type\":\"EntryPoint\",\"urlTemplate\":\"https:\\\/\\\/chemgramx.com\\\/?s={search_term_string}\"},\"query-input\":{\"@type\":\"PropertyValueSpecification\",\"valueRequired\":true,\"valueName\":\"search_term_string\"}}],\"inLanguage\":\"pl-PL\"},{\"@type\":\"Organization\",\"@id\":\"https:\\\/\\\/chemgramx.com\\\/#organization\",\"name\":\"Chemgramx\",\"url\":\"https:\\\/\\\/chemgramx.com\\\/\",\"logo\":{\"@type\":\"ImageObject\",\"inLanguage\":\"pl-PL\",\"@id\":\"https:\\\/\\\/chemgramx.com\\\/#\\\/schema\\\/logo\\\/image\\\/\",\"url\":\"https:\\\/\\\/chemgramx.com\\\/wp-content\\\/uploads\\\/2024\\\/10\\\/final-logo.png\",\"contentUrl\":\"https:\\\/\\\/chemgramx.com\\\/wp-content\\\/uploads\\\/2024\\\/10\\\/final-logo.png\",\"width\":250,\"height\":48,\"caption\":\"Chemgramx\"},\"image\":{\"@id\":\"https:\\\/\\\/chemgramx.com\\\/#\\\/schema\\\/logo\\\/image\\\/\"}}]}<\/script>\n<!-- \/ Yoast SEO plugin. -->","yoast_head_json":{"title":"Kup 5F-AKB-48 online \u2013 5F-AKB-48 na sprzeda\u017c | chemgramx","description":"Nie przegap okazji i kup 5f-akb-48 online w naszym sklepie. Sprzedajemy wy\u0142\u0105cznie 5f-akb-48 w przyst\u0119pnych cenach. Jeste\u015bmy tu, aby Ci pom\u00f3c. Zam\u00f3w ju\u017c teraz!","robots":{"index":"index","follow":"follow","max-snippet":"max-snippet:-1","max-image-preview":"max-image-preview:large","max-video-preview":"max-video-preview:-1"},"canonical":"https:\/\/chemgramx.com\/pl\/produkt-1\/5f-akb-48-zamowienie-online\/","og_locale":"pl_PL","og_type":"article","og_title":"5F-AKB-48 online kaufen \u2013 5F-AKB-48 zu verkaufen | chemgramx","og_description":"Verpassen Sie keine Gelegenheit, 5f-akb-48 online in unserem Shop zu kaufen. Wir verkaufen ausschlie\u00dflich 5f-akb-48 zu g\u00fcnstigen Preisen. Wir sind hier, um Ihnen zu helfen. Bestellen Sie jetzt!","og_url":"https:\/\/chemgramx.com\/pl\/produkt-1\/5f-akb-48-zamowienie-online\/","og_site_name":"Chemgramx","article_modified_time":"2025-11-21T11:17:53+00:00","og_image":[{"width":600,"height":400,"url":"https:\/\/chemgramx.com\/wp-content\/uploads\/2025\/11\/5fak48.png","type":"image\/png"}],"twitter_card":"summary_large_image","twitter_misc":{"Szacowany czas czytania":"4 minuty"},"schema":{"@context":"https:\/\/schema.org","@graph":[{"@type":"WebPage","@id":"https:\/\/chemgramx.com\/product\/5f-akb-48-online-bestellung\/","url":"https:\/\/chemgramx.com\/product\/5f-akb-48-online-bestellung\/","name":"Kup 5F-AKB-48 online \u2013 5F-AKB-48 na sprzeda\u017c | chemgramx","isPartOf":{"@id":"https:\/\/chemgramx.com\/#website"},"primaryImageOfPage":{"@id":"https:\/\/chemgramx.com\/product\/5f-akb-48-online-bestellung\/#primaryimage"},"image":{"@id":"https:\/\/chemgramx.com\/product\/5f-akb-48-online-bestellung\/#primaryimage"},"thumbnailUrl":"https:\/\/chemgramx.com\/wp-content\/uploads\/2025\/11\/5fak48.png","datePublished":"2025-11-21T11:17:29+00:00","dateModified":"2025-11-21T11:17:53+00:00","description":"Nie przegap okazji i kup 5f-akb-48 online w naszym sklepie. Sprzedajemy wy\u0142\u0105cznie 5f-akb-48 w przyst\u0119pnych cenach. Jeste\u015bmy tu, aby Ci pom\u00f3c. Zam\u00f3w ju\u017c teraz!","breadcrumb":{"@id":"https:\/\/chemgramx.com\/product\/5f-akb-48-online-bestellung\/#breadcrumb"},"inLanguage":"pl-PL","potentialAction":[{"@type":"ReadAction","target":["https:\/\/chemgramx.com\/product\/5f-akb-48-online-bestellung\/"]}]},{"@type":"ImageObject","inLanguage":"pl-PL","@id":"https:\/\/chemgramx.com\/product\/5f-akb-48-online-bestellung\/#primaryimage","url":"https:\/\/chemgramx.com\/wp-content\/uploads\/2025\/11\/5fak48.png","contentUrl":"https:\/\/chemgramx.com\/wp-content\/uploads\/2025\/11\/5fak48.png","width":600,"height":400},{"@type":"BreadcrumbList","@id":"https:\/\/chemgramx.com\/product\/5f-akb-48-online-bestellung\/#breadcrumb","itemListElement":[{"@type":"ListItem","position":1,"name":"Home","item":"https:\/\/chemgramx.com\/"},{"@type":"ListItem","position":2,"name":"Shop","item":"https:\/\/chemgramx.com\/shop\/"},{"@type":"ListItem","position":3,"name":"5F-AKB-48 online bestellung"}]},{"@type":"WebSite","@id":"https:\/\/chemgramx.com\/#website","url":"https:\/\/chemgramx.com\/","name":"Chemgramx","description":"","publisher":{"@id":"https:\/\/chemgramx.com\/#organization"},"potentialAction":[{"@type":"SearchAction","target":{"@type":"EntryPoint","urlTemplate":"https:\/\/chemgramx.com\/?s={search_term_string}"},"query-input":{"@type":"PropertyValueSpecification","valueRequired":true,"valueName":"search_term_string"}}],"inLanguage":"pl-PL"},{"@type":"Organization","@id":"https:\/\/chemgramx.com\/#organization","name":"Chemgramx","url":"https:\/\/chemgramx.com\/","logo":{"@type":"ImageObject","inLanguage":"pl-PL","@id":"https:\/\/chemgramx.com\/#\/schema\/logo\/image\/","url":"https:\/\/chemgramx.com\/wp-content\/uploads\/2024\/10\/final-logo.png","contentUrl":"https:\/\/chemgramx.com\/wp-content\/uploads\/2024\/10\/final-logo.png","width":250,"height":48,"caption":"Chemgramx"},"image":{"@id":"https:\/\/chemgramx.com\/#\/schema\/logo\/image\/"}}]}},"_links":{"self":[{"href":"https:\/\/chemgramx.com\/pl\/wp-json\/wp\/v2\/product\/7480","targetHints":{"allow":["GET"]}}],"collection":[{"href":"https:\/\/chemgramx.com\/pl\/wp-json\/wp\/v2\/product"}],"about":[{"href":"https:\/\/chemgramx.com\/pl\/wp-json\/wp\/v2\/types\/product"}],"replies":[{"embeddable":true,"href":"https:\/\/chemgramx.com\/pl\/wp-json\/wp\/v2\/comments?post=7480"}],"wp:featuredmedia":[{"embeddable":true,"href":"https:\/\/chemgramx.com\/pl\/wp-json\/wp\/v2\/media\/7510"}],"wp:attachment":[{"href":"https:\/\/chemgramx.com\/pl\/wp-json\/wp\/v2\/media?parent=7480"}],"wp:term":[{"taxonomy":"product_brand","embeddable":true,"href":"https:\/\/chemgramx.com\/pl\/wp-json\/wp\/v2\/product_brand?post=7480"},{"taxonomy":"product_cat","embeddable":true,"href":"https:\/\/chemgramx.com\/pl\/wp-json\/wp\/v2\/product_cat?post=7480"},{"taxonomy":"product_tag","embeddable":true,"href":"https:\/\/chemgramx.com\/pl\/wp-json\/wp\/v2\/product_tag?post=7480"}],"curies":[{"name":"wp","href":"https:\/\/api.w.org\/{rel}","templated":true}]}}