{"id":7481,"date":"2025-11-21T11:17:29","date_gmt":"2025-11-21T11:17:29","guid":{"rendered":"https:\/\/chemgramx.com\/?post_type=product&#038;p=7481"},"modified":"2025-11-21T11:17:54","modified_gmt":"2025-11-21T11:17:54","slug":"5f-mn-18-kup-online","status":"publish","type":"product","link":"https:\/\/chemgramx.com\/pl\/product\/5f-mn-18-online-kaufen\/","title":{"rendered":"Kup 5F-MN-18 online"},"content":{"rendered":"<p data-start=\"88\" data-end=\"551\"><strong data-start=\"88\" data-end=\"100\">5F-MN-18<\/strong> to nowoczesny syntetyczny kannabinoid, kt\u00f3ry zosta\u0142 opracowany specjalnie do cel\u00f3w bada\u0144 naukowych. Substancja ta pozwala naukowcom precyzyjnie bada\u0107 interakcje mi\u0119dzy kannabinoidami a ludzkim uk\u0142adem endokannabinoidowym. Badacze, kt\u00f3rzy <strong data-start=\"383\" data-end=\"409\">Kup 5F-MN-18 online<\/strong>, Zwykle ma to na celu przeprowadzenie bada\u0144 nad wi\u0105zaniem receptor\u00f3w, farmakologicznymi mechanizmami dzia\u0142ania i w\u0142a\u015bciwo\u015bciami toksykologicznymi.<\/p>\n<p data-start=\"553\" data-end=\"790\">Poniewa\u017c w obiegu r\u00f3wnie\u017c <em data-start=\"571\" data-end=\"603\">Prawdziwy lub fa\u0142szywy 5F-MN-18 na sprzeda\u017c<\/em> wyb\u00f3r zweryfikowanego \u017ar\u00f3d\u0142a ma kluczowe znaczenie. Tylko <strong data-start=\"692\" data-end=\"722\">Najlepsze miejsce do zakupu 5F-MN-18<\/strong> gwarantuje czysto\u015b\u0107, jako\u015b\u0107 laboratoryjn\u0105 i przejrzyste dane analityczne.<\/p>\n<h2 data-start=\"797\" data-end=\"819\">Co to jest 5F-MN-18?<\/h2>\n<p data-start=\"821\" data-end=\"1268\"><strong data-start=\"821\" data-end=\"833\">5F-MN-18<\/strong> nale\u017cy do grupy syntetycznych kannabinoid\u00f3w, kt\u00f3re strukturalnie oparte s\u0105 na indazolu lub indolu. Jest to zwi\u0105zek, kt\u00f3ry jest cz\u0119sto stosowany we wsp\u00f3\u0142czesnych badaniach farmakologicznych w celu <strong data-start=\"1035\" data-end=\"1071\">Aktywno\u015b\u0107 receptor\u00f3w CB1 i CB2<\/strong> do analizy. Receptory te odgrywaj\u0105 wa\u017cn\u0105 rol\u0119 w o\u015brodkowym uk\u0142adzie nerwowym i wp\u0142ywaj\u0105 na procesy fizjologiczne, takie jak odczuwanie b\u00f3lu, apetyt, nastr\u00f3j i regulacja stanu zapalnego.<\/p>\n<p data-start=\"1270\" data-end=\"1505\">W przeciwie\u0144stwie do starszych substancji, takich jak AM-2201 lub 5F-PB-22, 5F-MN-18 charakteryzuje si\u0119 wysok\u0105 stabilno\u015bci\u0105 i konsystencj\u0105. Dzi\u0119ki temu nadaje si\u0119 do <a href=\"\/product\/reines-unverschnittenes-kokain\/\">wybitny<\/a> jak <strong data-start=\"1441\" data-end=\"1502\">Standard odniesienia w badaniach analitycznych i kryminalistycznych<\/strong>.<\/p>\n<p data-start=\"1507\" data-end=\"1691\">Naukowcy, kt\u00f3rzy <strong data-start=\"1521\" data-end=\"1542\">5F-MN-18 na sprzeda\u017c<\/strong> Klienci korzystaj\u0105 r\u00f3wnie\u017c z przejrzystych certyfikat\u00f3w COA (Certificate of Analysis), kt\u00f3re potwierdzaj\u0105 czysto\u015b\u0107, struktur\u0119 chemiczn\u0105 i st\u0119\u017cenie.<\/p>\n<h2 data-start=\"1698\" data-end=\"1724\">Zastosowania badawcze<\/h2>\n<p data-start=\"1726\" data-end=\"1982\">5F-MN-18 jest produkowany wy\u0142\u0105cznie do cel\u00f3w naukowych i nie mo\u017ce by\u0107 spo\u017cywany. Jest on wykorzystywany w badaniach maj\u0105cych na celu lepsze zrozumienie funkcjonowania receptor\u00f3w kannabinoidowych i ich wp\u0142ywu na uk\u0142ad nerwowy.<\/p>\n<p data-start=\"1984\" data-end=\"2030\">Najcz\u0119stsze obszary zastosowa\u0144 obejmuj\u0105<\/p>\n<ul data-start=\"2032\" data-end=\"2369\">\n<li data-start=\"2032\" data-end=\"2108\">\n<p data-start=\"2034\" data-end=\"2108\"><strong data-start=\"2034\" data-end=\"2063\">Badania farmakologiczne:<\/strong> Badanie powinowactwa wi\u0105zania receptora<\/p>\n<\/li>\n<li data-start=\"2109\" data-end=\"2205\">\n<p data-start=\"2111\" data-end=\"2205\"><strong data-start=\"2111\" data-end=\"2139\">Analizy toksykologiczne:<\/strong> Ocena efekt\u00f3w w por\u00f3wnaniu z naturalnymi kannabinoidami<\/p>\n<\/li>\n<li data-start=\"2206\" data-end=\"2285\">\n<p data-start=\"2208\" data-end=\"2285\"><strong data-start=\"2208\" data-end=\"2234\">Badania analityczne:<\/strong> Opracowanie i walidacja metod wykrywania<\/p>\n<\/li>\n<li data-start=\"2286\" data-end=\"2369\">\n<p data-start=\"2288\" data-end=\"2369\"><strong data-start=\"2288\" data-end=\"2315\">Badania neurochemiczne:<\/strong> Analiza wp\u0142ywu na sygnalizacj\u0119 neuronaln\u0105<\/p>\n<\/li>\n<\/ul>\n<p data-start=\"2371\" data-end=\"2493\">Te wszechstronne zastosowania sprawiaj\u0105, \u017ce 5F-MN-18 jest centralnym elementem wsp\u00f3\u0142czesnych bada\u0144 nad kannabinoidami.<\/p>\n<h2 data-start=\"2500\" data-end=\"2538\">Instrukcje bezpiecze\u0144stwa i u\u017cytkowania<\/h2>\n<p data-start=\"2540\" data-end=\"2727\">Tkanina jest <strong data-start=\"2554\" data-end=\"2583\">nie do spo\u017cycia przez ludzi<\/strong> i mog\u0105 by\u0107 u\u017cywane tylko w kontrolowanych <a href=\"\/product\/egg-rolls-tomorrow-land-286-mg-mdma-online-kaufen\/\">\u015arodowiska laboratoryjne<\/a> nie mog\u0105 by\u0107 u\u017cywane. Obs\u0142uga powinna by\u0107 wykonywana wy\u0142\u0105cznie przez wykwalifikowany personel.<\/p>\n<p data-start=\"2729\" data-end=\"2820\">Podczas obchodzenia si\u0119 z 5F-MN-18 nale\u017cy przestrzega\u0107 zwyk\u0142ych laboratoryjnych norm bezpiecze\u0144stwa:<\/p>\n<ul data-start=\"2821\" data-end=\"3041\">\n<li data-start=\"2821\" data-end=\"2873\">\n<p data-start=\"2823\" data-end=\"2873\">Praca pod wentylowanym dygestorium chemicznym<\/p>\n<\/li>\n<li data-start=\"2874\" data-end=\"2934\">\n<p data-start=\"2876\" data-end=\"2934\">U\u017cywanie fartucha laboratoryjnego, r\u0119kawic i okular\u00f3w ochronnych<\/p>\n<\/li>\n<li data-start=\"2935\" data-end=\"2990\">\n<p data-start=\"2937\" data-end=\"2990\">Przechowywanie w chronionych przed \u015bwiat\u0142em, hermetycznych pojemnikach<\/p>\n<\/li>\n<li data-start=\"2991\" data-end=\"3041\">\n<p data-start=\"2993\" data-end=\"3041\">Dokumentacja u\u017cycia w protokole laboratoryjnym<\/p>\n<\/li>\n<\/ul>\n<p data-start=\"3043\" data-end=\"3187\">Te \u015brodki bezpiecze\u0144stwa zapewniaj\u0105 nie tylko ochron\u0119 naukowc\u00f3w, ale tak\u017ce powtarzalno\u015b\u0107 wynik\u00f3w bada\u0144 naukowych.<\/p>\n<h2 data-start=\"3194\" data-end=\"3229\">Profil chemiczny i czysto\u015b\u0107<\/h2>\n<ul data-start=\"3231\" data-end=\"3487\">\n<li data-start=\"3231\" data-end=\"3322\">\n<p data-start=\"3233\" data-end=\"3322\"><strong data-start=\"3233\" data-end=\"3259\">Nazwa chemiczna:<\/strong> 1-(5-fluoropentylo)-N-(adamantan-1-ylo)-1H-indazolo-3-karboksyamid<\/p>\n<\/li>\n<li data-start=\"3323\" data-end=\"3356\">\n<p data-start=\"3325\" data-end=\"3356\"><strong data-start=\"3325\" data-end=\"3343\">Wz\u00f3r cz\u0105steczkowy:<\/strong> C24H32FN3O<\/p>\n<\/li>\n<li data-start=\"3357\" data-end=\"3394\">\n<p data-start=\"3359\" data-end=\"3394\"><strong data-start=\"3359\" data-end=\"3380\">Masa cz\u0105steczkowa:<\/strong> 397,5 g\/mol<\/p>\n<\/li>\n<li data-start=\"3395\" data-end=\"3435\">\n<p data-start=\"3397\" data-end=\"3435\"><strong data-start=\"3397\" data-end=\"3406\">Forma:<\/strong> Drobny krystaliczny proszek<\/p>\n<\/li>\n<li data-start=\"3436\" data-end=\"3487\">\n<p data-start=\"3438\" data-end=\"3487\"><strong data-start=\"3438\" data-end=\"3451\">Czysto\u015b\u0107:<\/strong> \u226598 % (potwierdzone przez analiz\u0119 HPLC)<\/p>\n<\/li>\n<\/ul>\n<p data-start=\"3489\" data-end=\"3634\">Ka\u017cda partia 5F-MN-18 jest testowana w certyfikowanych laboratoriach, aby zapewni\u0107 najwy\u017csze standardy czysto\u015bci, sp\u00f3jno\u015bci i stabilno\u015bci.<\/p>\n<h2 data-start=\"3641\" data-end=\"3684\">Zalety zakupu 5F-MN-18 online<\/h2>\n<p data-start=\"3686\" data-end=\"3897\">Kto <strong data-start=\"3690\" data-end=\"3716\">Kup 5F-MN-18 online<\/strong> ma wiele zalet w por\u00f3wnaniu z konwencjonalnymi zakupami. Renomowani dostawcy oferuj\u0105 sprawdzon\u0105 czysto\u015b\u0107, przejrzyste ceny i dyskretn\u0105 wysy\u0142k\u0119.<\/p>\n<h3 data-start=\"3899\" data-end=\"3942\">Najwa\u017cniejsze zalety w skr\u00f3cie<\/h3>\n<ul data-start=\"3943\" data-end=\"4311\">\n<li data-start=\"3943\" data-end=\"4005\">\n<p data-start=\"3945\" data-end=\"4005\"><strong data-start=\"3945\" data-end=\"3972\">Sprawdzona laboratoryjnie jako\u015b\u0107:<\/strong> Ka\u017cda partia z certyfikatem COA<\/p>\n<\/li>\n<li data-start=\"4006\" data-end=\"4071\">\n<p data-start=\"4008\" data-end=\"4071\"><strong data-start=\"4008\" data-end=\"4032\">Przejrzyste ceny:<\/strong> Jasne informacje bez ukrytych koszt\u00f3w<\/p>\n<\/li>\n<li data-start=\"4072\" data-end=\"4158\">\n<p data-start=\"4074\" data-end=\"4158\"><strong data-start=\"4074\" data-end=\"4096\">Szybka wysy\u0142ka:<\/strong> Dyskretna dostawa do Niemiec, Austrii i Szwajcarii<\/p>\n<\/li>\n<li data-start=\"4159\" data-end=\"4237\">\n<p data-start=\"4161\" data-end=\"4237\"><strong data-start=\"4161\" data-end=\"4183\">Rabaty hurtowe:<\/strong> 5F-MN-18 kupi\u0107 tanio online w Forschungsbedarf<\/p>\n<\/li>\n<li data-start=\"4238\" data-end=\"4311\">\n<p data-start=\"4240\" data-end=\"4311\"><strong data-start=\"4240\" data-end=\"4266\">Niezawodne pochodzenie:<\/strong> Oryginalny produkt z udokumentowan\u0105 analiz\u0105<\/p>\n<\/li>\n<\/ul>\n<p data-start=\"4313\" data-end=\"4438\">The <strong data-start=\"4317\" data-end=\"4354\">Najlepsze miejsce do zakupu 5F-MN-18<\/strong>, jest zatem zawsze certyfikowanym \u017ar\u00f3d\u0142em bada\u0144 o sprawdzonej jako\u015bci laboratoryjnej.<\/p>\n<h2 data-start=\"4445\" data-end=\"4483\">Ceny i dost\u0119pno\u015b\u0107<\/h2>\n<p data-start=\"4485\" data-end=\"4701\">The <strong data-start=\"4489\" data-end=\"4507\">5F-MN-18 Cena<\/strong> r\u00f3\u017cni\u0105 si\u0119 w zale\u017cno\u015bci od dostawcy, ilo\u015bci i stopnia czysto\u015bci. Renomowani sprzedawcy publikuj\u0105 swoje dane COA i oferuj\u0105 uczciwe ceny, kt\u00f3re spe\u0142niaj\u0105 wymagania instytucji naukowych.<\/p>\n<p data-start=\"4703\" data-end=\"4914\">Badacze, kt\u00f3rzy regularnie zamawiaj\u0105 wi\u0119ksze ilo\u015bci mog\u0105 skorzysta\u0107 z <strong data-start=\"4765\" data-end=\"4804\">Rabaty ilo\u015bciowe i oferty specjalne<\/strong> korzy\u015b\u0107. Wysy\u0142ka odbywa si\u0119 zazwyczaj w ci\u0105gu <strong data-start=\"4858\" data-end=\"4875\">1-3 dni robocze<\/strong>, cz\u0119sto r\u00f3wnie\u017c z <strong data-start=\"4893\" data-end=\"4911\">Opcja ekspresowa<\/strong>.<\/p>\n<h2 data-start=\"4921\" data-end=\"4946\">Sytuacja prawna<\/h2>\n<p data-start=\"4948\" data-end=\"5184\">Klasyfikacja prawna 5F-MN-18 r\u00f3\u017cni si\u0119 w zale\u017cno\u015bci od kraju. W Niemczech podlega on ustawie o nowych substancjach psychoaktywnych (NpSG) i w zwi\u0105zku z tym jest <strong data-start=\"5111\" data-end=\"5181\">niedozwolone do spo\u017cycia, ale wy\u0142\u0105cznie do cel\u00f3w badawczych<\/strong>.<\/p>\n<p data-start=\"5186\" data-end=\"5367\">Mo\u017ce r\u00f3wnie\u017c podlega\u0107 regulacjom w Austrii i Szwajcarii. Obowi\u0105zkiem kupuj\u0105cego jest zapoznanie si\u0119 z przepisami krajowymi przed z\u0142o\u017ceniem zam\u00f3wienia.<\/p>\n<h3 data-start=\"2303\" data-end=\"2313\">Wnioski<\/h3>\n<p data-start=\"2315\" data-end=\"2758\">Je\u015bli chcesz kupi\u0107 5F-MN-18 online, powiniene\u015b dok\u0142adnie sprawdzi\u0107, gdzie mo\u017cesz go kupi\u0107 i por\u00f3wna\u0107 oferty. Najlepsze miejsce do zakupu 5F-MN-18 oferuje potwierdzon\u0105 czysto\u015b\u0107, przejrzyste ceny i dyskretn\u0105 dostaw\u0119. Niezale\u017cnie od tego, czy potrzebujesz oryginalnego, czy podrobionego 5F-MN-18 do bada\u0144 por\u00f3wnawczych, czy chcesz kupi\u0107 go tanio online do szeroko zakrojonych projekt\u00f3w badawczych, jako\u015b\u0107 i niezawodno\u015b\u0107 s\u0105 najwa\u017cniejsze.<\/p>","protected":false},"excerpt":{"rendered":"<p><strong>5F-MN-18<\/strong> to syntetyczny kannabinoid wykorzystywany w badaniach naukowych do badania receptor\u00f3w kannabinoidowych i ich wp\u0142ywu na ludzki uk\u0142ad endokannabinoidowy. Jest oferowany wy\u0142\u0105cznie do cel\u00f3w badawczych i nie nadaje si\u0119 do spo\u017cycia przez ludzi.<\/p>","protected":false},"featured_media":7511,"comment_status":"open","ping_status":"closed","template":"","meta":{"_joinchat":[]},"product_brand":[],"product_cat":[1805],"product_tag":[2026,2032,2027,2030,2031,2029,2028,188,1814,333],"class_list":{"0":"post-7481","1":"product","2":"type-product","3":"status-publish","4":"has-post-thumbnail","6":"product_cat-indazol-basiert","7":"product_tag-5f-mn-18","8":"product_tag-5f-mn-18-chemikalien","9":"product_tag-5f-mn-18-kaufen","10":"product_tag-5f-mn-18-kristalle","11":"product_tag-5f-mn-18-online","12":"product_tag-5f-mn-18-pulver","13":"product_tag-5f-mn-18-zum-verkauf","14":"product_tag-forschungschemikalien","15":"product_tag-forschungsstoffe-kaufen","16":"product_tag-synthetische-cannabinoide","18":"first","19":"instock","20":"shipping-taxable","21":"purchasable","22":"product-type-variable"},"yoast_head":"<!-- This site is optimized with the Yoast SEO plugin v27.5 - https:\/\/yoast.com\/product\/yoast-seo-wordpress\/ -->\n<title>5F-MN-18 online kaufen \u2013 5F-MN-18 zu verkaufen | chemgramx<\/title>\n<meta name=\"description\" content=\"Sie m\u00f6chten 5f-mn-18 online zu einem vern\u00fcnftigen Preis kaufen? Besuchen Sie unseren renommierten Online-Chemikalienladen und kaufen Sie 5f-mn-18 noch heute. Bestellen Sie jetzt und erhalten Sie den besten Preis in unserem Laden.\" \/>\n<meta name=\"robots\" content=\"index, follow, max-snippet:-1, max-image-preview:large, max-video-preview:-1\" \/>\n<link rel=\"canonical\" href=\"https:\/\/chemgramx.com\/pl\/produkt-1\/5f-mn-18-kup-online\/\" \/>\n<meta property=\"og:locale\" content=\"pl_PL\" \/>\n<meta property=\"og:type\" content=\"article\" \/>\n<meta property=\"og:title\" content=\"5F-MN-18 online kaufen \u2013 5F-MN-18 zu verkaufen | chemgramx\" \/>\n<meta property=\"og:description\" content=\"Sie m\u00f6chten 5f-mn-18 online zu einem vern\u00fcnftigen Preis kaufen? Besuchen Sie unseren renommierten Online-Chemikalienladen und kaufen Sie 5f-mn-18 noch heute. Bestellen Sie jetzt und erhalten Sie den besten Preis in unserem Laden.\" \/>\n<meta property=\"og:url\" content=\"https:\/\/chemgramx.com\/pl\/produkt-1\/5f-mn-18-kup-online\/\" \/>\n<meta property=\"og:site_name\" content=\"Chemgramx\" \/>\n<meta property=\"article:modified_time\" content=\"2025-11-21T11:17:54+00:00\" \/>\n<meta property=\"og:image\" content=\"https:\/\/chemgramx.com\/wp-content\/uploads\/2025\/11\/244195-32-2.gif\" \/>\n\t<meta property=\"og:image:width\" content=\"388\" \/>\n\t<meta property=\"og:image:height\" content=\"314\" \/>\n\t<meta property=\"og:image:type\" content=\"image\/gif\" \/>\n<meta name=\"twitter:card\" content=\"summary_large_image\" \/>\n<meta name=\"twitter:label1\" content=\"Szacowany czas czytania\" \/>\n\t<meta name=\"twitter:data1\" content=\"4 minuty\" \/>\n<script type=\"application\/ld+json\" class=\"yoast-schema-graph\">{\"@context\":\"https:\\\/\\\/schema.org\",\"@graph\":[{\"@type\":\"WebPage\",\"@id\":\"https:\\\/\\\/chemgramx.com\\\/product\\\/5f-mn-18-online-kaufen\\\/\",\"url\":\"https:\\\/\\\/chemgramx.com\\\/product\\\/5f-mn-18-online-kaufen\\\/\",\"name\":\"5F-MN-18 online kaufen \u2013 5F-MN-18 zu verkaufen | chemgramx\",\"isPartOf\":{\"@id\":\"https:\\\/\\\/chemgramx.com\\\/#website\"},\"primaryImageOfPage\":{\"@id\":\"https:\\\/\\\/chemgramx.com\\\/product\\\/5f-mn-18-online-kaufen\\\/#primaryimage\"},\"image\":{\"@id\":\"https:\\\/\\\/chemgramx.com\\\/product\\\/5f-mn-18-online-kaufen\\\/#primaryimage\"},\"thumbnailUrl\":\"https:\\\/\\\/chemgramx.com\\\/wp-content\\\/uploads\\\/2025\\\/11\\\/244195-32-2.gif\",\"datePublished\":\"2025-11-21T11:17:29+00:00\",\"dateModified\":\"2025-11-21T11:17:54+00:00\",\"description\":\"Sie m\u00f6chten 5f-mn-18 online zu einem vern\u00fcnftigen Preis kaufen? Besuchen Sie unseren renommierten Online-Chemikalienladen und kaufen Sie 5f-mn-18 noch heute. Bestellen Sie jetzt und erhalten Sie den besten Preis in unserem Laden.\",\"breadcrumb\":{\"@id\":\"https:\\\/\\\/chemgramx.com\\\/product\\\/5f-mn-18-online-kaufen\\\/#breadcrumb\"},\"inLanguage\":\"pl-PL\",\"potentialAction\":[{\"@type\":\"ReadAction\",\"target\":[\"https:\\\/\\\/chemgramx.com\\\/product\\\/5f-mn-18-online-kaufen\\\/\"]}]},{\"@type\":\"ImageObject\",\"inLanguage\":\"pl-PL\",\"@id\":\"https:\\\/\\\/chemgramx.com\\\/product\\\/5f-mn-18-online-kaufen\\\/#primaryimage\",\"url\":\"https:\\\/\\\/chemgramx.com\\\/wp-content\\\/uploads\\\/2025\\\/11\\\/244195-32-2.gif\",\"contentUrl\":\"https:\\\/\\\/chemgramx.com\\\/wp-content\\\/uploads\\\/2025\\\/11\\\/244195-32-2.gif\",\"width\":388,\"height\":314},{\"@type\":\"BreadcrumbList\",\"@id\":\"https:\\\/\\\/chemgramx.com\\\/product\\\/5f-mn-18-online-kaufen\\\/#breadcrumb\",\"itemListElement\":[{\"@type\":\"ListItem\",\"position\":1,\"name\":\"Home\",\"item\":\"https:\\\/\\\/chemgramx.com\\\/\"},{\"@type\":\"ListItem\",\"position\":2,\"name\":\"Shop\",\"item\":\"https:\\\/\\\/chemgramx.com\\\/shop\\\/\"},{\"@type\":\"ListItem\",\"position\":3,\"name\":\"5F-MN-18 online kaufen\"}]},{\"@type\":\"WebSite\",\"@id\":\"https:\\\/\\\/chemgramx.com\\\/#website\",\"url\":\"https:\\\/\\\/chemgramx.com\\\/\",\"name\":\"Chemgramx\",\"description\":\"\",\"publisher\":{\"@id\":\"https:\\\/\\\/chemgramx.com\\\/#organization\"},\"potentialAction\":[{\"@type\":\"SearchAction\",\"target\":{\"@type\":\"EntryPoint\",\"urlTemplate\":\"https:\\\/\\\/chemgramx.com\\\/?s={search_term_string}\"},\"query-input\":{\"@type\":\"PropertyValueSpecification\",\"valueRequired\":true,\"valueName\":\"search_term_string\"}}],\"inLanguage\":\"pl-PL\"},{\"@type\":\"Organization\",\"@id\":\"https:\\\/\\\/chemgramx.com\\\/#organization\",\"name\":\"Chemgramx\",\"url\":\"https:\\\/\\\/chemgramx.com\\\/\",\"logo\":{\"@type\":\"ImageObject\",\"inLanguage\":\"pl-PL\",\"@id\":\"https:\\\/\\\/chemgramx.com\\\/#\\\/schema\\\/logo\\\/image\\\/\",\"url\":\"https:\\\/\\\/chemgramx.com\\\/wp-content\\\/uploads\\\/2024\\\/10\\\/final-logo.png\",\"contentUrl\":\"https:\\\/\\\/chemgramx.com\\\/wp-content\\\/uploads\\\/2024\\\/10\\\/final-logo.png\",\"width\":250,\"height\":48,\"caption\":\"Chemgramx\"},\"image\":{\"@id\":\"https:\\\/\\\/chemgramx.com\\\/#\\\/schema\\\/logo\\\/image\\\/\"}}]}<\/script>\n<!-- \/ Yoast SEO plugin. -->","yoast_head_json":{"title":"Kup 5F-MN-18 online \u2013 5F-MN-18 na sprzeda\u017c | chemgramx","description":"Chcesz kupi\u0107 5f-mn-18 online w rozs\u0105dnej cenie? Odwied\u017a nasz renomowany sklep chemiczny online i kup 5f-mn-18 ju\u017c dzi\u015b. Zam\u00f3w teraz i uzyskaj najlepsz\u0105 cen\u0119 w naszym sklepie.","robots":{"index":"index","follow":"follow","max-snippet":"max-snippet:-1","max-image-preview":"max-image-preview:large","max-video-preview":"max-video-preview:-1"},"canonical":"https:\/\/chemgramx.com\/pl\/produkt-1\/5f-mn-18-kup-online\/","og_locale":"pl_PL","og_type":"article","og_title":"5F-MN-18 online kaufen \u2013 5F-MN-18 zu verkaufen | chemgramx","og_description":"Sie m\u00f6chten 5f-mn-18 online zu einem vern\u00fcnftigen Preis kaufen? Besuchen Sie unseren renommierten Online-Chemikalienladen und kaufen Sie 5f-mn-18 noch heute. Bestellen Sie jetzt und erhalten Sie den besten Preis in unserem Laden.","og_url":"https:\/\/chemgramx.com\/pl\/produkt-1\/5f-mn-18-kup-online\/","og_site_name":"Chemgramx","article_modified_time":"2025-11-21T11:17:54+00:00","og_image":[{"width":388,"height":314,"url":"https:\/\/chemgramx.com\/wp-content\/uploads\/2025\/11\/244195-32-2.gif","type":"image\/gif"}],"twitter_card":"summary_large_image","twitter_misc":{"Szacowany czas czytania":"4 minuty"},"schema":{"@context":"https:\/\/schema.org","@graph":[{"@type":"WebPage","@id":"https:\/\/chemgramx.com\/product\/5f-mn-18-online-kaufen\/","url":"https:\/\/chemgramx.com\/product\/5f-mn-18-online-kaufen\/","name":"Kup 5F-MN-18 online \u2013 5F-MN-18 na sprzeda\u017c | chemgramx","isPartOf":{"@id":"https:\/\/chemgramx.com\/#website"},"primaryImageOfPage":{"@id":"https:\/\/chemgramx.com\/product\/5f-mn-18-online-kaufen\/#primaryimage"},"image":{"@id":"https:\/\/chemgramx.com\/product\/5f-mn-18-online-kaufen\/#primaryimage"},"thumbnailUrl":"https:\/\/chemgramx.com\/wp-content\/uploads\/2025\/11\/244195-32-2.gif","datePublished":"2025-11-21T11:17:29+00:00","dateModified":"2025-11-21T11:17:54+00:00","description":"Chcesz kupi\u0107 5f-mn-18 online w rozs\u0105dnej cenie? Odwied\u017a nasz renomowany sklep chemiczny online i kup 5f-mn-18 ju\u017c dzi\u015b. Zam\u00f3w teraz i uzyskaj najlepsz\u0105 cen\u0119 w naszym sklepie.","breadcrumb":{"@id":"https:\/\/chemgramx.com\/product\/5f-mn-18-online-kaufen\/#breadcrumb"},"inLanguage":"pl-PL","potentialAction":[{"@type":"ReadAction","target":["https:\/\/chemgramx.com\/product\/5f-mn-18-online-kaufen\/"]}]},{"@type":"ImageObject","inLanguage":"pl-PL","@id":"https:\/\/chemgramx.com\/product\/5f-mn-18-online-kaufen\/#primaryimage","url":"https:\/\/chemgramx.com\/wp-content\/uploads\/2025\/11\/244195-32-2.gif","contentUrl":"https:\/\/chemgramx.com\/wp-content\/uploads\/2025\/11\/244195-32-2.gif","width":388,"height":314},{"@type":"BreadcrumbList","@id":"https:\/\/chemgramx.com\/product\/5f-mn-18-online-kaufen\/#breadcrumb","itemListElement":[{"@type":"ListItem","position":1,"name":"Home","item":"https:\/\/chemgramx.com\/"},{"@type":"ListItem","position":2,"name":"Shop","item":"https:\/\/chemgramx.com\/shop\/"},{"@type":"ListItem","position":3,"name":"5F-MN-18 online kaufen"}]},{"@type":"WebSite","@id":"https:\/\/chemgramx.com\/#website","url":"https:\/\/chemgramx.com\/","name":"Chemgramx","description":"","publisher":{"@id":"https:\/\/chemgramx.com\/#organization"},"potentialAction":[{"@type":"SearchAction","target":{"@type":"EntryPoint","urlTemplate":"https:\/\/chemgramx.com\/?s={search_term_string}"},"query-input":{"@type":"PropertyValueSpecification","valueRequired":true,"valueName":"search_term_string"}}],"inLanguage":"pl-PL"},{"@type":"Organization","@id":"https:\/\/chemgramx.com\/#organization","name":"Chemgramx","url":"https:\/\/chemgramx.com\/","logo":{"@type":"ImageObject","inLanguage":"pl-PL","@id":"https:\/\/chemgramx.com\/#\/schema\/logo\/image\/","url":"https:\/\/chemgramx.com\/wp-content\/uploads\/2024\/10\/final-logo.png","contentUrl":"https:\/\/chemgramx.com\/wp-content\/uploads\/2024\/10\/final-logo.png","width":250,"height":48,"caption":"Chemgramx"},"image":{"@id":"https:\/\/chemgramx.com\/#\/schema\/logo\/image\/"}}]}},"_links":{"self":[{"href":"https:\/\/chemgramx.com\/pl\/wp-json\/wp\/v2\/product\/7481","targetHints":{"allow":["GET"]}}],"collection":[{"href":"https:\/\/chemgramx.com\/pl\/wp-json\/wp\/v2\/product"}],"about":[{"href":"https:\/\/chemgramx.com\/pl\/wp-json\/wp\/v2\/types\/product"}],"replies":[{"embeddable":true,"href":"https:\/\/chemgramx.com\/pl\/wp-json\/wp\/v2\/comments?post=7481"}],"wp:featuredmedia":[{"embeddable":true,"href":"https:\/\/chemgramx.com\/pl\/wp-json\/wp\/v2\/media\/7511"}],"wp:attachment":[{"href":"https:\/\/chemgramx.com\/pl\/wp-json\/wp\/v2\/media?parent=7481"}],"wp:term":[{"taxonomy":"product_brand","embeddable":true,"href":"https:\/\/chemgramx.com\/pl\/wp-json\/wp\/v2\/product_brand?post=7481"},{"taxonomy":"product_cat","embeddable":true,"href":"https:\/\/chemgramx.com\/pl\/wp-json\/wp\/v2\/product_cat?post=7481"},{"taxonomy":"product_tag","embeddable":true,"href":"https:\/\/chemgramx.com\/pl\/wp-json\/wp\/v2\/product_tag?post=7481"}],"curies":[{"name":"wp","href":"https:\/\/api.w.org\/{rel}","templated":true}]}}