{"id":7483,"date":"2025-11-21T11:17:30","date_gmt":"2025-11-21T11:17:30","guid":{"rendered":"https:\/\/chemgramx.com\/?post_type=product&#038;p=7483"},"modified":"2025-11-21T11:17:54","modified_gmt":"2025-11-21T11:17:54","slug":"kupic-ab-fubinaca-online","status":"publish","type":"product","link":"https:\/\/chemgramx.com\/pl\/product\/ab-fubinaca-online-kaufen\/","title":{"rendered":"Kup AB-FUBINACA online"},"content":{"rendered":"<p data-start=\"119\" data-end=\"666\"><strong data-start=\"119\" data-end=\"134\">AB-FUBINACA<\/strong> to zaawansowany syntetyczny kannabinoid opracowany specjalnie do u\u017cytku w badaniach naukowych. Substancja ta odgrywa wa\u017cn\u0105 rol\u0119 w badaniach nad ludzkim m\u00f3zgiem. <strong data-start=\"353\" data-end=\"380\">Uk\u0142ad endokannabinoidowy<\/strong>, zw\u0142aszcza w odniesieniu do receptor\u00f3w CB1 i CB2. Ze wzgl\u0119du na swoj\u0105 struktur\u0119 chemiczn\u0105 i silne powinowactwo wi\u0105zania, AB-FUBINACA oferuje badaczom mo\u017cliwo\u015b\u0107 uzyskania nowego wgl\u0105du w mechanizmy dzia\u0142ania i potencjalne zastosowania terapeutyczne kannabinoid\u00f3w.<\/p>\n<p data-start=\"668\" data-end=\"1068\">Instytucje badawcze, kt\u00f3re <strong data-start=\"697\" data-end=\"726\">Kup AB-FUBINACA online<\/strong>, przywi\u0105zuj\u0105 du\u017c\u0105 wag\u0119 do sprawdzonej jako\u015bci i czysto\u015bci. Jak r\u00f3wnie\u017c <em data-start=\"790\" data-end=\"825\">Prawdziwa lub fa\u0142szywa AB-FUBINACA na sprzeda\u017c<\/em> jest w obiegu, zam\u00f3wienia powinny by\u0107 sk\u0142adane wy\u0142\u0105cznie za po\u015brednictwem zaufanych dostawc\u00f3w. The <strong data-start=\"923\" data-end=\"963\">Najlepsze miejsce do zakupu AB-FUBINACA<\/strong>, oferuje sprawdzon\u0105 laboratoryjn\u0105 jako\u015b\u0107, przejrzyste certyfikaty analizy (COA) i bezpieczn\u0105, dyskretn\u0105 wysy\u0142k\u0119.<\/p>\n<h2 data-start=\"1075\" data-end=\"1100\">Co to jest AB-FUBINACA?<\/h2>\n<p data-start=\"1102\" data-end=\"1357\"><strong data-start=\"1102\" data-end=\"1117\">AB-FUBINACA<\/strong> nale\u017cy do klasy syntetycznych kannabinoid\u00f3w na bazie indazolu. Zwi\u0105zek ten zosta\u0142 pierwotnie opracowany w ramach farmakologicznych program\u00f3w badawczych w celu zbadania wp\u0142ywu kannabinoid\u00f3w na uk\u0142ad nerwowy.<\/p>\n<p data-start=\"1359\" data-end=\"1719\">Struktura chemiczna AB-FUBINACA jest zaprojektowana tak, aby tworzy\u0107 szczeg\u00f3lnie silne wi\u0105zanie z <strong data-start=\"1457\" data-end=\"1473\">Receptor CB1<\/strong> co czyni go cenn\u0105 substancj\u0105 referencyjn\u0105 dla laboratori\u00f3w. W\u0142a\u015bciwo\u015b\u0107 ta umo\u017cliwia badaczom analiz\u0119 transdukcji sygna\u0142u i mechanizm\u00f3w molekularnych zachodz\u0105cych podczas aktywacji uk\u0142adu endokannabinoidowego.<\/p>\n<p data-start=\"1721\" data-end=\"1907\">W przeciwie\u0144stwie do naturalnych kannabinoid\u00f3w, AB-FUBINACA ma wysok\u0105 stabilno\u015b\u0107 i sta\u0142\u0105 czysto\u015b\u0107 chemiczn\u0105, dzi\u0119ki czemu idealnie nadaje si\u0119 do powtarzalnych warunk\u00f3w badawczych.<\/p>\n<h2 data-start=\"1914\" data-end=\"1942\">W\u0142a\u015bciwo\u015bci chemiczne<\/h2>\n<ul data-start=\"1944\" data-end=\"2329\">\n<li data-start=\"1944\" data-end=\"2048\">\n<p data-start=\"1946\" data-end=\"2048\"><strong data-start=\"1946\" data-end=\"1966\">Nazwa chemiczna:<\/strong> N-(1-Amino-3-methyl-1-oxobutan-2-yl)-1-(4-fluorobenzyl)-1H-indazol-3-carboxamid<\/p>\n<\/li>\n<li data-start=\"2049\" data-end=\"2083\">\n<p data-start=\"2051\" data-end=\"2083\"><strong data-start=\"2051\" data-end=\"2069\">Wz\u00f3r cz\u0105steczkowy:<\/strong> C20H21FN4O2<\/p>\n<\/li>\n<li data-start=\"2084\" data-end=\"2121\">\n<p data-start=\"2086\" data-end=\"2121\"><strong data-start=\"2086\" data-end=\"2107\">Masa cz\u0105steczkowa:<\/strong> 368,4 g\/mol<\/p>\n<\/li>\n<li data-start=\"2122\" data-end=\"2176\">\n<p data-start=\"2124\" data-end=\"2176\"><strong data-start=\"2124\" data-end=\"2145\">Forma wygl\u0105du:<\/strong> Proszek o barwie od bia\u0142ej do jasno\u017c\u00f3\u0142tej<\/p>\n<\/li>\n<li data-start=\"2177\" data-end=\"2215\">\n<p data-start=\"2179\" data-end=\"2215\"><strong data-start=\"2179\" data-end=\"2192\">Czysto\u015b\u0107:<\/strong> \u226598 % (testowane metod\u0105 HPLC)<\/p>\n<\/li>\n<li data-start=\"2216\" data-end=\"2278\">\n<p data-start=\"2218\" data-end=\"2278\"><strong data-start=\"2218\" data-end=\"2234\">Rozpuszczalno\u015b\u0107:<\/strong> Wysoka rozpuszczalno\u015b\u0107 w rozpuszczalnikach organicznych<\/p>\n<\/li>\n<li data-start=\"2279\" data-end=\"2329\">\n<p data-start=\"2281\" data-end=\"2329\"><strong data-start=\"2281\" data-end=\"2294\">Przechowywanie:<\/strong> Ch\u0142odny, suchy i chroniony przed \u015bwiat\u0142em<\/p>\n<\/li>\n<\/ul>\n<p data-start=\"2331\" data-end=\"2496\">Ka\u017cda partia jest testowana w niezale\u017cnych laboratoriach i oznaczana etykiet\u0105 <strong data-start=\"2395\" data-end=\"2428\">Certyfikat analizy (COA)<\/strong> co potwierdza czysto\u015b\u0107, struktur\u0119 i st\u0119\u017cenie.<\/p>\n<h2 data-start=\"2503\" data-end=\"2529\">Zastosowania badawcze<\/h2>\n<p data-start=\"2531\" data-end=\"2751\"><strong data-start=\"2531\" data-end=\"2546\">AB-FUBINACA<\/strong> jest wykorzystywany wy\u0142\u0105cznie do cel\u00f3w badawczych i jest <strong data-start=\"2606\" data-end=\"2643\">nie do spo\u017cycia przez ludzi<\/strong> okre\u015blony. S\u0142u\u017cy jako substancja modelowa do badania interakcji kannabinoid\u00f3w na poziomie molekularnym.<\/p>\n<p data-start=\"2753\" data-end=\"2801\">G\u0142\u00f3wne obszary zastosowania w badaniach to<\/p>\n<ul data-start=\"2802\" data-end=\"3152\">\n<li data-start=\"2802\" data-end=\"2893\">\n<p data-start=\"2804\" data-end=\"2893\"><strong data-start=\"2804\" data-end=\"2834\">Analizy farmakologiczne:<\/strong> Badanie powinowactwa wi\u0105zania do receptor\u00f3w CB1\/CB2<\/p>\n<\/li>\n<li data-start=\"2894\" data-end=\"2976\">\n<p data-start=\"2896\" data-end=\"2976\"><strong data-start=\"2896\" data-end=\"2923\">Badania toksykologiczne:<\/strong> Analiza produkt\u00f3w przemiany materii i czasu dzia\u0142ania<\/p>\n<\/li>\n<li data-start=\"2977\" data-end=\"3066\">\n<p data-start=\"2979\" data-end=\"3066\"><strong data-start=\"2979\" data-end=\"3001\">Badania por\u00f3wnawcze:<\/strong> Ocena w odniesieniu do innych syntetycznych kannabinoid\u00f3w<\/p>\n<\/li>\n<li data-start=\"3067\" data-end=\"3152\">\n<p data-start=\"3069\" data-end=\"3152\"><strong data-start=\"3069\" data-end=\"3107\">Rozw\u00f3j metod wykrywania:<\/strong> Standaryzacja metod bada\u0144 analitycznych<\/p>\n<\/li>\n<\/ul>\n<p data-start=\"3154\" data-end=\"3298\">Ze wzgl\u0119du na swoj\u0105 stabilno\u015b\u0107 i czysto\u015b\u0107, AB-FUBINACA jest idealna do kontrolowanych eksperyment\u00f3w laboratoryjnych i powtarzalnych wynik\u00f3w bada\u0144.<\/p>\n<h2 data-start=\"3305\" data-end=\"3343\">Instrukcje bezpiecze\u0144stwa i u\u017cytkowania<\/h2>\n<p data-start=\"3345\" data-end=\"3601\">AB-FUBINACA mo\u017ce by\u0107 stosowana wy\u0142\u0105cznie w certyfikowanych \u015brodowiskach laboratoryjnych i przez wykwalifikowany personel. Substancja nale\u017cy do kategorii <strong data-start=\"3504\" data-end=\"3535\">\u201cnie do spo\u017cycia przez ludzi\u201d<\/strong> i jest przeznaczony wy\u0142\u0105cznie do cel\u00f3w analitycznych i eksperymentalnych.<\/p>\n<p data-start=\"3603\" data-end=\"3662\">Podczas obs\u0142ugi obowi\u0105zuj\u0105 \u015bcis\u0142e wytyczne dotycz\u0105ce bezpiecze\u0144stwa:<\/p>\n<ul data-start=\"3663\" data-end=\"3888\">\n<li data-start=\"3663\" data-end=\"3747\">\n<p data-start=\"3665\" data-end=\"3747\">Stosowanie \u015brodk\u00f3w ochrony osobistej (fartuch laboratoryjny, r\u0119kawice, okulary ochronne)<\/p>\n<\/li>\n<li data-start=\"3748\" data-end=\"3789\">\n<p data-start=\"3750\" data-end=\"3789\">Praca pod dygestorium chemicznym<\/p>\n<\/li>\n<li data-start=\"3790\" data-end=\"3842\">\n<p data-start=\"3792\" data-end=\"3842\">Przechowywa\u0107 w szczelnych pojemnikach w temperaturze 2-8 \u00b0C<\/p>\n<\/li>\n<li data-start=\"3843\" data-end=\"3888\">\n<p data-start=\"3845\" data-end=\"3888\">Dokumentacja wszystkich czynno\u015bci laboratoryjnych<\/p>\n<\/li>\n<\/ul>\n<p data-start=\"3890\" data-end=\"3992\">Wytyczne te zapewniaj\u0105 bezpiecze\u0144stwo i zapobiegaj\u0105 zanieczyszczeniu lub niestabilno\u015bci chemicznej.<\/p>\n<h2 data-start=\"3999\" data-end=\"4045\">Zalety kupowania AB-FUBINACA online<\/h2>\n<p data-start=\"4047\" data-end=\"4194\">Instytucje badawcze, kt\u00f3re <strong data-start=\"4076\" data-end=\"4105\">Kup AB-FUBINACA online<\/strong>, Korzystaj ze sprawdzonej jako\u015bci, uczciwych cen i niezawodnej wysy\u0142ki.<\/p>\n<h3 data-start=\"4196\" data-end=\"4226\">Najwa\u017cniejsze zalety<\/h3>\n<ul data-start=\"4227\" data-end=\"4585\">\n<li data-start=\"4227\" data-end=\"4301\">\n<p data-start=\"4229\" data-end=\"4301\"><strong data-start=\"4229\" data-end=\"4259\">Syntetyczny kannabinoid:<\/strong> Opracowany do precyzyjnych cel\u00f3w badawczych<\/p>\n<\/li>\n<li data-start=\"4302\" data-end=\"4363\">\n<p data-start=\"4304\" data-end=\"4363\"><strong data-start=\"4304\" data-end=\"4331\">Sprawdzona laboratoryjnie jako\u015b\u0107:<\/strong> Czysto\u015b\u0107 \u226598 %, dost\u0119pne COA<\/p>\n<\/li>\n<li data-start=\"4364\" data-end=\"4441\">\n<p data-start=\"4366\" data-end=\"4441\"><strong data-start=\"4366\" data-end=\"4391\">AB-FUBINACA na sprzeda\u017c:<\/strong> Dost\u0119pne dla zarejestrowanych laboratori\u00f3w i instytut\u00f3w<\/p>\n<\/li>\n<li data-start=\"4442\" data-end=\"4513\">\n<p data-start=\"4444\" data-end=\"4513\"><strong data-start=\"4444\" data-end=\"4468\">Przejrzysta cena:<\/strong> Wyczy\u015b\u0107 <a href=\"\/product\/columbia-kokainblocke\/\">Struktura koszt\u00f3w<\/a> dla bud\u017cet\u00f3w badawczych<\/p>\n<\/li>\n<li data-start=\"4514\" data-end=\"4585\">\n<p data-start=\"4516\" data-end=\"4585\"><strong data-start=\"4516\" data-end=\"4537\">Bezpieczna wysy\u0142ka:<\/strong> Neutralnie zapakowane, dyskretne i identyfikowalne<\/p>\n<\/li>\n<\/ul>\n<p data-start=\"4587\" data-end=\"4728\">The <strong data-start=\"4591\" data-end=\"4631\">Najlepsze miejsce do zakupu AB-FUBINACA<\/strong>, oferuje laboratoryjn\u0105 jako\u015b\u0107 z weryfikacj\u0105, mi\u0119dzynarodow\u0105 dostaw\u0119 i przejrzyste ceny.<\/p>\n<h2 data-start=\"4735\" data-end=\"4763\">Cena i dost\u0119pno\u015b\u0107<\/h2>\n<p data-start=\"4765\" data-end=\"5006\">The <strong data-start=\"4769\" data-end=\"4790\">Cena AB-FUBINACA<\/strong> zale\u017cy od ilo\u015bci, czysto\u015bci i dostawcy. Instytucje badawcze mog\u0105 <strong data-start=\"4865\" data-end=\"4902\">AB-<a href=\"\/product\/reines-unverschnittenes-kokain\/\">FUBINACA<\/a> kupuj tanio online<\/strong>, przy sk\u0142adaniu du\u017cych zam\u00f3wie\u0144 lub zawieraniu um\u00f3w ramowych z certyfikowanymi dostawcami.<\/p>\n<p data-start=\"5008\" data-end=\"5234\">Wi\u0119kszo\u015b\u0107 dostawc\u00f3w realizuje dostawy w ramach <strong data-start=\"5051\" data-end=\"5068\">1-3 dni robocze<\/strong>, w razie potrzeby r\u00f3wnie\u017c przez <strong data-start=\"5090\" data-end=\"5114\">Dostawa ekspresowa (24h)<\/strong>. Dostawa do Niemiec, Austrii i Szwajcarii jest mo\u017cliwa bez \u017cadnych problem\u00f3w - zawsze anonimowo i bezpiecznie zapakowana.<\/p>\n<h2 data-start=\"5241\" data-end=\"5265\">Informacja prawna<\/h2>\n<p data-start=\"5267\" data-end=\"5541\">Kategoryzacja prawna <strong data-start=\"5297\" data-end=\"5312\">AB-FUBINACA<\/strong> r\u00f3\u017cni si\u0119 w zale\u017cno\u015bci od kraju. W Niemczech podlega ona pod <strong data-start=\"5384\" data-end=\"5426\">Ustawa o nowych substancjach psychoaktywnych (NpSG)<\/strong> i dlatego jest dozwolony tylko do cel\u00f3w badawczych. Podobne przepisy obowi\u0105zuj\u0105 w Austrii i Szwajcarii.<\/p>\n<p data-start=\"5543\" data-end=\"5668\">Kupuj\u0105cy s\u0105 zobowi\u0105zani do sprawdzenia przed zakupem, czy zam\u00f3wienie jest prawnie dozwolone do cel\u00f3w badawczych w ich kraju.<\/p>\n<h3 data-start=\"2248\" data-end=\"2258\">Wnioski<\/h3>\n<p data-start=\"2260\" data-end=\"2672\">Je\u015bli chcesz kupi\u0107 AB-FUBINACA online, dok\u0142adnie sprawd\u017a, gdzie go kupi\u0107 i por\u00f3wnaj ceny u renomowanych dostawc\u00f3w. Tylko do\u015bwiadczony sprzedawca, kt\u00f3ry oferuje potwierdzon\u0105 jako\u015b\u0107, jest najlepszym miejscem na zakup AB-FUBINACA. W ten spos\u00f3b mo\u017cesz zagwarantowa\u0107 sobie wysokiej jako\u015bci produkty do swoich bada\u0144 \u2013 niezale\u017cnie od tego, czy chcesz kupi\u0107 AB-FUBINACA tanio online, czy zam\u00f3wi\u0107 wi\u0119ksze ilo\u015bci do laboratori\u00f3w.<\/p>","protected":false},"excerpt":{"rendered":"<p><strong>ADB-Chminaca<\/strong> to syntetyczny kannabinoid wykorzystywany w badaniach naukowych w celu zrozumienia interakcji z receptorami kannabinoidowymi w organizmie cz\u0142owieka. Jest on oferowany wy\u0142\u0105cznie do cel\u00f3w badawczych i nie nadaje si\u0119 do spo\u017cycia przez ludzi. U\u017cyj go do bada\u0144 nad dzia\u0142aniem kannabinoid\u00f3w.<\/p>","protected":false},"featured_media":7513,"comment_status":"open","ping_status":"closed","template":"","meta":{"_joinchat":[]},"product_brand":[],"product_cat":[1805],"product_tag":[2002,2008,2003,2006,2007,2005,2004,188,1814,333],"class_list":{"0":"post-7483","1":"product","2":"type-product","3":"status-publish","4":"has-post-thumbnail","6":"product_cat-indazol-basiert","7":"product_tag-ab-fubinaca","8":"product_tag-ab-fubinaca-chemikalien","9":"product_tag-ab-fubinaca-kaufen","10":"product_tag-ab-fubinaca-kristalle","11":"product_tag-ab-fubinaca-online","12":"product_tag-ab-fubinaca-pulver","13":"product_tag-ab-fubinaca-zum-verkauf","14":"product_tag-forschungschemikalien","15":"product_tag-forschungsstoffe-kaufen","16":"product_tag-synthetische-cannabinoide","18":"first","19":"instock","20":"shipping-taxable","21":"purchasable","22":"product-type-variable"},"yoast_head":"<!-- This site is optimized with the Yoast SEO plugin v27.5 - https:\/\/yoast.com\/product\/yoast-seo-wordpress\/ -->\n<title>AB-FUBINACA online Kaufen \u2013 AB-FUBINACA zu verkaufen<\/title>\n<meta name=\"description\" content=\"Wenn Sie Ab-Fubinaca online kaufen m\u00f6chten, kann Ihnen unser Chemgramx-Shop helfen. Wir haben hier Ab-Fubinaca zu den besten Preisen im Angebot. Bestellen Sie jetzt!\" \/>\n<meta name=\"robots\" content=\"index, follow, max-snippet:-1, max-image-preview:large, max-video-preview:-1\" \/>\n<link rel=\"canonical\" href=\"https:\/\/chemgramx.com\/pl\/produkt-1\/kupic-ab-fubinaca-online\/\" \/>\n<meta property=\"og:locale\" content=\"pl_PL\" \/>\n<meta property=\"og:type\" content=\"article\" \/>\n<meta property=\"og:title\" content=\"AB-FUBINACA online Kaufen \u2013 AB-FUBINACA zu verkaufen\" \/>\n<meta property=\"og:description\" content=\"Wenn Sie Ab-Fubinaca online kaufen m\u00f6chten, kann Ihnen unser Chemgramx-Shop helfen. Wir haben hier Ab-Fubinaca zu den besten Preisen im Angebot. Bestellen Sie jetzt!\" \/>\n<meta property=\"og:url\" content=\"https:\/\/chemgramx.com\/pl\/produkt-1\/kupic-ab-fubinaca-online\/\" \/>\n<meta property=\"og:site_name\" content=\"Chemgramx\" \/>\n<meta property=\"article:modified_time\" content=\"2025-11-21T11:17:54+00:00\" \/>\n<meta property=\"og:image\" content=\"https:\/\/chemgramx.com\/wp-content\/uploads\/2025\/11\/ab-1.png\" \/>\n\t<meta property=\"og:image:width\" content=\"600\" \/>\n\t<meta property=\"og:image:height\" content=\"400\" \/>\n\t<meta property=\"og:image:type\" content=\"image\/png\" \/>\n<meta name=\"twitter:card\" content=\"summary_large_image\" \/>\n<meta name=\"twitter:label1\" content=\"Szacowany czas czytania\" \/>\n\t<meta name=\"twitter:data1\" content=\"4 minuty\" \/>\n<script type=\"application\/ld+json\" class=\"yoast-schema-graph\">{\"@context\":\"https:\\\/\\\/schema.org\",\"@graph\":[{\"@type\":\"WebPage\",\"@id\":\"https:\\\/\\\/chemgramx.com\\\/product\\\/ab-fubinaca-online-kaufen\\\/\",\"url\":\"https:\\\/\\\/chemgramx.com\\\/product\\\/ab-fubinaca-online-kaufen\\\/\",\"name\":\"AB-FUBINACA online Kaufen \u2013 AB-FUBINACA zu verkaufen\",\"isPartOf\":{\"@id\":\"https:\\\/\\\/chemgramx.com\\\/#website\"},\"primaryImageOfPage\":{\"@id\":\"https:\\\/\\\/chemgramx.com\\\/product\\\/ab-fubinaca-online-kaufen\\\/#primaryimage\"},\"image\":{\"@id\":\"https:\\\/\\\/chemgramx.com\\\/product\\\/ab-fubinaca-online-kaufen\\\/#primaryimage\"},\"thumbnailUrl\":\"https:\\\/\\\/chemgramx.com\\\/wp-content\\\/uploads\\\/2025\\\/11\\\/ab-1.png\",\"datePublished\":\"2025-11-21T11:17:30+00:00\",\"dateModified\":\"2025-11-21T11:17:54+00:00\",\"description\":\"Wenn Sie Ab-Fubinaca online kaufen m\u00f6chten, kann Ihnen unser Chemgramx-Shop helfen. Wir haben hier Ab-Fubinaca zu den besten Preisen im Angebot. Bestellen Sie jetzt!\",\"breadcrumb\":{\"@id\":\"https:\\\/\\\/chemgramx.com\\\/product\\\/ab-fubinaca-online-kaufen\\\/#breadcrumb\"},\"inLanguage\":\"pl-PL\",\"potentialAction\":[{\"@type\":\"ReadAction\",\"target\":[\"https:\\\/\\\/chemgramx.com\\\/product\\\/ab-fubinaca-online-kaufen\\\/\"]}]},{\"@type\":\"ImageObject\",\"inLanguage\":\"pl-PL\",\"@id\":\"https:\\\/\\\/chemgramx.com\\\/product\\\/ab-fubinaca-online-kaufen\\\/#primaryimage\",\"url\":\"https:\\\/\\\/chemgramx.com\\\/wp-content\\\/uploads\\\/2025\\\/11\\\/ab-1.png\",\"contentUrl\":\"https:\\\/\\\/chemgramx.com\\\/wp-content\\\/uploads\\\/2025\\\/11\\\/ab-1.png\",\"width\":600,\"height\":400},{\"@type\":\"BreadcrumbList\",\"@id\":\"https:\\\/\\\/chemgramx.com\\\/product\\\/ab-fubinaca-online-kaufen\\\/#breadcrumb\",\"itemListElement\":[{\"@type\":\"ListItem\",\"position\":1,\"name\":\"Home\",\"item\":\"https:\\\/\\\/chemgramx.com\\\/\"},{\"@type\":\"ListItem\",\"position\":2,\"name\":\"Shop\",\"item\":\"https:\\\/\\\/chemgramx.com\\\/shop\\\/\"},{\"@type\":\"ListItem\",\"position\":3,\"name\":\"AB-FUBINACA online kaufen\"}]},{\"@type\":\"WebSite\",\"@id\":\"https:\\\/\\\/chemgramx.com\\\/#website\",\"url\":\"https:\\\/\\\/chemgramx.com\\\/\",\"name\":\"Chemgramx\",\"description\":\"\",\"publisher\":{\"@id\":\"https:\\\/\\\/chemgramx.com\\\/#organization\"},\"potentialAction\":[{\"@type\":\"SearchAction\",\"target\":{\"@type\":\"EntryPoint\",\"urlTemplate\":\"https:\\\/\\\/chemgramx.com\\\/?s={search_term_string}\"},\"query-input\":{\"@type\":\"PropertyValueSpecification\",\"valueRequired\":true,\"valueName\":\"search_term_string\"}}],\"inLanguage\":\"pl-PL\"},{\"@type\":\"Organization\",\"@id\":\"https:\\\/\\\/chemgramx.com\\\/#organization\",\"name\":\"Chemgramx\",\"url\":\"https:\\\/\\\/chemgramx.com\\\/\",\"logo\":{\"@type\":\"ImageObject\",\"inLanguage\":\"pl-PL\",\"@id\":\"https:\\\/\\\/chemgramx.com\\\/#\\\/schema\\\/logo\\\/image\\\/\",\"url\":\"https:\\\/\\\/chemgramx.com\\\/wp-content\\\/uploads\\\/2024\\\/10\\\/final-logo.png\",\"contentUrl\":\"https:\\\/\\\/chemgramx.com\\\/wp-content\\\/uploads\\\/2024\\\/10\\\/final-logo.png\",\"width\":250,\"height\":48,\"caption\":\"Chemgramx\"},\"image\":{\"@id\":\"https:\\\/\\\/chemgramx.com\\\/#\\\/schema\\\/logo\\\/image\\\/\"}}]}<\/script>\n<!-- \/ Yoast SEO plugin. -->","yoast_head_json":{"title":"Kup AB-FUBINACA online \u2013 AB-FUBINACA na sprzeda\u017c","description":"Je\u015bli chcesz kupi\u0107 Ab-Fubinaca online, nasz sklep Chemgramx s\u0142u\u017cy pomoc\u0105. Oferujemy Ab-Fubinaca w najlepszych cenach. Zam\u00f3w ju\u017c teraz!","robots":{"index":"index","follow":"follow","max-snippet":"max-snippet:-1","max-image-preview":"max-image-preview:large","max-video-preview":"max-video-preview:-1"},"canonical":"https:\/\/chemgramx.com\/pl\/produkt-1\/kupic-ab-fubinaca-online\/","og_locale":"pl_PL","og_type":"article","og_title":"AB-FUBINACA online Kaufen \u2013 AB-FUBINACA zu verkaufen","og_description":"Wenn Sie Ab-Fubinaca online kaufen m\u00f6chten, kann Ihnen unser Chemgramx-Shop helfen. Wir haben hier Ab-Fubinaca zu den besten Preisen im Angebot. Bestellen Sie jetzt!","og_url":"https:\/\/chemgramx.com\/pl\/produkt-1\/kupic-ab-fubinaca-online\/","og_site_name":"Chemgramx","article_modified_time":"2025-11-21T11:17:54+00:00","og_image":[{"width":600,"height":400,"url":"https:\/\/chemgramx.com\/wp-content\/uploads\/2025\/11\/ab-1.png","type":"image\/png"}],"twitter_card":"summary_large_image","twitter_misc":{"Szacowany czas czytania":"4 minuty"},"schema":{"@context":"https:\/\/schema.org","@graph":[{"@type":"WebPage","@id":"https:\/\/chemgramx.com\/product\/ab-fubinaca-online-kaufen\/","url":"https:\/\/chemgramx.com\/product\/ab-fubinaca-online-kaufen\/","name":"Kup AB-FUBINACA online \u2013 AB-FUBINACA na sprzeda\u017c","isPartOf":{"@id":"https:\/\/chemgramx.com\/#website"},"primaryImageOfPage":{"@id":"https:\/\/chemgramx.com\/product\/ab-fubinaca-online-kaufen\/#primaryimage"},"image":{"@id":"https:\/\/chemgramx.com\/product\/ab-fubinaca-online-kaufen\/#primaryimage"},"thumbnailUrl":"https:\/\/chemgramx.com\/wp-content\/uploads\/2025\/11\/ab-1.png","datePublished":"2025-11-21T11:17:30+00:00","dateModified":"2025-11-21T11:17:54+00:00","description":"Je\u015bli chcesz kupi\u0107 Ab-Fubinaca online, nasz sklep Chemgramx s\u0142u\u017cy pomoc\u0105. Oferujemy Ab-Fubinaca w najlepszych cenach. Zam\u00f3w ju\u017c teraz!","breadcrumb":{"@id":"https:\/\/chemgramx.com\/product\/ab-fubinaca-online-kaufen\/#breadcrumb"},"inLanguage":"pl-PL","potentialAction":[{"@type":"ReadAction","target":["https:\/\/chemgramx.com\/product\/ab-fubinaca-online-kaufen\/"]}]},{"@type":"ImageObject","inLanguage":"pl-PL","@id":"https:\/\/chemgramx.com\/product\/ab-fubinaca-online-kaufen\/#primaryimage","url":"https:\/\/chemgramx.com\/wp-content\/uploads\/2025\/11\/ab-1.png","contentUrl":"https:\/\/chemgramx.com\/wp-content\/uploads\/2025\/11\/ab-1.png","width":600,"height":400},{"@type":"BreadcrumbList","@id":"https:\/\/chemgramx.com\/product\/ab-fubinaca-online-kaufen\/#breadcrumb","itemListElement":[{"@type":"ListItem","position":1,"name":"Home","item":"https:\/\/chemgramx.com\/"},{"@type":"ListItem","position":2,"name":"Shop","item":"https:\/\/chemgramx.com\/shop\/"},{"@type":"ListItem","position":3,"name":"AB-FUBINACA online kaufen"}]},{"@type":"WebSite","@id":"https:\/\/chemgramx.com\/#website","url":"https:\/\/chemgramx.com\/","name":"Chemgramx","description":"","publisher":{"@id":"https:\/\/chemgramx.com\/#organization"},"potentialAction":[{"@type":"SearchAction","target":{"@type":"EntryPoint","urlTemplate":"https:\/\/chemgramx.com\/?s={search_term_string}"},"query-input":{"@type":"PropertyValueSpecification","valueRequired":true,"valueName":"search_term_string"}}],"inLanguage":"pl-PL"},{"@type":"Organization","@id":"https:\/\/chemgramx.com\/#organization","name":"Chemgramx","url":"https:\/\/chemgramx.com\/","logo":{"@type":"ImageObject","inLanguage":"pl-PL","@id":"https:\/\/chemgramx.com\/#\/schema\/logo\/image\/","url":"https:\/\/chemgramx.com\/wp-content\/uploads\/2024\/10\/final-logo.png","contentUrl":"https:\/\/chemgramx.com\/wp-content\/uploads\/2024\/10\/final-logo.png","width":250,"height":48,"caption":"Chemgramx"},"image":{"@id":"https:\/\/chemgramx.com\/#\/schema\/logo\/image\/"}}]}},"_links":{"self":[{"href":"https:\/\/chemgramx.com\/pl\/wp-json\/wp\/v2\/product\/7483","targetHints":{"allow":["GET"]}}],"collection":[{"href":"https:\/\/chemgramx.com\/pl\/wp-json\/wp\/v2\/product"}],"about":[{"href":"https:\/\/chemgramx.com\/pl\/wp-json\/wp\/v2\/types\/product"}],"replies":[{"embeddable":true,"href":"https:\/\/chemgramx.com\/pl\/wp-json\/wp\/v2\/comments?post=7483"}],"wp:featuredmedia":[{"embeddable":true,"href":"https:\/\/chemgramx.com\/pl\/wp-json\/wp\/v2\/media\/7513"}],"wp:attachment":[{"href":"https:\/\/chemgramx.com\/pl\/wp-json\/wp\/v2\/media?parent=7483"}],"wp:term":[{"taxonomy":"product_brand","embeddable":true,"href":"https:\/\/chemgramx.com\/pl\/wp-json\/wp\/v2\/product_brand?post=7483"},{"taxonomy":"product_cat","embeddable":true,"href":"https:\/\/chemgramx.com\/pl\/wp-json\/wp\/v2\/product_cat?post=7483"},{"taxonomy":"product_tag","embeddable":true,"href":"https:\/\/chemgramx.com\/pl\/wp-json\/wp\/v2\/product_tag?post=7483"}],"curies":[{"name":"wp","href":"https:\/\/api.w.org\/{rel}","templated":true}]}}