{"id":7484,"date":"2025-11-21T11:17:30","date_gmt":"2025-11-21T11:17:30","guid":{"rendered":"https:\/\/chemgramx.com\/?post_type=product&#038;p=7484"},"modified":"2025-11-21T11:18:24","modified_gmt":"2025-11-21T11:18:24","slug":"bb-22-zamowienie-online","status":"publish","type":"product","link":"https:\/\/chemgramx.com\/pl\/product\/bb-22-online-bestellung\/","title":{"rendered":"BB-22 - zam\u00f3wienie online"},"content":{"rendered":"<p data-start=\"113\" data-end=\"495\"><strong data-start=\"113\" data-end=\"122\">BB-22<\/strong> to zaawansowany syntetyczny kannabinoid stosowany w nowoczesnych badaniach farmakologicznych do badania interakcji mi\u0119dzy kannabinoidami a ludzkimi receptorami kannabinoidowymi CB1 i CB2. Nale\u017cy do nowszej generacji chemikali\u00f3w badawczych opracowanych do precyzyjnych analiz laboratoryjnych i bada\u0144 eksperymentalnych.<\/p>\n<p data-start=\"497\" data-end=\"973\">Coraz wi\u0119cej instytucji badawczych i laboratori\u00f3w poszukuje wiarygodnych \u017ar\u00f3de\u0142, aby <strong data-start=\"581\" data-end=\"604\">Kup BB-22 online<\/strong> by\u0107 w stanie. Jak r\u00f3wnie\u017c <em data-start=\"624\" data-end=\"653\">Prawdziwy lub fa\u0142szywy BB-22 na sprzeda\u017c<\/em> mo\u017ce by\u0107 w obiegu, wyb\u00f3r przetestowanego i certyfikowanego \u017ar\u00f3d\u0142a ma kluczowe znaczenie dla zapewnienia autentyczno\u015bci i czysto\u015bci. <a href=\"\/product\/kaufen-sie-kokain-online\/\">zapewni\u0107<\/a>. Naukowcy, kt\u00f3rzy zadaj\u0105 sobie pytanie, <em data-start=\"825\" data-end=\"845\">Gdzie kupi\u0107 BB-22<\/em>, zwr\u00f3ci\u0107 uwag\u0119 na <strong data-start=\"864\" data-end=\"879\">Cena BB-22<\/strong> w szczeg\u00f3lno\u015bci na przejrzystych raportach laboratoryjnych, certyfikatach COA i wiarygodnych warunkach dostawy.<\/p>\n<h2 data-start=\"980\" data-end=\"999\">Czym jest BB-22?<\/h2>\n<p data-start=\"1001\" data-end=\"1316\"><strong data-start=\"1001\" data-end=\"1010\">BB-22<\/strong> (nazwa chemiczna: chinolin-8-ylo 1-(cykloheksylometylo)-1H-indolo-3-karboksylan) to syntetyczny kannabinoid, kt\u00f3ry dzia\u0142a jako agonista receptor\u00f3w kannabinoidowych. Receptory te odgrywaj\u0105 wa\u017cn\u0105 rol\u0119 w procesach fizjologicznych, takich jak odczuwanie b\u00f3lu, nastr\u00f3j, apetyt i reakcje zapalne.<\/p>\n<p data-start=\"1318\" data-end=\"1671\">Ze wzgl\u0119du na swoj\u0105 struktur\u0119 molekularn\u0105, BB-22 wi\u0105\u017ce si\u0119 z wysokim powinowactwem do receptor\u00f3w CB1 i CB2, co czyni go cennym narz\u0119dziem w badaniach biochemicznych. Jest on wykorzystywany do zrozumienia mechanizm\u00f3w aktywacji receptor\u00f3w, uzyskania nowych spostrze\u017ce\u0144 farmakologicznych i zbadania potencjalnych zastosowa\u0144 terapeutycznych.<\/p>\n<p data-start=\"1673\" data-end=\"1943\">W por\u00f3wnaniu do starszych kannabinoid\u00f3w, takich jak AM-2201 lub JWH-018 <strong data-start=\"1743\" data-end=\"1752\">BB-22<\/strong> bardziej stabiln\u0105 struktur\u0119, lepsze wi\u0105zanie z receptorami i jasno okre\u015blone w\u0142a\u015bciwo\u015bci farmakologiczne - jeden z powod\u00f3w, dla kt\u00f3rych jest coraz cz\u0119\u015bciej stosowany jako <strong data-start=\"1890\" data-end=\"1910\">Standard odniesienia<\/strong> jest stosowany w analizach laboratoryjnych.<\/p>\n<h2 data-start=\"1950\" data-end=\"1976\">Zastosowania badawcze<\/h2>\n<p data-start=\"1978\" data-end=\"2221\">Substancja <strong data-start=\"1991\" data-end=\"2000\">BB-22<\/strong> jest przeznaczony wy\u0142\u0105cznie do cel\u00f3w naukowych i nie mo\u017ce by\u0107 <strong data-start=\"2067\" data-end=\"2087\">nie <a href=\"\/product\/peruanisches-kokain-sicher-online-kaufen\/\">zu\u017cyty<\/a><\/strong> by\u0107 u\u017cywany. Jest on stosowany w kontrolowanych warunkach laboratoryjnych do badania proces\u00f3w molekularnych w uk\u0142adzie endokannabinoidowym.<\/p>\n<p data-start=\"2223\" data-end=\"2273\">Najcz\u0119stsze zastosowania badawcze obejmuj\u0105<\/p>\n<ul data-start=\"2274\" data-end=\"2628\">\n<li data-start=\"2274\" data-end=\"2350\">\n<p data-start=\"2276\" data-end=\"2350\"><strong data-start=\"2276\" data-end=\"2305\">Badania farmakologiczne:<\/strong> Analiza aktywno\u015bci receptor\u00f3w CB1 i CB2<\/p>\n<\/li>\n<li data-start=\"2351\" data-end=\"2442\">\n<p data-start=\"2353\" data-end=\"2442\"><strong data-start=\"2353\" data-end=\"2387\">Testy toksykologiczne:<\/strong> Ocena mo\u017cliwych skutk\u00f3w ubocznych i produkt\u00f3w degradacji<\/p>\n<\/li>\n<li data-start=\"2443\" data-end=\"2527\">\n<p data-start=\"2445\" data-end=\"2527\"><strong data-start=\"2445\" data-end=\"2467\">Badania por\u00f3wnawcze:<\/strong> Por\u00f3wnanie z innymi syntetycznymi kannabinoidami<\/p>\n<\/li>\n<li data-start=\"2528\" data-end=\"2628\">\n<p data-start=\"2530\" data-end=\"2628\"><strong data-start=\"2530\" data-end=\"2567\">Rozw\u00f3j metod wykrywania:<\/strong> Opracowanie standard\u00f3w analitycznych dla test\u00f3w laboratoryjnych i kryminalistycznych<\/p>\n<\/li>\n<\/ul>\n<p data-start=\"2630\" data-end=\"2806\">Dzi\u0119ki tym metodom badawczym BB-22 przyczynia si\u0119 do uzyskania nowego wgl\u0105du w interakcje kannabinoid\u00f3w i lepszego zrozumienia potencjalnych zastosowa\u0144 medycznych.<\/p>\n<h2 data-start=\"2813\" data-end=\"2854\">Instrukcje dotycz\u0105ce bezpiecze\u0144stwa i obs\u0142ugi<\/h2>\n<p data-start=\"2856\" data-end=\"3070\"><strong data-start=\"2856\" data-end=\"2865\">BB-22<\/strong> mo\u017ce by\u0107 u\u017cywany wy\u0142\u0105cznie w autoryzowanych \u015brodowiskach laboratoryjnych i przez przeszkolony personel. Jest to <strong data-start=\"2966\" data-end=\"2995\">nie do spo\u017cycia przez ludzi<\/strong> i przeznaczone wy\u0142\u0105cznie do cel\u00f3w analitycznych i eksperymentalnych.<\/p>\n<p data-start=\"3072\" data-end=\"3168\">Podczas pracy z BB-22 obowi\u0105zuj\u0105 og\u00f3lne normy bezpiecze\u0144stwa dotycz\u0105ce bada\u0144 chemicznych:<\/p>\n<ul data-start=\"3169\" data-end=\"3384\">\n<li data-start=\"3169\" data-end=\"3229\">\n<p data-start=\"3171\" data-end=\"3229\">U\u017cywanie fartucha laboratoryjnego, r\u0119kawic i okular\u00f3w ochronnych<\/p>\n<\/li>\n<li data-start=\"3230\" data-end=\"3271\">\n<p data-start=\"3232\" data-end=\"3271\">Praca pod dygestorium chemicznym<\/p>\n<\/li>\n<li data-start=\"3272\" data-end=\"3319\">\n<p data-start=\"3274\" data-end=\"3319\">Dokumentacja wykorzystania w protokole laboratoryjnym<\/p>\n<\/li>\n<li data-start=\"3320\" data-end=\"3384\">\n<p data-start=\"3322\" data-end=\"3384\">Przechowywa\u0107 w ch\u0142odnych, suchych i chronionych przed \u015bwiat\u0142em pojemnikach<\/p>\n<\/li>\n<\/ul>\n<p data-start=\"3386\" data-end=\"3500\">Wytyczne te zapewniaj\u0105 bezpiecze\u0144stwo pracownik\u00f3w i wiarygodno\u015b\u0107 wynik\u00f3w bada\u0144.<\/p>\n<h2 data-start=\"3507\" data-end=\"3529\">Profil chemiczny<\/h2>\n<ul data-start=\"3531\" data-end=\"3848\">\n<li data-start=\"3531\" data-end=\"3618\">\n<p data-start=\"3533\" data-end=\"3618\"><strong data-start=\"3533\" data-end=\"3559\">Nazwa chemiczna:<\/strong> 1-(cykloheksylometylo)-1H-indolo-3-karboksylan chinoliny-8-ylu<\/p>\n<\/li>\n<li data-start=\"3619\" data-end=\"3652\">\n<p data-start=\"3621\" data-end=\"3652\"><strong data-start=\"3621\" data-end=\"3639\">Wz\u00f3r cz\u0105steczkowy:<\/strong> C25H24N2O2<\/p>\n<\/li>\n<li data-start=\"3653\" data-end=\"3690\">\n<p data-start=\"3655\" data-end=\"3690\"><strong data-start=\"3655\" data-end=\"3676\">Masa cz\u0105steczkowa:<\/strong> 384,5 g\/mol<\/p>\n<\/li>\n<li data-start=\"3691\" data-end=\"3740\">\n<p data-start=\"3693\" data-end=\"3740\"><strong data-start=\"3693\" data-end=\"3702\">Forma:<\/strong> Drobny proszek o barwie od bia\u0142ej do jasnobe\u017cowej<\/p>\n<\/li>\n<li data-start=\"3741\" data-end=\"3779\">\n<p data-start=\"3743\" data-end=\"3779\"><strong data-start=\"3743\" data-end=\"3756\">Czysto\u015b\u0107:<\/strong> \u226598 % (testowane metod\u0105 HPLC)<\/p>\n<\/li>\n<li data-start=\"3780\" data-end=\"3848\">\n<p data-start=\"3782\" data-end=\"3848\"><strong data-start=\"3782\" data-end=\"3797\">Stabilno\u015b\u0107:<\/strong> Stabilny podczas przechowywania w temperaturze pokojowej pod os\u0142on\u0105 \u015bwiat\u0142a<\/p>\n<\/li>\n<\/ul>\n<p data-start=\"3850\" data-end=\"4149\">Ka\u017cda partia <strong data-start=\"3866\" data-end=\"3884\">BB-22 na sprzeda\u017c<\/strong> jest testowany przez niezale\u017cne laboratorium w celu zapewnienia czysto\u015bci, struktury i sp\u00f3jno\u015bci chemicznej. Powi\u0105zane <strong data-start=\"4007\" data-end=\"4051\">Certyfikat COA (certyfikat analizy)<\/strong> gwarantuje jako\u015b\u0107 laboratoryjn\u0105 i potwierdza, \u017ce substancja spe\u0142nia wszystkie normy badawcze.<\/p>\n<h2 data-start=\"4156\" data-end=\"4196\">Zalety zakupu BB-22 online<\/h2>\n<p data-start=\"4198\" data-end=\"4325\">Naukowcy, kt\u00f3rzy <strong data-start=\"4212\" data-end=\"4235\">Kup BB-22 online<\/strong>, Korzystaj ze sprawdzonej jako\u015bci laboratoryjnej, dyskretnej wysy\u0142ki i uczciwych cen.<\/p>\n<h3 data-start=\"4327\" data-end=\"4350\">G\u0142\u00f3wne zalety<\/h3>\n<ul data-start=\"4351\" data-end=\"4774\">\n<li data-start=\"4351\" data-end=\"4431\">\n<p data-start=\"4353\" data-end=\"4431\"><strong data-start=\"4353\" data-end=\"4375\">Sprawdzona jako\u015b\u0107:<\/strong> Ka\u017cda partia jest testowana analitycznie i certyfikowana<\/p>\n<\/li>\n<li data-start=\"4432\" data-end=\"4528\">\n<p data-start=\"4434\" data-end=\"4528\"><strong data-start=\"4434\" data-end=\"4467\">Przejrzyste ceny:<\/strong> The <strong data-start=\"4472\" data-end=\"4487\">Cena BB-22<\/strong> jest jasno okre\u015blony i zrozumia\u0142y<\/p>\n<\/li>\n<li data-start=\"4529\" data-end=\"4627\">\n<p data-start=\"4531\" data-end=\"4627\"><strong data-start=\"4531\" data-end=\"4554\">Opcje zbiorcze:<\/strong> Mo\u017cliwo\u015b\u0107, <strong data-start=\"4568\" data-end=\"4602\">Kup BB-22 tanio online<\/strong> dla projekt\u00f3w badawczych<\/p>\n<\/li>\n<li data-start=\"4628\" data-end=\"4697\">\n<p data-start=\"4630\" data-end=\"4697\"><strong data-start=\"4630\" data-end=\"4652\">Dyskretna wysy\u0142ka:<\/strong> Neutralne opakowanie i szybka dostawa<\/p>\n<\/li>\n<li data-start=\"4698\" data-end=\"4774\">\n<p data-start=\"4700\" data-end=\"4774\"><strong data-start=\"4700\" data-end=\"4727\">Certyfikowane pochodzenie:<\/strong> Tylko zweryfikowane i udokumentowane \u017ar\u00f3d\u0142a dostaw<\/p>\n<\/li>\n<\/ul>\n<p data-start=\"4776\" data-end=\"4921\">The <strong data-start=\"4780\" data-end=\"4814\">Najlepsze miejsce do zakupu BB-22<\/strong>, jest zatem zawsze dystrybutorem o weryfikowalnej jako\u015bci laboratoryjnej i niezawodno\u015bci wysy\u0142ki mi\u0119dzynarodowej.<\/p>\n<h2 data-start=\"4928\" data-end=\"4956\">Cena i dost\u0119pno\u015b\u0107<\/h2>\n<p data-start=\"4958\" data-end=\"5145\">The <strong data-start=\"4962\" data-end=\"4977\">Cena BB-22<\/strong> zale\u017cy od ilo\u015bci, regionu dostaw i poziomu certyfikacji. Instytucje badawcze o regularnych wymaganiach cz\u0119sto mog\u0105 skorzysta\u0107 z <strong data-start=\"5103\" data-end=\"5130\">Zni\u017cki dla du\u017cych ilo\u015bci<\/strong> korzy\u015bci.<\/p>\n<p data-start=\"5147\" data-end=\"5382\">Z regu\u0142y dostawa odbywa si\u0119 w ci\u0105gu <strong data-start=\"5196\" data-end=\"5213\">1-3 dni robocze<\/strong>, opcjonalnie r\u00f3wnie\u017c za po\u015brednictwem <strong data-start=\"5233\" data-end=\"5257\">Dostawa ekspresowa (24h)<\/strong>. Renomowani dostawcy dostarczaj\u0105 przesy\u0142ki do Niemiec, Austrii i Szwajcarii ze \u015bledzeniem przesy\u0142ki i neutralnym opakowaniem.<\/p>\n<h2 data-start=\"5389\" data-end=\"5413\">Informacja prawna<\/h2>\n<p data-start=\"5415\" data-end=\"5697\">Kategoryzacja prawna <strong data-start=\"5445\" data-end=\"5454\">BB-22<\/strong> r\u00f3\u017cni si\u0119 w zale\u017cno\u015bci od kraju. W Niemczech podlega on pod <strong data-start=\"5513\" data-end=\"5555\">Ustawa o nowych substancjach psychoaktywnych (NpSG)<\/strong> i dlatego mog\u0105 by\u0107 nabywane i wykorzystywane wy\u0142\u0105cznie do cel\u00f3w badawczych. Podobne przepisy obowi\u0105zuj\u0105 w Austrii i Szwajcarii.<\/p>\n<p data-start=\"5699\" data-end=\"5837\">Nabywcy musz\u0105 upewni\u0107 si\u0119, \u017ce przestrzegaj\u0105 obowi\u0105zuj\u0105cych przepis\u00f3w i u\u017cywaj\u0105 substancji wy\u0142\u0105cznie do cel\u00f3w naukowych.<\/p>\n<h2 data-start=\"2095\" data-end=\"2105\">Wnioski<\/h2>\n<p data-start=\"2107\" data-end=\"2480\">Je\u015bli chcesz kupi\u0107 BB-22 online, powiniene\u015b dok\u0142adnie sprawdzi\u0107, gdzie mo\u017cesz kupi\u0107 BB-22 i kt\u00f3rzy dostawcy oferuj\u0105 najlepsz\u0105 czysto\u015b\u0107 i uczciw\u0105 cen\u0119 BB-22. Najlepszym miejscem do zakupu BB-22 jest sprzedawca, kt\u00f3ry zapewnia sprawdzon\u0105 jako\u015b\u0107, dyskretn\u0105 wysy\u0142k\u0119 i przejrzyste dowody. Jest to jedyny spos\u00f3b, aby upewni\u0107 si\u0119, \u017ce produkt niezawodnie wspiera badania.<\/p>","protected":false},"excerpt":{"rendered":"<p><strong>BB-22<\/strong> to syntetyczny kannabinoid wykorzystywany w badaniach maj\u0105cych na celu poszerzenie wiedzy na temat wp\u0142ywu kannabinoid\u00f3w na ludzki uk\u0142ad endokannabinoidowy. Jest on przeznaczony wy\u0142\u0105cznie do bada\u0144 naukowych, a nie do spo\u017cycia przez ludzi.<\/p>","protected":false},"featured_media":7514,"comment_status":"open","ping_status":"closed","template":"","meta":{"_joinchat":[]},"product_brand":[],"product_cat":[1805],"product_tag":[1995,2001,1996,1999,2000,1998,1997,188,1814,333],"class_list":{"0":"post-7484","1":"product","2":"type-product","3":"status-publish","4":"has-post-thumbnail","6":"product_cat-indazol-basiert","7":"product_tag-bb-22","8":"product_tag-bb-22-chemikalien","9":"product_tag-bb-22-kaufen","10":"product_tag-bb-22-kristalle","11":"product_tag-bb-22-online","12":"product_tag-bb-22-pulver","13":"product_tag-bb-22-zum-verkauf","14":"product_tag-forschungschemikalien","15":"product_tag-forschungsstoffe-kaufen","16":"product_tag-synthetische-cannabinoide","18":"first","19":"instock","20":"shipping-taxable","21":"purchasable","22":"product-type-variable"},"yoast_head":"<!-- This site is optimized with the Yoast SEO plugin v27.5 - https:\/\/yoast.com\/product\/yoast-seo-wordpress\/ -->\n<title>BB-22 online kaufen \u2013 BB-22 zu verkaufen | chemgramx<\/title>\n<meta name=\"description\" content=\"Unser Gesch\u00e4ft hat bb-22 in Topqualit\u00e4t zum Verkauf. Die Qualit\u00e4t unserer Produkte ist einfach unschlagbar. Wenn Sie es brauchen, kaufen Sie bb-22 gleich online. Jetzt bestellen!\" \/>\n<meta name=\"robots\" content=\"index, follow, max-snippet:-1, max-image-preview:large, max-video-preview:-1\" \/>\n<link rel=\"canonical\" href=\"https:\/\/chemgramx.com\/pl\/produkt-1\/bb-22-zamowienie-online\/\" \/>\n<meta property=\"og:locale\" content=\"pl_PL\" \/>\n<meta property=\"og:type\" content=\"article\" \/>\n<meta property=\"og:title\" content=\"BB-22 online kaufen \u2013 BB-22 zu verkaufen | chemgramx\" \/>\n<meta property=\"og:description\" content=\"Unser Gesch\u00e4ft hat bb-22 in Topqualit\u00e4t zum Verkauf. Die Qualit\u00e4t unserer Produkte ist einfach unschlagbar. Wenn Sie es brauchen, kaufen Sie bb-22 gleich online. Jetzt bestellen!\" \/>\n<meta property=\"og:url\" content=\"https:\/\/chemgramx.com\/pl\/produkt-1\/bb-22-zamowienie-online\/\" \/>\n<meta property=\"og:site_name\" content=\"Chemgramx\" \/>\n<meta property=\"article:modified_time\" content=\"2025-11-21T11:18:24+00:00\" \/>\n<meta property=\"og:image\" content=\"https:\/\/chemgramx.com\/wp-content\/uploads\/2025\/11\/bb22.png\" \/>\n\t<meta property=\"og:image:width\" content=\"600\" \/>\n\t<meta property=\"og:image:height\" content=\"400\" \/>\n\t<meta property=\"og:image:type\" content=\"image\/png\" \/>\n<meta name=\"twitter:card\" content=\"summary_large_image\" \/>\n<meta name=\"twitter:label1\" content=\"Szacowany czas czytania\" \/>\n\t<meta name=\"twitter:data1\" content=\"4 minuty\" \/>\n<script type=\"application\/ld+json\" class=\"yoast-schema-graph\">{\"@context\":\"https:\\\/\\\/schema.org\",\"@graph\":[{\"@type\":\"WebPage\",\"@id\":\"https:\\\/\\\/chemgramx.com\\\/product\\\/bb-22-online-bestellung\\\/\",\"url\":\"https:\\\/\\\/chemgramx.com\\\/product\\\/bb-22-online-bestellung\\\/\",\"name\":\"BB-22 online kaufen \u2013 BB-22 zu verkaufen | chemgramx\",\"isPartOf\":{\"@id\":\"https:\\\/\\\/chemgramx.com\\\/#website\"},\"primaryImageOfPage\":{\"@id\":\"https:\\\/\\\/chemgramx.com\\\/product\\\/bb-22-online-bestellung\\\/#primaryimage\"},\"image\":{\"@id\":\"https:\\\/\\\/chemgramx.com\\\/product\\\/bb-22-online-bestellung\\\/#primaryimage\"},\"thumbnailUrl\":\"https:\\\/\\\/chemgramx.com\\\/wp-content\\\/uploads\\\/2025\\\/11\\\/bb22.png\",\"datePublished\":\"2025-11-21T11:17:30+00:00\",\"dateModified\":\"2025-11-21T11:18:24+00:00\",\"description\":\"Unser Gesch\u00e4ft hat bb-22 in Topqualit\u00e4t zum Verkauf. Die Qualit\u00e4t unserer Produkte ist einfach unschlagbar. Wenn Sie es brauchen, kaufen Sie bb-22 gleich online. Jetzt bestellen!\",\"breadcrumb\":{\"@id\":\"https:\\\/\\\/chemgramx.com\\\/product\\\/bb-22-online-bestellung\\\/#breadcrumb\"},\"inLanguage\":\"pl-PL\",\"potentialAction\":[{\"@type\":\"ReadAction\",\"target\":[\"https:\\\/\\\/chemgramx.com\\\/product\\\/bb-22-online-bestellung\\\/\"]}]},{\"@type\":\"ImageObject\",\"inLanguage\":\"pl-PL\",\"@id\":\"https:\\\/\\\/chemgramx.com\\\/product\\\/bb-22-online-bestellung\\\/#primaryimage\",\"url\":\"https:\\\/\\\/chemgramx.com\\\/wp-content\\\/uploads\\\/2025\\\/11\\\/bb22.png\",\"contentUrl\":\"https:\\\/\\\/chemgramx.com\\\/wp-content\\\/uploads\\\/2025\\\/11\\\/bb22.png\",\"width\":600,\"height\":400},{\"@type\":\"BreadcrumbList\",\"@id\":\"https:\\\/\\\/chemgramx.com\\\/product\\\/bb-22-online-bestellung\\\/#breadcrumb\",\"itemListElement\":[{\"@type\":\"ListItem\",\"position\":1,\"name\":\"Home\",\"item\":\"https:\\\/\\\/chemgramx.com\\\/\"},{\"@type\":\"ListItem\",\"position\":2,\"name\":\"Shop\",\"item\":\"https:\\\/\\\/chemgramx.com\\\/shop\\\/\"},{\"@type\":\"ListItem\",\"position\":3,\"name\":\"BB-22 online bestellung\"}]},{\"@type\":\"WebSite\",\"@id\":\"https:\\\/\\\/chemgramx.com\\\/#website\",\"url\":\"https:\\\/\\\/chemgramx.com\\\/\",\"name\":\"Chemgramx\",\"description\":\"\",\"publisher\":{\"@id\":\"https:\\\/\\\/chemgramx.com\\\/#organization\"},\"potentialAction\":[{\"@type\":\"SearchAction\",\"target\":{\"@type\":\"EntryPoint\",\"urlTemplate\":\"https:\\\/\\\/chemgramx.com\\\/?s={search_term_string}\"},\"query-input\":{\"@type\":\"PropertyValueSpecification\",\"valueRequired\":true,\"valueName\":\"search_term_string\"}}],\"inLanguage\":\"pl-PL\"},{\"@type\":\"Organization\",\"@id\":\"https:\\\/\\\/chemgramx.com\\\/#organization\",\"name\":\"Chemgramx\",\"url\":\"https:\\\/\\\/chemgramx.com\\\/\",\"logo\":{\"@type\":\"ImageObject\",\"inLanguage\":\"pl-PL\",\"@id\":\"https:\\\/\\\/chemgramx.com\\\/#\\\/schema\\\/logo\\\/image\\\/\",\"url\":\"https:\\\/\\\/chemgramx.com\\\/wp-content\\\/uploads\\\/2024\\\/10\\\/final-logo.png\",\"contentUrl\":\"https:\\\/\\\/chemgramx.com\\\/wp-content\\\/uploads\\\/2024\\\/10\\\/final-logo.png\",\"width\":250,\"height\":48,\"caption\":\"Chemgramx\"},\"image\":{\"@id\":\"https:\\\/\\\/chemgramx.com\\\/#\\\/schema\\\/logo\\\/image\\\/\"}}]}<\/script>\n<!-- \/ Yoast SEO plugin. -->","yoast_head_json":{"title":"Kup BB-22 online \u2013 BB-22 na sprzeda\u017c | chemgramx","description":"W naszym sklepie znajdziesz najwy\u017cszej jako\u015bci BB-22. Jako\u015b\u0107 naszych produkt\u00f3w jest po prostu nie do pobicia. Je\u015bli potrzebujesz, kup BB-22 online ju\u017c teraz. Zam\u00f3w ju\u017c teraz!","robots":{"index":"index","follow":"follow","max-snippet":"max-snippet:-1","max-image-preview":"max-image-preview:large","max-video-preview":"max-video-preview:-1"},"canonical":"https:\/\/chemgramx.com\/pl\/produkt-1\/bb-22-zamowienie-online\/","og_locale":"pl_PL","og_type":"article","og_title":"BB-22 online kaufen \u2013 BB-22 zu verkaufen | chemgramx","og_description":"Unser Gesch\u00e4ft hat bb-22 in Topqualit\u00e4t zum Verkauf. Die Qualit\u00e4t unserer Produkte ist einfach unschlagbar. Wenn Sie es brauchen, kaufen Sie bb-22 gleich online. Jetzt bestellen!","og_url":"https:\/\/chemgramx.com\/pl\/produkt-1\/bb-22-zamowienie-online\/","og_site_name":"Chemgramx","article_modified_time":"2025-11-21T11:18:24+00:00","og_image":[{"width":600,"height":400,"url":"https:\/\/chemgramx.com\/wp-content\/uploads\/2025\/11\/bb22.png","type":"image\/png"}],"twitter_card":"summary_large_image","twitter_misc":{"Szacowany czas czytania":"4 minuty"},"schema":{"@context":"https:\/\/schema.org","@graph":[{"@type":"WebPage","@id":"https:\/\/chemgramx.com\/product\/bb-22-online-bestellung\/","url":"https:\/\/chemgramx.com\/product\/bb-22-online-bestellung\/","name":"Kup BB-22 online \u2013 BB-22 na sprzeda\u017c | chemgramx","isPartOf":{"@id":"https:\/\/chemgramx.com\/#website"},"primaryImageOfPage":{"@id":"https:\/\/chemgramx.com\/product\/bb-22-online-bestellung\/#primaryimage"},"image":{"@id":"https:\/\/chemgramx.com\/product\/bb-22-online-bestellung\/#primaryimage"},"thumbnailUrl":"https:\/\/chemgramx.com\/wp-content\/uploads\/2025\/11\/bb22.png","datePublished":"2025-11-21T11:17:30+00:00","dateModified":"2025-11-21T11:18:24+00:00","description":"W naszym sklepie znajdziesz najwy\u017cszej jako\u015bci BB-22. Jako\u015b\u0107 naszych produkt\u00f3w jest po prostu nie do pobicia. Je\u015bli potrzebujesz, kup BB-22 online ju\u017c teraz. Zam\u00f3w ju\u017c teraz!","breadcrumb":{"@id":"https:\/\/chemgramx.com\/product\/bb-22-online-bestellung\/#breadcrumb"},"inLanguage":"pl-PL","potentialAction":[{"@type":"ReadAction","target":["https:\/\/chemgramx.com\/product\/bb-22-online-bestellung\/"]}]},{"@type":"ImageObject","inLanguage":"pl-PL","@id":"https:\/\/chemgramx.com\/product\/bb-22-online-bestellung\/#primaryimage","url":"https:\/\/chemgramx.com\/wp-content\/uploads\/2025\/11\/bb22.png","contentUrl":"https:\/\/chemgramx.com\/wp-content\/uploads\/2025\/11\/bb22.png","width":600,"height":400},{"@type":"BreadcrumbList","@id":"https:\/\/chemgramx.com\/product\/bb-22-online-bestellung\/#breadcrumb","itemListElement":[{"@type":"ListItem","position":1,"name":"Home","item":"https:\/\/chemgramx.com\/"},{"@type":"ListItem","position":2,"name":"Shop","item":"https:\/\/chemgramx.com\/shop\/"},{"@type":"ListItem","position":3,"name":"BB-22 online bestellung"}]},{"@type":"WebSite","@id":"https:\/\/chemgramx.com\/#website","url":"https:\/\/chemgramx.com\/","name":"Chemgramx","description":"","publisher":{"@id":"https:\/\/chemgramx.com\/#organization"},"potentialAction":[{"@type":"SearchAction","target":{"@type":"EntryPoint","urlTemplate":"https:\/\/chemgramx.com\/?s={search_term_string}"},"query-input":{"@type":"PropertyValueSpecification","valueRequired":true,"valueName":"search_term_string"}}],"inLanguage":"pl-PL"},{"@type":"Organization","@id":"https:\/\/chemgramx.com\/#organization","name":"Chemgramx","url":"https:\/\/chemgramx.com\/","logo":{"@type":"ImageObject","inLanguage":"pl-PL","@id":"https:\/\/chemgramx.com\/#\/schema\/logo\/image\/","url":"https:\/\/chemgramx.com\/wp-content\/uploads\/2024\/10\/final-logo.png","contentUrl":"https:\/\/chemgramx.com\/wp-content\/uploads\/2024\/10\/final-logo.png","width":250,"height":48,"caption":"Chemgramx"},"image":{"@id":"https:\/\/chemgramx.com\/#\/schema\/logo\/image\/"}}]}},"_links":{"self":[{"href":"https:\/\/chemgramx.com\/pl\/wp-json\/wp\/v2\/product\/7484","targetHints":{"allow":["GET"]}}],"collection":[{"href":"https:\/\/chemgramx.com\/pl\/wp-json\/wp\/v2\/product"}],"about":[{"href":"https:\/\/chemgramx.com\/pl\/wp-json\/wp\/v2\/types\/product"}],"replies":[{"embeddable":true,"href":"https:\/\/chemgramx.com\/pl\/wp-json\/wp\/v2\/comments?post=7484"}],"wp:featuredmedia":[{"embeddable":true,"href":"https:\/\/chemgramx.com\/pl\/wp-json\/wp\/v2\/media\/7514"}],"wp:attachment":[{"href":"https:\/\/chemgramx.com\/pl\/wp-json\/wp\/v2\/media?parent=7484"}],"wp:term":[{"taxonomy":"product_brand","embeddable":true,"href":"https:\/\/chemgramx.com\/pl\/wp-json\/wp\/v2\/product_brand?post=7484"},{"taxonomy":"product_cat","embeddable":true,"href":"https:\/\/chemgramx.com\/pl\/wp-json\/wp\/v2\/product_cat?post=7484"},{"taxonomy":"product_tag","embeddable":true,"href":"https:\/\/chemgramx.com\/pl\/wp-json\/wp\/v2\/product_tag?post=7484"}],"curies":[{"name":"wp","href":"https:\/\/api.w.org\/{rel}","templated":true}]}}