{"id":7485,"date":"2025-11-21T11:17:30","date_gmt":"2025-11-21T11:17:30","guid":{"rendered":"https:\/\/chemgramx.com\/?post_type=product&#038;p=7485"},"modified":"2025-11-21T11:18:24","modified_gmt":"2025-11-21T11:18:24","slug":"kup-px-1-online","status":"publish","type":"product","link":"https:\/\/chemgramx.com\/pl\/product\/px-1-online-kaufen\/","title":{"rendered":"Kup PX-1 online"},"content":{"rendered":"<p data-start=\"110\" data-end=\"466\"><strong data-start=\"110\" data-end=\"118\">PX-1<\/strong> to zaawansowany produkt syntetyczny, kt\u00f3ry zosta\u0142 specjalnie opracowany do u\u017cytku w badaniach naukowych. Jest wykorzystywany w projektach badawczych koncentruj\u0105cych si\u0119 na <strong data-start=\"304\" data-end=\"330\">Uk\u0142ad endokannabinoidowy<\/strong> i jego rol\u0119 w procesach fizjologicznych, takich jak regulacja b\u00f3lu, hamowanie stanu zapalnego i komunikacja neuronalna.<\/p>\n<p data-start=\"468\" data-end=\"982\">Coraz wi\u0119cej instytucji badawczych dowiaduje si\u0119 o niezawodnych \u017ar\u00f3d\u0142ach zaopatrzenia w celu <strong data-start=\"556\" data-end=\"578\">Kup PX-1 online<\/strong> by\u0107 w stanie. Jak r\u00f3wnie\u017c <em data-start=\"598\" data-end=\"626\">Prawdziwy lub fa\u0142szywy PX-1 na sprzeda\u017c<\/em> mo\u017ce pojawi\u0107 si\u0119 na rynku, wyb\u00f3r renomowanego \u017ar\u00f3d\u0142a jest kluczowy. Naukowcy, kt\u00f3rzy <strong data-start=\"728\" data-end=\"747\">kupi\u0107 PX-1 online<\/strong>, G\u0142\u00f3wny nacisk k\u0142adziony jest na przetestowan\u0105 laboratoryjnie jako\u015b\u0107, czysto\u015b\u0107 i przejrzyste ceny. The <strong data-start=\"841\" data-end=\"874\">Najlepsze miejsce do zakupu PX-1<\/strong>, oferuje certyfikowane substancje, kt\u00f3re spe\u0142niaj\u0105 wysokie wymagania nowoczesnych bada\u0144 laboratoryjnych.<\/p>\n<h2 data-start=\"989\" data-end=\"1007\">Czym jest PX-1?<\/h2>\n<p data-start=\"1009\" data-end=\"1401\"><strong data-start=\"1009\" data-end=\"1017\">PX-1<\/strong> (znany r\u00f3wnie\u017c jako <em data-start=\"1036\" data-end=\"1058\">Analog 5F-ADB-PINACA<\/em>) nale\u017cy do klasy syntetycznych kannabinoid\u00f3w, kt\u00f3re zosta\u0142y opracowane w celu badania zachowania receptor\u00f3w kannabinoidowych w organizmie cz\u0142owieka. Substancja dzia\u0142a jako silny <strong data-start=\"1248\" data-end=\"1281\">Agonista receptor\u00f3w CB1 i CB2<\/strong> i umo\u017cliwia badaczom analiz\u0119 transmisji sygna\u0142u i mechanizm\u00f3w molekularnych w uk\u0142adzie endokannabinoidowym.<\/p>\n<p data-start=\"1403\" data-end=\"1691\">W przeciwie\u0144stwie do naturalnych kannabinoid\u00f3w, PX-1 oferuje precyzyjnie zdefiniowan\u0105 struktur\u0119 chemiczn\u0105, kt\u00f3ra zapewnia sp\u00f3jne wyniki w kontrolowanych warunkach laboratoryjnych. Dzi\u0119ki temu idealnie nadaje si\u0119 do powtarzalnych bada\u0144 naukowych i test\u00f3w farmakologicznych.<\/p>\n<h2 data-start=\"1698\" data-end=\"1726\">W\u0142a\u015bciwo\u015bci chemiczne<\/h2>\n<ul data-start=\"1728\" data-end=\"2127\">\n<li data-start=\"1728\" data-end=\"1836\">\n<p data-start=\"1730\" data-end=\"1836\"><strong data-start=\"1730\" data-end=\"1750\">Nazwa chemiczna:<\/strong> N-(1-Amino-3,3-dimethyl-1-oxobutan-2-yl)-1-(5-fluoropentyl)-1H-indazol-3-carboxamid<\/p>\n<\/li>\n<li data-start=\"1837\" data-end=\"1871\">\n<p data-start=\"1839\" data-end=\"1871\"><strong data-start=\"1839\" data-end=\"1857\">Wz\u00f3r cz\u0105steczkowy:<\/strong> C22H30FN3O3<\/p>\n<\/li>\n<li data-start=\"1872\" data-end=\"1909\">\n<p data-start=\"1874\" data-end=\"1909\"><strong data-start=\"1874\" data-end=\"1895\">Masa cz\u0105steczkowa:<\/strong> 403,5 g\/mol<\/p>\n<\/li>\n<li data-start=\"1910\" data-end=\"1965\">\n<p data-start=\"1912\" data-end=\"1965\"><strong data-start=\"1912\" data-end=\"1921\">Forma:<\/strong> Bia\u0142y do jasno\u017c\u00f3\u0142tego krystaliczny proszek<\/p>\n<\/li>\n<li data-start=\"1966\" data-end=\"2004\">\n<p data-start=\"1968\" data-end=\"2004\"><strong data-start=\"1968\" data-end=\"1981\">Czysto\u015b\u0107:<\/strong> \u226598 % (testowane metod\u0105 HPLC)<\/p>\n<\/li>\n<li data-start=\"2005\" data-end=\"2067\">\n<p data-start=\"2007\" data-end=\"2067\"><strong data-start=\"2007\" data-end=\"2023\">Rozpuszczalno\u015b\u0107:<\/strong> Dobrze rozpuszczalny w etanolu, metanolu i DMSO<\/p>\n<\/li>\n<li data-start=\"2068\" data-end=\"2127\">\n<p data-start=\"2070\" data-end=\"2127\"><strong data-start=\"2070\" data-end=\"2083\">Przechowywanie:<\/strong> Ch\u0142odny (2-8 \u00b0C), suchy i chroniony przed \u015bwiat\u0142em<\/p>\n<\/li>\n<\/ul>\n<p data-start=\"2129\" data-end=\"2298\">Ka\u017cda partia PX-1 jest testowana w laboratorium. <a href=\"\/product\/duty-free-hash-kaufen\/\">sprawdzony<\/a> i z <strong data-start=\"2186\" data-end=\"2219\">Certyfikat analizy (COA)<\/strong> w celu potwierdzenia czysto\u015bci, to\u017csamo\u015bci i stabilno\u015bci chemicznej.<\/p>\n<h2 data-start=\"2305\" data-end=\"2331\">Zastosowania badawcze<\/h2>\n<p data-start=\"2333\" data-end=\"2539\"><strong data-start=\"2333\" data-end=\"2341\">PX-1<\/strong> jest wykorzystywany wy\u0142\u0105cznie do cel\u00f3w badawczych i jest <strong data-start=\"2401\" data-end=\"2438\">nie do spo\u017cycia przez ludzi<\/strong> okre\u015blony. S\u0142u\u017cy jako cenne narz\u0119dzie w badaniach biochemicznych i farmakologicznych.<\/p>\n<p data-start=\"2541\" data-end=\"2581\">G\u0142\u00f3wne obszary zastosowa\u0144 obejmuj\u0105<\/p>\n<ul data-start=\"2583\" data-end=\"3030\">\n<li data-start=\"2583\" data-end=\"2673\">\n<p data-start=\"2585\" data-end=\"2673\"><strong data-start=\"2585\" data-end=\"2614\">Badania farmakologiczne:<\/strong> <a href=\"\/product\/kokain-volkswagen-90-rein\/\">Dochodzenie<\/a> aktywacja receptor\u00f3w CB1 i CB2<\/p>\n<\/li>\n<li data-start=\"2674\" data-end=\"2746\">\n<p data-start=\"2676\" data-end=\"2746\"><strong data-start=\"2676\" data-end=\"2705\">Badania neurochemiczne:<\/strong> Analiza \u015bcie\u017cek sygnalizacyjnych w uk\u0142adzie nerwowym<\/p>\n<\/li>\n<li data-start=\"2747\" data-end=\"2821\">\n<p data-start=\"2749\" data-end=\"2821\"><strong data-start=\"2749\" data-end=\"2774\">Testy toksykologiczne:<\/strong> Ocena metabolit\u00f3w i produkt\u00f3w degradacji<\/p>\n<\/li>\n<li data-start=\"2822\" data-end=\"2922\">\n<p data-start=\"2824\" data-end=\"2922\"><strong data-start=\"2824\" data-end=\"2845\">Analizy referencyjne:<\/strong> Opracowanie metod analitycznych do wykrywania syntetycznych kannabinoid\u00f3w<\/p>\n<\/li>\n<li data-start=\"2923\" data-end=\"3030\">\n<p data-start=\"2925\" data-end=\"3030\"><strong data-start=\"2925\" data-end=\"2947\">Badania por\u00f3wnawcze:<\/strong> Por\u00f3wnanie PX-1 z substancjami pokrewnymi, takimi jak 5F-ADB lub AB-FUBINACA<\/p>\n<\/li>\n<\/ul>\n<p data-start=\"3032\" data-end=\"3211\">Dzi\u0119ki tym zastosowaniom PX-1 przyczynia si\u0119 do zrozumienia molekularnych efekt\u00f3w kannabinoid\u00f3w i identyfikacji potencjalnych podej\u015b\u0107 terapeutycznych.<\/p>\n<h2 data-start=\"3218\" data-end=\"3256\">Instrukcje bezpiecze\u0144stwa i u\u017cytkowania<\/h2>\n<p data-start=\"3258\" data-end=\"3484\"><strong data-start=\"3258\" data-end=\"3266\">PX-1<\/strong> mo\u017ce by\u0107 u\u017cywany wy\u0142\u0105cznie przez przeszkolony personel specjalistyczny w autoryzowanych plac\u00f3wkach badawczych. Jest to <strong data-start=\"3380\" data-end=\"3409\">nie do spo\u017cycia przez ludzi<\/strong> i przeznaczone wy\u0142\u0105cznie do cel\u00f3w analitycznych i eksperymentalnych.<\/p>\n<p data-start=\"3486\" data-end=\"3570\">Podczas obs\u0142ugi nale\u017cy przestrzega\u0107 obowi\u0105zuj\u0105cych wytycznych dotycz\u0105cych bezpiecze\u0144stwa:<\/p>\n<ul data-start=\"3571\" data-end=\"3832\">\n<li data-start=\"3571\" data-end=\"3646\">\n<p data-start=\"3573\" data-end=\"3646\">Stosowanie sprz\u0119tu ochronnego (fartuch laboratoryjny, r\u0119kawice, okulary ochronne)<\/p>\n<\/li>\n<li data-start=\"3647\" data-end=\"3719\">\n<p data-start=\"3649\" data-end=\"3719\">Praca w dobrze wentylowanych pomieszczeniach lub pod wyci\u0105giem chemicznym<\/p>\n<\/li>\n<li data-start=\"3720\" data-end=\"3772\">\n<p data-start=\"3722\" data-end=\"3772\">Przechowywanie w hermetycznych, oznakowanych pojemnikach<\/p>\n<\/li>\n<li data-start=\"3773\" data-end=\"3832\">\n<p data-start=\"3775\" data-end=\"3832\">Utylizacja zgodnie z przepisami bezpiecze\u0144stwa chemicznego<\/p>\n<\/li>\n<\/ul>\n<p data-start=\"3834\" data-end=\"3953\">Te \u015brodki ostro\u017cno\u015bci zapewniaj\u0105 bezpiecze\u0144stwo personelu laboratorium i integralno\u015b\u0107 wynik\u00f3w bada\u0144.<\/p>\n<h2 data-start=\"3960\" data-end=\"3999\">Zalety zakupu PX-1 online<\/h2>\n<p data-start=\"4001\" data-end=\"4122\">Naukowcy, kt\u00f3rzy <strong data-start=\"4015\" data-end=\"4037\">Kup PX-1 online<\/strong>, Korzystaj ze sprawdzonej jako\u015bci, dyskretnej dostawy i przejrzystej struktury cenowej.<\/p>\n<h3 data-start=\"4124\" data-end=\"4156\">G\u0142\u00f3wne cechy i korzy\u015bci<\/h3>\n<ul data-start=\"4157\" data-end=\"4609\">\n<li data-start=\"4157\" data-end=\"4263\">\n<p data-start=\"4159\" data-end=\"4263\"><strong data-start=\"4159\" data-end=\"4185\">Produkt syntetyczny:<\/strong> Opracowany do bada\u0144 naukowych nad uk\u0142adem endokannabinoidowym<\/p>\n<\/li>\n<li data-start=\"4264\" data-end=\"4362\">\n<p data-start=\"4266\" data-end=\"4362\"><strong data-start=\"4266\" data-end=\"4298\">Badania naukowe:<\/strong> Wspiera analizy potencjalnych zastosowa\u0144 terapeutycznych<\/p>\n<\/li>\n<li data-start=\"4363\" data-end=\"4447\">\n<p data-start=\"4365\" data-end=\"4447\"><strong data-start=\"4365\" data-end=\"4393\">Dost\u0119pno\u015b\u0107 na wy\u0142\u0105czno\u015b\u0107:<\/strong> Tylko certyfikowani dostawcy <strong data-start=\"4428\" data-end=\"4445\">PX-1 na sprzeda\u017c<\/strong><\/p>\n<\/li>\n<li data-start=\"4448\" data-end=\"4530\">\n<p data-start=\"4450\" data-end=\"4530\"><strong data-start=\"4450\" data-end=\"4474\">Przejrzysta cena:<\/strong> Jasno zdefiniowane <strong data-start=\"4492\" data-end=\"4506\">Cena PX-1<\/strong> dla bud\u017cet\u00f3w badawczych<\/p>\n<\/li>\n<li data-start=\"4531\" data-end=\"4609\">\n<p data-start=\"4533\" data-end=\"4609\"><strong data-start=\"4533\" data-end=\"4555\">Dyskretna wysy\u0142ka:<\/strong> Neutralne opakowanie, bezpieczne i z mo\u017cliwo\u015bci\u0105 \u015bledzenia przesy\u0142ki<\/p>\n<\/li>\n<\/ul>\n<p data-start=\"4611\" data-end=\"4808\">The <strong data-start=\"4615\" data-end=\"4648\">Najlepsze miejsce do zakupu PX-1<\/strong>, oferuje sprawdzon\u0105 laboratoryjn\u0105 jako\u015b\u0107, produkcj\u0119 z certyfikatem ISO oraz us\u0142ugi dostosowane do wymaga\u0144 instytucji naukowych.<\/p>\n<h2 data-start=\"4815\" data-end=\"4843\">Cena i dost\u0119pno\u015b\u0107<\/h2>\n<p data-start=\"4845\" data-end=\"5068\">The <strong data-start=\"4849\" data-end=\"4863\">Cena PX-1<\/strong> r\u00f3\u017cni si\u0119 w zale\u017cno\u015bci od dostawcy, ilo\u015bci zam\u00f3wienia i poziomu czysto\u015bci. Instytucje badawcze, kt\u00f3re regularnie zamawiaj\u0105 wi\u0119ksze ilo\u015bci mog\u0105 <strong data-start=\"4996\" data-end=\"5026\">Kup PX-1 tanio online<\/strong> i korzysta\u0107 z rabat\u00f3w hurtowych.<\/p>\n<p data-start=\"5070\" data-end=\"5311\">Certyfikowani dostawcy dostarczaj\u0105 w ramach <strong data-start=\"5115\" data-end=\"5132\">1-3 dni robocze<\/strong>, opcjonalnie na <strong data-start=\"5148\" data-end=\"5172\">Dostawa ekspresowa (24h)<\/strong>. Dyskretna wysy\u0142ka po <strong data-start=\"5207\" data-end=\"5253\">Niemcy, Austria i Szwajcaria<\/strong>, neutralne opakowanie i pe\u0142ne \u015bledzenie przesy\u0142ki.<\/p>\n<h2 data-start=\"5318\" data-end=\"5342\">Informacja prawna<\/h2>\n<p data-start=\"5344\" data-end=\"5571\"><strong data-start=\"5344\" data-end=\"5352\">PX-1<\/strong> w Niemczech podlega pod <strong data-start=\"5384\" data-end=\"5426\">Ustawa o nowych substancjach psychoaktywnych (NpSG)<\/strong> i mo\u017ce by\u0107 u\u017cywany tylko do <strong data-start=\"5454\" data-end=\"5475\">Cele badawcze<\/strong> nabyte i u\u017cywane. Podobne przepisy obowi\u0105zuj\u0105 w Szwajcarii i Austrii.<\/p>\n<p data-start=\"5573\" data-end=\"5745\">Przed zakupem naukowcy powinni sprawdzi\u0107 sytuacj\u0119 prawn\u0105 w swoim kraju, aby upewni\u0107 si\u0119, \u017ce zakup i stosowanie PX-1 jest prawnie dozwolone.<\/p>\n<h2 data-start=\"1952\" data-end=\"1962\">Wnioski<\/h2>\n<p data-start=\"1964\" data-end=\"2319\">PX-1 jest przeznaczony wy\u0142\u0105cznie do cel\u00f3w badawczych i nigdy nie powinien by\u0107 u\u017cywany do spo\u017cycia. Je\u015bli chcesz kupi\u0107 PX-1 online, powiniene\u015b dok\u0142adnie sprawdzi\u0107, gdzie kupi\u0107 PX-1 i kt\u00f3rzy dostawcy oferuj\u0105 najlepsz\u0105 obs\u0142ug\u0119. Najlepszym miejscem do zakupu PX-1 jest zawsze sprzedawca detaliczny o zweryfikowanej czysto\u015bci, bezpiecznych opcjach p\u0142atno\u015bci i dyskretnej wysy\u0142ce.<\/p>","protected":false},"excerpt":{"rendered":"<p><strong>PX-1<\/strong> to bardzo silny syntetyczny produkt opracowany wy\u0142\u0105cznie do cel\u00f3w bada\u0144 naukowych. Jest on stosowany w celu pog\u0142\u0119bienia zrozumienia niekt\u00f3rych proces\u00f3w biochemicznych zwi\u0105zanych z uk\u0142adem endokannabinoidowym. <strong>PX-1<\/strong> nie nadaje si\u0119 do spo\u017cycia przez ludzi i powinien by\u0107 u\u017cywany wy\u0142\u0105cznie z zachowaniem \u015bcis\u0142ych \u015brodk\u00f3w ostro\u017cno\u015bci.<\/p>","protected":false},"featured_media":7515,"comment_status":"open","ping_status":"closed","template":"","meta":{"_joinchat":[]},"product_brand":[],"product_cat":[1805],"product_tag":[188,1814,1988,1994,1989,1992,1993,1991,1990,248],"class_list":{"0":"post-7485","1":"product","2":"type-product","3":"status-publish","4":"has-post-thumbnail","6":"product_cat-indazol-basiert","7":"product_tag-forschungschemikalien","8":"product_tag-forschungsstoffe-kaufen","9":"product_tag-px-1","10":"product_tag-px-1-chemikalien","11":"product_tag-px-1-kaufen","12":"product_tag-px-1-kristalle","13":"product_tag-px-1-online","14":"product_tag-px-1-pulver","15":"product_tag-px-1-zum-verkauf","16":"product_tag-synthetische-stimulanzien","18":"first","19":"instock","20":"shipping-taxable","21":"purchasable","22":"product-type-variable"},"yoast_head":"<!-- This site is optimized with the Yoast SEO plugin v27.5 - https:\/\/yoast.com\/product\/yoast-seo-wordpress\/ -->\n<title>PX-1 | Synthetisches Produkt f\u00fcr wissenschaftliche Forschung<\/title>\n<meta name=\"description\" content=\"PX-1 ist ein synthetisches Produkt f\u00fcr die Forschung, das hilft, das Endocannabinoid-System und seine therapeutischen M\u00f6glichkeiten zu untersuchen. Nur f\u00fcr Laborzwecke.\" \/>\n<meta name=\"robots\" content=\"index, follow, max-snippet:-1, max-image-preview:large, max-video-preview:-1\" \/>\n<link rel=\"canonical\" href=\"https:\/\/chemgramx.com\/pl\/produkt-1\/kup-px-1-online\/\" \/>\n<meta property=\"og:locale\" content=\"pl_PL\" \/>\n<meta property=\"og:type\" content=\"article\" \/>\n<meta property=\"og:title\" content=\"PX-1 | Synthetisches Produkt f\u00fcr wissenschaftliche Forschung\" \/>\n<meta property=\"og:description\" content=\"PX-1 ist ein synthetisches Produkt f\u00fcr die Forschung, das hilft, das Endocannabinoid-System und seine therapeutischen M\u00f6glichkeiten zu untersuchen. Nur f\u00fcr Laborzwecke.\" \/>\n<meta property=\"og:url\" content=\"https:\/\/chemgramx.com\/pl\/produkt-1\/kup-px-1-online\/\" \/>\n<meta property=\"og:site_name\" content=\"Chemgramx\" \/>\n<meta property=\"article:modified_time\" content=\"2025-11-21T11:18:24+00:00\" \/>\n<meta property=\"og:image\" content=\"https:\/\/chemgramx.com\/wp-content\/uploads\/2025\/11\/px-1.png\" \/>\n\t<meta property=\"og:image:width\" content=\"600\" \/>\n\t<meta property=\"og:image:height\" content=\"400\" \/>\n\t<meta property=\"og:image:type\" content=\"image\/png\" \/>\n<meta name=\"twitter:card\" content=\"summary_large_image\" \/>\n<meta name=\"twitter:label1\" content=\"Szacowany czas czytania\" \/>\n\t<meta name=\"twitter:data1\" content=\"4 minuty\" \/>\n<script type=\"application\/ld+json\" class=\"yoast-schema-graph\">{\"@context\":\"https:\\\/\\\/schema.org\",\"@graph\":[{\"@type\":\"WebPage\",\"@id\":\"https:\\\/\\\/chemgramx.com\\\/product\\\/px-1-online-kaufen\\\/\",\"url\":\"https:\\\/\\\/chemgramx.com\\\/product\\\/px-1-online-kaufen\\\/\",\"name\":\"PX-1 | Synthetisches Produkt f\u00fcr wissenschaftliche Forschung\",\"isPartOf\":{\"@id\":\"https:\\\/\\\/chemgramx.com\\\/#website\"},\"primaryImageOfPage\":{\"@id\":\"https:\\\/\\\/chemgramx.com\\\/product\\\/px-1-online-kaufen\\\/#primaryimage\"},\"image\":{\"@id\":\"https:\\\/\\\/chemgramx.com\\\/product\\\/px-1-online-kaufen\\\/#primaryimage\"},\"thumbnailUrl\":\"https:\\\/\\\/chemgramx.com\\\/wp-content\\\/uploads\\\/2025\\\/11\\\/px-1.png\",\"datePublished\":\"2025-11-21T11:17:30+00:00\",\"dateModified\":\"2025-11-21T11:18:24+00:00\",\"description\":\"PX-1 ist ein synthetisches Produkt f\u00fcr die Forschung, das hilft, das Endocannabinoid-System und seine therapeutischen M\u00f6glichkeiten zu untersuchen. Nur f\u00fcr Laborzwecke.\",\"breadcrumb\":{\"@id\":\"https:\\\/\\\/chemgramx.com\\\/product\\\/px-1-online-kaufen\\\/#breadcrumb\"},\"inLanguage\":\"pl-PL\",\"potentialAction\":[{\"@type\":\"ReadAction\",\"target\":[\"https:\\\/\\\/chemgramx.com\\\/product\\\/px-1-online-kaufen\\\/\"]}]},{\"@type\":\"ImageObject\",\"inLanguage\":\"pl-PL\",\"@id\":\"https:\\\/\\\/chemgramx.com\\\/product\\\/px-1-online-kaufen\\\/#primaryimage\",\"url\":\"https:\\\/\\\/chemgramx.com\\\/wp-content\\\/uploads\\\/2025\\\/11\\\/px-1.png\",\"contentUrl\":\"https:\\\/\\\/chemgramx.com\\\/wp-content\\\/uploads\\\/2025\\\/11\\\/px-1.png\",\"width\":600,\"height\":400},{\"@type\":\"BreadcrumbList\",\"@id\":\"https:\\\/\\\/chemgramx.com\\\/product\\\/px-1-online-kaufen\\\/#breadcrumb\",\"itemListElement\":[{\"@type\":\"ListItem\",\"position\":1,\"name\":\"Home\",\"item\":\"https:\\\/\\\/chemgramx.com\\\/\"},{\"@type\":\"ListItem\",\"position\":2,\"name\":\"Shop\",\"item\":\"https:\\\/\\\/chemgramx.com\\\/shop\\\/\"},{\"@type\":\"ListItem\",\"position\":3,\"name\":\"PX-1 online kaufen\"}]},{\"@type\":\"WebSite\",\"@id\":\"https:\\\/\\\/chemgramx.com\\\/#website\",\"url\":\"https:\\\/\\\/chemgramx.com\\\/\",\"name\":\"Chemgramx\",\"description\":\"\",\"publisher\":{\"@id\":\"https:\\\/\\\/chemgramx.com\\\/#organization\"},\"potentialAction\":[{\"@type\":\"SearchAction\",\"target\":{\"@type\":\"EntryPoint\",\"urlTemplate\":\"https:\\\/\\\/chemgramx.com\\\/?s={search_term_string}\"},\"query-input\":{\"@type\":\"PropertyValueSpecification\",\"valueRequired\":true,\"valueName\":\"search_term_string\"}}],\"inLanguage\":\"pl-PL\"},{\"@type\":\"Organization\",\"@id\":\"https:\\\/\\\/chemgramx.com\\\/#organization\",\"name\":\"Chemgramx\",\"url\":\"https:\\\/\\\/chemgramx.com\\\/\",\"logo\":{\"@type\":\"ImageObject\",\"inLanguage\":\"pl-PL\",\"@id\":\"https:\\\/\\\/chemgramx.com\\\/#\\\/schema\\\/logo\\\/image\\\/\",\"url\":\"https:\\\/\\\/chemgramx.com\\\/wp-content\\\/uploads\\\/2024\\\/10\\\/final-logo.png\",\"contentUrl\":\"https:\\\/\\\/chemgramx.com\\\/wp-content\\\/uploads\\\/2024\\\/10\\\/final-logo.png\",\"width\":250,\"height\":48,\"caption\":\"Chemgramx\"},\"image\":{\"@id\":\"https:\\\/\\\/chemgramx.com\\\/#\\\/schema\\\/logo\\\/image\\\/\"}}]}<\/script>\n<!-- \/ Yoast SEO plugin. -->","yoast_head_json":{"title":"PX-1 | Produkt syntetyczny do bada\u0144 naukowych","description":"PX-1 je syntetick\u00fd v\u00fdzkumn\u00fd produkt pou\u017e\u00edvan\u00fd ke studiu endokanabinoidn\u00edho syst\u00e9mu a jeho terapeutick\u00e9ho potenci\u00e1lu. Pouze pro laboratorn\u00ed pou\u017eit\u00ed.","robots":{"index":"index","follow":"follow","max-snippet":"max-snippet:-1","max-image-preview":"max-image-preview:large","max-video-preview":"max-video-preview:-1"},"canonical":"https:\/\/chemgramx.com\/pl\/produkt-1\/kup-px-1-online\/","og_locale":"pl_PL","og_type":"article","og_title":"PX-1 | Synthetisches Produkt f\u00fcr wissenschaftliche Forschung","og_description":"PX-1 ist ein synthetisches Produkt f\u00fcr die Forschung, das hilft, das Endocannabinoid-System und seine therapeutischen M\u00f6glichkeiten zu untersuchen. Nur f\u00fcr Laborzwecke.","og_url":"https:\/\/chemgramx.com\/pl\/produkt-1\/kup-px-1-online\/","og_site_name":"Chemgramx","article_modified_time":"2025-11-21T11:18:24+00:00","og_image":[{"width":600,"height":400,"url":"https:\/\/chemgramx.com\/wp-content\/uploads\/2025\/11\/px-1.png","type":"image\/png"}],"twitter_card":"summary_large_image","twitter_misc":{"Szacowany czas czytania":"4 minuty"},"schema":{"@context":"https:\/\/schema.org","@graph":[{"@type":"WebPage","@id":"https:\/\/chemgramx.com\/product\/px-1-online-kaufen\/","url":"https:\/\/chemgramx.com\/product\/px-1-online-kaufen\/","name":"PX-1 | Produkt syntetyczny do bada\u0144 naukowych","isPartOf":{"@id":"https:\/\/chemgramx.com\/#website"},"primaryImageOfPage":{"@id":"https:\/\/chemgramx.com\/product\/px-1-online-kaufen\/#primaryimage"},"image":{"@id":"https:\/\/chemgramx.com\/product\/px-1-online-kaufen\/#primaryimage"},"thumbnailUrl":"https:\/\/chemgramx.com\/wp-content\/uploads\/2025\/11\/px-1.png","datePublished":"2025-11-21T11:17:30+00:00","dateModified":"2025-11-21T11:18:24+00:00","description":"PX-1 je syntetick\u00fd v\u00fdzkumn\u00fd produkt pou\u017e\u00edvan\u00fd ke studiu endokanabinoidn\u00edho syst\u00e9mu a jeho terapeutick\u00e9ho potenci\u00e1lu. Pouze pro laboratorn\u00ed pou\u017eit\u00ed.","breadcrumb":{"@id":"https:\/\/chemgramx.com\/product\/px-1-online-kaufen\/#breadcrumb"},"inLanguage":"pl-PL","potentialAction":[{"@type":"ReadAction","target":["https:\/\/chemgramx.com\/product\/px-1-online-kaufen\/"]}]},{"@type":"ImageObject","inLanguage":"pl-PL","@id":"https:\/\/chemgramx.com\/product\/px-1-online-kaufen\/#primaryimage","url":"https:\/\/chemgramx.com\/wp-content\/uploads\/2025\/11\/px-1.png","contentUrl":"https:\/\/chemgramx.com\/wp-content\/uploads\/2025\/11\/px-1.png","width":600,"height":400},{"@type":"BreadcrumbList","@id":"https:\/\/chemgramx.com\/product\/px-1-online-kaufen\/#breadcrumb","itemListElement":[{"@type":"ListItem","position":1,"name":"Home","item":"https:\/\/chemgramx.com\/"},{"@type":"ListItem","position":2,"name":"Shop","item":"https:\/\/chemgramx.com\/shop\/"},{"@type":"ListItem","position":3,"name":"PX-1 online kaufen"}]},{"@type":"WebSite","@id":"https:\/\/chemgramx.com\/#website","url":"https:\/\/chemgramx.com\/","name":"Chemgramx","description":"","publisher":{"@id":"https:\/\/chemgramx.com\/#organization"},"potentialAction":[{"@type":"SearchAction","target":{"@type":"EntryPoint","urlTemplate":"https:\/\/chemgramx.com\/?s={search_term_string}"},"query-input":{"@type":"PropertyValueSpecification","valueRequired":true,"valueName":"search_term_string"}}],"inLanguage":"pl-PL"},{"@type":"Organization","@id":"https:\/\/chemgramx.com\/#organization","name":"Chemgramx","url":"https:\/\/chemgramx.com\/","logo":{"@type":"ImageObject","inLanguage":"pl-PL","@id":"https:\/\/chemgramx.com\/#\/schema\/logo\/image\/","url":"https:\/\/chemgramx.com\/wp-content\/uploads\/2024\/10\/final-logo.png","contentUrl":"https:\/\/chemgramx.com\/wp-content\/uploads\/2024\/10\/final-logo.png","width":250,"height":48,"caption":"Chemgramx"},"image":{"@id":"https:\/\/chemgramx.com\/#\/schema\/logo\/image\/"}}]}},"_links":{"self":[{"href":"https:\/\/chemgramx.com\/pl\/wp-json\/wp\/v2\/product\/7485","targetHints":{"allow":["GET"]}}],"collection":[{"href":"https:\/\/chemgramx.com\/pl\/wp-json\/wp\/v2\/product"}],"about":[{"href":"https:\/\/chemgramx.com\/pl\/wp-json\/wp\/v2\/types\/product"}],"replies":[{"embeddable":true,"href":"https:\/\/chemgramx.com\/pl\/wp-json\/wp\/v2\/comments?post=7485"}],"wp:featuredmedia":[{"embeddable":true,"href":"https:\/\/chemgramx.com\/pl\/wp-json\/wp\/v2\/media\/7515"}],"wp:attachment":[{"href":"https:\/\/chemgramx.com\/pl\/wp-json\/wp\/v2\/media?parent=7485"}],"wp:term":[{"taxonomy":"product_brand","embeddable":true,"href":"https:\/\/chemgramx.com\/pl\/wp-json\/wp\/v2\/product_brand?post=7485"},{"taxonomy":"product_cat","embeddable":true,"href":"https:\/\/chemgramx.com\/pl\/wp-json\/wp\/v2\/product_cat?post=7485"},{"taxonomy":"product_tag","embeddable":true,"href":"https:\/\/chemgramx.com\/pl\/wp-json\/wp\/v2\/product_tag?post=7485"}],"curies":[{"name":"wp","href":"https:\/\/api.w.org\/{rel}","templated":true}]}}