{"id":7530,"date":"2025-11-21T11:17:59","date_gmt":"2025-11-21T11:17:59","guid":{"rendered":"https:\/\/chemgramx.com\/?post_type=product&#038;p=7530"},"modified":"2025-11-21T11:18:43","modified_gmt":"2025-11-21T11:18:43","slug":"brazowa-heroina-w-proszku","status":"publish","type":"product","link":"https:\/\/chemgramx.com\/pl\/product\/braunes-heroinpulver\/","title":{"rendered":"Br\u0105zowa heroina w proszku"},"content":{"rendered":"<p>Br\u0105zowa heroina w proszku (BPH) staje si\u0119 coraz bardziej popularna na rynku \u015bwiatowym. Chocia\u017c BPH jest znany od lat, jego popularno\u015b\u0107 ro\u015bnie ze wzgl\u0119du na jego wyj\u0105tkowy wp\u0142yw na ludzkie cia\u0142o. Wi\u0119c je\u015bli chcesz kupi\u0107 br\u0105zow\u0105 heroin\u0119 w proszku online, Narco Powders jest najlepszym wyborem.<\/p>\n<h2>Z czego sk\u0142ada si\u0119 br\u0105zowa heroina w proszku?<\/h2>\n<p>BPH to forma opium, kt\u00f3ra zosta\u0142a przetworzona na proszek. Proszek ten mo\u017cna \u0142atwo pali\u0107 lub wstrzykiwa\u0107, co czyni go silniejszym i bardziej uzale\u017cniaj\u0105cym ni\u017c inne formy opium. Ponadto, BPH ma d\u0142u\u017csze dzia\u0142anie ni\u017c inne rodzaje opium, dzi\u0119ki czemu idealnie nadaje si\u0119 do stosowania podczas intensywnych aktywno\u015bci, takich jak \u0107wiczenia lub seks.<\/p>\n<h2>Zalety br\u0105zowej heroiny w proszku<\/h2>\n<p>Br\u0105zowa heroina w proszku (BPH) jest bez w\u0105tpienia jednym z najbardziej <a href=\"https:\/\/chemgramx.com\/product\/camel-stamp-hash-kaufen\/\">najpopularniejszy<\/a> narkotyk\u00f3w na rynku. Jest \u0142atwy do zdobycia i zapewnia szybki i silny haj. BPH jest r\u00f3wnie\u017c znany jako \u201ebr\u0105zowa heroina\u201c, poniewa\u017c jest zwykle wytwarzany z br\u0105zowego cukru, kawy i proszku do pieczenia.<\/p>\n<p>BPH to wysokiej jako\u015bci heroina, zawieraj\u0105ca du\u017ce ilo\u015bci morfiny i kodeiny. Jest to zatem dobry wyb\u00f3r dla ka\u017cdego, kto szuka intensywnej ulgi w b\u00f3lu. Ponadto BPH oferuje szybk\u0105 dostaw\u0119 na ca\u0142ym \u015bwiecie, dzi\u0119ki czemu jest idealny dla ka\u017cdego, kto szybko potrzebuje swoich lek\u00f3w. Cena br\u0105zowej heroiny w proszku jest przyst\u0119pna w por\u00f3wnaniu do innych dostawc\u00f3w, co czyni j\u0105 atrakcyjn\u0105 opcj\u0105 dla konsument\u00f3w poszukuj\u0105cych wysokiej jako\u015bci lek\u00f3w bez nadwyr\u0119\u017cania bud\u017cetu.<\/p>\n<h2>Skutki uboczne br\u0105zowej heroiny w proszku<\/h2>\n<p>Br\u0105zowa heroina w proszku to bardzo niebezpieczny i uzale\u017cniaj\u0105cy narkotyk, kt\u00f3ry cz\u0119sto miesza si\u0119 z innymi substancjami w celu zwi\u0119kszenia jego mocy. Jest powszechnie sprzedawana na ulicy pod nazw\u0105 \u201ebr\u0105zowa\u201c, \u201eczarna\u201c lub \u201eproch strzelniczy\u201c. Br\u0105zowa heroina w proszku jest mieszank\u0105 morfiny i innych opiat\u00f3w, co czyni j\u0105 niezwykle siln\u0105. Kr\u00f3tkoterminowe skutki uboczne u\u017cywania br\u0105zowej heroiny w proszku obejmuj\u0105 przyspieszone t\u0119tno, intensywne uczucie ciep\u0142a, szybki oddech i uczucie euforii. Po tym szybko nast\u0119puje uczucie uspokojenia i odpr\u0119\u017cenia. Regularne stosowanie br\u0105zowej heroiny w proszku mo\u017ce z czasem prowadzi\u0107 do uzale\u017cnienia.<\/p>\n<h2>Dlaczego warto kupi\u0107 br\u0105zow\u0105 heroin\u0119 w proszku od Narco Powders?<\/h2>\n<p>Je\u015bli chcesz zam\u00f3wi\u0107 br\u0105zow\u0105 heroin\u0119 w proszku online, istnieje wiele dost\u0119pnych opcji. Jednak nie wszystkie z nich s\u0105 dobrej jako\u015bci lub bezpieczne. W tym miejscu wkracza Narco Powders. Oferujemy szerok\u0105 gam\u0119 form, marek i odmian br\u0105zowej heroiny w proszku na sprzeda\u017c online, kt\u00f3rej mo\u017cesz zaufa\u0107. Dzi\u0119ki naszym kr\u00f3tkim czasom dostawy, otrzymasz swoje narkotyki szybko i \u0142atwo. Chcemy, aby ka\u017cdy, kto u nas zamawia, mia\u0142 pozytywne do\u015bwiadczenia zakupowe. Dzi\u0119ki \u0142atwemu procesowi zamawiania i wygodnym metodom p\u0142atno\u015bci, Narco Powders jest najlepszym wyborem do zakupu br\u0105zowej heroiny w proszku online. Nie czekaj wi\u0119c d\u0142u\u017cej - zam\u00f3w w naszym sklepie ju\u017c dzi\u015b i uzyskaj najlepsze oferty na swoje ulubione produkty!<\/p>","protected":false},"excerpt":{"rendered":"<p>Z czego sk\u0142ada si\u0119 br\u0105zowa heroina w proszku?<br \/>\nBPH to forma opium, kt\u00f3ra zosta\u0142a przetworzona na proszek. Proszek ten mo\u017cna \u0142atwo pali\u0107 lub wstrzykiwa\u0107, co czyni go silniejszym i bardziej uzale\u017cniaj\u0105cym ni\u017c inne formy opium. Ponadto, BPH ma d\u0142u\u017csze dzia\u0142anie ni\u017c inne rodzaje opium, dzi\u0119ki czemu idealnie nadaje si\u0119 do stosowania podczas intensywnych aktywno\u015bci, takich jak \u0107wiczenia lub seks.<\/p>","protected":false},"featured_media":7548,"comment_status":"open","ping_status":"closed","template":"","meta":{"_joinchat":[]},"product_brand":[],"product_cat":[3193],"product_tag":[3128,3129,3130,3131,3132,3133,3134,3135,3136,3137,3138,3139,3140,3141,3142,3143,3144,3145,3146,3147,3148,3149,3150,3151,3152],"class_list":{"0":"post-7530","1":"product","2":"type-product","3":"status-publish","4":"has-post-thumbnail","6":"product_cat-heroin","7":"product_tag-benefits-of-brown-powder-heroin","8":"product_tag-best-place-to-order-brown-powder-heroin","9":"product_tag-best-suppliers-of-heroin-online","10":"product_tag-brown-powder-heroin-for-sale","11":"product_tag-brown-powder-heroin-price","12":"product_tag-brown-powder-heroin-wholesale","13":"product_tag-buy-brown-powder-heroin-legally","14":"product_tag-buy-brown-powder-heroin-online-australia","15":"product_tag-buy-brown-powder-heroin-online-near-me","16":"product_tag-buy-brown-powder-heroin-online-usa","17":"product_tag-buy-cheap-heroin-online","18":"product_tag-buy-heroin-online","19":"product_tag-buying-heroin-online","20":"product_tag-cheap-brown-powder-heroin","21":"product_tag-cheap-heroin-for-sale","22":"product_tag-featured","23":"product_tag-heroin","24":"product_tag-heroin-for-sale","25":"product_tag-how-can-i-get-the-best-brown-powder-heroin","26":"product_tag-how-to-order-brown-powder-heroin","27":"product_tag-legit-brown-powder-heroin-online","28":"product_tag-what-is-brown-powder-heroin","29":"product_tag-where-can-i-buy-brown-powder-heroin","30":"product_tag-where-can-i-buy-heroin-online","31":"product_tag-where-to-buy-brown-powder-heroin","33":"first","34":"instock","35":"shipping-taxable","36":"purchasable","37":"product-type-variable"},"yoast_head":"<!-- This site is optimized with the Yoast SEO plugin v27.5 - https:\/\/yoast.com\/product\/yoast-seo-wordpress\/ -->\n<title>Braunes Heroinpulver -Chemgramx<\/title>\n<meta name=\"description\" content=\"Der Preis f\u00fcr braunes Heroinpulver ist im Vergleich zu anderen Anbietern erschwinglich, was es zu einer attraktiven Option f\u00fcr Konsumenten macht, die hochwertige Medikamente suchen, ohne ihr Budget zu sprengen.\" \/>\n<meta name=\"robots\" content=\"index, follow, max-snippet:-1, max-image-preview:large, max-video-preview:-1\" \/>\n<link rel=\"canonical\" href=\"https:\/\/chemgramx.com\/pl\/produkt-1\/brazowa-heroina-w-proszku\/\" \/>\n<meta property=\"og:locale\" content=\"pl_PL\" \/>\n<meta property=\"og:type\" content=\"article\" \/>\n<meta property=\"og:title\" content=\"Braunes Heroinpulver -Chemgramx\" \/>\n<meta property=\"og:description\" content=\"Der Preis f\u00fcr braunes Heroinpulver ist im Vergleich zu anderen Anbietern erschwinglich, was es zu einer attraktiven Option f\u00fcr Konsumenten macht, die hochwertige Medikamente suchen, ohne ihr Budget zu sprengen.\" \/>\n<meta property=\"og:url\" content=\"https:\/\/chemgramx.com\/pl\/produkt-1\/brazowa-heroina-w-proszku\/\" \/>\n<meta property=\"og:site_name\" content=\"Chemgramx\" \/>\n<meta property=\"article:modified_time\" content=\"2025-11-21T11:18:43+00:00\" \/>\n<meta property=\"og:image\" content=\"https:\/\/chemgramx.com\/wp-content\/uploads\/2025\/11\/braunes-heroinpulver.webp\" \/>\n\t<meta property=\"og:image:width\" content=\"1200\" \/>\n\t<meta property=\"og:image:height\" content=\"1200\" \/>\n\t<meta property=\"og:image:type\" content=\"image\/webp\" \/>\n<meta name=\"twitter:card\" content=\"summary_large_image\" \/>\n<meta name=\"twitter:label1\" content=\"Szacowany czas czytania\" \/>\n\t<meta name=\"twitter:data1\" content=\"3 minuty\" \/>\n<script type=\"application\/ld+json\" class=\"yoast-schema-graph\">{\"@context\":\"https:\\\/\\\/schema.org\",\"@graph\":[{\"@type\":\"WebPage\",\"@id\":\"https:\\\/\\\/chemgramx.com\\\/product\\\/braunes-heroinpulver\\\/\",\"url\":\"https:\\\/\\\/chemgramx.com\\\/product\\\/braunes-heroinpulver\\\/\",\"name\":\"Braunes Heroinpulver -Chemgramx\",\"isPartOf\":{\"@id\":\"https:\\\/\\\/chemgramx.com\\\/#website\"},\"primaryImageOfPage\":{\"@id\":\"https:\\\/\\\/chemgramx.com\\\/product\\\/braunes-heroinpulver\\\/#primaryimage\"},\"image\":{\"@id\":\"https:\\\/\\\/chemgramx.com\\\/product\\\/braunes-heroinpulver\\\/#primaryimage\"},\"thumbnailUrl\":\"https:\\\/\\\/chemgramx.com\\\/wp-content\\\/uploads\\\/2025\\\/11\\\/braunes-heroinpulver.webp\",\"datePublished\":\"2025-11-21T11:17:59+00:00\",\"dateModified\":\"2025-11-21T11:18:43+00:00\",\"description\":\"Der Preis f\u00fcr braunes Heroinpulver ist im Vergleich zu anderen Anbietern erschwinglich, was es zu einer attraktiven Option f\u00fcr Konsumenten macht, die hochwertige Medikamente suchen, ohne ihr Budget zu sprengen.\",\"breadcrumb\":{\"@id\":\"https:\\\/\\\/chemgramx.com\\\/product\\\/braunes-heroinpulver\\\/#breadcrumb\"},\"inLanguage\":\"pl-PL\",\"potentialAction\":[{\"@type\":\"ReadAction\",\"target\":[\"https:\\\/\\\/chemgramx.com\\\/product\\\/braunes-heroinpulver\\\/\"]}]},{\"@type\":\"ImageObject\",\"inLanguage\":\"pl-PL\",\"@id\":\"https:\\\/\\\/chemgramx.com\\\/product\\\/braunes-heroinpulver\\\/#primaryimage\",\"url\":\"https:\\\/\\\/chemgramx.com\\\/wp-content\\\/uploads\\\/2025\\\/11\\\/braunes-heroinpulver.webp\",\"contentUrl\":\"https:\\\/\\\/chemgramx.com\\\/wp-content\\\/uploads\\\/2025\\\/11\\\/braunes-heroinpulver.webp\",\"width\":1200,\"height\":1200},{\"@type\":\"BreadcrumbList\",\"@id\":\"https:\\\/\\\/chemgramx.com\\\/product\\\/braunes-heroinpulver\\\/#breadcrumb\",\"itemListElement\":[{\"@type\":\"ListItem\",\"position\":1,\"name\":\"Home\",\"item\":\"https:\\\/\\\/chemgramx.com\\\/\"},{\"@type\":\"ListItem\",\"position\":2,\"name\":\"Shop\",\"item\":\"https:\\\/\\\/chemgramx.com\\\/shop\\\/\"},{\"@type\":\"ListItem\",\"position\":3,\"name\":\"Braunes Heroinpulver\"}]},{\"@type\":\"WebSite\",\"@id\":\"https:\\\/\\\/chemgramx.com\\\/#website\",\"url\":\"https:\\\/\\\/chemgramx.com\\\/\",\"name\":\"Chemgramx\",\"description\":\"\",\"publisher\":{\"@id\":\"https:\\\/\\\/chemgramx.com\\\/#organization\"},\"potentialAction\":[{\"@type\":\"SearchAction\",\"target\":{\"@type\":\"EntryPoint\",\"urlTemplate\":\"https:\\\/\\\/chemgramx.com\\\/?s={search_term_string}\"},\"query-input\":{\"@type\":\"PropertyValueSpecification\",\"valueRequired\":true,\"valueName\":\"search_term_string\"}}],\"inLanguage\":\"pl-PL\"},{\"@type\":\"Organization\",\"@id\":\"https:\\\/\\\/chemgramx.com\\\/#organization\",\"name\":\"Chemgramx\",\"url\":\"https:\\\/\\\/chemgramx.com\\\/\",\"logo\":{\"@type\":\"ImageObject\",\"inLanguage\":\"pl-PL\",\"@id\":\"https:\\\/\\\/chemgramx.com\\\/#\\\/schema\\\/logo\\\/image\\\/\",\"url\":\"https:\\\/\\\/chemgramx.com\\\/wp-content\\\/uploads\\\/2024\\\/10\\\/final-logo.png\",\"contentUrl\":\"https:\\\/\\\/chemgramx.com\\\/wp-content\\\/uploads\\\/2024\\\/10\\\/final-logo.png\",\"width\":250,\"height\":48,\"caption\":\"Chemgramx\"},\"image\":{\"@id\":\"https:\\\/\\\/chemgramx.com\\\/#\\\/schema\\\/logo\\\/image\\\/\"}}]}<\/script>\n<!-- \/ Yoast SEO plugin. -->","yoast_head_json":{"title":"Br\u0105zowa heroina w proszku - Chemgramx","description":"Cena br\u0105zowej heroiny w proszku jest przyst\u0119pna w por\u00f3wnaniu do innych dostawc\u00f3w, co czyni j\u0105 atrakcyjn\u0105 opcj\u0105 dla u\u017cytkownik\u00f3w poszukuj\u0105cych wysokiej jako\u015bci narkotyk\u00f3w bez nadwyr\u0119\u017cania bud\u017cetu.","robots":{"index":"index","follow":"follow","max-snippet":"max-snippet:-1","max-image-preview":"max-image-preview:large","max-video-preview":"max-video-preview:-1"},"canonical":"https:\/\/chemgramx.com\/pl\/produkt-1\/brazowa-heroina-w-proszku\/","og_locale":"pl_PL","og_type":"article","og_title":"Braunes Heroinpulver -Chemgramx","og_description":"Der Preis f\u00fcr braunes Heroinpulver ist im Vergleich zu anderen Anbietern erschwinglich, was es zu einer attraktiven Option f\u00fcr Konsumenten macht, die hochwertige Medikamente suchen, ohne ihr Budget zu sprengen.","og_url":"https:\/\/chemgramx.com\/pl\/produkt-1\/brazowa-heroina-w-proszku\/","og_site_name":"Chemgramx","article_modified_time":"2025-11-21T11:18:43+00:00","og_image":[{"width":1200,"height":1200,"url":"https:\/\/chemgramx.com\/wp-content\/uploads\/2025\/11\/braunes-heroinpulver.webp","type":"image\/webp"}],"twitter_card":"summary_large_image","twitter_misc":{"Szacowany czas czytania":"3 minuty"},"schema":{"@context":"https:\/\/schema.org","@graph":[{"@type":"WebPage","@id":"https:\/\/chemgramx.com\/product\/braunes-heroinpulver\/","url":"https:\/\/chemgramx.com\/product\/braunes-heroinpulver\/","name":"Br\u0105zowa heroina w proszku - Chemgramx","isPartOf":{"@id":"https:\/\/chemgramx.com\/#website"},"primaryImageOfPage":{"@id":"https:\/\/chemgramx.com\/product\/braunes-heroinpulver\/#primaryimage"},"image":{"@id":"https:\/\/chemgramx.com\/product\/braunes-heroinpulver\/#primaryimage"},"thumbnailUrl":"https:\/\/chemgramx.com\/wp-content\/uploads\/2025\/11\/braunes-heroinpulver.webp","datePublished":"2025-11-21T11:17:59+00:00","dateModified":"2025-11-21T11:18:43+00:00","description":"Cena br\u0105zowej heroiny w proszku jest przyst\u0119pna w por\u00f3wnaniu do innych dostawc\u00f3w, co czyni j\u0105 atrakcyjn\u0105 opcj\u0105 dla u\u017cytkownik\u00f3w poszukuj\u0105cych wysokiej jako\u015bci narkotyk\u00f3w bez nadwyr\u0119\u017cania bud\u017cetu.","breadcrumb":{"@id":"https:\/\/chemgramx.com\/product\/braunes-heroinpulver\/#breadcrumb"},"inLanguage":"pl-PL","potentialAction":[{"@type":"ReadAction","target":["https:\/\/chemgramx.com\/product\/braunes-heroinpulver\/"]}]},{"@type":"ImageObject","inLanguage":"pl-PL","@id":"https:\/\/chemgramx.com\/product\/braunes-heroinpulver\/#primaryimage","url":"https:\/\/chemgramx.com\/wp-content\/uploads\/2025\/11\/braunes-heroinpulver.webp","contentUrl":"https:\/\/chemgramx.com\/wp-content\/uploads\/2025\/11\/braunes-heroinpulver.webp","width":1200,"height":1200},{"@type":"BreadcrumbList","@id":"https:\/\/chemgramx.com\/product\/braunes-heroinpulver\/#breadcrumb","itemListElement":[{"@type":"ListItem","position":1,"name":"Home","item":"https:\/\/chemgramx.com\/"},{"@type":"ListItem","position":2,"name":"Shop","item":"https:\/\/chemgramx.com\/shop\/"},{"@type":"ListItem","position":3,"name":"Braunes Heroinpulver"}]},{"@type":"WebSite","@id":"https:\/\/chemgramx.com\/#website","url":"https:\/\/chemgramx.com\/","name":"Chemgramx","description":"","publisher":{"@id":"https:\/\/chemgramx.com\/#organization"},"potentialAction":[{"@type":"SearchAction","target":{"@type":"EntryPoint","urlTemplate":"https:\/\/chemgramx.com\/?s={search_term_string}"},"query-input":{"@type":"PropertyValueSpecification","valueRequired":true,"valueName":"search_term_string"}}],"inLanguage":"pl-PL"},{"@type":"Organization","@id":"https:\/\/chemgramx.com\/#organization","name":"Chemgramx","url":"https:\/\/chemgramx.com\/","logo":{"@type":"ImageObject","inLanguage":"pl-PL","@id":"https:\/\/chemgramx.com\/#\/schema\/logo\/image\/","url":"https:\/\/chemgramx.com\/wp-content\/uploads\/2024\/10\/final-logo.png","contentUrl":"https:\/\/chemgramx.com\/wp-content\/uploads\/2024\/10\/final-logo.png","width":250,"height":48,"caption":"Chemgramx"},"image":{"@id":"https:\/\/chemgramx.com\/#\/schema\/logo\/image\/"}}]}},"_links":{"self":[{"href":"https:\/\/chemgramx.com\/pl\/wp-json\/wp\/v2\/product\/7530","targetHints":{"allow":["GET"]}}],"collection":[{"href":"https:\/\/chemgramx.com\/pl\/wp-json\/wp\/v2\/product"}],"about":[{"href":"https:\/\/chemgramx.com\/pl\/wp-json\/wp\/v2\/types\/product"}],"replies":[{"embeddable":true,"href":"https:\/\/chemgramx.com\/pl\/wp-json\/wp\/v2\/comments?post=7530"}],"wp:featuredmedia":[{"embeddable":true,"href":"https:\/\/chemgramx.com\/pl\/wp-json\/wp\/v2\/media\/7548"}],"wp:attachment":[{"href":"https:\/\/chemgramx.com\/pl\/wp-json\/wp\/v2\/media?parent=7530"}],"wp:term":[{"taxonomy":"product_brand","embeddable":true,"href":"https:\/\/chemgramx.com\/pl\/wp-json\/wp\/v2\/product_brand?post=7530"},{"taxonomy":"product_cat","embeddable":true,"href":"https:\/\/chemgramx.com\/pl\/wp-json\/wp\/v2\/product_cat?post=7530"},{"taxonomy":"product_tag","embeddable":true,"href":"https:\/\/chemgramx.com\/pl\/wp-json\/wp\/v2\/product_tag?post=7530"}],"curies":[{"name":"wp","href":"https:\/\/api.w.org\/{rel}","templated":true}]}}