{"id":7599,"date":"2025-11-21T11:18:50","date_gmt":"2025-11-21T11:18:50","guid":{"rendered":"https:\/\/chemgramx.com\/?post_type=product&#038;p=7599"},"modified":"2025-11-21T11:19:55","modified_gmt":"2025-11-21T11:19:55","slug":"1p-lsd-1-propionyl-dietyloamid-kwasu-lizergowego-kupic-online-2","status":"publish","type":"product","link":"https:\/\/chemgramx.com\/pl\/product\/1p-lsd-1-propionyl-lysergsaeurediethylamid-online-kaufen\/","title":{"rendered":"Kup 1P-LSD (dietyloamid kwasu 1-propionylo-lizergowego) online"},"content":{"rendered":"<p data-start=\"295\" data-end=\"867\">1P-LSD (dietyloamid kwasu 1-propionylo-lizergowego) kup online to syntetyczny psychodelik, kt\u00f3ry jest strukturalnie blisko spokrewniony z LSD (dietyloamidem kwasu lizergowego). Ze wzgl\u0119du na swoje podobie\u0144stwa do LSD <a href=\"https:\/\/chemgramx.com\/product\/1p-lsd-1-propionyl-lysergsaurediethylamid\/\">Kup 1P-LSD online<\/a> 1P-LSD jest cz\u0119sto wykorzystywany w badaniach nad wp\u0142ywem psychodelik\u00f3w na m\u00f3zg - szczeg\u00f3lnie w odniesieniu do percepcji, \u015bwiadomo\u015bci i neuronauki. Od momentu wprowadzenia, 1P-LSD przyci\u0105ga zainteresowanie naukowc\u00f3w i chemik\u00f3w, poniewa\u017c jest cennym dodatkiem do bada\u0144 nad psychodelikami.<\/p>\n<h2 data-start=\"869\" data-end=\"889\">Czym jest 1P-LSD?<\/h2>\n<p data-start=\"891\" data-end=\"1326\"><a href=\"https:\/\/en.wikipedia.org\/wiki\/1P-LSD\">1P-LSD<\/a> je deriv\u00e1t lysergamidu pova\u017eovan\u00fd za prol\u00e9\u010divo LSD. To znamen\u00e1, \u017ee se v t\u011ble m\u016f\u017ee p\u0159em\u011bnit na LSD, co\u017e m\u00e1 za n\u00e1sledek velmi podobn\u00e9 psychedelick\u00e9 \u00fa\u010dinky. V\u011bdci jej pou\u017e\u00edvaj\u00ed v laborato\u0159i ke studiu \u00fa\u010dink\u016f aktivace serotoninov\u00fdch receptor\u016f a neurotransmiterov\u00fdch reakc\u00ed. Tyto studie pom\u00e1haj\u00ed z\u00edskat hlub\u0161\u00ed vhled do fungov\u00e1n\u00ed mozku pod vlivem psychedelik.<\/p>\n<h2 data-start=\"1328\" data-end=\"1353\">Badania z 1P-LSD<\/h2>\n<p data-start=\"1355\" data-end=\"1839\">W \u015brodowisku naukowym 1P-LSD jest cenione za zdolno\u015b\u0107 do zmiany \u015bwiadomo\u015bci i percepcji bez pe\u0142nego odtworzenia intensywno\u015bci dzia\u0142ania LSD. To czyni je cennym narz\u0119dziem do zrozumienia psychologicznych i neurologicznych mechanizm\u00f3w stoj\u0105cych za odmiennymi stanami \u015bwiadomo\u015bci. Naukowcy analizuj\u0105 r\u00f3wnie\u017c potencjalne terapeutyczne zastosowania substancji psychodelicznych, takie jak leczenie l\u0119ku, depresji i zespo\u0142u stresu pourazowego (PTSD).<\/p>\n<h2 data-start=\"1841\" data-end=\"1866\">Dlaczego warto wybra\u0107 1P-LSD?<\/h2>\n<p data-start=\"1868\" data-end=\"2214\">1P-LSD kup online oferuje podobne efekty do LSD, ale jest szczeg\u00f3lnie interesuj\u0105cy do cel\u00f3w badawczych ze wzgl\u0119du na r\u00f3\u017cnice strukturalne i charakter proleku. Naukowcy u\u017cywaj\u0105 go, aby dowiedzie\u0107 si\u0119 wi\u0119cej o aktywno\u015bci neuroprzeka\u017anik\u00f3w i reakcjach uk\u0142adu serotoninowego, kt\u00f3re s\u0105 odpowiedzialne za doznania psychodeliczne.<\/p>\n<h2 data-start=\"2216\" data-end=\"2264\">Korzy\u015bci z zakupu 1P-LSD od ChemGramX<\/h2>\n<ul data-start=\"2266\" data-end=\"2503\">\n<li data-start=\"2266\" data-end=\"2333\">\n<p data-start=\"2268\" data-end=\"2333\">Czysto\u015b\u0107 potwierdzona laboratoryjnie: Gwarantowana jako\u015b\u0107 dzi\u0119ki rygorystycznym testom<\/p>\n<\/li>\n<li data-start=\"2334\" data-end=\"2401\">\n<p data-start=\"2336\" data-end=\"2401\">Szybka i dyskretna dostawa: Niezawodna wysy\u0142ka na ca\u0142y \u015bwiat<\/p>\n<\/li>\n<li data-start=\"2402\" data-end=\"2503\">\n<p data-start=\"2404\" data-end=\"2503\">Idealne narz\u0119dzie do bada\u0144: Doskona\u0142e do bada\u0144 naukowych nad efektami psychodelicznymi<\/p>\n<\/li>\n<\/ul>\n<p data-start=\"2505\" data-end=\"2682\">Je\u015bli szukasz najlepszego miejsca do zakupu 1P-LSD online, powiniene\u015b polega\u0107 na zweryfikowanych sprzedawcach, kt\u00f3rzy oferuj\u0105 przejrzyste informacje, certyfikaty COA i uczciwe ceny 1P-LSD.<\/p>\n<h2 data-start=\"2684\" data-end=\"2715\">Bezpieczne obchodzenie si\u0119 z 1P-LSD<\/h2>\n<p data-start=\"2717\" data-end=\"2876\">Poniewa\u017c 1P-LSD na sprzeda\u017c jest substancj\u0105 chemiczn\u0105 przeznaczon\u0105 do bada\u0144, powinien by\u0107 stosowany wy\u0142\u0105cznie w kontrolowanych warunkach laboratoryjnych. Wa\u017cne:<\/p>\n<ul data-start=\"2878\" data-end=\"3029\">\n<li data-start=\"2878\" data-end=\"2916\">\n<p data-start=\"2880\" data-end=\"2916\">Use for research purposes only<\/p>\n<\/li>\n<li data-start=\"2966\" data-end=\"3029\">\n<p data-start=\"2968\" data-end=\"3029\">Zachowaj \u015brodki ostro\u017cno\u015bci, aby unikn\u0105\u0107 bezpo\u015bredniego kontaktu<\/p>\n<\/li>\n<\/ul>\n<h2 data-start=\"3031\" data-end=\"3072\">Zam\u00f3w 1P-LSD ju\u017c teraz w ChemGramX<\/h2>\n<p data-start=\"3074\" data-end=\"3275\">Czy jeste\u015b gotowy do u\u017cycia 1P-LSD w swoich badaniach naukowych? W takim razie ChemGramX jest najlepszym miejscem do zakupu 1P-LSD online - z szybk\u0105 dostaw\u0105, sprawdzon\u0105 czysto\u015bci\u0105 i uczciwymi warunkami.<\/p>\n<h2 data-start=\"3277\" data-end=\"3288\">Wnioski<\/h2>\n<p data-start=\"3290\" data-end=\"3549\">Je\u015bli zastanawiasz si\u0119, gdzie kupi\u0107 1P-LSD, powiniene\u015b polega\u0107 na renomowanych \u017ar\u00f3d\u0142ach. ChemGramX oferuje sprawdzon\u0105 jako\u015b\u0107, bezpieczne zamawianie i przejrzyste informacje. To sprawia, \u017ce legalny zakup 1P-LSD online jest bezpieczny i niezawodny.<\/p>\n<p data-start=\"3551\" data-end=\"3647\">Kup 1P-LSD online ju\u017c teraz i korzystaj z najwy\u017cszej czysto\u015bci w swoich projektach badawczych.<\/p>","protected":false},"excerpt":{"rendered":"<p><strong>1P-LSD (1-Propionyl-Lysergs\u00e4urediethylamid)<\/strong> ist ein psychoaktives Tryptamin-Derivat, das strukturell mit LSD (Lysergs\u00e4urediethylamid) verwandt ist. Es geh\u00f6rt zur Klasse der sogenannten Forschungschemikalien und wird oft als Prodrug von LSD betrachtet, was bedeutet, dass es im K\u00f6rper in LSD umgewandelt wird und \u00e4hnliche psychedelische Effekte erzeugt.<\/p>\n<h3>Chemische Struktur und Formel<\/h3>\n<ul>\n<li><strong>Chemische Formel:<\/strong> C\u2081\u2086H\u2082\u2081N\u2083O<\/li>\n<li><strong>IUPAC-Name:<\/strong> (6aR,9R)-N,N-Diethyl-7-propanoyl-4,6,6a,7,8,9-hexahydroindolo[4,3-fg]quinoline-9-carboxamide<\/li>\n<li><strong>CAS-Nummer:<\/strong> 22536-46-1<\/li>\n<\/ul>\n","protected":false},"featured_media":7607,"comment_status":"open","ping_status":"closed","template":"","meta":{"_joinchat":[]},"product_brand":[],"product_cat":[96],"product_tag":[180,179,200,208,201,191,202,196,192,199,197,206,190,195,189,203,194,198,193,204,207,181,188,186,187,183,184,185,182,205],"class_list":{"0":"post-7599","1":"product","2":"type-product","3":"status-publish","4":"has-post-thumbnail","6":"product_cat-psychedelische-droge","7":"product_tag-1-propionyl-lysergsaurediethylamid","8":"product_tag-1p-lsd","9":"product_tag-1p-lsd-als-chemisches-referenzmaterial","10":"product_tag-1p-lsd-analyse","11":"product_tag-1p-lsd-beschaffungsrichtlinien","12":"product_tag-1p-lsd-fur-forschung","13":"product_tag-1p-lsd-fur-industrielle-anwendungen","14":"product_tag-1p-lsd-fur-laboranwendungen","15":"product_tag-1p-lsd-fur-wissenschaftliche-studien","16":"product_tag-1p-lsd-gesetzliche-vorschriften","17":"product_tag-1p-lsd-groshandelslieferung","18":"product_tag-1p-lsd-im-wissenschaftlichen-bereich","19":"product_tag-1p-lsd-kaufen","20":"product_tag-1p-lsd-lagerung-und-handhabung","21":"product_tag-1p-lsd-lieferant","22":"product_tag-1p-lsd-marktanalyse","23":"product_tag-1p-lsd-preis-und-verfugbarkeit","24":"product_tag-1p-lsd-risiken-und-gefahren","25":"product_tag-1p-lsd-sicherheitsrichtlinien","26":"product_tag-1p-lsd-verfugbarkeit","27":"product_tag-1p-lsd-vertrieb","28":"product_tag-chemische-formel-1p-lsd","29":"product_tag-forschungschemikalien","30":"product_tag-nebenwirkungen-1p-lsd","31":"product_tag-psychedelische-substanzen","32":"product_tag-rechtlicher-status-1p-lsd","33":"product_tag-risiken-1p-lsd","34":"product_tag-vergleich-1p-lsd-und-lsd","35":"product_tag-wirkungen-von-1p-lsd","36":"product_tag-wo-1p-lsd-kaufen","38":"first","39":"instock","40":"shipping-taxable","41":"purchasable","42":"product-type-variable"},"yoast_head":"<!-- This site is optimized with the Yoast SEO plugin v27.5 - https:\/\/yoast.com\/product\/yoast-seo-wordpress\/ -->\n<title>1P-LSD (1-Propionyl-Lysergs\u00e4urediethylamid) online kaufen<\/title>\n<meta name=\"description\" content=\"Wenn Sie 1P-LSD (1-Propionyl-Lysergs\u00e4urediethylamid) online kaufen m\u00f6chten und nach einem zuverl\u00e4ssigen Online-Shop suchen, dann kaufen Sie hier. Wir bieten nur hochwertiges 1P-LSD zu einem erschwinglichen Preis zum Verkauf an. Bestellen Sie 1P-LSD jetzt!\" \/>\n<meta name=\"robots\" content=\"index, follow, max-snippet:-1, max-image-preview:large, max-video-preview:-1\" \/>\n<link rel=\"canonical\" href=\"https:\/\/chemgramx.com\/pl\/produkt-1\/1p-lsd-1-propionyl-dietyloamid-kwasu-lizergowego-kupic-online-2\/\" \/>\n<meta property=\"og:locale\" content=\"pl_PL\" \/>\n<meta property=\"og:type\" content=\"article\" \/>\n<meta property=\"og:title\" content=\"1P-LSD (1-Propionyl-Lysergs\u00e4urediethylamid) online kaufen\" \/>\n<meta property=\"og:description\" content=\"Wenn Sie 1P-LSD (1-Propionyl-Lysergs\u00e4urediethylamid) online kaufen m\u00f6chten und nach einem zuverl\u00e4ssigen Online-Shop suchen, dann kaufen Sie hier. Wir bieten nur hochwertiges 1P-LSD zu einem erschwinglichen Preis zum Verkauf an. Bestellen Sie 1P-LSD jetzt!\" \/>\n<meta property=\"og:url\" content=\"https:\/\/chemgramx.com\/pl\/produkt-1\/1p-lsd-1-propionyl-dietyloamid-kwasu-lizergowego-kupic-online-2\/\" \/>\n<meta property=\"og:site_name\" content=\"Chemgramx\" \/>\n<meta property=\"article:modified_time\" content=\"2025-11-21T11:19:55+00:00\" \/>\n<meta property=\"og:image\" content=\"https:\/\/chemgramx.com\/wp-content\/uploads\/2025\/11\/1P-LSD-kaufen.jpg\" \/>\n\t<meta property=\"og:image:width\" content=\"350\" \/>\n\t<meta property=\"og:image:height\" content=\"350\" \/>\n\t<meta property=\"og:image:type\" content=\"image\/jpeg\" \/>\n<meta name=\"twitter:card\" content=\"summary_large_image\" \/>\n<meta name=\"twitter:label1\" content=\"Szacowany czas czytania\" \/>\n\t<meta name=\"twitter:data1\" content=\"3 minuty\" \/>\n<script type=\"application\/ld+json\" class=\"yoast-schema-graph\">{\"@context\":\"https:\\\/\\\/schema.org\",\"@graph\":[{\"@type\":\"WebPage\",\"@id\":\"https:\\\/\\\/chemgramx.com\\\/product\\\/1p-lsd-1-propionyl-lysergsaeurediethylamid-online-kaufen\\\/\",\"url\":\"https:\\\/\\\/chemgramx.com\\\/product\\\/1p-lsd-1-propionyl-lysergsaeurediethylamid-online-kaufen\\\/\",\"name\":\"1P-LSD (1-Propionyl-Lysergs\u00e4urediethylamid) online kaufen\",\"isPartOf\":{\"@id\":\"https:\\\/\\\/chemgramx.com\\\/#website\"},\"primaryImageOfPage\":{\"@id\":\"https:\\\/\\\/chemgramx.com\\\/product\\\/1p-lsd-1-propionyl-lysergsaeurediethylamid-online-kaufen\\\/#primaryimage\"},\"image\":{\"@id\":\"https:\\\/\\\/chemgramx.com\\\/product\\\/1p-lsd-1-propionyl-lysergsaeurediethylamid-online-kaufen\\\/#primaryimage\"},\"thumbnailUrl\":\"https:\\\/\\\/chemgramx.com\\\/wp-content\\\/uploads\\\/2025\\\/11\\\/1P-LSD-kaufen.jpg\",\"datePublished\":\"2025-11-21T11:18:50+00:00\",\"dateModified\":\"2025-11-21T11:19:55+00:00\",\"description\":\"Wenn Sie 1P-LSD (1-Propionyl-Lysergs\u00e4urediethylamid) online kaufen m\u00f6chten und nach einem zuverl\u00e4ssigen Online-Shop suchen, dann kaufen Sie hier. Wir bieten nur hochwertiges 1P-LSD zu einem erschwinglichen Preis zum Verkauf an. Bestellen Sie 1P-LSD jetzt!\",\"breadcrumb\":{\"@id\":\"https:\\\/\\\/chemgramx.com\\\/product\\\/1p-lsd-1-propionyl-lysergsaeurediethylamid-online-kaufen\\\/#breadcrumb\"},\"inLanguage\":\"pl-PL\",\"potentialAction\":[{\"@type\":\"ReadAction\",\"target\":[\"https:\\\/\\\/chemgramx.com\\\/product\\\/1p-lsd-1-propionyl-lysergsaeurediethylamid-online-kaufen\\\/\"]}]},{\"@type\":\"ImageObject\",\"inLanguage\":\"pl-PL\",\"@id\":\"https:\\\/\\\/chemgramx.com\\\/product\\\/1p-lsd-1-propionyl-lysergsaeurediethylamid-online-kaufen\\\/#primaryimage\",\"url\":\"https:\\\/\\\/chemgramx.com\\\/wp-content\\\/uploads\\\/2025\\\/11\\\/1P-LSD-kaufen.jpg\",\"contentUrl\":\"https:\\\/\\\/chemgramx.com\\\/wp-content\\\/uploads\\\/2025\\\/11\\\/1P-LSD-kaufen.jpg\",\"width\":350,\"height\":350},{\"@type\":\"BreadcrumbList\",\"@id\":\"https:\\\/\\\/chemgramx.com\\\/product\\\/1p-lsd-1-propionyl-lysergsaeurediethylamid-online-kaufen\\\/#breadcrumb\",\"itemListElement\":[{\"@type\":\"ListItem\",\"position\":1,\"name\":\"Home\",\"item\":\"https:\\\/\\\/chemgramx.com\\\/\"},{\"@type\":\"ListItem\",\"position\":2,\"name\":\"Shop\",\"item\":\"https:\\\/\\\/chemgramx.com\\\/shop\\\/\"},{\"@type\":\"ListItem\",\"position\":3,\"name\":\"1P-LSD (1-Propionyl-Lysergs\u00e4urediethylamid) Online Kaufen\"}]},{\"@type\":\"WebSite\",\"@id\":\"https:\\\/\\\/chemgramx.com\\\/#website\",\"url\":\"https:\\\/\\\/chemgramx.com\\\/\",\"name\":\"Chemgramx\",\"description\":\"\",\"publisher\":{\"@id\":\"https:\\\/\\\/chemgramx.com\\\/#organization\"},\"potentialAction\":[{\"@type\":\"SearchAction\",\"target\":{\"@type\":\"EntryPoint\",\"urlTemplate\":\"https:\\\/\\\/chemgramx.com\\\/?s={search_term_string}\"},\"query-input\":{\"@type\":\"PropertyValueSpecification\",\"valueRequired\":true,\"valueName\":\"search_term_string\"}}],\"inLanguage\":\"pl-PL\"},{\"@type\":\"Organization\",\"@id\":\"https:\\\/\\\/chemgramx.com\\\/#organization\",\"name\":\"Chemgramx\",\"url\":\"https:\\\/\\\/chemgramx.com\\\/\",\"logo\":{\"@type\":\"ImageObject\",\"inLanguage\":\"pl-PL\",\"@id\":\"https:\\\/\\\/chemgramx.com\\\/#\\\/schema\\\/logo\\\/image\\\/\",\"url\":\"https:\\\/\\\/chemgramx.com\\\/wp-content\\\/uploads\\\/2024\\\/10\\\/final-logo.png\",\"contentUrl\":\"https:\\\/\\\/chemgramx.com\\\/wp-content\\\/uploads\\\/2024\\\/10\\\/final-logo.png\",\"width\":250,\"height\":48,\"caption\":\"Chemgramx\"},\"image\":{\"@id\":\"https:\\\/\\\/chemgramx.com\\\/#\\\/schema\\\/logo\\\/image\\\/\"}}]}<\/script>\n<!-- \/ Yoast SEO plugin. -->","yoast_head_json":{"title":"Kup 1P-LSD (dietyloamid kwasu 1-propionylo-lizergowego) online","description":"Je\u015bli chcesz kupi\u0107 1P-LSD (dietyloamid kwasu 1-propionylo-lizergowego) online i szukasz wiarygodnego sklepu internetowego, kup tutaj. Oferujemy tylko wysokiej jako\u015bci 1P-LSD na sprzeda\u017c w przyst\u0119pnej cenie. Zam\u00f3w 1P-LSD ju\u017c teraz!","robots":{"index":"index","follow":"follow","max-snippet":"max-snippet:-1","max-image-preview":"max-image-preview:large","max-video-preview":"max-video-preview:-1"},"canonical":"https:\/\/chemgramx.com\/pl\/produkt-1\/1p-lsd-1-propionyl-dietyloamid-kwasu-lizergowego-kupic-online-2\/","og_locale":"pl_PL","og_type":"article","og_title":"1P-LSD (1-Propionyl-Lysergs\u00e4urediethylamid) online kaufen","og_description":"Wenn Sie 1P-LSD (1-Propionyl-Lysergs\u00e4urediethylamid) online kaufen m\u00f6chten und nach einem zuverl\u00e4ssigen Online-Shop suchen, dann kaufen Sie hier. Wir bieten nur hochwertiges 1P-LSD zu einem erschwinglichen Preis zum Verkauf an. Bestellen Sie 1P-LSD jetzt!","og_url":"https:\/\/chemgramx.com\/pl\/produkt-1\/1p-lsd-1-propionyl-dietyloamid-kwasu-lizergowego-kupic-online-2\/","og_site_name":"Chemgramx","article_modified_time":"2025-11-21T11:19:55+00:00","og_image":[{"width":350,"height":350,"url":"https:\/\/chemgramx.com\/wp-content\/uploads\/2025\/11\/1P-LSD-kaufen.jpg","type":"image\/jpeg"}],"twitter_card":"summary_large_image","twitter_misc":{"Szacowany czas czytania":"3 minuty"},"schema":{"@context":"https:\/\/schema.org","@graph":[{"@type":"WebPage","@id":"https:\/\/chemgramx.com\/product\/1p-lsd-1-propionyl-lysergsaeurediethylamid-online-kaufen\/","url":"https:\/\/chemgramx.com\/product\/1p-lsd-1-propionyl-lysergsaeurediethylamid-online-kaufen\/","name":"Kup 1P-LSD (dietyloamid kwasu 1-propionylo-lizergowego) online","isPartOf":{"@id":"https:\/\/chemgramx.com\/#website"},"primaryImageOfPage":{"@id":"https:\/\/chemgramx.com\/product\/1p-lsd-1-propionyl-lysergsaeurediethylamid-online-kaufen\/#primaryimage"},"image":{"@id":"https:\/\/chemgramx.com\/product\/1p-lsd-1-propionyl-lysergsaeurediethylamid-online-kaufen\/#primaryimage"},"thumbnailUrl":"https:\/\/chemgramx.com\/wp-content\/uploads\/2025\/11\/1P-LSD-kaufen.jpg","datePublished":"2025-11-21T11:18:50+00:00","dateModified":"2025-11-21T11:19:55+00:00","description":"Je\u015bli chcesz kupi\u0107 1P-LSD (dietyloamid kwasu 1-propionylo-lizergowego) online i szukasz wiarygodnego sklepu internetowego, kup tutaj. Oferujemy tylko wysokiej jako\u015bci 1P-LSD na sprzeda\u017c w przyst\u0119pnej cenie. Zam\u00f3w 1P-LSD ju\u017c teraz!","breadcrumb":{"@id":"https:\/\/chemgramx.com\/product\/1p-lsd-1-propionyl-lysergsaeurediethylamid-online-kaufen\/#breadcrumb"},"inLanguage":"pl-PL","potentialAction":[{"@type":"ReadAction","target":["https:\/\/chemgramx.com\/product\/1p-lsd-1-propionyl-lysergsaeurediethylamid-online-kaufen\/"]}]},{"@type":"ImageObject","inLanguage":"pl-PL","@id":"https:\/\/chemgramx.com\/product\/1p-lsd-1-propionyl-lysergsaeurediethylamid-online-kaufen\/#primaryimage","url":"https:\/\/chemgramx.com\/wp-content\/uploads\/2025\/11\/1P-LSD-kaufen.jpg","contentUrl":"https:\/\/chemgramx.com\/wp-content\/uploads\/2025\/11\/1P-LSD-kaufen.jpg","width":350,"height":350},{"@type":"BreadcrumbList","@id":"https:\/\/chemgramx.com\/product\/1p-lsd-1-propionyl-lysergsaeurediethylamid-online-kaufen\/#breadcrumb","itemListElement":[{"@type":"ListItem","position":1,"name":"Home","item":"https:\/\/chemgramx.com\/"},{"@type":"ListItem","position":2,"name":"Shop","item":"https:\/\/chemgramx.com\/shop\/"},{"@type":"ListItem","position":3,"name":"1P-LSD (1-Propionyl-Lysergs\u00e4urediethylamid) Online Kaufen"}]},{"@type":"WebSite","@id":"https:\/\/chemgramx.com\/#website","url":"https:\/\/chemgramx.com\/","name":"Chemgramx","description":"","publisher":{"@id":"https:\/\/chemgramx.com\/#organization"},"potentialAction":[{"@type":"SearchAction","target":{"@type":"EntryPoint","urlTemplate":"https:\/\/chemgramx.com\/?s={search_term_string}"},"query-input":{"@type":"PropertyValueSpecification","valueRequired":true,"valueName":"search_term_string"}}],"inLanguage":"pl-PL"},{"@type":"Organization","@id":"https:\/\/chemgramx.com\/#organization","name":"Chemgramx","url":"https:\/\/chemgramx.com\/","logo":{"@type":"ImageObject","inLanguage":"pl-PL","@id":"https:\/\/chemgramx.com\/#\/schema\/logo\/image\/","url":"https:\/\/chemgramx.com\/wp-content\/uploads\/2024\/10\/final-logo.png","contentUrl":"https:\/\/chemgramx.com\/wp-content\/uploads\/2024\/10\/final-logo.png","width":250,"height":48,"caption":"Chemgramx"},"image":{"@id":"https:\/\/chemgramx.com\/#\/schema\/logo\/image\/"}}]}},"_links":{"self":[{"href":"https:\/\/chemgramx.com\/pl\/wp-json\/wp\/v2\/product\/7599","targetHints":{"allow":["GET"]}}],"collection":[{"href":"https:\/\/chemgramx.com\/pl\/wp-json\/wp\/v2\/product"}],"about":[{"href":"https:\/\/chemgramx.com\/pl\/wp-json\/wp\/v2\/types\/product"}],"replies":[{"embeddable":true,"href":"https:\/\/chemgramx.com\/pl\/wp-json\/wp\/v2\/comments?post=7599"}],"wp:featuredmedia":[{"embeddable":true,"href":"https:\/\/chemgramx.com\/pl\/wp-json\/wp\/v2\/media\/7607"}],"wp:attachment":[{"href":"https:\/\/chemgramx.com\/pl\/wp-json\/wp\/v2\/media?parent=7599"}],"wp:term":[{"taxonomy":"product_brand","embeddable":true,"href":"https:\/\/chemgramx.com\/pl\/wp-json\/wp\/v2\/product_brand?post=7599"},{"taxonomy":"product_cat","embeddable":true,"href":"https:\/\/chemgramx.com\/pl\/wp-json\/wp\/v2\/product_cat?post=7599"},{"taxonomy":"product_tag","embeddable":true,"href":"https:\/\/chemgramx.com\/pl\/wp-json\/wp\/v2\/product_tag?post=7599"}],"curies":[{"name":"wp","href":"https:\/\/api.w.org\/{rel}","templated":true}]}}