{"id":7601,"date":"2025-11-21T11:18:50","date_gmt":"2025-11-21T11:18:50","guid":{"rendered":"https:\/\/chemgramx.com\/?post_type=product&#038;p=7601"},"modified":"2025-11-21T11:19:55","modified_gmt":"2025-11-21T11:19:55","slug":"kup-online-2cl-2-chlor-dietyloamid-kwasu-lizergowego","status":"publish","type":"product","link":"https:\/\/chemgramx.com\/pl\/product\/2cl-2-chlor-lysergsaeurediethylamid-online-kaufen\/","title":{"rendered":"2CL (dietyloamid kwasu 2-chloro-lizergowego) Kup online"},"content":{"rendered":"<p>Szukasz wiarygodnego \u017ar\u00f3d\u0142a, gdzie mo\u017cesz kupi\u0107 2C-L online? ChemGramX oferuje czysty, przetestowany laboratoryjnie <a href=\"https:\/\/chemgramx.com\/product\/2cl-2-chlor-lysergsaurediethylamid\/\">2C-L<\/a> Do cel\u00f3w bada\u0144 naukowych. 2C-L to jedna z mniej znanych substancji psychodelicznych z serii 2C, wykorzystywana w badaniach nad zmianami percepcji i \u015bwiadomo\u015bci. ChemGramX gwarantuje najwy\u017csz\u0105 czysto\u015b\u0107 i dyskretn\u0105 wysy\u0142k\u0119 dla Twoich potrzeb badawczych.<a href=\"https:\/\/medicijnenkoop.com\/es\/producto\/methylfenidaat-poeder\/\">.<\/a><\/p>\n<h3>Co to jest 2C-L?<\/h3>\n<p><a href=\"https:\/\/en.wikipedia.org\/wiki\/2-Chloroethanol\">2C-L<\/a>\u00a0Pat\u0159\u00ed do t\u0159\u00eddy psychedelik fenethylaminu a je zn\u00e1m\u00fd sv\u00fdmi halucinogenn\u00edmi \u00fa\u010dinky a interakc\u00ed se serotoninsk\u00fdmi receptory v mozku. V\u00fdzkumn\u00edci, kte\u0159\u00ed si 2C-L zakoupili, jej pou\u017e\u00edvaj\u00ed ke studiu zm\u011bn chov\u00e1n\u00ed, emo\u010dn\u00edch reakc\u00ed a jeho \u00fa\u010dink\u016f na centr\u00e1ln\u00ed nervov\u00fd syst\u00e9m. Tato slou\u010denina poskytuje hloubkov\u00fd vhled do fungov\u00e1n\u00ed neurotransmiter\u016f, zejm\u00e9na serotoninu, a jejich role ve vn\u00edm\u00e1n\u00ed a n\u00e1lad\u011b.<\/p>\n<h3>Dlaczego warto kupi\u0107 2C-L?<\/h3>\n<p>Kupuj\u0105c 2C-L, otrzymujesz wysoce oczyszczony zwi\u0105zek, idealny do bada\u0144 nad substancjami psychodelicznymi. 2C-L jest wykorzystywany w badaniach naukowych do analizy wp\u0142ywu substancji psychodelicznych na m\u00f3zg i zachowanie. Dzi\u0119ki swojemu psychoaktywnemu dzia\u0142aniu jest cennym narz\u0119dziem dla naukowc\u00f3w badaj\u0105cych mechanizmy stoj\u0105ce za zmianami percepcji i stan\u00f3w \u015bwiadomo\u015bci.<\/p>\n<h3>Kup 2C-L online w ChemGramX<\/h3>\n<p>ChemGramX oferuje bezpieczny i \u0142atwy spos\u00f3b zakupu 2C-L online. Nasz proszek 2C-L jest testowany w niezale\u017cnych laboratoriach i spe\u0142nia najwy\u017csze standardy jako\u015bci. Je\u015bli potrzebujesz 2C-L do bada\u0144, mo\u017cesz polega\u0107 na ChemGramX jako niezawodnym dostawcy, oferuj\u0105cym najwy\u017csz\u0105 czysto\u015b\u0107 i jako\u015b\u0107.<\/p>\n<h3>Zalety zakupu 2C-L od ChemGramX<\/h3>\n<ul>\n<li>Czysto\u015b\u0107 potwierdzona laboratoryjnie: Nasz 2C-L przechodzi rygorystyczne testy w celu zapewnienia najwy\u017cszej czysto\u015bci i sp\u00f3jno\u015bci.<\/li>\n<li>Dyskretna wysy\u0142ka: Twoje zam\u00f3wienie zostanie dostarczone bezpiecznie i dyskretnie, aby chroni\u0107 Twoj\u0105 prywatno\u015b\u0107.<\/li>\n<li>Idealny do bada\u0144: 2C-L doskonale nadaje si\u0119 do bada\u0144 naukowych nad aktywno\u015bci\u0105 neuroprzeka\u017anik\u00f3w, wp\u0142ywem serotoniny i bada\u0144 nad substancjami psychodelicznymi.<\/li>\n<\/ul>\n<h3>2C-L Legalno\u015b\u0107 i bezpieczna wysy\u0142ka<\/h3>\n<p>Legalno\u015b\u0107 2C-L r\u00f3\u017cni si\u0119 w zale\u017cno\u015bci od kraju, dlatego przed zakupem 2C-L nale\u017cy sprawdzi\u0107 przepisy prawne obowi\u0105zuj\u0105ce w danym kraju. ChemGramX sprzedaje 2C-L wy\u0142\u0105cznie do cel\u00f3w naukowych i dba o spe\u0142nienie wszystkich wymog\u00f3w prawnych. Oferujemy dyskretn\u0105 wysy\u0142k\u0119, dzi\u0119ki czemu Twoje zam\u00f3wienie zostanie dostarczone bezpiecznie i anonimowo.<\/p>\n<h3>Kup teraz 2C-L<\/h3>\n<p>Je\u015bli chcesz kupi\u0107 2C-L, ChemGramX oferuje proste i bezpieczne rozwi\u0105zanie. Kup teraz i skorzystaj z naszej szybkiej, dyskretnej dostawy oraz gwarancji czysto\u015bci naszych produkt\u00f3w. Kupowanie 2C-L online nigdy nie by\u0142o prostsze i bardziej niezawodne!<\/p>\n<p>ChemGramX - Twoje zaufane \u017ar\u00f3d\u0142o 2C-L i wysokiej jako\u015bci chemikali\u00f3w badawczych<\/p>","protected":false},"excerpt":{"rendered":"<p><strong>2CL (dietyloamid kwasu 2-chloro-lizergowego)<\/strong> nale\u017cy do rodziny lizergamid\u00f3w i jest znany ze swoich silnych efekt\u00f3w psychodelicznych. Opracowany do cel\u00f3w badawczych, 2CL jest powszechnie stosowany w chemii eksperymentalnej i przez u\u017cytkownik\u00f3w poszukuj\u0105cych nowych do\u015bwiadcze\u0144. Ma potencja\u0142 do poszerzania \u015bwiadomo\u015bci i oferowania g\u0142\u0119bszego wgl\u0105du.<\/p>\n<ul>\n<li><strong>Formu\u0142a<\/strong>C20H25ClN2O | <strong>Masa cz\u0105steczkowa<\/strong>344,88 g\/mol<\/li>\n<li><strong>Wa\u017cna w\u0142a\u015bciwo\u015b\u0107<\/strong>Atom chloru w pier\u015bcieniu indolowym zwi\u0119ksza stabilno\u015b\u0107 i zmienia profil farmakologiczny.<\/li>\n<\/ul>\n<p><strong>Jak dzia\u0142a 2CL<\/strong><br \/>\n2CL oddzia\u0142uje z receptorami serotoninowymi w m\u00f3zgu, w szczeg\u00f3lno\u015bci <strong>5-HT2A<\/strong>i wp\u0142ywa na neurotransmisj\u0119:<\/p>\n<ul>\n<li><strong>Wi\u0105zanie receptora<\/strong>Modyfikuje szlaki sygnalizacyjne serotoniny.<\/li>\n<li><strong>Skutki neurologiczne<\/strong>Wp\u0142ywa na szlaki serotoniny, dopaminy i noradrenaliny oraz zmienia funkcje poznawcze, nastr\u00f3j i percepcj\u0119.<\/li>\n<\/ul>","protected":false},"featured_media":7609,"comment_status":"open","ping_status":"closed","template":"","meta":{"_joinchat":[]},"product_brand":[],"product_cat":[96],"product_tag":[1121,1114,1102,1107,1123,1111,1106,1119,1120,1104,1116,1101,1117,1113,1108,1105,1112,1126,1140,1133,1103,1122,1110,1132,1115,1118,1109,1137,1138,1125,1124,1136,1142,1141,1139,1129,1134,1131,1130,1128,1135,1127],"class_list":{"0":"post-7601","1":"product","2":"type-product","3":"status-publish","4":"has-post-thumbnail","6":"product_cat-psychedelische-droge","7":"product_tag-2-chlor-lysergsaurediethylamid-lieferant","8":"product_tag-2cl-anbieter","9":"product_tag-2cl-bestellen","10":"product_tag-2cl-chemikalie","11":"product_tag-2cl-distributoren-weltweit","12":"product_tag-2cl-experimente","13":"product_tag-2cl-forschung","14":"product_tag-2cl-forschung-chemikalie","15":"product_tag-2cl-forschung-chemikalie-kaufen","16":"product_tag-2cl-groshandel","17":"product_tag-2cl-gunstig","18":"product_tag-2cl-kaufen","19":"product_tag-2cl-kaufen-online","20":"product_tag-2cl-labor","21":"product_tag-2cl-legal","22":"product_tag-2cl-lieferant","23":"product_tag-2cl-lysergamid","24":"product_tag-2cl-lysergamid-groshandel","25":"product_tag-2cl-markttrends","26":"product_tag-2cl-neurowissenschaftliche-experimente","27":"product_tag-2cl-online","28":"product_tag-2cl-online-bestellen","29":"product_tag-2cl-preis","30":"product_tag-2cl-psychoaktive-forschung-chemikalie","31":"product_tag-2cl-qualitat","32":"product_tag-2cl-sicher","33":"product_tag-2cl-versand","34":"product_tag-5-ht2a-agonist-verbindungen","35":"product_tag-akademischer-2cl-kauf","36":"product_tag-erschwingliche-2cl-fur-forscher","37":"product_tag-forschung-chemikalien-anbieter","38":"product_tag-hochreines-2cl-chemikalie","39":"product_tag-individuelle-chemikalienbeschaffung-2cl","40":"product_tag-innovative-lysergamide-im-angebot","41":"product_tag-klinische-studienverbindungen-2cl","42":"product_tag-laborqualitat-2cl","43":"product_tag-legaler-lysergamid-lieferant","44":"product_tag-lysergamid-verbindungen-kaufen","45":"product_tag-pharmazeutische-qualitat-2cl","46":"product_tag-serotonin-modulator-fur-studien","47":"product_tag-sicherer-2cl-versand","48":"product_tag-vertrauenswurdiger-2cl-verkaufer","50":"first","51":"instock","52":"shipping-taxable","53":"purchasable","54":"product-type-variable"},"yoast_head":"<!-- This site is optimized with the Yoast SEO plugin v27.5 - https:\/\/yoast.com\/product\/yoast-seo-wordpress\/ -->\n<title>2CL (2-Chlor-Lysergs\u00e4urediethylamid) online kaufen<\/title>\n<meta name=\"description\" content=\"Ihre Bestellung von 2cl (2-Chlor-Lysergs\u00e4urediethylamid) zum Verkauf liegt in unserer Verantwortung. Wir werden Ihre Anfrage zum Online-Kauf von 2cl (2-Chlor-Lysergs\u00e4urediethylamid) ber\u00fccksichtigen und Sie in kurzer Zeit erreichen. Jetzt Gro\u00dfbestellungen aufgeben!\" \/>\n<meta name=\"robots\" content=\"index, follow, max-snippet:-1, max-image-preview:large, max-video-preview:-1\" \/>\n<link rel=\"canonical\" href=\"https:\/\/chemgramx.com\/pl\/produkt-1\/kup-online-2cl-2-chlor-dietyloamid-kwasu-lizergowego\/\" \/>\n<meta property=\"og:locale\" content=\"pl_PL\" \/>\n<meta property=\"og:type\" content=\"article\" \/>\n<meta property=\"og:title\" content=\"2CL (2-Chlor-Lysergs\u00e4urediethylamid) online kaufen\" \/>\n<meta property=\"og:description\" content=\"Ihre Bestellung von 2cl (2-Chlor-Lysergs\u00e4urediethylamid) zum Verkauf liegt in unserer Verantwortung. Wir werden Ihre Anfrage zum Online-Kauf von 2cl (2-Chlor-Lysergs\u00e4urediethylamid) ber\u00fccksichtigen und Sie in kurzer Zeit erreichen. Jetzt Gro\u00dfbestellungen aufgeben!\" \/>\n<meta property=\"og:url\" content=\"https:\/\/chemgramx.com\/pl\/produkt-1\/kup-online-2cl-2-chlor-dietyloamid-kwasu-lizergowego\/\" \/>\n<meta property=\"og:site_name\" content=\"Chemgramx\" \/>\n<meta property=\"article:modified_time\" content=\"2025-11-21T11:19:55+00:00\" \/>\n<meta property=\"og:image\" content=\"https:\/\/chemgramx.com\/wp-content\/uploads\/2025\/11\/2C-L-kaufen.webp\" \/>\n\t<meta property=\"og:image:width\" content=\"375\" \/>\n\t<meta property=\"og:image:height\" content=\"500\" \/>\n\t<meta property=\"og:image:type\" content=\"image\/webp\" \/>\n<meta name=\"twitter:card\" content=\"summary_large_image\" \/>\n<meta name=\"twitter:label1\" content=\"Szacowany czas czytania\" \/>\n\t<meta name=\"twitter:data1\" content=\"2 minuty\" \/>\n<script type=\"application\/ld+json\" class=\"yoast-schema-graph\">{\"@context\":\"https:\\\/\\\/schema.org\",\"@graph\":[{\"@type\":\"WebPage\",\"@id\":\"https:\\\/\\\/chemgramx.com\\\/product\\\/2cl-2-chlor-lysergsaeurediethylamid-online-kaufen\\\/\",\"url\":\"https:\\\/\\\/chemgramx.com\\\/product\\\/2cl-2-chlor-lysergsaeurediethylamid-online-kaufen\\\/\",\"name\":\"2CL (2-Chlor-Lysergs\u00e4urediethylamid) online kaufen\",\"isPartOf\":{\"@id\":\"https:\\\/\\\/chemgramx.com\\\/#website\"},\"primaryImageOfPage\":{\"@id\":\"https:\\\/\\\/chemgramx.com\\\/product\\\/2cl-2-chlor-lysergsaeurediethylamid-online-kaufen\\\/#primaryimage\"},\"image\":{\"@id\":\"https:\\\/\\\/chemgramx.com\\\/product\\\/2cl-2-chlor-lysergsaeurediethylamid-online-kaufen\\\/#primaryimage\"},\"thumbnailUrl\":\"https:\\\/\\\/chemgramx.com\\\/wp-content\\\/uploads\\\/2025\\\/11\\\/2C-L-kaufen.webp\",\"datePublished\":\"2025-11-21T11:18:50+00:00\",\"dateModified\":\"2025-11-21T11:19:55+00:00\",\"description\":\"Ihre Bestellung von 2cl (2-Chlor-Lysergs\u00e4urediethylamid) zum Verkauf liegt in unserer Verantwortung. Wir werden Ihre Anfrage zum Online-Kauf von 2cl (2-Chlor-Lysergs\u00e4urediethylamid) ber\u00fccksichtigen und Sie in kurzer Zeit erreichen. Jetzt Gro\u00dfbestellungen aufgeben!\",\"breadcrumb\":{\"@id\":\"https:\\\/\\\/chemgramx.com\\\/product\\\/2cl-2-chlor-lysergsaeurediethylamid-online-kaufen\\\/#breadcrumb\"},\"inLanguage\":\"pl-PL\",\"potentialAction\":[{\"@type\":\"ReadAction\",\"target\":[\"https:\\\/\\\/chemgramx.com\\\/product\\\/2cl-2-chlor-lysergsaeurediethylamid-online-kaufen\\\/\"]}]},{\"@type\":\"ImageObject\",\"inLanguage\":\"pl-PL\",\"@id\":\"https:\\\/\\\/chemgramx.com\\\/product\\\/2cl-2-chlor-lysergsaeurediethylamid-online-kaufen\\\/#primaryimage\",\"url\":\"https:\\\/\\\/chemgramx.com\\\/wp-content\\\/uploads\\\/2025\\\/11\\\/2C-L-kaufen.webp\",\"contentUrl\":\"https:\\\/\\\/chemgramx.com\\\/wp-content\\\/uploads\\\/2025\\\/11\\\/2C-L-kaufen.webp\",\"width\":375,\"height\":500},{\"@type\":\"BreadcrumbList\",\"@id\":\"https:\\\/\\\/chemgramx.com\\\/product\\\/2cl-2-chlor-lysergsaeurediethylamid-online-kaufen\\\/#breadcrumb\",\"itemListElement\":[{\"@type\":\"ListItem\",\"position\":1,\"name\":\"Home\",\"item\":\"https:\\\/\\\/chemgramx.com\\\/\"},{\"@type\":\"ListItem\",\"position\":2,\"name\":\"Shop\",\"item\":\"https:\\\/\\\/chemgramx.com\\\/shop\\\/\"},{\"@type\":\"ListItem\",\"position\":3,\"name\":\"2CL (2-Chlor-Lysergs\u00e4urediethylamid) Online Kaufen\"}]},{\"@type\":\"WebSite\",\"@id\":\"https:\\\/\\\/chemgramx.com\\\/#website\",\"url\":\"https:\\\/\\\/chemgramx.com\\\/\",\"name\":\"Chemgramx\",\"description\":\"\",\"publisher\":{\"@id\":\"https:\\\/\\\/chemgramx.com\\\/#organization\"},\"potentialAction\":[{\"@type\":\"SearchAction\",\"target\":{\"@type\":\"EntryPoint\",\"urlTemplate\":\"https:\\\/\\\/chemgramx.com\\\/?s={search_term_string}\"},\"query-input\":{\"@type\":\"PropertyValueSpecification\",\"valueRequired\":true,\"valueName\":\"search_term_string\"}}],\"inLanguage\":\"pl-PL\"},{\"@type\":\"Organization\",\"@id\":\"https:\\\/\\\/chemgramx.com\\\/#organization\",\"name\":\"Chemgramx\",\"url\":\"https:\\\/\\\/chemgramx.com\\\/\",\"logo\":{\"@type\":\"ImageObject\",\"inLanguage\":\"pl-PL\",\"@id\":\"https:\\\/\\\/chemgramx.com\\\/#\\\/schema\\\/logo\\\/image\\\/\",\"url\":\"https:\\\/\\\/chemgramx.com\\\/wp-content\\\/uploads\\\/2024\\\/10\\\/final-logo.png\",\"contentUrl\":\"https:\\\/\\\/chemgramx.com\\\/wp-content\\\/uploads\\\/2024\\\/10\\\/final-logo.png\",\"width\":250,\"height\":48,\"caption\":\"Chemgramx\"},\"image\":{\"@id\":\"https:\\\/\\\/chemgramx.com\\\/#\\\/schema\\\/logo\\\/image\\\/\"}}]}<\/script>\n<!-- \/ Yoast SEO plugin. -->","yoast_head_json":{"title":"Kup 2CL (dietyloamid kwasu 2-chloro-lizergowego) online","description":"Twoje zam\u00f3wienie na 2cl (dietyloamid kwasu 2-chlorolizergowego) jest nasz\u0105 odpowiedzialno\u015bci\u0105. Rozpatrzymy Twoj\u0105 pro\u015bb\u0119 o zakup 2cl (dietyloamidu kwasu 2-chlorolizergowego) online i wkr\u00f3tce si\u0119 z Tob\u0105 skontaktujemy. Z\u0142\u00f3\u017c zam\u00f3wienie hurtowe ju\u017c teraz!","robots":{"index":"index","follow":"follow","max-snippet":"max-snippet:-1","max-image-preview":"max-image-preview:large","max-video-preview":"max-video-preview:-1"},"canonical":"https:\/\/chemgramx.com\/pl\/produkt-1\/kup-online-2cl-2-chlor-dietyloamid-kwasu-lizergowego\/","og_locale":"pl_PL","og_type":"article","og_title":"2CL (2-Chlor-Lysergs\u00e4urediethylamid) online kaufen","og_description":"Ihre Bestellung von 2cl (2-Chlor-Lysergs\u00e4urediethylamid) zum Verkauf liegt in unserer Verantwortung. Wir werden Ihre Anfrage zum Online-Kauf von 2cl (2-Chlor-Lysergs\u00e4urediethylamid) ber\u00fccksichtigen und Sie in kurzer Zeit erreichen. Jetzt Gro\u00dfbestellungen aufgeben!","og_url":"https:\/\/chemgramx.com\/pl\/produkt-1\/kup-online-2cl-2-chlor-dietyloamid-kwasu-lizergowego\/","og_site_name":"Chemgramx","article_modified_time":"2025-11-21T11:19:55+00:00","og_image":[{"width":375,"height":500,"url":"https:\/\/chemgramx.com\/wp-content\/uploads\/2025\/11\/2C-L-kaufen.webp","type":"image\/webp"}],"twitter_card":"summary_large_image","twitter_misc":{"Szacowany czas czytania":"2 minuty"},"schema":{"@context":"https:\/\/schema.org","@graph":[{"@type":"WebPage","@id":"https:\/\/chemgramx.com\/product\/2cl-2-chlor-lysergsaeurediethylamid-online-kaufen\/","url":"https:\/\/chemgramx.com\/product\/2cl-2-chlor-lysergsaeurediethylamid-online-kaufen\/","name":"Kup 2CL (dietyloamid kwasu 2-chloro-lizergowego) online","isPartOf":{"@id":"https:\/\/chemgramx.com\/#website"},"primaryImageOfPage":{"@id":"https:\/\/chemgramx.com\/product\/2cl-2-chlor-lysergsaeurediethylamid-online-kaufen\/#primaryimage"},"image":{"@id":"https:\/\/chemgramx.com\/product\/2cl-2-chlor-lysergsaeurediethylamid-online-kaufen\/#primaryimage"},"thumbnailUrl":"https:\/\/chemgramx.com\/wp-content\/uploads\/2025\/11\/2C-L-kaufen.webp","datePublished":"2025-11-21T11:18:50+00:00","dateModified":"2025-11-21T11:19:55+00:00","description":"Twoje zam\u00f3wienie na 2cl (dietyloamid kwasu 2-chlorolizergowego) jest nasz\u0105 odpowiedzialno\u015bci\u0105. Rozpatrzymy Twoj\u0105 pro\u015bb\u0119 o zakup 2cl (dietyloamidu kwasu 2-chlorolizergowego) online i wkr\u00f3tce si\u0119 z Tob\u0105 skontaktujemy. Z\u0142\u00f3\u017c zam\u00f3wienie hurtowe ju\u017c teraz!","breadcrumb":{"@id":"https:\/\/chemgramx.com\/product\/2cl-2-chlor-lysergsaeurediethylamid-online-kaufen\/#breadcrumb"},"inLanguage":"pl-PL","potentialAction":[{"@type":"ReadAction","target":["https:\/\/chemgramx.com\/product\/2cl-2-chlor-lysergsaeurediethylamid-online-kaufen\/"]}]},{"@type":"ImageObject","inLanguage":"pl-PL","@id":"https:\/\/chemgramx.com\/product\/2cl-2-chlor-lysergsaeurediethylamid-online-kaufen\/#primaryimage","url":"https:\/\/chemgramx.com\/wp-content\/uploads\/2025\/11\/2C-L-kaufen.webp","contentUrl":"https:\/\/chemgramx.com\/wp-content\/uploads\/2025\/11\/2C-L-kaufen.webp","width":375,"height":500},{"@type":"BreadcrumbList","@id":"https:\/\/chemgramx.com\/product\/2cl-2-chlor-lysergsaeurediethylamid-online-kaufen\/#breadcrumb","itemListElement":[{"@type":"ListItem","position":1,"name":"Home","item":"https:\/\/chemgramx.com\/"},{"@type":"ListItem","position":2,"name":"Shop","item":"https:\/\/chemgramx.com\/shop\/"},{"@type":"ListItem","position":3,"name":"2CL (2-Chlor-Lysergs\u00e4urediethylamid) Online Kaufen"}]},{"@type":"WebSite","@id":"https:\/\/chemgramx.com\/#website","url":"https:\/\/chemgramx.com\/","name":"Chemgramx","description":"","publisher":{"@id":"https:\/\/chemgramx.com\/#organization"},"potentialAction":[{"@type":"SearchAction","target":{"@type":"EntryPoint","urlTemplate":"https:\/\/chemgramx.com\/?s={search_term_string}"},"query-input":{"@type":"PropertyValueSpecification","valueRequired":true,"valueName":"search_term_string"}}],"inLanguage":"pl-PL"},{"@type":"Organization","@id":"https:\/\/chemgramx.com\/#organization","name":"Chemgramx","url":"https:\/\/chemgramx.com\/","logo":{"@type":"ImageObject","inLanguage":"pl-PL","@id":"https:\/\/chemgramx.com\/#\/schema\/logo\/image\/","url":"https:\/\/chemgramx.com\/wp-content\/uploads\/2024\/10\/final-logo.png","contentUrl":"https:\/\/chemgramx.com\/wp-content\/uploads\/2024\/10\/final-logo.png","width":250,"height":48,"caption":"Chemgramx"},"image":{"@id":"https:\/\/chemgramx.com\/#\/schema\/logo\/image\/"}}]}},"_links":{"self":[{"href":"https:\/\/chemgramx.com\/pl\/wp-json\/wp\/v2\/product\/7601","targetHints":{"allow":["GET"]}}],"collection":[{"href":"https:\/\/chemgramx.com\/pl\/wp-json\/wp\/v2\/product"}],"about":[{"href":"https:\/\/chemgramx.com\/pl\/wp-json\/wp\/v2\/types\/product"}],"replies":[{"embeddable":true,"href":"https:\/\/chemgramx.com\/pl\/wp-json\/wp\/v2\/comments?post=7601"}],"wp:featuredmedia":[{"embeddable":true,"href":"https:\/\/chemgramx.com\/pl\/wp-json\/wp\/v2\/media\/7609"}],"wp:attachment":[{"href":"https:\/\/chemgramx.com\/pl\/wp-json\/wp\/v2\/media?parent=7601"}],"wp:term":[{"taxonomy":"product_brand","embeddable":true,"href":"https:\/\/chemgramx.com\/pl\/wp-json\/wp\/v2\/product_brand?post=7601"},{"taxonomy":"product_cat","embeddable":true,"href":"https:\/\/chemgramx.com\/pl\/wp-json\/wp\/v2\/product_cat?post=7601"},{"taxonomy":"product_tag","embeddable":true,"href":"https:\/\/chemgramx.com\/pl\/wp-json\/wp\/v2\/product_tag?post=7601"}],"curies":[{"name":"wp","href":"https:\/\/api.w.org\/{rel}","templated":true}]}}