{"id":7613,"date":"2025-11-21T11:19:16","date_gmt":"2025-11-21T11:19:16","guid":{"rendered":"https:\/\/chemgramx.com\/?post_type=product&#038;p=7613"},"modified":"2025-11-21T11:20:09","modified_gmt":"2025-11-21T11:20:09","slug":"6-mapb-6-metylo-2-aminopropylobenzofuran-kup-online","status":"publish","type":"product","link":"https:\/\/chemgramx.com\/pl\/product\/6-mapb-6-methyl-2-aminopropylbenzofuran-online-kaufen\/","title":{"rendered":"Kup 6-MAPB (6-metylo-2-aminopropylobenzofuran) online"},"content":{"rendered":"<p data-start=\"294\" data-end=\"740\">Szukasz wiarygodnego \u017ar\u00f3d\u0142a, z kt\u00f3rego mo\u017cesz kupi\u0107 6-MAPB online, od zaufanego badacza? Dobrze trafi\u0142e\u015b. Chemgramx oferuje wysoce oczyszczony, laboratoryjnie testowany 6-MAPB, przeznaczony wy\u0142\u0105cznie do cel\u00f3w badawczych. Coraz wi\u0119cej badaczy decyduje si\u0119 na zakup 6-MAPB w\u0142a\u015bnie u nas. <a href=\"https:\/\/chemgramx.com\/product\/6-mapb-6-methyl-2-aminopropylbenzofuran\/\">Kup 6-MAPB online<\/a>zbadanie wp\u0142ywu stymulant\u00f3w i entaktogen\u00f3w na neuroprzeka\u017aniki, nastr\u00f3j i zachowanie.<\/p>\n<h3 data-start=\"742\" data-end=\"762\">Co to jest 6-MAPB?<\/h3>\n<p data-start=\"764\" data-end=\"1211\"><a href=\"https:\/\/en.wikipedia.org\/wiki\/6-MAPB\">6-MAPB<\/a> (6-metylo-2-aminopropylobenzofuran) jest strukturalnie blisko spokrewniony z MDMA i dzia\u0142a g\u0142\u00f3wnie na transportery serotoniny, dopaminy i noradrenaliny. Ze wzgl\u0119du na w\u0142a\u015bciwo\u015bci entaktogenne i pobudzaj\u0105ce, jest cz\u0119sto stosowany w badaniach nad stanami emocjonalnymi, interakcjami spo\u0142ecznymi i wp\u0142ywem na funkcje poznawcze. Wielu naukowc\u00f3w zamawia 6-MAPB, aby uzyska\u0107 precyzyjny wgl\u0105d w dzia\u0142anie tej substancji.<\/p>\n<h3 data-start=\"1213\" data-end=\"1256\">Dlaczego warto wybra\u0107 6-MAPB do bada\u0144?<\/h3>\n<p data-start=\"1258\" data-end=\"1598\">Badania nad 6-MAPB dostarczaj\u0105 cennych informacji na temat funkcjonowania neuroprzeka\u017anik\u00f3w oraz roli stymulant\u00f3w w regulacji nastroju i zachowania. Pomagaj\u0105 r\u00f3wnie\u017c w badaniu potencjalnych zastosowa\u0144 terapeutycznych. Ka\u017cdy, kto zastanawia si\u0119, gdzie kupi\u0107 6-MAP, znajdzie renomowanego i sprawdzonego dostawc\u0119 w Chemgramx.<\/p>\n<h3 data-start=\"1600\" data-end=\"1634\">6-MAPB na sprzeda\u017c w Chemgramx<\/h3>\n<p data-start=\"1636\" data-end=\"2016\">Chemgramx oferuje rygorystycznie przetestowany i wysoce oczyszczony 6-MAPB na sprzeda\u017c. Ka\u017cda partia przechodzi kompleksowe testy jako\u015bci i czysto\u015bci, aby zagwarantowa\u0107 wiarygodno\u015b\u0107 wynik\u00f3w bada\u0144. Niezale\u017cnie od tego, czy koncentrujesz si\u0119 na badaniach neuroprzeka\u017anik\u00f3w, efektach psychoaktywnych, czy analizie behawioralnej, Chemgramx oferuje odpowiedni \u015brodek chemiczny do bada\u0144.<\/p>\n<h3 data-start=\"2018\" data-end=\"2067\">Zalety zakupu 6-MAPB od Chemgramx<\/h3>\n<ul data-start=\"2068\" data-end=\"2327\">\n<li data-start=\"2068\" data-end=\"2152\">\n<p data-start=\"2070\" data-end=\"2152\">Badania laboratoryjne czysto\u015bci: Gwarancja jako\u015bci w badaniach naukowych.<\/p>\n<\/li>\n<li data-start=\"2153\" data-end=\"2222\">\n<p data-start=\"2155\" data-end=\"2222\">Dyskretna dostawa: Szybka i bezpieczna dostawa na ca\u0142y \u015bwiat.<\/p>\n<\/li>\n<li data-start=\"2223\" data-end=\"2327\">\n<p data-start=\"2225\" data-end=\"2327\">Niezawodne badania: Idealne do bada\u0144 nastroju, zachowania i aktywno\u015bci neuroprzeka\u017anik\u00f3w.<\/p>\n<\/li>\n<\/ul>\n<h3 data-start=\"2329\" data-end=\"2374\">Status prawny i bezpieczna dostawa<\/h3>\n<p data-start=\"2376\" data-end=\"2695\">Przed zakupem 6-MAPB online, prosimy o sprawdzenie przepis\u00f3w prawnych obowi\u0105zuj\u0105cych w Pa\u0144stwa kraju. Chemgramx sprzedaje 6-MAPB wy\u0142\u0105cznie do cel\u00f3w badawczych i \u015bci\u015ble przestrzega wszystkich przepis\u00f3w. Dyskretna dostawa gwarantuje poufno\u015b\u0107 i bezpiecze\u0144stwo zam\u00f3wienia.<\/p>\n<h3 data-start=\"2697\" data-end=\"2733\">6-MAPB Proces ustalania cen i zam\u00f3wie\u0144<\/h3>\n<p data-start=\"2735\" data-end=\"2982\">Oferujemy uczciwe i przejrzyste ceny 6-MAPB, co pozwala na elastyczne zamawianie, zgodnie z Pa\u0144stwa potrzebami badawczymi. Proces zamawiania jest prosty, szybki i bezpieczny \u2013 idealny dla ka\u017cdego, kto szuka najlepszego miejsca do zakupu 6-MAPB online.<\/p>\n<h3 data-start=\"2984\" data-end=\"3026\">Wnioski \u2013 zam\u00f3w 6-MAPB online ju\u017c teraz<\/h3>\n<p data-start=\"3028\" data-end=\"3346\">Je\u015bli chcesz wesprze\u0107 renomowane laboratorium lub projekt badawczy, Chemgramx b\u0119dzie idealnym partnerem. Zapoznaj si\u0119 z nasz\u0105 ofert\u0105 ju\u017c teraz i wygodnie zam\u00f3w 6-MAPB online. Dzi\u0119ki gwarantowanej jako\u015bci, dyskretnej wysy\u0142ce i uczciwym cenom, Chemgramx to najlepsze miejsce do zakupu 6-MAPB online.<\/p>\n<p data-start=\"3348\" data-end=\"3481\">Z\u0142\u00f3\u017c zam\u00f3wienie ju\u017c dzi\u015b i skorzystaj z naszej bezpiecznej us\u0142ugi \u2013 kup 6-MAPB online od sprawdzonego dostawcy.<\/p>","protected":false},"excerpt":{"rendered":"<div class=\"group\/conversation-turn relative flex w-full min-w-0 flex-col agent-turn\">\n<div class=\"flex-col gap-1 md:gap-3\">\n<div class=\"flex max-w-full flex-col flex-grow\">\n<div class=\"min-h-8 text-message flex w-full flex-col items-end gap-2 whitespace-normal break-words [.text-message+&amp;]:mt-5\" dir=\"auto\" data-message-author-role=\"assistant\" data-message-id=\"62779292-48b5-4968-bc2b-acb51772039b\" data-message-model-slug=\"gpt-4o-mini\">\n<div class=\"flex w-full flex-col gap-1 empty:hidden first:pt-[3px]\">\n<div class=\"markdown prose w-full break-words dark:prose-invert light\">\n<p><strong>6-MAPB<\/strong> ist eine psychoaktive Substanz, die zur Klasse der empathogenen und stimulierenden Verbindungen geh\u00f6rt. \u00c4hnlich wie andere Verbindungen in dieser Klasse wird sie h\u00e4ufig f\u00fcr ihre positiven Wirkungen auf das Wohlbefinden und die soziale Interaktion untersucht.<\/p>\n<div class=\"group\/conversation-turn relative flex w-full min-w-0 flex-col agent-turn\">\n<div class=\"flex-col gap-1 md:gap-3\">\n<div class=\"flex max-w-full flex-col flex-grow\">\n<div class=\"min-h-8 text-message flex w-full flex-col items-end gap-2 whitespace-normal break-words [.text-message+&amp;]:mt-5\" dir=\"auto\" data-message-author-role=\"assistant\" data-message-id=\"62779292-48b5-4968-bc2b-acb51772039b\" data-message-model-slug=\"gpt-4o-mini\">\n<div class=\"flex w-full flex-col gap-1 empty:hidden first:pt-[3px]\">\n<div class=\"markdown prose w-full break-words dark:prose-invert light\">\n<ul>\n<li><strong>CAS Number:<\/strong> <strong>145204-55-7<\/strong><\/li>\n<li><strong>Chemical Formula:<\/strong> <strong>C12H15N<\/strong><\/li>\n<\/ul>\n<\/div>\n<\/div>\n<\/div>\n<\/div>\n<\/div>\n<\/div>\n<\/div>\n<\/div>\n<\/div>\n<\/div>\n<\/div>\n<\/div>\n","protected":false},"featured_media":7643,"comment_status":"open","ping_status":"closed","template":"","meta":{"_joinchat":[]},"product_brand":[],"product_cat":[96],"product_tag":[2392,2697,2387,2696,2393,2390,2692,2694,2693,2695],"class_list":{"0":"post-7613","1":"product","2":"type-product","3":"status-publish","4":"has-post-thumbnail","6":"product_cat-psychedelische-droge","7":"product_tag-6-mapb-chemikalien","8":"product_tag-6-mapb-drogen","9":"product_tag-6-mapb-kaufen","10":"product_tag-6-mapb-kaufen-deutschland","11":"product_tag-6-mapb-kaufen-online","12":"product_tag-6-mapb-kristalle","13":"product_tag-6-mapb-online-kaufen","14":"product_tag-6-mapb-preis","15":"product_tag-6-mapb-prodej","16":"product_tag-6-methyl-2-aminopropylbenzofuran","18":"first","19":"instock","20":"shipping-taxable","21":"purchasable","22":"product-type-variable"},"yoast_head":"<!-- This site is optimized with the Yoast SEO plugin v27.5 - https:\/\/yoast.com\/product\/yoast-seo-wordpress\/ -->\n<title>6-MAPB (6-Methyl-2-Aminopropylbenzofuran) online kaufen<\/title>\n<meta name=\"description\" content=\"Sie m\u00f6chten 6-MAPB (6-Methyl-2-Aminopropylbenzofuran) online zu einem vern\u00fcnftigen Preis kaufen? Besuchen Sie unseren renommierten Chemgramx-Onlineshop und holen Sie sich noch heute 6-mapb zu verkaufen. Jetzt bestellen!\" \/>\n<meta name=\"robots\" content=\"index, follow, max-snippet:-1, max-image-preview:large, max-video-preview:-1\" \/>\n<link rel=\"canonical\" href=\"https:\/\/chemgramx.com\/pl\/produkt-1\/6-mapb-6-metylo-2-aminopropylobenzofuran-kup-online\/\" \/>\n<meta property=\"og:locale\" content=\"pl_PL\" \/>\n<meta property=\"og:type\" content=\"article\" \/>\n<meta property=\"og:title\" content=\"6-MAPB (6-Methyl-2-Aminopropylbenzofuran) online kaufen\" \/>\n<meta property=\"og:description\" content=\"Sie m\u00f6chten 6-MAPB (6-Methyl-2-Aminopropylbenzofuran) online zu einem vern\u00fcnftigen Preis kaufen? Besuchen Sie unseren renommierten Chemgramx-Onlineshop und holen Sie sich noch heute 6-mapb zu verkaufen. Jetzt bestellen!\" \/>\n<meta property=\"og:url\" content=\"https:\/\/chemgramx.com\/pl\/produkt-1\/6-mapb-6-metylo-2-aminopropylobenzofuran-kup-online\/\" \/>\n<meta property=\"og:site_name\" content=\"Chemgramx\" \/>\n<meta property=\"article:modified_time\" content=\"2025-11-21T11:20:09+00:00\" \/>\n<meta property=\"og:image\" content=\"https:\/\/chemgramx.com\/wp-content\/uploads\/2025\/11\/6-MAPB-Online-Kaufen.jpeg\" \/>\n\t<meta property=\"og:image:width\" content=\"800\" \/>\n\t<meta property=\"og:image:height\" content=\"600\" \/>\n\t<meta property=\"og:image:type\" content=\"image\/jpeg\" \/>\n<meta name=\"twitter:card\" content=\"summary_large_image\" \/>\n<meta name=\"twitter:label1\" content=\"Szacowany czas czytania\" \/>\n\t<meta name=\"twitter:data1\" content=\"2 minuty\" \/>\n<script type=\"application\/ld+json\" class=\"yoast-schema-graph\">{\"@context\":\"https:\\\/\\\/schema.org\",\"@graph\":[{\"@type\":\"WebPage\",\"@id\":\"https:\\\/\\\/chemgramx.com\\\/product\\\/6-mapb-6-methyl-2-aminopropylbenzofuran-online-kaufen\\\/\",\"url\":\"https:\\\/\\\/chemgramx.com\\\/product\\\/6-mapb-6-methyl-2-aminopropylbenzofuran-online-kaufen\\\/\",\"name\":\"6-MAPB (6-Methyl-2-Aminopropylbenzofuran) online kaufen\",\"isPartOf\":{\"@id\":\"https:\\\/\\\/chemgramx.com\\\/#website\"},\"primaryImageOfPage\":{\"@id\":\"https:\\\/\\\/chemgramx.com\\\/product\\\/6-mapb-6-methyl-2-aminopropylbenzofuran-online-kaufen\\\/#primaryimage\"},\"image\":{\"@id\":\"https:\\\/\\\/chemgramx.com\\\/product\\\/6-mapb-6-methyl-2-aminopropylbenzofuran-online-kaufen\\\/#primaryimage\"},\"thumbnailUrl\":\"https:\\\/\\\/chemgramx.com\\\/wp-content\\\/uploads\\\/2025\\\/11\\\/6-MAPB-Online-Kaufen.jpeg\",\"datePublished\":\"2025-11-21T11:19:16+00:00\",\"dateModified\":\"2025-11-21T11:20:09+00:00\",\"description\":\"Sie m\u00f6chten 6-MAPB (6-Methyl-2-Aminopropylbenzofuran) online zu einem vern\u00fcnftigen Preis kaufen? Besuchen Sie unseren renommierten Chemgramx-Onlineshop und holen Sie sich noch heute 6-mapb zu verkaufen. Jetzt bestellen!\",\"breadcrumb\":{\"@id\":\"https:\\\/\\\/chemgramx.com\\\/product\\\/6-mapb-6-methyl-2-aminopropylbenzofuran-online-kaufen\\\/#breadcrumb\"},\"inLanguage\":\"pl-PL\",\"potentialAction\":[{\"@type\":\"ReadAction\",\"target\":[\"https:\\\/\\\/chemgramx.com\\\/product\\\/6-mapb-6-methyl-2-aminopropylbenzofuran-online-kaufen\\\/\"]}]},{\"@type\":\"ImageObject\",\"inLanguage\":\"pl-PL\",\"@id\":\"https:\\\/\\\/chemgramx.com\\\/product\\\/6-mapb-6-methyl-2-aminopropylbenzofuran-online-kaufen\\\/#primaryimage\",\"url\":\"https:\\\/\\\/chemgramx.com\\\/wp-content\\\/uploads\\\/2025\\\/11\\\/6-MAPB-Online-Kaufen.jpeg\",\"contentUrl\":\"https:\\\/\\\/chemgramx.com\\\/wp-content\\\/uploads\\\/2025\\\/11\\\/6-MAPB-Online-Kaufen.jpeg\",\"width\":800,\"height\":600},{\"@type\":\"BreadcrumbList\",\"@id\":\"https:\\\/\\\/chemgramx.com\\\/product\\\/6-mapb-6-methyl-2-aminopropylbenzofuran-online-kaufen\\\/#breadcrumb\",\"itemListElement\":[{\"@type\":\"ListItem\",\"position\":1,\"name\":\"Home\",\"item\":\"https:\\\/\\\/chemgramx.com\\\/\"},{\"@type\":\"ListItem\",\"position\":2,\"name\":\"Shop\",\"item\":\"https:\\\/\\\/chemgramx.com\\\/shop\\\/\"},{\"@type\":\"ListItem\",\"position\":3,\"name\":\"6-MAPB (6-Methyl-2-Aminopropylbenzofuran) online kaufen\"}]},{\"@type\":\"WebSite\",\"@id\":\"https:\\\/\\\/chemgramx.com\\\/#website\",\"url\":\"https:\\\/\\\/chemgramx.com\\\/\",\"name\":\"Chemgramx\",\"description\":\"\",\"publisher\":{\"@id\":\"https:\\\/\\\/chemgramx.com\\\/#organization\"},\"potentialAction\":[{\"@type\":\"SearchAction\",\"target\":{\"@type\":\"EntryPoint\",\"urlTemplate\":\"https:\\\/\\\/chemgramx.com\\\/?s={search_term_string}\"},\"query-input\":{\"@type\":\"PropertyValueSpecification\",\"valueRequired\":true,\"valueName\":\"search_term_string\"}}],\"inLanguage\":\"pl-PL\"},{\"@type\":\"Organization\",\"@id\":\"https:\\\/\\\/chemgramx.com\\\/#organization\",\"name\":\"Chemgramx\",\"url\":\"https:\\\/\\\/chemgramx.com\\\/\",\"logo\":{\"@type\":\"ImageObject\",\"inLanguage\":\"pl-PL\",\"@id\":\"https:\\\/\\\/chemgramx.com\\\/#\\\/schema\\\/logo\\\/image\\\/\",\"url\":\"https:\\\/\\\/chemgramx.com\\\/wp-content\\\/uploads\\\/2024\\\/10\\\/final-logo.png\",\"contentUrl\":\"https:\\\/\\\/chemgramx.com\\\/wp-content\\\/uploads\\\/2024\\\/10\\\/final-logo.png\",\"width\":250,\"height\":48,\"caption\":\"Chemgramx\"},\"image\":{\"@id\":\"https:\\\/\\\/chemgramx.com\\\/#\\\/schema\\\/logo\\\/image\\\/\"}}]}<\/script>\n<!-- \/ Yoast SEO plugin. -->","yoast_head_json":{"title":"Kup 6-MAPB (6-metylo-2-aminopropylobenzofuran) online","description":"Chcesz kupi\u0107 6-MAPB (6-metylo-2-aminopropylobenzofuran) online w rozs\u0105dnej cenie? Odwied\u017a nasz renomowany sklep internetowy Chemgramx i kup 6-MAPB ju\u017c dzi\u015b. Zam\u00f3w ju\u017c teraz!","robots":{"index":"index","follow":"follow","max-snippet":"max-snippet:-1","max-image-preview":"max-image-preview:large","max-video-preview":"max-video-preview:-1"},"canonical":"https:\/\/chemgramx.com\/pl\/produkt-1\/6-mapb-6-metylo-2-aminopropylobenzofuran-kup-online\/","og_locale":"pl_PL","og_type":"article","og_title":"6-MAPB (6-Methyl-2-Aminopropylbenzofuran) online kaufen","og_description":"Sie m\u00f6chten 6-MAPB (6-Methyl-2-Aminopropylbenzofuran) online zu einem vern\u00fcnftigen Preis kaufen? Besuchen Sie unseren renommierten Chemgramx-Onlineshop und holen Sie sich noch heute 6-mapb zu verkaufen. Jetzt bestellen!","og_url":"https:\/\/chemgramx.com\/pl\/produkt-1\/6-mapb-6-metylo-2-aminopropylobenzofuran-kup-online\/","og_site_name":"Chemgramx","article_modified_time":"2025-11-21T11:20:09+00:00","og_image":[{"width":800,"height":600,"url":"https:\/\/chemgramx.com\/wp-content\/uploads\/2025\/11\/6-MAPB-Online-Kaufen.jpeg","type":"image\/jpeg"}],"twitter_card":"summary_large_image","twitter_misc":{"Szacowany czas czytania":"2 minuty"},"schema":{"@context":"https:\/\/schema.org","@graph":[{"@type":"WebPage","@id":"https:\/\/chemgramx.com\/product\/6-mapb-6-methyl-2-aminopropylbenzofuran-online-kaufen\/","url":"https:\/\/chemgramx.com\/product\/6-mapb-6-methyl-2-aminopropylbenzofuran-online-kaufen\/","name":"Kup 6-MAPB (6-metylo-2-aminopropylobenzofuran) online","isPartOf":{"@id":"https:\/\/chemgramx.com\/#website"},"primaryImageOfPage":{"@id":"https:\/\/chemgramx.com\/product\/6-mapb-6-methyl-2-aminopropylbenzofuran-online-kaufen\/#primaryimage"},"image":{"@id":"https:\/\/chemgramx.com\/product\/6-mapb-6-methyl-2-aminopropylbenzofuran-online-kaufen\/#primaryimage"},"thumbnailUrl":"https:\/\/chemgramx.com\/wp-content\/uploads\/2025\/11\/6-MAPB-Online-Kaufen.jpeg","datePublished":"2025-11-21T11:19:16+00:00","dateModified":"2025-11-21T11:20:09+00:00","description":"Chcesz kupi\u0107 6-MAPB (6-metylo-2-aminopropylobenzofuran) online w rozs\u0105dnej cenie? Odwied\u017a nasz renomowany sklep internetowy Chemgramx i kup 6-MAPB ju\u017c dzi\u015b. Zam\u00f3w ju\u017c teraz!","breadcrumb":{"@id":"https:\/\/chemgramx.com\/product\/6-mapb-6-methyl-2-aminopropylbenzofuran-online-kaufen\/#breadcrumb"},"inLanguage":"pl-PL","potentialAction":[{"@type":"ReadAction","target":["https:\/\/chemgramx.com\/product\/6-mapb-6-methyl-2-aminopropylbenzofuran-online-kaufen\/"]}]},{"@type":"ImageObject","inLanguage":"pl-PL","@id":"https:\/\/chemgramx.com\/product\/6-mapb-6-methyl-2-aminopropylbenzofuran-online-kaufen\/#primaryimage","url":"https:\/\/chemgramx.com\/wp-content\/uploads\/2025\/11\/6-MAPB-Online-Kaufen.jpeg","contentUrl":"https:\/\/chemgramx.com\/wp-content\/uploads\/2025\/11\/6-MAPB-Online-Kaufen.jpeg","width":800,"height":600},{"@type":"BreadcrumbList","@id":"https:\/\/chemgramx.com\/product\/6-mapb-6-methyl-2-aminopropylbenzofuran-online-kaufen\/#breadcrumb","itemListElement":[{"@type":"ListItem","position":1,"name":"Home","item":"https:\/\/chemgramx.com\/"},{"@type":"ListItem","position":2,"name":"Shop","item":"https:\/\/chemgramx.com\/shop\/"},{"@type":"ListItem","position":3,"name":"6-MAPB (6-Methyl-2-Aminopropylbenzofuran) online kaufen"}]},{"@type":"WebSite","@id":"https:\/\/chemgramx.com\/#website","url":"https:\/\/chemgramx.com\/","name":"Chemgramx","description":"","publisher":{"@id":"https:\/\/chemgramx.com\/#organization"},"potentialAction":[{"@type":"SearchAction","target":{"@type":"EntryPoint","urlTemplate":"https:\/\/chemgramx.com\/?s={search_term_string}"},"query-input":{"@type":"PropertyValueSpecification","valueRequired":true,"valueName":"search_term_string"}}],"inLanguage":"pl-PL"},{"@type":"Organization","@id":"https:\/\/chemgramx.com\/#organization","name":"Chemgramx","url":"https:\/\/chemgramx.com\/","logo":{"@type":"ImageObject","inLanguage":"pl-PL","@id":"https:\/\/chemgramx.com\/#\/schema\/logo\/image\/","url":"https:\/\/chemgramx.com\/wp-content\/uploads\/2024\/10\/final-logo.png","contentUrl":"https:\/\/chemgramx.com\/wp-content\/uploads\/2024\/10\/final-logo.png","width":250,"height":48,"caption":"Chemgramx"},"image":{"@id":"https:\/\/chemgramx.com\/#\/schema\/logo\/image\/"}}]}},"_links":{"self":[{"href":"https:\/\/chemgramx.com\/pl\/wp-json\/wp\/v2\/product\/7613","targetHints":{"allow":["GET"]}}],"collection":[{"href":"https:\/\/chemgramx.com\/pl\/wp-json\/wp\/v2\/product"}],"about":[{"href":"https:\/\/chemgramx.com\/pl\/wp-json\/wp\/v2\/types\/product"}],"replies":[{"embeddable":true,"href":"https:\/\/chemgramx.com\/pl\/wp-json\/wp\/v2\/comments?post=7613"}],"wp:featuredmedia":[{"embeddable":true,"href":"https:\/\/chemgramx.com\/pl\/wp-json\/wp\/v2\/media\/7643"}],"wp:attachment":[{"href":"https:\/\/chemgramx.com\/pl\/wp-json\/wp\/v2\/media?parent=7613"}],"wp:term":[{"taxonomy":"product_brand","embeddable":true,"href":"https:\/\/chemgramx.com\/pl\/wp-json\/wp\/v2\/product_brand?post=7613"},{"taxonomy":"product_cat","embeddable":true,"href":"https:\/\/chemgramx.com\/pl\/wp-json\/wp\/v2\/product_cat?post=7613"},{"taxonomy":"product_tag","embeddable":true,"href":"https:\/\/chemgramx.com\/pl\/wp-json\/wp\/v2\/product_tag?post=7613"}],"curies":[{"name":"wp","href":"https:\/\/api.w.org\/{rel}","templated":true}]}}