{"id":7614,"date":"2025-11-21T11:19:16","date_gmt":"2025-11-21T11:19:16","guid":{"rendered":"https:\/\/chemgramx.com\/?post_type=product&#038;p=7614"},"modified":"2025-11-21T11:20:22","modified_gmt":"2025-11-21T11:20:22","slug":"kupic-allylescaline-online-2","status":"publish","type":"product","link":"https:\/\/chemgramx.com\/pl\/produkt-2\/kupic-allylescaline-online-2\/","title":{"rendered":"Kup Allylescaline online"},"content":{"rendered":"<p data-start=\"292\" data-end=\"649\">Poszukaj mo\u017cliwo\u015bci, <a href=\"https:\/\/chemgramx.com\/pl\/produkt-2\/allylescaline\/\">Kup Allylescalin online<\/a> Szukasz wiarygodnego \u017ar\u00f3d\u0142a bada\u0144? W Chemgramx mo\u017cesz kupi\u0107 najwy\u017cszej jako\u015bci allyleskalin\u0119 do cel\u00f3w badawczych. Oferujemy sprzeda\u017c allyleskaliny, kt\u00f3ra jest rygorystycznie testowana i laboratoryjnie weryfikowana, aby spe\u0142nia\u0107 najwy\u017csze standardy czysto\u015bci i niezawodno\u015bci.<\/p>\n<h2 data-start=\"651\" data-end=\"678\">Co to jest allylescaline?<\/h2>\n<p data-start=\"680\" data-end=\"1160\"><a href=\"https:\/\/en.wikipedia.org\/wiki\/Allylescaline\">Allylescaline<\/a> Jest psychodeliczn\u0105 fenyloetyloamin\u0105, strukturalnie zbli\u017con\u0105 do meskaliny. Jest wykorzystywana w badaniach nad wp\u0142ywem substancji psychodelicznych na o\u015brodkowy uk\u0142ad nerwowy i aktywno\u015b\u0107 neuroprzeka\u017anik\u00f3w. Naukowcy zamawiaj\u0105cy allyleskalin\u0119 lub kupuj\u0105cy allyleskalin\u0119 online wykorzystuj\u0105 j\u0105 g\u0142\u00f3wnie do analizy receptor\u00f3w serotoninowych i ich roli w \u015bwiadomo\u015bci, percepcji i przetwarzaniu emocji.<\/p>\n<h3 data-start=\"1162\" data-end=\"1208\">Dlaczego warto wybra\u0107 Allyleskalin\u0119 do bada\u0144?<\/h3>\n<p data-start=\"1210\" data-end=\"1394\">Zapotrzebowanie na zakup allyleskaliny online ro\u015bnie, poniewa\u017c substancja ta oferuje cenne informacje na temat dzia\u0142ania zwi\u0105zk\u00f3w psychodelicznych. Naukowcy ceni\u0105 allyleskalin\u0119 ze wzgl\u0119du na:<\/p>\n<ul data-start=\"1396\" data-end=\"1591\">\n<li data-start=\"1396\" data-end=\"1460\">\n<p data-start=\"1398\" data-end=\"1460\">aby przeanalizowa\u0107 wp\u0142yw agonist\u00f3w receptora serotoninowego,<\/p>\n<\/li>\n<li data-start=\"1461\" data-end=\"1528\">\n<p data-start=\"1463\" data-end=\"1528\">aby zbada\u0107 zmiany w percepcji i \u015bwiadomo\u015bci,<\/p>\n<\/li>\n<\/ul>\n<p data-start=\"1593\" data-end=\"1741\">Dla wielu naukowc\u00f3w Chemgramx jest najlepszym miejscem do zakupu allyleskaliny online, poniewa\u017c gwarantujemy najwy\u017csz\u0105 czysto\u015b\u0107 i sprawdzon\u0105 jako\u015b\u0107.<\/p>\n<h2 data-start=\"1743\" data-end=\"1787\">Allylescaline na sprzeda\u017c w Chemgramx<\/h2>\n<p data-start=\"1789\" data-end=\"2124\">Oferujemy do sprzeda\u017cy allyleskalin\u0119, potwierdzon\u0105 rygorystycznymi testami laboratoryjnymi. Nasz produkt spe\u0142nia najwy\u017csze standardy i jest idealnym wyborem do wszelkich bada\u0144 naukowych. Niezale\u017cnie od tego, czy badasz efekty psychodeliczne, czy modulacj\u0119 neuroprzeka\u017anik\u00f3w, nasza allyleskalina to w\u0142a\u015bciwe rozwi\u0105zanie.<\/p>\n<h2 data-start=\"2126\" data-end=\"2165\">Zalety zakup\u00f3w w Chemgramx:<\/h2>\n<ul data-start=\"2167\" data-end=\"2425\">\n<li data-start=\"2167\" data-end=\"2244\">\n<p data-start=\"2169\" data-end=\"2244\">Czysto\u015b\u0107 potwierdzona laboratoryjnie \u2013 gwarantuje wiarygodne wyniki bada\u0144.<\/p>\n<\/li>\n<li data-start=\"2245\" data-end=\"2323\">\n<p data-start=\"2247\" data-end=\"2323\">Szybka, dyskretna dostawa \u2013 bezpiecznie i poufnie pod wskazany adres.<\/p>\n<\/li>\n<li data-start=\"2324\" data-end=\"2425\">\n<p data-start=\"2326\" data-end=\"2425\">Przydatno\u015b\u0107 badawcza \u2013 idealna do bada\u0144 nad \u015bwiadomo\u015bci\u0105, percepcj\u0105 i modulacj\u0105 serotoniny.<\/p>\n<\/li>\n<\/ul>\n<p data-start=\"2427\" data-end=\"2568\">Wielu badaczy zadaje sobie to pytanie: <em data-start=\"2455\" data-end=\"2483\">gdzie kupi\u0107 allyleskalin\u0119<\/em>? \u2013 Odpowiedzi\u0105 jest Chemgramx, Tw\u00f3j niezawodny dostawca substancji o wysokiej czysto\u015bci.<\/p>\n<h2 data-start=\"2570\" data-end=\"2609\">Cena i zam\u00f3wienie allyleskaliny<\/h2>\n<p data-start=\"2611\" data-end=\"2817\">Oferujemy atrakcyjne ceny Allylescaliny do cel\u00f3w badawczych. Zamawiaj\u0105c Allylescalin\u0119, masz pewno\u015b\u0107, \u017ce otrzymasz przetestowany produkt spe\u0142niaj\u0105cy najwy\u017csze standardy.<\/p>\n<h2 data-start=\"2819\" data-end=\"2864\">Status prawny i bezpieczna dostawa<\/h2>\n<p data-start=\"2866\" data-end=\"3120\">Przed zakupem allyleskaliny online sprawd\u017a status prawny allyleskaliny w swoim kraju lub regionie. Chemgramx sprzedaje allyleskalin\u0119 wy\u0142\u0105cznie do cel\u00f3w badawczych i gwarantuje bezpieczn\u0105 i poufn\u0105 dostaw\u0119.<\/p>\n<h2 data-start=\"3122\" data-end=\"3163\">Zam\u00f3w Allylescalin\u0119 online ju\u017c teraz<\/h2>\n<p data-start=\"3165\" data-end=\"3425\">Jeste\u015b gotowy na rozszerzenie swoich bada\u0144? Mo\u017cesz teraz kupi\u0107 allyleskalin\u0119 bezpo\u015brednio za po\u015brednictwem naszej platformy lub sk\u0142adaj\u0105c dyskretne zam\u00f3wienie. Nasz asortyment allyleskaliny na sprzeda\u017c gwarantuje czysto\u015b\u0107, jako\u015b\u0107 i szybk\u0105 dostaw\u0119.<\/p>\n<p data-start=\"3427\" data-end=\"3594\">A Chemgramx az \u00d6n megb\u00edzhat\u00f3 partnere a kutat\u00e1si anyagok ter\u00e9n \u2013 a legjobb hely az Allylescaline online v\u00e1s\u00e1rl\u00e1s\u00e1ra, tesztelt tisztas\u00e1ggal \u00e9s professzion\u00e1lis kiszolg\u00e1l\u00e1ssal.<\/p>","protected":false},"excerpt":{"rendered":"<p>Allylescaline to substancja psychoaktywna nale\u017c\u0105ca do klasy fenyloetyloamin. Jest chemicznie spokrewniona z innymi znanymi zwi\u0105zkami psychodelicznymi i przyci\u0105ga zainteresowanie badaczy i u\u017cytkownik\u00f3w ze wzgl\u0119du na jej potencjalny wp\u0142yw na \u015bwiadomo\u015b\u0107.<\/p>\n<ul>\n<li><strong>Numer CAS:<\/strong> <strong>10064-94-1<\/strong><\/li>\n<li><strong>Wz\u00f3r chemiczny:<\/strong> <strong>C12H17NO2<\/strong><\/li>\n<\/ul>","protected":false},"featured_media":7644,"comment_status":"open","ping_status":"closed","template":"","meta":{"_joinchat":[]},"product_brand":[],"product_cat":[96],"product_tag":[2679,2681,2673,2680,2678,2674,2675,2677,2676,2015],"class_list":{"0":"post-7614","1":"product","2":"type-product","3":"status-publish","4":"has-post-thumbnail","6":"product_cat-psychedelische-droge","7":"product_tag-allylescaline-chemikalien","8":"product_tag-allylescaline-drogen","9":"product_tag-allylescaline-kaufen","10":"product_tag-allylescaline-kaufen-deutschland","11":"product_tag-allylescaline-kaufen-online","12":"product_tag-allylescaline-kristalle","13":"product_tag-allylescaline-online-kaufen","14":"product_tag-allylescaline-preis","15":"product_tag-allylescaline-prodej","16":"product_tag-synthetische-drogen","18":"first","19":"instock","20":"shipping-taxable","21":"purchasable","22":"product-type-variable"},"yoast_head":"<!-- This site is optimized with the Yoast SEO plugin v26.3 - https:\/\/yoast.com\/wordpress\/plugins\/seo\/ -->\n<title>Allylescaline online kaufen \u2013 Allylescaline zu verkaufen<\/title>\n<meta name=\"description\" content=\"Es ist die beste Zeit, unseren Chemgramx-Onlineshop zu besuchen und Allylescaline online zu kaufen. Wir haben hier Allylescaline zum Verkauf. Treffen Sie uns online und bestellen Sie noch heute!\" \/>\n<meta name=\"robots\" content=\"noindex, follow, max-snippet:-1, max-image-preview:large, max-video-preview:-1\" \/>\n<meta property=\"og:locale\" content=\"pl_PL\" \/>\n<meta property=\"og:type\" content=\"article\" \/>\n<meta property=\"og:title\" content=\"Allylescaline online kaufen \u2013 Allylescaline zu verkaufen\" \/>\n<meta property=\"og:description\" content=\"Es ist die beste Zeit, unseren Chemgramx-Onlineshop zu besuchen und Allylescaline online zu kaufen. Wir haben hier Allylescaline zum Verkauf. Treffen Sie uns online und bestellen Sie noch heute!\" \/>\n<meta property=\"og:url\" content=\"https:\/\/chemgramx.com\/pl\/produkt-2\/kupic-allylescaline-online-2\/\" \/>\n<meta property=\"og:site_name\" content=\"Chemgramx\" \/>\n<meta property=\"article:modified_time\" content=\"2025-11-21T11:20:22+00:00\" \/>\n<meta property=\"og:image\" content=\"https:\/\/chemgramx.com\/wp-content\/uploads\/2025\/11\/Allylescaline.jpg\" \/>\n\t<meta property=\"og:image:width\" content=\"474\" \/>\n\t<meta property=\"og:image:height\" content=\"347\" \/>\n\t<meta property=\"og:image:type\" content=\"image\/jpeg\" \/>\n<meta name=\"twitter:card\" content=\"summary_large_image\" \/>\n<meta name=\"twitter:label1\" content=\"Szacowany czas czytania\" \/>\n\t<meta name=\"twitter:data1\" content=\"2 minuty\" \/>\n<script type=\"application\/ld+json\" class=\"yoast-schema-graph\">{\"@context\":\"https:\/\/schema.org\",\"@graph\":[{\"@type\":\"WebPage\",\"@id\":\"https:\/\/chemgramx.com\/product\/allylescaline-online-kaufen\/\",\"url\":\"https:\/\/chemgramx.com\/product\/allylescaline-online-kaufen\/\",\"name\":\"Allylescaline online kaufen \u2013 Allylescaline zu verkaufen\",\"isPartOf\":{\"@id\":\"https:\/\/chemgramx.com\/#website\"},\"primaryImageOfPage\":{\"@id\":\"https:\/\/chemgramx.com\/product\/allylescaline-online-kaufen\/#primaryimage\"},\"image\":{\"@id\":\"https:\/\/chemgramx.com\/product\/allylescaline-online-kaufen\/#primaryimage\"},\"thumbnailUrl\":\"https:\/\/chemgramx.com\/wp-content\/uploads\/2025\/11\/Allylescaline.jpg\",\"datePublished\":\"2025-11-21T11:19:16+00:00\",\"dateModified\":\"2025-11-21T11:20:22+00:00\",\"description\":\"Es ist die beste Zeit, unseren Chemgramx-Onlineshop zu besuchen und Allylescaline online zu kaufen. Wir haben hier Allylescaline zum Verkauf. Treffen Sie uns online und bestellen Sie noch heute!\",\"breadcrumb\":{\"@id\":\"https:\/\/chemgramx.com\/product\/allylescaline-online-kaufen\/#breadcrumb\"},\"inLanguage\":\"pl-PL\",\"potentialAction\":[{\"@type\":\"ReadAction\",\"target\":[\"https:\/\/chemgramx.com\/product\/allylescaline-online-kaufen\/\"]}]},{\"@type\":\"ImageObject\",\"inLanguage\":\"pl-PL\",\"@id\":\"https:\/\/chemgramx.com\/product\/allylescaline-online-kaufen\/#primaryimage\",\"url\":\"https:\/\/chemgramx.com\/wp-content\/uploads\/2025\/11\/Allylescaline.jpg\",\"contentUrl\":\"https:\/\/chemgramx.com\/wp-content\/uploads\/2025\/11\/Allylescaline.jpg\",\"width\":474,\"height\":347},{\"@type\":\"BreadcrumbList\",\"@id\":\"https:\/\/chemgramx.com\/product\/allylescaline-online-kaufen\/#breadcrumb\",\"itemListElement\":[{\"@type\":\"ListItem\",\"position\":1,\"name\":\"Home\",\"item\":\"https:\/\/chemgramx.com\/\"},{\"@type\":\"ListItem\",\"position\":2,\"name\":\"Shop\",\"item\":\"https:\/\/chemgramx.com\/shop\/\"},{\"@type\":\"ListItem\",\"position\":3,\"name\":\"Allylescaline online kaufen\"}]},{\"@type\":\"WebSite\",\"@id\":\"https:\/\/chemgramx.com\/#website\",\"url\":\"https:\/\/chemgramx.com\/\",\"name\":\"Chemgramx\",\"description\":\"\",\"publisher\":{\"@id\":\"https:\/\/chemgramx.com\/#organization\"},\"potentialAction\":[{\"@type\":\"SearchAction\",\"target\":{\"@type\":\"EntryPoint\",\"urlTemplate\":\"https:\/\/chemgramx.com\/?s={search_term_string}\"},\"query-input\":{\"@type\":\"PropertyValueSpecification\",\"valueRequired\":true,\"valueName\":\"search_term_string\"}}],\"inLanguage\":\"pl-PL\"},{\"@type\":\"Organization\",\"@id\":\"https:\/\/chemgramx.com\/#organization\",\"name\":\"Chemgramx\",\"url\":\"https:\/\/chemgramx.com\/\",\"logo\":{\"@type\":\"ImageObject\",\"inLanguage\":\"pl-PL\",\"@id\":\"https:\/\/chemgramx.com\/#\/schema\/logo\/image\/\",\"url\":\"https:\/\/chemgramx.com\/wp-content\/uploads\/2024\/10\/final-logo.png\",\"contentUrl\":\"https:\/\/chemgramx.com\/wp-content\/uploads\/2024\/10\/final-logo.png\",\"width\":250,\"height\":48,\"caption\":\"Chemgramx\"},\"image\":{\"@id\":\"https:\/\/chemgramx.com\/#\/schema\/logo\/image\/\"}}]}<\/script>\n<!-- \/ Yoast SEO plugin. -->","yoast_head_json":{"title":"Kup Allyleskalin\u0119 online \u2013 Allyleskalin\u0119 na sprzeda\u017c","description":"To najlepszy moment, aby odwiedzi\u0107 nasz sklep internetowy Chemgramx i kupi\u0107 allyleskalin\u0119 online. Mamy allyleskalin\u0119 w sprzeda\u017cy tutaj. Spotkaj si\u0119 z nami online i zam\u00f3w ju\u017c dzi\u015b!","robots":{"index":"noindex","follow":"follow","max-snippet":"max-snippet:-1","max-image-preview":"max-image-preview:large","max-video-preview":"max-video-preview:-1"},"og_locale":"pl_PL","og_type":"article","og_title":"Allylescaline online kaufen \u2013 Allylescaline zu verkaufen","og_description":"Es ist die beste Zeit, unseren Chemgramx-Onlineshop zu besuchen und Allylescaline online zu kaufen. Wir haben hier Allylescaline zum Verkauf. Treffen Sie uns online und bestellen Sie noch heute!","og_url":"https:\/\/chemgramx.com\/pl\/produkt-2\/kupic-allylescaline-online-2\/","og_site_name":"Chemgramx","article_modified_time":"2025-11-21T11:20:22+00:00","og_image":[{"width":474,"height":347,"url":"https:\/\/chemgramx.com\/wp-content\/uploads\/2025\/11\/Allylescaline.jpg","type":"image\/jpeg"}],"twitter_card":"summary_large_image","twitter_misc":{"Szacowany czas czytania":"2 minuty"},"schema":{"@context":"https:\/\/schema.org","@graph":[{"@type":"WebPage","@id":"https:\/\/chemgramx.com\/product\/allylescaline-online-kaufen\/","url":"https:\/\/chemgramx.com\/product\/allylescaline-online-kaufen\/","name":"Kup Allyleskalin\u0119 online \u2013 Allyleskalin\u0119 na sprzeda\u017c","isPartOf":{"@id":"https:\/\/chemgramx.com\/#website"},"primaryImageOfPage":{"@id":"https:\/\/chemgramx.com\/product\/allylescaline-online-kaufen\/#primaryimage"},"image":{"@id":"https:\/\/chemgramx.com\/product\/allylescaline-online-kaufen\/#primaryimage"},"thumbnailUrl":"https:\/\/chemgramx.com\/wp-content\/uploads\/2025\/11\/Allylescaline.jpg","datePublished":"2025-11-21T11:19:16+00:00","dateModified":"2025-11-21T11:20:22+00:00","description":"To najlepszy moment, aby odwiedzi\u0107 nasz sklep internetowy Chemgramx i kupi\u0107 allyleskalin\u0119 online. Mamy allyleskalin\u0119 w sprzeda\u017cy tutaj. Spotkaj si\u0119 z nami online i zam\u00f3w ju\u017c dzi\u015b!","breadcrumb":{"@id":"https:\/\/chemgramx.com\/product\/allylescaline-online-kaufen\/#breadcrumb"},"inLanguage":"pl-PL","potentialAction":[{"@type":"ReadAction","target":["https:\/\/chemgramx.com\/product\/allylescaline-online-kaufen\/"]}]},{"@type":"ImageObject","inLanguage":"pl-PL","@id":"https:\/\/chemgramx.com\/product\/allylescaline-online-kaufen\/#primaryimage","url":"https:\/\/chemgramx.com\/wp-content\/uploads\/2025\/11\/Allylescaline.jpg","contentUrl":"https:\/\/chemgramx.com\/wp-content\/uploads\/2025\/11\/Allylescaline.jpg","width":474,"height":347},{"@type":"BreadcrumbList","@id":"https:\/\/chemgramx.com\/product\/allylescaline-online-kaufen\/#breadcrumb","itemListElement":[{"@type":"ListItem","position":1,"name":"Home","item":"https:\/\/chemgramx.com\/"},{"@type":"ListItem","position":2,"name":"Shop","item":"https:\/\/chemgramx.com\/shop\/"},{"@type":"ListItem","position":3,"name":"Allylescaline online kaufen"}]},{"@type":"WebSite","@id":"https:\/\/chemgramx.com\/#website","url":"https:\/\/chemgramx.com\/","name":"Chemgramx","description":"","publisher":{"@id":"https:\/\/chemgramx.com\/#organization"},"potentialAction":[{"@type":"SearchAction","target":{"@type":"EntryPoint","urlTemplate":"https:\/\/chemgramx.com\/?s={search_term_string}"},"query-input":{"@type":"PropertyValueSpecification","valueRequired":true,"valueName":"search_term_string"}}],"inLanguage":"pl-PL"},{"@type":"Organization","@id":"https:\/\/chemgramx.com\/#organization","name":"Chemgramx","url":"https:\/\/chemgramx.com\/","logo":{"@type":"ImageObject","inLanguage":"pl-PL","@id":"https:\/\/chemgramx.com\/#\/schema\/logo\/image\/","url":"https:\/\/chemgramx.com\/wp-content\/uploads\/2024\/10\/final-logo.png","contentUrl":"https:\/\/chemgramx.com\/wp-content\/uploads\/2024\/10\/final-logo.png","width":250,"height":48,"caption":"Chemgramx"},"image":{"@id":"https:\/\/chemgramx.com\/#\/schema\/logo\/image\/"}}]}},"_links":{"self":[{"href":"https:\/\/chemgramx.com\/pl\/wp-json\/wp\/v2\/product\/7614","targetHints":{"allow":["GET"]}}],"collection":[{"href":"https:\/\/chemgramx.com\/pl\/wp-json\/wp\/v2\/product"}],"about":[{"href":"https:\/\/chemgramx.com\/pl\/wp-json\/wp\/v2\/types\/product"}],"replies":[{"embeddable":true,"href":"https:\/\/chemgramx.com\/pl\/wp-json\/wp\/v2\/comments?post=7614"}],"wp:featuredmedia":[{"embeddable":true,"href":"https:\/\/chemgramx.com\/pl\/wp-json\/wp\/v2\/media\/7644"}],"wp:attachment":[{"href":"https:\/\/chemgramx.com\/pl\/wp-json\/wp\/v2\/media?parent=7614"}],"wp:term":[{"taxonomy":"product_brand","embeddable":true,"href":"https:\/\/chemgramx.com\/pl\/wp-json\/wp\/v2\/product_brand?post=7614"},{"taxonomy":"product_cat","embeddable":true,"href":"https:\/\/chemgramx.com\/pl\/wp-json\/wp\/v2\/product_cat?post=7614"},{"taxonomy":"product_tag","embeddable":true,"href":"https:\/\/chemgramx.com\/pl\/wp-json\/wp\/v2\/product_tag?post=7614"}],"curies":[{"name":"wp","href":"https:\/\/api.w.org\/{rel}","templated":true}]}}