{"id":7616,"date":"2025-11-21T11:19:16","date_gmt":"2025-11-21T11:19:16","guid":{"rendered":"https:\/\/chemgramx.com\/?post_type=product&#038;p=7616"},"modified":"2025-12-10T06:52:08","modified_gmt":"2025-12-10T06:52:08","slug":"4-kup-aco-dmt-online","status":"publish","type":"product","link":"https:\/\/chemgramx.com\/pl\/product\/4-aco-dmt-online-kaufen\/","title":{"rendered":"Kup 4-ACO-DMT online"},"content":{"rendered":"<p><b>4-AcO-DMT<\/b>, lub 4-acetoksy-N,N-dimetyltryptamina, to syntetyczny, psychodeliczny zwi\u0105zek tryptaminowy, kt\u00f3ry ma du\u017ce znaczenie w badaniach naukowych. Jest blisko spokrewniony z psilocybin\u0105 i cz\u0119sto nazywany jest jej \u201eprolekiem\u201c lub analogiem, poniewa\u017c w organizmie ulega metabolizmowi do psylocyny, g\u0142\u00f3wnego aktywnego metabolitu zawartego w grzybach zawieraj\u0105cych psilocybin\u0119. Dla naukowc\u00f3w, kt\u00f3rzy <b>Autentyczny 4-AcO-DMT<\/b> dla bada\u0144 kontrolowanych, Chemgramx oferuje doskona\u0142e rozwi\u0105zanie. W rzeczywisto\u015bci zwi\u0105zek ten umo\u017cliwia g\u0142\u0119bokie do\u015bwiadczenia wizualne i introspektywne, kt\u00f3re dostarczaj\u0105 cennych informacji na temat proces\u00f3w \u015bwiadomo\u015bci i mechanizm\u00f3w neurochemicznych.<\/p>\n<p>W dziedzinie eksperymentalnych nauk neurologicznych i psychofarmakologii dost\u0119pno\u015b\u0107 <b>Najwy\u017csza jako\u015b\u0107 4-AcO-DMT<\/b> maj\u0105 kluczowe znaczenie. Dlatego Chemgramx specjalizuje si\u0119 w dostarczaniu precyzyjnych i niezawodnych produkt\u00f3w badawczych. Je\u015bli <b>Kup 4-AcO-DMT<\/b> Je\u015bli chcesz kontynuowa\u0107 swoje badania, znajdziesz tutaj produkty spe\u0142niaj\u0105ce surowe normy czysto\u015bci. Ponadto wspieramy naukowc\u00f3w na ca\u0142ym \u015bwiecie, oferuj\u0105c im wyj\u0105tkowy wyb\u00f3r produkt\u00f3w.<\/p>\n<h2>Fascynacja 4-AcO-DMT: syntetyczna tryptamina<\/h2>\n<p>Struktura chemiczna 4-AcO-DMT charakteryzuje si\u0119 grup\u0105 octanow\u0105 zwi\u0105zan\u0105 z pozycj\u0105 hydroksylow\u0105 cz\u0105steczki psylocyny. Modyfikacja ta ma znacz\u0105cy wp\u0142yw na jej stabilno\u015b\u0107 i metabolizm w organizmie. Pierwotnie 4-AcO-DMT zosta\u0142o zidentyfikowane przez spo\u0142eczno\u015b\u0107 naukow\u0105 jako interesuj\u0105ca pochodna psylocyny, co podkre\u015bla jego znaczenie dla zaawansowanych bada\u0144.<\/p>\n<h3>Struktura chemiczna i analogia do psilocybiny<\/h3>\n<p>4-acetoksy-N,N-dimetyltryptamina nale\u017cy do rodziny tryptamin, klasy zwi\u0105zk\u00f3w odgrywaj\u0105cych kluczow\u0105 rol\u0119 w neurobiologii. W szczeg\u00f3lno\u015bci jest to ester psylocyny, co oznacza, \u017ce ma podobn\u0105 podstawow\u0105 struktur\u0119 chemiczn\u0105. Dlatego te\u017c efekty farmakologiczne po metabolizmie s\u0105 por\u00f3wnywalne z efektami psylocyny. Ta cecha sprawia, \u017ce jest to idealne narz\u0119dzie do badania interakcji receptor\u00f3w serotoninowych.<\/p>\n<h3>Kontekst historyczny i odkrycie<\/h3>\n<p>Synteza 4-AcO-DMT jest cz\u0119sto przypisywana Albertowi Hofmannowi, znanemu odkrywcy LSD. Jego prace z lat 60. XX wieku po\u0142o\u017cy\u0142y podwaliny pod zrozumienie wielu zwi\u0105zk\u00f3w psychodelicznych. Zwi\u0105zek ten jest zatem wynikiem dziesi\u0119cioleci bada\u0144 w dziedzinie psychofarmakologii. Kontekst historyczny podkre\u015bla konieczno\u015b\u0107 badania tych substancji w kontrolowanych warunkach.<\/p>\n<h2>Dlaczego 4-AcO-DMT jest niezb\u0119dny w badaniach naukowych<\/h2>\n<p>Laboratoria badawcze na ca\u0142ym \u015bwiecie poszukuj\u0105 substancji powtarzalnych i niezawodnych. Dlatego te\u017c nabycie <b>Klasa badawcza 4-AcO-DMT<\/b> niezb\u0119dne do zapewnienia integralno\u015bci danych eksperymentalnych. Precyzja, jak\u0105 zapewniaj\u0105 chemikalia o wysokiej czysto\u015bci, umo\u017cliwia naukowcom wyci\u0105ganie dok\u0142adnych wniosk\u00f3w dotycz\u0105cych mechanizm\u00f3w dzia\u0142ania, a tym samym poszerzanie naszej wiedzy na temat z\u0142o\u017conych proces\u00f3w biologicznych.<\/p>\n<h3>Zastosowania w neurochemii i psychologii<\/h3>\n<p>4-AcO-DMT znajduje szerokie zastosowanie w badaniach nad neurochemi\u0105, zw\u0142aszcza w badaniach nad receptorami serotoniny i ich rol\u0105 w modulowaniu nastroju, percepcji i funkcji poznawczych. Ponadto jest cennym narz\u0119dziem w badaniach psychologicznych nad analiz\u0105 zmienionych stan\u00f3w \u015bwiadomo\u015bci i ich potencjalnymi zastosowaniami terapeutycznymi. Dok\u0142adna natura jego dzia\u0142ania sprawia, \u017ce jest popularnym przedmiotem bada\u0144, podobnie jak <a href=\"https:\/\/chemgramx.com\/product\/alpha-methyltryptamine-amt-kaufen\/\">Alfa-metylotryptamina (AMT)<\/a>, kolejna wa\u017cna pochodna tryptaminy.<\/p>\n<h3>Znaczenie czysto\u015bci w badaniach naukowych<\/h3>\n<p>Czysto\u015b\u0107 substancji chemicznych ma niepodwa\u017calne znaczenie dla uzyskania precyzyjnych i miarodajnych wynik\u00f3w bada\u0144. Wysoka czysto\u015b\u0107 4-AcO-DMT gwarantuje, \u017ce obserwowane efekty wynikaj\u0105 bezpo\u015brednio z dzia\u0142ania samego zwi\u0105zku, a nie zanieczyszcze\u0144. W konsekwencji minimalizuje to \u017ar\u00f3d\u0142a b\u0142\u0119d\u00f3w i zwi\u0119ksza wiarygodno\u015b\u0107 danych eksperymentalnych. Gwarantujemy, \u017ce nasz <b>4-AcO-DMT o wysokiej czysto\u015bci do nabycia<\/b> zawsze spe\u0142nia te wymagania.<\/p>\n<h2>Kup 4-AcO-DMT: jako\u015b\u0107 i zaufanie w Chemgramx<\/h2>\n<p>Wyb\u00f3r godnego zaufania dostawcy chemikali\u00f3w badawczych ma ogromne znaczenie. Chemgramx zobowi\u0105zuje si\u0119 do oferowania wy\u0142\u0105cznie produkt\u00f3w najwy\u017cszej jako\u015bci, zaprojektowanych specjalnie do cel\u00f3w naukowych. Umo\u017cliwiamy Pa\u0144stwu, <b>Najlepszy dost\u0119pny 4-AcO-DMT<\/b> dla swoich projekt\u00f3w.<\/p>\n<h3>Zapewnienie najwy\u017cszej czysto\u015bci<\/h3>\n<p>Ka\u017cda partia naszego 4-AcO-DMT jest dok\u0142adnie sprawdzana, aby zagwarantowa\u0107 najwy\u017csz\u0105 mo\u017cliw\u0105 czysto\u015b\u0107. Dzi\u0119ki najnowocze\u015bniejszym metodom analitycznym, takim jak HPLC i GC-MS, zapewniamy, \u017ce otrzymujesz produkt wolny od niepo\u017c\u0105danych zanieczyszcze\u0144. Dlatego nasz <b>4-AcO-DMT o jako\u015bci laboratoryjnej do nabycia<\/b> pierwszy wyb\u00f3r dla powa\u017cnych badaczy.<\/p>\n<h3>Kompleksowa kontrola jako\u015bci<\/h3>\n<p>Nasze rygorystyczne procedury kontroli jako\u015bci obejmuj\u0105 kilka etap\u00f3w testowania, od pozyskiwania surowc\u00f3w po produkt ko\u0144cowy. Takie rygorystyczne podej\u015bcie gwarantuje sp\u00f3jno\u015b\u0107 i niezawodno\u015b\u0107 ka\u017cdej dostawy. Ponadto na \u017cyczenie klienta oferujemy certyfikaty czysto\u015bci, aby potwierdzi\u0107 nasz\u0105 przejrzysto\u015b\u0107 i jako\u015b\u0107. Dzi\u0119ki temu mo\u017cesz polega\u0107 na niezmiennie wysokiej jako\u015bci, je\u015bli <b>Zam\u00f3w 4-AcO-DMT online<\/b>.<\/p>\n<h3>Opcje ilo\u015bciowe dla projekt\u00f3w badawczych<\/h3>\n<p>Rozumiemy, \u017ce projekty badawcze maj\u0105 r\u00f3\u017cne wymagania dotycz\u0105ce ilo\u015bci substancji chemicznych. Dlatego oferujemy 4-AcO-DMT w r\u00f3\u017cnych ilo\u015bciach, aby wspiera\u0107 zar\u00f3wno ma\u0142e badania pilota\u017cowe, jak i szeroko zakrojone eksperymenty. Naukowcy mog\u0105 zam\u00f3wi\u0107 Chemgramx <b>Kup 4-AcO-DMT<\/b> i wybiera\u0107 spo\u015br\u00f3d szeregu opcji odpowiadaj\u0105cych ich konkretnym potrzebom. Podobnie r\u00f3\u017cnorodna jest nasza oferta dla <a href=\"https:\/\/chemgramx.com\/product\/kaufen-sie-kokainflocken\/\">inne chemikalia badawcze<\/a>.<\/p>\n<h2>Charakterystyka i zalety wysokiej czysto\u015bci 4-AcO-DMT<\/h2>\n<p>Wyj\u0105tkowe w\u0142a\u015bciwo\u015bci 4-AcO-DMT sprawiaj\u0105, \u017ce jest to cenne narz\u0119dzie w badaniach naukowych. Umo\u017cliwia ono rozszyfrowanie z\u0142o\u017conych proces\u00f3w neurochemicznych i uzyskanie nowych informacji na temat ludzkiej \u015bwiadomo\u015bci. W rezultacie ma ono znacz\u0105cy wp\u0142yw na rozw\u00f3j nauki.<\/p>\n<h3>Potencja\u0142 badawczy i mechanizm dzia\u0142ania<\/h3>\n<p>Potencja\u0142 4-AcO-DMT w badaniach psychofarmakologicznych jest ogromny. Umo\u017cliwia on badanie roli tryptamin w m\u00f3zgu i ich wp\u0142ywu na uk\u0142ady neuroprzeka\u017anik\u00f3w. Dok\u0142adny mechanizm dzia\u0142ania, w szczeg\u00f3lno\u015bci interakcja z receptorami serotoniny, jest aktywnym obszarem bada\u0144. To sprawia, \u017ce jest on idealnym kandydatem do bada\u0144 eksploracyjnych.<\/p>\n<h3>Bezpiecze\u0144stwo i precyzja obs\u0142ugi<\/h3>\n<p>Podczas pracy z chemikaliami badawczymi nale\u017cy zachowa\u0107 najwy\u017csz\u0105 ostro\u017cno\u015b\u0107. Nasze <b>4-AcO-DMT na sprzeda\u017c<\/b> jest przetwarzany i przygotowywany zgodnie z rygorystycznymi normami bezpiecze\u0144stwa. Przywi\u0105zujemy du\u017c\u0105 wag\u0119 do jasnego oznakowania i zapewniamy wyczerpuj\u0105ce informacje o produkcie, aby zagwarantowa\u0107 bezpieczne u\u017cytkowanie w \u015brodowisku badawczym. Produkt jest traktowany z najwy\u017csz\u0105 staranno\u015bci\u0105, aby zachowa\u0107 jego integralno\u015b\u0107.<\/p>\n<h2>Tw\u00f3j partner w zakresie chemikali\u00f3w badawczych: Chemgramx<\/h2>\n<p>Jako wyspecjalizowany dostawca wysokiej jako\u015bci chemikali\u00f3w badawczych, Chemgramx jest Twoim godnym zaufania partnerem. Naszym celem jest nie tylko dostarczanie produkt\u00f3w, ale tak\u017ce oferowanie kompleksowych us\u0142ug, kt\u00f3re pomog\u0105 Ci osi\u0105gn\u0105\u0107 cele badawcze. <b>Zam\u00f3w 4-AcO-DMT online<\/b> i skorzystaj z naszej wiedzy specjalistycznej.<\/p>\n<h3>Proces sk\u0142adania zam\u00f3wienia w Chemgramx<\/h3>\n<p>Proces, <b>Kup 4-AcO-DMT w Chemgramx<\/b>, jest nieskomplikowany i dostosowany do potrzeb naukowc\u00f3w. Oferujemy przyjazn\u0105 dla u\u017cytkownika platform\u0119, bezpieczne metody p\u0142atno\u015bci i gwarantujemy dyskretn\u0105 realizacj\u0119 zam\u00f3wienia. Dzi\u0119ki temu mo\u017cesz w pe\u0142ni skoncentrowa\u0107 si\u0119 na swojej pracy naukowej, podczas gdy my zajmiemy si\u0119 zaopatrzeniem.<\/p>\n<h3>Doradztwo i obs\u0142uga klienta<\/h3>\n<p>Nasz zaanga\u017cowany zesp\u00f3\u0142 obs\u0142ugi klienta jest zawsze do Pa\u0144stwa dyspozycji, aby odpowiedzie\u0107 na pytania i udzieli\u0107 profesjonalnej porady. Niezale\u017cnie od tego, czy chodzi o specyfikacje produkt\u00f3w, certyfikaty czysto\u015bci czy informacje dotycz\u0105ce zam\u00f3wie\u0144, jeste\u015bmy do Pa\u0144stwa dyspozycji. Nie wahajcie si\u0119 skontaktowa\u0107 z nami, je\u015bli potrzebujecie pomocy. Dok\u0142adamy wszelkich stara\u0144, aby zapewni\u0107 Pa\u0144stwu najlepsz\u0105 obs\u0142ug\u0119.<\/p>\n<h2>Wnioski<\/h2>\n<p>Podsumowuj\u0105c, mo\u017cna stwierdzi\u0107, \u017ce 4-AcO-DMT jest niezb\u0119dnym odczynnikiem w zaawansowanych badaniach psychofarmakologicznych i neurochemicznych. W Chemgramx otrzymujesz <b>Wysokiej jako\u015bci 4-AcO-DMT<\/b>, kt\u00f3ry spe\u0142nia najwy\u017csze standardy czysto\u015bci i jako\u015bci. Je\u015bli <b>Kup 4-AcO-DMT<\/b> Je\u015bli chcesz kontynuowa\u0107 swoje innowacyjne badania, jeste\u015bmy Twoim niezawodnym partnerem. Ju\u017c dzi\u015b zapewnij sobie niezb\u0119dne produkty i przekonaj si\u0119 o niezawodno\u015bci i precyzji, na kt\u00f3re zas\u0142uguj\u0105 Twoje badania. Bezpieczne przetwarzanie naszych produkt\u00f3w jest zawsze gwarantowane.<\/p>","protected":false},"excerpt":{"rendered":"<p><strong>4-AcO-DMT<\/strong> to wysoce czysty syntetyczny zwi\u0105zek chemiczny, kt\u00f3ry zosta\u0142 opracowany do cel\u00f3w bada\u0144 naukowych. S\u0142u\u017cy do badania efekt\u00f3w psychodelicznych i w\u0142a\u015bciwo\u015bci chemicznych substancji. Ka\u017cda partia jest testowana pod k\u0105tem czysto\u015bci. Wy\u0142\u0105cznie do u\u017cytku badawczego - nie nadaje si\u0119 do spo\u017cycia przez ludzi.<\/p>","protected":false},"featured_media":7646,"comment_status":"open","ping_status":"closed","template":"","meta":{"_joinchat":[]},"product_brand":[],"product_cat":[96],"product_tag":[605,2341,2340,2342,2336,2343,2339,2337,2338,2310],"class_list":{"0":"post-7616","1":"product","2":"type-product","3":"status-publish","4":"has-post-thumbnail","6":"product_cat-psychedelische-droge","7":"product_tag-4-aco-dmt","8":"product_tag-4-aco-dmt-chemikalien","9":"product_tag-4-aco-dmt-forschung","10":"product_tag-4-aco-dmt-fur-forschung","11":"product_tag-4-aco-dmt-kaufen","12":"product_tag-4-aco-dmt-kaufen-online","13":"product_tag-4-aco-dmt-kristalle","14":"product_tag-4-aco-dmt-online","15":"product_tag-4-aco-dmt-pulver","16":"product_tag-synthetische-psychedelika","18":"first","19":"instock","20":"shipping-taxable","21":"purchasable","22":"product-type-variable"},"yoast_head":"<!-- This site is optimized with the Yoast SEO plugin v27.5 - https:\/\/yoast.com\/product\/yoast-seo-wordpress\/ -->\n<title>4-ACO-DMT zu verkaufen \u2013 4-ACO-DMT online kaufen<\/title>\n<meta name=\"description\" content=\"Unser Gesch\u00e4ft hat 4-ACO-DMT zu erschwinglichen Preisen zu verkaufen. Wenn Sie 4-ACO-DMT online kaufen m\u00f6chten, kontaktieren Sie uns jetzt.\" \/>\n<meta name=\"robots\" content=\"index, follow, max-snippet:-1, max-image-preview:large, max-video-preview:-1\" \/>\n<link rel=\"canonical\" href=\"https:\/\/chemgramx.com\/pl\/produkt-1\/4-kup-aco-dmt-online\/\" \/>\n<meta property=\"og:locale\" content=\"pl_PL\" \/>\n<meta property=\"og:type\" content=\"article\" \/>\n<meta property=\"og:title\" content=\"4-ACO-DMT zu verkaufen \u2013 4-ACO-DMT online kaufen\" \/>\n<meta property=\"og:description\" content=\"Unser Gesch\u00e4ft hat 4-ACO-DMT zu erschwinglichen Preisen zu verkaufen. Wenn Sie 4-ACO-DMT online kaufen m\u00f6chten, kontaktieren Sie uns jetzt.\" \/>\n<meta property=\"og:url\" content=\"https:\/\/chemgramx.com\/pl\/produkt-1\/4-kup-aco-dmt-online\/\" \/>\n<meta property=\"og:site_name\" content=\"Chemgramx\" \/>\n<meta property=\"article:modified_time\" content=\"2025-12-10T06:52:08+00:00\" \/>\n<meta property=\"og:image\" content=\"https:\/\/chemgramx.com\/wp-content\/uploads\/2025\/11\/4aco.png\" \/>\n\t<meta property=\"og:image:width\" content=\"600\" \/>\n\t<meta property=\"og:image:height\" content=\"400\" \/>\n\t<meta property=\"og:image:type\" content=\"image\/png\" \/>\n<meta name=\"twitter:card\" content=\"summary_large_image\" \/>\n<meta name=\"twitter:label1\" content=\"Szacowany czas czytania\" \/>\n\t<meta name=\"twitter:data1\" content=\"2 minuty\" \/>\n<script type=\"application\/ld+json\" class=\"yoast-schema-graph\">{\"@context\":\"https:\\\/\\\/schema.org\",\"@graph\":[{\"@type\":\"WebPage\",\"@id\":\"https:\\\/\\\/chemgramx.com\\\/product\\\/4-aco-dmt-online-kaufen\\\/\",\"url\":\"https:\\\/\\\/chemgramx.com\\\/product\\\/4-aco-dmt-online-kaufen\\\/\",\"name\":\"4-ACO-DMT zu verkaufen \u2013 4-ACO-DMT online kaufen\",\"isPartOf\":{\"@id\":\"https:\\\/\\\/chemgramx.com\\\/#website\"},\"primaryImageOfPage\":{\"@id\":\"https:\\\/\\\/chemgramx.com\\\/product\\\/4-aco-dmt-online-kaufen\\\/#primaryimage\"},\"image\":{\"@id\":\"https:\\\/\\\/chemgramx.com\\\/product\\\/4-aco-dmt-online-kaufen\\\/#primaryimage\"},\"thumbnailUrl\":\"https:\\\/\\\/chemgramx.com\\\/wp-content\\\/uploads\\\/2025\\\/11\\\/4aco.png\",\"datePublished\":\"2025-11-21T11:19:16+00:00\",\"dateModified\":\"2025-12-10T06:52:08+00:00\",\"description\":\"Unser Gesch\u00e4ft hat 4-ACO-DMT zu erschwinglichen Preisen zu verkaufen. Wenn Sie 4-ACO-DMT online kaufen m\u00f6chten, kontaktieren Sie uns jetzt.\",\"breadcrumb\":{\"@id\":\"https:\\\/\\\/chemgramx.com\\\/product\\\/4-aco-dmt-online-kaufen\\\/#breadcrumb\"},\"inLanguage\":\"pl-PL\",\"potentialAction\":[{\"@type\":\"ReadAction\",\"target\":[\"https:\\\/\\\/chemgramx.com\\\/product\\\/4-aco-dmt-online-kaufen\\\/\"]}]},{\"@type\":\"ImageObject\",\"inLanguage\":\"pl-PL\",\"@id\":\"https:\\\/\\\/chemgramx.com\\\/product\\\/4-aco-dmt-online-kaufen\\\/#primaryimage\",\"url\":\"https:\\\/\\\/chemgramx.com\\\/wp-content\\\/uploads\\\/2025\\\/11\\\/4aco.png\",\"contentUrl\":\"https:\\\/\\\/chemgramx.com\\\/wp-content\\\/uploads\\\/2025\\\/11\\\/4aco.png\",\"width\":600,\"height\":400},{\"@type\":\"BreadcrumbList\",\"@id\":\"https:\\\/\\\/chemgramx.com\\\/product\\\/4-aco-dmt-online-kaufen\\\/#breadcrumb\",\"itemListElement\":[{\"@type\":\"ListItem\",\"position\":1,\"name\":\"Home\",\"item\":\"https:\\\/\\\/chemgramx.com\\\/\"},{\"@type\":\"ListItem\",\"position\":2,\"name\":\"Shop\",\"item\":\"https:\\\/\\\/chemgramx.com\\\/shop\\\/\"},{\"@type\":\"ListItem\",\"position\":3,\"name\":\"4-ACO-DMT Online Kaufen\"}]},{\"@type\":\"WebSite\",\"@id\":\"https:\\\/\\\/chemgramx.com\\\/#website\",\"url\":\"https:\\\/\\\/chemgramx.com\\\/\",\"name\":\"Chemgramx\",\"description\":\"\",\"publisher\":{\"@id\":\"https:\\\/\\\/chemgramx.com\\\/#organization\"},\"potentialAction\":[{\"@type\":\"SearchAction\",\"target\":{\"@type\":\"EntryPoint\",\"urlTemplate\":\"https:\\\/\\\/chemgramx.com\\\/?s={search_term_string}\"},\"query-input\":{\"@type\":\"PropertyValueSpecification\",\"valueRequired\":true,\"valueName\":\"search_term_string\"}}],\"inLanguage\":\"pl-PL\"},{\"@type\":\"Organization\",\"@id\":\"https:\\\/\\\/chemgramx.com\\\/#organization\",\"name\":\"Chemgramx\",\"url\":\"https:\\\/\\\/chemgramx.com\\\/\",\"logo\":{\"@type\":\"ImageObject\",\"inLanguage\":\"pl-PL\",\"@id\":\"https:\\\/\\\/chemgramx.com\\\/#\\\/schema\\\/logo\\\/image\\\/\",\"url\":\"https:\\\/\\\/chemgramx.com\\\/wp-content\\\/uploads\\\/2024\\\/10\\\/final-logo.png\",\"contentUrl\":\"https:\\\/\\\/chemgramx.com\\\/wp-content\\\/uploads\\\/2024\\\/10\\\/final-logo.png\",\"width\":250,\"height\":48,\"caption\":\"Chemgramx\"},\"image\":{\"@id\":\"https:\\\/\\\/chemgramx.com\\\/#\\\/schema\\\/logo\\\/image\\\/\"}}]}<\/script>\n<!-- \/ Yoast SEO plugin. -->","yoast_head_json":{"title":"4-ACO-DMT na sprzeda\u017c \u2013 Kup 4-ACO-DMT online","description":"Nasz sklep ma 4-ACO-DMT na sprzeda\u017c w przyst\u0119pnych cenach. Je\u015bli chcesz kupi\u0107 4-ACO-DMT online, skontaktuj si\u0119 z nami ju\u017c teraz.","robots":{"index":"index","follow":"follow","max-snippet":"max-snippet:-1","max-image-preview":"max-image-preview:large","max-video-preview":"max-video-preview:-1"},"canonical":"https:\/\/chemgramx.com\/pl\/produkt-1\/4-kup-aco-dmt-online\/","og_locale":"pl_PL","og_type":"article","og_title":"4-ACO-DMT zu verkaufen \u2013 4-ACO-DMT online kaufen","og_description":"Unser Gesch\u00e4ft hat 4-ACO-DMT zu erschwinglichen Preisen zu verkaufen. Wenn Sie 4-ACO-DMT online kaufen m\u00f6chten, kontaktieren Sie uns jetzt.","og_url":"https:\/\/chemgramx.com\/pl\/produkt-1\/4-kup-aco-dmt-online\/","og_site_name":"Chemgramx","article_modified_time":"2025-12-10T06:52:08+00:00","og_image":[{"width":600,"height":400,"url":"https:\/\/chemgramx.com\/wp-content\/uploads\/2025\/11\/4aco.png","type":"image\/png"}],"twitter_card":"summary_large_image","twitter_misc":{"Szacowany czas czytania":"2 minuty"},"schema":{"@context":"https:\/\/schema.org","@graph":[{"@type":"WebPage","@id":"https:\/\/chemgramx.com\/product\/4-aco-dmt-online-kaufen\/","url":"https:\/\/chemgramx.com\/product\/4-aco-dmt-online-kaufen\/","name":"4-ACO-DMT na sprzeda\u017c \u2013 Kup 4-ACO-DMT online","isPartOf":{"@id":"https:\/\/chemgramx.com\/#website"},"primaryImageOfPage":{"@id":"https:\/\/chemgramx.com\/product\/4-aco-dmt-online-kaufen\/#primaryimage"},"image":{"@id":"https:\/\/chemgramx.com\/product\/4-aco-dmt-online-kaufen\/#primaryimage"},"thumbnailUrl":"https:\/\/chemgramx.com\/wp-content\/uploads\/2025\/11\/4aco.png","datePublished":"2025-11-21T11:19:16+00:00","dateModified":"2025-12-10T06:52:08+00:00","description":"Nasz sklep ma 4-ACO-DMT na sprzeda\u017c w przyst\u0119pnych cenach. Je\u015bli chcesz kupi\u0107 4-ACO-DMT online, skontaktuj si\u0119 z nami ju\u017c teraz.","breadcrumb":{"@id":"https:\/\/chemgramx.com\/product\/4-aco-dmt-online-kaufen\/#breadcrumb"},"inLanguage":"pl-PL","potentialAction":[{"@type":"ReadAction","target":["https:\/\/chemgramx.com\/product\/4-aco-dmt-online-kaufen\/"]}]},{"@type":"ImageObject","inLanguage":"pl-PL","@id":"https:\/\/chemgramx.com\/product\/4-aco-dmt-online-kaufen\/#primaryimage","url":"https:\/\/chemgramx.com\/wp-content\/uploads\/2025\/11\/4aco.png","contentUrl":"https:\/\/chemgramx.com\/wp-content\/uploads\/2025\/11\/4aco.png","width":600,"height":400},{"@type":"BreadcrumbList","@id":"https:\/\/chemgramx.com\/product\/4-aco-dmt-online-kaufen\/#breadcrumb","itemListElement":[{"@type":"ListItem","position":1,"name":"Home","item":"https:\/\/chemgramx.com\/"},{"@type":"ListItem","position":2,"name":"Shop","item":"https:\/\/chemgramx.com\/shop\/"},{"@type":"ListItem","position":3,"name":"4-ACO-DMT Online Kaufen"}]},{"@type":"WebSite","@id":"https:\/\/chemgramx.com\/#website","url":"https:\/\/chemgramx.com\/","name":"Chemgramx","description":"","publisher":{"@id":"https:\/\/chemgramx.com\/#organization"},"potentialAction":[{"@type":"SearchAction","target":{"@type":"EntryPoint","urlTemplate":"https:\/\/chemgramx.com\/?s={search_term_string}"},"query-input":{"@type":"PropertyValueSpecification","valueRequired":true,"valueName":"search_term_string"}}],"inLanguage":"pl-PL"},{"@type":"Organization","@id":"https:\/\/chemgramx.com\/#organization","name":"Chemgramx","url":"https:\/\/chemgramx.com\/","logo":{"@type":"ImageObject","inLanguage":"pl-PL","@id":"https:\/\/chemgramx.com\/#\/schema\/logo\/image\/","url":"https:\/\/chemgramx.com\/wp-content\/uploads\/2024\/10\/final-logo.png","contentUrl":"https:\/\/chemgramx.com\/wp-content\/uploads\/2024\/10\/final-logo.png","width":250,"height":48,"caption":"Chemgramx"},"image":{"@id":"https:\/\/chemgramx.com\/#\/schema\/logo\/image\/"}}]}},"_links":{"self":[{"href":"https:\/\/chemgramx.com\/pl\/wp-json\/wp\/v2\/product\/7616","targetHints":{"allow":["GET"]}}],"collection":[{"href":"https:\/\/chemgramx.com\/pl\/wp-json\/wp\/v2\/product"}],"about":[{"href":"https:\/\/chemgramx.com\/pl\/wp-json\/wp\/v2\/types\/product"}],"replies":[{"embeddable":true,"href":"https:\/\/chemgramx.com\/pl\/wp-json\/wp\/v2\/comments?post=7616"}],"wp:featuredmedia":[{"embeddable":true,"href":"https:\/\/chemgramx.com\/pl\/wp-json\/wp\/v2\/media\/7646"}],"wp:attachment":[{"href":"https:\/\/chemgramx.com\/pl\/wp-json\/wp\/v2\/media?parent=7616"}],"wp:term":[{"taxonomy":"product_brand","embeddable":true,"href":"https:\/\/chemgramx.com\/pl\/wp-json\/wp\/v2\/product_brand?post=7616"},{"taxonomy":"product_cat","embeddable":true,"href":"https:\/\/chemgramx.com\/pl\/wp-json\/wp\/v2\/product_cat?post=7616"},{"taxonomy":"product_tag","embeddable":true,"href":"https:\/\/chemgramx.com\/pl\/wp-json\/wp\/v2\/product_tag?post=7616"}],"curies":[{"name":"wp","href":"https:\/\/api.w.org\/{rel}","templated":true}]}}