{"id":7618,"date":"2025-11-21T11:19:17","date_gmt":"2025-11-21T11:19:17","guid":{"rendered":"https:\/\/chemgramx.com\/?post_type=product&#038;p=7618"},"modified":"2025-11-21T11:20:23","modified_gmt":"2025-11-21T11:20:23","slug":"kupic-dmt-dimetylotryptamina-online","status":"publish","type":"product","link":"https:\/\/chemgramx.com\/pl\/product\/dmt-dimethyltryptamine-online-kaufen\/","title":{"rendered":"Kup DMT Dimetylotryptamin\u0119 online"},"content":{"rendered":"<p>DMT-dimetylotryptamina to pot\u0119\u017cna substancja psychodeliczna wykorzystywana w badaniach naukowych do badania wp\u0142ywu na ludzk\u0105 \u015bwiadomo\u015b\u0107 i poznanie. Ta substancja chemiczna nale\u017cy do klasy tryptamin i jest znana ze swoich intensywnych i szybkich efekt\u00f3w psychodelicznych, powoduj\u0105c g\u0142\u0119bokie zmiany \u015bwiadomo\u015bci i intensywne halucynacje. Naukowcy, kt\u00f3rzy <a href=\"https:\/\/chemgramx.com\/product\/dmt-dimethyltryptamine\/\">Kup dimetylotryptamin\u0119 DMT online<\/a> wiarygodne \u017ar\u00f3d\u0142o kontrolowanych bada\u0144 laboratoryjnych mo\u017cna znale\u017a\u0107 tutaj.<\/p>\n<h2>Dlaczego warto kupi\u0107 dimetylotryptamin\u0119 DMT online?<\/h2>\n<p>Naukowcy wykorzystuj\u0105 DMT-dimetylotryptamin\u0119 do badania mechanizm\u00f3w neurochemicznych odpowiedzialnych za zmienion\u0105 percepcj\u0119 i do\u015bwiadczenia halucynacyjne. Badania te mog\u0105 przyczyni\u0107 si\u0119 do rozwoju terapeutycznych zastosowa\u0144 substancji psychodelicznych, szczeg\u00f3lnie w leczeniu zdrowia psychicznego i badaniach nad \u015bwiadomo\u015bci\u0105. Je\u015bli <a href=\"https:\/\/en.wikipedia.org\/wiki\/Dimethyltryptamine\">Kup DMT-Dimetylotryptamin\u0119<\/a> ChemGramx oferuje wysokiej jako\u015bci produkty do bada\u0144 laboratoryjnych. ChemGramx to najlepsze miejsce, aby bezpiecznie i niezawodnie kupi\u0107 DMT-dimetylotryptamin\u0119. Mo\u017cesz bez wahania zam\u00f3wi\u0107 oryginaln\u0105 lub podrobion\u0105 dimetylotryptamin\u0119 DMT do cel\u00f3w badawczych.<\/p>\n<h2>Zastosowania i korzy\u015bci DMT-dimetylotryptaminy<\/h2>\n<ul>\n<li>Zastosowanie DMT-dimetylotryptaminy w badaniach ma kilka zalet:<\/li>\n<li>Wysoka czysto\u015b\u0107: zapewnia precyzyjne i wiarygodne wyniki bada\u0144 naukowych.<\/li>\n<li>Szybkie dzia\u0142anie: Nadaje si\u0119 do bada\u0144 nad szybko dzia\u0142aj\u0105cymi efektami psychodelicznymi.<\/li>\n<li>\u015acis\u0142a kontrola jako\u015bci: Ka\u017cda partia dimetylotryptaminy DMT jest testowana pod k\u0105tem czysto\u015bci i sp\u00f3jno\u015bci.<\/li>\n<li>Wy\u0142\u0105cznie do u\u017cytku badawczego: Nie do spo\u017cycia przez ludzi.<\/li>\n<\/ul>\n<p>Niezale\u017cnie od tego, czy chcesz kupi\u0107 DMT-Dimetylotryptamin\u0119 tanio online, czy szukasz sprawdzonego dostawcy, ChemGramx jest zaufanym \u017ar\u00f3d\u0142em bezpiecznego zakupu DMT-Dimetylotryptaminy online.<\/p>\n<h2>Bezpieczne obchodzenie si\u0119 i przechowywanie<\/h2>\n<p>Aby zachowa\u0107 integralno\u015b\u0107 chemiczn\u0105, DMT-Dimetylotryptamina powinna by\u0107 przechowywana w ch\u0142odnym, suchym miejscu, z dala od bezpo\u015bredniego \u015bwiat\u0142a s\u0142onecznego. Podczas obchodzenia si\u0119 z oryginaln\u0105 lub podrobion\u0105 DMT-Dimetylotryptamin\u0105 nale\u017cy zawsze przestrzega\u0107 wytycznych dotycz\u0105cych bezpiecze\u0144stwa laboratoryjnego, aby zapewni\u0107 dok\u0142adne wyniki bada\u0144 i odpowiedzialne obchodzenie si\u0119 z preparatem.<\/p>","protected":false},"excerpt":{"rendered":"<p><strong>DMT<\/strong>znany r\u00f3wnie\u017c jako <strong>Dimetylotryptamina<\/strong>jest wysoce skutecznym zwi\u0105zkiem z rodziny tryptamin. Jest on cz\u0119sto wykorzystywany w badaniach neurobiologicznych i farmakologicznych do badania interakcji z receptorami serotoninowymi i ich wp\u0142ywu na o\u015brodkowy uk\u0142ad nerwowy.<\/p>\n<h3><strong>W\u0142a\u015bciwo\u015bci DMT:<\/strong><\/h3>\n<ul>\n<li><strong>Wz\u00f3r chemiczny<\/strong>C12H16N2<\/li>\n<li><strong>Masa cz\u0105steczkowa<\/strong>188,27 g\/mol<\/li>\n<li><strong>Czysto\u015b\u0107<\/strong>Gwarantowany 99%, idealny do precyzyjnych wynik\u00f3w bada\u0144.<\/li>\n<li><strong>Wygl\u0105d<\/strong>Bia\u0142y lub lekko \u017c\u00f3\u0142tawy proszek, stabilny w kontrolowanych warunkach przechowywania.<\/li>\n<\/ul>\n<h3><strong>Obszary zastosowa\u0144:<\/strong><\/h3>\n<ol>\n<li><strong>Badania neuronaukowe<\/strong>Badania nad receptorami serotoniny i ich interakcj\u0105 z neuroprzeka\u017anikami.<\/li>\n<li><strong>Badania farmakologiczne<\/strong>Analiza zale\u017cno\u015bci struktura-aktywno\u015b\u0107 (SAR) i potencja\u0142u terapeutycznego.<\/li>\n<li><strong>Badania nad psychodelikami<\/strong>Badanie wp\u0142ywu na percepcj\u0119, \u015bwiadomo\u015b\u0107 i stany emocjonalne.<\/li>\n<\/ol>\n<h3><strong>Dlaczego warto kupi\u0107 DMT?<\/strong><\/h3>\n<ul>\n<li><strong>Najwy\u017csza czysto\u015b\u0107<\/strong>Zapewnia wiarygodne wyniki w \u015brodowiskach laboratoryjnych i badawczych.<\/li>\n<li><strong>Dyskretna wysy\u0142ka<\/strong>Bezpieczne i anonimowe, dostarczane bezpo\u015brednio na Tw\u00f3j adres.<\/li>\n<li><strong>Szeroki zakres zastosowa\u0144<\/strong>Idealny do bada\u0144 naukowych i rozwoju.<\/li>\n<\/ul>\n<hr \/>","protected":false},"featured_media":7648,"comment_status":"open","ping_status":"closed","template":"","meta":{"_joinchat":[]},"product_brand":[],"product_cat":[96],"product_tag":[2312,2320,2314,606,2319,2318,2313,2317,2315,2316,2310],"class_list":{"0":"post-7618","1":"product","2":"type-product","3":"status-publish","4":"has-post-thumbnail","6":"product_cat-psychedelische-droge","7":"product_tag-dimethyltryptamin","8":"product_tag-dimethyltryptamin-forschung","9":"product_tag-dimethyltryptamin-kaufen","10":"product_tag-dmt","11":"product_tag-dmt-chemikalien","12":"product_tag-dmt-fur-forschung","13":"product_tag-dmt-kaufen","14":"product_tag-dmt-kristalle","15":"product_tag-dmt-online","16":"product_tag-dmt-pulver","17":"product_tag-synthetische-psychedelika","19":"first","20":"instock","21":"shipping-taxable","22":"purchasable","23":"product-type-variable"},"yoast_head":"<!-- This site is optimized with the Yoast SEO plugin v27.5 - https:\/\/yoast.com\/product\/yoast-seo-wordpress\/ -->\n<title>DMT Dimethyltryptamine | Chemische Verbindung f\u00fcr<\/title>\n<meta name=\"description\" content=\"Erwerben Sie DMT (Dimethyltryptamin), eine hochreine chemische Verbindung f\u00fcr wissenschaftliche Studien. Nur f\u00fcr Forschungslabore \u2013 nicht f\u00fcr den menschlichen Konsum geeignet. DMT Dimethyltryptamine\" \/>\n<meta name=\"robots\" content=\"index, follow, max-snippet:-1, max-image-preview:large, max-video-preview:-1\" \/>\n<link rel=\"canonical\" href=\"https:\/\/chemgramx.com\/pl\/produkt-1\/kupic-dmt-dimetylotryptamina-online\/\" \/>\n<meta property=\"og:locale\" content=\"pl_PL\" \/>\n<meta property=\"og:type\" content=\"article\" \/>\n<meta property=\"og:title\" content=\"DMT Dimethyltryptamine | Chemische Verbindung f\u00fcr\" \/>\n<meta property=\"og:description\" content=\"Erwerben Sie DMT (Dimethyltryptamin), eine hochreine chemische Verbindung f\u00fcr wissenschaftliche Studien. Nur f\u00fcr Forschungslabore \u2013 nicht f\u00fcr den menschlichen Konsum geeignet. DMT Dimethyltryptamine\" \/>\n<meta property=\"og:url\" content=\"https:\/\/chemgramx.com\/pl\/produkt-1\/kupic-dmt-dimetylotryptamina-online\/\" \/>\n<meta property=\"og:site_name\" content=\"Chemgramx\" \/>\n<meta property=\"article:modified_time\" content=\"2025-11-21T11:20:23+00:00\" \/>\n<meta property=\"og:image\" content=\"https:\/\/chemgramx.com\/wp-content\/uploads\/2025\/11\/dmt.png\" \/>\n\t<meta property=\"og:image:width\" content=\"600\" \/>\n\t<meta property=\"og:image:height\" content=\"400\" \/>\n\t<meta property=\"og:image:type\" content=\"image\/png\" \/>\n<meta name=\"twitter:card\" content=\"summary_large_image\" \/>\n<meta name=\"twitter:label1\" content=\"Szacowany czas czytania\" \/>\n\t<meta name=\"twitter:data1\" content=\"2 minuty\" \/>\n<script type=\"application\/ld+json\" class=\"yoast-schema-graph\">{\"@context\":\"https:\\\/\\\/schema.org\",\"@graph\":[{\"@type\":\"WebPage\",\"@id\":\"https:\\\/\\\/chemgramx.com\\\/product\\\/dmt-dimethyltryptamine-online-kaufen\\\/\",\"url\":\"https:\\\/\\\/chemgramx.com\\\/product\\\/dmt-dimethyltryptamine-online-kaufen\\\/\",\"name\":\"DMT Dimethyltryptamine | Chemische Verbindung f\u00fcr\",\"isPartOf\":{\"@id\":\"https:\\\/\\\/chemgramx.com\\\/#website\"},\"primaryImageOfPage\":{\"@id\":\"https:\\\/\\\/chemgramx.com\\\/product\\\/dmt-dimethyltryptamine-online-kaufen\\\/#primaryimage\"},\"image\":{\"@id\":\"https:\\\/\\\/chemgramx.com\\\/product\\\/dmt-dimethyltryptamine-online-kaufen\\\/#primaryimage\"},\"thumbnailUrl\":\"https:\\\/\\\/chemgramx.com\\\/wp-content\\\/uploads\\\/2025\\\/11\\\/dmt.png\",\"datePublished\":\"2025-11-21T11:19:17+00:00\",\"dateModified\":\"2025-11-21T11:20:23+00:00\",\"description\":\"Erwerben Sie DMT (Dimethyltryptamin), eine hochreine chemische Verbindung f\u00fcr wissenschaftliche Studien. Nur f\u00fcr Forschungslabore \u2013 nicht f\u00fcr den menschlichen Konsum geeignet. DMT Dimethyltryptamine\",\"breadcrumb\":{\"@id\":\"https:\\\/\\\/chemgramx.com\\\/product\\\/dmt-dimethyltryptamine-online-kaufen\\\/#breadcrumb\"},\"inLanguage\":\"pl-PL\",\"potentialAction\":[{\"@type\":\"ReadAction\",\"target\":[\"https:\\\/\\\/chemgramx.com\\\/product\\\/dmt-dimethyltryptamine-online-kaufen\\\/\"]}]},{\"@type\":\"ImageObject\",\"inLanguage\":\"pl-PL\",\"@id\":\"https:\\\/\\\/chemgramx.com\\\/product\\\/dmt-dimethyltryptamine-online-kaufen\\\/#primaryimage\",\"url\":\"https:\\\/\\\/chemgramx.com\\\/wp-content\\\/uploads\\\/2025\\\/11\\\/dmt.png\",\"contentUrl\":\"https:\\\/\\\/chemgramx.com\\\/wp-content\\\/uploads\\\/2025\\\/11\\\/dmt.png\",\"width\":600,\"height\":400},{\"@type\":\"BreadcrumbList\",\"@id\":\"https:\\\/\\\/chemgramx.com\\\/product\\\/dmt-dimethyltryptamine-online-kaufen\\\/#breadcrumb\",\"itemListElement\":[{\"@type\":\"ListItem\",\"position\":1,\"name\":\"Home\",\"item\":\"https:\\\/\\\/chemgramx.com\\\/\"},{\"@type\":\"ListItem\",\"position\":2,\"name\":\"Shop\",\"item\":\"https:\\\/\\\/chemgramx.com\\\/shop\\\/\"},{\"@type\":\"ListItem\",\"position\":3,\"name\":\"DMT Dimethyltryptamine online kaufen\"}]},{\"@type\":\"WebSite\",\"@id\":\"https:\\\/\\\/chemgramx.com\\\/#website\",\"url\":\"https:\\\/\\\/chemgramx.com\\\/\",\"name\":\"Chemgramx\",\"description\":\"\",\"publisher\":{\"@id\":\"https:\\\/\\\/chemgramx.com\\\/#organization\"},\"potentialAction\":[{\"@type\":\"SearchAction\",\"target\":{\"@type\":\"EntryPoint\",\"urlTemplate\":\"https:\\\/\\\/chemgramx.com\\\/?s={search_term_string}\"},\"query-input\":{\"@type\":\"PropertyValueSpecification\",\"valueRequired\":true,\"valueName\":\"search_term_string\"}}],\"inLanguage\":\"pl-PL\"},{\"@type\":\"Organization\",\"@id\":\"https:\\\/\\\/chemgramx.com\\\/#organization\",\"name\":\"Chemgramx\",\"url\":\"https:\\\/\\\/chemgramx.com\\\/\",\"logo\":{\"@type\":\"ImageObject\",\"inLanguage\":\"pl-PL\",\"@id\":\"https:\\\/\\\/chemgramx.com\\\/#\\\/schema\\\/logo\\\/image\\\/\",\"url\":\"https:\\\/\\\/chemgramx.com\\\/wp-content\\\/uploads\\\/2024\\\/10\\\/final-logo.png\",\"contentUrl\":\"https:\\\/\\\/chemgramx.com\\\/wp-content\\\/uploads\\\/2024\\\/10\\\/final-logo.png\",\"width\":250,\"height\":48,\"caption\":\"Chemgramx\"},\"image\":{\"@id\":\"https:\\\/\\\/chemgramx.com\\\/#\\\/schema\\\/logo\\\/image\\\/\"}}]}<\/script>\n<!-- \/ Yoast SEO plugin. -->","yoast_head_json":{"title":"DMT Dimetylotryptamina | Zwi\u0105zek chemiczny dla","description":"Kup DMT (dimetylotryptamin\u0119), wysoce oczyszczony zwi\u0105zek chemiczny do bada\u0144 naukowych. Wy\u0142\u0105cznie do u\u017cytku laboratoryjnego \u2013 nie do spo\u017cycia przez ludzi. DMT Dimetylotryptamina","robots":{"index":"index","follow":"follow","max-snippet":"max-snippet:-1","max-image-preview":"max-image-preview:large","max-video-preview":"max-video-preview:-1"},"canonical":"https:\/\/chemgramx.com\/pl\/produkt-1\/kupic-dmt-dimetylotryptamina-online\/","og_locale":"pl_PL","og_type":"article","og_title":"DMT Dimethyltryptamine | Chemische Verbindung f\u00fcr","og_description":"Erwerben Sie DMT (Dimethyltryptamin), eine hochreine chemische Verbindung f\u00fcr wissenschaftliche Studien. Nur f\u00fcr Forschungslabore \u2013 nicht f\u00fcr den menschlichen Konsum geeignet. DMT Dimethyltryptamine","og_url":"https:\/\/chemgramx.com\/pl\/produkt-1\/kupic-dmt-dimetylotryptamina-online\/","og_site_name":"Chemgramx","article_modified_time":"2025-11-21T11:20:23+00:00","og_image":[{"width":600,"height":400,"url":"https:\/\/chemgramx.com\/wp-content\/uploads\/2025\/11\/dmt.png","type":"image\/png"}],"twitter_card":"summary_large_image","twitter_misc":{"Szacowany czas czytania":"2 minuty"},"schema":{"@context":"https:\/\/schema.org","@graph":[{"@type":"WebPage","@id":"https:\/\/chemgramx.com\/product\/dmt-dimethyltryptamine-online-kaufen\/","url":"https:\/\/chemgramx.com\/product\/dmt-dimethyltryptamine-online-kaufen\/","name":"DMT Dimetylotryptamina | Zwi\u0105zek chemiczny dla","isPartOf":{"@id":"https:\/\/chemgramx.com\/#website"},"primaryImageOfPage":{"@id":"https:\/\/chemgramx.com\/product\/dmt-dimethyltryptamine-online-kaufen\/#primaryimage"},"image":{"@id":"https:\/\/chemgramx.com\/product\/dmt-dimethyltryptamine-online-kaufen\/#primaryimage"},"thumbnailUrl":"https:\/\/chemgramx.com\/wp-content\/uploads\/2025\/11\/dmt.png","datePublished":"2025-11-21T11:19:17+00:00","dateModified":"2025-11-21T11:20:23+00:00","description":"Kup DMT (dimetylotryptamin\u0119), wysoce oczyszczony zwi\u0105zek chemiczny do bada\u0144 naukowych. Wy\u0142\u0105cznie do u\u017cytku laboratoryjnego \u2013 nie do spo\u017cycia przez ludzi. DMT Dimetylotryptamina","breadcrumb":{"@id":"https:\/\/chemgramx.com\/product\/dmt-dimethyltryptamine-online-kaufen\/#breadcrumb"},"inLanguage":"pl-PL","potentialAction":[{"@type":"ReadAction","target":["https:\/\/chemgramx.com\/product\/dmt-dimethyltryptamine-online-kaufen\/"]}]},{"@type":"ImageObject","inLanguage":"pl-PL","@id":"https:\/\/chemgramx.com\/product\/dmt-dimethyltryptamine-online-kaufen\/#primaryimage","url":"https:\/\/chemgramx.com\/wp-content\/uploads\/2025\/11\/dmt.png","contentUrl":"https:\/\/chemgramx.com\/wp-content\/uploads\/2025\/11\/dmt.png","width":600,"height":400},{"@type":"BreadcrumbList","@id":"https:\/\/chemgramx.com\/product\/dmt-dimethyltryptamine-online-kaufen\/#breadcrumb","itemListElement":[{"@type":"ListItem","position":1,"name":"Home","item":"https:\/\/chemgramx.com\/"},{"@type":"ListItem","position":2,"name":"Shop","item":"https:\/\/chemgramx.com\/shop\/"},{"@type":"ListItem","position":3,"name":"DMT Dimethyltryptamine online kaufen"}]},{"@type":"WebSite","@id":"https:\/\/chemgramx.com\/#website","url":"https:\/\/chemgramx.com\/","name":"Chemgramx","description":"","publisher":{"@id":"https:\/\/chemgramx.com\/#organization"},"potentialAction":[{"@type":"SearchAction","target":{"@type":"EntryPoint","urlTemplate":"https:\/\/chemgramx.com\/?s={search_term_string}"},"query-input":{"@type":"PropertyValueSpecification","valueRequired":true,"valueName":"search_term_string"}}],"inLanguage":"pl-PL"},{"@type":"Organization","@id":"https:\/\/chemgramx.com\/#organization","name":"Chemgramx","url":"https:\/\/chemgramx.com\/","logo":{"@type":"ImageObject","inLanguage":"pl-PL","@id":"https:\/\/chemgramx.com\/#\/schema\/logo\/image\/","url":"https:\/\/chemgramx.com\/wp-content\/uploads\/2024\/10\/final-logo.png","contentUrl":"https:\/\/chemgramx.com\/wp-content\/uploads\/2024\/10\/final-logo.png","width":250,"height":48,"caption":"Chemgramx"},"image":{"@id":"https:\/\/chemgramx.com\/#\/schema\/logo\/image\/"}}]}},"_links":{"self":[{"href":"https:\/\/chemgramx.com\/pl\/wp-json\/wp\/v2\/product\/7618","targetHints":{"allow":["GET"]}}],"collection":[{"href":"https:\/\/chemgramx.com\/pl\/wp-json\/wp\/v2\/product"}],"about":[{"href":"https:\/\/chemgramx.com\/pl\/wp-json\/wp\/v2\/types\/product"}],"replies":[{"embeddable":true,"href":"https:\/\/chemgramx.com\/pl\/wp-json\/wp\/v2\/comments?post=7618"}],"wp:featuredmedia":[{"embeddable":true,"href":"https:\/\/chemgramx.com\/pl\/wp-json\/wp\/v2\/media\/7648"}],"wp:attachment":[{"href":"https:\/\/chemgramx.com\/pl\/wp-json\/wp\/v2\/media?parent=7618"}],"wp:term":[{"taxonomy":"product_brand","embeddable":true,"href":"https:\/\/chemgramx.com\/pl\/wp-json\/wp\/v2\/product_brand?post=7618"},{"taxonomy":"product_cat","embeddable":true,"href":"https:\/\/chemgramx.com\/pl\/wp-json\/wp\/v2\/product_cat?post=7618"},{"taxonomy":"product_tag","embeddable":true,"href":"https:\/\/chemgramx.com\/pl\/wp-json\/wp\/v2\/product_tag?post=7618"}],"curies":[{"name":"wp","href":"https:\/\/api.w.org\/{rel}","templated":true}]}}