{"id":7619,"date":"2025-11-21T11:19:17","date_gmt":"2025-11-21T11:19:17","guid":{"rendered":"https:\/\/chemgramx.com\/?post_type=product&#038;p=7619"},"modified":"2025-11-21T11:20:53","modified_gmt":"2025-11-21T11:20:53","slug":"kupic-meskaline-w-proszku-online","status":"publish","type":"product","link":"https:\/\/chemgramx.com\/pl\/product\/mescalin-pulver-online-kaufen\/","title":{"rendered":"Kup meskalin\u0119 w proszku online"},"content":{"rendered":"<p data-start=\"583\" data-end=\"1140\">Meskalina to psychoaktywny alkaloid wyst\u0119puj\u0105cy naturalnie w kilku gatunkach kaktus\u00f3w (np. pejotl, San Pedro). Ze wzgl\u0119du na wyra\u017ane efekty psychodeliczne i znany mechanizm dzia\u0142ania, meskalina jest przedmiotem zainteresowania w badaniach akademickich - szczeg\u00f3lnie w dziedzinie neurofarmakologii, bada\u0144 \u015bwiadomo\u015bci i bada\u0144 psychoterapeutycznych. W badaniach naukowych zazwyczaj wykorzystuje si\u0119 syntetycznie wytworzone, analitycznie scharakteryzowane pr\u00f3bki w celu uzyskania powtarzalnych i kontrolowanych wynik\u00f3w.<\/p>\n<h2>Cele badawcze i naukowa warto\u015b\u0107 dodana<\/h2>\n<p data-start=\"1196\" data-end=\"1503\">W badaniach meskalina jest wykorzystywana jako substancja modelowa do badania serotoninergicznych szlak\u00f3w sygnalizacyjnych. Wi\u0105\u017ce si\u0119 ona g\u0142\u00f3wnie z <strong data-start=\"1314\" data-end=\"1335\">Receptory 5-HT2A<\/strong>, kt\u00f3ry moduluje percepcj\u0119, przetwarzanie sensoryczne i procesy poznawcze. Pytania badawcze, w kt\u00f3rych wykorzystywana jest meskalina, obejmuj\u0105 mi\u0119dzy innymi:<\/p>\n<ul data-start=\"1504\" data-end=\"1868\">\n<li data-start=\"1504\" data-end=\"1596\">\n<p data-start=\"1506\" data-end=\"1596\">Mechanizmy indukowanych psychodelikami zmian w percepcji i poczuciu ja\u017ani,<\/p>\n<\/li>\n<li data-start=\"1597\" data-end=\"1665\">\n<p data-start=\"1599\" data-end=\"1665\">sygnalizacja receptora i zale\u017cno\u015bci dawka-odpowied\u017a,<\/p>\n<\/li>\n<li data-start=\"1666\" data-end=\"1784\">\n<p data-start=\"1668\" data-end=\"1784\">Potencjalne zastosowanie wspomagaj\u0105ce w interwencjach psychoterapeutycznych (badania eksperymentalne),<\/p>\n<\/li>\n<li data-start=\"1785\" data-end=\"1868\">\n<p data-start=\"1787\" data-end=\"1868\">Opracowanie analitycznych metod wykrywania i standard\u00f3w referencyjnych dla kryminalistyki.<\/p>\n<\/li>\n<\/ul>\n<h2>Wymagania jako\u015bciowe i dokumentacja analityczna<\/h2>\n<p data-start=\"1928\" data-end=\"2054\">Do cel\u00f3w naukowych niezb\u0119dna jest praca z dobrze udokumentowanymi pr\u00f3bkami. Wa\u017cnymi kryteriami jako\u015bci s\u0105<\/p>\n<ul data-start=\"2055\" data-end=\"2281\">\n<li data-start=\"2055\" data-end=\"2104\">\n<p data-start=\"2057\" data-end=\"2104\"><strong data-start=\"2057\" data-end=\"2069\">Czysto\u015b\u0107<\/strong> (specyfikacja sprawdzana np. metod\u0105 HPLC),<\/p>\n<\/li>\n<li data-start=\"2105\" data-end=\"2151\">\n<p data-start=\"2107\" data-end=\"2151\"><strong data-start=\"2107\" data-end=\"2132\">Potwierdzenie to\u017csamo\u015bci<\/strong> (np. NMR, MS),<\/p>\n<\/li>\n<li data-start=\"2152\" data-end=\"2189\">\n<p data-start=\"2154\" data-end=\"2189\"><strong data-start=\"2154\" data-end=\"2186\">Dane dotycz\u0105ce partii i stabilno\u015bci<\/strong>,<\/p>\n<\/li>\n<li data-start=\"2190\" data-end=\"2281\">\n<p data-start=\"2192\" data-end=\"2281\"><strong data-start=\"2192\" data-end=\"2225\">Certyfikat analizy (COA)<\/strong> oraz, w stosownych przypadkach, kart\u0119 charakterystyki substancji niebezpiecznej (MSDS).<\/p>\n<\/li>\n<\/ul>\n<p data-start=\"2283\" data-end=\"2381\">Jest to jedyny spos\u00f3b na zapewnienie powtarzalnych warunk\u00f3w testowych i wiarygodnych o\u015bwiadcze\u0144 naukowych.<\/p>\n<h2 data-start=\"2383\" data-end=\"2428\">Zalecenia dotycz\u0105ce bezpiecze\u0144stwa i obs\u0142ugi<\/h2>\n<p data-start=\"2429\" data-end=\"2564\">Meskalina jest potencjalnie siln\u0105 substancj\u0105 psychoaktywn\u0105, dlatego w \u015brodowiskach laboratoryjnych nale\u017cy zachowa\u0107 \u015bcis\u0142e \u015brodki ostro\u017cno\u015bci. <a href=\"\/product\/blue-punisher-220mg-mdma-online-kaufen\/\">\u015arodki ostro\u017cno\u015bci<\/a> niezb\u0119dne:<\/p>\n<ul data-start=\"2565\" data-end=\"2965\">\n<li data-start=\"2565\" data-end=\"2652\">\n<p data-start=\"2567\" data-end=\"2652\">Praca tylko w autoryzowanych, kontrolowanych laboratoriach i przez przeszkolony personel;<\/p>\n<\/li>\n<li data-start=\"2653\" data-end=\"2738\">\n<p data-start=\"2655\" data-end=\"2738\">Stosowanie \u015brodk\u00f3w ochrony osobistej (r\u0119kawice, okulary ochronne, fartuch laboratoryjny);<\/p>\n<\/li>\n<li data-start=\"2739\" data-end=\"2827\">\n<p data-start=\"2741\" data-end=\"2827\">\u015arodki minimalizuj\u0105ce niezamierzone nara\u017cenie (dygestorium, systemy zamkni\u0119te);<\/p>\n<\/li>\n<li data-start=\"2828\" data-end=\"2872\">\n<p data-start=\"2830\" data-end=\"2872\">przejrzysta dokumentacja i protoko\u0142y przechowywania;<\/p>\n<\/li>\n<li data-start=\"2873\" data-end=\"2965\">\n<p data-start=\"2875\" data-end=\"2965\">Utylizacja zgodnie z lokalnymi przepisami dotycz\u0105cymi substancji niebezpiecznych lub farmakologicznie czynnych.<\/p>\n<\/li>\n<\/ul>\n<h2 data-start=\"2967\" data-end=\"2995\">Przechowywanie i stabilno\u015b\u0107<\/h2>\n<p data-start=\"2996\" data-end=\"3091\">Aby zapewni\u0107 integralno\u015b\u0107 chemiczn\u0105 i dok\u0142adno\u015b\u0107 analityczn\u0105, obowi\u0105zuj\u0105 nast\u0119puj\u0105ce warto\u015bci orientacyjne:<\/p>\n<ul data-start=\"3092\" data-end=\"3255\">\n<li data-start=\"3092\" data-end=\"3145\">\n<p data-start=\"3094\" data-end=\"3145\">Przechowywa\u0107 w ch\u0142odnym i suchym miejscu; zalecana ochrona przed \u015bwiat\u0142em;<\/p>\n<\/li>\n<li data-start=\"3146\" data-end=\"3192\">\n<p data-start=\"3148\" data-end=\"3192\">hermetyczne pojemniki odpowiednie do chemikali\u00f3w;<\/p>\n<\/li>\n<li data-start=\"3193\" data-end=\"3255\">\n<p data-start=\"3195\" data-end=\"3255\">udokumentowane przechowywanie partii i monitorowanie wyga\u015bni\u0119cia.<\/p>\n<\/li>\n<\/ul>\n<p data-start=\"3257\" data-end=\"3366\">Konkretne warunki przechowywania powinny by\u0107 okre\u015blone na podstawie COA i danych SDS danego materia\u0142u.<\/p>\n<h2 data-start=\"3368\" data-end=\"3392\">Informacja prawna<\/h2>\n<p data-start=\"3393\" data-end=\"3634\">Meskalina i ro\u015bliny zawieraj\u0105ce meskalin\u0119 s\u0105 \u015bci\u015ble regulowane lub zakazane w wielu krajach. Kategoryzacja prawna r\u00f3\u017cni si\u0119 znacznie w zale\u017cno\u015bci od stanu i regionu. Przed rozpocz\u0119ciem jakichkolwiek bada\u0144 z substancjami prawnie istotnymi s\u0105 one obowi\u0105zkowe:<\/p>\n<ul data-start=\"3635\" data-end=\"3847\">\n<li data-start=\"3635\" data-end=\"3686\">\n<p data-start=\"3637\" data-end=\"3686\">przegl\u0105d prawny ustawodawstwa krajowego,<\/p>\n<\/li>\n<li data-start=\"3687\" data-end=\"3779\">\n<p data-start=\"3689\" data-end=\"3779\">zezwolenia instytucjonalne (np. etyka, organy ds. narkotyk\u00f3w \/ \u015brodk\u00f3w odurzaj\u0105cych) i<\/p>\n<\/li>\n<li data-start=\"3780\" data-end=\"3847\">\n<p data-start=\"3782\" data-end=\"3847\">specjalne licencje na przechowywanie, transport i u\u017cytkowanie, je\u015bli dotyczy.<\/p>\n<\/li>\n<\/ul>\n<p data-start=\"3849\" data-end=\"3977\">Badania powinny by\u0107 prowadzone wy\u0142\u0105cznie zgodnie ze wszystkimi obowi\u0105zuj\u0105cymi przepisami i pod nadzorem upowa\u017cnionych instytucji.<\/p>\n<h2 data-start=\"3979\" data-end=\"3989\">Wnioski<\/h2>\n<p data-start=\"3990\" data-end=\"4384\">Meskalina jest przedmiotem zainteresowania naukowego w badaniach nad serotoninergicznymi mechanizmami dzia\u0142ania, percepcj\u0105 i potencjalnymi zastosowaniami terapeutycznymi. Analitycznie przebadane pr\u00f3bki, surowe normy bezpiecze\u0144stwa i zgodno\u015b\u0107 z prawem s\u0105 niezb\u0119dne do przeprowadzenia solidnych bada\u0144. Ka\u017cda praca z takimi substancjami wymaga odpowiedzialnego podej\u015bcia, przejrzysto\u015bci i zezwole\u0144 instytucjonalnych.<\/p>","protected":false},"excerpt":{"rendered":"<p><strong>Meskalina w proszku<\/strong>naturalnie wyst\u0119puj\u0105cy alkaloid, jest znany ze swoich unikalnych w\u0142a\u015bciwo\u015bci i jest ceniony w neuronauce i badaniach farmakologicznych. Jest ekstrahowany z r\u00f3\u017cnych gatunk\u00f3w kaktus\u00f3w, takich jak Peyote (Lophophora williamsii) i San Pedro (Echinopsis pachanoi) i oferuje wyj\u0105tkow\u0105 czysto\u015b\u0107 i precyzj\u0119 w zastosowaniach naukowych.<\/p>","protected":false},"featured_media":7649,"comment_status":"open","ping_status":"closed","template":"","meta":{"_joinchat":[]},"product_brand":[],"product_cat":[96],"product_tag":[2308,2311,2307,2303,2309,2306,2305,2302,2304,2310],"class_list":{"0":"post-7619","1":"product","2":"type-product","3":"status-publish","4":"has-post-thumbnail","6":"product_cat-psychedelische-droge","7":"product_tag-mescalin-chemikalien","8":"product_tag-mescalin-forschung","9":"product_tag-mescalin-fur-forschung","10":"product_tag-mescalin-kaufen","11":"product_tag-mescalin-kaufen-online","12":"product_tag-mescalin-kristalle","13":"product_tag-mescalin-online","14":"product_tag-mescalin-pulver","15":"product_tag-mescalin-pulver-kaufen","16":"product_tag-synthetische-psychedelika","18":"first","19":"instock","20":"shipping-taxable","21":"purchasable","22":"product-type-variable"},"yoast_head":"<!-- This site is optimized with the Yoast SEO plugin v27.5 - https:\/\/yoast.com\/product\/yoast-seo-wordpress\/ -->\n<title>Mescalin-Pulver | Chemische Verbindung f\u00fcr<\/title>\n<meta name=\"description\" content=\"Erwerben Sie Mescalin-Pulver, eine hochreine chemische Verbindung f\u00fcr wissenschaftliche Studien. Nur f\u00fcr Forschungslabore \u2013 nicht f\u00fcr den menschlichen Konsum geeignet.\" \/>\n<meta name=\"robots\" content=\"index, follow, max-snippet:-1, max-image-preview:large, max-video-preview:-1\" \/>\n<link rel=\"canonical\" href=\"https:\/\/chemgramx.com\/pl\/produkt-1\/kupic-meskaline-w-proszku-online\/\" \/>\n<meta property=\"og:locale\" content=\"pl_PL\" \/>\n<meta property=\"og:type\" content=\"article\" \/>\n<meta property=\"og:title\" content=\"Mescalin-Pulver | Chemische Verbindung f\u00fcr\" \/>\n<meta property=\"og:description\" content=\"Erwerben Sie Mescalin-Pulver, eine hochreine chemische Verbindung f\u00fcr wissenschaftliche Studien. Nur f\u00fcr Forschungslabore \u2013 nicht f\u00fcr den menschlichen Konsum geeignet.\" \/>\n<meta property=\"og:url\" content=\"https:\/\/chemgramx.com\/pl\/produkt-1\/kupic-meskaline-w-proszku-online\/\" \/>\n<meta property=\"og:site_name\" content=\"Chemgramx\" \/>\n<meta property=\"article:modified_time\" content=\"2025-11-21T11:20:53+00:00\" \/>\n<meta property=\"og:image\" content=\"https:\/\/chemgramx.com\/wp-content\/uploads\/2025\/11\/mecalinepowder.png\" \/>\n\t<meta property=\"og:image:width\" content=\"600\" \/>\n\t<meta property=\"og:image:height\" content=\"400\" \/>\n\t<meta property=\"og:image:type\" content=\"image\/png\" \/>\n<meta name=\"twitter:card\" content=\"summary_large_image\" \/>\n<meta name=\"twitter:label1\" content=\"Szacowany czas czytania\" \/>\n\t<meta name=\"twitter:data1\" content=\"2 minuty\" \/>\n<script type=\"application\/ld+json\" class=\"yoast-schema-graph\">{\"@context\":\"https:\\\/\\\/schema.org\",\"@graph\":[{\"@type\":\"WebPage\",\"@id\":\"https:\\\/\\\/chemgramx.com\\\/product\\\/mescalin-pulver-online-kaufen\\\/\",\"url\":\"https:\\\/\\\/chemgramx.com\\\/product\\\/mescalin-pulver-online-kaufen\\\/\",\"name\":\"Mescalin-Pulver | Chemische Verbindung f\u00fcr\",\"isPartOf\":{\"@id\":\"https:\\\/\\\/chemgramx.com\\\/#website\"},\"primaryImageOfPage\":{\"@id\":\"https:\\\/\\\/chemgramx.com\\\/product\\\/mescalin-pulver-online-kaufen\\\/#primaryimage\"},\"image\":{\"@id\":\"https:\\\/\\\/chemgramx.com\\\/product\\\/mescalin-pulver-online-kaufen\\\/#primaryimage\"},\"thumbnailUrl\":\"https:\\\/\\\/chemgramx.com\\\/wp-content\\\/uploads\\\/2025\\\/11\\\/mecalinepowder.png\",\"datePublished\":\"2025-11-21T11:19:17+00:00\",\"dateModified\":\"2025-11-21T11:20:53+00:00\",\"description\":\"Erwerben Sie Mescalin-Pulver, eine hochreine chemische Verbindung f\u00fcr wissenschaftliche Studien. Nur f\u00fcr Forschungslabore \u2013 nicht f\u00fcr den menschlichen Konsum geeignet.\",\"breadcrumb\":{\"@id\":\"https:\\\/\\\/chemgramx.com\\\/product\\\/mescalin-pulver-online-kaufen\\\/#breadcrumb\"},\"inLanguage\":\"pl-PL\",\"potentialAction\":[{\"@type\":\"ReadAction\",\"target\":[\"https:\\\/\\\/chemgramx.com\\\/product\\\/mescalin-pulver-online-kaufen\\\/\"]}]},{\"@type\":\"ImageObject\",\"inLanguage\":\"pl-PL\",\"@id\":\"https:\\\/\\\/chemgramx.com\\\/product\\\/mescalin-pulver-online-kaufen\\\/#primaryimage\",\"url\":\"https:\\\/\\\/chemgramx.com\\\/wp-content\\\/uploads\\\/2025\\\/11\\\/mecalinepowder.png\",\"contentUrl\":\"https:\\\/\\\/chemgramx.com\\\/wp-content\\\/uploads\\\/2025\\\/11\\\/mecalinepowder.png\",\"width\":600,\"height\":400},{\"@type\":\"BreadcrumbList\",\"@id\":\"https:\\\/\\\/chemgramx.com\\\/product\\\/mescalin-pulver-online-kaufen\\\/#breadcrumb\",\"itemListElement\":[{\"@type\":\"ListItem\",\"position\":1,\"name\":\"Home\",\"item\":\"https:\\\/\\\/chemgramx.com\\\/\"},{\"@type\":\"ListItem\",\"position\":2,\"name\":\"Shop\",\"item\":\"https:\\\/\\\/chemgramx.com\\\/shop\\\/\"},{\"@type\":\"ListItem\",\"position\":3,\"name\":\"Mescalin Pulver online kaufen\"}]},{\"@type\":\"WebSite\",\"@id\":\"https:\\\/\\\/chemgramx.com\\\/#website\",\"url\":\"https:\\\/\\\/chemgramx.com\\\/\",\"name\":\"Chemgramx\",\"description\":\"\",\"publisher\":{\"@id\":\"https:\\\/\\\/chemgramx.com\\\/#organization\"},\"potentialAction\":[{\"@type\":\"SearchAction\",\"target\":{\"@type\":\"EntryPoint\",\"urlTemplate\":\"https:\\\/\\\/chemgramx.com\\\/?s={search_term_string}\"},\"query-input\":{\"@type\":\"PropertyValueSpecification\",\"valueRequired\":true,\"valueName\":\"search_term_string\"}}],\"inLanguage\":\"pl-PL\"},{\"@type\":\"Organization\",\"@id\":\"https:\\\/\\\/chemgramx.com\\\/#organization\",\"name\":\"Chemgramx\",\"url\":\"https:\\\/\\\/chemgramx.com\\\/\",\"logo\":{\"@type\":\"ImageObject\",\"inLanguage\":\"pl-PL\",\"@id\":\"https:\\\/\\\/chemgramx.com\\\/#\\\/schema\\\/logo\\\/image\\\/\",\"url\":\"https:\\\/\\\/chemgramx.com\\\/wp-content\\\/uploads\\\/2024\\\/10\\\/final-logo.png\",\"contentUrl\":\"https:\\\/\\\/chemgramx.com\\\/wp-content\\\/uploads\\\/2024\\\/10\\\/final-logo.png\",\"width\":250,\"height\":48,\"caption\":\"Chemgramx\"},\"image\":{\"@id\":\"https:\\\/\\\/chemgramx.com\\\/#\\\/schema\\\/logo\\\/image\\\/\"}}]}<\/script>\n<!-- \/ Yoast SEO plugin. -->","yoast_head_json":{"title":"Proszek meskalinowy | Zwi\u0105zek chemiczny","description":"Kup meskalin\u0119 w proszku, wysoko oczyszczony zwi\u0105zek chemiczny do bada\u0144 naukowych. Wy\u0142\u0105cznie do u\u017cytku laboratoryjnego \u2013 nie do spo\u017cycia przez ludzi.","robots":{"index":"index","follow":"follow","max-snippet":"max-snippet:-1","max-image-preview":"max-image-preview:large","max-video-preview":"max-video-preview:-1"},"canonical":"https:\/\/chemgramx.com\/pl\/produkt-1\/kupic-meskaline-w-proszku-online\/","og_locale":"pl_PL","og_type":"article","og_title":"Mescalin-Pulver | Chemische Verbindung f\u00fcr","og_description":"Erwerben Sie Mescalin-Pulver, eine hochreine chemische Verbindung f\u00fcr wissenschaftliche Studien. Nur f\u00fcr Forschungslabore \u2013 nicht f\u00fcr den menschlichen Konsum geeignet.","og_url":"https:\/\/chemgramx.com\/pl\/produkt-1\/kupic-meskaline-w-proszku-online\/","og_site_name":"Chemgramx","article_modified_time":"2025-11-21T11:20:53+00:00","og_image":[{"width":600,"height":400,"url":"https:\/\/chemgramx.com\/wp-content\/uploads\/2025\/11\/mecalinepowder.png","type":"image\/png"}],"twitter_card":"summary_large_image","twitter_misc":{"Szacowany czas czytania":"2 minuty"},"schema":{"@context":"https:\/\/schema.org","@graph":[{"@type":"WebPage","@id":"https:\/\/chemgramx.com\/product\/mescalin-pulver-online-kaufen\/","url":"https:\/\/chemgramx.com\/product\/mescalin-pulver-online-kaufen\/","name":"Proszek meskalinowy | Zwi\u0105zek chemiczny","isPartOf":{"@id":"https:\/\/chemgramx.com\/#website"},"primaryImageOfPage":{"@id":"https:\/\/chemgramx.com\/product\/mescalin-pulver-online-kaufen\/#primaryimage"},"image":{"@id":"https:\/\/chemgramx.com\/product\/mescalin-pulver-online-kaufen\/#primaryimage"},"thumbnailUrl":"https:\/\/chemgramx.com\/wp-content\/uploads\/2025\/11\/mecalinepowder.png","datePublished":"2025-11-21T11:19:17+00:00","dateModified":"2025-11-21T11:20:53+00:00","description":"Kup meskalin\u0119 w proszku, wysoko oczyszczony zwi\u0105zek chemiczny do bada\u0144 naukowych. Wy\u0142\u0105cznie do u\u017cytku laboratoryjnego \u2013 nie do spo\u017cycia przez ludzi.","breadcrumb":{"@id":"https:\/\/chemgramx.com\/product\/mescalin-pulver-online-kaufen\/#breadcrumb"},"inLanguage":"pl-PL","potentialAction":[{"@type":"ReadAction","target":["https:\/\/chemgramx.com\/product\/mescalin-pulver-online-kaufen\/"]}]},{"@type":"ImageObject","inLanguage":"pl-PL","@id":"https:\/\/chemgramx.com\/product\/mescalin-pulver-online-kaufen\/#primaryimage","url":"https:\/\/chemgramx.com\/wp-content\/uploads\/2025\/11\/mecalinepowder.png","contentUrl":"https:\/\/chemgramx.com\/wp-content\/uploads\/2025\/11\/mecalinepowder.png","width":600,"height":400},{"@type":"BreadcrumbList","@id":"https:\/\/chemgramx.com\/product\/mescalin-pulver-online-kaufen\/#breadcrumb","itemListElement":[{"@type":"ListItem","position":1,"name":"Home","item":"https:\/\/chemgramx.com\/"},{"@type":"ListItem","position":2,"name":"Shop","item":"https:\/\/chemgramx.com\/shop\/"},{"@type":"ListItem","position":3,"name":"Mescalin Pulver online kaufen"}]},{"@type":"WebSite","@id":"https:\/\/chemgramx.com\/#website","url":"https:\/\/chemgramx.com\/","name":"Chemgramx","description":"","publisher":{"@id":"https:\/\/chemgramx.com\/#organization"},"potentialAction":[{"@type":"SearchAction","target":{"@type":"EntryPoint","urlTemplate":"https:\/\/chemgramx.com\/?s={search_term_string}"},"query-input":{"@type":"PropertyValueSpecification","valueRequired":true,"valueName":"search_term_string"}}],"inLanguage":"pl-PL"},{"@type":"Organization","@id":"https:\/\/chemgramx.com\/#organization","name":"Chemgramx","url":"https:\/\/chemgramx.com\/","logo":{"@type":"ImageObject","inLanguage":"pl-PL","@id":"https:\/\/chemgramx.com\/#\/schema\/logo\/image\/","url":"https:\/\/chemgramx.com\/wp-content\/uploads\/2024\/10\/final-logo.png","contentUrl":"https:\/\/chemgramx.com\/wp-content\/uploads\/2024\/10\/final-logo.png","width":250,"height":48,"caption":"Chemgramx"},"image":{"@id":"https:\/\/chemgramx.com\/#\/schema\/logo\/image\/"}}]}},"_links":{"self":[{"href":"https:\/\/chemgramx.com\/pl\/wp-json\/wp\/v2\/product\/7619","targetHints":{"allow":["GET"]}}],"collection":[{"href":"https:\/\/chemgramx.com\/pl\/wp-json\/wp\/v2\/product"}],"about":[{"href":"https:\/\/chemgramx.com\/pl\/wp-json\/wp\/v2\/types\/product"}],"replies":[{"embeddable":true,"href":"https:\/\/chemgramx.com\/pl\/wp-json\/wp\/v2\/comments?post=7619"}],"wp:featuredmedia":[{"embeddable":true,"href":"https:\/\/chemgramx.com\/pl\/wp-json\/wp\/v2\/media\/7649"}],"wp:attachment":[{"href":"https:\/\/chemgramx.com\/pl\/wp-json\/wp\/v2\/media?parent=7619"}],"wp:term":[{"taxonomy":"product_brand","embeddable":true,"href":"https:\/\/chemgramx.com\/pl\/wp-json\/wp\/v2\/product_brand?post=7619"},{"taxonomy":"product_cat","embeddable":true,"href":"https:\/\/chemgramx.com\/pl\/wp-json\/wp\/v2\/product_cat?post=7619"},{"taxonomy":"product_tag","embeddable":true,"href":"https:\/\/chemgramx.com\/pl\/wp-json\/wp\/v2\/product_tag?post=7619"}],"curies":[{"name":"wp","href":"https:\/\/api.w.org\/{rel}","templated":true}]}}