{"id":7733,"date":"2025-11-21T11:20:28","date_gmt":"2025-11-21T11:20:28","guid":{"rendered":"https:\/\/chemgramx.com\/?post_type=product&#038;p=7733"},"modified":"2025-11-21T11:21:52","modified_gmt":"2025-11-21T11:21:52","slug":"kupic-promal-methallylescaline-21mg-granulki","status":"publish","type":"product","link":"https:\/\/chemgramx.com\/pl\/product\/promal-methallylescaline-21mg-pellets-kaufen\/","title":{"rendered":"Kup Promal Methallylescaline 21mg Pellets"},"content":{"rendered":"<p>W nowoczesnym <b>badania chemiczne i farmakologiczne<\/b> stoi <b>niezawodno\u015b\u0107<\/b> materia\u0142u \u017ar\u00f3d\u0142owego. Ka\u017cdy dobrze uzasadniony wniosek naukowy i ka\u017cde udane badanie zale\u017cy bezpo\u015brednio od <b>Precyzja<\/b> oraz <b>Czysto\u015b\u0107<\/b> stosowanych substancji. Jeste\u015bmy \u015bwiadomi tego krytycznego wymogu i dlatego oferujemy <b>Promal Methallylescaline 21mg granulki<\/b> jako narz\u0119dzie najwy\u017cszej jako\u015bci.<\/p>\n<p>Ten produkt by\u0142 <b>wy\u0142\u0105cznie<\/b> dla wysokich wymaga\u0144 <b>wykwalifikowane instytucje badawcze<\/b> opracowany. Jest to wysoce wyspecjalizowane narz\u0119dzie, <b>T\u0142oczona posta\u0107 dawkowania<\/b> co znacznie u\u0142atwia prac\u0119 w laboratorium i zapewnia wysok\u0105 jako\u015b\u0107 wynik\u00f3w.<\/p>\n<p>Pelety gwarantuj\u0105 <b>Dok\u0142adna, okre\u015blona dawka 21 mg na jednostk\u0119<\/b>. Ten precyzyjny krok jest kluczowy, poniewa\u017c okre\u015bla <b>wa\u017cenie r\u0119czne<\/b> Ryzyko b\u0142\u0119du zwi\u0105zanego z krytycznie ma\u0142ymi ilo\u015bciami jest wyeliminowane. The <a href=\"\/product\/king-palm-pre-rolled-weed-5-pack\/\"><b>Powtarzalno\u015b\u0107<\/b> <\/a>i <b>Wydajno\u015b\u0107<\/b> Znacznie usprawnia to eksperymenty, co jest niezb\u0119dne w przypadku czasoch\u0142onnych projekt\u00f3w badawczych.<\/p>\n<p><b>Promal Methallylescaline<\/b> jest cz\u0105steczk\u0105 o du\u017cym znaczeniu naukowym. Nale\u017cy ona do klasy <b>podstawione fenyloetyloaminy<\/b> i jest \u015bci\u015ble <b>Pochodne meskaliny<\/b> powi\u0105zane. Naukowcy wykorzystuj\u0105 to po\u0142\u0105czenie, aby uzyska\u0107 g\u0142\u0119boki wgl\u0105d w <b>Zale\u017cno\u015bci struktura-aktywno\u015b\u0107 (SAR)<\/b> tych cz\u0105steczek i analizowa\u0107 ich z\u0142o\u017cono\u015b\u0107 <b>\u015acie\u017cki metaboliczne<\/b> szczeg\u00f3\u0142owo.<\/p>\n<p>Gwarantujemy czysto\u015b\u0107 na poziomie <b><span class=\"math-inline\" data-math=\"geq 98%\">\u00a098%<\/span><\/b>, kt\u00f3ry charakteryzuje si\u0119 wszechstronno\u015bci\u0105 <b>Analizy HPLC<\/b> (wysokosprawna chromatografia cieczowa). Ta wysoka specyfikacja zapewnia, \u017ce wyniki bada\u0144 s\u0105 oparte na najbardziej solidnych podstawach naukowych, co ma ogromne znaczenie dla wiarygodno\u015bci pracy naukowej na arenie mi\u0119dzynarodowej.<\/p>\n<h2><b>Integralno\u015b\u0107 chemiczna i gwarantowana jako\u015b\u0107<\/b><\/h2>\n<p>Zapewnienie jako\u015bci jest naszym najwy\u017cszym priorytetem podczas pracy z chemikaliami badawczymi. Stosujemy zoptymalizowane procesy produkcyjne i \u015bcis\u0142e kontrole, aby zapewni\u0107, \u017ce ka\u017cdy granulat ma gwarantowan\u0105 i sta\u0142\u0105 jako\u015b\u0107.<\/p>\n<p>Sprasowana posta\u0107 dawkowania jest specjalnie zaprojektowana, aby utrzyma\u0107 stabilno\u015b\u0107 substancji i <a href=\"\/product\/beta-k-2c-b-pellets-kaufen\/\"><b>jednorodny<\/b> <\/a>na ca\u0142ej powierzchni matrycy. Upraszcza to obs\u0142ug\u0119, przechowywanie i rozpuszczanie granulek do produkcji roztwor\u00f3w podstawowych.<\/p>\n<h3><b>Podstawowe specyfikacje w skr\u00f3cie<\/b><\/h3>\n<p>Nast\u0119puj\u0105ce w\u0142a\u015bciwo\u015bci s\u0105 istotne dla dokumentacji:<\/p>\n<ul>\n<li><b>Substancja:<\/b> Promal Methallylescaline.<\/li>\n<li><b>Posta\u0107 dawkowania:<\/b> Prasowane granulki zapewniaj\u0105 jednorodn\u0105 dystrybucj\u0119.<\/li>\n<li><b>Dawkowanie:<\/b> Dok\u0142adny <b>21 mg na peletk\u0119<\/b> dla maksymalnej precyzji.<\/li>\n<li><b>Czysto\u015b\u0107:<\/b> <b><span class=\"math-inline\" data-math=\"geq 98%\">98%<\/span><\/b>, potwierdzone przez <b>Testy HPLC<\/b>.<\/li>\n<li><b>Stabilno\u015b\u0107:<\/b> <b>D\u0142ugoterminowa stabilno\u015b\u0107<\/b> w prawid\u0142owych warunkach przechowywania (co najmniej 18 miesi\u0119cy).<\/li>\n<\/ul>\n<p>Kluczow\u0105 cech\u0105 naszych produkt\u00f3w jest <b>Dokumentacja analityczna<\/b>. Dla ka\u017cdej partii otrzymasz <b>Kompletny certyfikat analizy (CoA)<\/b>. Certyfikat ten nie tylko dokumentuje <b>Czysto\u015b\u0107 testowana metod\u0105 HPLC<\/b>, ale tak\u017ce numer partii i dok\u0142adno\u015b\u0107 dozowania. Ta przejrzysto\u015b\u0107 jest kluczowym czynnikiem zapewniaj\u0105cym zgodno\u015b\u0107 z <b>Standardy GLP<\/b> (Dobra Praktyka Laboratoryjna) oraz do publikacji wynik\u00f3w bada\u0144.<\/p>\n<p>Gwarantujemy r\u00f3wnie\u017c wysoki poziom <b>Sp\u00f3jno\u015b\u0107 partii<\/b>. Profil chemiczny i fizyczny dostawy pozostaje sta\u0142y w r\u00f3\u017cnych datach zam\u00f3wienia. To <b>Powtarzalno\u015b\u0107<\/b> jest dla <b>Badania d\u0142ugoterminowe<\/b> oraz do walidacji metod w d\u0142u\u017cszych okresach czasu.<\/p>\n<h2><b>Wszechstronne zastosowania badawcze<\/b><\/h2>\n<p>The <b>Promal Methallylescaline 21mg granulki<\/b> s\u0105 predestynowane do szerokiego zakresu wymagaj\u0105cych bada\u0144 naukowych ze wzgl\u0119du na okre\u015blon\u0105 dawk\u0119 i wysok\u0105 czysto\u015b\u0107. Proste dozowanie w postaci granulatu jest g\u0142\u00f3wn\u0105 zalet\u0105 we wszystkich badaniach, w kt\u00f3rych dok\u0142adna ilo\u015b\u0107 musi by\u0107 szybko i dok\u0142adnie wprowadzona do system\u00f3w analitycznych lub biologicznych.<\/p>\n<p><b>Toksykologia analityczna i medycyna s\u0105dowa<\/b> te granulki przynosz\u0105 ogromne korzy\u015bci. S\u0142u\u017c\u0105 one jako <b>Wysokiej jako\u015bci standard referencyjny<\/b> do <b>Kalibracja<\/b> oraz <b>Walidacja<\/b> urz\u0105dze\u0144 o wysokiej rozdzielczo\u015bci, takich jak LC\/MS i GC\/MS. Jest to podstawa niezawodno\u015bci <b>Dow\u00f3d<\/b> i <b>Kwantyfikacja<\/b> Promal Methallylescaline w pr\u00f3bkach kryminalistycznych i biologicznych.<\/p>\n<p>The <b>Badania farmakologiczne i biochemiczne<\/b> wykorzystuje granulat do produkcji precyzyjnych <b>Rozwi\u0105zania magazynowe<\/b> dla <i>In vitro<\/i>-eksperymenty. Tutaj <b>Zale\u017cno\u015b\u0107 dawka-odpowied\u017a<\/b> mog\u0105 by\u0107 analizowane na poziomie molekularnym i kom\u00f3rkowym. Ponadto, granulki s\u0105 niezb\u0119dne dla <b>Badania nad metabolizmem<\/b>. Analiza <b>Biotransformacja<\/b> cz\u0105steczki przez uk\u0142ady enzymatyczne dostarcza krytycznych informacji na temat <b>Trasy g\u00f3rnicze<\/b> i profile toksykologiczne metabolit\u00f3w, co ma ogromne znaczenie dla oceny ryzyka.<\/p>\n<p>W obszarze <b>Nauka o materia\u0142ach<\/b> granulki umo\u017cliwiaj\u0105 realizacj\u0119 <b>Badania stabilno\u015bci<\/b> w kontrolowanych warunkach. Naukowcy mog\u0105 analizowa\u0107 <b>Trwa\u0142o\u015b\u0107<\/b> materia\u0142u pod wp\u0142ywem r\u00f3\u017cnych czynnik\u00f3w \u015brodowiskowych (temperatura, \u015bwiat\u0142o, wilgotno\u015b\u0107) przez ca\u0142y okres u\u017cytkowania materia\u0142u. <b>Udokumentowany okres trwa\u0142o\u015bci 18 miesi\u0119cy<\/b> precyzyjnie w szerokim zakresie.<\/p>\n<h2><b>Protoko\u0142y bezpiecze\u0144stwa i zgodno\u015b\u0107<\/b><\/h2>\n<p>Odpowiedzialne obchodzenie si\u0119 z nimi <b>Badania chemiczne<\/b> jest naszym najwy\u017cszym priorytetem. \u015acis\u0142e przestrzeganie wszystkich <b>Bezpiecze\u0144stwo i przepisy prawne<\/b> jest obowi\u0105zkowa i le\u017cy w gestii kupuj\u0105cego.<\/p>\n<p>Produkt jest <b>wyra\u017anie nie do spo\u017cycia przez ludzi<\/b> lub do zastosowa\u0144 terapeutycznych. <b>Jakiekolwiek nieautoryzowane u\u017cycie jest zabronione.<\/b> Post\u0119powanie z granulatem musi <b>wy\u0142\u0105cznie<\/b> w odpowiednio wyposa\u017cone, <b>Pomieszczenia laboratoryjne zgodne z GLP<\/b> poprzez <b>Przeszkolony wyspecjalizowany personel<\/b> mie\u0107 miejsce.<\/p>\n<p>The <b>\u015arodki ochrony indywidualnej (PPE)<\/b>, U\u017cywanie sprz\u0119tu ochronnego, takiego jak fartuchy laboratoryjne, r\u0119kawiczki jednorazowe i okulary ochronne, jest obowi\u0105zkowe podczas wszystkich czynno\u015bci zwi\u0105zanych z produktem. Ponadto kupuj\u0105cy jest odpowiedzialny za <b>Zgodno\u015b\u0107 ze wszystkimi lokalnymi, krajowymi i mi\u0119dzynarodowymi przepisami prawa<\/b> Firma jest odpowiedzialna za posiadanie i badanie tej konkretnej klasy substancji.<\/p>\n<p>Aby zagwarantowa\u0107 <b>integralno\u015b\u0107 chemiczna<\/b> i <b>D\u0142ugoterminowa stabilno\u015b\u0107<\/b> nale\u017cy \u015bci\u015ble przestrzega\u0107 optymalnych warunk\u00f3w przechowywania. Obejmuje to przechowywanie w <b>kontrolowana temperatura w pomieszczeniu<\/b> <span class=\"math-inline\" data-math=\"15-25^circtext{C}\">15-25C<\/span>, w <b>suche \u015brodowisko<\/b> (<span class=\"math-inline\" data-math=\"&lt;60%\">&lt;60%<\/span>\u00a0wilgotno\u015b\u0107 wzgl\u0119dna) i ochrona przed \u015bwiat\u0142em poprzez utrzymywanie <b>Oryginalne opakowanie<\/b>.<\/p>\n<h2><b>Zamawianie informacji i us\u0142ug badawczych<\/b><\/h2>\n<p>Oferujemy elastyczne rozmiary opakowa\u0144, kt\u00f3re optymalnie zaspokajaj\u0105 potrzeby zar\u00f3wno ma\u0142ych bada\u0144 walidacyjnych, jak i szeroko zakrojonych program\u00f3w badawczych.<\/p>\n<h3><b>Dost\u0119pne ilo\u015bci dla potrzeb badawczych<\/b><\/h3>\n<p>Ilo\u015bci zosta\u0142y dobrane tak, aby obejmowa\u0142y szeroki zakres scenariuszy badawczych:<\/p>\n<ul>\n<li><b>Ma\u0142e opakowanie:<\/b> 30 granulek, idealne do wst\u0119pnych test\u00f3w umiej\u0119tno\u015bci.<\/li>\n<li><b>Standardowe opakowanie:<\/b> 60 granulek, odpowiednich do ci\u0105g\u0142ych analiz seryjnych.<\/li>\n<li><b>Opakowanie zbiorcze:<\/b> 100 peletek do kompleksowych bada\u0144 stabilno\u015bci.<\/li>\n<li><b>Opakowanie zbiorcze do bada\u0144:<\/b> 200 pelet\u00f3w, najbardziej op\u0142acalna opcja dla projekt\u00f3w na du\u017c\u0105 skal\u0119.<\/li>\n<\/ul>\n<p>Proces zamawiania wymaga przedstawienia <b>Certyfikat instytutu<\/b> kwalifikowanej organizacji badawczej, pisemny <b>Opis projektu badawczego<\/b> i potwierdzenie <b>Ekspertyza w zakresie bezpiecze\u0144stwa<\/b>. Wysy\u0142ka odbywa si\u0119 zawsze <b>Dyskretny<\/b> w neutralnym opakowaniu laboratoryjnym w celu ochrony poufno\u015bci bada\u0144.<\/p>\n<h2><b>Cz\u0119sto zadawane pytania (FAQ)<\/b><\/h2>\n<ul>\n<li><b>P: Czy granulki nadaj\u0105 si\u0119 do spo\u017cycia przez ludzi?<\/b><br \/>\n<b>A:<\/b> Nie, <b>wy\u0142\u0105cznie<\/b> do cel\u00f3w badawczych w \u015brodowiskach laboratoryjnych.<\/li>\n<li><b>P: Jakie dane analityczne s\u0105 dost\u0119pne?<\/b><br \/>\n<b>A:<\/b> A <b>Kompletny certyfikat analizy<\/b> z <b>Analizy HPLC<\/b> zostanie dostarczony.<\/li>\n<li><b>P: Jaki jest okres trwa\u0142o\u015bci granulek?<\/b><br \/>\n<b>A:<\/b> Przy prawid\u0142owym przechowywaniu <b>Minimalny okres przechowywania 18 miesi\u0119cy<\/b>.<\/li>\n<\/ul>\n<h3 class=\"ds-markdown-paragraph\"><strong>Informacja prawna<\/strong><\/h3>\n<p class=\"ds-markdown-paragraph\">Ten produkt jest przeznaczony wy\u0142\u0105cznie do cel\u00f3w badawczych. Nabywca potwierdza dokonanie zakupu:<\/p>\n<ul>\n<li>\n<p class=\"ds-markdown-paragraph\">U\u017cywaj tylko w \u015brodowiskach bada\u0144 prawnych<\/p>\n<\/li>\n<li>\n<p class=\"ds-markdown-paragraph\">Zgodno\u015b\u0107 ze wszystkimi obowi\u0105zuj\u0105cymi przepisami i regulacjami<\/p>\n<\/li>\n<li>\n<p class=\"ds-markdown-paragraph\">Wdro\u017cenie odpowiednich \u015brodk\u00f3w bezpiecze\u0144stwa<\/p>\n<\/li>\n<li>\n<p class=\"ds-markdown-paragraph\">Zakaz nieautoryzowanego u\u017cycia<\/p>\n<\/li>\n<\/ul>","protected":false},"excerpt":{"rendered":"<p>Kup Promal Methallylescaline 21mg w granulkach: Badawczy \u015brodek chemiczny w r\u00f3wnomiernie dozowanych granulkach do precyzyjnej pracy naukowej. Wy\u0142\u0105cznie do cel\u00f3w badawczych w \u015brodowiskach laboratoryjnych.<\/p>","protected":false},"featured_media":7770,"comment_status":"open","ping_status":"closed","template":"","meta":{"_joinchat":[]},"product_brand":[],"product_cat":[51],"product_tag":[3098,3088,2907,2908,3086,3084,3097,3074,3087],"class_list":{"0":"post-7733","1":"product","2":"type-product","3":"status-publish","4":"has-post-thumbnail","6":"product_cat-phenethylamines","7":"product_tag-21mg","8":"product_tag-dosierungsstudien","9":"product_tag-forschungschemikalie","10":"product_tag-laborbedarf","11":"product_tag-laborforschung","12":"product_tag-pellets","13":"product_tag-promal-methallylescaline","14":"product_tag-research-chemical","15":"product_tag-wissenschaftliche-analyse","17":"first","18":"instock","19":"shipping-taxable","20":"purchasable","21":"product-type-variable"},"yoast_head":"<!-- This site is optimized with the Yoast SEO plugin v27.5 - https:\/\/yoast.com\/product\/yoast-seo-wordpress\/ -->\n<title>Promal Methallylescaline Pellets | Research Chemical | 21mg Chemgramx<\/title>\n<meta name=\"description\" content=\"Promal Methallylescaline 21mg Pellets kaufen - Forschungschemikalie in pelletierter Form. F\u00fcr wissenschaftliche Analysen. Laborgepr\u00fcft &amp; diskret.\" \/>\n<meta name=\"robots\" content=\"index, follow, max-snippet:-1, max-image-preview:large, max-video-preview:-1\" \/>\n<link rel=\"canonical\" href=\"https:\/\/chemgramx.com\/pl\/produkt-1\/kupic-promal-methallylescaline-21mg-granulki\/\" \/>\n<meta property=\"og:locale\" content=\"pl_PL\" \/>\n<meta property=\"og:type\" content=\"article\" \/>\n<meta property=\"og:title\" content=\"Promal Methallylescaline Pellets | Research Chemical | 21mg Chemgramx\" \/>\n<meta property=\"og:description\" content=\"Promal Methallylescaline 21mg Pellets kaufen - Forschungschemikalie in pelletierter Form. F\u00fcr wissenschaftliche Analysen. Laborgepr\u00fcft &amp; diskret.\" \/>\n<meta property=\"og:url\" content=\"https:\/\/chemgramx.com\/pl\/produkt-1\/kupic-promal-methallylescaline-21mg-granulki\/\" \/>\n<meta property=\"og:site_name\" content=\"Chemgramx\" \/>\n<meta property=\"article:modified_time\" content=\"2025-11-21T11:21:52+00:00\" \/>\n<meta property=\"og:image\" content=\"https:\/\/chemgramx.com\/wp-content\/uploads\/2025\/11\/promal-methallylescaline-21-mg-pellets-chem-store-online.png\" \/>\n\t<meta property=\"og:image:width\" content=\"810\" \/>\n\t<meta property=\"og:image:height\" content=\"526\" \/>\n\t<meta property=\"og:image:type\" content=\"image\/png\" \/>\n<meta name=\"twitter:card\" content=\"summary_large_image\" \/>\n<meta name=\"twitter:label1\" content=\"Szacowany czas czytania\" \/>\n\t<meta name=\"twitter:data1\" content=\"5 minut\" \/>\n<script type=\"application\/ld+json\" class=\"yoast-schema-graph\">{\"@context\":\"https:\\\/\\\/schema.org\",\"@graph\":[{\"@type\":\"WebPage\",\"@id\":\"https:\\\/\\\/chemgramx.com\\\/product\\\/promal-methallylescaline-21mg-pellets-kaufen\\\/\",\"url\":\"https:\\\/\\\/chemgramx.com\\\/product\\\/promal-methallylescaline-21mg-pellets-kaufen\\\/\",\"name\":\"Promal Methallylescaline Pellets | Research Chemical | 21mg Chemgramx\",\"isPartOf\":{\"@id\":\"https:\\\/\\\/chemgramx.com\\\/#website\"},\"primaryImageOfPage\":{\"@id\":\"https:\\\/\\\/chemgramx.com\\\/product\\\/promal-methallylescaline-21mg-pellets-kaufen\\\/#primaryimage\"},\"image\":{\"@id\":\"https:\\\/\\\/chemgramx.com\\\/product\\\/promal-methallylescaline-21mg-pellets-kaufen\\\/#primaryimage\"},\"thumbnailUrl\":\"https:\\\/\\\/chemgramx.com\\\/wp-content\\\/uploads\\\/2025\\\/11\\\/promal-methallylescaline-21-mg-pellets-chem-store-online.png\",\"datePublished\":\"2025-11-21T11:20:28+00:00\",\"dateModified\":\"2025-11-21T11:21:52+00:00\",\"description\":\"Promal Methallylescaline 21mg Pellets kaufen - Forschungschemikalie in pelletierter Form. F\u00fcr wissenschaftliche Analysen. Laborgepr\u00fcft &amp; diskret.\",\"breadcrumb\":{\"@id\":\"https:\\\/\\\/chemgramx.com\\\/product\\\/promal-methallylescaline-21mg-pellets-kaufen\\\/#breadcrumb\"},\"inLanguage\":\"pl-PL\",\"potentialAction\":[{\"@type\":\"ReadAction\",\"target\":[\"https:\\\/\\\/chemgramx.com\\\/product\\\/promal-methallylescaline-21mg-pellets-kaufen\\\/\"]}]},{\"@type\":\"ImageObject\",\"inLanguage\":\"pl-PL\",\"@id\":\"https:\\\/\\\/chemgramx.com\\\/product\\\/promal-methallylescaline-21mg-pellets-kaufen\\\/#primaryimage\",\"url\":\"https:\\\/\\\/chemgramx.com\\\/wp-content\\\/uploads\\\/2025\\\/11\\\/promal-methallylescaline-21-mg-pellets-chem-store-online.png\",\"contentUrl\":\"https:\\\/\\\/chemgramx.com\\\/wp-content\\\/uploads\\\/2025\\\/11\\\/promal-methallylescaline-21-mg-pellets-chem-store-online.png\",\"width\":810,\"height\":526},{\"@type\":\"BreadcrumbList\",\"@id\":\"https:\\\/\\\/chemgramx.com\\\/product\\\/promal-methallylescaline-21mg-pellets-kaufen\\\/#breadcrumb\",\"itemListElement\":[{\"@type\":\"ListItem\",\"position\":1,\"name\":\"Home\",\"item\":\"https:\\\/\\\/chemgramx.com\\\/\"},{\"@type\":\"ListItem\",\"position\":2,\"name\":\"Shop\",\"item\":\"https:\\\/\\\/chemgramx.com\\\/shop\\\/\"},{\"@type\":\"ListItem\",\"position\":3,\"name\":\"Promal Methallylescaline 21mg Pellets kaufen\"}]},{\"@type\":\"WebSite\",\"@id\":\"https:\\\/\\\/chemgramx.com\\\/#website\",\"url\":\"https:\\\/\\\/chemgramx.com\\\/\",\"name\":\"Chemgramx\",\"description\":\"\",\"publisher\":{\"@id\":\"https:\\\/\\\/chemgramx.com\\\/#organization\"},\"potentialAction\":[{\"@type\":\"SearchAction\",\"target\":{\"@type\":\"EntryPoint\",\"urlTemplate\":\"https:\\\/\\\/chemgramx.com\\\/?s={search_term_string}\"},\"query-input\":{\"@type\":\"PropertyValueSpecification\",\"valueRequired\":true,\"valueName\":\"search_term_string\"}}],\"inLanguage\":\"pl-PL\"},{\"@type\":\"Organization\",\"@id\":\"https:\\\/\\\/chemgramx.com\\\/#organization\",\"name\":\"Chemgramx\",\"url\":\"https:\\\/\\\/chemgramx.com\\\/\",\"logo\":{\"@type\":\"ImageObject\",\"inLanguage\":\"pl-PL\",\"@id\":\"https:\\\/\\\/chemgramx.com\\\/#\\\/schema\\\/logo\\\/image\\\/\",\"url\":\"https:\\\/\\\/chemgramx.com\\\/wp-content\\\/uploads\\\/2024\\\/10\\\/final-logo.png\",\"contentUrl\":\"https:\\\/\\\/chemgramx.com\\\/wp-content\\\/uploads\\\/2024\\\/10\\\/final-logo.png\",\"width\":250,\"height\":48,\"caption\":\"Chemgramx\"},\"image\":{\"@id\":\"https:\\\/\\\/chemgramx.com\\\/#\\\/schema\\\/logo\\\/image\\\/\"}}]}<\/script>\n<!-- \/ Yoast SEO plugin. -->","yoast_head_json":{"title":"Promal Methallylescaline Pellets | Research Chemical | 21mg Chemgramx","description":"Kup Promal Methallylescaline 21mg Pellets - Badawczy \u015brodek chemiczny w postaci granulatu. Do analiz naukowych. Testowana laboratoryjnie i dyskretna.","robots":{"index":"index","follow":"follow","max-snippet":"max-snippet:-1","max-image-preview":"max-image-preview:large","max-video-preview":"max-video-preview:-1"},"canonical":"https:\/\/chemgramx.com\/pl\/produkt-1\/kupic-promal-methallylescaline-21mg-granulki\/","og_locale":"pl_PL","og_type":"article","og_title":"Promal Methallylescaline Pellets | Research Chemical | 21mg Chemgramx","og_description":"Promal Methallylescaline 21mg Pellets kaufen - Forschungschemikalie in pelletierter Form. F\u00fcr wissenschaftliche Analysen. Laborgepr\u00fcft &amp; diskret.","og_url":"https:\/\/chemgramx.com\/pl\/produkt-1\/kupic-promal-methallylescaline-21mg-granulki\/","og_site_name":"Chemgramx","article_modified_time":"2025-11-21T11:21:52+00:00","og_image":[{"width":810,"height":526,"url":"https:\/\/chemgramx.com\/wp-content\/uploads\/2025\/11\/promal-methallylescaline-21-mg-pellets-chem-store-online.png","type":"image\/png"}],"twitter_card":"summary_large_image","twitter_misc":{"Szacowany czas czytania":"5 minut"},"schema":{"@context":"https:\/\/schema.org","@graph":[{"@type":"WebPage","@id":"https:\/\/chemgramx.com\/product\/promal-methallylescaline-21mg-pellets-kaufen\/","url":"https:\/\/chemgramx.com\/product\/promal-methallylescaline-21mg-pellets-kaufen\/","name":"Promal Methallylescaline Pellets | Research Chemical | 21mg Chemgramx","isPartOf":{"@id":"https:\/\/chemgramx.com\/#website"},"primaryImageOfPage":{"@id":"https:\/\/chemgramx.com\/product\/promal-methallylescaline-21mg-pellets-kaufen\/#primaryimage"},"image":{"@id":"https:\/\/chemgramx.com\/product\/promal-methallylescaline-21mg-pellets-kaufen\/#primaryimage"},"thumbnailUrl":"https:\/\/chemgramx.com\/wp-content\/uploads\/2025\/11\/promal-methallylescaline-21-mg-pellets-chem-store-online.png","datePublished":"2025-11-21T11:20:28+00:00","dateModified":"2025-11-21T11:21:52+00:00","description":"Kup Promal Methallylescaline 21mg Pellets - Badawczy \u015brodek chemiczny w postaci granulatu. Do analiz naukowych. Testowana laboratoryjnie i dyskretna.","breadcrumb":{"@id":"https:\/\/chemgramx.com\/product\/promal-methallylescaline-21mg-pellets-kaufen\/#breadcrumb"},"inLanguage":"pl-PL","potentialAction":[{"@type":"ReadAction","target":["https:\/\/chemgramx.com\/product\/promal-methallylescaline-21mg-pellets-kaufen\/"]}]},{"@type":"ImageObject","inLanguage":"pl-PL","@id":"https:\/\/chemgramx.com\/product\/promal-methallylescaline-21mg-pellets-kaufen\/#primaryimage","url":"https:\/\/chemgramx.com\/wp-content\/uploads\/2025\/11\/promal-methallylescaline-21-mg-pellets-chem-store-online.png","contentUrl":"https:\/\/chemgramx.com\/wp-content\/uploads\/2025\/11\/promal-methallylescaline-21-mg-pellets-chem-store-online.png","width":810,"height":526},{"@type":"BreadcrumbList","@id":"https:\/\/chemgramx.com\/product\/promal-methallylescaline-21mg-pellets-kaufen\/#breadcrumb","itemListElement":[{"@type":"ListItem","position":1,"name":"Home","item":"https:\/\/chemgramx.com\/"},{"@type":"ListItem","position":2,"name":"Shop","item":"https:\/\/chemgramx.com\/shop\/"},{"@type":"ListItem","position":3,"name":"Promal Methallylescaline 21mg Pellets kaufen"}]},{"@type":"WebSite","@id":"https:\/\/chemgramx.com\/#website","url":"https:\/\/chemgramx.com\/","name":"Chemgramx","description":"","publisher":{"@id":"https:\/\/chemgramx.com\/#organization"},"potentialAction":[{"@type":"SearchAction","target":{"@type":"EntryPoint","urlTemplate":"https:\/\/chemgramx.com\/?s={search_term_string}"},"query-input":{"@type":"PropertyValueSpecification","valueRequired":true,"valueName":"search_term_string"}}],"inLanguage":"pl-PL"},{"@type":"Organization","@id":"https:\/\/chemgramx.com\/#organization","name":"Chemgramx","url":"https:\/\/chemgramx.com\/","logo":{"@type":"ImageObject","inLanguage":"pl-PL","@id":"https:\/\/chemgramx.com\/#\/schema\/logo\/image\/","url":"https:\/\/chemgramx.com\/wp-content\/uploads\/2024\/10\/final-logo.png","contentUrl":"https:\/\/chemgramx.com\/wp-content\/uploads\/2024\/10\/final-logo.png","width":250,"height":48,"caption":"Chemgramx"},"image":{"@id":"https:\/\/chemgramx.com\/#\/schema\/logo\/image\/"}}]}},"_links":{"self":[{"href":"https:\/\/chemgramx.com\/pl\/wp-json\/wp\/v2\/product\/7733","targetHints":{"allow":["GET"]}}],"collection":[{"href":"https:\/\/chemgramx.com\/pl\/wp-json\/wp\/v2\/product"}],"about":[{"href":"https:\/\/chemgramx.com\/pl\/wp-json\/wp\/v2\/types\/product"}],"replies":[{"embeddable":true,"href":"https:\/\/chemgramx.com\/pl\/wp-json\/wp\/v2\/comments?post=7733"}],"wp:featuredmedia":[{"embeddable":true,"href":"https:\/\/chemgramx.com\/pl\/wp-json\/wp\/v2\/media\/7770"}],"wp:attachment":[{"href":"https:\/\/chemgramx.com\/pl\/wp-json\/wp\/v2\/media?parent=7733"}],"wp:term":[{"taxonomy":"product_brand","embeddable":true,"href":"https:\/\/chemgramx.com\/pl\/wp-json\/wp\/v2\/product_brand?post=7733"},{"taxonomy":"product_cat","embeddable":true,"href":"https:\/\/chemgramx.com\/pl\/wp-json\/wp\/v2\/product_cat?post=7733"},{"taxonomy":"product_tag","embeddable":true,"href":"https:\/\/chemgramx.com\/pl\/wp-json\/wp\/v2\/product_tag?post=7733"}],"curies":[{"name":"wp","href":"https:\/\/api.w.org\/{rel}","templated":true}]}}