{"id":7735,"date":"2025-11-21T11:20:28","date_gmt":"2025-11-21T11:20:28","guid":{"rendered":"https:\/\/chemgramx.com\/?post_type=product&#038;p=7735"},"modified":"2025-11-21T11:21:52","modified_gmt":"2025-11-21T11:21:52","slug":"chlorowodorek-metyloeskaliny-zamowienie-online","status":"publish","type":"product","link":"https:\/\/chemgramx.com\/pl\/product\/methallylescaline-hydrochloride-bestellung-online\/","title":{"rendered":"Chlorowodorek metyloeskaliny Zam\u00f3w online"},"content":{"rendered":"<p><b>Chlorowodorek metyloeskaliny<\/b> (w skr\u00f3cie: chlorowodorek metyloeskaliny) jest <b>Badawcza substancja chemiczna o wysokiej czysto\u015bci analitycznej<\/b>, kt\u00f3ry zosta\u0142 specjalnie opracowany, aby spe\u0142ni\u0107 najwy\u017csze wymagania w zakresie <b>badania chemiczne i farmakologiczne<\/b> aby odda\u0107 mu sprawiedliwo\u015b\u0107. Jako wa\u017cny przedstawiciel <b>Pochodne fenetyloaminy<\/b>, strukturalnie blisko spokrewniony z dobrze znanym <b>Meskalina<\/b> i klas\u0119 <b>Scaline<\/b> Substancja ta oferuje unikaln\u0105 sygnatur\u0119 molekularn\u0105 do badania z\u0142o\u017conych interakcji biologicznych. Z <b>potwierdzona analitycznie minimalna czysto\u015b\u0107 <span class=\"math-inline\" data-math=\"ge97,%\">97%<\/span><\/b>\u00a0Methallylescaline HCl jest idealnym narz\u0119dziem dla naukowc\u00f3w pracuj\u0105cych w <b>kontrolowane \u015brodowiska laboratoryjne<\/b> na <b>Precyzyjne i powtarzalne wyniki<\/b> s\u0105 zale\u017cne.<\/p>\n<p>Podkre\u015blamy z naciskiem: Zakup i korzystanie z tego produktu s\u0105 <b>wy\u0142\u0105cznie do cel\u00f3w badawczych<\/b> i \u015bci\u015ble ograniczone do <b>Wykwalifikowani eksperci<\/b> w <b>autoryzowane i zatwierdzone laboratoria<\/b> ograniczone. S\u0142u\u017cy to zapewnieniu zgodno\u015bci ze wszystkimi obowi\u0105zuj\u0105cymi mi\u0119dzynarodowymi przepisami. <b>Standardy bezpiecze\u0144stwa i prawne<\/b>.<a href=\"\/product\/methallylescaline-hydrochloride-kaufen\/\"> Metyloeskalina<\/a> HCl jest nieocenionym odczynnikiem w nowoczesnym <b>Badanie receptor\u00f3w serotoninowych<\/b> i <b>podstawowe badania neurochemiczne<\/b>.<\/p>\n<h2>\u00a0Charakterystyka molekularna i gwarantowana jako\u015b\u0107<\/h2>\n<p>Integralno\u015b\u0107 molekularna i czysto\u015b\u0107 badanej substancji chemicznej maj\u0105 kluczowe znaczenie dla wa\u017cno\u015bci eksperyment\u00f3w naukowych. Chlorowodorek metyloeskaliny jest wytwarzany i testowany analitycznie w najsurowszych warunkach, aby zapewni\u0107 niezr\u00f3wnan\u0105 jako\u015b\u0107.<\/p>\n<h3>Szczeg\u00f3\u0142owy chemiczny odcisk palca (specyfikacja produktu)<\/h3>\n<p>Chlorowodorek metyloeskaliny charakteryzuje si\u0119 specyficzn\u0105 struktur\u0105, kt\u00f3ra jest okre\u015blona przez wzory podstawie\u0144 w pier\u015bcieniu fenylowym. Wprowadzenie podstawnika <b>Grupa metallilowa<\/b> do pozycji 4 pier\u015bcienia modyfikuje w\u0142a\u015bciwo\u015bci lipofilowe i steryczne cz\u0105steczki w por\u00f3wnaniu z jej analogami, co skutkuje unikalnymi w\u0142a\u015bciwo\u015bciami lipofilowymi. <b>profile farmakologiczne<\/b> kt\u00f3re nale\u017cy zbada\u0107.<\/p>\n<ul>\n<li><b>Nazwa IUPAC:<\/b> Dok\u0142adne oznaczenie to <b>2,5-<a href=\"\/product\/4f-php-4-fluorophenylpyrrolidin-online-kaufen\/\">Dimetoksy<\/a>chlorowodorek -4-(2-metyloallilo)fenetyloaminy<\/b>. Ta szczeg\u00f3\u0142owa nomenklatura umo\u017cliwia jasn\u0105 identyfikacj\u0119 w globalnym dyskursie naukowym.<\/li>\n<li><b>Masa cz\u0105steczkowa:<\/b> Dok\u0142adna masa cz\u0105steczkowa to <b>289,80 g\/mol<\/b>. Ta dok\u0142adna specyfikacja jest niezb\u0119dna do przygotowania roztwor\u00f3w molowych i dok\u0142adnego dozowania w testach ilo\u015bciowych.<\/li>\n<li><b>Sk\u0142ad chemiczny:<\/b> Substancja ma posta\u0107 <b>krystaliczny proszek<\/b> co zapewnia \u0142atw\u0105 obs\u0142ug\u0119 i dok\u0142adne wa\u017cenie w laboratorium.<\/li>\n<li><b>Rozpuszczalno\u015b\u0107:<\/b> Chlorowodorek metyloeskaliny ma <b>dobra rozpuszczalno\u015b\u0107 w wodzie<\/b> kt\u00f3ry u\u0142atwia szybkie i jednorodne przygotowanie wodnych roztwor\u00f3w podstawowych dla <span class=\"math-inline\" data-math=\"In\">W<\/span> <span class=\"math-inline\" data-math=\"vitro\">vitro<\/span>- oraz <span class=\"math-inline\" data-math=\"In\">W<\/span> <span class=\"math-inline\" data-math=\"vivo\">vivo<\/span>-eksperymenty (w \u015bcis\u0142ej zgodno\u015bci z wymogami prawnymi).<\/li>\n<\/ul>\n<h3>Znaczenie weryfikacji analitycznej<\/h3>\n<p>Przywi\u0105zujemy du\u017c\u0105 wag\u0119 do <b>Sp\u00f3jno\u015b\u0107 partii<\/b> i <b>weryfikacja analityczna<\/b> ka\u017cdej jednostki. Tylko dzi\u0119ki tym \u015bcis\u0142ym kontrolom badacze mog\u0105 zweryfikowa\u0107 i powt\u00f3rzy\u0107 swoje wyniki.<\/p>\n<ol start=\"1\">\n<li><b>Potwierdzenie czysto\u015bci:<\/b> Czysto\u015b\u0107 <b><span class=\"math-inline\" data-math=\"ge97,%\">97%<\/span><\/b>\u00a0charakteryzuje si\u0119 przede wszystkim <b>HPLC (wysokosprawna chromatografia cieczowa)<\/b> potwierdzone. Gwarantuje to, \u017ce zanieczyszczenia, w tym zanieczyszczenia izomeryczne lub produkty uboczne syntezy, s\u0105 zredukowane do absolutnego minimum.<\/li>\n<li><b>Dokumentacja analityczna:<\/b> Dla ka\u017cdej dostarczonej partii otrzymasz kompletny <b>Certyfikat analizy (CoA)<\/b>. Dokument ten nie tylko dokumentuje czysto\u015b\u0107, ale cz\u0119sto r\u00f3wnie\u017c dostarcza dalszych danych spektralnych (np. <b>GC\/MS<\/b> lub <b>NMR<\/b>, je\u015bli s\u0105 dost\u0119pne), kt\u00f3re s\u0105 niezb\u0119dne do charakterystyki chemicznej.<\/li>\n<li><b>Zapewnienie jako\u015bci:<\/b> Nasze ustandaryzowane procedury gwarantuj\u0105 <b>Sta\u0142a jako\u015b\u0107<\/b>. Jest to szczeg\u00f3lnie wa\u017cne w przypadku bada\u0144 d\u0142ugoterminowych, w kt\u00f3rych wykorzystywane s\u0105 pr\u00f3bki z r\u00f3\u017cnych partii.<\/li>\n<\/ol>\n<h2>\u00a0G\u0142\u00f3wne obszary bada\u0144 i zastosowania<\/h2>\n<p>Ze wzgl\u0119du na strukturaln\u0105 blisko\u015b\u0107 substancji psychotropowych <a href=\"\/product\/etomethazene-online-kaufen\/\">Metyloeskalina<\/a> chlorowodorek jest bardzo istotnym przedmiotem bada\u0144 w r\u00f3\u017cnych obszarach <b>Biomedycyna<\/b> oraz <b>Toksykologia<\/b>.<\/p>\n<h3>Badania neurofarmakologiczne i testy receptor\u00f3w<\/h3>\n<p>Jako potencjalny agonista w <b>Receptory serotoninowe<\/b>, szczeg\u00f3lnie podtypy takie jak <span class=\"math-inline\" data-math=\"5-HT_{2A}\">5-HT_{2A}<\/span> oraz <span class=\"math-inline\" data-math=\"5-HT_{2C}\">5-HT_{2C}<\/span>, Chlorowodorek metyloeskaliny s\u0142u\u017cy jako cenny <b>Specjalna cz\u0105steczka chemiczna<\/b>. Naukowcy u\u017cywaj\u0105 go do:<\/p>\n<ul>\n<li><b>Profile wi\u0105zania receptor\u00f3w<\/b> i <b>Affinity<\/b> do r\u00f3\u017cnych neuroreceptor\u00f3w.<\/li>\n<li>The <b>Aktywno\u015b\u0107 funkcjonalna<\/b> aktywowanych receptor\u00f3w (np. poprzez <span class=\"math-inline\" data-math=\"Ca^{2+}\">Ca^{2+}<\/span>-mobilizacja lub <span class=\"math-inline\" data-math=\"IP_3\">IP_3<\/span>-akumulacja).<\/li>\n<li>G\u0142\u0119bsze zrozumienie <b>Zale\u017cno\u015bci struktura-aktywno\u015b\u0107 (SAR)<\/b> w obr\u0119bie klasy fenetyloamin. Systematycznie modyfikuj\u0105c grup\u0119 metylow\u0105, naukowcy mog\u0105 testowa\u0107 hipotezy dotycz\u0105ce interakcji cz\u0105steczki z miejscem wi\u0105zania receptora.<\/li>\n<li>The <b>Farmakodynamika<\/b> i kom\u00f3rkowe szlaki sygna\u0142owe wyzwalane przez te nowe substancje.<\/li>\n<\/ul>\n<p>Te fundamentalne badania s\u0105 podstaw\u0105 do projektowania nowych, ukierunkowanych terapii chor\u00f3b neurologicznych i psychiatrycznych.<\/p>\n<h3>Badania metabolizmu, kryminalistyka i toksykologia<\/h3>\n<p>Coraz wa\u017cniejszym obszarem zastosowa\u0144 jest <b>Badania nad metabolizmem<\/b>. Poniewa\u017c chlorowodorek metyloeskaliny nale\u017cy do <b>nowe substancje psychoaktywne (NPS)<\/b> Poniewa\u017c metabolity mo\u017cna zaliczy\u0107 do najwa\u017cniejszych substancji, wiarygodne dane na temat szlaku degradacji metabolicznej w organizmie ludzkim i zwierz\u0119cym maj\u0105 kluczowe znaczenie.<\/p>\n<ul>\n<li><b>Identyfikacja metabolizmu:<\/b> Dochodzenie w sprawie <b>\u015bcie\u017cki degradacji chemicznej<\/b> w <span class=\"math-inline\" data-math=\"In\">W<\/span>\u00a0<span class=\"math-inline\" data-math=\"vitro\">vitro<\/span>-(np. przy u\u017cyciu ludzkich mikrosom\u00f3w w\u0105trobowych lub rekombinowanych enzym\u00f3w cytochromu P450). Zidentyfikowane <b>Metabolity<\/b> musz\u0105 by\u0107 scharakteryzowane chemicznie, cz\u0119sto za pomoc\u0105 <b>LC-MS\/MS<\/b>.<\/li>\n<li><b>Ocena toksykologiczna:<\/b> Wyniki bada\u0144 metabolizmu maj\u0105 fundamentalne znaczenie dla <b>Ocena toksykologiczna i oparta na ryzyku<\/b> substancja.<\/li>\n<li><b>Analityka kryminalistyczna:<\/b> Dane uzyskane na temat metabolit\u00f3w s\u0142u\u017c\u0105 jako materia\u0142 referencyjny i umo\u017cliwiaj\u0105 laboratoriom kryminalistycznym opracowanie prawid\u0142owych danych. <b>Metody wykrywania<\/b> do identyfikacji i kwantyfikacji w pr\u00f3bkach biologicznych.<\/li>\n<\/ul>\n<h2>\u00a0Najbardziej rygorystyczne protoko\u0142y bezpiecze\u0144stwa i wytyczne dotycz\u0105ce obs\u0142ugi<\/h2>\n<p>Post\u0119powanie z chlorowodorkiem metyloeskaliny wymaga wysokiego stopnia odpowiedzialno\u015bci i \u015bcis\u0142ego przestrzegania uznanych mi\u0119dzynarodowych standard\u00f3w laboratoryjnych.<\/p>\n<h3>Wymagane standardy laboratoryjne i \u015brodki ochrony indywidualnej<\/h3>\n<p>Aplikacja mo\u017ce by\u0107 u\u017cywana tylko w <b>Zgodno\u015b\u0107 z GLP<\/b> (<b>Dobra Praktyka Laboratoryjna<\/b>) \u015brodowisko. Zgodno\u015b\u0107 z nast\u0119puj\u0105cymi wymogami <b>Protoko\u0142y bezpiecze\u0144stwa<\/b> jest nieuniknione:<\/p>\n<ul>\n<li><b>\u015arodowisko pracy:<\/b> U\u017cytkowanie jest ograniczone do <b>profesjonalne \u015brodowiska laboratoryjne<\/b> ograniczone.<\/li>\n<li><b>Wentylacja:<\/b> <b>Dobra cyrkulacja powietrza<\/b> i wykorzystanie <b>Systemy dygestori\u00f3w<\/b> (wyci\u0105gi) s\u0105 niezb\u0119dne, aby zapobiec wdychaniu drobnych cz\u0105stek lub aerozoli.<\/li>\n<li><b>\u015arodki ochrony indywidualnej (PPE):<\/b> Badacze zawsze musz\u0105 znale\u017a\u0107 odpowiednie <b>Odzie\u017c ochronna<\/b> w tym <b>Fartuch laboratoryjny<\/b>, odporno\u015b\u0107 chemiczna <b>R\u0119kawice<\/b> (Nitryl lub Viton, w zale\u017cno\u015bci od protoko\u0142u) oraz <b>Okulary ochronne<\/b> lub os\u0142ona twarzy. W przypadku obchodzenia si\u0119 z proszkiem, dodatkowa ochrona <b>Ochrona dr\u00f3g oddechowych<\/b> wymagane.<\/li>\n<li><b>\u015arodki ostro\u017cno\u015bci w sytuacjach awaryjnych:<\/b> Funkcjonalny <b>Prysznice do oczu<\/b> oraz <b>Prysznice ratunkowe<\/b> musz\u0105 by\u0107 \u0142atwo dost\u0119pne przez ca\u0142y czas.<\/li>\n<\/ul>\n<h3>Optymalne warunki przechowywania i stabilno\u015bci<\/h3>\n<p>Aby zachowa\u0107 <b>integralno\u015b\u0107 analityczna<\/b> i <b>D\u0142ugoterminowa stabilno\u015b\u0107<\/b> Chlorowodorek metyloeskaliny musi by\u0107 prawid\u0142owo przechowywany:<\/p>\n<ol start=\"1\">\n<li><b>Kontrola temperatury:<\/b> Optymalne przechowywanie ma miejsce <b>fajny<\/b> w temperaturze <b>2-8 \u00b0C (przechowywanie w lod\u00f3wce)<\/b>. Nale\u017cy unika\u0107 waha\u0144 temperatury.<\/li>\n<li><b>Kontrola wilgotno\u015bci:<\/b> Pami\u0119\u0107 masowa powinna <b>suchy<\/b> przy wilgotno\u015bci wzgl\u0119dnej idealnie poni\u017cej <b>60 %<\/b>.<\/li>\n<li><b>Ochrona przed \u015bwiat\u0142em:<\/b> Jako po\u0142\u0105czenie <b>\u015bwiat\u0142oczu\u0142y<\/b> mo\u017ce by\u0107, musi by\u0107 w <b>ciemne, nieprzezroczyste pojemniki<\/b> aby zapobiec degradacji fotolitycznej.<\/li>\n<li><b>Opakowanie:<\/b> Pojemniki musz\u0105 <b>hermetycznie zamkni\u0119ty<\/b> i wyra\u017anie oznakowane zgodnie z przepisami laboratoryjnymi.<\/li>\n<\/ol>\n<h2>\u00a0Proces zamawiania i zgodno\u015b\u0107 z prawem<\/h2>\n<p>Zapewniamy, \u017ce chlorowodorek metyloeskaliny jest dystrybuowany w spos\u00f3b przejrzysty i wy\u0142\u0105cznie w ramach legalnych bada\u0144 naukowych.<\/p>\n<h3>Dost\u0119pne ilo\u015bci i wymagania dotycz\u0105ce zamawiania<\/h3>\n<p>Aby sprosta\u0107 r\u00f3\u017cnym wymaganiom, od projekt\u00f3w pilota\u017cowych po kompleksowe badania, oferujemy r\u00f3\u017cne rozwi\u0105zania <b>Dost\u0119pne ilo\u015bci<\/b> do:<\/p>\n<ul>\n<li><b>Pr\u00f3bka badawcza:<\/b> 100 mg (do bada\u0144 pilota\u017cowych i analiz)<\/li>\n<li><b>Ma\u0142a ilo\u015b\u0107:<\/b> 500 mg<\/li>\n<li><b>Standardowa ilo\u015b\u0107:<\/b> 1 g<\/li>\n<li><b>Ilo\u015b\u0107 hurtowa:<\/b> 5 g (dla wi\u0119kszych projekt\u00f3w lub jako standard odniesienia)<\/li>\n<\/ul>\n<p>Zgodno\u015b\u0107 z nast\u0119puj\u0105cymi wymogami <b>Wymagania dotycz\u0105ce zam\u00f3wienia<\/b> jest obowi\u0105zkowe:<\/p>\n<ol start=\"1\">\n<li>Dow\u00f3d <b>upowa\u017cniona instytucja badawcza<\/b> (dow\u00f3d statusu instytucjonalnego lub korporacyjnego).<\/li>\n<li>Precyzyjny <b>Opis celu naukowego<\/b> (Streszczenie protoko\u0142u badania).<\/li>\n<li>Prawnie wi\u0105\u017c\u0105cy <b>Potwierdzenie potwierdzenia<\/b> i akceptacja <b>Karta charakterystyki substancji niebezpiecznej (MSDS)<\/b>.<\/li>\n<\/ol>\n<p><b>Nota prawna:<\/b> Kupuj\u0105c produkt, nabywca nieodwo\u0142alnie potwierdza, \u017ce stosowanie chlorowodorku metyloeskaliny <b>wy\u0142\u0105cznie w kontek\u015bcie zastosowa\u0144 prawnych, naukowych<\/b> i w kontrolowanych \u015brodowiskach laboratoryjnych. Ca\u0142kowita odpowiedzialno\u015b\u0107 za przestrzeganie wszystkich krajowych i mi\u0119dzynarodowych przepis\u00f3w prawa, zasad bezpiecze\u0144stwa i wytycznych dotycz\u0105cych obs\u0142ugi spoczywa na nabywcy. Jakiekolwiek niew\u0142a\u015bciwe lub nieautoryzowane u\u017cycie, w szczeg\u00f3lno\u015bci spo\u017cycie przez ludzi, jest zabronione. <b>surowo zabronione<\/b> i poci\u0105ga za sob\u0105 konsekwencje prawne.<\/p>","protected":false},"excerpt":{"rendered":"<p>Kup chlorowodorek metyloeskaliny: Wysokiej czysto\u015bci substancja chemiczna w postaci chlorowodorku. Wy\u0142\u0105cznie do cel\u00f3w bada\u0144 naukowych w \u015brodowiskach laboratoryjnych. Jako\u015b\u0107 testowana laboratoryjnie z certyfikatem analizy.<\/p>","protected":false},"featured_media":7772,"comment_status":"open","ping_status":"closed","template":"","meta":{"_joinchat":[]},"product_brand":[],"product_cat":[51],"product_tag":[],"class_list":{"0":"post-7735","1":"product","2":"type-product","3":"status-publish","4":"has-post-thumbnail","6":"product_cat-phenethylamines","8":"first","9":"instock","10":"shipping-taxable","11":"purchasable","12":"product-type-variable"},"yoast_head":"<!-- This site is optimized with the Yoast SEO plugin v27.5 - https:\/\/yoast.com\/product\/yoast-seo-wordpress\/ -->\n<title>Methallylescaline HCl Kaufen | Research Chemical | Laborqualit\u00e4tChemgramx<\/title>\n<meta name=\"description\" content=\"Methallylescaline Hydrochloride kaufen - Hochreine Forschungschemikalie f\u00fcr wissenschaftliche Zwecke. Laborgepr\u00fcfte Qualit\u00e4t, diskret &amp; sicher. Nur f\u00fcr Forschungszwecke.\" \/>\n<meta name=\"robots\" content=\"index, follow, max-snippet:-1, max-image-preview:large, max-video-preview:-1\" \/>\n<link rel=\"canonical\" href=\"https:\/\/chemgramx.com\/pl\/produkt-1\/chlorowodorek-metyloeskaliny-zamowienie-online\/\" \/>\n<meta property=\"og:locale\" content=\"pl_PL\" \/>\n<meta property=\"og:type\" content=\"article\" \/>\n<meta property=\"og:title\" content=\"Methallylescaline HCl Kaufen | Research Chemical | Laborqualit\u00e4tChemgramx\" \/>\n<meta property=\"og:description\" content=\"Methallylescaline Hydrochloride kaufen - Hochreine Forschungschemikalie f\u00fcr wissenschaftliche Zwecke. Laborgepr\u00fcfte Qualit\u00e4t, diskret &amp; sicher. Nur f\u00fcr Forschungszwecke.\" \/>\n<meta property=\"og:url\" content=\"https:\/\/chemgramx.com\/pl\/produkt-1\/chlorowodorek-metyloeskaliny-zamowienie-online\/\" \/>\n<meta property=\"og:site_name\" content=\"Chemgramx\" \/>\n<meta property=\"article:modified_time\" content=\"2025-11-21T11:21:52+00:00\" \/>\n<meta property=\"og:image\" content=\"https:\/\/chemgramx.com\/wp-content\/uploads\/2025\/11\/methallylescaline-hydrochloride-chem-store-online.png\" \/>\n\t<meta property=\"og:image:width\" content=\"660\" \/>\n\t<meta property=\"og:image:height\" content=\"530\" \/>\n\t<meta property=\"og:image:type\" content=\"image\/png\" \/>\n<meta name=\"twitter:card\" content=\"summary_large_image\" \/>\n<meta name=\"twitter:label1\" content=\"Szacowany czas czytania\" \/>\n\t<meta name=\"twitter:data1\" content=\"5 minut\" \/>\n<script type=\"application\/ld+json\" class=\"yoast-schema-graph\">{\"@context\":\"https:\\\/\\\/schema.org\",\"@graph\":[{\"@type\":\"WebPage\",\"@id\":\"https:\\\/\\\/chemgramx.com\\\/product\\\/methallylescaline-hydrochloride-bestellung-online\\\/\",\"url\":\"https:\\\/\\\/chemgramx.com\\\/product\\\/methallylescaline-hydrochloride-bestellung-online\\\/\",\"name\":\"Methallylescaline HCl Kaufen | Research Chemical | Laborqualit\u00e4tChemgramx\",\"isPartOf\":{\"@id\":\"https:\\\/\\\/chemgramx.com\\\/#website\"},\"primaryImageOfPage\":{\"@id\":\"https:\\\/\\\/chemgramx.com\\\/product\\\/methallylescaline-hydrochloride-bestellung-online\\\/#primaryimage\"},\"image\":{\"@id\":\"https:\\\/\\\/chemgramx.com\\\/product\\\/methallylescaline-hydrochloride-bestellung-online\\\/#primaryimage\"},\"thumbnailUrl\":\"https:\\\/\\\/chemgramx.com\\\/wp-content\\\/uploads\\\/2025\\\/11\\\/methallylescaline-hydrochloride-chem-store-online.png\",\"datePublished\":\"2025-11-21T11:20:28+00:00\",\"dateModified\":\"2025-11-21T11:21:52+00:00\",\"description\":\"Methallylescaline Hydrochloride kaufen - Hochreine Forschungschemikalie f\u00fcr wissenschaftliche Zwecke. Laborgepr\u00fcfte Qualit\u00e4t, diskret &amp; sicher. Nur f\u00fcr Forschungszwecke.\",\"breadcrumb\":{\"@id\":\"https:\\\/\\\/chemgramx.com\\\/product\\\/methallylescaline-hydrochloride-bestellung-online\\\/#breadcrumb\"},\"inLanguage\":\"pl-PL\",\"potentialAction\":[{\"@type\":\"ReadAction\",\"target\":[\"https:\\\/\\\/chemgramx.com\\\/product\\\/methallylescaline-hydrochloride-bestellung-online\\\/\"]}]},{\"@type\":\"ImageObject\",\"inLanguage\":\"pl-PL\",\"@id\":\"https:\\\/\\\/chemgramx.com\\\/product\\\/methallylescaline-hydrochloride-bestellung-online\\\/#primaryimage\",\"url\":\"https:\\\/\\\/chemgramx.com\\\/wp-content\\\/uploads\\\/2025\\\/11\\\/methallylescaline-hydrochloride-chem-store-online.png\",\"contentUrl\":\"https:\\\/\\\/chemgramx.com\\\/wp-content\\\/uploads\\\/2025\\\/11\\\/methallylescaline-hydrochloride-chem-store-online.png\",\"width\":660,\"height\":530},{\"@type\":\"BreadcrumbList\",\"@id\":\"https:\\\/\\\/chemgramx.com\\\/product\\\/methallylescaline-hydrochloride-bestellung-online\\\/#breadcrumb\",\"itemListElement\":[{\"@type\":\"ListItem\",\"position\":1,\"name\":\"Home\",\"item\":\"https:\\\/\\\/chemgramx.com\\\/\"},{\"@type\":\"ListItem\",\"position\":2,\"name\":\"Shop\",\"item\":\"https:\\\/\\\/chemgramx.com\\\/shop\\\/\"},{\"@type\":\"ListItem\",\"position\":3,\"name\":\"Methallylescaline Hydrochloride Bestellung Online\"}]},{\"@type\":\"WebSite\",\"@id\":\"https:\\\/\\\/chemgramx.com\\\/#website\",\"url\":\"https:\\\/\\\/chemgramx.com\\\/\",\"name\":\"Chemgramx\",\"description\":\"\",\"publisher\":{\"@id\":\"https:\\\/\\\/chemgramx.com\\\/#organization\"},\"potentialAction\":[{\"@type\":\"SearchAction\",\"target\":{\"@type\":\"EntryPoint\",\"urlTemplate\":\"https:\\\/\\\/chemgramx.com\\\/?s={search_term_string}\"},\"query-input\":{\"@type\":\"PropertyValueSpecification\",\"valueRequired\":true,\"valueName\":\"search_term_string\"}}],\"inLanguage\":\"pl-PL\"},{\"@type\":\"Organization\",\"@id\":\"https:\\\/\\\/chemgramx.com\\\/#organization\",\"name\":\"Chemgramx\",\"url\":\"https:\\\/\\\/chemgramx.com\\\/\",\"logo\":{\"@type\":\"ImageObject\",\"inLanguage\":\"pl-PL\",\"@id\":\"https:\\\/\\\/chemgramx.com\\\/#\\\/schema\\\/logo\\\/image\\\/\",\"url\":\"https:\\\/\\\/chemgramx.com\\\/wp-content\\\/uploads\\\/2024\\\/10\\\/final-logo.png\",\"contentUrl\":\"https:\\\/\\\/chemgramx.com\\\/wp-content\\\/uploads\\\/2024\\\/10\\\/final-logo.png\",\"width\":250,\"height\":48,\"caption\":\"Chemgramx\"},\"image\":{\"@id\":\"https:\\\/\\\/chemgramx.com\\\/#\\\/schema\\\/logo\\\/image\\\/\"}}]}<\/script>\n<!-- \/ Yoast SEO plugin. -->","yoast_head_json":{"title":"Buy Methallylescaline HCl | Research Chemical | Lab QualityChemgramx","description":"Kup chlorowodorek metyloeskaliny - wysokiej czysto\u015bci substancja chemiczna do cel\u00f3w naukowych. Jako\u015b\u0107 testowana laboratoryjnie, dyskretna i bezpieczna. Wy\u0142\u0105cznie do u\u017cytku badawczego.","robots":{"index":"index","follow":"follow","max-snippet":"max-snippet:-1","max-image-preview":"max-image-preview:large","max-video-preview":"max-video-preview:-1"},"canonical":"https:\/\/chemgramx.com\/pl\/produkt-1\/chlorowodorek-metyloeskaliny-zamowienie-online\/","og_locale":"pl_PL","og_type":"article","og_title":"Methallylescaline HCl Kaufen | Research Chemical | Laborqualit\u00e4tChemgramx","og_description":"Methallylescaline Hydrochloride kaufen - Hochreine Forschungschemikalie f\u00fcr wissenschaftliche Zwecke. Laborgepr\u00fcfte Qualit\u00e4t, diskret &amp; sicher. Nur f\u00fcr Forschungszwecke.","og_url":"https:\/\/chemgramx.com\/pl\/produkt-1\/chlorowodorek-metyloeskaliny-zamowienie-online\/","og_site_name":"Chemgramx","article_modified_time":"2025-11-21T11:21:52+00:00","og_image":[{"width":660,"height":530,"url":"https:\/\/chemgramx.com\/wp-content\/uploads\/2025\/11\/methallylescaline-hydrochloride-chem-store-online.png","type":"image\/png"}],"twitter_card":"summary_large_image","twitter_misc":{"Szacowany czas czytania":"5 minut"},"schema":{"@context":"https:\/\/schema.org","@graph":[{"@type":"WebPage","@id":"https:\/\/chemgramx.com\/product\/methallylescaline-hydrochloride-bestellung-online\/","url":"https:\/\/chemgramx.com\/product\/methallylescaline-hydrochloride-bestellung-online\/","name":"Buy Methallylescaline HCl | Research Chemical | Lab QualityChemgramx","isPartOf":{"@id":"https:\/\/chemgramx.com\/#website"},"primaryImageOfPage":{"@id":"https:\/\/chemgramx.com\/product\/methallylescaline-hydrochloride-bestellung-online\/#primaryimage"},"image":{"@id":"https:\/\/chemgramx.com\/product\/methallylescaline-hydrochloride-bestellung-online\/#primaryimage"},"thumbnailUrl":"https:\/\/chemgramx.com\/wp-content\/uploads\/2025\/11\/methallylescaline-hydrochloride-chem-store-online.png","datePublished":"2025-11-21T11:20:28+00:00","dateModified":"2025-11-21T11:21:52+00:00","description":"Kup chlorowodorek metyloeskaliny - wysokiej czysto\u015bci substancja chemiczna do cel\u00f3w naukowych. Jako\u015b\u0107 testowana laboratoryjnie, dyskretna i bezpieczna. Wy\u0142\u0105cznie do u\u017cytku badawczego.","breadcrumb":{"@id":"https:\/\/chemgramx.com\/product\/methallylescaline-hydrochloride-bestellung-online\/#breadcrumb"},"inLanguage":"pl-PL","potentialAction":[{"@type":"ReadAction","target":["https:\/\/chemgramx.com\/product\/methallylescaline-hydrochloride-bestellung-online\/"]}]},{"@type":"ImageObject","inLanguage":"pl-PL","@id":"https:\/\/chemgramx.com\/product\/methallylescaline-hydrochloride-bestellung-online\/#primaryimage","url":"https:\/\/chemgramx.com\/wp-content\/uploads\/2025\/11\/methallylescaline-hydrochloride-chem-store-online.png","contentUrl":"https:\/\/chemgramx.com\/wp-content\/uploads\/2025\/11\/methallylescaline-hydrochloride-chem-store-online.png","width":660,"height":530},{"@type":"BreadcrumbList","@id":"https:\/\/chemgramx.com\/product\/methallylescaline-hydrochloride-bestellung-online\/#breadcrumb","itemListElement":[{"@type":"ListItem","position":1,"name":"Home","item":"https:\/\/chemgramx.com\/"},{"@type":"ListItem","position":2,"name":"Shop","item":"https:\/\/chemgramx.com\/shop\/"},{"@type":"ListItem","position":3,"name":"Methallylescaline Hydrochloride Bestellung Online"}]},{"@type":"WebSite","@id":"https:\/\/chemgramx.com\/#website","url":"https:\/\/chemgramx.com\/","name":"Chemgramx","description":"","publisher":{"@id":"https:\/\/chemgramx.com\/#organization"},"potentialAction":[{"@type":"SearchAction","target":{"@type":"EntryPoint","urlTemplate":"https:\/\/chemgramx.com\/?s={search_term_string}"},"query-input":{"@type":"PropertyValueSpecification","valueRequired":true,"valueName":"search_term_string"}}],"inLanguage":"pl-PL"},{"@type":"Organization","@id":"https:\/\/chemgramx.com\/#organization","name":"Chemgramx","url":"https:\/\/chemgramx.com\/","logo":{"@type":"ImageObject","inLanguage":"pl-PL","@id":"https:\/\/chemgramx.com\/#\/schema\/logo\/image\/","url":"https:\/\/chemgramx.com\/wp-content\/uploads\/2024\/10\/final-logo.png","contentUrl":"https:\/\/chemgramx.com\/wp-content\/uploads\/2024\/10\/final-logo.png","width":250,"height":48,"caption":"Chemgramx"},"image":{"@id":"https:\/\/chemgramx.com\/#\/schema\/logo\/image\/"}}]}},"_links":{"self":[{"href":"https:\/\/chemgramx.com\/pl\/wp-json\/wp\/v2\/product\/7735","targetHints":{"allow":["GET"]}}],"collection":[{"href":"https:\/\/chemgramx.com\/pl\/wp-json\/wp\/v2\/product"}],"about":[{"href":"https:\/\/chemgramx.com\/pl\/wp-json\/wp\/v2\/types\/product"}],"replies":[{"embeddable":true,"href":"https:\/\/chemgramx.com\/pl\/wp-json\/wp\/v2\/comments?post=7735"}],"wp:featuredmedia":[{"embeddable":true,"href":"https:\/\/chemgramx.com\/pl\/wp-json\/wp\/v2\/media\/7772"}],"wp:attachment":[{"href":"https:\/\/chemgramx.com\/pl\/wp-json\/wp\/v2\/media?parent=7735"}],"wp:term":[{"taxonomy":"product_brand","embeddable":true,"href":"https:\/\/chemgramx.com\/pl\/wp-json\/wp\/v2\/product_brand?post=7735"},{"taxonomy":"product_cat","embeddable":true,"href":"https:\/\/chemgramx.com\/pl\/wp-json\/wp\/v2\/product_cat?post=7735"},{"taxonomy":"product_tag","embeddable":true,"href":"https:\/\/chemgramx.com\/pl\/wp-json\/wp\/v2\/product_tag?post=7735"}],"curies":[{"name":"wp","href":"https:\/\/api.w.org\/{rel}","templated":true}]}}