{"id":7808,"date":"2025-11-21T11:21:55","date_gmt":"2025-11-21T11:21:55","guid":{"rendered":"https:\/\/chemgramx.com\/?post_type=product&#038;p=7808"},"modified":"2025-11-21T11:24:11","modified_gmt":"2025-11-21T11:24:11","slug":"kupic-suszone-grzyby-magiczne","status":"publish","type":"product","link":"https:\/\/chemgramx.com\/pl\/product\/getrocknete-magic-mushrooms-kaufen\/","title":{"rendered":"Kup suszone grzyby magiczne"},"content":{"rendered":"<p class=\"ds-markdown-paragraph\">Odkryj nasz wysokiej jako\u015bci wyb\u00f3r suszonych grzyb\u00f3w magicznych. Nasze grzyby zawieraj\u0105ce psylocybin\u0119 s\u0105 starannie zbierane i delikatnie suszone w niskich temperaturach, aby optymalnie zachowa\u0107 cenne sk\u0142adniki aktywne. Idealne do \u015bwiadomych do\u015bwiadcze\u0144, praktyki duchowej lub mikrodawkowania.<\/p>\n<h2 class=\"ds-markdown-paragraph\"><strong>Zalety wsp\u00f3\u0142pracy z nami<\/strong><\/h2>\n<ul>\n<li>\n<p class=\"ds-markdown-paragraph\"><strong>Delikatne suszenie:<\/strong>\u00a0W niskich temperaturach w celu zachowania sk\u0142adnik\u00f3w aktywnych<\/p>\n<\/li>\n<li>\n<p class=\"ds-markdown-paragraph\"><strong>Najwy\u017csza jako\u015b\u0107:<\/strong>\u00a0Starannie posortowane i oczyszczone<\/p>\n<\/li>\n<li>\n<p class=\"ds-markdown-paragraph\"><strong>R\u00f3\u017cne odmiany:<\/strong>\u00a0Odpowiednia r\u00f3\u017cnorodno\u015b\u0107 dla ka\u017cdego poziomu do\u015bwiadczenia<\/p>\n<\/li>\n<li>\n<p class=\"ds-markdown-paragraph\"><strong>Optymalny okres trwa\u0142o\u015bci:<\/strong>\u00a0Mo\u017ce by\u0107 przechowywany przez wiele miesi\u0119cy, je\u015bli jest prawid\u0142owo przechowywany<\/p>\n<\/li>\n<\/ul>\n<h2 class=\"ds-markdown-paragraph\"><strong>Nasze najpopularniejsze suszone odmiany<\/strong><\/h2>\n<h3 class=\"ds-markdown-paragraph\"><strong>Z\u0142oty nauczyciel (poziom podstawowy)<\/strong><\/h3>\n<ul>\n<li>\n<p class=\"ds-markdown-paragraph\">Delikatny, ale g\u0142\u0119boki efekt<\/p>\n<\/li>\n<li>\n<p class=\"ds-markdown-paragraph\">Idealny do pierwszych do\u015bwiadcze\u0144 psychodelicznych<\/p>\n<\/li>\n<li>\n<p class=\"ds-markdown-paragraph\">Szczeg\u00f3lnie nadaje si\u0119 do praktyki duchowej i medytacji<\/p>\n<\/li>\n<\/ul>\n<h3 class=\"ds-markdown-paragraph\"><strong>McKennaii (\u015bredni)<\/strong><\/h3>\n<ul>\n<li>\n<p class=\"ds-markdown-paragraph\">Intensywne efekty wizualne<\/p>\n<\/li>\n<li>\n<p class=\"ds-markdown-paragraph\">Zwi\u0119kszaj\u0105ca kreatywno\u015b\u0107 i dodaj\u0105ca energii<\/p>\n<\/li>\n<li>\n<p class=\"ds-markdown-paragraph\">Popularna odmiana dla do\u015bwiadczonych u\u017cytkownik\u00f3w<\/p>\n<\/li>\n<\/ul>\n<h3 class=\"ds-markdown-paragraph\"><strong>Penis Envy (Strong)<\/strong><\/h3>\n<ul>\n<li>\n<p class=\"ds-markdown-paragraph\">Bardzo silny wariant o silnym dzia\u0142aniu<\/p>\n<\/li>\n<li>\n<p class=\"ds-markdown-paragraph\">G\u0142\u0119bokie do\u015bwiadczenie poszerzaj\u0105ce umys\u0142<\/p>\n<\/li>\n<li>\n<p class=\"ds-markdown-paragraph\">Wy\u0142\u0105cznie dla bardzo do\u015bwiadczonych u\u017cytkownik\u00f3w<\/p>\n<\/li>\n<\/ul>\n<h2 class=\"ds-markdown-paragraph\"><strong>Dlaczego suszone grzyby magiczne?<\/strong><\/h2>\n<p class=\"ds-markdown-paragraph\">Suszone grzyby magiczne oferuj\u0105 liczne korzy\u015bci:<\/p>\n<ul>\n<li>\n<p class=\"ds-markdown-paragraph\"><strong>D\u0142ugi okres trwa\u0142o\u015bci:<\/strong>\u00a0Je\u015bli jest prawid\u0142owo przechowywany przez miesi\u0105ce<\/p>\n<\/li>\n<li>\n<p class=\"ds-markdown-paragraph\"><strong>Proste dozowanie:<\/strong>\u00a0Dok\u0142adna ilo\u015b\u0107 ze wzgl\u0119du na sta\u0142\u0105 wag\u0119<\/p>\n<\/li>\n<li>\n<p class=\"ds-markdown-paragraph\"><strong>Wszechstronne zastosowanie:<\/strong>\u00a0Do herbaty, kapsu\u0142ek lub w czystej postaci<\/p>\n<\/li>\n<li>\n<p class=\"ds-markdown-paragraph\"><strong>Oszcz\u0119dno\u015b\u0107 miejsca:<\/strong>\u00a0Znacznie mniejsza obj\u0119to\u015b\u0107 ni\u017c w przypadku \u015bwie\u017cych grzyb\u00f3w<\/p>\n<\/li>\n<\/ul>\n<h2 class=\"ds-markdown-paragraph\"><strong>Przechowywanie i okres trwa\u0142o\u015bci<\/strong><\/h2>\n<h3 class=\"ds-markdown-paragraph\"><strong>Optymalne warunki przechowywania:<\/strong><\/h3>\n<ul>\n<li>\n<p class=\"ds-markdown-paragraph\"><strong>Na sucho:<\/strong>\u00a0W hermetycznych pojemnikach, takich jak s\u0142oiki na przetwory<\/p>\n<\/li>\n<li>\n<p class=\"ds-markdown-paragraph\"><strong>Ciemny:<\/strong>\u00a0Przechowywa\u0107 z dala od \u015bwiat\u0142a<\/p>\n<\/li>\n<li>\n<p class=\"ds-markdown-paragraph\"><strong>Super:<\/strong>\u00a0Przechowywa\u0107 w temperaturze pokojowej lub ch\u0142odniejszej<\/p>\n<\/li>\n<li>\n<p class=\"ds-markdown-paragraph\"><strong>Trwa\u0142o\u015b\u0107:<\/strong>\u00a0Co najmniej 6-12 miesi\u0119cy przy prawid\u0142owym przechowywaniu<\/p>\n<\/li>\n<\/ul>\n<h2 class=\"ds-markdown-paragraph\"><strong>Zalecenia dotycz\u0105ce dawkowania<\/strong><\/h2>\n<h3 class=\"ds-markdown-paragraph\"><strong>Dla pocz\u0105tkuj\u0105cych:<\/strong><\/h3>\n<ul>\n<li>\n<p class=\"ds-markdown-paragraph\"><strong>\u0141atwe do\u015bwiadczenie:<\/strong>\u00a00,5 - 1,0 gram suszonych grzyb\u00f3w<\/p>\n<\/li>\n<li>\n<p class=\"ds-markdown-paragraph\"><strong>Standardowe do\u015bwiadczenie:<\/strong>\u00a01,0 - 2,0 gram suszonych grzyb\u00f3w<\/p>\n<\/li>\n<\/ul>\n<h3 class=\"ds-markdown-paragraph\"><strong>Dla do\u015bwiadczonych u\u017cytkownik\u00f3w:<\/strong><\/h3>\n<ul>\n<li>\n<p class=\"ds-markdown-paragraph\"><strong>Intensywne do\u015bwiadczenie:<\/strong>\u00a02,0 - 3,5 grama suszonych grzyb\u00f3w<\/p>\n<\/li>\n<li>\n<p class=\"ds-markdown-paragraph\"><strong>G\u0142\u0119bokie do\u015bwiadczenie:<\/strong>\u00a03,5 - 5,0 gram\u00f3w suszonych grzyb\u00f3w<\/p>\n<\/li>\n<\/ul>\n<p class=\"ds-markdown-paragraph\"><strong>Bezpiecze\u0144stwo i odpowiedzialna obs\u0142uga<\/strong><\/p>\n<h2 class=\"ds-markdown-paragraph\"><strong>Wa\u017cne podstawowe zasady:<\/strong><\/h2>\n<ul>\n<li>\n<p class=\"ds-markdown-paragraph\"><strong>Zestaw i ustawienia:<\/strong>\u00a0Tylko w pozytywnym nastroju i bezpiecznym \u015brodowisku<\/p>\n<\/li>\n<li>\n<p class=\"ds-markdown-paragraph\"><strong>Tripsitter:<\/strong>\u00a0Zawsze trze\u017awy, godny zaufania towarzysz<\/p>\n<\/li>\n<li>\n<p class=\"ds-markdown-paragraph\"><strong>Pierwsza dawka:<\/strong>\u00a0Zacznij od ma\u0142ych ilo\u015bci<\/p>\n<\/li>\n<li>\n<p class=\"ds-markdown-paragraph\"><strong>Wystarczaj\u0105cy czas:<\/strong>\u00a0Zaplanuj 6-8 godzin bez zobowi\u0105za\u0144<\/p>\n<\/li>\n<\/ul>\n<h2 class=\"ds-markdown-paragraph\"><strong>Prosty proces zamawiania<\/strong><\/h2>\n<ol start=\"1\">\n<li>\n<p class=\"ds-markdown-paragraph\"><strong>Wybierz odmian\u0119:<\/strong>\u00a0Wybierz swoj\u0105 ulubion\u0105 odmian\u0119 grzyb\u00f3w<\/p>\n<\/li>\n<li>\n<p class=\"ds-markdown-paragraph\"><strong>Ilo\u015b\u0107 w zestawie:<\/strong>\u00a0Opakowania 5 g, 10 g, 20 g lub 50 g<\/p>\n<\/li>\n<li>\n<p class=\"ds-markdown-paragraph\"><strong>P\u0142a\u0107 bezpiecznie:<\/strong>\u00a0R\u00f3\u017cne opcje dyskretnych p\u0142atno\u015bci<\/p>\n<\/li>\n<li>\n<p class=\"ds-markdown-paragraph\"><strong>Dyskretna dostawa:<\/strong>\u00a0Neutralne opakowanie z szybkim kurierem<\/p>\n<\/li>\n<\/ol>\n<h2 class=\"ds-markdown-paragraph\"><strong>Cz\u0119sto zadawane pytania (FAQ)<\/strong><\/h2>\n<p class=\"ds-markdown-paragraph\"><strong>P: Jaka jest r\u00f3\u017cnica mi\u0119dzy grzybami \u015bwie\u017cymi a suszonymi?<\/strong><br \/>\nO: Suszone grzyby s\u0105 oko\u0142o 10 razy silniejsze. 10 g \u015bwie\u017cych grzyb\u00f3w odpowiada ok. 1 g grzyb\u00f3w suszonych.<\/p>\n<p class=\"ds-markdown-paragraph\"><strong>P: Jak przygotowa\u0107 suszone grzyby?<\/strong><br \/>\nO: Mo\u017cna je spo\u017cywa\u0107 w czystej postaci, zaparza\u0107 jako herbat\u0119 lub umieszcza\u0107 w kapsu\u0142kach.<\/p>\n<p class=\"ds-markdown-paragraph\"><strong>P: Jak rozpozna\u0107 dobr\u0105 jako\u015b\u0107?<\/strong><br \/>\nO: Wysokiej jako\u015bci suszone grzyby s\u0105 kruche, ale nie suche i maj\u0105 jednolity kolor.<\/p>\n<p class=\"ds-markdown-paragraph\"><strong>P: Czy suszone grzyby mog\u0105 si\u0119 zepsu\u0107?<\/strong><br \/>\nO: Mog\u0105 sple\u015bnie\u0107, je\u015bli s\u0105 przechowywane nieprawid\u0142owo. Dlatego zawsze nale\u017cy przechowywa\u0107 je w suchym i szczelnym miejscu.<\/p>\n<p class=\"ds-markdown-paragraph\"><strong>P: Czy suszone grzyby s\u0105 silniejsze ni\u017c \u015bwie\u017ce?<\/strong><br \/>\nO: Nie, s\u0105 po prostu bardziej skoncentrowane. Ilo\u015b\u0107 aktywnego sk\u0142adnika pozostaje taka sama.<\/p>\n<p class=\"ds-markdown-paragraph\"><strong>Dlaczego klienci nam ufaj\u0105<\/strong><\/p>\n<ul>\n<li>\n<p class=\"ds-markdown-paragraph\"><strong>Lata do\u015bwiadczenia:<\/strong>\u00a0Ponad 5 lat w uprawie i dystrybucji<\/p>\n<\/li>\n<li>\n<p class=\"ds-markdown-paragraph\"><strong>Przejrzysta jako\u015b\u0107:<\/strong>\u00a0Regularny<a href=\"https:\/\/chemgramx.com\/product\/sweet-island-skunk-16-25-thc\/\"> Kontrola jako\u015bci<\/a><\/p>\n<\/li>\n<li>\n<p class=\"ds-markdown-paragraph\"><strong>Dyskretna obs\u0142uga:<\/strong>\u00a0Bezwzgl\u0119dna poufno\u015b\u0107<\/p>\n<\/li>\n<li>\n<p class=\"ds-markdown-paragraph\"><strong>Spersonalizowane porady:<\/strong>\u00a0Indywidualne wsparcie w przypadku pyta\u0144<\/p>\n<\/li>\n<\/ul>\n<h2 class=\"ds-markdown-paragraph\"><strong>Odkryj \u015bwiat suszonych grzyb\u00f3w magicznych ju\u017c dzi\u015b<\/strong><\/h2>\n<p class=\"ds-markdown-paragraph\">Nasze suszone magiczne grzyby oferuj\u0105 doskona\u0142\u0105 podstaw\u0119 do \u015bwiadomych do\u015bwiadcze\u0144 - czy to dla rozwoju duchowego, proces\u00f3w tw\u00f3rczych czy g\u0142\u0119bokiej samowiedzy.<\/p>","protected":false},"excerpt":{"rendered":"<p>Kup suszone grzyby magiczne - wysokiej jako\u015bci grzyby psilocybinowe, delikatnie suszone. R\u00f3\u017cne odmiany i ilo\u015bci. Zam\u00f3w dyskretnie i bezpiecznie!<\/p>","protected":false},"featured_media":7841,"comment_status":"open","ping_status":"closed","template":"","meta":{"_joinchat":[]},"product_brand":[],"product_cat":[3192],"product_tag":[2879,2958,2959,2873,2865,2960,2874,2875,2870,2926],"class_list":{"0":"post-7808","1":"product","2":"type-product","3":"status-publish","4":"has-post-thumbnail","6":"product_cat-ketamine","7":"product_tag-bewusstseinserweiternd","8":"product_tag-getrocknete-magic-mushrooms","9":"product_tag-getrocknete-pilze","10":"product_tag-magic-mushrooms-kaufen","11":"product_tag-mikrodosierung","12":"product_tag-pilz-tee","13":"product_tag-psilocybin-pilze","14":"product_tag-psychedelische-pilze","15":"product_tag-psychoaktiv","16":"product_tag-spirituelle-praxis","18":"first","19":"instock","20":"shipping-taxable","21":"purchasable","22":"product-type-variable"},"yoast_head":"<!-- This site is optimized with the Yoast SEO plugin v27.5 - https:\/\/yoast.com\/product\/yoast-seo-wordpress\/ -->\n<title>Getrocknete Magic Mushrooms Kaufen Chemgramx<\/title>\n<meta name=\"description\" content=\"Getrocknete Magic Mushrooms kaufen - hochwertige Psilocybin Pilze, schonend getrocknet. Verschiedene Sorten &amp; Mengen. Diskret &amp; sicher bestellen!\" \/>\n<meta name=\"robots\" content=\"index, follow, max-snippet:-1, max-image-preview:large, max-video-preview:-1\" \/>\n<link rel=\"canonical\" href=\"https:\/\/chemgramx.com\/pl\/produkt-1\/kupic-suszone-grzyby-magiczne\/\" \/>\n<meta property=\"og:locale\" content=\"pl_PL\" \/>\n<meta property=\"og:type\" content=\"article\" \/>\n<meta property=\"og:title\" content=\"Getrocknete Magic Mushrooms Kaufen Chemgramx\" \/>\n<meta property=\"og:description\" content=\"Getrocknete Magic Mushrooms kaufen - hochwertige Psilocybin Pilze, schonend getrocknet. Verschiedene Sorten &amp; Mengen. Diskret &amp; sicher bestellen!\" \/>\n<meta property=\"og:url\" content=\"https:\/\/chemgramx.com\/pl\/produkt-1\/kupic-suszone-grzyby-magiczne\/\" \/>\n<meta property=\"og:site_name\" content=\"Chemgramx\" \/>\n<meta property=\"article:modified_time\" content=\"2025-11-21T11:24:11+00:00\" \/>\n<meta property=\"og:image\" content=\"https:\/\/chemgramx.com\/wp-content\/uploads\/2025\/11\/dried-mushroom-buy-organic-gourmet-dried-mushrooms-online-medibo-1024x683.png\" \/>\n\t<meta property=\"og:image:width\" content=\"1024\" \/>\n\t<meta property=\"og:image:height\" content=\"683\" \/>\n\t<meta property=\"og:image:type\" content=\"image\/png\" \/>\n<meta name=\"twitter:card\" content=\"summary_large_image\" \/>\n<meta name=\"twitter:label1\" content=\"Szacowany czas czytania\" \/>\n\t<meta name=\"twitter:data1\" content=\"3 minuty\" \/>\n<script type=\"application\/ld+json\" class=\"yoast-schema-graph\">{\"@context\":\"https:\\\/\\\/schema.org\",\"@graph\":[{\"@type\":\"WebPage\",\"@id\":\"https:\\\/\\\/chemgramx.com\\\/product\\\/getrocknete-magic-mushrooms-kaufen\\\/\",\"url\":\"https:\\\/\\\/chemgramx.com\\\/product\\\/getrocknete-magic-mushrooms-kaufen\\\/\",\"name\":\"Getrocknete Magic Mushrooms Kaufen Chemgramx\",\"isPartOf\":{\"@id\":\"https:\\\/\\\/chemgramx.com\\\/#website\"},\"primaryImageOfPage\":{\"@id\":\"https:\\\/\\\/chemgramx.com\\\/product\\\/getrocknete-magic-mushrooms-kaufen\\\/#primaryimage\"},\"image\":{\"@id\":\"https:\\\/\\\/chemgramx.com\\\/product\\\/getrocknete-magic-mushrooms-kaufen\\\/#primaryimage\"},\"thumbnailUrl\":\"https:\\\/\\\/chemgramx.com\\\/wp-content\\\/uploads\\\/2025\\\/11\\\/dried-mushroom-buy-organic-gourmet-dried-mushrooms-online-medibo.png\",\"datePublished\":\"2025-11-21T11:21:55+00:00\",\"dateModified\":\"2025-11-21T11:24:11+00:00\",\"description\":\"Getrocknete Magic Mushrooms kaufen - hochwertige Psilocybin Pilze, schonend getrocknet. Verschiedene Sorten &amp; Mengen. Diskret &amp; sicher bestellen!\",\"breadcrumb\":{\"@id\":\"https:\\\/\\\/chemgramx.com\\\/product\\\/getrocknete-magic-mushrooms-kaufen\\\/#breadcrumb\"},\"inLanguage\":\"pl-PL\",\"potentialAction\":[{\"@type\":\"ReadAction\",\"target\":[\"https:\\\/\\\/chemgramx.com\\\/product\\\/getrocknete-magic-mushrooms-kaufen\\\/\"]}]},{\"@type\":\"ImageObject\",\"inLanguage\":\"pl-PL\",\"@id\":\"https:\\\/\\\/chemgramx.com\\\/product\\\/getrocknete-magic-mushrooms-kaufen\\\/#primaryimage\",\"url\":\"https:\\\/\\\/chemgramx.com\\\/wp-content\\\/uploads\\\/2025\\\/11\\\/dried-mushroom-buy-organic-gourmet-dried-mushrooms-online-medibo.png\",\"contentUrl\":\"https:\\\/\\\/chemgramx.com\\\/wp-content\\\/uploads\\\/2025\\\/11\\\/dried-mushroom-buy-organic-gourmet-dried-mushrooms-online-medibo.png\",\"width\":1536,\"height\":1024},{\"@type\":\"BreadcrumbList\",\"@id\":\"https:\\\/\\\/chemgramx.com\\\/product\\\/getrocknete-magic-mushrooms-kaufen\\\/#breadcrumb\",\"itemListElement\":[{\"@type\":\"ListItem\",\"position\":1,\"name\":\"Home\",\"item\":\"https:\\\/\\\/chemgramx.com\\\/\"},{\"@type\":\"ListItem\",\"position\":2,\"name\":\"Shop\",\"item\":\"https:\\\/\\\/chemgramx.com\\\/shop\\\/\"},{\"@type\":\"ListItem\",\"position\":3,\"name\":\"Getrocknete Magic Mushrooms kaufen\"}]},{\"@type\":\"WebSite\",\"@id\":\"https:\\\/\\\/chemgramx.com\\\/#website\",\"url\":\"https:\\\/\\\/chemgramx.com\\\/\",\"name\":\"Chemgramx\",\"description\":\"\",\"publisher\":{\"@id\":\"https:\\\/\\\/chemgramx.com\\\/#organization\"},\"potentialAction\":[{\"@type\":\"SearchAction\",\"target\":{\"@type\":\"EntryPoint\",\"urlTemplate\":\"https:\\\/\\\/chemgramx.com\\\/?s={search_term_string}\"},\"query-input\":{\"@type\":\"PropertyValueSpecification\",\"valueRequired\":true,\"valueName\":\"search_term_string\"}}],\"inLanguage\":\"pl-PL\"},{\"@type\":\"Organization\",\"@id\":\"https:\\\/\\\/chemgramx.com\\\/#organization\",\"name\":\"Chemgramx\",\"url\":\"https:\\\/\\\/chemgramx.com\\\/\",\"logo\":{\"@type\":\"ImageObject\",\"inLanguage\":\"pl-PL\",\"@id\":\"https:\\\/\\\/chemgramx.com\\\/#\\\/schema\\\/logo\\\/image\\\/\",\"url\":\"https:\\\/\\\/chemgramx.com\\\/wp-content\\\/uploads\\\/2024\\\/10\\\/final-logo.png\",\"contentUrl\":\"https:\\\/\\\/chemgramx.com\\\/wp-content\\\/uploads\\\/2024\\\/10\\\/final-logo.png\",\"width\":250,\"height\":48,\"caption\":\"Chemgramx\"},\"image\":{\"@id\":\"https:\\\/\\\/chemgramx.com\\\/#\\\/schema\\\/logo\\\/image\\\/\"}}]}<\/script>\n<!-- \/ Yoast SEO plugin. -->","yoast_head_json":{"title":"Kup suszone grzyby magiczne Chemgramx","description":"Getrocknete Magic Mushrooms kaufen - hochwertige Psilocybin Pilze, schonend getrocknet. Verschiedene Sorten &amp; Mengen. Diskret &amp; sicher bestellen!","robots":{"index":"index","follow":"follow","max-snippet":"max-snippet:-1","max-image-preview":"max-image-preview:large","max-video-preview":"max-video-preview:-1"},"canonical":"https:\/\/chemgramx.com\/pl\/produkt-1\/kupic-suszone-grzyby-magiczne\/","og_locale":"pl_PL","og_type":"article","og_title":"Getrocknete Magic Mushrooms Kaufen Chemgramx","og_description":"Getrocknete Magic Mushrooms kaufen - hochwertige Psilocybin Pilze, schonend getrocknet. Verschiedene Sorten &amp; Mengen. Diskret &amp; sicher bestellen!","og_url":"https:\/\/chemgramx.com\/pl\/produkt-1\/kupic-suszone-grzyby-magiczne\/","og_site_name":"Chemgramx","article_modified_time":"2025-11-21T11:24:11+00:00","og_image":[{"width":1024,"height":683,"url":"https:\/\/chemgramx.com\/wp-content\/uploads\/2025\/11\/dried-mushroom-buy-organic-gourmet-dried-mushrooms-online-medibo-1024x683.png","type":"image\/png"}],"twitter_card":"summary_large_image","twitter_misc":{"Szacowany czas czytania":"3 minuty"},"schema":{"@context":"https:\/\/schema.org","@graph":[{"@type":"WebPage","@id":"https:\/\/chemgramx.com\/product\/getrocknete-magic-mushrooms-kaufen\/","url":"https:\/\/chemgramx.com\/product\/getrocknete-magic-mushrooms-kaufen\/","name":"Kup suszone grzyby magiczne Chemgramx","isPartOf":{"@id":"https:\/\/chemgramx.com\/#website"},"primaryImageOfPage":{"@id":"https:\/\/chemgramx.com\/product\/getrocknete-magic-mushrooms-kaufen\/#primaryimage"},"image":{"@id":"https:\/\/chemgramx.com\/product\/getrocknete-magic-mushrooms-kaufen\/#primaryimage"},"thumbnailUrl":"https:\/\/chemgramx.com\/wp-content\/uploads\/2025\/11\/dried-mushroom-buy-organic-gourmet-dried-mushrooms-online-medibo.png","datePublished":"2025-11-21T11:21:55+00:00","dateModified":"2025-11-21T11:24:11+00:00","description":"Getrocknete Magic Mushrooms kaufen - hochwertige Psilocybin Pilze, schonend getrocknet. Verschiedene Sorten &amp; Mengen. Diskret &amp; sicher bestellen!","breadcrumb":{"@id":"https:\/\/chemgramx.com\/product\/getrocknete-magic-mushrooms-kaufen\/#breadcrumb"},"inLanguage":"pl-PL","potentialAction":[{"@type":"ReadAction","target":["https:\/\/chemgramx.com\/product\/getrocknete-magic-mushrooms-kaufen\/"]}]},{"@type":"ImageObject","inLanguage":"pl-PL","@id":"https:\/\/chemgramx.com\/product\/getrocknete-magic-mushrooms-kaufen\/#primaryimage","url":"https:\/\/chemgramx.com\/wp-content\/uploads\/2025\/11\/dried-mushroom-buy-organic-gourmet-dried-mushrooms-online-medibo.png","contentUrl":"https:\/\/chemgramx.com\/wp-content\/uploads\/2025\/11\/dried-mushroom-buy-organic-gourmet-dried-mushrooms-online-medibo.png","width":1536,"height":1024},{"@type":"BreadcrumbList","@id":"https:\/\/chemgramx.com\/product\/getrocknete-magic-mushrooms-kaufen\/#breadcrumb","itemListElement":[{"@type":"ListItem","position":1,"name":"Home","item":"https:\/\/chemgramx.com\/"},{"@type":"ListItem","position":2,"name":"Shop","item":"https:\/\/chemgramx.com\/shop\/"},{"@type":"ListItem","position":3,"name":"Getrocknete Magic Mushrooms kaufen"}]},{"@type":"WebSite","@id":"https:\/\/chemgramx.com\/#website","url":"https:\/\/chemgramx.com\/","name":"Chemgramx","description":"","publisher":{"@id":"https:\/\/chemgramx.com\/#organization"},"potentialAction":[{"@type":"SearchAction","target":{"@type":"EntryPoint","urlTemplate":"https:\/\/chemgramx.com\/?s={search_term_string}"},"query-input":{"@type":"PropertyValueSpecification","valueRequired":true,"valueName":"search_term_string"}}],"inLanguage":"pl-PL"},{"@type":"Organization","@id":"https:\/\/chemgramx.com\/#organization","name":"Chemgramx","url":"https:\/\/chemgramx.com\/","logo":{"@type":"ImageObject","inLanguage":"pl-PL","@id":"https:\/\/chemgramx.com\/#\/schema\/logo\/image\/","url":"https:\/\/chemgramx.com\/wp-content\/uploads\/2024\/10\/final-logo.png","contentUrl":"https:\/\/chemgramx.com\/wp-content\/uploads\/2024\/10\/final-logo.png","width":250,"height":48,"caption":"Chemgramx"},"image":{"@id":"https:\/\/chemgramx.com\/#\/schema\/logo\/image\/"}}]}},"_links":{"self":[{"href":"https:\/\/chemgramx.com\/pl\/wp-json\/wp\/v2\/product\/7808","targetHints":{"allow":["GET"]}}],"collection":[{"href":"https:\/\/chemgramx.com\/pl\/wp-json\/wp\/v2\/product"}],"about":[{"href":"https:\/\/chemgramx.com\/pl\/wp-json\/wp\/v2\/types\/product"}],"replies":[{"embeddable":true,"href":"https:\/\/chemgramx.com\/pl\/wp-json\/wp\/v2\/comments?post=7808"}],"wp:featuredmedia":[{"embeddable":true,"href":"https:\/\/chemgramx.com\/pl\/wp-json\/wp\/v2\/media\/7841"}],"wp:attachment":[{"href":"https:\/\/chemgramx.com\/pl\/wp-json\/wp\/v2\/media?parent=7808"}],"wp:term":[{"taxonomy":"product_brand","embeddable":true,"href":"https:\/\/chemgramx.com\/pl\/wp-json\/wp\/v2\/product_brand?post=7808"},{"taxonomy":"product_cat","embeddable":true,"href":"https:\/\/chemgramx.com\/pl\/wp-json\/wp\/v2\/product_cat?post=7808"},{"taxonomy":"product_tag","embeddable":true,"href":"https:\/\/chemgramx.com\/pl\/wp-json\/wp\/v2\/product_tag?post=7808"}],"curies":[{"name":"wp","href":"https:\/\/api.w.org\/{rel}","templated":true}]}}