{"id":7811,"date":"2025-11-21T11:21:56","date_gmt":"2025-11-21T11:21:56","guid":{"rendered":"https:\/\/chemgramx.com\/?post_type=product&#038;p=7811"},"modified":"2025-11-21T14:26:38","modified_gmt":"2025-11-21T14:26:38","slug":"kup-zlote-grzyby-mamutowe","status":"publish","type":"product","link":"https:\/\/chemgramx.com\/pl\/product\/golden-mammoth-mushrooms-kaufen\/","title":{"rendered":"Kup grzyby Golden Mammoth"},"content":{"rendered":"<p>As <b>\u201eZ\u0142ote grzyby mamutowe\u201c<\/b> Znana odmiana jest wariantem <b>Grzyb zawieraj\u0105cy psilocybin\u0119<\/b>. Botanicy zazwyczaj klasyfikuj\u0105 ten gatunek jako typ <i>Psilocybe cubensis<\/i> do. Ze wzgl\u0119du na ich charakterystyk\u0119 <b>z\u0142oto\u017c\u00f3\u0142te kapsle<\/b> i jeden <b>zr\u00f3wnowa\u017cona, sta\u0142a moc<\/b> znany w kr\u0119gach naukowych. <b>Jednak\u017ce<\/b> jest <b>o najwy\u017cszym znaczeniu<\/b>, aby wyja\u015bni\u0107 ten kontekst: W Niemczech i wielu innych krajach grzyby zawieraj\u0105ce psylocybin\u0119 podlegaj\u0105 <b>Ustawa o \u015brodkach odurzaj\u0105cych (BtMG)<\/b>. <b>Konkretnie oznacza to<\/b>, \u017ce nabycie, posiadanie lub handel <b>nielegalny<\/b> i b\u0119dzie \u015bcigany na mocy prawa karnego. <b>Dlatego<\/b> ta szczeg\u00f3\u0142owa analiza s\u0142u\u017cy <b>wy\u0142\u0105cznie do cel\u00f3w naukowych, botanicznych i informacyjnych<\/b> i nie stanowi zaproszenia do zakupu ani rekomendacji do konsumpcji.<\/p>\n<h3><b>Podstawy chemiczne i botaniczne odmiany<\/b><\/h3>\n<p>R\u00f3\u017cnorodno\u015b\u0107 <b>Z\u0142oty mamut<\/b> jest wy\u015bwietlany w <b>Mikologia<\/b> (nauka o grzybach) ze wzgl\u0119du na ich <b>solidne w\u0142a\u015bciwo\u015bci uprawowe<\/b> i ich <b><a href=\"\/product\/1d-lsd-225mcg-pellets-kaufen\/\">niezawodny<\/a> St\u0119\u017cenie psilocybiny<\/b> oszacowano. <b>To<\/b> sprawia, \u017ce jest to stabilny model w badaniach.<\/p>\n<h4><b>Psychoaktywne alkaloidy indolowe<\/b><\/h4>\n<p>Dzia\u0142anie psychoaktywne opiera si\u0119 na dw\u00f3ch pochodnych tryptaminy: <b>Psilocybina<\/b> oraz <b>Psylocyna<\/b>. Psilocybina jest stosunkowo stabiln\u0105 substancj\u0105, kt\u00f3ra naturalnie wyst\u0119puje w grzybach. <b>Pochodna estru kwasu fosforowego<\/b>. <b>Dlatego<\/b> Jest to kszta\u0142t, kt\u00f3ry lepiej zachowuje integralno\u015b\u0107 chemiczn\u0105 podczas przechowywania.<\/p>\n<p><b>Natomiast<\/b> jest <b>Psylocyna<\/b> w <b>Zwi\u0105zek aktywny biologicznie<\/b>. Po spo\u017cyciu psylocybina jest szybko defosforylowana w organizmie przez enzymy i przekszta\u0142cana w aktywn\u0105 psylocyn\u0119. <b>Poniewa\u017c Psilocin<\/b> (4-hydroksy-N,N-dimetylotryptamina) w\u0142asny neuroprzeka\u017anik organizmu <b>Serotonina<\/b> (5-HT), mo\u017ce sta\u0107 si\u0119 aktywna w o\u015brodkowym uk\u0142adzie nerwowym. Struktura chemiczna i podobie\u0144stwo molekularne do serotoniny s\u0105 g\u0142\u00f3wnymi powodami zainteresowania neurofarmakologicznego t\u0105 klas\u0105 substancji.<\/p>\n<h4><b>Potencja\u0142 i odtwarzalno\u015b\u0107<\/b><\/h4>\n<p>W analizie naukowej <b>Sp\u00f3jno\u015b\u0107 si\u0142y dzia\u0142ania<\/b> decyduj\u0105cy. R\u00f3\u017cnorodno\u015b\u0107 <b>Z\u0142oty mamut<\/b> charakteryzuje si\u0119 <b>R\u00f3wnomierne rozprowadzanie sk\u0142adnik\u00f3w aktywnych<\/b> w r\u00f3\u017cnych partiach. <b>Te<\/b> <b>Sp\u00f3jno\u015b\u0107 partii<\/b> ma zasadnicze znaczenie dla <b>Powtarzalno\u015b\u0107<\/b> wynik\u00f3w bada\u0144, zw\u0142aszcza w zakresie dawkowania i analiz por\u00f3wnawczych. <b>W rzeczywisto\u015bci<\/b> \u015brednie st\u0119\u017cenie psilocybiny w <i>Psilocybe cubensis<\/i> zazwyczaj mi\u0119dzy 0,5 % a 1,0 % suchej masy.<\/p>\n<h3><b>Farmakologia i \u201e\u0142agodna krzywa dzia\u0142ania\u201c<\/b><\/h3>\n<p>Psychiczny efekt psylocyny wynika z jej specyficznej interakcji z m\u00f3zgiem.<\/p>\n<h4><b>Mechanizm dzia\u0142ania\u00a0<\/b><\/h4>\n<p>Podstawowym mechanizmem dzia\u0142ania jest <b>cz\u0119\u015bciowy agonizm<\/b> na <b>Receptor serotoniny 2A <\/b>. Receptory te s\u0105 silnie skoncentrowane w obszarach korowych, zw\u0142aszcza w korze przedczo\u0142owej. <b>W konsekwencji<\/b> aktywacja prowadzi do <b>zwi\u0119kszona pobudliwo\u015b\u0107 neuron\u00f3w<\/b> i g\u0142\u0119boki <b>Dezorganizacja sieci trybu domy\u015blnego (DMN)<\/b>, kt\u00f3ry jest odpowiedzialny za poczucie w\u0142asnego \"ja\" i postrzeganie siebie.<\/p>\n<h4><b>Farmakokinetyka i czas dzia\u0142ania<\/b><\/h4>\n<p>Opisane <b>\u201e\u0142agodna krzywa efektu\u201c<\/b> mo\u017cna wyja\u015bni\u0107 farmakokinetycznie. <b>Pierwszy<\/b> psylocybina musi zosta\u0107 wch\u0142oni\u0119ta, a nast\u0119pnie przekszta\u0142cona w psylocyn\u0119. <b>To<\/b> Proces wyja\u015bnia <b>stopniowy start<\/b> efektu, kt\u00f3ry zwykle wyst\u0119puje 30 do 60 minut po spo\u017cyciu. Ca\u0142kowity czas dzia\u0142ania <b>Z\u0142oty mamut<\/b> wynosi od 4 do 6 godzin, co jest warto\u015bci\u0105 <b>Okres p\u00f3\u0142trwania psylocyny<\/b> odpowiada. The <b>Sta\u0142a jako\u015b\u0107<\/b> odmiany predestynuje j\u0105 r\u00f3wnie\u017c do stosowania w <b>Protoko\u0142y mikrodawkowania<\/b>, gdzie precyzyjne, podprogowe dawkowanie jest wymagane do bada\u0144 nad popraw\u0105 funkcji poznawczych.<\/p>\n<h3><b>Zale\u017cno\u015b\u0107 dawka-odpowied\u017a i niezb\u0119dne \u015brodki ostro\u017cno\u015bci<\/b><\/h3>\n<p>Zale\u017cno\u015b\u0107 dawka-odpowied\u017a ma kluczowe znaczenie dla bada\u0144 naukowych i toksykologicznych. <b>Ma to kluczowe znaczenie<\/b>, aby pozna\u0107 potencjalne skutki w odniesieniu do suchej masy:<\/p>\n<ul>\n<li><b>Lekkie dawki (1,0-1,5 g):<\/b> W badaniach dawka ta jest uwa\u017cana za <b>Minimalna dawka<\/b> u\u017cywany. Prowadzi to do lekkich efekt\u00f3w introspekcyjnych i poprawiaj\u0105cych nastr\u00f3j.<\/li>\n<li><b>Standardowe dawki (1,5 - 2,5 g):<\/b> <b>Te<\/b> Dawka odpowiada <b>umiarkowana dawka terapeutyczna<\/b> w obecnych protoko\u0142ach bada\u0144 klinicznych. Nale\u017cy spodziewa\u0107 si\u0119 wyra\u017anych efekt\u00f3w psychologicznych.<\/li>\n<li><b>Wysokie dawki (2,5 - 5,0 g):<\/b> <b>Takie<\/b> Ilo\u015bci prowadz\u0105 do <b>g\u0142\u0119bokie do\u015bwiadczenie<\/b> (por\u00f3wnywalna z dawk\u0105 mistyczn\u0105). <b>Ze wzgl\u0119du na<\/b> wysokiej intensywno\u015bci s\u0105 tutaj <b>\u015acis\u0142e \u015brodki bezpiecze\u0144stwa<\/b> niezb\u0119dny.<\/li>\n<\/ul>\n<p><b>Z perspektywy etycznej i naukowej<\/b> Obowi\u0105zuj\u0105 \u015bcis\u0142e zasady post\u0119powania z substancjami potencjalnie psychoaktywnymi. <b>Podstawowe zasady<\/b> nale\u017cy przestrzega\u0107. <b>Obejmuje to<\/b> zabezpieczenie <b>\u201eSet &amp; Setting\u201c<\/b> (\u015brodowisko psychologiczne i fizyczne), a tak\u017ce obecno\u015b\u0107 <b>Podr\u00f3\u017cnicy<\/b> (trze\u017awa, godna zaufania osoba towarzysz\u0105ca).<\/p>\n<h3><b>Zgodno\u015b\u0107 z prawem i etyk\u0105 - nielegalny charakter<\/b><\/h3>\n<p><b>Podsumowanie<\/b> sytuacja prawna musi by\u0107 jasno wyja\u015bniona:<\/p>\n<ul>\n<li><b>Klasyfikacja BtMG:<\/b> <b>Psylocybina i psylocyna<\/b> s\u0105 w Niemczech w <b>Za\u0142\u0105cznik I do ustawy o \u015brodkach odurzaj\u0105cych<\/b> wymienione. <b>Maj\u0105 one zastosowanie<\/b> jako narkotyki nieprzeznaczone do obrotu.<\/li>\n<li><b>Odpowiedzialno\u015b\u0107 karna:<\/b> <b>Dlatego<\/b> jest <b>Nabycie, posiadanie, produkcja lub handel<\/b> ze z\u0142otymi grzybami mamutowymi <b>nielegalny<\/b> i b\u0119dzie \u015bcigany.<\/li>\n<li><b>Edykt:<\/b> <b>Wszystkie<\/b> Dostarczone informacje, w tym tabele dawkowania i opisy dzia\u0142ania, maj\u0105 na celu <b>czysto naukowe, edukacyjne i toksykologiczne cele informacyjne<\/b>. <b>Ty<\/b> miejsce <b>Brak zalece\u0144, instrukcji lub \u017c\u0105da\u0144<\/b> za nielegaln\u0105 konsumpcj\u0119 lub nielegalne u\u017cytkowanie.<\/li>\n<\/ul>","protected":false},"excerpt":{"rendered":"<p>Kup Golden Mammoth Mushrooms - dobrze znan\u0105 odmian\u0119 psilocybiny ze z\u0142otymi kapslami. Delikatny, ale g\u0142\u0119boki efekt idealny dla pocz\u0105tkuj\u0105cych i do\u015bwiadczonych u\u017cytkownik\u00f3w. \u015awie\u017co zebrane i dostarczane dyskretnie.<\/p>","protected":false},"featured_media":7846,"comment_status":"open","ping_status":"closed","template":"","meta":{"_joinchat":[]},"product_brand":[],"product_cat":[3192,53],"product_tag":[2879,2925,2924,2900,2865,2881,2874,2875,2927,2926],"class_list":{"0":"post-7811","1":"product","2":"type-product","3":"status-publish","4":"has-post-thumbnail","6":"product_cat-ketamine","7":"product_cat-dissociatives","8":"product_tag-bewusstseinserweiternd","9":"product_tag-einsteiger-psychedelika","10":"product_tag-golden-mammoth-mushrooms","11":"product_tag-magic-mushrooms","12":"product_tag-mikrodosierung","13":"product_tag-pilze-online-kaufen","14":"product_tag-psilocybin-pilze","15":"product_tag-psychedelische-pilze","16":"product_tag-sanfte-wirkung","17":"product_tag-spirituelle-praxis","19":"first","20":"instock","21":"shipping-taxable","22":"purchasable","23":"product-type-variable"},"yoast_head":"<!-- This site is optimized with the Yoast SEO plugin v27.5 - https:\/\/yoast.com\/product\/yoast-seo-wordpress\/ -->\n<title>Golden Mammoth Mushrooms Kaufen | Premium Psilocybin Chemgramx<\/title>\n<meta name=\"description\" content=\"Golden Mammoth Mushrooms kaufen - beliebte Psilocybin Sorte f\u00fcr spirituelle Erfahrungen. Frisch &amp; diskret. Laborgepr\u00fcfte Qualit\u00e4t. Jetzt entdecken!\" \/>\n<meta name=\"robots\" content=\"index, follow, max-snippet:-1, max-image-preview:large, max-video-preview:-1\" \/>\n<link rel=\"canonical\" href=\"https:\/\/chemgramx.com\/pl\/produkt-1\/kup-zlote-grzyby-mamutowe\/\" \/>\n<meta property=\"og:locale\" content=\"pl_PL\" \/>\n<meta property=\"og:type\" content=\"article\" \/>\n<meta property=\"og:title\" content=\"Golden Mammoth Mushrooms Kaufen | Premium Psilocybin Chemgramx\" \/>\n<meta property=\"og:description\" content=\"Golden Mammoth Mushrooms kaufen - beliebte Psilocybin Sorte f\u00fcr spirituelle Erfahrungen. Frisch &amp; diskret. Laborgepr\u00fcfte Qualit\u00e4t. Jetzt entdecken!\" \/>\n<meta property=\"og:url\" content=\"https:\/\/chemgramx.com\/pl\/produkt-1\/kup-zlote-grzyby-mamutowe\/\" \/>\n<meta property=\"og:site_name\" content=\"Chemgramx\" \/>\n<meta property=\"article:modified_time\" content=\"2025-11-21T14:26:38+00:00\" \/>\n<meta property=\"og:image\" content=\"https:\/\/chemgramx.com\/wp-content\/uploads\/2025\/11\/buy-golden-mammoth-mushrooms-online-premium-golden-mammoth-magic-mushrooms.webp\" \/>\n\t<meta property=\"og:image:width\" content=\"768\" \/>\n\t<meta property=\"og:image:height\" content=\"1152\" \/>\n\t<meta property=\"og:image:type\" content=\"image\/webp\" \/>\n<meta name=\"twitter:card\" content=\"summary_large_image\" \/>\n<meta name=\"twitter:label1\" content=\"Szacowany czas czytania\" \/>\n\t<meta name=\"twitter:data1\" content=\"4 minuty\" \/>\n<script type=\"application\/ld+json\" class=\"yoast-schema-graph\">{\"@context\":\"https:\\\/\\\/schema.org\",\"@graph\":[{\"@type\":\"WebPage\",\"@id\":\"https:\\\/\\\/chemgramx.com\\\/product\\\/golden-mammoth-mushrooms-kaufen\\\/\",\"url\":\"https:\\\/\\\/chemgramx.com\\\/product\\\/golden-mammoth-mushrooms-kaufen\\\/\",\"name\":\"Golden Mammoth Mushrooms Kaufen | Premium Psilocybin Chemgramx\",\"isPartOf\":{\"@id\":\"https:\\\/\\\/chemgramx.com\\\/#website\"},\"primaryImageOfPage\":{\"@id\":\"https:\\\/\\\/chemgramx.com\\\/product\\\/golden-mammoth-mushrooms-kaufen\\\/#primaryimage\"},\"image\":{\"@id\":\"https:\\\/\\\/chemgramx.com\\\/product\\\/golden-mammoth-mushrooms-kaufen\\\/#primaryimage\"},\"thumbnailUrl\":\"https:\\\/\\\/chemgramx.com\\\/wp-content\\\/uploads\\\/2025\\\/11\\\/buy-golden-mammoth-mushrooms-online-premium-golden-mammoth-magic-mushrooms.webp\",\"datePublished\":\"2025-11-21T11:21:56+00:00\",\"dateModified\":\"2025-11-21T14:26:38+00:00\",\"description\":\"Golden Mammoth Mushrooms kaufen - beliebte Psilocybin Sorte f\u00fcr spirituelle Erfahrungen. Frisch &amp; diskret. Laborgepr\u00fcfte Qualit\u00e4t. Jetzt entdecken!\",\"breadcrumb\":{\"@id\":\"https:\\\/\\\/chemgramx.com\\\/product\\\/golden-mammoth-mushrooms-kaufen\\\/#breadcrumb\"},\"inLanguage\":\"pl-PL\",\"potentialAction\":[{\"@type\":\"ReadAction\",\"target\":[\"https:\\\/\\\/chemgramx.com\\\/product\\\/golden-mammoth-mushrooms-kaufen\\\/\"]}]},{\"@type\":\"ImageObject\",\"inLanguage\":\"pl-PL\",\"@id\":\"https:\\\/\\\/chemgramx.com\\\/product\\\/golden-mammoth-mushrooms-kaufen\\\/#primaryimage\",\"url\":\"https:\\\/\\\/chemgramx.com\\\/wp-content\\\/uploads\\\/2025\\\/11\\\/buy-golden-mammoth-mushrooms-online-premium-golden-mammoth-magic-mushrooms.webp\",\"contentUrl\":\"https:\\\/\\\/chemgramx.com\\\/wp-content\\\/uploads\\\/2025\\\/11\\\/buy-golden-mammoth-mushrooms-online-premium-golden-mammoth-magic-mushrooms.webp\",\"width\":768,\"height\":1152},{\"@type\":\"BreadcrumbList\",\"@id\":\"https:\\\/\\\/chemgramx.com\\\/product\\\/golden-mammoth-mushrooms-kaufen\\\/#breadcrumb\",\"itemListElement\":[{\"@type\":\"ListItem\",\"position\":1,\"name\":\"Home\",\"item\":\"https:\\\/\\\/chemgramx.com\\\/\"},{\"@type\":\"ListItem\",\"position\":2,\"name\":\"Shop\",\"item\":\"https:\\\/\\\/chemgramx.com\\\/shop\\\/\"},{\"@type\":\"ListItem\",\"position\":3,\"name\":\"Golden Mammoth Mushrooms Kaufen\"}]},{\"@type\":\"WebSite\",\"@id\":\"https:\\\/\\\/chemgramx.com\\\/#website\",\"url\":\"https:\\\/\\\/chemgramx.com\\\/\",\"name\":\"Chemgramx\",\"description\":\"\",\"publisher\":{\"@id\":\"https:\\\/\\\/chemgramx.com\\\/#organization\"},\"potentialAction\":[{\"@type\":\"SearchAction\",\"target\":{\"@type\":\"EntryPoint\",\"urlTemplate\":\"https:\\\/\\\/chemgramx.com\\\/?s={search_term_string}\"},\"query-input\":{\"@type\":\"PropertyValueSpecification\",\"valueRequired\":true,\"valueName\":\"search_term_string\"}}],\"inLanguage\":\"pl-PL\"},{\"@type\":\"Organization\",\"@id\":\"https:\\\/\\\/chemgramx.com\\\/#organization\",\"name\":\"Chemgramx\",\"url\":\"https:\\\/\\\/chemgramx.com\\\/\",\"logo\":{\"@type\":\"ImageObject\",\"inLanguage\":\"pl-PL\",\"@id\":\"https:\\\/\\\/chemgramx.com\\\/#\\\/schema\\\/logo\\\/image\\\/\",\"url\":\"https:\\\/\\\/chemgramx.com\\\/wp-content\\\/uploads\\\/2024\\\/10\\\/final-logo.png\",\"contentUrl\":\"https:\\\/\\\/chemgramx.com\\\/wp-content\\\/uploads\\\/2024\\\/10\\\/final-logo.png\",\"width\":250,\"height\":48,\"caption\":\"Chemgramx\"},\"image\":{\"@id\":\"https:\\\/\\\/chemgramx.com\\\/#\\\/schema\\\/logo\\\/image\\\/\"}}]}<\/script>\n<!-- \/ Yoast SEO plugin. -->","yoast_head_json":{"title":"Kup Golden Mammoth Mushrooms | Premium Psilocybin Chemgramx","description":"Golden Mammoth Mushrooms kaufen - beliebte Psilocybin Sorte f\u00fcr spirituelle Erfahrungen. Frisch &amp; diskret. Laborgepr\u00fcfte Qualit\u00e4t. Jetzt entdecken!","robots":{"index":"index","follow":"follow","max-snippet":"max-snippet:-1","max-image-preview":"max-image-preview:large","max-video-preview":"max-video-preview:-1"},"canonical":"https:\/\/chemgramx.com\/pl\/produkt-1\/kup-zlote-grzyby-mamutowe\/","og_locale":"pl_PL","og_type":"article","og_title":"Golden Mammoth Mushrooms Kaufen | Premium Psilocybin Chemgramx","og_description":"Golden Mammoth Mushrooms kaufen - beliebte Psilocybin Sorte f\u00fcr spirituelle Erfahrungen. Frisch &amp; diskret. Laborgepr\u00fcfte Qualit\u00e4t. Jetzt entdecken!","og_url":"https:\/\/chemgramx.com\/pl\/produkt-1\/kup-zlote-grzyby-mamutowe\/","og_site_name":"Chemgramx","article_modified_time":"2025-11-21T14:26:38+00:00","og_image":[{"width":768,"height":1152,"url":"https:\/\/chemgramx.com\/wp-content\/uploads\/2025\/11\/buy-golden-mammoth-mushrooms-online-premium-golden-mammoth-magic-mushrooms.webp","type":"image\/webp"}],"twitter_card":"summary_large_image","twitter_misc":{"Szacowany czas czytania":"4 minuty"},"schema":{"@context":"https:\/\/schema.org","@graph":[{"@type":"WebPage","@id":"https:\/\/chemgramx.com\/product\/golden-mammoth-mushrooms-kaufen\/","url":"https:\/\/chemgramx.com\/product\/golden-mammoth-mushrooms-kaufen\/","name":"Kup Golden Mammoth Mushrooms | Premium Psilocybin Chemgramx","isPartOf":{"@id":"https:\/\/chemgramx.com\/#website"},"primaryImageOfPage":{"@id":"https:\/\/chemgramx.com\/product\/golden-mammoth-mushrooms-kaufen\/#primaryimage"},"image":{"@id":"https:\/\/chemgramx.com\/product\/golden-mammoth-mushrooms-kaufen\/#primaryimage"},"thumbnailUrl":"https:\/\/chemgramx.com\/wp-content\/uploads\/2025\/11\/buy-golden-mammoth-mushrooms-online-premium-golden-mammoth-magic-mushrooms.webp","datePublished":"2025-11-21T11:21:56+00:00","dateModified":"2025-11-21T14:26:38+00:00","description":"Golden Mammoth Mushrooms kaufen - beliebte Psilocybin Sorte f\u00fcr spirituelle Erfahrungen. Frisch &amp; diskret. Laborgepr\u00fcfte Qualit\u00e4t. Jetzt entdecken!","breadcrumb":{"@id":"https:\/\/chemgramx.com\/product\/golden-mammoth-mushrooms-kaufen\/#breadcrumb"},"inLanguage":"pl-PL","potentialAction":[{"@type":"ReadAction","target":["https:\/\/chemgramx.com\/product\/golden-mammoth-mushrooms-kaufen\/"]}]},{"@type":"ImageObject","inLanguage":"pl-PL","@id":"https:\/\/chemgramx.com\/product\/golden-mammoth-mushrooms-kaufen\/#primaryimage","url":"https:\/\/chemgramx.com\/wp-content\/uploads\/2025\/11\/buy-golden-mammoth-mushrooms-online-premium-golden-mammoth-magic-mushrooms.webp","contentUrl":"https:\/\/chemgramx.com\/wp-content\/uploads\/2025\/11\/buy-golden-mammoth-mushrooms-online-premium-golden-mammoth-magic-mushrooms.webp","width":768,"height":1152},{"@type":"BreadcrumbList","@id":"https:\/\/chemgramx.com\/product\/golden-mammoth-mushrooms-kaufen\/#breadcrumb","itemListElement":[{"@type":"ListItem","position":1,"name":"Home","item":"https:\/\/chemgramx.com\/"},{"@type":"ListItem","position":2,"name":"Shop","item":"https:\/\/chemgramx.com\/shop\/"},{"@type":"ListItem","position":3,"name":"Golden Mammoth Mushrooms Kaufen"}]},{"@type":"WebSite","@id":"https:\/\/chemgramx.com\/#website","url":"https:\/\/chemgramx.com\/","name":"Chemgramx","description":"","publisher":{"@id":"https:\/\/chemgramx.com\/#organization"},"potentialAction":[{"@type":"SearchAction","target":{"@type":"EntryPoint","urlTemplate":"https:\/\/chemgramx.com\/?s={search_term_string}"},"query-input":{"@type":"PropertyValueSpecification","valueRequired":true,"valueName":"search_term_string"}}],"inLanguage":"pl-PL"},{"@type":"Organization","@id":"https:\/\/chemgramx.com\/#organization","name":"Chemgramx","url":"https:\/\/chemgramx.com\/","logo":{"@type":"ImageObject","inLanguage":"pl-PL","@id":"https:\/\/chemgramx.com\/#\/schema\/logo\/image\/","url":"https:\/\/chemgramx.com\/wp-content\/uploads\/2024\/10\/final-logo.png","contentUrl":"https:\/\/chemgramx.com\/wp-content\/uploads\/2024\/10\/final-logo.png","width":250,"height":48,"caption":"Chemgramx"},"image":{"@id":"https:\/\/chemgramx.com\/#\/schema\/logo\/image\/"}}]}},"_links":{"self":[{"href":"https:\/\/chemgramx.com\/pl\/wp-json\/wp\/v2\/product\/7811","targetHints":{"allow":["GET"]}}],"collection":[{"href":"https:\/\/chemgramx.com\/pl\/wp-json\/wp\/v2\/product"}],"about":[{"href":"https:\/\/chemgramx.com\/pl\/wp-json\/wp\/v2\/types\/product"}],"replies":[{"embeddable":true,"href":"https:\/\/chemgramx.com\/pl\/wp-json\/wp\/v2\/comments?post=7811"}],"wp:featuredmedia":[{"embeddable":true,"href":"https:\/\/chemgramx.com\/pl\/wp-json\/wp\/v2\/media\/7846"}],"wp:attachment":[{"href":"https:\/\/chemgramx.com\/pl\/wp-json\/wp\/v2\/media?parent=7811"}],"wp:term":[{"taxonomy":"product_brand","embeddable":true,"href":"https:\/\/chemgramx.com\/pl\/wp-json\/wp\/v2\/product_brand?post=7811"},{"taxonomy":"product_cat","embeddable":true,"href":"https:\/\/chemgramx.com\/pl\/wp-json\/wp\/v2\/product_cat?post=7811"},{"taxonomy":"product_tag","embeddable":true,"href":"https:\/\/chemgramx.com\/pl\/wp-json\/wp\/v2\/product_tag?post=7811"}],"curies":[{"name":"wp","href":"https:\/\/api.w.org\/{rel}","templated":true}]}}