{"id":7812,"date":"2025-11-21T11:21:56","date_gmt":"2025-11-21T11:21:56","guid":{"rendered":"https:\/\/chemgramx.com\/?post_type=product&#038;p=7812"},"modified":"2025-11-21T11:24:11","modified_gmt":"2025-11-21T11:24:11","slug":"kupic-ketamine-hcl","status":"publish","type":"product","link":"https:\/\/chemgramx.com\/pl\/product\/ketamine-hcl-kaufen\/","title":{"rendered":"Kup ketamin\u0119 HCL"},"content":{"rendered":"<p>Dostarczanie wysoce oczyszczonych, gotowych do u\u017cycia substancji ma zasadnicze znaczenie dla powtarzalno\u015bci nowoczesnych bada\u0144 neuronaukowych. Nasze <b>Ketamina HCL<\/b>-sformu\u0142owanie jako <b>Sterylny p\u0142ynny roztw\u00f3r<\/b> jest przeznaczony wy\u0142\u0105cznie dla wykwalifikowanych <b>Badania naukowe<\/b> w \u015bci\u015ble kontrolowanych warunkach laboratoryjnych. St\u0119\u017cenia <span class=\"math-inline\" data-math=\"mathbf{50 , mg\/ml}\">50 mg\/ml <\/span>oraz <span class=\"math-inline\" data-math=\"mathbf{100 , mg\/ml}\">100 mg\/ml<\/span>\u00a0wyeliminowa\u0107 istotne \u017ar\u00f3d\u0142a b\u0142\u0119d\u00f3w w dawkowaniu i zapewni\u0107 sp\u00f3jno\u015b\u0107 we wszystkich seriach test\u00f3w. Bior\u0105c pod uwag\u0119 klasyfikacj\u0119 ketaminy jako <b>Narkotyki<\/b>, Pozyskiwanie i obs\u0142uga takich produkt\u00f3w podlega najsurowszym protoko\u0142om prawnym i etycznym, kt\u00f3rych przestrzeganie jest obowi\u0105zkowe dla ka\u017cdej organizacji badawczej.<\/p>\n<h2>Struktura chemiczna i znaczenie ciek\u0142ego roztworu<\/h2>\n<p>Zrozumienie podstaw chemicznych i zalet p\u0142ynnej postaci dawkowania ma kluczowe znaczenie dla precyzyjnych test\u00f3w farmakologicznych i kom\u00f3rkowych.<\/p>\n<h3>Posta\u0107 chlorowodorku i struktura ketaminy<\/h3>\n<p>Ketamina jest <b>cz\u0105steczka chiralna<\/b> i jest cz\u0119sto stosowany jako racemat (mieszanina R- i S-enancjomer\u00f3w), chocia\u017c w badaniach czasami enancjomerycznie czysty <b>Forma S (esketamina)<\/b> jest preferowany. Zawiera <b>Grupa cykloheksanowa<\/b> oraz <b>Grupa aminowa<\/b>, kt\u00f3re s\u0105 odpowiedzialne za jego aktywno\u015b\u0107 farmakologiczn\u0105. The <b>S\u00f3l HCL<\/b>-forma (chlorowodorek) jest <b>S\u00f3l rozpuszczalna w wodzie<\/b>, kt\u00f3ry jest przeznaczony do przygotowywania roztwor\u00f3w. Jest to niezb\u0119dne do precyzyjnego dozowania w ciek\u0142ych systemach badawczych, poniewa\u017c umo\u017cliwia \u0142atwe dodawanie do po\u017cywek do hodowli kom\u00f3rkowych lub bufor\u00f3w fizjologicznych.<\/p>\n<h3>Zalety sterylnego roztworu cieczy do bada\u0144 precyzyjnych<\/h3>\n<p>Preparat w postaci sterylnego p\u0142ynnego roztworu oferuje znaczne korzy\u015bci w por\u00f3wnaniu z proszkiem, szczeg\u00f3lnie w badaniach przedklinicznych i kom\u00f3rkowych, gdzie nale\u017cy unika\u0107 zanieczyszczenia:<\/p>\n<ul>\n<li><b>Sterylno\u015b\u0107:<\/b> Rozwi\u0105zanie jest produkowane w warunkach czystego pomieszczenia <b>Wielokrotnie filtrowane <\/b>. Gwarantuje to <b>Sterylno\u015b\u0107<\/b> i <b>Brak pirogen\u00f3w<\/b>. Oznacza to, \u017ce roztw\u00f3r mo\u017ce by\u0107 stosowany bezpo\u015brednio w modelach kom\u00f3rkowych lub zwierz\u0119cych bez ryzyka zanieczyszczenia krzy\u017cowego lub niepo\u017c\u0105danych reakcji zapalnych.<\/li>\n<li><b>Precyzja:<\/b> The <b>gotowe do u\u017cycia st\u0119\u017cenia<\/b> <span class=\"math-inline\" data-math=\"mathbf{50 , mg\/ml}\">{50 mg\/ml}<\/span> oraz <span class=\"math-inline\" data-math=\"mathbf{100 , mg\/ml}\">{100mg\/ml}<\/span>\u00a0eliminuje \u017ar\u00f3d\u0142a b\u0142\u0119d\u00f3w podczas r\u0119cznego wa\u017cenia i rozpuszczania proszku. Zapewnia to <b>Sp\u00f3jno\u015b\u0107 dawkowania<\/b> we wszystkich pr\u00f3bach i optymalizuje <a href=\"\/product\/5-meo-dalt-freebase-kaufen\/\"><b>Powtarzalno\u015b\u0107<\/b><\/a>.<\/li>\n<li><b>Rozpuszczalnik:<\/b> Jako rozpuszczalnik stosowany jest \u015brodek o wysokiej czysto\u015bci, <b>Woda wolna od pirogen\u00f3w<\/b>. Ponadto <span class=\"math-inline\" data-math=\"mathbf{pH-Wert}\">{warto\u015b\u0107 pH}<\/span>\u00a0fizjologicznie zoptymalizowany, co zwi\u0119ksza stabilno\u015b\u0107 preparatu i poprawia kompatybilno\u015b\u0107 kom\u00f3rek.<\/li>\n<\/ul>\n<h2>Mechanizm dzia\u0142ania i znaczenie dla bada\u0144 naukowych<\/h2>\n<p>Ketamina znana jest przede wszystkim ze swojego unikalnego i szybkiego mechanizmu dzia\u0142ania, co czyni j\u0105 g\u0142\u00f3wnym obiektem bada\u0144 w neurobiologii.<\/p>\n<h3>Antagonizm receptora NMDA<\/h3>\n<p>Ketamina dzia\u0142a jak <b>niekonkurencyjny antagonista<\/b> na <b>Receptor NMDA<\/b> <span class=\"math-inline\" data-math=\"text{N-Methyl-D-Aspartat-Rezeptor}\">{Receptor N-metylo-D-asparaginianu}<\/span>. Blokuje on kana\u0142 jonowy receptora, kt\u00f3ry jest jonotropowym receptorem glutaminianu. Ta blokada prowadzi do <b>Zmniejszenie pobudzaj\u0105cej transmisji synaptycznej<\/b> w o\u015brodkowym uk\u0142adzie nerwowym. Ta specyficzna interakcja jest kamieniem w\u0119gielnym dla bada\u0144 neuronaukowych, w kt\u00f3rych rola uk\u0142adu nerwowego jest kluczowa. <b>System glutaminianu<\/b> w procesach uczenia si\u0119, plastyczno\u015bci synaptycznej, neurodegeneracji i zaburzeniach afektywnych.<\/p>\n<h3>Naukowe obszary zastosowa\u0144<\/h3>\n<p>Sterylny roztw\u00f3r ketaminy jest stosowany w r\u00f3\u017cnych wysoce wyspecjalizowanych dziedzinach bada\u0144:<\/p>\n<ul>\n<li><b>Badania psychiatryczne:<\/b> Ketamina ma ogromny potencja\u0142 badawczy w dziedzinie <b>Depresja i badania terapeutyczne<\/b>. S\u0142u\u017cy jako model do <b>Szybki pocz\u0105tek dzia\u0142ania przeciwdepresyjnego<\/b> i le\u017c\u0105ce u ich podstaw mechanizmy molekularne (np. naprawa synaptyczna, zwi\u0119kszona neuroplastyczno\u015b\u0107).<\/li>\n<li><b>Badania nad b\u00f3lem:<\/b> W <b>Analgezja<\/b> Ketamina jest badana w celu zrozumienia mechanizm\u00f3w dzia\u0142ania przeciwb\u00f3lowego, w szczeg\u00f3lno\u015bci w <b>B\u00f3l przewlek\u0142y i neuropatyczny<\/b>. Nacisk k\u0142adziony jest na blokowanie centralnych szlak\u00f3w uczuleniowych.<\/li>\n<li><b>Analizy biochemiczne:<\/b> Sterylny roztw\u00f3r jest u\u017cywany do precyzyjnego <b>Badania wi\u0105zania receptor\u00f3w<\/b> s\u0142u\u017cy do okre\u015blenia powinowactwa do innych receptor\u00f3w monoaminowych lub bia\u0142ek transportowych.<\/li>\n<li><b>Modele przedkliniczne:<\/b> Sterylny roztw\u00f3r do wstrzykiwa\u0144 jest niezb\u0119dny do bada\u0144 in vivo na modelach zwierz\u0119cych (zgodnie ze standardami etycznymi i regulacyjnymi).<\/li>\n<\/ul>\n<h2>Zapewnienie jako\u015bci, bezpiecze\u0144stwo laboratoryjne i ramy regulacyjne<\/h2>\n<p>Obs\u0142uga <b>Ketamina HCL<\/b> podlega nast\u0119puj\u0105cym ograniczeniom ze wzgl\u0119du na klasyfikacj\u0119 jako narkotyk (<b>Przepisy NarcA<\/b>) podlega najsurowszym kontrolom i wymaga pe\u0142nej dokumentacji.<\/p>\n<h3>Zapewnienie jako\u015bci i dokumentacja<\/h3>\n<ul>\n<li><b>Stopie\u0144 czysto\u015bci:<\/b> Czysto\u015b\u0107 sk\u0142adnika aktywnego <span class=\"math-inline\" data-math=\"mathbf{ge 99%}\">\u00a099%<\/span>\u00a0charakteryzuje si\u0119 <b>Analiza HPLC<\/b> potwierdzone. Ka\u017cda partia jest w pe\u0142ni udokumentowana i identyfikowalna.<\/li>\n<li><b>Gwarancja sterylno\u015bci:<\/b> Filtracja i produkcja w warunkach czystego pomieszczenia gwarantuj\u0105 sterylno\u015b\u0107 i brak pirogen\u00f3w. Dokumenty te s\u0105 przeznaczone dla <b>Raportowanie zgodne z GLP<\/b> absolutnie konieczne.<\/li>\n<\/ul>\n<h3>Bezpiecze\u0144stwo i zgodno\u015b\u0107 z prawem<\/h3>\n<p>Ketamina jest uznawana w Niemczech i wielu innych krajach jako <b>Narkotyki<\/b> skategoryzowane. Wymaga to \u015bcis\u0142ego przestrzegania prawa:<\/p>\n<ul>\n<li><b>Wy\u0142\u0105cznie do cel\u00f3w badawczych:<\/b> Produkt jest \u015bci\u015ble <b>nie do spo\u017cycia przez ludzi<\/b> lub do cel\u00f3w nieanalitycznych, klinicznych.<\/li>\n<li><b>Wymagania dotycz\u0105ce zam\u00f3wienia:<\/b> Zakup dotyczy wy\u0142\u0105cznie <b>udokumentowane instytucje badawcze<\/b> (uniwersytety, firmy farmaceutyczne) z oficjalnym dowodem i <b>Opis projektu badawczego<\/b> mo\u017cliwe. Dostawy na adresy prywatne s\u0105 wykluczone.<\/li>\n<li><b>Bezpiecze\u0144stwo w laboratorium:<\/b> Praca musi <b>wy\u0142\u0105cznie przez wykwalifikowany personel<\/b> pod jednym <b>Dygestorium chemiczne<\/b> i w sterylnej odzie\u017cy ochronnej. Utylizacj\u0119 nale\u017cy przeprowadzi\u0107 zgodnie z obowi\u0105zuj\u0105cymi wytycznymi dotycz\u0105cymi <b>Narkotyki<\/b> mie\u0107 miejsce.<\/li>\n<\/ul>\n<p>Podsumowuj\u0105c, sterylne roztwory ketaminy HCL stanowi\u0105 idealn\u0105 podstaw\u0119 do wiarygodnych i powtarzalnych bada\u0144 w neurobiologii i psychiatrii, ale tylko pod nast\u0119puj\u0105cymi warunkami <b>\u015acis\u0142a zgodno\u015b\u0107 z ramami regulacyjnymi<\/b>.<\/p>","protected":false},"excerpt":{"rendered":"<p>Kup p\u0142ynn\u0105 ketamin\u0119 w sterylnym roztworze. Czysty chlorowodorek ketaminy 99%, wielokrotnie filtrowany i przeznaczony do cel\u00f3w badawczych. Jako\u015b\u0107 testowana laboratoryjnie z pe\u0142n\u0105 dokumentacj\u0105 analityczn\u0105.<\/p>","protected":false},"featured_media":7847,"comment_status":"open","ping_status":"closed","template":"","meta":{"_joinchat":[]},"product_brand":[],"product_cat":[3192],"product_tag":[2912,2907,2923,2918,2922,2910,2920,2906,2921,2919],"class_list":{"0":"post-7812","1":"product","2":"type-product","3":"status-publish","4":"has-post-thumbnail","6":"product_cat-ketamine","7":"product_tag-analgetika-forschung","8":"product_tag-forschungschemikalie","9":"product_tag-hplc-geprueft","10":"product_tag-ketamine-liquid","11":"product_tag-laborloesung","12":"product_tag-neurologische-forschung","13":"product_tag-nmda-rezeptor-studien","14":"product_tag-pharmazeutische-qualitaet","15":"product_tag-psychiatrische-forschung","16":"product_tag-sterile-ketaminloesung","18":"first","19":"instock","20":"shipping-taxable","21":"purchasable","22":"product-type-variable"},"yoast_head":"<!-- This site is optimized with the Yoast SEO plugin v27.5 - https:\/\/yoast.com\/product\/yoast-seo-wordpress\/ -->\n<title>Ketamine Liquid Kaufen | Sterile L\u00f6sung | 99% Reinheit Chemgramx<\/title>\n<meta name=\"description\" content=\"Ketamine Liquid kaufen - sterile, mehrfach gefilterte L\u00f6sung. 99% Reinheit, laborgepr\u00fcft f\u00fcr Forschungszwecke. Pharmazeutische Qualit\u00e4t &amp; diskret.\" \/>\n<meta name=\"robots\" content=\"index, follow, max-snippet:-1, max-image-preview:large, max-video-preview:-1\" \/>\n<link rel=\"canonical\" href=\"https:\/\/chemgramx.com\/pl\/produkt-1\/kupic-ketamine-hcl\/\" \/>\n<meta property=\"og:locale\" content=\"pl_PL\" \/>\n<meta property=\"og:type\" content=\"article\" \/>\n<meta property=\"og:title\" content=\"Ketamine Liquid Kaufen | Sterile L\u00f6sung | 99% Reinheit Chemgramx\" \/>\n<meta property=\"og:description\" content=\"Ketamine Liquid kaufen - sterile, mehrfach gefilterte L\u00f6sung. 99% Reinheit, laborgepr\u00fcft f\u00fcr Forschungszwecke. Pharmazeutische Qualit\u00e4t &amp; diskret.\" \/>\n<meta property=\"og:url\" content=\"https:\/\/chemgramx.com\/pl\/produkt-1\/kupic-ketamine-hcl\/\" \/>\n<meta property=\"og:site_name\" content=\"Chemgramx\" \/>\n<meta property=\"article:modified_time\" content=\"2025-11-21T11:24:11+00:00\" \/>\n<meta property=\"og:image\" content=\"https:\/\/chemgramx.com\/wp-content\/uploads\/2025\/11\/buy-ketamine-liquid-online-order-999-pure-ketamine-for-sale-medibo.jpg\" \/>\n\t<meta property=\"og:image:width\" content=\"1200\" \/>\n\t<meta property=\"og:image:height\" content=\"675\" \/>\n\t<meta property=\"og:image:type\" content=\"image\/jpeg\" \/>\n<meta name=\"twitter:card\" content=\"summary_large_image\" \/>\n<meta name=\"twitter:label1\" content=\"Szacowany czas czytania\" \/>\n\t<meta name=\"twitter:data1\" content=\"4 minuty\" \/>\n<script type=\"application\/ld+json\" class=\"yoast-schema-graph\">{\"@context\":\"https:\\\/\\\/schema.org\",\"@graph\":[{\"@type\":\"WebPage\",\"@id\":\"https:\\\/\\\/chemgramx.com\\\/product\\\/ketamine-hcl-kaufen\\\/\",\"url\":\"https:\\\/\\\/chemgramx.com\\\/product\\\/ketamine-hcl-kaufen\\\/\",\"name\":\"Ketamine Liquid Kaufen | Sterile L\u00f6sung | 99% Reinheit Chemgramx\",\"isPartOf\":{\"@id\":\"https:\\\/\\\/chemgramx.com\\\/#website\"},\"primaryImageOfPage\":{\"@id\":\"https:\\\/\\\/chemgramx.com\\\/product\\\/ketamine-hcl-kaufen\\\/#primaryimage\"},\"image\":{\"@id\":\"https:\\\/\\\/chemgramx.com\\\/product\\\/ketamine-hcl-kaufen\\\/#primaryimage\"},\"thumbnailUrl\":\"https:\\\/\\\/chemgramx.com\\\/wp-content\\\/uploads\\\/2025\\\/11\\\/buy-ketamine-liquid-online-order-999-pure-ketamine-for-sale-medibo.jpg\",\"datePublished\":\"2025-11-21T11:21:56+00:00\",\"dateModified\":\"2025-11-21T11:24:11+00:00\",\"description\":\"Ketamine Liquid kaufen - sterile, mehrfach gefilterte L\u00f6sung. 99% Reinheit, laborgepr\u00fcft f\u00fcr Forschungszwecke. Pharmazeutische Qualit\u00e4t &amp; diskret.\",\"breadcrumb\":{\"@id\":\"https:\\\/\\\/chemgramx.com\\\/product\\\/ketamine-hcl-kaufen\\\/#breadcrumb\"},\"inLanguage\":\"pl-PL\",\"potentialAction\":[{\"@type\":\"ReadAction\",\"target\":[\"https:\\\/\\\/chemgramx.com\\\/product\\\/ketamine-hcl-kaufen\\\/\"]}]},{\"@type\":\"ImageObject\",\"inLanguage\":\"pl-PL\",\"@id\":\"https:\\\/\\\/chemgramx.com\\\/product\\\/ketamine-hcl-kaufen\\\/#primaryimage\",\"url\":\"https:\\\/\\\/chemgramx.com\\\/wp-content\\\/uploads\\\/2025\\\/11\\\/buy-ketamine-liquid-online-order-999-pure-ketamine-for-sale-medibo.jpg\",\"contentUrl\":\"https:\\\/\\\/chemgramx.com\\\/wp-content\\\/uploads\\\/2025\\\/11\\\/buy-ketamine-liquid-online-order-999-pure-ketamine-for-sale-medibo.jpg\",\"width\":1200,\"height\":675},{\"@type\":\"BreadcrumbList\",\"@id\":\"https:\\\/\\\/chemgramx.com\\\/product\\\/ketamine-hcl-kaufen\\\/#breadcrumb\",\"itemListElement\":[{\"@type\":\"ListItem\",\"position\":1,\"name\":\"Home\",\"item\":\"https:\\\/\\\/chemgramx.com\\\/\"},{\"@type\":\"ListItem\",\"position\":2,\"name\":\"Shop\",\"item\":\"https:\\\/\\\/chemgramx.com\\\/shop\\\/\"},{\"@type\":\"ListItem\",\"position\":3,\"name\":\"Ketamine HCL Kaufen\"}]},{\"@type\":\"WebSite\",\"@id\":\"https:\\\/\\\/chemgramx.com\\\/#website\",\"url\":\"https:\\\/\\\/chemgramx.com\\\/\",\"name\":\"Chemgramx\",\"description\":\"\",\"publisher\":{\"@id\":\"https:\\\/\\\/chemgramx.com\\\/#organization\"},\"potentialAction\":[{\"@type\":\"SearchAction\",\"target\":{\"@type\":\"EntryPoint\",\"urlTemplate\":\"https:\\\/\\\/chemgramx.com\\\/?s={search_term_string}\"},\"query-input\":{\"@type\":\"PropertyValueSpecification\",\"valueRequired\":true,\"valueName\":\"search_term_string\"}}],\"inLanguage\":\"pl-PL\"},{\"@type\":\"Organization\",\"@id\":\"https:\\\/\\\/chemgramx.com\\\/#organization\",\"name\":\"Chemgramx\",\"url\":\"https:\\\/\\\/chemgramx.com\\\/\",\"logo\":{\"@type\":\"ImageObject\",\"inLanguage\":\"pl-PL\",\"@id\":\"https:\\\/\\\/chemgramx.com\\\/#\\\/schema\\\/logo\\\/image\\\/\",\"url\":\"https:\\\/\\\/chemgramx.com\\\/wp-content\\\/uploads\\\/2024\\\/10\\\/final-logo.png\",\"contentUrl\":\"https:\\\/\\\/chemgramx.com\\\/wp-content\\\/uploads\\\/2024\\\/10\\\/final-logo.png\",\"width\":250,\"height\":48,\"caption\":\"Chemgramx\"},\"image\":{\"@id\":\"https:\\\/\\\/chemgramx.com\\\/#\\\/schema\\\/logo\\\/image\\\/\"}}]}<\/script>\n<!-- \/ Yoast SEO plugin. -->","yoast_head_json":{"title":"Kup p\u0142ynn\u0105 ketamin\u0119 | Sterylny roztw\u00f3r | 99% Czysto\u015b\u0107 Chemgramx","description":"Ketamine Liquid kaufen - sterile, mehrfach gefilterte L\u00f6sung. 99% Reinheit, laborgepr\u00fcft f\u00fcr Forschungszwecke. Pharmazeutische Qualit\u00e4t &amp; diskret.","robots":{"index":"index","follow":"follow","max-snippet":"max-snippet:-1","max-image-preview":"max-image-preview:large","max-video-preview":"max-video-preview:-1"},"canonical":"https:\/\/chemgramx.com\/pl\/produkt-1\/kupic-ketamine-hcl\/","og_locale":"pl_PL","og_type":"article","og_title":"Ketamine Liquid Kaufen | Sterile L\u00f6sung | 99% Reinheit Chemgramx","og_description":"Ketamine Liquid kaufen - sterile, mehrfach gefilterte L\u00f6sung. 99% Reinheit, laborgepr\u00fcft f\u00fcr Forschungszwecke. Pharmazeutische Qualit\u00e4t &amp; diskret.","og_url":"https:\/\/chemgramx.com\/pl\/produkt-1\/kupic-ketamine-hcl\/","og_site_name":"Chemgramx","article_modified_time":"2025-11-21T11:24:11+00:00","og_image":[{"width":1200,"height":675,"url":"https:\/\/chemgramx.com\/wp-content\/uploads\/2025\/11\/buy-ketamine-liquid-online-order-999-pure-ketamine-for-sale-medibo.jpg","type":"image\/jpeg"}],"twitter_card":"summary_large_image","twitter_misc":{"Szacowany czas czytania":"4 minuty"},"schema":{"@context":"https:\/\/schema.org","@graph":[{"@type":"WebPage","@id":"https:\/\/chemgramx.com\/product\/ketamine-hcl-kaufen\/","url":"https:\/\/chemgramx.com\/product\/ketamine-hcl-kaufen\/","name":"Kup p\u0142ynn\u0105 ketamin\u0119 | Sterylny roztw\u00f3r | 99% Czysto\u015b\u0107 Chemgramx","isPartOf":{"@id":"https:\/\/chemgramx.com\/#website"},"primaryImageOfPage":{"@id":"https:\/\/chemgramx.com\/product\/ketamine-hcl-kaufen\/#primaryimage"},"image":{"@id":"https:\/\/chemgramx.com\/product\/ketamine-hcl-kaufen\/#primaryimage"},"thumbnailUrl":"https:\/\/chemgramx.com\/wp-content\/uploads\/2025\/11\/buy-ketamine-liquid-online-order-999-pure-ketamine-for-sale-medibo.jpg","datePublished":"2025-11-21T11:21:56+00:00","dateModified":"2025-11-21T11:24:11+00:00","description":"Ketamine Liquid kaufen - sterile, mehrfach gefilterte L\u00f6sung. 99% Reinheit, laborgepr\u00fcft f\u00fcr Forschungszwecke. Pharmazeutische Qualit\u00e4t &amp; diskret.","breadcrumb":{"@id":"https:\/\/chemgramx.com\/product\/ketamine-hcl-kaufen\/#breadcrumb"},"inLanguage":"pl-PL","potentialAction":[{"@type":"ReadAction","target":["https:\/\/chemgramx.com\/product\/ketamine-hcl-kaufen\/"]}]},{"@type":"ImageObject","inLanguage":"pl-PL","@id":"https:\/\/chemgramx.com\/product\/ketamine-hcl-kaufen\/#primaryimage","url":"https:\/\/chemgramx.com\/wp-content\/uploads\/2025\/11\/buy-ketamine-liquid-online-order-999-pure-ketamine-for-sale-medibo.jpg","contentUrl":"https:\/\/chemgramx.com\/wp-content\/uploads\/2025\/11\/buy-ketamine-liquid-online-order-999-pure-ketamine-for-sale-medibo.jpg","width":1200,"height":675},{"@type":"BreadcrumbList","@id":"https:\/\/chemgramx.com\/product\/ketamine-hcl-kaufen\/#breadcrumb","itemListElement":[{"@type":"ListItem","position":1,"name":"Home","item":"https:\/\/chemgramx.com\/"},{"@type":"ListItem","position":2,"name":"Shop","item":"https:\/\/chemgramx.com\/shop\/"},{"@type":"ListItem","position":3,"name":"Ketamine HCL Kaufen"}]},{"@type":"WebSite","@id":"https:\/\/chemgramx.com\/#website","url":"https:\/\/chemgramx.com\/","name":"Chemgramx","description":"","publisher":{"@id":"https:\/\/chemgramx.com\/#organization"},"potentialAction":[{"@type":"SearchAction","target":{"@type":"EntryPoint","urlTemplate":"https:\/\/chemgramx.com\/?s={search_term_string}"},"query-input":{"@type":"PropertyValueSpecification","valueRequired":true,"valueName":"search_term_string"}}],"inLanguage":"pl-PL"},{"@type":"Organization","@id":"https:\/\/chemgramx.com\/#organization","name":"Chemgramx","url":"https:\/\/chemgramx.com\/","logo":{"@type":"ImageObject","inLanguage":"pl-PL","@id":"https:\/\/chemgramx.com\/#\/schema\/logo\/image\/","url":"https:\/\/chemgramx.com\/wp-content\/uploads\/2024\/10\/final-logo.png","contentUrl":"https:\/\/chemgramx.com\/wp-content\/uploads\/2024\/10\/final-logo.png","width":250,"height":48,"caption":"Chemgramx"},"image":{"@id":"https:\/\/chemgramx.com\/#\/schema\/logo\/image\/"}}]}},"_links":{"self":[{"href":"https:\/\/chemgramx.com\/pl\/wp-json\/wp\/v2\/product\/7812","targetHints":{"allow":["GET"]}}],"collection":[{"href":"https:\/\/chemgramx.com\/pl\/wp-json\/wp\/v2\/product"}],"about":[{"href":"https:\/\/chemgramx.com\/pl\/wp-json\/wp\/v2\/types\/product"}],"replies":[{"embeddable":true,"href":"https:\/\/chemgramx.com\/pl\/wp-json\/wp\/v2\/comments?post=7812"}],"wp:featuredmedia":[{"embeddable":true,"href":"https:\/\/chemgramx.com\/pl\/wp-json\/wp\/v2\/media\/7847"}],"wp:attachment":[{"href":"https:\/\/chemgramx.com\/pl\/wp-json\/wp\/v2\/media?parent=7812"}],"wp:term":[{"taxonomy":"product_brand","embeddable":true,"href":"https:\/\/chemgramx.com\/pl\/wp-json\/wp\/v2\/product_brand?post=7812"},{"taxonomy":"product_cat","embeddable":true,"href":"https:\/\/chemgramx.com\/pl\/wp-json\/wp\/v2\/product_cat?post=7812"},{"taxonomy":"product_tag","embeddable":true,"href":"https:\/\/chemgramx.com\/pl\/wp-json\/wp\/v2\/product_tag?post=7812"}],"curies":[{"name":"wp","href":"https:\/\/api.w.org\/{rel}","templated":true}]}}