{"id":7813,"date":"2025-11-21T11:21:56","date_gmt":"2025-11-21T11:21:56","guid":{"rendered":"https:\/\/chemgramx.com\/?post_type=product&#038;p=7813"},"modified":"2025-11-21T11:24:11","modified_gmt":"2025-11-21T11:24:11","slug":"kupic-krysztaly-ketaminy","status":"publish","type":"product","link":"https:\/\/chemgramx.com\/pl\/product\/ketamine-crystals-kaufen\/","title":{"rendered":"Kup kryszta\u0142y ketaminy"},"content":{"rendered":"<p>Prowadzenie precyzyjnych bada\u0144 neuronaukowych wymaga stosowania materia\u0142\u00f3w o najwy\u017cszej jako\u015bci i okre\u015blonej czysto\u015bci izomerycznej. The <b>S-izomer ketaminy (<span class=\"math-inline\" data-math=\"ge 98%\">\u00a098%<\/span>)<\/b>, cz\u0119sto okre\u015blany jako esketamina, jest specjalistycznym odczynnikiem analitycznym, kt\u00f3ry <b>wy\u0142\u0105cznie<\/b> jest przeznaczony do bada\u0144 naukowych w \u015bci\u015ble kontrolowanych \u015brodowiskach laboratoryjnych. Nasza krystaliczna forma o wysokiej czysto\u015bci zapewnia wiarygodne wyniki, szczeg\u00f3lnie w obszarach badawczych, w kt\u00f3rych istotn\u0105 rol\u0119 odgrywa specyficzna aktywno\u015b\u0107 izomer\u00f3w. Bior\u0105c pod uwag\u0119 <b>Klasyfikacja jako narkotyk<\/b> nabycie i obs\u0142uga podlegaj\u0105 najsurowszym protoko\u0142om prawnym i regulacyjnym.<\/p>\n<h2>Specyfikacje chemiczne i analityczne<\/h2>\n<p>Izomer S ketaminy jest chiraln\u0105 cz\u0105steczk\u0105 o specyficznej konfiguracji, kt\u00f3rej znaczenie farmakologiczne jest preferowane w badaniach.<\/p>\n<h3>Specyfikacje izomeru S<\/h3>\n<p>Krystaliczna forma tego odczynnika jest idealna do analizy grawimetrycznej i przygotowania precyzyjnych roztwor\u00f3w podstawowych:<\/p>\n<ul>\n<li><b>Czysto\u015b\u0107:<\/b> Czysto\u015b\u0107 chemiczna wynosi <span class=\"math-inline\" data-math=\"mathbf{ge 99%}\">99%<\/span>, co odpowiada najwy\u017cszemu poziomowi jako\u015bci farmaceutycznej i jest potwierdzone analiz\u0105 HPLC.<\/li>\n<li><b>Czysto\u015b\u0107 izomeru:<\/b> Sk\u0142ad jest nast\u0119puj\u0105cy <span class=\"math-inline\" data-math=\"mathbf{&gt;98%}\">98%}<\/span><b>Izomer S<\/b>. Ta wysoka czysto\u015b\u0107 izomeru ma kluczowe znaczenie dla bada\u0144, poniewa\u017c minimalizuje fa\u0142szowanie danych przez enancjomer R (arketamin\u0119).<\/li>\n<li><b>Rozpuszczalno\u015b\u0107:<\/b> Rozpuszczalno\u015b\u0107 wynosi <b>Doskona\u0142y w wodzie i etanolu<\/b>, co sprawia, \u017ce przygotowanie wodnych i organicznych roztwor\u00f3w badawczych jest nieskomplikowane.<\/li>\n<li><b>Temperatura topnienia:<\/b> Temperatura topnienia mie\u015bci si\u0119 w zakresie <span class=\"math-inline\" data-math=\"mathbf{258-261^circ C}\">258-261 C<\/span>, co jest wa\u017cnym wska\u017anikiem wysokiej czysto\u015bci i integralno\u015bci krystalicznej zwi\u0105zku.<\/li>\n<\/ul>\n<h3>Gwarantowana jako\u015b\u0107<\/h3>\n<p>Zapewnienie jako\u015bci jest kompleksowo i w pe\u0142ni udokumentowane w celu spe\u0142nienia wymaga\u0144 GLP (Good Laboratory Practice):<\/p>\n<ul>\n<li><b>Testowane laboratoryjnie:<\/b> Ka\u017cda partia jest analizowana przez niezale\u017cne laboratoria. The <b><a href=\"\/product\/blackberry-kush-bubble-hash-kaufen\/\">kompletny<\/a> Certyfikaty analizy<\/b> s\u0105 dostarczane z ka\u017cd\u0105 dostaw\u0105.<\/li>\n<li><b>Identyfikowalno\u015b\u0107:<\/b> B\u0119dzie <b>Identyfikowalno\u015b\u0107<\/b> wszystkich partii, co jest niezb\u0119dne do pe\u0142nej dokumentacji w badaniach klinicznych lub przedklinicznych.<\/li>\n<li><b>Udokumentowane procesy:<\/b> Procesy produkcyjne podlegaj\u0105 <b>udokumentowane systemy zapewnienia jako\u015bci<\/b>, aby zapewni\u0107 sta\u0142\u0105 jako\u015b\u0107 i czysto\u015b\u0107 izomer\u00f3w.<\/li>\n<\/ul>\n<h2>Naukowe obszary zastosowania i mechanizm dzia\u0142ania<\/h2>\n<p>Izomer S ketaminy jest przede wszystkim znany ze swojego szybkiego i specyficznego mechanizmu dzia\u0142ania, co czyni go niezb\u0119dnym odczynnikiem w neurofarmakologii.<\/p>\n<h3>Znaczenie neurofarmakologiczne<\/h3>\n<p>Ketamina dzia\u0142a jak <b>niekonkurencyjny antagonista<\/b> na <b>Receptor metylo-D-asparaginianu (receptor NMDA)<\/b>, jonotropowego receptora glutaminianu. Blokada ta prowadzi do zmniejszenia pobudzaj\u0105cej transmisji synaptycznej i jest uwa\u017cana za podstaw\u0119 jej dzia\u0142ania farmakologicznego.<\/p>\n<p>Krystaliczna forma izomeru S jest wykorzystywana w nast\u0119puj\u0105cych wysoce wyspecjalizowanych dziedzinach bada\u0144:<\/p>\n<ul>\n<li><b>Badania psychiatryczne:<\/b> Izomer S s\u0142u\u017cy jako model do analizy <b>szybki pocz\u0105tek dzia\u0142ania przeciwdepresyjnego<\/b>. Badania koncentruj\u0105 si\u0119 na podstawowych mechanizmach molekularnych, takich jak odbudowa po\u0142\u0105cze\u0144 synaptycznych i modulacja proces\u00f3w neuroplastycznych.<\/li>\n<li><b>Badania nad b\u00f3lem (analgezja):<\/b> Substancja jest analizowana <b>mechanizmy dzia\u0142ania przeciwb\u00f3lowego<\/b> w szczeg\u00f3lno\u015bci w celu analizy roli receptora NMDA w stanach b\u00f3lu przewlek\u0142ego i neuropatycznego.<\/li>\n<li><b>Badania neurologiczne:<\/b> Badania nad plastyczno\u015bci\u0105 synaptyczn\u0105, neurodegeneracj\u0105 i badania nad <b>Zjawiska \u015bwiadomo\u015bci<\/b> wykorzystuj\u0105 ten zwi\u0105zek do badania z\u0142o\u017conych sieci neuronalnych zale\u017cnych od glutaminianu.<\/li>\n<li><b>Analiza biochemiczna:<\/b> Materia\u0142 o wysokiej czysto\u015bci jest idealny do precyzyjnego <b>Badania receptor\u00f3w i okre\u015blanie powinowactwa wi\u0105zania<\/b>, do mapowania interakcji z innymi receptorami monoaminergicznymi.<\/li>\n<\/ul>\n<h2>Instrukcje bezpiecze\u0144stwa i ramy prawne<\/h2>\n<p>Ze wzgl\u0119du na klasyfikacj\u0119 ketaminy jako <b>Narkotyki<\/b> Zgodno\u015b\u0107 z najsurowszymi przepisami bezpiecze\u0144stwa i prawnymi jest obowi\u0105zkowa.<\/p>\n<h2>Wymagane laboratoryjne protoko\u0142y bezpiecze\u0144stwa<\/h2>\n<p>Obchodzenie si\u0119 z tym silnym materia\u0142em wymaga najwy\u017cszej ostro\u017cno\u015bci:<\/p>\n<ul>\n<li><b>Personel:<\/b> U\u017cycie jest nast\u0119puj\u0105ce <b>tylko dla wykwalifikowanego personelu<\/b> z odpowiedni\u0105 wiedz\u0105 i uprawnieniami.<\/li>\n<li><b>Sprz\u0119t ochronny:<\/b> Noszenie <b>R\u0119kawice laboratoryjne i okulary ochronne<\/b> jest obowi\u0105zkowe.<\/li>\n<li><b>\u015arodowisko pracy:<\/b> Z proszkiem nale\u017cy obchodzi\u0107 si\u0119 pod <b>Warunki w pomieszczeniach czystych<\/b> lub w <b>Dygestorium chemiczne<\/b> aby unikn\u0105\u0107 nara\u017cenia.<\/li>\n<li><b>Utylizacja:<\/b> The <b>Prawid\u0142owa utylizacja<\/b> musz\u0105 by\u0107 przeprowadzane zgodnie z obowi\u0105zuj\u0105cymi wytycznymi dotycz\u0105cymi \u015brodk\u00f3w znieczulaj\u0105cych i odpad\u00f3w chemicznych.<\/li>\n<\/ul>\n<h2>Wymogi prawne i zakupowe<\/h2>\n<h3>Zakup materia\u0142u jest \u015bci\u015ble regulowany:<\/h3>\n<ul>\n<li><b>Dostawa:<\/b> Dostawa ma miejsce <b>wy\u0142\u0105cznie do udokumentowanych instytucji badawczych i firm<\/b> z odpowiednimi zezwoleniami. <b>Dostawy do os\u00f3b prywatnych s\u0105 wykluczone.<\/b><\/li>\n<li><b>Wymagane zam\u00f3wienie:<\/b> Jest to <b>Dow\u00f3d organizacji badawczej<\/b> i <b>Dokumentacja projektu naukowego<\/b> wymagane.<\/li>\n<\/ul>\n<h2>Zoptymalizowane przechowywanie i dost\u0119pno\u015b\u0107 produkt\u00f3w<\/h2>\n<p>Krystaliczna forma izomeru S jest stabilna, ale wymaga prostych instrukcji przechowywania w celu zachowania czysto\u015bci.<\/p>\n<ul>\n<li><b>Przechowywanie:<\/b> Substancja jest <b>Wysuszy\u0107 i chroni\u0107 przed \u015bwiat\u0142em w temperaturze pokojowej<\/b> do przechowywania. Nie s\u0105 wymagane ekstremalne warunki ch\u0142odzenia.<\/li>\n<li><b>Pojemnik:<\/b> Szczelnie zamkni\u0119te i wyra\u017anie oznakowane.<\/li>\n<\/ul>\n<p><b>Warianty produkt\u00f3w w skr\u00f3cie:<\/b><\/p>\n<ul>\n<li><b>250 gram\u00f3w:<\/b> Idealny do bada\u0144 pilota\u017cowych i opracowywania metod.<\/li>\n<li><b>500 gram\u00f3w:<\/b> Ekonomiczne opakowanie dla d\u0142ugoterminowych projekt\u00f3w badawczych.<\/li>\n<li><b>1000 gram\u00f3w:<\/b> Ekonomiczne opakowanie zbiorcze, idealne dla grup badawczych o du\u017cym zapotrzebowaniu.<\/li>\n<\/ul>\n<p><b>Nota prawna:<\/b> Ten produkt jest <b>wy\u0142\u0105cznie do cel\u00f3w badawczych<\/b> w instytucjach naukowych. Zakup potwierdza \u015bcis\u0142e przestrzeganie wszystkich lokalnych i krajowych przepis\u00f3w dotycz\u0105cych narkotyk\u00f3w.<\/p>","protected":false},"excerpt":{"rendered":"<p>Kup kryszta\u0142y ketaminy o czysto\u015bci farmaceutycznej 99%. Nasza ketamina S-Isomer jest testowana laboratoryjnie i przeznaczona do cel\u00f3w bada\u0144 naukowych. Dyskretna i bezpieczna z certyfikatem analizy.<\/p>","protected":false},"featured_media":7848,"comment_status":"open","ping_status":"closed","template":"","meta":{"_joinchat":[]},"product_brand":[],"product_cat":[3192],"product_tag":[2915,2916,2911,2907,2904,2913,2917,2910,2906,2914],"class_list":{"0":"post-7813","1":"product","2":"type-product","3":"status-publish","4":"has-post-thumbnail","6":"product_cat-ketamine","7":"product_tag-99-reinheit","8":"product_tag-analgetika-studien","9":"product_tag-bewusstseinsforschung","10":"product_tag-forschungschemikalie","11":"product_tag-ketamin-forschung","12":"product_tag-ketamine-crystals","13":"product_tag-laborchemikalie","14":"product_tag-neurologische-forschung","15":"product_tag-pharmazeutische-qualitaet","16":"product_tag-s-isomer-ketamin","18":"first","19":"instock","20":"shipping-taxable","21":"purchasable","22":"product-type-variable"},"yoast_head":"<!-- This site is optimized with the Yoast SEO plugin v27.5 - https:\/\/yoast.com\/product\/yoast-seo-wordpress\/ -->\n<title>Ketamine Crystals Kaufen Chemgramx<\/title>\n<meta name=\"description\" content=\"Ketamine Crystals kaufen - 99% reines S-Isomer, laborgepr\u00fcft &amp; f\u00fcr Forschungszwecke. Pharmazeutische Qualit\u00e4t, diskreter Versand. Jetzt bestellen!\" \/>\n<meta name=\"robots\" content=\"index, follow, max-snippet:-1, max-image-preview:large, max-video-preview:-1\" \/>\n<link rel=\"canonical\" href=\"https:\/\/chemgramx.com\/pl\/produkt-1\/kupic-krysztaly-ketaminy\/\" \/>\n<meta property=\"og:locale\" content=\"pl_PL\" \/>\n<meta property=\"og:type\" content=\"article\" \/>\n<meta property=\"og:title\" content=\"Ketamine Crystals Kaufen Chemgramx\" \/>\n<meta property=\"og:description\" content=\"Ketamine Crystals kaufen - 99% reines S-Isomer, laborgepr\u00fcft &amp; f\u00fcr Forschungszwecke. Pharmazeutische Qualit\u00e4t, diskreter Versand. Jetzt bestellen!\" \/>\n<meta property=\"og:url\" content=\"https:\/\/chemgramx.com\/pl\/produkt-1\/kupic-krysztaly-ketaminy\/\" \/>\n<meta property=\"og:site_name\" content=\"Chemgramx\" \/>\n<meta property=\"article:modified_time\" content=\"2025-11-21T11:24:11+00:00\" \/>\n<meta property=\"og:image\" content=\"https:\/\/chemgramx.com\/wp-content\/uploads\/2025\/11\/buy-ketamine-crystals-online-100-pure-pharmaceutical-grade-ketamine-for.jpeg\" \/>\n\t<meta property=\"og:image:width\" content=\"300\" \/>\n\t<meta property=\"og:image:height\" content=\"300\" \/>\n\t<meta property=\"og:image:type\" content=\"image\/jpeg\" \/>\n<meta name=\"twitter:card\" content=\"summary_large_image\" \/>\n<meta name=\"twitter:label1\" content=\"Szacowany czas czytania\" \/>\n\t<meta name=\"twitter:data1\" content=\"4 minuty\" \/>\n<script type=\"application\/ld+json\" class=\"yoast-schema-graph\">{\"@context\":\"https:\\\/\\\/schema.org\",\"@graph\":[{\"@type\":\"WebPage\",\"@id\":\"https:\\\/\\\/chemgramx.com\\\/product\\\/ketamine-crystals-kaufen\\\/\",\"url\":\"https:\\\/\\\/chemgramx.com\\\/product\\\/ketamine-crystals-kaufen\\\/\",\"name\":\"Ketamine Crystals Kaufen Chemgramx\",\"isPartOf\":{\"@id\":\"https:\\\/\\\/chemgramx.com\\\/#website\"},\"primaryImageOfPage\":{\"@id\":\"https:\\\/\\\/chemgramx.com\\\/product\\\/ketamine-crystals-kaufen\\\/#primaryimage\"},\"image\":{\"@id\":\"https:\\\/\\\/chemgramx.com\\\/product\\\/ketamine-crystals-kaufen\\\/#primaryimage\"},\"thumbnailUrl\":\"https:\\\/\\\/chemgramx.com\\\/wp-content\\\/uploads\\\/2025\\\/11\\\/buy-ketamine-crystals-online-100-pure-pharmaceutical-grade-ketamine-for.jpeg\",\"datePublished\":\"2025-11-21T11:21:56+00:00\",\"dateModified\":\"2025-11-21T11:24:11+00:00\",\"description\":\"Ketamine Crystals kaufen - 99% reines S-Isomer, laborgepr\u00fcft &amp; f\u00fcr Forschungszwecke. Pharmazeutische Qualit\u00e4t, diskreter Versand. Jetzt bestellen!\",\"breadcrumb\":{\"@id\":\"https:\\\/\\\/chemgramx.com\\\/product\\\/ketamine-crystals-kaufen\\\/#breadcrumb\"},\"inLanguage\":\"pl-PL\",\"potentialAction\":[{\"@type\":\"ReadAction\",\"target\":[\"https:\\\/\\\/chemgramx.com\\\/product\\\/ketamine-crystals-kaufen\\\/\"]}]},{\"@type\":\"ImageObject\",\"inLanguage\":\"pl-PL\",\"@id\":\"https:\\\/\\\/chemgramx.com\\\/product\\\/ketamine-crystals-kaufen\\\/#primaryimage\",\"url\":\"https:\\\/\\\/chemgramx.com\\\/wp-content\\\/uploads\\\/2025\\\/11\\\/buy-ketamine-crystals-online-100-pure-pharmaceutical-grade-ketamine-for.jpeg\",\"contentUrl\":\"https:\\\/\\\/chemgramx.com\\\/wp-content\\\/uploads\\\/2025\\\/11\\\/buy-ketamine-crystals-online-100-pure-pharmaceutical-grade-ketamine-for.jpeg\",\"width\":300,\"height\":300},{\"@type\":\"BreadcrumbList\",\"@id\":\"https:\\\/\\\/chemgramx.com\\\/product\\\/ketamine-crystals-kaufen\\\/#breadcrumb\",\"itemListElement\":[{\"@type\":\"ListItem\",\"position\":1,\"name\":\"Home\",\"item\":\"https:\\\/\\\/chemgramx.com\\\/\"},{\"@type\":\"ListItem\",\"position\":2,\"name\":\"Shop\",\"item\":\"https:\\\/\\\/chemgramx.com\\\/shop\\\/\"},{\"@type\":\"ListItem\",\"position\":3,\"name\":\"Ketamine Crystals kaufen\"}]},{\"@type\":\"WebSite\",\"@id\":\"https:\\\/\\\/chemgramx.com\\\/#website\",\"url\":\"https:\\\/\\\/chemgramx.com\\\/\",\"name\":\"Chemgramx\",\"description\":\"\",\"publisher\":{\"@id\":\"https:\\\/\\\/chemgramx.com\\\/#organization\"},\"potentialAction\":[{\"@type\":\"SearchAction\",\"target\":{\"@type\":\"EntryPoint\",\"urlTemplate\":\"https:\\\/\\\/chemgramx.com\\\/?s={search_term_string}\"},\"query-input\":{\"@type\":\"PropertyValueSpecification\",\"valueRequired\":true,\"valueName\":\"search_term_string\"}}],\"inLanguage\":\"pl-PL\"},{\"@type\":\"Organization\",\"@id\":\"https:\\\/\\\/chemgramx.com\\\/#organization\",\"name\":\"Chemgramx\",\"url\":\"https:\\\/\\\/chemgramx.com\\\/\",\"logo\":{\"@type\":\"ImageObject\",\"inLanguage\":\"pl-PL\",\"@id\":\"https:\\\/\\\/chemgramx.com\\\/#\\\/schema\\\/logo\\\/image\\\/\",\"url\":\"https:\\\/\\\/chemgramx.com\\\/wp-content\\\/uploads\\\/2024\\\/10\\\/final-logo.png\",\"contentUrl\":\"https:\\\/\\\/chemgramx.com\\\/wp-content\\\/uploads\\\/2024\\\/10\\\/final-logo.png\",\"width\":250,\"height\":48,\"caption\":\"Chemgramx\"},\"image\":{\"@id\":\"https:\\\/\\\/chemgramx.com\\\/#\\\/schema\\\/logo\\\/image\\\/\"}}]}<\/script>\n<!-- \/ Yoast SEO plugin. -->","yoast_head_json":{"title":"Kryszta\u0142y ketaminy Kup Chemgramx","description":"Ketamine Crystals kaufen - 99% reines S-Isomer, laborgepr\u00fcft &amp; f\u00fcr Forschungszwecke. Pharmazeutische Qualit\u00e4t, diskreter Versand. Jetzt bestellen!","robots":{"index":"index","follow":"follow","max-snippet":"max-snippet:-1","max-image-preview":"max-image-preview:large","max-video-preview":"max-video-preview:-1"},"canonical":"https:\/\/chemgramx.com\/pl\/produkt-1\/kupic-krysztaly-ketaminy\/","og_locale":"pl_PL","og_type":"article","og_title":"Ketamine Crystals Kaufen Chemgramx","og_description":"Ketamine Crystals kaufen - 99% reines S-Isomer, laborgepr\u00fcft &amp; f\u00fcr Forschungszwecke. Pharmazeutische Qualit\u00e4t, diskreter Versand. Jetzt bestellen!","og_url":"https:\/\/chemgramx.com\/pl\/produkt-1\/kupic-krysztaly-ketaminy\/","og_site_name":"Chemgramx","article_modified_time":"2025-11-21T11:24:11+00:00","og_image":[{"width":300,"height":300,"url":"https:\/\/chemgramx.com\/wp-content\/uploads\/2025\/11\/buy-ketamine-crystals-online-100-pure-pharmaceutical-grade-ketamine-for.jpeg","type":"image\/jpeg"}],"twitter_card":"summary_large_image","twitter_misc":{"Szacowany czas czytania":"4 minuty"},"schema":{"@context":"https:\/\/schema.org","@graph":[{"@type":"WebPage","@id":"https:\/\/chemgramx.com\/product\/ketamine-crystals-kaufen\/","url":"https:\/\/chemgramx.com\/product\/ketamine-crystals-kaufen\/","name":"Kryszta\u0142y ketaminy Kup Chemgramx","isPartOf":{"@id":"https:\/\/chemgramx.com\/#website"},"primaryImageOfPage":{"@id":"https:\/\/chemgramx.com\/product\/ketamine-crystals-kaufen\/#primaryimage"},"image":{"@id":"https:\/\/chemgramx.com\/product\/ketamine-crystals-kaufen\/#primaryimage"},"thumbnailUrl":"https:\/\/chemgramx.com\/wp-content\/uploads\/2025\/11\/buy-ketamine-crystals-online-100-pure-pharmaceutical-grade-ketamine-for.jpeg","datePublished":"2025-11-21T11:21:56+00:00","dateModified":"2025-11-21T11:24:11+00:00","description":"Ketamine Crystals kaufen - 99% reines S-Isomer, laborgepr\u00fcft &amp; f\u00fcr Forschungszwecke. Pharmazeutische Qualit\u00e4t, diskreter Versand. Jetzt bestellen!","breadcrumb":{"@id":"https:\/\/chemgramx.com\/product\/ketamine-crystals-kaufen\/#breadcrumb"},"inLanguage":"pl-PL","potentialAction":[{"@type":"ReadAction","target":["https:\/\/chemgramx.com\/product\/ketamine-crystals-kaufen\/"]}]},{"@type":"ImageObject","inLanguage":"pl-PL","@id":"https:\/\/chemgramx.com\/product\/ketamine-crystals-kaufen\/#primaryimage","url":"https:\/\/chemgramx.com\/wp-content\/uploads\/2025\/11\/buy-ketamine-crystals-online-100-pure-pharmaceutical-grade-ketamine-for.jpeg","contentUrl":"https:\/\/chemgramx.com\/wp-content\/uploads\/2025\/11\/buy-ketamine-crystals-online-100-pure-pharmaceutical-grade-ketamine-for.jpeg","width":300,"height":300},{"@type":"BreadcrumbList","@id":"https:\/\/chemgramx.com\/product\/ketamine-crystals-kaufen\/#breadcrumb","itemListElement":[{"@type":"ListItem","position":1,"name":"Home","item":"https:\/\/chemgramx.com\/"},{"@type":"ListItem","position":2,"name":"Shop","item":"https:\/\/chemgramx.com\/shop\/"},{"@type":"ListItem","position":3,"name":"Ketamine Crystals kaufen"}]},{"@type":"WebSite","@id":"https:\/\/chemgramx.com\/#website","url":"https:\/\/chemgramx.com\/","name":"Chemgramx","description":"","publisher":{"@id":"https:\/\/chemgramx.com\/#organization"},"potentialAction":[{"@type":"SearchAction","target":{"@type":"EntryPoint","urlTemplate":"https:\/\/chemgramx.com\/?s={search_term_string}"},"query-input":{"@type":"PropertyValueSpecification","valueRequired":true,"valueName":"search_term_string"}}],"inLanguage":"pl-PL"},{"@type":"Organization","@id":"https:\/\/chemgramx.com\/#organization","name":"Chemgramx","url":"https:\/\/chemgramx.com\/","logo":{"@type":"ImageObject","inLanguage":"pl-PL","@id":"https:\/\/chemgramx.com\/#\/schema\/logo\/image\/","url":"https:\/\/chemgramx.com\/wp-content\/uploads\/2024\/10\/final-logo.png","contentUrl":"https:\/\/chemgramx.com\/wp-content\/uploads\/2024\/10\/final-logo.png","width":250,"height":48,"caption":"Chemgramx"},"image":{"@id":"https:\/\/chemgramx.com\/#\/schema\/logo\/image\/"}}]}},"_links":{"self":[{"href":"https:\/\/chemgramx.com\/pl\/wp-json\/wp\/v2\/product\/7813","targetHints":{"allow":["GET"]}}],"collection":[{"href":"https:\/\/chemgramx.com\/pl\/wp-json\/wp\/v2\/product"}],"about":[{"href":"https:\/\/chemgramx.com\/pl\/wp-json\/wp\/v2\/types\/product"}],"replies":[{"embeddable":true,"href":"https:\/\/chemgramx.com\/pl\/wp-json\/wp\/v2\/comments?post=7813"}],"wp:featuredmedia":[{"embeddable":true,"href":"https:\/\/chemgramx.com\/pl\/wp-json\/wp\/v2\/media\/7848"}],"wp:attachment":[{"href":"https:\/\/chemgramx.com\/pl\/wp-json\/wp\/v2\/media?parent=7813"}],"wp:term":[{"taxonomy":"product_brand","embeddable":true,"href":"https:\/\/chemgramx.com\/pl\/wp-json\/wp\/v2\/product_brand?post=7813"},{"taxonomy":"product_cat","embeddable":true,"href":"https:\/\/chemgramx.com\/pl\/wp-json\/wp\/v2\/product_cat?post=7813"},{"taxonomy":"product_tag","embeddable":true,"href":"https:\/\/chemgramx.com\/pl\/wp-json\/wp\/v2\/product_tag?post=7813"}],"curies":[{"name":"wp","href":"https:\/\/api.w.org\/{rel}","templated":true}]}}