{"id":7814,"date":"2025-11-21T11:21:57","date_gmt":"2025-11-21T11:21:57","guid":{"rendered":"https:\/\/chemgramx.com\/?post_type=product&#038;p=7814"},"modified":"2025-11-21T11:24:12","modified_gmt":"2025-11-21T11:24:12","slug":"kupic-fiolke-ketaminy","status":"publish","type":"product","link":"https:\/\/chemgramx.com\/pl\/product\/ketamine-vial-kaufen\/","title":{"rendered":"Kup fiolk\u0119 z ketamin\u0105"},"content":{"rendered":"<p>Integralno\u015b\u0107 bada\u0144 jest naszym najwy\u017cszym priorytetem. Nasze fiolki oferuj\u0105 szczeg\u00f3lne zalety, kt\u00f3re odr\u00f3\u017cniaj\u0105 je od standardowych chemikali\u00f3w laboratoryjnych. Zalety te wynikaj\u0105 z naszej konsekwentnej dba\u0142o\u015bci o czysto\u015b\u0107 i bezpiecze\u0144stwo.<\/p>\n<h2><b>Bezkonkurencyjna jako\u015b\u0107 w szczeg\u00f3\u0142ach<\/b><\/h2>\n<p>Stosujemy rygorystyczne protoko\u0142y produkcyjne, aby zagwarantowa\u0107 maksymaln\u0105 sp\u00f3jno\u015b\u0107. <b>Ponadto<\/b> Nasze najwa\u017cniejsze cechy jako\u015bciowe s\u0105 kompleksowo udokumentowane:<\/p>\n<ul>\n<li><b>99% Czysto\u015b\u0107 farmaceutyczna:<\/b> Jest to najwy\u017cszy osi\u0105galny poziom jako\u015bci. Poziom czysto\u015bci <span class=\"math-inline\" data-math=\"ge 99%\">\u00a099% <\/span>charakteryzuje si\u0119 <b>HPLC<\/b> (Wysokosprawna chromatografia cieczowa).<\/li>\n<li><b>Sterylne wype\u0142nienie:<\/b> Produkcja odbywa si\u0119 w \u015bci\u015ble okre\u015blonych warunkach pomieszczenia czystego. <b>W konsekwencji<\/b> ryzyko zanieczyszczenia jest zminimalizowane.<\/li>\n<li><b>Wielokrotnie filtrowane:<\/b> Produkt nie zawiera cz\u0105stek sta\u0142ych i jest sterylny. Sterylno\u015b\u0107 jest gwarantowana przez <b>Filtr 0,22 \u03bcm<\/b> gwarantowane.<\/li>\n<li><b>Certyfikat laboratorium:<\/b> Ka\u017cda partia jest niezale\u017cna <a href=\"\/product\/promal-methallylescaline-21mg-pellets-kaufen\/\"><b>Certyfikaty analizy<\/b> <\/a>(CoA).<\/li>\n<li><b>Warto\u015b\u0107 pH:<\/b> Sk\u0142adnik aktywny jest buforowany w celu zapewnienia maksymalnej stabilno\u015bci i d\u0142ugotrwa\u0142ego przechowywania.<\/li>\n<\/ul>\n<p>W\u0142a\u015bciwo\u015bci te zapewniaj\u0105, \u017ce mo\u017cna <b>Kup fiolk\u0119 z ketamin\u0105<\/b> produkt, kt\u00f3ry mo\u017ce wytrzyma\u0107 najbardziej wymagaj\u0105ce procedury analityczne.<\/p>\n<h2>Specyfikacje produkt\u00f3w dla potrzeb badawczych<\/h2>\n<p>Oferujemy dwa popularne rozmiary, aby spe\u0142ni\u0107 r\u00f3\u017cne wymagania laboratori\u00f3w. Oba warianty maj\u0105 t\u0119 sam\u0105 gwarantowan\u0105 jako\u015b\u0107.<\/p>\n<p>Fiolki s\u0105 zamkni\u0119te w jednorazowych sterylnych opakowaniach, co optymalizuje obs\u0142ug\u0119 i bezpiecze\u0144stwo w laboratorium.<\/p>\n<h2><b>Wa\u017cne uwagi dotycz\u0105ce aplikacji<\/b> oraz <b>Zgodno\u015b\u0107 z prawem<\/b><\/h2>\n<p>Zgodno\u015b\u0107 z instrukcjami u\u017cytkowania ma zasadnicze znaczenie dla rzetelno\u015bci naukowej i bezpiecze\u0144stwa. <b>Zgodno\u015b\u0107 z prawem<\/b> niezb\u0119dne. Nasze fiolki s\u0105 przeznaczone wy\u0142\u0105cznie do okre\u015blonych cel\u00f3w. <b>Dlatego<\/b> op\u0142ata jest \u015bci\u015ble regulowana.<\/p>\n<h2><b>Wy\u0142\u0105czne przeznaczenie<\/b><\/h2>\n<p>Nasz <b>Badania nad fiolkami z ketamin\u0105<\/b> nie s\u0105 przeznaczone do u\u017cytku medycznego. S\u0105 one przeznaczone wy\u0142\u0105cznie do nast\u0119puj\u0105cych cel\u00f3w:<\/p>\n<ul>\n<li>Badania farmakologiczne.<\/li>\n<li>Badania biochemiczne i metody analityczne.<\/li>\n<li>Badania kliniczne (w \u015bcis\u0142ej zgodno\u015bci z przepisami krajowymi).<\/li>\n<\/ul>\n<h2><b>Nie nadaje si\u0119 do<\/b><\/h2>\n<p>Aby zapobiec nadu\u017cyciom, wyra\u017anie to zaznaczamy:<\/p>\n<ul>\n<li><b>Medycyna ludzka lub weterynaryjna:<\/b> Fiolki nie s\u0105 dopuszczone do wstrzykiwania lub stosowania na \u017cywych organizmach.<\/li>\n<li><b>Zastosowanie rekreacyjne<\/b> lub nieuprawnionego dalszego przetwarzania.<\/li>\n<\/ul>\n<p>Ca\u0142y proces zamawiania ma na celu zapewnienie zgodno\u015bci z tymi wymogami. <b>Obejmuje to<\/b> kategorycznie wyklucza dostaw\u0119 do os\u00f3b prywatnych.<\/p>\n<h2><b>Bezpiecze\u0144stwo, logistyka i proces zamawiania<\/b><\/h2>\n<p>Bezpiecze\u0144stwo i przejrzysto\u015b\u0107 to fundamenty naszego systemu zam\u00f3wie\u0144. <b>Tak wi\u0119c<\/b> zapewniamy, \u017ce tylko <b>wykwalifikowani badacze<\/b> oraz <b>udokumentowane instytucje badawcze<\/b> mog\u0105 kupowa\u0107 nasze produkty.<\/p>\n<h2><b>Podstawowe \u015brodki ostro\u017cno\u015bci<\/b><\/h2>\n<p>Obchodzenie si\u0119 z czystym sk\u0142adnikiem aktywnym wymaga najwy\u017cszej ostro\u017cno\u015bci. <b>Odpowiednio<\/b> nale\u017cy przestrzega\u0107 poni\u017cszych instrukcji bezpiecze\u0144stwa:<\/p>\n<ul>\n<li>Praca jest dozwolona tylko dla wykwalifikowanych naukowc\u00f3w.<\/li>\n<li>Przestrzeganie sterylnych warunk\u00f3w pracy jest obowi\u0105zkowe.<\/li>\n<li><b>Ponadto<\/b> wymagana jest odzie\u017c ochronna, aby unikn\u0105\u0107 bezpo\u015bredniego kontaktu.<\/li>\n<li>Utylizacj\u0119 nale\u017cy przeprowadzi\u0107 zgodnie z przepisami rozporz\u0105dzenia w sprawie substancji niebezpiecznych.<\/li>\n<\/ul>\n<h2><b>Proces zamawiania dla instytucji badawczych<\/b><\/h2>\n<p>Jasno okre\u015blona procedura jest niezb\u0119dna do sprawnej organizacji procesu i zapewnienia jego legalno\u015bci:<\/p>\n<ol start=\"1\">\n<li><b>Wyb\u00f3r wariantu:<\/b> Okre\u015bli\u0107 wymagany rozmiar (sterylne fiolki 10 ml lub 50 ml).<\/li>\n<li><b>Ilo\u015b\u0107:<\/b> Wprowad\u017a liczb\u0119 wymaganych fiolek.<\/li>\n<li><b>Certyfikat instytutu:<\/b> Jest to <b>Dokumentacja organizacji badawczej<\/b> wymagane. <b>Na przyk\u0142ad<\/b> dow\u00f3d rejestracji dzia\u0142alno\u015bci gospodarczej lub licencji badawczej.<\/li>\n<li><b>Profesjonalna wysy\u0142ka:<\/b> Wysy\u0142ka jest dyskretna i w razie potrzeby kontrolowana temperaturowo.<\/li>\n<\/ol>\n<h2><b>Zapewnienie jako\u015bci i przejrzysto\u015bci<\/b><\/h2>\n<p>Nasz <b>Zapewnienie jako\u015bci<\/b> jest kompleksowy. Obejmuje to <b>Identyfikowalno\u015b\u0107 partii<\/b>, regularne testy stabilno\u015bci i udokumentowane kontrole jako\u015bci. Stosujemy zgodne z przepisami praktyki produkcyjne, aby <b>Doskona\u0142o\u015b\u0107 naukowa<\/b> wsparcie. <b>Dodatkowo<\/b> W celu potwierdzenia gwarancji sterylno\u015bci przeprowadzane s\u0105 kontrole mikrobiologiczne.<\/p>\n<h2><b>Wnioski:<\/b><\/h2>\n<p>Je\u015bli <b>Kup fiolk\u0119 z ketamin\u0105<\/b> W przypadku proces\u00f3w neurologicznych, bada\u0144 nad b\u00f3lem lub zjawiskami \u015bwiadomo\u015bci, wyb\u00f3r \u017ar\u00f3d\u0142a ma kluczowe znaczenie. Nasze produkty oferuj\u0105 niezb\u0119dn\u0105 czysto\u015b\u0107, sterylno\u015b\u0107 i dokumentacj\u0119 dla <b>Powa\u017cne badania<\/b>. <b>Wreszcie<\/b> gwarantujemy bezpieczny, legalny i profesjonalny proces zamawiania.<\/p>","protected":false},"excerpt":{"rendered":"<p>Kup farmaceutycznej jako\u015bci fiolki z ketamin\u0105. Czysta, sterylna ketamina 99% do cel\u00f3w badawczych. Testowana laboratoryjnie, wielokrotnie filtrowana i pakowana w sterylne fiolki. Dyskretny i bezpieczny.<\/p>","protected":false},"featured_media":7849,"comment_status":"open","ping_status":"closed","template":"","meta":{"_joinchat":[]},"product_brand":[],"product_cat":[3192],"product_tag":[2912,2911,2907,2909,2904,2903,2908,2910,2906,2905],"class_list":{"0":"post-7814","1":"product","2":"type-product","3":"status-publish","4":"has-post-thumbnail","6":"product_cat-ketamine","7":"product_tag-analgetika-forschung","8":"product_tag-bewusstseinsforschung","9":"product_tag-forschungschemikalie","10":"product_tag-hplc-gereinigt","11":"product_tag-ketamin-forschung","12":"product_tag-ketamine-vial","13":"product_tag-laborbedarf","14":"product_tag-neurologische-forschung","15":"product_tag-pharmazeutische-qualitaet","16":"product_tag-steriles-ketamin","18":"first","19":"instock","20":"shipping-taxable","21":"purchasable","22":"product-type-variable"},"yoast_head":"<!-- This site is optimized with the Yoast SEO plugin v27.5 - https:\/\/yoast.com\/product\/yoast-seo-wordpress\/ -->\n<title>Ketamine Vial Kaufen | 99% Reinheit | Steril &amp; Laborgepr\u00fcft Chemgramx<\/title>\n<meta name=\"description\" content=\"Ketamine Vial kaufen mit 99% Reinheit. Steril gefiltert, laborgepr\u00fcft &amp; f\u00fcr Forschungszwecke. Diskret &amp; sicher. Pharmazeutische Qualit\u00e4t.\" \/>\n<meta name=\"robots\" content=\"index, follow, max-snippet:-1, max-image-preview:large, max-video-preview:-1\" \/>\n<link rel=\"canonical\" href=\"https:\/\/chemgramx.com\/pl\/produkt-1\/kupic-fiolke-ketaminy\/\" \/>\n<meta property=\"og:locale\" content=\"pl_PL\" \/>\n<meta property=\"og:type\" content=\"article\" \/>\n<meta property=\"og:title\" content=\"Ketamine Vial Kaufen | 99% Reinheit | Steril &amp; Laborgepr\u00fcft Chemgramx\" \/>\n<meta property=\"og:description\" content=\"Ketamine Vial kaufen mit 99% Reinheit. Steril gefiltert, laborgepr\u00fcft &amp; f\u00fcr Forschungszwecke. Diskret &amp; sicher. Pharmazeutische Qualit\u00e4t.\" \/>\n<meta property=\"og:url\" content=\"https:\/\/chemgramx.com\/pl\/produkt-1\/kupic-fiolke-ketaminy\/\" \/>\n<meta property=\"og:site_name\" content=\"Chemgramx\" \/>\n<meta property=\"article:modified_time\" content=\"2025-11-21T11:24:12+00:00\" \/>\n<meta property=\"og:image\" content=\"https:\/\/chemgramx.com\/wp-content\/uploads\/2025\/11\/buy-ketamine-vial-online-100-high-quality-ketamine-vials-for-sale-medibo.jpeg\" \/>\n\t<meta property=\"og:image:width\" content=\"575\" \/>\n\t<meta property=\"og:image:height\" content=\"419\" \/>\n\t<meta property=\"og:image:type\" content=\"image\/jpeg\" \/>\n<meta name=\"twitter:card\" content=\"summary_large_image\" \/>\n<meta name=\"twitter:label1\" content=\"Szacowany czas czytania\" \/>\n\t<meta name=\"twitter:data1\" content=\"3 minuty\" \/>\n<script type=\"application\/ld+json\" class=\"yoast-schema-graph\">{\"@context\":\"https:\\\/\\\/schema.org\",\"@graph\":[{\"@type\":\"WebPage\",\"@id\":\"https:\\\/\\\/chemgramx.com\\\/product\\\/ketamine-vial-kaufen\\\/\",\"url\":\"https:\\\/\\\/chemgramx.com\\\/product\\\/ketamine-vial-kaufen\\\/\",\"name\":\"Ketamine Vial Kaufen | 99% Reinheit | Steril &amp; Laborgepr\u00fcft Chemgramx\",\"isPartOf\":{\"@id\":\"https:\\\/\\\/chemgramx.com\\\/#website\"},\"primaryImageOfPage\":{\"@id\":\"https:\\\/\\\/chemgramx.com\\\/product\\\/ketamine-vial-kaufen\\\/#primaryimage\"},\"image\":{\"@id\":\"https:\\\/\\\/chemgramx.com\\\/product\\\/ketamine-vial-kaufen\\\/#primaryimage\"},\"thumbnailUrl\":\"https:\\\/\\\/chemgramx.com\\\/wp-content\\\/uploads\\\/2025\\\/11\\\/buy-ketamine-vial-online-100-high-quality-ketamine-vials-for-sale-medibo.jpeg\",\"datePublished\":\"2025-11-21T11:21:57+00:00\",\"dateModified\":\"2025-11-21T11:24:12+00:00\",\"description\":\"Ketamine Vial kaufen mit 99% Reinheit. Steril gefiltert, laborgepr\u00fcft &amp; f\u00fcr Forschungszwecke. Diskret &amp; sicher. Pharmazeutische Qualit\u00e4t.\",\"breadcrumb\":{\"@id\":\"https:\\\/\\\/chemgramx.com\\\/product\\\/ketamine-vial-kaufen\\\/#breadcrumb\"},\"inLanguage\":\"pl-PL\",\"potentialAction\":[{\"@type\":\"ReadAction\",\"target\":[\"https:\\\/\\\/chemgramx.com\\\/product\\\/ketamine-vial-kaufen\\\/\"]}]},{\"@type\":\"ImageObject\",\"inLanguage\":\"pl-PL\",\"@id\":\"https:\\\/\\\/chemgramx.com\\\/product\\\/ketamine-vial-kaufen\\\/#primaryimage\",\"url\":\"https:\\\/\\\/chemgramx.com\\\/wp-content\\\/uploads\\\/2025\\\/11\\\/buy-ketamine-vial-online-100-high-quality-ketamine-vials-for-sale-medibo.jpeg\",\"contentUrl\":\"https:\\\/\\\/chemgramx.com\\\/wp-content\\\/uploads\\\/2025\\\/11\\\/buy-ketamine-vial-online-100-high-quality-ketamine-vials-for-sale-medibo.jpeg\",\"width\":575,\"height\":419},{\"@type\":\"BreadcrumbList\",\"@id\":\"https:\\\/\\\/chemgramx.com\\\/product\\\/ketamine-vial-kaufen\\\/#breadcrumb\",\"itemListElement\":[{\"@type\":\"ListItem\",\"position\":1,\"name\":\"Home\",\"item\":\"https:\\\/\\\/chemgramx.com\\\/\"},{\"@type\":\"ListItem\",\"position\":2,\"name\":\"Shop\",\"item\":\"https:\\\/\\\/chemgramx.com\\\/shop\\\/\"},{\"@type\":\"ListItem\",\"position\":3,\"name\":\"Ketamine Vial kaufen\"}]},{\"@type\":\"WebSite\",\"@id\":\"https:\\\/\\\/chemgramx.com\\\/#website\",\"url\":\"https:\\\/\\\/chemgramx.com\\\/\",\"name\":\"Chemgramx\",\"description\":\"\",\"publisher\":{\"@id\":\"https:\\\/\\\/chemgramx.com\\\/#organization\"},\"potentialAction\":[{\"@type\":\"SearchAction\",\"target\":{\"@type\":\"EntryPoint\",\"urlTemplate\":\"https:\\\/\\\/chemgramx.com\\\/?s={search_term_string}\"},\"query-input\":{\"@type\":\"PropertyValueSpecification\",\"valueRequired\":true,\"valueName\":\"search_term_string\"}}],\"inLanguage\":\"pl-PL\"},{\"@type\":\"Organization\",\"@id\":\"https:\\\/\\\/chemgramx.com\\\/#organization\",\"name\":\"Chemgramx\",\"url\":\"https:\\\/\\\/chemgramx.com\\\/\",\"logo\":{\"@type\":\"ImageObject\",\"inLanguage\":\"pl-PL\",\"@id\":\"https:\\\/\\\/chemgramx.com\\\/#\\\/schema\\\/logo\\\/image\\\/\",\"url\":\"https:\\\/\\\/chemgramx.com\\\/wp-content\\\/uploads\\\/2024\\\/10\\\/final-logo.png\",\"contentUrl\":\"https:\\\/\\\/chemgramx.com\\\/wp-content\\\/uploads\\\/2024\\\/10\\\/final-logo.png\",\"width\":250,\"height\":48,\"caption\":\"Chemgramx\"},\"image\":{\"@id\":\"https:\\\/\\\/chemgramx.com\\\/#\\\/schema\\\/logo\\\/image\\\/\"}}]}<\/script>\n<!-- \/ Yoast SEO plugin. -->","yoast_head_json":{"title":"Ketamine Vial Kaufen | 99% Reinheit | Steril &amp; Laborgepr\u00fcft Chemgramx","description":"Ketamine Vial kaufen mit 99% Reinheit. Steril gefiltert, laborgepr\u00fcft &amp; f\u00fcr Forschungszwecke. Diskret &amp; sicher. Pharmazeutische Qualit\u00e4t.","robots":{"index":"index","follow":"follow","max-snippet":"max-snippet:-1","max-image-preview":"max-image-preview:large","max-video-preview":"max-video-preview:-1"},"canonical":"https:\/\/chemgramx.com\/pl\/produkt-1\/kupic-fiolke-ketaminy\/","og_locale":"pl_PL","og_type":"article","og_title":"Ketamine Vial Kaufen | 99% Reinheit | Steril &amp; Laborgepr\u00fcft Chemgramx","og_description":"Ketamine Vial kaufen mit 99% Reinheit. Steril gefiltert, laborgepr\u00fcft &amp; f\u00fcr Forschungszwecke. Diskret &amp; sicher. Pharmazeutische Qualit\u00e4t.","og_url":"https:\/\/chemgramx.com\/pl\/produkt-1\/kupic-fiolke-ketaminy\/","og_site_name":"Chemgramx","article_modified_time":"2025-11-21T11:24:12+00:00","og_image":[{"width":575,"height":419,"url":"https:\/\/chemgramx.com\/wp-content\/uploads\/2025\/11\/buy-ketamine-vial-online-100-high-quality-ketamine-vials-for-sale-medibo.jpeg","type":"image\/jpeg"}],"twitter_card":"summary_large_image","twitter_misc":{"Szacowany czas czytania":"3 minuty"},"schema":{"@context":"https:\/\/schema.org","@graph":[{"@type":"WebPage","@id":"https:\/\/chemgramx.com\/product\/ketamine-vial-kaufen\/","url":"https:\/\/chemgramx.com\/product\/ketamine-vial-kaufen\/","name":"Ketamine Vial Kaufen | 99% Reinheit | Steril &amp; Laborgepr\u00fcft Chemgramx","isPartOf":{"@id":"https:\/\/chemgramx.com\/#website"},"primaryImageOfPage":{"@id":"https:\/\/chemgramx.com\/product\/ketamine-vial-kaufen\/#primaryimage"},"image":{"@id":"https:\/\/chemgramx.com\/product\/ketamine-vial-kaufen\/#primaryimage"},"thumbnailUrl":"https:\/\/chemgramx.com\/wp-content\/uploads\/2025\/11\/buy-ketamine-vial-online-100-high-quality-ketamine-vials-for-sale-medibo.jpeg","datePublished":"2025-11-21T11:21:57+00:00","dateModified":"2025-11-21T11:24:12+00:00","description":"Ketamine Vial kaufen mit 99% Reinheit. Steril gefiltert, laborgepr\u00fcft &amp; f\u00fcr Forschungszwecke. Diskret &amp; sicher. Pharmazeutische Qualit\u00e4t.","breadcrumb":{"@id":"https:\/\/chemgramx.com\/product\/ketamine-vial-kaufen\/#breadcrumb"},"inLanguage":"pl-PL","potentialAction":[{"@type":"ReadAction","target":["https:\/\/chemgramx.com\/product\/ketamine-vial-kaufen\/"]}]},{"@type":"ImageObject","inLanguage":"pl-PL","@id":"https:\/\/chemgramx.com\/product\/ketamine-vial-kaufen\/#primaryimage","url":"https:\/\/chemgramx.com\/wp-content\/uploads\/2025\/11\/buy-ketamine-vial-online-100-high-quality-ketamine-vials-for-sale-medibo.jpeg","contentUrl":"https:\/\/chemgramx.com\/wp-content\/uploads\/2025\/11\/buy-ketamine-vial-online-100-high-quality-ketamine-vials-for-sale-medibo.jpeg","width":575,"height":419},{"@type":"BreadcrumbList","@id":"https:\/\/chemgramx.com\/product\/ketamine-vial-kaufen\/#breadcrumb","itemListElement":[{"@type":"ListItem","position":1,"name":"Home","item":"https:\/\/chemgramx.com\/"},{"@type":"ListItem","position":2,"name":"Shop","item":"https:\/\/chemgramx.com\/shop\/"},{"@type":"ListItem","position":3,"name":"Ketamine Vial kaufen"}]},{"@type":"WebSite","@id":"https:\/\/chemgramx.com\/#website","url":"https:\/\/chemgramx.com\/","name":"Chemgramx","description":"","publisher":{"@id":"https:\/\/chemgramx.com\/#organization"},"potentialAction":[{"@type":"SearchAction","target":{"@type":"EntryPoint","urlTemplate":"https:\/\/chemgramx.com\/?s={search_term_string}"},"query-input":{"@type":"PropertyValueSpecification","valueRequired":true,"valueName":"search_term_string"}}],"inLanguage":"pl-PL"},{"@type":"Organization","@id":"https:\/\/chemgramx.com\/#organization","name":"Chemgramx","url":"https:\/\/chemgramx.com\/","logo":{"@type":"ImageObject","inLanguage":"pl-PL","@id":"https:\/\/chemgramx.com\/#\/schema\/logo\/image\/","url":"https:\/\/chemgramx.com\/wp-content\/uploads\/2024\/10\/final-logo.png","contentUrl":"https:\/\/chemgramx.com\/wp-content\/uploads\/2024\/10\/final-logo.png","width":250,"height":48,"caption":"Chemgramx"},"image":{"@id":"https:\/\/chemgramx.com\/#\/schema\/logo\/image\/"}}]}},"_links":{"self":[{"href":"https:\/\/chemgramx.com\/pl\/wp-json\/wp\/v2\/product\/7814","targetHints":{"allow":["GET"]}}],"collection":[{"href":"https:\/\/chemgramx.com\/pl\/wp-json\/wp\/v2\/product"}],"about":[{"href":"https:\/\/chemgramx.com\/pl\/wp-json\/wp\/v2\/types\/product"}],"replies":[{"embeddable":true,"href":"https:\/\/chemgramx.com\/pl\/wp-json\/wp\/v2\/comments?post=7814"}],"wp:featuredmedia":[{"embeddable":true,"href":"https:\/\/chemgramx.com\/pl\/wp-json\/wp\/v2\/media\/7849"}],"wp:attachment":[{"href":"https:\/\/chemgramx.com\/pl\/wp-json\/wp\/v2\/media?parent=7814"}],"wp:term":[{"taxonomy":"product_brand","embeddable":true,"href":"https:\/\/chemgramx.com\/pl\/wp-json\/wp\/v2\/product_brand?post=7814"},{"taxonomy":"product_cat","embeddable":true,"href":"https:\/\/chemgramx.com\/pl\/wp-json\/wp\/v2\/product_cat?post=7814"},{"taxonomy":"product_tag","embeddable":true,"href":"https:\/\/chemgramx.com\/pl\/wp-json\/wp\/v2\/product_tag?post=7814"}],"curies":[{"name":"wp","href":"https:\/\/api.w.org\/{rel}","templated":true}]}}