{"id":7877,"date":"2025-11-21T11:23:56","date_gmt":"2025-11-21T11:23:56","guid":{"rendered":"https:\/\/chemgramx.com\/?post_type=product&#038;p=7877"},"modified":"2025-11-21T11:24:42","modified_gmt":"2025-11-21T11:24:42","slug":"o-dsmt-destramadol-kupic-online","status":"publish","type":"product","link":"https:\/\/chemgramx.com\/pl\/product\/o-dsmt-destramadol-online-kaufen\/","title":{"rendered":"Kup O-DSMT (Destramadol) online"},"content":{"rendered":"<p>O-DSMT, znany r\u00f3wnie\u017c jako O-desmetylotramadol, to p\u00f3\u0142syntetyczna substancja, kt\u00f3ra wzbudza coraz wi\u0119ksze zainteresowanie w laboratoriach naukowych i farmakologicznych. Jest to g\u0142\u00f3wny aktywny metabolit opioidowego leku przeciwb\u00f3lowego tramadolu i w por\u00f3wnaniu z substancj\u0105 macierzyst\u0105 ma znacznie wy\u017csze powinowactwo do receptora opioidowego. <span class=\"math-inline\" data-math=\"mu\">$mu$<\/span>-receptory opioidowe. To sprawia, \u017ce O-DSMT jest cennym narz\u0119dziem w <b>Neurofarmakologia<\/b>, w szczeg\u00f3lno\u015bci w badaniach nad receptorami opioidowymi i mechanizmami ich dzia\u0142ania.<\/p>\n<p>Niniejszy artyku\u0142 rzuca \u015bwiat\u0142o na podstawy chemiczne, w\u0142a\u015bciwo\u015bci farmakologiczne i z\u0142o\u017cone aspekty prawne O-DSMT w Niemczech i w kontek\u015bcie mi\u0119dzynarodowym. <b>Wa\u017cne:<\/b> Substancja ta nie jest przeznaczona do spo\u017cycia przez ludzi lub zwierz\u0119ta i nale\u017cy si\u0119 z ni\u0105 obchodzi\u0107 wy\u0142\u0105cznie w \u015bcis\u0142ej zgodno\u015bci z przepisami laboratoryjnymi i bezpiecze\u0144stwa oraz przepisami krajowymi.<\/p>\n<h3><b>Chemiczna i farmakologiczna definicja O-DSMT<\/b><\/h3>\n<p>O-DSMT chemicznie nale\u017cy do grupy <b>Fenolowe zwi\u0105zki aminocykloheksanowe<\/b> i jest klasyfikowany jako syntetyczny opioid. Powstaje w organizmie cz\u0142owieka, gdy tramadol jest metabolizowany przez enzym CYP2D6. Substancja ma niezale\u017cne dzia\u0142anie farmakologiczne, kt\u00f3re r\u00f3\u017cni si\u0119 od tramadolu.<\/p>\n<h4><b>R\u00f3\u017cnica mi\u0119dzy O-DSMT a tramadolem<\/b><\/h4>\n<p>Podczas gdy sam tramadol jest tzw. <a href=\"\/product\/afghani-dara-i-suf-hash-kaufen\/\"><b>Prodrug<\/b> <\/a>(musi najpierw zosta\u0107 przekszta\u0142cony w aktywn\u0105 form\u0119 w organizmie) i zar\u00f3wno wp\u0142ywa na receptory opioidowe, jak i ma hamuj\u0105cy wp\u0142yw na wychwyt zwrotny serotoniny i noradrenaliny, O-DSMT jest znacznie bardziej skoncentrowany w swoim dzia\u0142aniu:<\/p>\n<ul>\n<li><b>Wy\u017csza si\u0142a dzia\u0142ania opioid\u00f3w:<\/b> O-DSMT wi\u0105\u017ce si\u0119 ze znacznie wy\u017cszym powinowactwem do <span class=\"math-inline\" data-math=\"mu\">$mu$<\/span>receptory opioidowe, co znacznie zwi\u0119ksza jego dzia\u0142anie przeciwb\u00f3lowe w por\u00f3wnaniu z tramadolem.<\/li>\n<li><b>Zmniejszone dzia\u0142anie monoamin:<\/b> Wp\u0142yw na transportery serotoniny i noradrenaliny jest znacznie zmniejszony w przypadku O-DSMT. Sprawia to, \u017ce jest on bardziej atrakcyjny w badaniach, je\u015bli czysty efekt opioidowy ma by\u0107 konkretnie zbadany bez z\u0142o\u017conych psychoaktywnych skutk\u00f3w ubocznych hamowania wychwytu zwrotnego monoamin.<\/li>\n<\/ul>\n<h4><b>Znaczenie w badaniach<\/b><\/h4>\n<p>Laboratoria badawcze wykorzystuj\u0105 O-DSMT mi\u0119dzy innymi do:<\/p>\n<ul>\n<li>Analiza dok\u0142adnej interakcji i aktywacji receptor\u00f3w opioidowych.<\/li>\n<li>Opracowywanie nowych potencjalnych lek\u00f3w przeciwb\u00f3lowych i testowanie ich skuteczno\u015bci w <b>Badania in vitro<\/b> do por\u00f3wnania.<\/li>\n<li>Wyja\u015bnienie profilu farmakokinetycznego tramadolu poprzez izolacj\u0119 i analiz\u0119 g\u0142\u00f3wnego metabolitu.<\/li>\n<\/ul>\n<h3><b>Obserwacje farmakologiczne i informacje dotycz\u0105ce bezpiecze\u0144stwa<\/b><\/h3>\n<p>W kontrolowanych warunkach laboratoryjnych analizy O-DSMT wykazuj\u0105 typowe w\u0142a\u015bciwo\u015bci opioidowe. Obserwowane efekty obejmuj\u0105 silne dzia\u0142anie przeciwb\u00f3lowe i uspokajaj\u0105ce. Psychologiczne nadmierne pobudzenie, kt\u00f3re mo\u017ce wyst\u0105pi\u0107 w przypadku tramadolu z powodu hamowania wychwytu zwrotnego monoamin, jest mniej wyra\u017ane w przypadku O-DSMT.<\/p>\n<h4><b>Naukowo zaobserwowane efekty (tylko w \u015brodowisku laboratoryjnym)<\/b><\/h4>\n<p>Nast\u0119puj\u0105ce efekty s\u0105 obserwowane w przypadku substancji do cel\u00f3w klasyfikacji i dokumentacji:<\/p>\n<ul>\n<li>Wyra\u017ane w\u0142a\u015bciwo\u015bci przeciwb\u00f3lowe.<\/li>\n<li>Potencja\u0142 rozwoju tolerancji w badaniach d\u0142ugoterminowych.<\/li>\n<li>Sedacja i uspokojenie.<\/li>\n<li>Zainteresowanie analiz\u0105 potencja\u0142u uzale\u017cnienia.<\/li>\n<\/ul>\n<h4><b>\u015acis\u0142e protoko\u0142y bezpiecze\u0144stwa<\/b><\/h4>\n<p>Ze wzgl\u0119du na swoj\u0105 moc i klasyfikacj\u0119 jako <b>Opioid<\/b> obs\u0142uga O-DSMT musi spe\u0142nia\u0107 najwy\u017csze standardy bezpiecze\u0144stwa:<\/p>\n<ol start=\"1\">\n<li><b>Wy\u0142\u0105cznie do u\u017cytku profesjonalnego:<\/b> Substancja jest przeznaczona wy\u0142\u0105cznie do cel\u00f3w naukowych, analitycznych i kryminalistycznych. U\u017cycie poza kontrolowanymi eksperymentami laboratoryjnymi jest niezwykle niebezpieczne.<\/li>\n<li><b>Bezpieczne przechowywanie i utylizacja:<\/b> O-DSMT musi by\u0107 przechowywany pod kluczem, chroniony przed \u015bwiat\u0142em i w oznakowanym miejscu. Utylizacj\u0119 nale\u017cy przeprowadzi\u0107 zgodnie z wytycznymi dotycz\u0105cymi substancji niebezpiecznych.<\/li>\n<li><b>Ograniczenie dawki:<\/b> Dla <b>Testy in vitro<\/b> Zazwyczaj stosuje si\u0119 bardzo niskie st\u0119\u017cenia (w zakresie miligram\u00f3w). Ka\u017cde niew\u0142a\u015bciwe u\u017cycie lub spo\u017cycie, nawet w niewielkich ilo\u015bciach, mo\u017ce mie\u0107 konsekwencje zagra\u017caj\u0105ce \u017cyciu.<\/li>\n<\/ol>\n<h3><b>Z\u0142o\u017cona sytuacja prawna w Niemczech i na arenie mi\u0119dzynarodowej<\/b><\/h3>\n<p>Legalno\u015b\u0107 <b>Handel<\/b> i <b>w\u0142asno\u015b\u0107<\/b> O-DSMT jest bardzo z\u0142o\u017cona na ca\u0142ym \u015bwiecie, a w szczeg\u00f3lno\u015bci w Niemczech, i podlega ci\u0105g\u0142ym zmianom. <b>Istnieje wysoki stopie\u0144 niepewno\u015bci prawnej.<\/b><\/p>\n<h4><b>Prawo niemieckie (NpSG i BtMG)<\/b><\/h4>\n<p>W Niemczech O-DSMT nie jest wyra\u017anie w\u0142\u0105czony do <b>Ustawa o \u015brodkach odurzaj\u0105cych (BtMG)<\/b> wymienione. Jednak najprawdopodobniej pochodzi z <b>Ustawa o nowych substancjach psychoaktywnych (NpSG)<\/b> nagrane.<\/p>\n<ul>\n<li><b>NpSG (ustawa o nowych substancjach psychoaktywnych):<\/b> Prawo to zakazuje handlu i posiadania ca\u0142ych grup substancji chemicznych, w tym O-DSMT jako <b>Pochodna tramadolu<\/b> lub jako <b>syntetyczny opioid<\/b> mog\u0105 by\u0107 liczone. Handel i dystrybucja w celach konsumpcyjnych s\u0105 oczywi\u015bcie nielegalne.<\/li>\n<li><b>Zasada analogii:<\/b> Nawet je\u015bli substancja nie jest wyra\u017anie wymieniona w BtMG, w pewnych okoliczno\u015bciach mo\u017ce by\u0107 traktowana jako klasyczny narkotyk ze wzgl\u0119du na swoj\u0105 struktur\u0119 chemiczn\u0105 lub dzia\u0142anie.<\/li>\n<\/ul>\n<p><b>Wnioski dotycz\u0105ce sytuacji prawnej:<\/b> Ze wzgl\u0119du na NpSG, handel O-DSMT, nawet pod pozorem chemikali\u00f3w badawczych, jest zabroniony w Niemczech. <b>Wysokie ryzyko<\/b> i mo\u017ce skutkowa\u0107 wszcz\u0119ciem post\u0119powania karnego.<\/p>\n<h4><b>Sytuacja mi\u0119dzynarodowa<\/b><\/h4>\n<ul>\n<li><b>USA:<\/b> Federalna ustawa o analogach mo\u017ce mie\u0107 zastosowanie, poniewa\u017c O-DSMT jest chemicznie podobny do kontrolowanego opioidu tramadolu i ma podobne dzia\u0142anie farmakologiczne.<\/li>\n<li><b>Wielka Brytania, Szwecja, Norwegia:<\/b> W wielu krajach obowi\u0105zuj\u0105 kompleksowe przepisy (np. og\u00f3lne zakazy), kt\u00f3re zakazuj\u0105 stosowania ca\u0142ych grup substancji chemicznych, a tym samym wyra\u017anie nielegalizuj\u0105 O-DSMT.<\/li>\n<\/ul>\n<h3><b>Analiza i wyb\u00f3r subtancji<\/b><\/h3>\n<p>Powa\u017cne prace badawcze wymagaj\u0105 pr\u00f3bek o najwy\u017cszej jako\u015bci i czysto\u015bci. O-DSMT jest najcz\u0119\u015bciej u\u017cywany w <b>Posta\u0107 proszku<\/b> poniewa\u017c zapewnia to najwy\u017csz\u0105 czysto\u015b\u0107 w zastosowaniach laboratoryjnych.<\/p>\n<p>Najwa\u017cniejszym wymogiem przy zakupach dla instytucji badawczych jest <b>Zapewnienie jako\u015bci<\/b>:<\/p>\n<ul>\n<li><b>Stopie\u0144 czysto\u015bci:<\/b> Stopie\u0144 czysto\u015bci <b><span class=\"math-inline\" data-math=\"ge 99,%\">\u00a099%<\/span><\/b>\u00a0nale\u017cy d\u0105\u017cy\u0107.<\/li>\n<li><b>Analizy laboratoryjne:<\/b> A <b>Certyfikat analizy (COA)<\/b> z niezale\u017cnego, akredytowanego laboratorium w celu potwierdzenia zanieczyszcze\u0144 i rzeczywistego st\u0119\u017cenia.<\/li>\n<li><b>Opakowanie:<\/b> Substancja musi by\u0107 zapakowana w szczelne, odporne na wilgo\u0107 i \u015bwiat\u0142o opakowanie, aby zapobiec jej degradacji.<\/li>\n<\/ul>\n<p>Instytucje badawcze musz\u0105 zachowa\u0107 szczeg\u00f3ln\u0105 ostro\u017cno\u015b\u0107 przy wyborze dostawc\u00f3w i upewni\u0107 si\u0119, \u017ce dostarczaj\u0105 oni pe\u0142n\u0105 dokumentacj\u0119 chemiczn\u0105. <b>W\u0105tpliwe sklepy internetowe<\/b>, kt\u00f3re nie zapewniaj\u0105 przejrzystych raport\u00f3w laboratoryjnych lub danych odcisk\u00f3w, s\u0105 ca\u0142kowicie nieodpowiednie do cel\u00f3w naukowych.<\/p>","protected":false},"excerpt":{"rendered":"<h3>O-DSMT (Destramadol) - Wysokiej jako\u015bci syntetyczny \u015brodek przeciwb\u00f3lowy na sprzeda\u017c<\/h3>\n<p><strong>Odkryj O-DSMT: niezawodny \u015brodek przeciwb\u00f3lowy<\/strong><\/p>\n<p>Szukasz skutecznego rozwi\u0105zania przeciwb\u00f3lowego? O-DSMT, znany r\u00f3wnie\u017c jako Destramadol, to silny syntetyczny \u015brodek przeciwb\u00f3lowy, kt\u00f3ry jest ceniony za swoje w\u0142a\u015bciwo\u015bci przeciwb\u00f3lowe. Idealny dla os\u00f3b poszukuj\u0105cych niezawodnego leczenia, O-DSMT oferuje bezpieczny spos\u00f3b na z\u0142agodzenie b\u00f3lu.<\/p>","protected":false},"featured_media":7882,"comment_status":"open","ping_status":"closed","template":"","meta":{"_joinchat":[]},"product_brand":[],"product_cat":[56],"product_tag":[2768,2771,2770,774,2767,2769,2765,777,2766,2015],"class_list":{"0":"post-7877","1":"product","2":"type-product","3":"status-publish","4":"has-post-thumbnail","6":"product_cat-opioids","7":"product_tag-destramadol-kaufen","8":"product_tag-destramadol-prodej","9":"product_tag-o-dsmt-chemikalien","10":"product_tag-o-dsmt-kaufen","11":"product_tag-o-dsmt-kaufen-deutschland","12":"product_tag-o-dsmt-kristalle","13":"product_tag-o-dsmt-online","14":"product_tag-o-dsmt-preis","15":"product_tag-o-dsmt-pulver","16":"product_tag-synthetische-drogen","18":"first","19":"instock","20":"shipping-taxable","21":"purchasable","22":"product-type-variable"},"yoast_head":"<!-- This site is optimized with the Yoast SEO plugin v27.5 - https:\/\/yoast.com\/product\/yoast-seo-wordpress\/ -->\n<title>O-DSMT (Desmetramadol) online kaufen \u2013 ChemGramX<\/title>\n<meta name=\"description\" content=\"Kaufen Sie reines O-DSMT (Desmetramadol) online bei ChemGramX. Garantierte Reinheit, diskreter Versand und schnelle Lieferung.\" \/>\n<meta name=\"robots\" content=\"index, follow, max-snippet:-1, max-image-preview:large, max-video-preview:-1\" \/>\n<link rel=\"canonical\" href=\"https:\/\/chemgramx.com\/pl\/produkt-1\/o-dsmt-destramadol-kupic-online\/\" \/>\n<meta property=\"og:locale\" content=\"pl_PL\" \/>\n<meta property=\"og:type\" content=\"article\" \/>\n<meta property=\"og:title\" content=\"O-DSMT (Desmetramadol) online kaufen \u2013 ChemGramX\" \/>\n<meta property=\"og:description\" content=\"Kaufen Sie reines O-DSMT (Desmetramadol) online bei ChemGramX. Garantierte Reinheit, diskreter Versand und schnelle Lieferung.\" \/>\n<meta property=\"og:url\" content=\"https:\/\/chemgramx.com\/pl\/produkt-1\/o-dsmt-destramadol-kupic-online\/\" \/>\n<meta property=\"og:site_name\" content=\"Chemgramx\" \/>\n<meta property=\"article:modified_time\" content=\"2025-11-21T11:24:42+00:00\" \/>\n<meta property=\"og:image\" content=\"https:\/\/chemgramx.com\/wp-content\/uploads\/2025\/11\/O-DSMT-kaufen.webp\" \/>\n\t<meta property=\"og:image:width\" content=\"500\" \/>\n\t<meta property=\"og:image:height\" content=\"500\" \/>\n\t<meta property=\"og:image:type\" content=\"image\/webp\" \/>\n<meta name=\"twitter:card\" content=\"summary_large_image\" \/>\n<meta name=\"twitter:label1\" content=\"Szacowany czas czytania\" \/>\n\t<meta name=\"twitter:data1\" content=\"4 minuty\" \/>\n<script type=\"application\/ld+json\" class=\"yoast-schema-graph\">{\"@context\":\"https:\\\/\\\/schema.org\",\"@graph\":[{\"@type\":\"WebPage\",\"@id\":\"https:\\\/\\\/chemgramx.com\\\/product\\\/o-dsmt-destramadol-online-kaufen\\\/\",\"url\":\"https:\\\/\\\/chemgramx.com\\\/product\\\/o-dsmt-destramadol-online-kaufen\\\/\",\"name\":\"O-DSMT (Desmetramadol) online kaufen \u2013 ChemGramX\",\"isPartOf\":{\"@id\":\"https:\\\/\\\/chemgramx.com\\\/#website\"},\"primaryImageOfPage\":{\"@id\":\"https:\\\/\\\/chemgramx.com\\\/product\\\/o-dsmt-destramadol-online-kaufen\\\/#primaryimage\"},\"image\":{\"@id\":\"https:\\\/\\\/chemgramx.com\\\/product\\\/o-dsmt-destramadol-online-kaufen\\\/#primaryimage\"},\"thumbnailUrl\":\"https:\\\/\\\/chemgramx.com\\\/wp-content\\\/uploads\\\/2025\\\/11\\\/O-DSMT-kaufen.webp\",\"datePublished\":\"2025-11-21T11:23:56+00:00\",\"dateModified\":\"2025-11-21T11:24:42+00:00\",\"description\":\"Kaufen Sie reines O-DSMT (Desmetramadol) online bei ChemGramX. Garantierte Reinheit, diskreter Versand und schnelle Lieferung.\",\"breadcrumb\":{\"@id\":\"https:\\\/\\\/chemgramx.com\\\/product\\\/o-dsmt-destramadol-online-kaufen\\\/#breadcrumb\"},\"inLanguage\":\"pl-PL\",\"potentialAction\":[{\"@type\":\"ReadAction\",\"target\":[\"https:\\\/\\\/chemgramx.com\\\/product\\\/o-dsmt-destramadol-online-kaufen\\\/\"]}]},{\"@type\":\"ImageObject\",\"inLanguage\":\"pl-PL\",\"@id\":\"https:\\\/\\\/chemgramx.com\\\/product\\\/o-dsmt-destramadol-online-kaufen\\\/#primaryimage\",\"url\":\"https:\\\/\\\/chemgramx.com\\\/wp-content\\\/uploads\\\/2025\\\/11\\\/O-DSMT-kaufen.webp\",\"contentUrl\":\"https:\\\/\\\/chemgramx.com\\\/wp-content\\\/uploads\\\/2025\\\/11\\\/O-DSMT-kaufen.webp\",\"width\":500,\"height\":500},{\"@type\":\"BreadcrumbList\",\"@id\":\"https:\\\/\\\/chemgramx.com\\\/product\\\/o-dsmt-destramadol-online-kaufen\\\/#breadcrumb\",\"itemListElement\":[{\"@type\":\"ListItem\",\"position\":1,\"name\":\"Home\",\"item\":\"https:\\\/\\\/chemgramx.com\\\/\"},{\"@type\":\"ListItem\",\"position\":2,\"name\":\"Shop\",\"item\":\"https:\\\/\\\/chemgramx.com\\\/shop\\\/\"},{\"@type\":\"ListItem\",\"position\":3,\"name\":\"O-DSMT (Destramadol) online kaufen\"}]},{\"@type\":\"WebSite\",\"@id\":\"https:\\\/\\\/chemgramx.com\\\/#website\",\"url\":\"https:\\\/\\\/chemgramx.com\\\/\",\"name\":\"Chemgramx\",\"description\":\"\",\"publisher\":{\"@id\":\"https:\\\/\\\/chemgramx.com\\\/#organization\"},\"potentialAction\":[{\"@type\":\"SearchAction\",\"target\":{\"@type\":\"EntryPoint\",\"urlTemplate\":\"https:\\\/\\\/chemgramx.com\\\/?s={search_term_string}\"},\"query-input\":{\"@type\":\"PropertyValueSpecification\",\"valueRequired\":true,\"valueName\":\"search_term_string\"}}],\"inLanguage\":\"pl-PL\"},{\"@type\":\"Organization\",\"@id\":\"https:\\\/\\\/chemgramx.com\\\/#organization\",\"name\":\"Chemgramx\",\"url\":\"https:\\\/\\\/chemgramx.com\\\/\",\"logo\":{\"@type\":\"ImageObject\",\"inLanguage\":\"pl-PL\",\"@id\":\"https:\\\/\\\/chemgramx.com\\\/#\\\/schema\\\/logo\\\/image\\\/\",\"url\":\"https:\\\/\\\/chemgramx.com\\\/wp-content\\\/uploads\\\/2024\\\/10\\\/final-logo.png\",\"contentUrl\":\"https:\\\/\\\/chemgramx.com\\\/wp-content\\\/uploads\\\/2024\\\/10\\\/final-logo.png\",\"width\":250,\"height\":48,\"caption\":\"Chemgramx\"},\"image\":{\"@id\":\"https:\\\/\\\/chemgramx.com\\\/#\\\/schema\\\/logo\\\/image\\\/\"}}]}<\/script>\n<!-- \/ Yoast SEO plugin. -->","yoast_head_json":{"title":"Kup O-DSMT (Desmetramadol) online \u2013 ChemGramX","description":"Kup czysty O-DSMT (Desmetramadol) online w ChemGramX. Gwarancja czysto\u015bci, dyskretna wysy\u0142ka i szybka dostawa.","robots":{"index":"index","follow":"follow","max-snippet":"max-snippet:-1","max-image-preview":"max-image-preview:large","max-video-preview":"max-video-preview:-1"},"canonical":"https:\/\/chemgramx.com\/pl\/produkt-1\/o-dsmt-destramadol-kupic-online\/","og_locale":"pl_PL","og_type":"article","og_title":"O-DSMT (Desmetramadol) online kaufen \u2013 ChemGramX","og_description":"Kaufen Sie reines O-DSMT (Desmetramadol) online bei ChemGramX. Garantierte Reinheit, diskreter Versand und schnelle Lieferung.","og_url":"https:\/\/chemgramx.com\/pl\/produkt-1\/o-dsmt-destramadol-kupic-online\/","og_site_name":"Chemgramx","article_modified_time":"2025-11-21T11:24:42+00:00","og_image":[{"width":500,"height":500,"url":"https:\/\/chemgramx.com\/wp-content\/uploads\/2025\/11\/O-DSMT-kaufen.webp","type":"image\/webp"}],"twitter_card":"summary_large_image","twitter_misc":{"Szacowany czas czytania":"4 minuty"},"schema":{"@context":"https:\/\/schema.org","@graph":[{"@type":"WebPage","@id":"https:\/\/chemgramx.com\/product\/o-dsmt-destramadol-online-kaufen\/","url":"https:\/\/chemgramx.com\/product\/o-dsmt-destramadol-online-kaufen\/","name":"Kup O-DSMT (Desmetramadol) online \u2013 ChemGramX","isPartOf":{"@id":"https:\/\/chemgramx.com\/#website"},"primaryImageOfPage":{"@id":"https:\/\/chemgramx.com\/product\/o-dsmt-destramadol-online-kaufen\/#primaryimage"},"image":{"@id":"https:\/\/chemgramx.com\/product\/o-dsmt-destramadol-online-kaufen\/#primaryimage"},"thumbnailUrl":"https:\/\/chemgramx.com\/wp-content\/uploads\/2025\/11\/O-DSMT-kaufen.webp","datePublished":"2025-11-21T11:23:56+00:00","dateModified":"2025-11-21T11:24:42+00:00","description":"Kup czysty O-DSMT (Desmetramadol) online w ChemGramX. Gwarancja czysto\u015bci, dyskretna wysy\u0142ka i szybka dostawa.","breadcrumb":{"@id":"https:\/\/chemgramx.com\/product\/o-dsmt-destramadol-online-kaufen\/#breadcrumb"},"inLanguage":"pl-PL","potentialAction":[{"@type":"ReadAction","target":["https:\/\/chemgramx.com\/product\/o-dsmt-destramadol-online-kaufen\/"]}]},{"@type":"ImageObject","inLanguage":"pl-PL","@id":"https:\/\/chemgramx.com\/product\/o-dsmt-destramadol-online-kaufen\/#primaryimage","url":"https:\/\/chemgramx.com\/wp-content\/uploads\/2025\/11\/O-DSMT-kaufen.webp","contentUrl":"https:\/\/chemgramx.com\/wp-content\/uploads\/2025\/11\/O-DSMT-kaufen.webp","width":500,"height":500},{"@type":"BreadcrumbList","@id":"https:\/\/chemgramx.com\/product\/o-dsmt-destramadol-online-kaufen\/#breadcrumb","itemListElement":[{"@type":"ListItem","position":1,"name":"Home","item":"https:\/\/chemgramx.com\/"},{"@type":"ListItem","position":2,"name":"Shop","item":"https:\/\/chemgramx.com\/shop\/"},{"@type":"ListItem","position":3,"name":"O-DSMT (Destramadol) online kaufen"}]},{"@type":"WebSite","@id":"https:\/\/chemgramx.com\/#website","url":"https:\/\/chemgramx.com\/","name":"Chemgramx","description":"","publisher":{"@id":"https:\/\/chemgramx.com\/#organization"},"potentialAction":[{"@type":"SearchAction","target":{"@type":"EntryPoint","urlTemplate":"https:\/\/chemgramx.com\/?s={search_term_string}"},"query-input":{"@type":"PropertyValueSpecification","valueRequired":true,"valueName":"search_term_string"}}],"inLanguage":"pl-PL"},{"@type":"Organization","@id":"https:\/\/chemgramx.com\/#organization","name":"Chemgramx","url":"https:\/\/chemgramx.com\/","logo":{"@type":"ImageObject","inLanguage":"pl-PL","@id":"https:\/\/chemgramx.com\/#\/schema\/logo\/image\/","url":"https:\/\/chemgramx.com\/wp-content\/uploads\/2024\/10\/final-logo.png","contentUrl":"https:\/\/chemgramx.com\/wp-content\/uploads\/2024\/10\/final-logo.png","width":250,"height":48,"caption":"Chemgramx"},"image":{"@id":"https:\/\/chemgramx.com\/#\/schema\/logo\/image\/"}}]}},"_links":{"self":[{"href":"https:\/\/chemgramx.com\/pl\/wp-json\/wp\/v2\/product\/7877","targetHints":{"allow":["GET"]}}],"collection":[{"href":"https:\/\/chemgramx.com\/pl\/wp-json\/wp\/v2\/product"}],"about":[{"href":"https:\/\/chemgramx.com\/pl\/wp-json\/wp\/v2\/types\/product"}],"replies":[{"embeddable":true,"href":"https:\/\/chemgramx.com\/pl\/wp-json\/wp\/v2\/comments?post=7877"}],"wp:featuredmedia":[{"embeddable":true,"href":"https:\/\/chemgramx.com\/pl\/wp-json\/wp\/v2\/media\/7882"}],"wp:attachment":[{"href":"https:\/\/chemgramx.com\/pl\/wp-json\/wp\/v2\/media?parent=7877"}],"wp:term":[{"taxonomy":"product_brand","embeddable":true,"href":"https:\/\/chemgramx.com\/pl\/wp-json\/wp\/v2\/product_brand?post=7877"},{"taxonomy":"product_cat","embeddable":true,"href":"https:\/\/chemgramx.com\/pl\/wp-json\/wp\/v2\/product_cat?post=7877"},{"taxonomy":"product_tag","embeddable":true,"href":"https:\/\/chemgramx.com\/pl\/wp-json\/wp\/v2\/product_tag?post=7877"}],"curies":[{"name":"wp","href":"https:\/\/api.w.org\/{rel}","templated":true}]}}