{"id":7881,"date":"2025-11-21T11:23:57","date_gmt":"2025-11-21T11:23:57","guid":{"rendered":"https:\/\/chemgramx.com\/?post_type=product&#038;p=7881"},"modified":"2025-11-21T11:24:55","modified_gmt":"2025-11-21T11:24:55","slug":"5-metoksymetylon-zamowienie-online","status":"publish","type":"product","link":"https:\/\/chemgramx.com\/pl\/product\/5-methoxymethylone-online-bestellung\/","title":{"rendered":"5-Methoxymethylone Zam\u00f3w online"},"content":{"rendered":"<p>5-metoksymetylon, znany r\u00f3wnie\u017c jako <strong>\u03b2k-MMDMA<\/strong> lub <strong>2-A1MP<\/strong>, jest syntetyczn\u0105 chemi\u0105 badawcz\u0105 z grupy <strong>Katynon<\/strong>.<br \/>\nPod wzgl\u0119dem chemicznym nale\u017cy do rodziny <em>\u03b2-Keto-Amfetamina<\/em> i jest strukturalnie blisko <strong>Metylon (\u03b2k-MDMA)<\/strong> znana entaktogenna pochodna MDMA.<br \/>\nWprowadzenie grupy metoksylowej w pi\u0105tej pozycji pier\u015bcienia aromatycznego odr\u00f3\u017cnia 5-metoksymetylon od jego zwi\u0105zku macierzystego i wp\u0142ywa zar\u00f3wno na jego aktywno\u015b\u0107 farmakologiczn\u0105, jak i stabilno\u015b\u0107 metaboliczn\u0105.<\/p>\n<p>Chocia\u017c 5-metoksymetylon zosta\u0142 pierwotnie zsyntetyzowany do cel\u00f3w badawczych, na kr\u00f3tko pojawi\u0142 si\u0119 na szarym rynku jako tzw. <em>\u201eResearch Chemical\u201c<\/em> na.<br \/>\nSubstancja ta pozostaje jednak istotna z naukowego punktu widzenia ze wzgl\u0119du na jej potencja\u0142 w zakresie dostarczania informacji na temat zale\u017cno\u015bci struktura-aktywno\u015b\u0107 analog\u00f3w katynonu i substancji entaktogennych.<\/p>\n<h2>Struktura chemiczna i klasyfikacja<\/h2>\n<p>Pod wzgl\u0119dem chemicznym 5-metoksymetylon nale\u017cy do <strong>synteza-analog \u03b2-keto-amfetaminy<\/strong>, pochodz\u0105cy z naturalnej substancji katynon (alkaloid ro\u015bliny <em>Catha edulis<\/em>).<br \/>\nZwi\u0105zki te charakteryzuj\u0105 si\u0119 grup\u0105 ketonow\u0105 (C=O) w pozycji \u03b2 i podstawieniem w pier\u015bcieniu fenylowym.<\/p>\n<h3>Wa\u017cne w\u0142a\u015bciwo\u015bci chemiczne<\/h3>\n<ul>\n<li><strong>Wz\u00f3r na sum\u0119:<\/strong> C<sub>12<\/sub>H<sub>15<\/sub>NIE<sub>3<\/sub><\/li>\n<li><strong>Masa cz\u0105steczkowa:<\/strong> 221,25 g\/mol<\/li>\n<li><strong>Struktura chemiczna:<\/strong> \u03b2-Keto-3,4-metyleno-podstawiona lub metoksy-podstawiona amfetamina<\/li>\n<li><strong>Numer CAS:<\/strong> niewyra\u017anie przypisane (zmienne analitycznie)<\/li>\n<li><strong>Temperatura topnienia:<\/strong> ok. 167-172 \u00b0C (zmienna w zale\u017cno\u015bci od stopnia izomeryzmu)<\/li>\n<li><strong>Stabilno\u015b\u0107:<\/strong> Wra\u017cliwy na \u015bwiat\u0142o i wilgo\u0107; przechowywa\u0107 w temperaturze 2-8 \u00b0C<\/li>\n<\/ul>\n<p>W por\u00f3wnaniu do metylon\u00f3w, 5-metoksymetylony maj\u0105 dodatkow\u0105 cech\u0119 <a href=\"\/product\/methylmethaqualone-online-kaufen\/\">Grupa metoksylowa<\/a> (-OCH\u2083) w pozycji aromatycznej 5.<br \/>\nTa niewielka modyfikacja strukturalna mo\u017ce mie\u0107 znacz\u0105cy wp\u0142yw na w\u0142a\u015bciwo\u015bci farmakologiczne, zw\u0142aszcza na lipofilowo\u015b\u0107 i powinowactwo do receptora.<\/p>\n<h2>W\u0142a\u015bciwo\u015bci farmakologiczne<\/h2>\n<p>5-metoksymetylon jest jednym z tzw. <strong>entaktogenne i stymuluj\u0105ce katynony<\/strong>.<br \/>\nSubstancje entaktogenne subiektywnie promuj\u0105 empati\u0119, otwarto\u015b\u0107 spo\u0142eczn\u0105 i wi\u0119\u017a emocjonaln\u0105, podczas gdy sk\u0142adniki stymuluj\u0105ce mog\u0105 prowadzi\u0107 do zwi\u0119kszonej aktywno\u015bci i czujno\u015bci.<br \/>\nJednak dok\u0142adne mechanizmy dzia\u0142ania 5-metoksymetylonu nie zosta\u0142y jeszcze wystarczaj\u0105co zbadane.<\/p>\n<p>Badania in vitro podobnych katynon\u00f3w (np. metylon\u00f3w lub butylon\u00f3w) wykaza\u0142y wp\u0142yw na <strong>Transporter monoamin<\/strong> dla dopaminy, noradrenaliny i serotoniny (DAT, NET, SERT).<br \/>\nNaukowcy zak\u0142adaj\u0105 zatem, \u017ce 5-metoksymetylon mo\u017ce r\u00f3wnie\u017c wp\u0142ywa\u0107 na te systemy - cho\u0107 ze zmienion\u0105 selektywno\u015bci\u0105 ze wzgl\u0119du na podstawienie metoksy.<\/p>\n<h3>Mo\u017cliwe efekty farmakologiczne<\/h3>\n<ul>\n<li>Uwalnianie serotoniny i noradrenaliny w szczelinie synaptycznej<\/li>\n<li>Hamowanie wychwytu zwrotnego tych neuroprzeka\u017anik\u00f3w<\/li>\n<li>Umiarkowane uwalnianie dopaminy z efektem stymuluj\u0105cym<\/li>\n<li>Dzia\u0142anie entaktogenne spowodowane zmienion\u0105 aktywno\u015bci\u0105 serotoniny<\/li>\n<\/ul>\n<p>Poniewa\u017c dane farmakodynamiczne dotycz\u0105ce 5-metoksymetylonu s\u0105 ograniczone, jest on wykorzystywany g\u0142\u00f3wnie w badaniach eksperymentalnych w celu zbadania zale\u017cno\u015bci struktura-aktywno\u015b\u0107 (SAR) w klasie katynon\u00f3w.<\/p>\n<h2>Zainteresowania badawcze i zastosowania naukowe<\/h2>\n<p>Znaczenie naukowe 5-metoksymetylonu polega na mo\u017cliwo\u015bci analizy wp\u0142ywu podstawie\u0144 chemicznych na aktywno\u015b\u0107 farmakologiczn\u0105 i stabilno\u015b\u0107 metaboliczn\u0105.<br \/>\nBadacze s\u0105 szczeg\u00f3lnie zainteresowani nast\u0119puj\u0105cymi pytaniami:<\/p>\n<ul>\n<li>W jaki spos\u00f3b grupa metoksylowa zmienia lipofilowo\u015b\u0107 i wi\u0105zanie receptora?<\/li>\n<li>Jaki wp\u0142yw ma na powinowactwo transporter\u00f3w serotoniny i noradrenaliny?<\/li>\n<li>Jakie metabolity powstaj\u0105 podczas degradacji enzymatycznej?<\/li>\n<li>Czym r\u00f3\u017cni\u0105 si\u0119 profile farmakokinetyczne od metylon\u00f3w?<\/li>\n<\/ul>\n<p>Odpowiedzi na te pytania s\u0105 wa\u017cne, aby <strong>biochemiczny <a href=\"\/product\/impvp-online-kaufen\/\">Podstawa<\/a> efekty entaktogenne<\/strong> i opracowanie nowych modeli farmakologicznych do bada\u0144 terapeutycznych.<\/p>\n<h2>Analityczne metody wykrywania<\/h2>\n<p>W laboratoriach toksykologicznych i kryminalistycznych 5-metoksymetylon jest zwykle analizowany przez <strong>Chromatografia cieczowa ze spektrometri\u0105 mas (LC-MS\/MS)<\/strong> lub <strong>Chromatografia gazowa ze spektrometri\u0105 mas (GC-MS)<\/strong> zidentyfikowane.<br \/>\nMetody te umo\u017cliwiaj\u0105 niezawodne wykrywanie w pr\u00f3bkach biologicznych (np. krwi, moczu) lub pozosta\u0142o\u015bciach.<\/p>\n<p>Struktura jest cz\u0119sto uzupe\u0142niana przez <strong>Spektroskopia w podczerwieni (FTIR)<\/strong> oraz <strong>Spektroskopia magnetycznego rezonansu j\u0105drowego (NMR)<\/strong> zweryfikowane w celu wykluczenia zanieczyszcze\u0144 izomerycznych.<\/p>\n<h2>Status prawny<\/h2>\n<p>Status prawny 5-metoksymetylonu r\u00f3\u017cni si\u0119 w zale\u017cno\u015bci od kraju.<br \/>\nW wielu krajach, w tym w Niemczech, Austrii, Wielkiej Brytanii i USA, podobne katynony s\u0105 ju\u017c obj\u0119te zakresem <strong>Ustawa o nowych substancjach psychoaktywnych (NpSG)<\/strong> lub odpowiadaj\u0105ce im <strong>Ustawy o substancjach kontrolowanych<\/strong>.<br \/>\nZak\u0142ada si\u0119 zatem, \u017ce 5-metoksymetylon jest r\u00f3wnie\u017c prawnie ograniczony lub zakazany.<\/p>\n<h3>Przegl\u0105d prawny (stan na 2025 r.)<\/h3>\n<ul>\n<li><strong>Niemcy:<\/strong> Najprawdopodobniej obj\u0119te NpSG (analogi katynon\u00f3w zabronione)<\/li>\n<li><strong>USA:<\/strong> Potencjalnie regulowane na mocy federalnej ustawy o analogach<\/li>\n<li><strong>WIELKA BRYTANIA:<\/strong> Nielegalne na mocy ustawy o substancjach psychoaktywnych<\/li>\n<li><strong>Kanada i Australia:<\/strong> Przewa\u017cnie wymienione w regulacjach podobnych do harmonogramu<\/li>\n<\/ul>\n<p>Oznacza to, \u017ce zakup, posiadanie lub sprzeda\u017c 5-metoksymetylonu jest niedozwolona w wielu krajach.<br \/>\nBadania mog\u0105 by\u0107 prowadzone wy\u0142\u0105cznie w autoryzowanych plac\u00f3wkach posiadaj\u0105cych odpowiednie zezwolenia.<\/p>\n<h2>Instrukcje dotycz\u0105ce bezpiecze\u0144stwa i obs\u0142ugi<\/h2>\n<p>Ze wzgl\u0119du na ograniczone dost\u0119pne dane na temat farmakologicznego dzia\u0142ania 5-metoksymetylonu, wszelkie prace z t\u0105 substancj\u0105 musz\u0105 by\u0107 wykonywane z zachowaniem ostro\u017cno\u015bci. <strong>szczeg\u00f3lna ostro\u017cno\u015b\u0107<\/strong> do wykonania.<br \/>\nMo\u017ce by\u0107 u\u017cywany wy\u0142\u0105cznie w kontrolowanych \u015brodowiskach laboratoryjnych, kt\u00f3re spe\u0142niaj\u0105 nast\u0119puj\u0105ce warunki <strong>Dobra praktyka laboratoryjna (GLP)<\/strong>-wytyczne.<\/p>\n<h3>Zalecane \u015brodki ochronne<\/h3>\n<ul>\n<li>Nosi\u0107 odzie\u017c ochronn\u0105, r\u0119kawice i maski oddechowe<\/li>\n<li>Praca wy\u0142\u0105cznie pod dygestorium<\/li>\n<li>Unika\u0107 bezpo\u015bredniego kontaktu ze sk\u00f3r\u0105 i oczami<\/li>\n<li>Bezpieczna utylizacja zgodnie z rozporz\u0105dzeniem w sprawie substancji niebezpiecznych<\/li>\n<li>Przechowywanie w szczelnych, oznakowanych pojemnikach na pr\u00f3bki<\/li>\n<\/ul>\n<p>Pami\u0119\u0107 masowa powinna <strong>ch\u0142odny (2-8 \u00b0C), suchy i chroniony przed \u015bwiat\u0142em<\/strong> mie\u0107 miejsce.<br \/>\nPoniewa\u017c 5-metoksymetylon mo\u017ce reagowa\u0107 higroskopijnie, zaleca si\u0119 przechowywanie go w atmosferze gazu oboj\u0119tnego (azotu lub argonu).<\/p>\n<h2>Rozwa\u017cania dotycz\u0105ce etyki bada\u0144<\/h2>\n<p>Podobnie jak w przypadku wszystkich substancji z klasy syntetycznych katynon\u00f3w:<br \/>\nPraca naukowa z 5-metoksymetylonem wymaga nie tylko wiedzy technicznej, ale tak\u017ce odpowiedzialno\u015bci etycznej.<br \/>\nNiekontrolowane eksperymenty lub nieautoryzowane pozyskiwanie takich substancji chemicznych jest sprzeczne z podstawowymi zasadami bezpiecze\u0144stwa bada\u0144.<\/p>\n<p>Badacze powinni zamiast tego skupi\u0107 si\u0119 na <strong>Zatwierdzone normy chemiczne<\/strong> i przejrzyste \u017ar\u00f3d\u0142a dostaw.<br \/>\nJest to jedyny spos\u00f3b na osi\u0105gni\u0119cie powtarzalnych, legalnych i bezpiecznych wynik\u00f3w.<\/p>\n<h2>Znaczenie naukowe<\/h2>\n<p>Badania nad 5-metoksymetylonem przyczyniaj\u0105 si\u0119 do g\u0142\u0119bszego zrozumienia zale\u017cno\u015bci mi\u0119dzy struktur\u0105 a aktywno\u015bci\u0105 entaktogen\u00f3w.<br \/>\nTakie odkrycia s\u0105 nie tylko istotne dla bada\u0144 podstawowych, ale mog\u0105 r\u00f3wnie\u017c pom\u00f3c w opracowaniu nowych farmakologicznych metod leczenia chor\u00f3b psychicznych w perspektywie d\u0142ugoterminowej.<\/p>\n<p>Ponadto analiza tego zwi\u0105zku dostarcza cennych danych do cel\u00f3w kryminalistycznych i toksykologicznych, na przyk\u0142ad w opracowywaniu metod wykrywania nowych substancji psychoaktywnych (NPS).<\/p>\n<h2>Wnioski<\/h2>\n<p>5-metoksymetylon jest <strong>interesuj\u0105ca, ale potencjalnie ryzykowna pochodna katynonu<\/strong>, kt\u00f3ry jest wykorzystywany w badaniach nad systemami neuroprzeka\u017anik\u00f3w i zale\u017cno\u015bciami struktura-aktywno\u015b\u0107.<br \/>\nJego podobie\u0144stwo chemiczne do metylon\u00f3w sprawia, \u017ce jest on wa\u017cny dla bada\u0144 analitycznych, ale ze wzgl\u0119du na ograniczenia prawne mo\u017ce by\u0107 stosowany tylko w dozwolonych warunkach.<\/p>\n<p>Ka\u017cdy, kto ma do czynienia z t\u0105 substancj\u0105, powinien zawsze zwraca\u0107 uwag\u0119 na dok\u0142adno\u015b\u0107 naukow\u0105, zgodno\u015b\u0107 z prawem i najwy\u017csze standardy bezpiecze\u0144stwa.<br \/>\n5-metoksymetylon pozostaje zatem przyk\u0142adem r\u00f3wnowagi mi\u0119dzy naukowym zainteresowaniem wiedz\u0105 a odpowiedzialno\u015bci\u0105 regulacyjn\u0105 we wsp\u00f3\u0142czesnych badaniach chemicznych.<\/p>","protected":false},"excerpt":{"rendered":"<p>5-metoksy-metylon jest syntetycznym katynonem i pochodn\u0105 <strong>MDMA (ecstasy)<\/strong> oraz <strong>Metylon<\/strong>kt\u00f3ra nale\u017cy do rodziny podstawionych amfetamin. \u0141\u0105czy w sobie dzia\u0142anie pobudzaj\u0105ce i empatogenne, cho\u0107 jest mniej zbadana ni\u017c jej bardziej znane odpowiedniki. U\u017cytkownicy zg\u0142aszaj\u0105 efekty podobne do <strong>MDMA<\/strong>ale z unikalnym psychodelicznym smakiem dzi\u0119ki <strong>Podstawienie 5-metoksy<\/strong>.<\/p>","protected":false},"featured_media":7886,"comment_status":"open","ping_status":"closed","template":"","meta":{"_joinchat":[]},"product_brand":[],"product_cat":[56],"product_tag":[1755,1761,1022,1043,1047,1032,1033,1046,1023,1021,1041,1037,1042,1048,1028,1030,1036,1024,1029,1035,1025,1040,1049,1027,1044,1038,1034,1031,1045,1039,1026,1768,1777,1764,1776,1762,1757,1754,1772,1774,1758,1769,1771,1756,1763,1773,1778,1775,1759,1760,1770,1765,1767,1766],"class_list":{"0":"post-7881","1":"product","2":"type-product","3":"status-publish","4":"has-post-thumbnail","6":"product_cat-opioids","7":"product_tag-5-meo-mmc-bestellen","8":"product_tag-5-meo-mmc-forschung-chemikalie","9":"product_tag-5-meome-mdmc","10":"product_tag-5-meome-mdmc-effekte","11":"product_tag-5-meome-mdmc-fur-forschung","12":"product_tag-5-meome-mdmc-kaufen","13":"product_tag-5-meome-mdmc-lieferant","14":"product_tag-5-meome-mdmc-studien","15":"product_tag-5-methoxy-methylon","16":"product_tag-5-methoxymethylon","17":"product_tag-5-methoxymethylon-analyse","18":"product_tag-5-methoxymethylon-anwendungen","19":"product_tag-5-methoxymethylon-chemie","20":"product_tag-5-methoxymethylon-eigenschaften","21":"product_tag-5-methoxymethylon-forschungschemikalie","22":"product_tag-5-methoxymethylon-groshandel","23":"product_tag-5-methoxymethylon-handhabung","24":"product_tag-5-methoxymethylon-kaufen","25":"product_tag-5-methoxymethylon-laboranwendung","26":"product_tag-5-methoxymethylon-lagerung","27":"product_tag-5-methoxymethylon-lieferant","28":"product_tag-5-methoxymethylon-markt","29":"product_tag-5-methoxymethylon-pharmakologie","30":"product_tag-5-methoxymethylon-preis","31":"product_tag-5-methoxymethylon-reinheit","32":"product_tag-5-methoxymethylon-risiken","33":"product_tag-5-methoxymethylon-sicherheit","34":"product_tag-5-methoxymethylon-verfugbarkeit","35":"product_tag-5-methoxymethylon-vertrieb","36":"product_tag-5-methoxymethylon-vorschriften","37":"product_tag-5-methoxymethylon-zum-verkauf","38":"product_tag-5-methoxymethylone-bulk-bestellung","39":"product_tag-5-methoxymethylone-chemikalie","40":"product_tag-5-methoxymethylone-experimente","41":"product_tag-5-methoxymethylone-forschung","42":"product_tag-5-methoxymethylone-fur-neurowissenschaftliche-studien","43":"product_tag-5-methoxymethylone-groshandel","44":"product_tag-5-methoxymethylone-kaufen","45":"product_tag-5-methoxymethylone-labor","46":"product_tag-5-methoxymethylone-legal","47":"product_tag-5-methoxymethylone-lieferant","48":"product_tag-5-methoxymethylone-marktanalyse","49":"product_tag-5-methoxymethylone-online","50":"product_tag-5-methoxymethylone-online-bestellen","51":"product_tag-5-methoxymethylone-pharmazeutische-forschung","52":"product_tag-5-methoxymethylone-sicher","53":"product_tag-5-methoxymethylone-versand","54":"product_tag-5meommc-gunstig","55":"product_tag-forschung-chemikalien-5-methoxymethylone","56":"product_tag-hochwertige-5-methoxymethylone-kaufen","57":"product_tag-innovative-5-methoxymethylone-forschung","58":"product_tag-laborqualitat-5-methoxymethylone","59":"product_tag-legaler-5-methoxymethylone-anbieter","60":"product_tag-sicherer-5-methoxymethylone-versand","62":"first","63":"instock","64":"shipping-taxable","65":"purchasable","66":"product-type-variable"},"yoast_head":"<!-- This site is optimized with the Yoast SEO plugin v27.5 - https:\/\/yoast.com\/product\/yoast-seo-wordpress\/ -->\n<title>5-Methoxymethylon zu verkaufen<\/title>\n<meta name=\"description\" content=\"Sie k\u00f6nnen jetzt 5-Methoxymethylon in unserem Top-Shop Chemgramx kaufen. Unsere Mitarbeiter helfen Ihnen, 5-Methoxymethylon online zu den besten Preisen zu kaufen. Bestellen Sie 5-Methoxymethylon noch heute online mit weltweitem Versand!\" \/>\n<meta name=\"robots\" content=\"index, follow, max-snippet:-1, max-image-preview:large, max-video-preview:-1\" \/>\n<link rel=\"canonical\" href=\"https:\/\/chemgramx.com\/pl\/produkt-1\/5-metoksymetylon-zamowienie-online\/\" \/>\n<meta property=\"og:locale\" content=\"pl_PL\" \/>\n<meta property=\"og:type\" content=\"article\" \/>\n<meta property=\"og:title\" content=\"5-Methoxymethylon zu verkaufen\" \/>\n<meta property=\"og:description\" content=\"Sie k\u00f6nnen jetzt 5-Methoxymethylon in unserem Top-Shop Chemgramx kaufen. Unsere Mitarbeiter helfen Ihnen, 5-Methoxymethylon online zu den besten Preisen zu kaufen. Bestellen Sie 5-Methoxymethylon noch heute online mit weltweitem Versand!\" \/>\n<meta property=\"og:url\" content=\"https:\/\/chemgramx.com\/pl\/produkt-1\/5-metoksymetylon-zamowienie-online\/\" \/>\n<meta property=\"og:site_name\" content=\"Chemgramx\" \/>\n<meta property=\"article:modified_time\" content=\"2025-11-21T11:24:55+00:00\" \/>\n<meta property=\"og:image\" content=\"https:\/\/chemgramx.com\/wp-content\/uploads\/2025\/11\/5-Methoxymethylone.webp\" \/>\n\t<meta property=\"og:image:width\" content=\"600\" \/>\n\t<meta property=\"og:image:height\" content=\"489\" \/>\n\t<meta property=\"og:image:type\" content=\"image\/webp\" \/>\n<meta name=\"twitter:card\" content=\"summary_large_image\" \/>\n<meta name=\"twitter:label1\" content=\"Szacowany czas czytania\" \/>\n\t<meta name=\"twitter:data1\" content=\"5 minut\" \/>\n<script type=\"application\/ld+json\" class=\"yoast-schema-graph\">{\"@context\":\"https:\\\/\\\/schema.org\",\"@graph\":[{\"@type\":\"WebPage\",\"@id\":\"https:\\\/\\\/chemgramx.com\\\/product\\\/5-methoxymethylone-online-bestellung\\\/\",\"url\":\"https:\\\/\\\/chemgramx.com\\\/product\\\/5-methoxymethylone-online-bestellung\\\/\",\"name\":\"5-Methoxymethylon zu verkaufen\",\"isPartOf\":{\"@id\":\"https:\\\/\\\/chemgramx.com\\\/#website\"},\"primaryImageOfPage\":{\"@id\":\"https:\\\/\\\/chemgramx.com\\\/product\\\/5-methoxymethylone-online-bestellung\\\/#primaryimage\"},\"image\":{\"@id\":\"https:\\\/\\\/chemgramx.com\\\/product\\\/5-methoxymethylone-online-bestellung\\\/#primaryimage\"},\"thumbnailUrl\":\"https:\\\/\\\/chemgramx.com\\\/wp-content\\\/uploads\\\/2025\\\/11\\\/5-Methoxymethylone.webp\",\"datePublished\":\"2025-11-21T11:23:57+00:00\",\"dateModified\":\"2025-11-21T11:24:55+00:00\",\"description\":\"Sie k\u00f6nnen jetzt 5-Methoxymethylon in unserem Top-Shop Chemgramx kaufen. Unsere Mitarbeiter helfen Ihnen, 5-Methoxymethylon online zu den besten Preisen zu kaufen. Bestellen Sie 5-Methoxymethylon noch heute online mit weltweitem Versand!\",\"breadcrumb\":{\"@id\":\"https:\\\/\\\/chemgramx.com\\\/product\\\/5-methoxymethylone-online-bestellung\\\/#breadcrumb\"},\"inLanguage\":\"pl-PL\",\"potentialAction\":[{\"@type\":\"ReadAction\",\"target\":[\"https:\\\/\\\/chemgramx.com\\\/product\\\/5-methoxymethylone-online-bestellung\\\/\"]}]},{\"@type\":\"ImageObject\",\"inLanguage\":\"pl-PL\",\"@id\":\"https:\\\/\\\/chemgramx.com\\\/product\\\/5-methoxymethylone-online-bestellung\\\/#primaryimage\",\"url\":\"https:\\\/\\\/chemgramx.com\\\/wp-content\\\/uploads\\\/2025\\\/11\\\/5-Methoxymethylone.webp\",\"contentUrl\":\"https:\\\/\\\/chemgramx.com\\\/wp-content\\\/uploads\\\/2025\\\/11\\\/5-Methoxymethylone.webp\",\"width\":600,\"height\":489},{\"@type\":\"BreadcrumbList\",\"@id\":\"https:\\\/\\\/chemgramx.com\\\/product\\\/5-methoxymethylone-online-bestellung\\\/#breadcrumb\",\"itemListElement\":[{\"@type\":\"ListItem\",\"position\":1,\"name\":\"Home\",\"item\":\"https:\\\/\\\/chemgramx.com\\\/\"},{\"@type\":\"ListItem\",\"position\":2,\"name\":\"Shop\",\"item\":\"https:\\\/\\\/chemgramx.com\\\/shop\\\/\"},{\"@type\":\"ListItem\",\"position\":3,\"name\":\"5-Methoxymethylone Online Bestellung\"}]},{\"@type\":\"WebSite\",\"@id\":\"https:\\\/\\\/chemgramx.com\\\/#website\",\"url\":\"https:\\\/\\\/chemgramx.com\\\/\",\"name\":\"Chemgramx\",\"description\":\"\",\"publisher\":{\"@id\":\"https:\\\/\\\/chemgramx.com\\\/#organization\"},\"potentialAction\":[{\"@type\":\"SearchAction\",\"target\":{\"@type\":\"EntryPoint\",\"urlTemplate\":\"https:\\\/\\\/chemgramx.com\\\/?s={search_term_string}\"},\"query-input\":{\"@type\":\"PropertyValueSpecification\",\"valueRequired\":true,\"valueName\":\"search_term_string\"}}],\"inLanguage\":\"pl-PL\"},{\"@type\":\"Organization\",\"@id\":\"https:\\\/\\\/chemgramx.com\\\/#organization\",\"name\":\"Chemgramx\",\"url\":\"https:\\\/\\\/chemgramx.com\\\/\",\"logo\":{\"@type\":\"ImageObject\",\"inLanguage\":\"pl-PL\",\"@id\":\"https:\\\/\\\/chemgramx.com\\\/#\\\/schema\\\/logo\\\/image\\\/\",\"url\":\"https:\\\/\\\/chemgramx.com\\\/wp-content\\\/uploads\\\/2024\\\/10\\\/final-logo.png\",\"contentUrl\":\"https:\\\/\\\/chemgramx.com\\\/wp-content\\\/uploads\\\/2024\\\/10\\\/final-logo.png\",\"width\":250,\"height\":48,\"caption\":\"Chemgramx\"},\"image\":{\"@id\":\"https:\\\/\\\/chemgramx.com\\\/#\\\/schema\\\/logo\\\/image\\\/\"}}]}<\/script>\n<!-- \/ Yoast SEO plugin. -->","yoast_head_json":{"title":"5-metoksymetylon na sprzeda\u017c","description":"Mo\u017cesz teraz kupi\u0107 5-metoksymetylon w naszym najlepiej ocenianym sklepie Chemgramx. Nasi pracownicy pomog\u0105 Ci kupi\u0107 5-metoksymetylon online w najlepszych cenach. Zam\u00f3w 5-metoksymetylon online ju\u017c dzi\u015b z wysy\u0142k\u0105 na ca\u0142y \u015bwiat!","robots":{"index":"index","follow":"follow","max-snippet":"max-snippet:-1","max-image-preview":"max-image-preview:large","max-video-preview":"max-video-preview:-1"},"canonical":"https:\/\/chemgramx.com\/pl\/produkt-1\/5-metoksymetylon-zamowienie-online\/","og_locale":"pl_PL","og_type":"article","og_title":"5-Methoxymethylon zu verkaufen","og_description":"Sie k\u00f6nnen jetzt 5-Methoxymethylon in unserem Top-Shop Chemgramx kaufen. Unsere Mitarbeiter helfen Ihnen, 5-Methoxymethylon online zu den besten Preisen zu kaufen. Bestellen Sie 5-Methoxymethylon noch heute online mit weltweitem Versand!","og_url":"https:\/\/chemgramx.com\/pl\/produkt-1\/5-metoksymetylon-zamowienie-online\/","og_site_name":"Chemgramx","article_modified_time":"2025-11-21T11:24:55+00:00","og_image":[{"width":600,"height":489,"url":"https:\/\/chemgramx.com\/wp-content\/uploads\/2025\/11\/5-Methoxymethylone.webp","type":"image\/webp"}],"twitter_card":"summary_large_image","twitter_misc":{"Szacowany czas czytania":"5 minut"},"schema":{"@context":"https:\/\/schema.org","@graph":[{"@type":"WebPage","@id":"https:\/\/chemgramx.com\/product\/5-methoxymethylone-online-bestellung\/","url":"https:\/\/chemgramx.com\/product\/5-methoxymethylone-online-bestellung\/","name":"5-metoksymetylon na sprzeda\u017c","isPartOf":{"@id":"https:\/\/chemgramx.com\/#website"},"primaryImageOfPage":{"@id":"https:\/\/chemgramx.com\/product\/5-methoxymethylone-online-bestellung\/#primaryimage"},"image":{"@id":"https:\/\/chemgramx.com\/product\/5-methoxymethylone-online-bestellung\/#primaryimage"},"thumbnailUrl":"https:\/\/chemgramx.com\/wp-content\/uploads\/2025\/11\/5-Methoxymethylone.webp","datePublished":"2025-11-21T11:23:57+00:00","dateModified":"2025-11-21T11:24:55+00:00","description":"Mo\u017cesz teraz kupi\u0107 5-metoksymetylon w naszym najlepiej ocenianym sklepie Chemgramx. Nasi pracownicy pomog\u0105 Ci kupi\u0107 5-metoksymetylon online w najlepszych cenach. Zam\u00f3w 5-metoksymetylon online ju\u017c dzi\u015b z wysy\u0142k\u0105 na ca\u0142y \u015bwiat!","breadcrumb":{"@id":"https:\/\/chemgramx.com\/product\/5-methoxymethylone-online-bestellung\/#breadcrumb"},"inLanguage":"pl-PL","potentialAction":[{"@type":"ReadAction","target":["https:\/\/chemgramx.com\/product\/5-methoxymethylone-online-bestellung\/"]}]},{"@type":"ImageObject","inLanguage":"pl-PL","@id":"https:\/\/chemgramx.com\/product\/5-methoxymethylone-online-bestellung\/#primaryimage","url":"https:\/\/chemgramx.com\/wp-content\/uploads\/2025\/11\/5-Methoxymethylone.webp","contentUrl":"https:\/\/chemgramx.com\/wp-content\/uploads\/2025\/11\/5-Methoxymethylone.webp","width":600,"height":489},{"@type":"BreadcrumbList","@id":"https:\/\/chemgramx.com\/product\/5-methoxymethylone-online-bestellung\/#breadcrumb","itemListElement":[{"@type":"ListItem","position":1,"name":"Home","item":"https:\/\/chemgramx.com\/"},{"@type":"ListItem","position":2,"name":"Shop","item":"https:\/\/chemgramx.com\/shop\/"},{"@type":"ListItem","position":3,"name":"5-Methoxymethylone Online Bestellung"}]},{"@type":"WebSite","@id":"https:\/\/chemgramx.com\/#website","url":"https:\/\/chemgramx.com\/","name":"Chemgramx","description":"","publisher":{"@id":"https:\/\/chemgramx.com\/#organization"},"potentialAction":[{"@type":"SearchAction","target":{"@type":"EntryPoint","urlTemplate":"https:\/\/chemgramx.com\/?s={search_term_string}"},"query-input":{"@type":"PropertyValueSpecification","valueRequired":true,"valueName":"search_term_string"}}],"inLanguage":"pl-PL"},{"@type":"Organization","@id":"https:\/\/chemgramx.com\/#organization","name":"Chemgramx","url":"https:\/\/chemgramx.com\/","logo":{"@type":"ImageObject","inLanguage":"pl-PL","@id":"https:\/\/chemgramx.com\/#\/schema\/logo\/image\/","url":"https:\/\/chemgramx.com\/wp-content\/uploads\/2024\/10\/final-logo.png","contentUrl":"https:\/\/chemgramx.com\/wp-content\/uploads\/2024\/10\/final-logo.png","width":250,"height":48,"caption":"Chemgramx"},"image":{"@id":"https:\/\/chemgramx.com\/#\/schema\/logo\/image\/"}}]}},"_links":{"self":[{"href":"https:\/\/chemgramx.com\/pl\/wp-json\/wp\/v2\/product\/7881","targetHints":{"allow":["GET"]}}],"collection":[{"href":"https:\/\/chemgramx.com\/pl\/wp-json\/wp\/v2\/product"}],"about":[{"href":"https:\/\/chemgramx.com\/pl\/wp-json\/wp\/v2\/types\/product"}],"replies":[{"embeddable":true,"href":"https:\/\/chemgramx.com\/pl\/wp-json\/wp\/v2\/comments?post=7881"}],"wp:featuredmedia":[{"embeddable":true,"href":"https:\/\/chemgramx.com\/pl\/wp-json\/wp\/v2\/media\/7886"}],"wp:attachment":[{"href":"https:\/\/chemgramx.com\/pl\/wp-json\/wp\/v2\/media?parent=7881"}],"wp:term":[{"taxonomy":"product_brand","embeddable":true,"href":"https:\/\/chemgramx.com\/pl\/wp-json\/wp\/v2\/product_brand?post=7881"},{"taxonomy":"product_cat","embeddable":true,"href":"https:\/\/chemgramx.com\/pl\/wp-json\/wp\/v2\/product_cat?post=7881"},{"taxonomy":"product_tag","embeddable":true,"href":"https:\/\/chemgramx.com\/pl\/wp-json\/wp\/v2\/product_tag?post=7881"}],"curies":[{"name":"wp","href":"https:\/\/api.w.org\/{rel}","templated":true}]}}