{"id":7888,"date":"2025-11-21T11:24:15","date_gmt":"2025-11-21T11:24:15","guid":{"rendered":"https:\/\/chemgramx.com\/?post_type=product&#038;p=7888"},"modified":"2025-11-21T11:24:56","modified_gmt":"2025-11-21T11:24:56","slug":"r-30490-kup-online","status":"publish","type":"product","link":"https:\/\/chemgramx.com\/pl\/product\/r-30490-online-kaufen\/","title":{"rendered":"R-30490 Kup online"},"content":{"rendered":"<p data-start=\"871\" data-end=\"1275\"><strong data-start=\"871\" data-end=\"882\">R-30490<\/strong> jest syntetycznie wytwarzan\u0105 cz\u0105steczk\u0105 z grupy <strong data-start=\"944\" data-end=\"982\">agoni\u015bci opioidowi na bazie piperydyny<\/strong>, kt\u00f3ry przyci\u0105ga uwag\u0119 w badaniach naukowych. Ze wzgl\u0119du na jego <strong data-start=\"1058\" data-end=\"1107\">wysokie powinowactwo wi\u0105zania do receptor\u00f3w \u00b5-opioidowych<\/strong> Substancja ta jest stosowana w przedklinicznych badaniach laboratoryjnych i analizach in vitro w celu zbadania mechanizm\u00f3w modulacji b\u00f3lu i aktywacji receptor\u00f3w opioidowych.<\/p>\n<p data-start=\"1277\" data-end=\"1526\">Substancja czynna jest blisko spokrewniona ze znanymi opioidami, takimi jak <strong data-start=\"1346\" data-end=\"1358\">Fentanyl<\/strong> lub <strong data-start=\"1364\" data-end=\"1380\">Remifentanil<\/strong>, ale r\u00f3\u017cni si\u0119 modyfikacjami strukturalnymi, kt\u00f3re skutkuj\u0105 inn\u0105 selektywno\u015bci\u0105 receptora i w\u0142a\u015bciwo\u015bciami farmakokinetycznymi.<\/p>\n<h2 data-start=\"1533\" data-end=\"1582\">W\u0142a\u015bciwo\u015bci chemiczne i farmakologiczne<\/h2>\n<p data-start=\"1584\" data-end=\"1829\"><strong data-start=\"1584\" data-end=\"1595\">R-30490<\/strong> chemicznie nale\u017cy do rodziny <strong data-start=\"1628\" data-end=\"1655\">Opioidy fenylopiperydynowe<\/strong>. Ta klasa substancji charakteryzuje si\u0119 wyra\u017an\u0105 si\u0142\u0105 przeciwb\u00f3low\u0105, kt\u00f3ra opiera si\u0119 na silnej aktywacji receptor\u00f3w \u00b5-opioidowych w o\u015brodkowym uk\u0142adzie nerwowym.<\/p>\n<h3 data-start=\"1831\" data-end=\"1865\">Kluczowe cechy:<\/h3>\n<ul data-start=\"1866\" data-end=\"2232\">\n<li data-start=\"1866\" data-end=\"1927\">\n<p data-start=\"1868\" data-end=\"1927\"><strong data-start=\"1868\" data-end=\"1891\">Struktura chemiczna:<\/strong> Agonista opioidowy na bazie piperydyny<\/p>\n<\/li>\n<li data-start=\"1928\" data-end=\"1997\">\n<p data-start=\"1930\" data-end=\"1997\"><strong data-start=\"1930\" data-end=\"1959\">Por\u00f3wnywalne substancje:<\/strong> Fentanyl, karfentanyl, remifentanyl<\/p>\n<\/li>\n<li data-start=\"1998\" data-end=\"2066\">\n<p data-start=\"2000\" data-end=\"2066\"><strong data-start=\"2000\" data-end=\"2034\">Nacisk na farmakologi\u0119:<\/strong> Selektywno\u015b\u0107 receptora \u00b5-opioidowego<\/p>\n<\/li>\n<li data-start=\"2067\" data-end=\"2141\">\n<p data-start=\"2069\" data-end=\"2141\"><strong data-start=\"2069\" data-end=\"2091\">Obszar zastosowania:<\/strong> Badania przedkliniczne, badania wi\u0105zania receptor\u00f3w<\/p>\n<\/li>\n<li data-start=\"2142\" data-end=\"2232\">\n<p data-start=\"2144\" data-end=\"2232\"><strong data-start=\"2144\" data-end=\"2176\">Posta\u0107 dawkowania w badaniach:<\/strong> G\u0142\u00f3wnie krystaliczny proszek do zastosowa\u0144 analitycznych<\/p>\n<\/li>\n<\/ul>\n<p data-start=\"2234\" data-end=\"2424\">Ze wzgl\u0119du na wysokie powinowactwo do receptora, R-30490 jest modelow\u0105 cz\u0105steczk\u0105 pozwalaj\u0105c\u0105 zrozumie\u0107, w jaki spos\u00f3b minimalne zmiany chemiczne wp\u0142ywaj\u0105 na si\u0142\u0119 wi\u0105zania i skuteczno\u015b\u0107 w receptorach opioidowych.<\/p>\n<h2 data-start=\"2431\" data-end=\"2462\">Znaczenie w badaniach naukowych<\/h2>\n<p data-start=\"2464\" data-end=\"2695\">Badanie zwi\u0105zk\u00f3w takich jak <strong data-start=\"2502\" data-end=\"2513\">R-30490<\/strong> pomaga zrozumie\u0107 podstawowe mechanizmy <strong data-start=\"2550\" data-end=\"2578\">Transmisja sygna\u0142u b\u00f3lu<\/strong> oraz <strong data-start=\"2583\" data-end=\"2611\">reakcja neurochemiczna<\/strong> na opioidach. W badaniach substancja ta jest wykorzystywana mi\u0119dzy innymi do:<\/p>\n<ul data-start=\"2697\" data-end=\"2956\">\n<li data-start=\"2697\" data-end=\"2738\">\n<p data-start=\"2699\" data-end=\"2738\"><strong data-start=\"2699\" data-end=\"2727\">Analizy wi\u0105zania receptor\u00f3w<\/strong> in vitro<\/p>\n<\/li>\n<li data-start=\"2739\" data-end=\"2799\">\n<p data-start=\"2741\" data-end=\"2799\"><strong data-start=\"2741\" data-end=\"2762\">Badania por\u00f3wnawcze<\/strong> do strukturalnie powi\u0105zanych opioid\u00f3w<\/p>\n<\/li>\n<li data-start=\"2800\" data-end=\"2870\">\n<p data-start=\"2802\" data-end=\"2870\"><strong data-start=\"2802\" data-end=\"2835\">Testy toksykologiczne<\/strong> syntetyczne zwi\u0105zki opioidowe<\/p>\n<\/li>\n<li data-start=\"2871\" data-end=\"2956\">\n<p data-start=\"2873\" data-end=\"2956\"><strong data-start=\"2873\" data-end=\"2916\">Wspomagane komputerowo modelowanie molekularne<\/strong> dla rozwoju bezpieczniejszych lek\u00f3w przeciwb\u00f3lowych<\/p>\n<\/li>\n<\/ul>\n<p data-start=\"2958\" data-end=\"3132\">Badania te przyczyniaj\u0105 si\u0119 do tego, <strong data-start=\"2990\" data-end=\"3017\">Nowy lek przeciwb\u00f3lowy<\/strong> kt\u00f3re maj\u0105 bardziej ukierunkowane dzia\u0142anie i potencjalnie mniej skutk\u00f3w ubocznych lub potencja\u0142 uzale\u017cnienia.<\/p>\n<h2 data-start=\"3139\" data-end=\"3182\">Dzia\u0142anie farmakologiczne i por\u00f3wnanie<\/h2>\n<p data-start=\"3184\" data-end=\"3432\">W modelach eksperymentalnych R-30490 wykazuje wyra\u017an\u0105 aktywacj\u0119 receptor\u00f3w \u00b5-opioidowych, a tym samym ma silny potencja\u0142 przeciwb\u00f3lowy. W analizach laboratoryjnych wykazuje <strong data-start=\"3362\" data-end=\"3400\">Wi\u0119ksza si\u0142a dzia\u0142ania przy ni\u017cszej dawce<\/strong> ni\u017c wiele innych opioid\u00f3w.<\/p>\n<p data-start=\"3434\" data-end=\"3542\">W por\u00f3wnaniu z substancjami pokrewnymi, takimi jak <strong data-start=\"3476\" data-end=\"3488\">Fentanyl<\/strong> lub <a href=\"\/product\/lemon-haze-strain-17-22-thc\/\"><strong data-start=\"3494\" data-end=\"3509\">Karfentanyl<\/strong> <\/a>przyjmuje si\u0119, \u017ce R-30490:<\/p>\n<ul data-start=\"3543\" data-end=\"3721\">\n<li data-start=\"3543\" data-end=\"3590\">\n<p data-start=\"3545\" data-end=\"3590\">jeden <strong data-start=\"3550\" data-end=\"3578\">Szybkie wi\u0105zanie receptora<\/strong> ma,<\/p>\n<\/li>\n<li data-start=\"3591\" data-end=\"3632\">\n<p data-start=\"3593\" data-end=\"3632\">jeden <strong data-start=\"3598\" data-end=\"3621\">D\u0142ugi okres p\u00f3\u0142trwania<\/strong> w\u0142asne,<\/p>\n<\/li>\n<li data-start=\"3633\" data-end=\"3721\">\n<p data-start=\"3635\" data-end=\"3721\">i potencjalnie <strong data-start=\"3650\" data-end=\"3679\">Zwi\u0119kszona depresja oddechowa<\/strong> przy wy\u017cszych st\u0119\u017ceniach.<\/p>\n<\/li>\n<\/ul>\n<p data-start=\"3723\" data-end=\"3875\">Te w\u0142a\u015bciwo\u015bci sprawiaj\u0105, \u017ce jest to <strong data-start=\"3762\" data-end=\"3789\">wa\u017cna cz\u0105steczka modelowa<\/strong>, zrozumienie limit\u00f3w bezpiecze\u0144stwa, mocy i zagro\u017ce\u0144 zwi\u0105zanych z syntetycznymi opioidami.<\/p>\n<h2 data-start=\"3882\" data-end=\"3923\">Bezpiecze\u0144stwo i kategoryzacja prawna<\/h2>\n<p data-start=\"3925\" data-end=\"4128\">R-30490 to <strong data-start=\"3937\" data-end=\"4001\">niedozwolone do spo\u017cycia przez ludzi lub zwierz\u0119ta<\/strong>. S\u0105 one u\u017cywane wy\u0142\u0105cznie w <strong data-start=\"4041\" data-end=\"4079\">zarejestrowane \u015brodowiska badawcze<\/strong> zgodnie ze wszystkimi wytycznymi dotycz\u0105cymi bezpiecze\u0144stwa.<\/p>\n<h3 data-start=\"4130\" data-end=\"4169\">Sytuacja prawna (stan na 2025 r.)<\/h3>\n<ul data-start=\"4170\" data-end=\"4472\">\n<li data-start=\"4170\" data-end=\"4263\">\n<p data-start=\"4172\" data-end=\"4263\"><strong data-start=\"4172\" data-end=\"4188\">Niemcy:<\/strong> Nie jest wyra\u017anie wymieniony w BtMG, ale mo\u017ce wchodzi\u0107 w zakres zda\u0144 analogowych.<\/p>\n<\/li>\n<li data-start=\"4264\" data-end=\"4328\">\n<p data-start=\"4266\" data-end=\"4328\"><strong data-start=\"4266\" data-end=\"4274\">USA:<\/strong> W pewnych okoliczno\u015bciach od <em data-start=\"4295\" data-end=\"4317\">Federalna ustawa o analogach<\/em> nagrane.<\/p>\n<\/li>\n<li data-start=\"4329\" data-end=\"4409\">\n<p data-start=\"4331\" data-end=\"4409\"><strong data-start=\"4331\" data-end=\"4370\">Wielka Brytania, Kanada, Australia:<\/strong> Og\u00f3lnie kontrolowana substancja.<\/p>\n<\/li>\n<li data-start=\"4410\" data-end=\"4472\">\n<p data-start=\"4412\" data-end=\"4472\"><strong data-start=\"4412\" data-end=\"4424\">W ca\u0142ej UE:<\/strong> Klasyfikacja r\u00f3\u017cni si\u0119 w zale\u017cno\u015bci od prawa krajowego.<\/p>\n<\/li>\n<\/ul>\n<p data-start=\"4474\" data-end=\"4646\">Przed ka\u017cdym u\u017cyciem w kontek\u015bcie badawczym <strong data-start=\"4525\" data-end=\"4547\">Przegl\u0105d prawny<\/strong> obowi\u0105zkowe, aby zapewni\u0107, \u017ce badania <strong data-start=\"4604\" data-end=\"4623\">zgodne z prawem<\/strong> zostan\u0105 przeprowadzone.<\/p>\n<h2 data-start=\"4653\" data-end=\"4683\">Obs\u0142uga i bezpiecze\u0144stwo<\/h2>\n<p data-start=\"4685\" data-end=\"4802\">Poniewa\u017c R-30490 nale\u017cy do <strong data-start=\"4703\" data-end=\"4735\">silni agoni\u015bci opioid\u00f3w<\/strong> W laboratorium wymagane s\u0105 \u015bcis\u0142e \u015brodki bezpiecze\u0144stwa.<\/p>\n<h3 data-start=\"4804\" data-end=\"4851\">Zalecenia dla instytucji badawczych:<\/h3>\n<ul data-start=\"4852\" data-end=\"5139\">\n<li data-start=\"4852\" data-end=\"4929\">\n<p data-start=\"4854\" data-end=\"4929\">Praca wy\u0142\u0105cznie w <strong data-start=\"4881\" data-end=\"4907\">certyfikowane laboratoria<\/strong> zgodnie ze standardami GLP<\/p>\n<\/li>\n<li data-start=\"4930\" data-end=\"5007\">\n<p data-start=\"4932\" data-end=\"5007\">Wykorzystanie <strong data-start=\"4947\" data-end=\"4967\">Sprz\u0119t ochronny<\/strong> (r\u0119kawice, ochrona dr\u00f3g oddechowych, fartuch laboratoryjny)<\/p>\n<\/li>\n<li data-start=\"5008\" data-end=\"5063\">\n<p data-start=\"5010\" data-end=\"5063\">Realizacja w ramach <strong data-start=\"5029\" data-end=\"5061\">Dygestoria z systemem pr\u00f3\u017cniowym<\/strong><\/p>\n<\/li>\n<li data-start=\"5064\" data-end=\"5139\">\n<p data-start=\"5066\" data-end=\"5139\">Dokumentacja <strong data-start=\"5084\" data-end=\"5119\">Ilo\u015bci, przechowywanie i usuwanie<\/strong> zgodnie z wytycznymi<\/p>\n<\/li>\n<\/ul>\n<p data-start=\"5141\" data-end=\"5243\">Bezpo\u015bredni kontakt lub wdychanie R-30490 mo\u017ce by\u0107 toksyczne nawet w minimalnych ilo\u015bciach.<\/p>\n<h2 data-start=\"5250\" data-end=\"5260\">Wnioski<\/h2>\n<p data-start=\"5262\" data-end=\"5540\"><strong data-start=\"5262\" data-end=\"5273\">R-30490<\/strong> jest farmakologicznie bardzo interesuj\u0105c\u0105 substancj\u0105 dla <strong data-start=\"5333\" data-end=\"5365\">Przedkliniczne badania nad opioidami<\/strong>. Ze wzgl\u0119du na swoj\u0105 wysok\u0105 skuteczno\u015b\u0107 i selektywno\u015b\u0107 receptorow\u0105, zapewnia cenny wgl\u0105d w <strong data-start=\"5465\" data-end=\"5510\">Mechanizmy b\u00f3lu, interakcje receptor\u00f3w<\/strong> oraz <strong data-start=\"5515\" data-end=\"5537\">Toksykologia opioid\u00f3w<\/strong>.<\/p>\n<p data-start=\"5542\" data-end=\"5808\">Jednak R-30490 - podobnie jak wiele substancji pokrewnych - podlega <strong data-start=\"5603\" data-end=\"5633\">ograniczenia prawne<\/strong> i mo\u017ce by\u0107 u\u017cywany tylko w <strong data-start=\"5650\" data-end=\"5690\">autoryzowane instytucje badawcze<\/strong> by\u0107 u\u017cywany. Obs\u0142uga wymaga najwy\u017cszej staranno\u015bci, kontroli regulacyjnej i \u015bcis\u0142ych \u015brodk\u00f3w bezpiecze\u0144stwa.<\/p>\n<p data-start=\"5810\" data-end=\"6021\">Naukowcy i instytucje powinni zapozna\u0107 si\u0119 z <strong data-start=\"5877\" data-end=\"5931\">Krajowe ustawodawstwo i przepisy bezpiecze\u0144stwa<\/strong> informowa\u0107 <strong data-start=\"5953\" data-end=\"6001\">Badania zgodne z prawem i zasadami etyki<\/strong> aby zapewni\u0107, \u017ce.<\/p>","protected":false},"excerpt":{"rendered":"<p><strong>R-30490<\/strong> jest syntetycznym zwi\u0105zkiem, kt\u00f3ry jest u\u017cywany jako <strong>silny opioidowy \u015brodek przeciwb\u00f3lowy<\/strong> dzia\u0142a. Nale\u017cy do serii strukturalnie podobnych opioid\u00f3w, kt\u00f3re zosta\u0142y opracowane g\u0142\u00f3wnie do cel\u00f3w badawczych. Ze wzgl\u0119du na wysok\u0105 si\u0142\u0119 dzia\u0142ania, R-30490 wi\u0105\u017ce si\u0119 z receptorami <strong>Receptory opioidowe \u03bc<\/strong> w m\u00f3zgu i wywo\u0142uje silne dzia\u0142anie przeciwb\u00f3lowe, uspokojenie i eufori\u0119. Ze wzgl\u0119du na swoj\u0105 si\u0142\u0119 nie ma dozwolonego zastosowania medycznego i jest badana tylko w kontrolowanych o\u015brodkach badawczych.<\/p>","protected":false},"featured_media":7918,"comment_status":"open","ping_status":"closed","template":"","meta":{"_joinchat":[]},"product_brand":[],"product_cat":[56],"product_tag":[800,820,824,809,810,822,648,818,814,819,827,805,807,813,801,806,812,802,817,826,825,804,815,811,823,808,821,816,803],"class_list":{"0":"post-7888","1":"product","2":"type-product","3":"status-publish","4":"has-post-thumbnail","6":"product_cat-opioids","7":"product_tag-4-methoxymethylfentanyl","8":"product_tag-4-methoxymethylfentanyl-effekte","9":"product_tag-4-methoxymethylfentanyl-fur-forschung","10":"product_tag-4-methoxymethylfentanyl-kaufen","11":"product_tag-4-methoxymethylfentanyl-lieferant","12":"product_tag-4-methoxymethylfentanyl-reinheit","13":"product_tag-r-30490","14":"product_tag-r-30490-analyse","15":"product_tag-r-30490-anwendungen","16":"product_tag-r-30490-chemie","17":"product_tag-r-30490-eigenschaften","18":"product_tag-r-30490-forschungschemikalie","19":"product_tag-r-30490-groshandel","20":"product_tag-r-30490-handhabung","21":"product_tag-r-30490-kaufen","22":"product_tag-r-30490-laboranwendung","23":"product_tag-r-30490-lagerung","24":"product_tag-r-30490-lieferant","25":"product_tag-r-30490-markt","26":"product_tag-r-30490-opioid-agonist","27":"product_tag-r-30490-pharmakologie","28":"product_tag-r-30490-preis","29":"product_tag-r-30490-risiken","30":"product_tag-r-30490-sicherheit","31":"product_tag-r-30490-studien","32":"product_tag-r-30490-verfugbarkeit","33":"product_tag-r-30490-vertrieb","34":"product_tag-r-30490-vorschriften","35":"product_tag-r-30490-zum-verkauf","37":"first","38":"instock","39":"shipping-taxable","40":"purchasable","41":"product-type-variable"},"yoast_head":"<!-- This site is optimized with the Yoast SEO plugin v27.5 - https:\/\/yoast.com\/product\/yoast-seo-wordpress\/ -->\n<title>R-30490 Kaufen \u2013 Laborgepr\u00fcfte Qualit\u00e4t Online | Chemgramx<\/title>\n<meta name=\"description\" content=\"Kaufen Sie R-30490 (4-Methoxymethylfentanyl) online bei Chemgramx. H\u00f6chste Qualit\u00e4t, laborgepr\u00fcft, schnelle Lieferung und faire Preise. Jetzt bestellen!\" \/>\n<meta name=\"robots\" content=\"index, follow, max-snippet:-1, max-image-preview:large, max-video-preview:-1\" \/>\n<link rel=\"canonical\" href=\"https:\/\/chemgramx.com\/pl\/produkt-1\/r-30490-kup-online\/\" \/>\n<meta property=\"og:locale\" content=\"pl_PL\" \/>\n<meta property=\"og:type\" content=\"article\" \/>\n<meta property=\"og:title\" content=\"R-30490 Kaufen \u2013 Laborgepr\u00fcfte Qualit\u00e4t Online | Chemgramx\" \/>\n<meta property=\"og:description\" content=\"Kaufen Sie R-30490 (4-Methoxymethylfentanyl) online bei Chemgramx. H\u00f6chste Qualit\u00e4t, laborgepr\u00fcft, schnelle Lieferung und faire Preise. Jetzt bestellen!\" \/>\n<meta property=\"og:url\" content=\"https:\/\/chemgramx.com\/pl\/produkt-1\/r-30490-kup-online\/\" \/>\n<meta property=\"og:site_name\" content=\"Chemgramx\" \/>\n<meta property=\"article:modified_time\" content=\"2025-11-21T11:24:56+00:00\" \/>\n<meta property=\"og:image\" content=\"https:\/\/chemgramx.com\/wp-content\/uploads\/2025\/11\/Buy-R-30490-online.webp\" \/>\n\t<meta property=\"og:image:width\" content=\"238\" \/>\n\t<meta property=\"og:image:height\" content=\"212\" \/>\n\t<meta property=\"og:image:type\" content=\"image\/webp\" \/>\n<meta name=\"twitter:card\" content=\"summary_large_image\" \/>\n<meta name=\"twitter:label1\" content=\"Szacowany czas czytania\" \/>\n\t<meta name=\"twitter:data1\" content=\"3 minuty\" \/>\n<script type=\"application\/ld+json\" class=\"yoast-schema-graph\">{\"@context\":\"https:\\\/\\\/schema.org\",\"@graph\":[{\"@type\":\"WebPage\",\"@id\":\"https:\\\/\\\/chemgramx.com\\\/product\\\/r-30490-online-kaufen\\\/\",\"url\":\"https:\\\/\\\/chemgramx.com\\\/product\\\/r-30490-online-kaufen\\\/\",\"name\":\"R-30490 Kaufen \u2013 Laborgepr\u00fcfte Qualit\u00e4t Online | Chemgramx\",\"isPartOf\":{\"@id\":\"https:\\\/\\\/chemgramx.com\\\/#website\"},\"primaryImageOfPage\":{\"@id\":\"https:\\\/\\\/chemgramx.com\\\/product\\\/r-30490-online-kaufen\\\/#primaryimage\"},\"image\":{\"@id\":\"https:\\\/\\\/chemgramx.com\\\/product\\\/r-30490-online-kaufen\\\/#primaryimage\"},\"thumbnailUrl\":\"https:\\\/\\\/chemgramx.com\\\/wp-content\\\/uploads\\\/2025\\\/11\\\/Buy-R-30490-online.webp\",\"datePublished\":\"2025-11-21T11:24:15+00:00\",\"dateModified\":\"2025-11-21T11:24:56+00:00\",\"description\":\"Kaufen Sie R-30490 (4-Methoxymethylfentanyl) online bei Chemgramx. H\u00f6chste Qualit\u00e4t, laborgepr\u00fcft, schnelle Lieferung und faire Preise. Jetzt bestellen!\",\"breadcrumb\":{\"@id\":\"https:\\\/\\\/chemgramx.com\\\/product\\\/r-30490-online-kaufen\\\/#breadcrumb\"},\"inLanguage\":\"pl-PL\",\"potentialAction\":[{\"@type\":\"ReadAction\",\"target\":[\"https:\\\/\\\/chemgramx.com\\\/product\\\/r-30490-online-kaufen\\\/\"]}]},{\"@type\":\"ImageObject\",\"inLanguage\":\"pl-PL\",\"@id\":\"https:\\\/\\\/chemgramx.com\\\/product\\\/r-30490-online-kaufen\\\/#primaryimage\",\"url\":\"https:\\\/\\\/chemgramx.com\\\/wp-content\\\/uploads\\\/2025\\\/11\\\/Buy-R-30490-online.webp\",\"contentUrl\":\"https:\\\/\\\/chemgramx.com\\\/wp-content\\\/uploads\\\/2025\\\/11\\\/Buy-R-30490-online.webp\",\"width\":238,\"height\":212},{\"@type\":\"BreadcrumbList\",\"@id\":\"https:\\\/\\\/chemgramx.com\\\/product\\\/r-30490-online-kaufen\\\/#breadcrumb\",\"itemListElement\":[{\"@type\":\"ListItem\",\"position\":1,\"name\":\"Home\",\"item\":\"https:\\\/\\\/chemgramx.com\\\/\"},{\"@type\":\"ListItem\",\"position\":2,\"name\":\"Shop\",\"item\":\"https:\\\/\\\/chemgramx.com\\\/shop\\\/\"},{\"@type\":\"ListItem\",\"position\":3,\"name\":\"R-30490 Online Kaufen\"}]},{\"@type\":\"WebSite\",\"@id\":\"https:\\\/\\\/chemgramx.com\\\/#website\",\"url\":\"https:\\\/\\\/chemgramx.com\\\/\",\"name\":\"Chemgramx\",\"description\":\"\",\"publisher\":{\"@id\":\"https:\\\/\\\/chemgramx.com\\\/#organization\"},\"potentialAction\":[{\"@type\":\"SearchAction\",\"target\":{\"@type\":\"EntryPoint\",\"urlTemplate\":\"https:\\\/\\\/chemgramx.com\\\/?s={search_term_string}\"},\"query-input\":{\"@type\":\"PropertyValueSpecification\",\"valueRequired\":true,\"valueName\":\"search_term_string\"}}],\"inLanguage\":\"pl-PL\"},{\"@type\":\"Organization\",\"@id\":\"https:\\\/\\\/chemgramx.com\\\/#organization\",\"name\":\"Chemgramx\",\"url\":\"https:\\\/\\\/chemgramx.com\\\/\",\"logo\":{\"@type\":\"ImageObject\",\"inLanguage\":\"pl-PL\",\"@id\":\"https:\\\/\\\/chemgramx.com\\\/#\\\/schema\\\/logo\\\/image\\\/\",\"url\":\"https:\\\/\\\/chemgramx.com\\\/wp-content\\\/uploads\\\/2024\\\/10\\\/final-logo.png\",\"contentUrl\":\"https:\\\/\\\/chemgramx.com\\\/wp-content\\\/uploads\\\/2024\\\/10\\\/final-logo.png\",\"width\":250,\"height\":48,\"caption\":\"Chemgramx\"},\"image\":{\"@id\":\"https:\\\/\\\/chemgramx.com\\\/#\\\/schema\\\/logo\\\/image\\\/\"}}]}<\/script>\n<!-- \/ Yoast SEO plugin. -->","yoast_head_json":{"title":"V\u00e1s\u00e1roljon R-30490-et \u2013 Laborat\u00f3riumban tesztelt min\u0151s\u00e9g online | Chemgramx","description":"Kup R-30490 (4-metoksymetylofentanyl) online w Chemgramx. Najwy\u017csza jako\u015b\u0107, przetestowany laboratoryjnie, szybka dostawa i uczciwe ceny. Zam\u00f3w ju\u017c teraz!","robots":{"index":"index","follow":"follow","max-snippet":"max-snippet:-1","max-image-preview":"max-image-preview:large","max-video-preview":"max-video-preview:-1"},"canonical":"https:\/\/chemgramx.com\/pl\/produkt-1\/r-30490-kup-online\/","og_locale":"pl_PL","og_type":"article","og_title":"R-30490 Kaufen \u2013 Laborgepr\u00fcfte Qualit\u00e4t Online | Chemgramx","og_description":"Kaufen Sie R-30490 (4-Methoxymethylfentanyl) online bei Chemgramx. H\u00f6chste Qualit\u00e4t, laborgepr\u00fcft, schnelle Lieferung und faire Preise. Jetzt bestellen!","og_url":"https:\/\/chemgramx.com\/pl\/produkt-1\/r-30490-kup-online\/","og_site_name":"Chemgramx","article_modified_time":"2025-11-21T11:24:56+00:00","og_image":[{"width":238,"height":212,"url":"https:\/\/chemgramx.com\/wp-content\/uploads\/2025\/11\/Buy-R-30490-online.webp","type":"image\/webp"}],"twitter_card":"summary_large_image","twitter_misc":{"Szacowany czas czytania":"3 minuty"},"schema":{"@context":"https:\/\/schema.org","@graph":[{"@type":"WebPage","@id":"https:\/\/chemgramx.com\/product\/r-30490-online-kaufen\/","url":"https:\/\/chemgramx.com\/product\/r-30490-online-kaufen\/","name":"V\u00e1s\u00e1roljon R-30490-et \u2013 Laborat\u00f3riumban tesztelt min\u0151s\u00e9g online | Chemgramx","isPartOf":{"@id":"https:\/\/chemgramx.com\/#website"},"primaryImageOfPage":{"@id":"https:\/\/chemgramx.com\/product\/r-30490-online-kaufen\/#primaryimage"},"image":{"@id":"https:\/\/chemgramx.com\/product\/r-30490-online-kaufen\/#primaryimage"},"thumbnailUrl":"https:\/\/chemgramx.com\/wp-content\/uploads\/2025\/11\/Buy-R-30490-online.webp","datePublished":"2025-11-21T11:24:15+00:00","dateModified":"2025-11-21T11:24:56+00:00","description":"Kup R-30490 (4-metoksymetylofentanyl) online w Chemgramx. Najwy\u017csza jako\u015b\u0107, przetestowany laboratoryjnie, szybka dostawa i uczciwe ceny. Zam\u00f3w ju\u017c teraz!","breadcrumb":{"@id":"https:\/\/chemgramx.com\/product\/r-30490-online-kaufen\/#breadcrumb"},"inLanguage":"pl-PL","potentialAction":[{"@type":"ReadAction","target":["https:\/\/chemgramx.com\/product\/r-30490-online-kaufen\/"]}]},{"@type":"ImageObject","inLanguage":"pl-PL","@id":"https:\/\/chemgramx.com\/product\/r-30490-online-kaufen\/#primaryimage","url":"https:\/\/chemgramx.com\/wp-content\/uploads\/2025\/11\/Buy-R-30490-online.webp","contentUrl":"https:\/\/chemgramx.com\/wp-content\/uploads\/2025\/11\/Buy-R-30490-online.webp","width":238,"height":212},{"@type":"BreadcrumbList","@id":"https:\/\/chemgramx.com\/product\/r-30490-online-kaufen\/#breadcrumb","itemListElement":[{"@type":"ListItem","position":1,"name":"Home","item":"https:\/\/chemgramx.com\/"},{"@type":"ListItem","position":2,"name":"Shop","item":"https:\/\/chemgramx.com\/shop\/"},{"@type":"ListItem","position":3,"name":"R-30490 Online Kaufen"}]},{"@type":"WebSite","@id":"https:\/\/chemgramx.com\/#website","url":"https:\/\/chemgramx.com\/","name":"Chemgramx","description":"","publisher":{"@id":"https:\/\/chemgramx.com\/#organization"},"potentialAction":[{"@type":"SearchAction","target":{"@type":"EntryPoint","urlTemplate":"https:\/\/chemgramx.com\/?s={search_term_string}"},"query-input":{"@type":"PropertyValueSpecification","valueRequired":true,"valueName":"search_term_string"}}],"inLanguage":"pl-PL"},{"@type":"Organization","@id":"https:\/\/chemgramx.com\/#organization","name":"Chemgramx","url":"https:\/\/chemgramx.com\/","logo":{"@type":"ImageObject","inLanguage":"pl-PL","@id":"https:\/\/chemgramx.com\/#\/schema\/logo\/image\/","url":"https:\/\/chemgramx.com\/wp-content\/uploads\/2024\/10\/final-logo.png","contentUrl":"https:\/\/chemgramx.com\/wp-content\/uploads\/2024\/10\/final-logo.png","width":250,"height":48,"caption":"Chemgramx"},"image":{"@id":"https:\/\/chemgramx.com\/#\/schema\/logo\/image\/"}}]}},"_links":{"self":[{"href":"https:\/\/chemgramx.com\/pl\/wp-json\/wp\/v2\/product\/7888","targetHints":{"allow":["GET"]}}],"collection":[{"href":"https:\/\/chemgramx.com\/pl\/wp-json\/wp\/v2\/product"}],"about":[{"href":"https:\/\/chemgramx.com\/pl\/wp-json\/wp\/v2\/types\/product"}],"replies":[{"embeddable":true,"href":"https:\/\/chemgramx.com\/pl\/wp-json\/wp\/v2\/comments?post=7888"}],"wp:featuredmedia":[{"embeddable":true,"href":"https:\/\/chemgramx.com\/pl\/wp-json\/wp\/v2\/media\/7918"}],"wp:attachment":[{"href":"https:\/\/chemgramx.com\/pl\/wp-json\/wp\/v2\/media?parent=7888"}],"wp:term":[{"taxonomy":"product_brand","embeddable":true,"href":"https:\/\/chemgramx.com\/pl\/wp-json\/wp\/v2\/product_brand?post=7888"},{"taxonomy":"product_cat","embeddable":true,"href":"https:\/\/chemgramx.com\/pl\/wp-json\/wp\/v2\/product_cat?post=7888"},{"taxonomy":"product_tag","embeddable":true,"href":"https:\/\/chemgramx.com\/pl\/wp-json\/wp\/v2\/product_tag?post=7888"}],"curies":[{"name":"wp","href":"https:\/\/api.w.org\/{rel}","templated":true}]}}