{"id":7890,"date":"2025-11-21T11:24:16","date_gmt":"2025-11-21T11:24:16","guid":{"rendered":"https:\/\/chemgramx.com\/?post_type=product&#038;p=7890"},"modified":"2025-12-10T06:51:09","modified_gmt":"2025-12-10T06:51:09","slug":"etonitazepipne-zamowienie-online","status":"publish","type":"product","link":"https:\/\/chemgramx.com\/pl\/product\/etonitazepipne-online-bestellung\/","title":{"rendered":"Zam\u00f3w etonitazepipne \u2013 najwy\u017csza jako\u015b\u0107 dla bada\u0144 naukowych"},"content":{"rendered":"<p>Chemgramx przedstawia <b>Etonitazepipne<\/b>, syntetycznego zwi\u0105zku chemicznego opracowanego specjalnie do wymagaj\u0105cych zastosowa\u0144 badawczych i laboratoryjnych. Z dum\u0105 przedstawiamy Pa\u0144stwu <b>Etonitazepipne na sprzeda\u017c<\/b> oferowa\u0107 najwy\u017csz\u0105 jako\u015b\u0107. Naszym celem jest zapewnienie naukowcom dost\u0119pu do chemikali\u00f3w o <b>wysokiej czysto\u015bci na sprzeda\u017c<\/b> niezb\u0119dne do przeprowadzenia precyzyjnych i powtarzalnych bada\u0144. Ponadto gwarantujemy, \u017ce ka\u017cda partia poddawana jest rygorystycznej kontroli jako\u015bci.<\/p>\n<p>To po\u0142\u0105czenie jest przeznaczone dla laboratori\u00f3w, kt\u00f3re potrzebuj\u0105 <b>Jako\u015b\u0107 bada\u0144 naukowych na sprzeda\u017c<\/b> kt\u00f3re spe\u0142niaj\u0105 oczekiwania dotycz\u0105ce dok\u0142adno\u015bci i sp\u00f3jno\u015bci. Je\u015bli <b>Zam\u00f3w Etonitazepipne online<\/b> Chemgramx stanowi niezawodne \u017ar\u00f3d\u0142o informacji dla projekt\u00f3w naukowych. Przywi\u0105zujemy du\u017c\u0105 wag\u0119 do integralno\u015bci naszych produkt\u00f3w, aby zapewni\u0107 najlepsze wsparcie dla bada\u0144 naukowych.<\/p>\n<h2>Co to jest Etonitazepipne?<\/h2>\n<h3>Podstawy obiecuj\u0105cego po\u0142\u0105czenia<\/h3>\n<p>Etonitazepipne jest mniej znan\u0105, ale znacz\u0105c\u0105 chemicznie substancj\u0105, kt\u00f3ra cieszy si\u0119 coraz wi\u0119kszym zainteresowaniem \u015bwiata naukowego. Nale\u017cy ona do specyficznej klasy zwi\u0105zk\u00f3w, kt\u00f3re s\u0105 interesuj\u0105ce ze wzgl\u0119du na swoje wyj\u0105tkowe w\u0142a\u015bciwo\u015bci molekularne. Dlatego te\u017c etonitazepipne jest cz\u0119sto wykorzystywane w badaniach maj\u0105cych na celu rozszyfrowanie z\u0142o\u017conych mechanizm\u00f3w biochemicznych lub poszukiwanie nowych dr\u00f3g w rozwoju lek\u00f3w.<\/p>\n<p>Dok\u0142adna nazwa chemiczna i klasyfikacja tej substancji maj\u0105 kluczowe znaczenie dla jej prawid\u0142owego stosowania i interpretacji w eksperymentach naukowych. Ponadto dog\u0142\u0119bne zrozumienie jej w\u0142a\u015bciwo\u015bci chemicznych pozwala na dok\u0142adniejsze przewidywanie jej zachowania w r\u00f3\u017cnych warunkach laboratoryjnych. Z tego powodu konieczne jest stosowanie wy\u0142\u0105cznie dobrze scharakteryzowanych substancji.<\/p>\n<h2>Integralno\u015b\u0107 chemiczna i najwy\u017csza czysto\u015b\u0107<\/h2>\n<h3>Szczeg\u00f3\u0142y konstrukcyjne i zapewnienie jako\u015bci<\/h3>\n<p>Struktura molekularna etonitazepipu jest kluczem do jego specyficznych w\u0142a\u015bciwo\u015bci. Jest to starannie syntetyzowany zwi\u0105zek, kt\u00f3rego czysto\u015b\u0107 ma decyduj\u0105ce znaczenie dla wa\u017cno\u015bci wszelkich wynik\u00f3w bada\u0144. Aby to zapewni\u0107, w Chemgramx stosujemy najnowocze\u015bniejsze techniki analityczne, kt\u00f3re sprawdzaj\u0105 ka\u017cd\u0105 parti\u0119 pod k\u0105tem to\u017csamo\u015bci chemicznej i stopnia czysto\u015bci.<\/p>\n<p>Oferujemy <b>Najwy\u017csza jako\u015b\u0107 Etonitazepipne<\/b> spe\u0142niaj\u0105c\u0105 najsurowsze standardy analityczne. Obejmuje to metody takie jak HPLC (wysokosprawna chromatografia cieczowa) i NMR (spektroskopia magnetycznego rezonansu j\u0105drowego). Dzi\u0119ki temu naukowcy mog\u0105 mie\u0107 pewno\u015b\u0107, \u017ce otrzymuj\u0105 <b>autentyczny etonitazepipne<\/b> woln\u0105 od zanieczyszcze\u0144, kt\u00f3re mog\u0142yby zafa\u0142szowa\u0107 wyniki bada\u0144. Jako\u015b\u0107 nie jest tu kwesti\u0105 kompromisu, ale podstawowym filarem naszej oferty.<\/p>\n<p>Ponadto wysoka czysto\u015b\u0107 jest wa\u017cna nie tylko dla unikni\u0119cia czynnik\u00f3w zak\u0142\u00f3caj\u0105cych, ale tak\u017ce dla zapewnienia bezpiecze\u0144stwa w laboratorium. Dobrze zdefiniowana i czysta substancja reaguje zgodnie z oczekiwaniami, co znacznie u\u0142atwia jej obs\u0142ug\u0119. Dlatego warto zdecydowa\u0107 si\u0119 na produkty takie jak <b>Jako\u015b\u0107 laboratoryjna na sprzeda\u017c<\/b> Chemgramx to inwestycja w rzetelno\u015b\u0107 Twojej pracy naukowej.<\/p>\n<h2>R\u00f3\u017cnorodne obszary zastosowa\u0144 w badaniach naukowych<\/h2>\n<h3>Mo\u017cliwo\u015bci zastosowania w laboratorium<\/h3>\n<p>Etonitazepipna znajduje zastosowanie w r\u00f3\u017cnych dziedzinach bada\u0144 chemicznych i biomedycznych. Jest szczeg\u00f3lnie interesuj\u0105ca dla naukowc\u00f3w zajmuj\u0105cych si\u0119 neurofarmakologi\u0105, badaniami wi\u0105zania receptor\u00f3w lub opracowywaniem nowych metod analitycznych. Jej specyficzna struktura predestynuje j\u0105 do bada\u0144, w kt\u00f3rych nacisk k\u0142adzie si\u0119 na precyzyjne interakcje molekularne.<\/p>\n<p>Na przyk\u0142ad etonitazepipna mo\u017ce s\u0142u\u017cy\u0107 jako standard referencyjny w laboratoriach toksykologicznych lub by\u0107 wykorzystywana do syntezy metabolit\u00f3w do bada\u0144 farmakokinetycznych. Ponadto umo\u017cliwia badanie szlak\u00f3w metabolicznych i identyfikacj\u0119 potencjalnych biomarker\u00f3w. Je\u015bli <a href=\"https:\/\/chemgramx.com\/product\/etonitazepipne-online-bestellung\/\">Zam\u00f3w Etonitazepipne online<\/a>, otrzymuj\u0105 Pa\u0144stwo wszechstronne narz\u0119dzie do bada\u0144 naukowych. Szerokie spektrum mo\u017cliwo\u015bci zastosowania podkre\u015bla warto\u015b\u0107 tego zwi\u0105zku w nowoczesnej nauce.<\/p>\n<p>Ponadto naukowcy mog\u0105 stosowa\u0107 etonitazepipne w <i>in vitro<\/i> oraz <i>in vivo<\/i> Wykorzystanie bada\u0144 do obserwacji reakcji kom\u00f3rkowych lub efekt\u00f3w fizjologicznych. Jednak zawsze konieczne jest przestrzeganie wytycznych etycznych i rygorystycznych protoko\u0142\u00f3w. Dost\u0119pno\u015b\u0107 jako <b>Jako\u015b\u0107 bada\u0144 naukowych na sprzeda\u017c<\/b> u\u0142atwia laboratoriom na ca\u0142ym \u015bwiecie dost\u0119p do tej wa\u017cnej substancji chemicznej wykorzystywanej w ich projektach.<\/p>\n<h2>Bezpieczna obs\u0142uga i odpowiedzialne post\u0119powanie<\/h2>\n<h3>Wytyczne dotycz\u0105ce u\u017cytkowania w laboratorium<\/h3>\n<p>Odpowiedzialne obchodzenie si\u0119 z etonitazepipnem w laboratorium ma ogromne znaczenie. Ze wzgl\u0119du na jego w\u0142a\u015bciwo\u015bci chemiczne nale\u017cy zawsze stosowa\u0107 odpowiednie \u015brodki bezpiecze\u0144stwa. Obejmuj\u0105 one noszenie \u015brodk\u00f3w ochrony osobistej, takich jak r\u0119kawiczki, okulary ochronne i fartuch laboratoryjny, a tak\u017ce prac\u0119 pod wyci\u0105giem.<\/p>\n<p>Ponadto przed rozpocz\u0119ciem pracy z substancj\u0105 konieczne jest dok\u0142adne zapoznanie si\u0119 z kart\u0105 charakterystyki substancji niebezpiecznej (SDB). Zawiera ona wa\u017cne informacje na temat potencjalnych zagro\u017ce\u0144, \u015brodk\u00f3w pierwszej pomocy i bezpiecznego przechowywania. Dzi\u0119ki temu ryzyko nara\u017cenia jest zminimalizowane, a bezpiecze\u0144stwo wszystkich os\u00f3b przebywaj\u0105cych w laboratorium zapewnione. <a href=\"https:\/\/chemgramx.com\/product\/kiwi-passion-fruit-guava-2000mg-cbd-disposable-vape\/\">prawid\u0142owe obchodzenie si\u0119 z chemikaliami laboratoryjnymi<\/a> jest fundamentalnym aspektem ka\u017cdej odpowiedzialnej dzia\u0142alno\u015bci badawczej.<\/p>\n<p>Ponadto etonitazepipne nale\u017cy utylizowa\u0107 zgodnie z lokalnymi i krajowymi przepisami dotycz\u0105cymi odpad\u00f3w chemicznych. Niew\u0142a\u015bciwa utylizacja mo\u017ce nie tylko spowodowa\u0107 szkody dla \u015brodowiska, ale tak\u017ce poci\u0105ga\u0107 za sob\u0105 konsekwencje prawne. W zwi\u0105zku z tym wa\u017cne jest, aby personel laboratoryjny by\u0142 regularnie szkolony w zakresie procedur bezpiecze\u0144stwa.<\/p>\n<h2>Tw\u00f3j wyb\u00f3r: Etonitazepipne firmy Chemgramx<\/h2>\n<h3>Przekonuj\u0105ca kompetencja i jako\u015b\u0107<\/h3>\n<p>Wyb\u00f3r odpowiedniego dostawcy chemikali\u00f3w badawczych ma kluczowe znaczenie dla powodzenia Twoich projekt\u00f3w. W Chemgramx staramy si\u0119 dostarcza\u0107 nie tylko produkty, ale tak\u017ce zaufanie. Z tego powodu oferujemy <b>najlepszy dost\u0119pny Etonitazepipne<\/b> na rynku, poparte kompleksowymi kontrolami jako\u015bci i przejrzyst\u0105 dokumentacj\u0105.<\/p>\n<p>Nasze do\u015bwiadczenie w dziedzinie chemikali\u00f3w badawczych gwarantuje, \u017ce otrzymujesz produkty spe\u0142niaj\u0105ce najwy\u017csze standardy. Rozumiemy potrzeby naukowc\u00f3w i dlatego staramy si\u0119 zapewni\u0107 p\u0142ynny i bezpieczny proces zakupu. Zaufaj Chemgramx, je\u015bli chodzi o czysto\u015b\u0107 i niezawodno\u015b\u0107 materia\u0142\u00f3w badawczych.<\/p>\n<p>Ponadto zakup w Chemgramx wi\u0105\u017ce si\u0119 z <b>bezpieczny zakup<\/b> . Gwarantujemy dyskrecj\u0119 i staranny proces, w kt\u00f3rym priorytetem s\u0105 Pa\u0144stwa potrzeby badawcze. Kr\u00f3tko m\u00f3wi\u0105c, jeste\u015bmy Pa\u0144stwa niezawodnym partnerem w zakresie wysokiej jako\u015bci chemikali\u00f3w badawczych.<\/p>\n<h2>Zakup w Chemgramx: prosty i niezawodny<\/h2>\n<h3>Tw\u00f3j partner w zakresie chemikali\u00f3w badawczych<\/h3>\n<p>Proces, <b>Zam\u00f3w Etonitazepipne online<\/b> w Chemgramx jest zaprojektowany z my\u015bl\u0105 o Twojej wygodzie i bezpiecze\u0144stwie. Nasz przyjazny dla u\u017cytkownika system umo\u017cliwia efektywny wyb\u00f3r i zamawianie potrzebnych chemikali\u00f3w. Ponadto przywi\u0105zujemy du\u017c\u0105 wag\u0119 do przejrzysto\u015bci procesu, aby\u015b zawsze by\u0142 informowany o statusie swojego zam\u00f3wienia.<\/p>\n<p>Nieustannie pracujemy nad optymalizacj\u0105 naszych us\u0142ug i maksymalnym u\u0142atwieniem zakupu chemikali\u00f3w badawczych. Je\u015bli <b>zam\u00f3w teraz online<\/b>, skorzystaj z naszego zaanga\u017cowania w jako\u015b\u0107 i satysfakcj\u0119 klienta. Nasze produkty s\u0105 zawsze traktowane z najwy\u017csz\u0105 staranno\u015bci\u0105, aby zachowa\u0107 ich integralno\u015b\u0107. W ko\u0144cu zadowolenie naszych klient\u00f3w jest naszym nadrz\u0119dnym celem.<\/p>\n<p>W Chemgramx jeste\u015bmy Twoim zaanga\u017cowanym partnerem w zakresie dostaw chemikali\u00f3w badawczych. Nasza oferta obejmuje szerok\u0105 gam\u0119 substancji, kt\u00f3re spe\u0142niaj\u0105 wymagania wsp\u00f3\u0142czesnych bada\u0144 naukowych. Odkryj r\u00f3wnie\u017c nasze inne produkty, takie jak na przyk\u0142ad <a href=\"https:\/\/chemgramx.com\/product\/kiwi-passion-fruit-guava-2000mg-cbd-disposable-vape\/\">Kiwi Passion Fruit Guava 2000mg CBD jednorazowego u\u017cytku Vape<\/a>, do dalszych cel\u00f3w badawczo-rozwojowych.<\/p>\n<h2>Podsumowanie i dalsze informacje<\/h2>\n<h3>Zaanga\u017cowani w doskona\u0142e badania naukowe<\/h3>\n<p>Podsumowuj\u0105c, mo\u017cna stwierdzi\u0107, \u017ce etonitazepipna jest cennym zwi\u0105zkiem dla bada\u0144 naukowych, pod warunkiem, \u017ce jest stosowana w najwy\u017cszej czysto\u015bci i z najwy\u017csz\u0105 staranno\u015bci\u0105. Chemgramx jest godnym zaufania dostawc\u0105, je\u015bli potrzebujesz <b>Etonitazepipne na sprzeda\u017c<\/b> spe\u0142niaj\u0105ce najwy\u017csze wymagania jako\u015bciowe. Nieustannie d\u0105\u017cymy do tego, aby oferowa\u0107 Pa\u0144stwu najlepsze produkty i sprawny serwis.<\/p>\n<p>Zapraszamy Pa\u0144stwa do przekonania si\u0119 o jako\u015bci i niezawodno\u015bci naszych produkt\u00f3w. Skorzystajcie z okazji, aby <b>Najwy\u017csza jako\u015b\u0107 Etonitazepipne<\/b> i przenie\u015b\u0107 swoje badania na nowy poziom. Twoje odkrycia naukowe zaczynaj\u0105 si\u0119 od odpowiednich materia\u0142\u00f3w, a my jeste\u015bmy tutaj, aby je dostarczy\u0107.<\/p>\n<p>Na koniec chcieliby\u015bmy podkre\u015bli\u0107, \u017ce nasz\u0105 misj\u0105 jest wspieranie naukowc\u00f3w na ca\u0142ym \u015bwiecie poprzez dostarczanie najwy\u017cszej jako\u015bci chemikali\u00f3w. <b>Zam\u00f3w Etonitazepipne online<\/b> ju\u017c dzi\u015b w Chemgramx i skorzystaj z naszego zaanga\u017cowania w doskona\u0142o\u015b\u0107 i rzetelno\u015b\u0107 naukow\u0105. Cieszymy si\u0119, \u017ce mo\u017cemy wesprze\u0107 Ci\u0119 w Twoich badaniach naukowych.<\/p>","protected":false},"excerpt":{"rendered":"<p>Odkryj <b>Etonitazepipne<\/b>, wysokiej jako\u015bci zwi\u0105zek, idealny do cel\u00f3w badawczych. Kup <b>Zam\u00f3w Etonitazepipne<\/b> w Chemgramx i zapewnij sobie: <\/p>\n<ul>\n<li><b>Wysoka czysto\u015b\u0107:<\/b> Gwarantowana jako\u015b\u0107 dla precyzyjnych wynik\u00f3w.<\/li>\n<li><b>Jako\u015b\u0107 bada\u0144:<\/b> Zoptymalizowany do wymagaj\u0105cych zastosowa\u0144 laboratoryjnych.<\/li>\n<li><b>Bezpieczny zakup:<\/b> Niezawodny proces i poufna obs\u0142uga.<\/li>\n<\/ul>\n<p>Twoje \u017ar\u00f3d\u0142o informacji o <a href=\"https:\/\/chemgramx.com\/product\/etonitazepipne-online-bestellung\/\"><b>autentyczny etonitazepipne<\/b><\/a>.<\/p>","protected":false},"featured_media":7920,"comment_status":"open","ping_status":"closed","template":"","meta":{"_joinchat":[]},"product_brand":[],"product_cat":[56],"product_tag":[854,873,869,874,882,860,862,868,856,861,867,857,872,881,880,859,870,866,878,863,876,871,858,855,875,879,864,865,877],"class_list":{"0":"post-7890","1":"product","2":"type-product","3":"status-publish","4":"has-post-thumbnail","6":"product_cat-opioids","7":"product_tag-etonitazepipne","8":"product_tag-etonitazepipne-analyse","9":"product_tag-etonitazepipne-anwendungen","10":"product_tag-etonitazepipne-chemie","11":"product_tag-etonitazepipne-eigenschaften","12":"product_tag-etonitazepipne-forschungschemikalie","13":"product_tag-etonitazepipne-groshandel","14":"product_tag-etonitazepipne-handhabung","15":"product_tag-etonitazepipne-kaufen","16":"product_tag-etonitazepipne-laboranwendung","17":"product_tag-etonitazepipne-lagerung","18":"product_tag-etonitazepipne-lieferant","19":"product_tag-etonitazepipne-markt","20":"product_tag-etonitazepipne-opioid-agonist","21":"product_tag-etonitazepipne-pharmakologie","22":"product_tag-etonitazepipne-preis","23":"product_tag-etonitazepipne-risiken","24":"product_tag-etonitazepipne-sicherheit","25":"product_tag-etonitazepipne-studien","26":"product_tag-etonitazepipne-verfugbarkeit","27":"product_tag-etonitazepipne-vertrieb","28":"product_tag-etonitazepipne-vorschriften","29":"product_tag-etonitazepipne-zum-verkauf","30":"product_tag-n-piperidinyl-etonitazen","31":"product_tag-n-piperidinyl-etonitazen-effekte","32":"product_tag-n-piperidinyl-etonitazen-fur-forschung","33":"product_tag-n-piperidinyl-etonitazen-kaufen","34":"product_tag-n-piperidinyl-etonitazen-lieferant","35":"product_tag-n-piperidinyl-etonitazen-reinheit","37":"first","38":"instock","39":"shipping-taxable","40":"purchasable","41":"product-type-variable"},"yoast_head":"<!-- This site is optimized with the Yoast SEO plugin v27.5 - https:\/\/yoast.com\/product\/yoast-seo-wordpress\/ -->\n<title>Etonitazepipne bestellen - Top Qualit\u00e4t f\u00fcr Forschung<\/title>\n<meta name=\"description\" content=\"Entdecken Sie hochwertige Etonitazepipne f\u00fcr Ihre Forschungszwecke. Jetzt online bei Chemgramx bestellen f\u00fcr maximale Reinheit und zuverl\u00e4ssige Ergebnisse. Sicherer Kauf garantiert.\" \/>\n<meta name=\"robots\" content=\"index, follow, max-snippet:-1, max-image-preview:large, max-video-preview:-1\" \/>\n<link rel=\"canonical\" href=\"https:\/\/chemgramx.com\/pl\/produkt-1\/etonitazepipne-zamowienie-online\/\" \/>\n<meta property=\"og:locale\" content=\"pl_PL\" \/>\n<meta property=\"og:type\" content=\"article\" \/>\n<meta property=\"og:title\" content=\"Etonitazepipne bestellen - Top Qualit\u00e4t f\u00fcr Forschung\" \/>\n<meta property=\"og:description\" content=\"Entdecken Sie hochwertige Etonitazepipne f\u00fcr Ihre Forschungszwecke. Jetzt online bei Chemgramx bestellen f\u00fcr maximale Reinheit und zuverl\u00e4ssige Ergebnisse. Sicherer Kauf garantiert.\" \/>\n<meta property=\"og:url\" content=\"https:\/\/chemgramx.com\/pl\/produkt-1\/etonitazepipne-zamowienie-online\/\" \/>\n<meta property=\"og:site_name\" content=\"Chemgramx\" \/>\n<meta property=\"article:modified_time\" content=\"2025-12-10T06:51:09+00:00\" \/>\n<meta property=\"og:image\" content=\"https:\/\/chemgramx.com\/wp-content\/uploads\/2025\/11\/Buy-Etonitazepipne.webp\" \/>\n\t<meta property=\"og:image:width\" content=\"225\" \/>\n\t<meta property=\"og:image:height\" content=\"225\" \/>\n\t<meta property=\"og:image:type\" content=\"image\/webp\" \/>\n<meta name=\"twitter:card\" content=\"summary_large_image\" \/>\n<meta name=\"twitter:label1\" content=\"Szacowany czas czytania\" \/>\n\t<meta name=\"twitter:data1\" content=\"5 minut\" \/>\n<script type=\"application\/ld+json\" class=\"yoast-schema-graph\">{\"@context\":\"https:\\\/\\\/schema.org\",\"@graph\":[{\"@type\":\"WebPage\",\"@id\":\"https:\\\/\\\/chemgramx.com\\\/product\\\/etonitazepipne-online-bestellung\\\/\",\"url\":\"https:\\\/\\\/chemgramx.com\\\/product\\\/etonitazepipne-online-bestellung\\\/\",\"name\":\"Etonitazepipne bestellen - Top Qualit\u00e4t f\u00fcr Forschung\",\"isPartOf\":{\"@id\":\"https:\\\/\\\/chemgramx.com\\\/#website\"},\"primaryImageOfPage\":{\"@id\":\"https:\\\/\\\/chemgramx.com\\\/product\\\/etonitazepipne-online-bestellung\\\/#primaryimage\"},\"image\":{\"@id\":\"https:\\\/\\\/chemgramx.com\\\/product\\\/etonitazepipne-online-bestellung\\\/#primaryimage\"},\"thumbnailUrl\":\"https:\\\/\\\/chemgramx.com\\\/wp-content\\\/uploads\\\/2025\\\/11\\\/Buy-Etonitazepipne.webp\",\"datePublished\":\"2025-11-21T11:24:16+00:00\",\"dateModified\":\"2025-12-10T06:51:09+00:00\",\"description\":\"Entdecken Sie hochwertige Etonitazepipne f\u00fcr Ihre Forschungszwecke. Jetzt online bei Chemgramx bestellen f\u00fcr maximale Reinheit und zuverl\u00e4ssige Ergebnisse. Sicherer Kauf garantiert.\",\"breadcrumb\":{\"@id\":\"https:\\\/\\\/chemgramx.com\\\/product\\\/etonitazepipne-online-bestellung\\\/#breadcrumb\"},\"inLanguage\":\"pl-PL\",\"potentialAction\":[{\"@type\":\"ReadAction\",\"target\":[\"https:\\\/\\\/chemgramx.com\\\/product\\\/etonitazepipne-online-bestellung\\\/\"]}]},{\"@type\":\"ImageObject\",\"inLanguage\":\"pl-PL\",\"@id\":\"https:\\\/\\\/chemgramx.com\\\/product\\\/etonitazepipne-online-bestellung\\\/#primaryimage\",\"url\":\"https:\\\/\\\/chemgramx.com\\\/wp-content\\\/uploads\\\/2025\\\/11\\\/Buy-Etonitazepipne.webp\",\"contentUrl\":\"https:\\\/\\\/chemgramx.com\\\/wp-content\\\/uploads\\\/2025\\\/11\\\/Buy-Etonitazepipne.webp\",\"width\":225,\"height\":225},{\"@type\":\"BreadcrumbList\",\"@id\":\"https:\\\/\\\/chemgramx.com\\\/product\\\/etonitazepipne-online-bestellung\\\/#breadcrumb\",\"itemListElement\":[{\"@type\":\"ListItem\",\"position\":1,\"name\":\"Home\",\"item\":\"https:\\\/\\\/chemgramx.com\\\/\"},{\"@type\":\"ListItem\",\"position\":2,\"name\":\"Shop\",\"item\":\"https:\\\/\\\/chemgramx.com\\\/shop\\\/\"},{\"@type\":\"ListItem\",\"position\":3,\"name\":\"Etonitazepipne bestellen &#8211; Top Qualit\u00e4t f\u00fcr Forschung\"}]},{\"@type\":\"WebSite\",\"@id\":\"https:\\\/\\\/chemgramx.com\\\/#website\",\"url\":\"https:\\\/\\\/chemgramx.com\\\/\",\"name\":\"Chemgramx\",\"description\":\"\",\"publisher\":{\"@id\":\"https:\\\/\\\/chemgramx.com\\\/#organization\"},\"potentialAction\":[{\"@type\":\"SearchAction\",\"target\":{\"@type\":\"EntryPoint\",\"urlTemplate\":\"https:\\\/\\\/chemgramx.com\\\/?s={search_term_string}\"},\"query-input\":{\"@type\":\"PropertyValueSpecification\",\"valueRequired\":true,\"valueName\":\"search_term_string\"}}],\"inLanguage\":\"pl-PL\"},{\"@type\":\"Organization\",\"@id\":\"https:\\\/\\\/chemgramx.com\\\/#organization\",\"name\":\"Chemgramx\",\"url\":\"https:\\\/\\\/chemgramx.com\\\/\",\"logo\":{\"@type\":\"ImageObject\",\"inLanguage\":\"pl-PL\",\"@id\":\"https:\\\/\\\/chemgramx.com\\\/#\\\/schema\\\/logo\\\/image\\\/\",\"url\":\"https:\\\/\\\/chemgramx.com\\\/wp-content\\\/uploads\\\/2024\\\/10\\\/final-logo.png\",\"contentUrl\":\"https:\\\/\\\/chemgramx.com\\\/wp-content\\\/uploads\\\/2024\\\/10\\\/final-logo.png\",\"width\":250,\"height\":48,\"caption\":\"Chemgramx\"},\"image\":{\"@id\":\"https:\\\/\\\/chemgramx.com\\\/#\\\/schema\\\/logo\\\/image\\\/\"}}]}<\/script>\n<!-- \/ Yoast SEO plugin. -->","yoast_head_json":{"title":"Zam\u00f3w etonitazepipne \u2013 najwy\u017csza jako\u015b\u0107 dla bada\u0144 naukowych","description":"Odkryj wysokiej jako\u015bci etonitazepipn\u0119 do cel\u00f3w badawczych. Zam\u00f3w teraz online w Chemgramx, aby uzyska\u0107 maksymaln\u0105 czysto\u015b\u0107 i wiarygodne wyniki. Gwarantujemy bezpieczny zakup.","robots":{"index":"index","follow":"follow","max-snippet":"max-snippet:-1","max-image-preview":"max-image-preview:large","max-video-preview":"max-video-preview:-1"},"canonical":"https:\/\/chemgramx.com\/pl\/produkt-1\/etonitazepipne-zamowienie-online\/","og_locale":"pl_PL","og_type":"article","og_title":"Etonitazepipne bestellen - Top Qualit\u00e4t f\u00fcr Forschung","og_description":"Entdecken Sie hochwertige Etonitazepipne f\u00fcr Ihre Forschungszwecke. Jetzt online bei Chemgramx bestellen f\u00fcr maximale Reinheit und zuverl\u00e4ssige Ergebnisse. Sicherer Kauf garantiert.","og_url":"https:\/\/chemgramx.com\/pl\/produkt-1\/etonitazepipne-zamowienie-online\/","og_site_name":"Chemgramx","article_modified_time":"2025-12-10T06:51:09+00:00","og_image":[{"width":225,"height":225,"url":"https:\/\/chemgramx.com\/wp-content\/uploads\/2025\/11\/Buy-Etonitazepipne.webp","type":"image\/webp"}],"twitter_card":"summary_large_image","twitter_misc":{"Szacowany czas czytania":"5 minut"},"schema":{"@context":"https:\/\/schema.org","@graph":[{"@type":"WebPage","@id":"https:\/\/chemgramx.com\/product\/etonitazepipne-online-bestellung\/","url":"https:\/\/chemgramx.com\/product\/etonitazepipne-online-bestellung\/","name":"Zam\u00f3w etonitazepipne \u2013 najwy\u017csza jako\u015b\u0107 dla bada\u0144 naukowych","isPartOf":{"@id":"https:\/\/chemgramx.com\/#website"},"primaryImageOfPage":{"@id":"https:\/\/chemgramx.com\/product\/etonitazepipne-online-bestellung\/#primaryimage"},"image":{"@id":"https:\/\/chemgramx.com\/product\/etonitazepipne-online-bestellung\/#primaryimage"},"thumbnailUrl":"https:\/\/chemgramx.com\/wp-content\/uploads\/2025\/11\/Buy-Etonitazepipne.webp","datePublished":"2025-11-21T11:24:16+00:00","dateModified":"2025-12-10T06:51:09+00:00","description":"Odkryj wysokiej jako\u015bci etonitazepipn\u0119 do cel\u00f3w badawczych. Zam\u00f3w teraz online w Chemgramx, aby uzyska\u0107 maksymaln\u0105 czysto\u015b\u0107 i wiarygodne wyniki. Gwarantujemy bezpieczny zakup.","breadcrumb":{"@id":"https:\/\/chemgramx.com\/product\/etonitazepipne-online-bestellung\/#breadcrumb"},"inLanguage":"pl-PL","potentialAction":[{"@type":"ReadAction","target":["https:\/\/chemgramx.com\/product\/etonitazepipne-online-bestellung\/"]}]},{"@type":"ImageObject","inLanguage":"pl-PL","@id":"https:\/\/chemgramx.com\/product\/etonitazepipne-online-bestellung\/#primaryimage","url":"https:\/\/chemgramx.com\/wp-content\/uploads\/2025\/11\/Buy-Etonitazepipne.webp","contentUrl":"https:\/\/chemgramx.com\/wp-content\/uploads\/2025\/11\/Buy-Etonitazepipne.webp","width":225,"height":225},{"@type":"BreadcrumbList","@id":"https:\/\/chemgramx.com\/product\/etonitazepipne-online-bestellung\/#breadcrumb","itemListElement":[{"@type":"ListItem","position":1,"name":"Home","item":"https:\/\/chemgramx.com\/"},{"@type":"ListItem","position":2,"name":"Shop","item":"https:\/\/chemgramx.com\/shop\/"},{"@type":"ListItem","position":3,"name":"Etonitazepipne bestellen &#8211; Top Qualit\u00e4t f\u00fcr Forschung"}]},{"@type":"WebSite","@id":"https:\/\/chemgramx.com\/#website","url":"https:\/\/chemgramx.com\/","name":"Chemgramx","description":"","publisher":{"@id":"https:\/\/chemgramx.com\/#organization"},"potentialAction":[{"@type":"SearchAction","target":{"@type":"EntryPoint","urlTemplate":"https:\/\/chemgramx.com\/?s={search_term_string}"},"query-input":{"@type":"PropertyValueSpecification","valueRequired":true,"valueName":"search_term_string"}}],"inLanguage":"pl-PL"},{"@type":"Organization","@id":"https:\/\/chemgramx.com\/#organization","name":"Chemgramx","url":"https:\/\/chemgramx.com\/","logo":{"@type":"ImageObject","inLanguage":"pl-PL","@id":"https:\/\/chemgramx.com\/#\/schema\/logo\/image\/","url":"https:\/\/chemgramx.com\/wp-content\/uploads\/2024\/10\/final-logo.png","contentUrl":"https:\/\/chemgramx.com\/wp-content\/uploads\/2024\/10\/final-logo.png","width":250,"height":48,"caption":"Chemgramx"},"image":{"@id":"https:\/\/chemgramx.com\/#\/schema\/logo\/image\/"}}]}},"_links":{"self":[{"href":"https:\/\/chemgramx.com\/pl\/wp-json\/wp\/v2\/product\/7890","targetHints":{"allow":["GET"]}}],"collection":[{"href":"https:\/\/chemgramx.com\/pl\/wp-json\/wp\/v2\/product"}],"about":[{"href":"https:\/\/chemgramx.com\/pl\/wp-json\/wp\/v2\/types\/product"}],"replies":[{"embeddable":true,"href":"https:\/\/chemgramx.com\/pl\/wp-json\/wp\/v2\/comments?post=7890"}],"wp:featuredmedia":[{"embeddable":true,"href":"https:\/\/chemgramx.com\/pl\/wp-json\/wp\/v2\/media\/7920"}],"wp:attachment":[{"href":"https:\/\/chemgramx.com\/pl\/wp-json\/wp\/v2\/media?parent=7890"}],"wp:term":[{"taxonomy":"product_brand","embeddable":true,"href":"https:\/\/chemgramx.com\/pl\/wp-json\/wp\/v2\/product_brand?post=7890"},{"taxonomy":"product_cat","embeddable":true,"href":"https:\/\/chemgramx.com\/pl\/wp-json\/wp\/v2\/product_cat?post=7890"},{"taxonomy":"product_tag","embeddable":true,"href":"https:\/\/chemgramx.com\/pl\/wp-json\/wp\/v2\/product_tag?post=7890"}],"curies":[{"name":"wp","href":"https:\/\/api.w.org\/{rel}","templated":true}]}}