{"id":7978,"date":"2025-11-21T16:44:40","date_gmt":"2025-11-21T16:44:40","guid":{"rendered":"https:\/\/chemgramx.com\/?post_type=product&#038;p=7978"},"modified":"2025-12-10T18:24:28","modified_gmt":"2025-12-10T18:24:28","slug":"doswiadcz-intensywnosci-dzieki-beans-domino-mdma-134-mg-kup-online","status":"publish","type":"product","link":"https:\/\/chemgramx.com\/pl\/product\/erleben-sie-die-intensitaet-mit-beans-domino-mdma-134-mg-online-kaufen\/","title":{"rendered":"Beans Domino MDMA: wysoka czysto\u015b\u0107 dost\u0119pna online"},"content":{"rendered":"<p>Szukaj <b>Beans Domino MDMA 134 mg na sprzeda\u017c<\/b>, kt\u00f3ry spe\u0142nia najwy\u017csze standardy? W takim razie Chemgramx jest w\u0142a\u015bciwym wyborem. Oferujemy Pa\u0144stwu mo\u017cliwo\u015b\u0107, <b>autentyczny Beans Domino MDMA<\/b> w doskona\u0142ej jako\u015bci <b>kup w Chemgramx<\/b>. Ten precyzyjnie sformu\u0142owany produkt zosta\u0142 opracowany specjalnie do wymagaj\u0105cych zastosowa\u0144 badawczych. W zwi\u0105zku z tym gwarantujemy Pa\u0144stwu <b>wysoka czysto\u015b\u0107 na sprzeda\u017c<\/b>, kt\u00f3ra jest niezb\u0119dna do uzyskania wiarygodnych wynik\u00f3w naukowych.<\/p>\n<p>Nasz <b>Beans Domino MDMA 134 mg<\/b> reprezentuje <b>Jako\u015b\u0107 bada\u0144 naukowych na sprzeda\u017c<\/b>, kt\u00f3rych potrzebuj\u0105 naukowcy i laboratoria. Ponadto przywi\u0105zujemy ogromn\u0105 wag\u0119 do weryfikacji analitycznej ka\u017cdej partii. Dzi\u0119ki temu mo\u017cesz polega\u0107 na sp\u00f3jno\u015bci i precyzji, kt\u00f3re s\u0105 niezb\u0119dne do przeprowadzenia rzetelnych bada\u0144. Dowiedz si\u0119 teraz, jak <b>Najlepszy Beans Domino MDMA dost\u0119pny<\/b> dla swoich projekt\u00f3w.<\/p>\n<h2>Doskona\u0142o\u015b\u0107 preparatu Beans Domino MDMA 134 mg: wprowadzenie<\/h2>\n<p>Beans Domino MDMA (3,4-metylenodioksy-N-metyloamfetamina) jest niezwykle interesuj\u0105c\u0105 substancj\u0105 w badaniach chemicznych. W szczeg\u00f3lno\u015bci nasza formu\u0142a 134 mg zosta\u0142a opracowana z my\u015bl\u0105 o sp\u00f3jno\u015bci i precyzyjnym dawkowaniu, co ma znaczenie w warunkach eksperymentalnych. Ponadto specyfikacja ta umo\u017cliwia dok\u0142adn\u0105 replikacj\u0119 bada\u0144, co jest kluczowym czynnikiem w metodologii naukowej.<\/p>\n<p>Ponadto wyr\u00f3\u017cnia si\u0119 <b>autentyczny Beans Domino MDMA<\/b> charakteryzuje si\u0119 precyzyjn\u0105 struktur\u0105 molekularn\u0105, kt\u00f3ra odpowiada za jego specyficzne w\u0142a\u015bciwo\u015bci. Gwarantuje to zachowanie integralno\u015bci chemicznej materia\u0142u przy ka\u017cdym zastosowaniu. Z jednej strony jest on popularnym obiektem bada\u0144, z drugiej za\u015b jego obs\u0142uga wymaga najwy\u017cszej staranno\u015bci i wiedzy specjalistycznej.<\/p>\n<h3>Standardy jako\u015bci i czysto\u015b\u0107<\/h3>\n<p>W Chemgramx jako\u015b\u0107 jest naszym najwy\u017cszym priorytetem. Dbamy o to, aby nasze <b>Wysokiej jako\u015bci Beans Domino MDMA<\/b> poddawany jest rygorystycznym testom laboratoryjnym. Obejmuj\u0105 one kompleksowe analizy maj\u0105ce na celu potwierdzenie czysto\u015bci i braku niepo\u017c\u0105danych zanieczyszcze\u0144. Dzi\u0119ki temu mo\u017cesz mie\u0107 pewno\u015b\u0107, \u017ce otrzymujesz produkt o niezr\u00f3wnanej jako\u015bci.<\/p>\n<p>W rzeczywisto\u015bci przestrzeganie tych standard\u00f3w ma kluczowe znaczenie dla uzyskania wiarygodnych wynik\u00f3w bada\u0144. Ponadto oferujemy <b>Jako\u015b\u0107 laboratoryjna na sprzeda\u017c<\/b> , kt\u00f3re spe\u0142niaj\u0105 najsurowsze wymagania naukowe. Jeste\u015bmy dumni z tego, \u017ce zapewniamy przejrzysto\u015b\u0107 naszych procedur analitycznych, co podkre\u015bla nasze zaanga\u017cowanie w d\u0105\u017cenie do doskona\u0142o\u015bci.<\/p>\n<h3>Zastosowania badawcze i precyzja<\/h3>\n<p>Beans Domino MDMA 134 mg znajduje zastosowanie w r\u00f3\u017cnych obszarach bada\u0144, zw\u0142aszcza tam, gdzie potrzebna jest dok\u0142adnie zdefiniowana substancja. Mo\u017cna go na przyk\u0142ad stosowa\u0107 w badaniach nad neurochemi\u0105 lub mechanizmami dzia\u0142ania farmakologicznego. Precyzyjna dawka 134 mg umo\u017cliwia kontrolowan\u0105 ekspozycj\u0119 w \u015brodowiskach eksperymentalnych.<\/p>\n<p>Ponadto <b>Jako\u015b\u0107 bada\u0144 naukowych na sprzeda\u017c<\/b> naszego produktu ma decyduj\u0105ce znaczenie dla wiarygodno\u015bci wynik\u00f3w bada\u0144. Wiemy, \u017ce w nauce nie mo\u017cna i\u015b\u0107 na kompromisy w kwestii czysto\u015bci i sp\u00f3jno\u015bci. Dlatego naszym celem jest dostarczanie materia\u0142\u00f3w, kt\u00f3re zawsze przewy\u017cszaj\u0105 oczekiwania i sprzyjaj\u0105 post\u0119pom w badaniach.<\/p>\n<h2>Wa\u017cne w\u0142a\u015bciwo\u015bci preparatu Beans Domino MDMA 134 mg<\/h2>\n<p>Specyficzne w\u0142a\u015bciwo\u015bci Beans Domino MDMA 134 mg sprawiaj\u0105, \u017ce jest to cenne narz\u0119dzie w badaniach naukowych. Jest to krystaliczny proszek o charakterystycznym sk\u0142adzie chemicznym. Ponadto rozpuszczalno\u015b\u0107 w niekt\u00f3rych rozpuszczalnikach jest wa\u017cnym aspektem, kt\u00f3ry nale\u017cy wzi\u0105\u0107 pod uwag\u0119 podczas przygotowywania eksperyment\u00f3w.<\/p>\n<p>Ponadto parametry fizyczne, takie jak temperatura topnienia i g\u0119sto\u015b\u0107, maj\u0105 znaczenie dla identyfikacji i charakterystyki substancji. Dlatego zapewniamy dost\u0119pno\u015b\u0107 wszystkich danych istotnych dla kompleksowej oceny. Przyczynia si\u0119 to do wiarygodno\u015bci i powtarzalno\u015bci wynik\u00f3w bada\u0144.<\/p>\n<h3>Struktura i sk\u0142ad<\/h3>\n<p>Z chemicznego punktu widzenia MDMA jest podstawion\u0105 metylenodioksyfenyloetyloamin\u0105 i amfetamin\u0105. Specyficzny uk\u0142ad atom\u00f3w w preparacie Beans Domino MDMA 134 mg ma decyduj\u0105ce znaczenie dla jego stabilno\u015bci i reaktywno\u015bci. W zwi\u0105zku z tym ka\u017cda partia jest starannie syntetyzowana i oczyszczana, aby zapewni\u0107 t\u0119 precyzyjn\u0105 struktur\u0119.<\/p>\n<p>Ponadto sk\u0142ad molekularny jest \u015bci\u015ble kontrolowany, aby zminimalizowa\u0107 r\u00f3\u017cnice. Jest to szczeg\u00f3lnie wa\u017cne w przypadku d\u0142ugoterminowych bada\u0144, w kt\u00f3rych sp\u00f3jno\u015b\u0107 materia\u0142u badawczego ma ogromne znaczenie. Kr\u00f3tko m\u00f3wi\u0105c, nasze produkty spe\u0142niaj\u0105 najwy\u017csze wymagania dotycz\u0105ce integralno\u015bci chemicznej.<\/p>\n<h3>Bezpieczny zakup i niezawodno\u015b\u0107<\/h3>\n<p>A <b>bezpieczny zakup<\/b> jest dla nas r\u00f3wnie wa\u017cna jak jako\u015b\u0107 produkt\u00f3w. Z tego powodu wprowadzili\u015bmy procesy, kt\u00f3re zapewniaj\u0105 najwy\u017csz\u0105 staranno\u015b\u0107 w realizacji Pa\u0144stwa zam\u00f3wie\u0144. Przywi\u0105zujemy du\u017c\u0105 wag\u0119 do dyskretnej i profesjonalnej obs\u0142ugi wszystkich transakcji, aby chroni\u0107 Pa\u0144stwa prywatno\u015b\u0107.<\/p>\n<p>Ponadto ka\u017cdy etap, od realizacji zam\u00f3wienia po ko\u0144cowe przygotowanie, jest wykonywany z najwy\u017csz\u0105 staranno\u015bci\u0105 i zgodnie z rygorystycznymi protoko\u0142ami. Dzi\u0119ki temu mo\u017cesz mie\u0107 pewno\u015b\u0107, \u017ce materia\u0142y badawcze dotr\u0105 do Ciebie bezpiecznie i w nienaruszonym stanie. Zapewniamy niezawodne i godne zaufania pozyskiwanie materia\u0142\u00f3w.<\/p>\n<h2>Dlaczego warto wybra\u0107 Beans Domino MDMA 134 mg firmy Chemgramx?<\/h2>\n<p>Wyb\u00f3r odpowiedniego dostawcy chemikali\u00f3w badawczych ma kluczowe znaczenie. Chemgramx to kompetencja, jako\u015b\u0107 i wiarygodno\u015b\u0107. Je\u015bli <b>Beans Domino MDMA Zam\u00f3w online<\/b> chc\u0105 Pa\u0144stwo, oferujemy nie tylko produkt, ale kompleksowe rozwi\u0105zanie dla Pa\u0144stwa potrzeb badawczych. Na przyk\u0142ad znajd\u0105 Pa\u0144stwo <a href=\"https:\/\/chemgramx.com\/product\/erleben-sie-die-intensitaet-mit-beans-domino-mdma-134-mg-online-kaufen\/\">Nasza pe\u0142na oferta Beans Domino MDMA 134 mg<\/a> na naszej stronie internetowej.<\/p>\n<p>Ponadto nasz dzia\u0142 obs\u0142ugi klienta jest gotowy odpowiedzie\u0107 na wszystkie Pa\u0144stwa pytania. Rozumiemy wymagania spo\u0142eczno\u015bci naukowej i staramy si\u0119 je jak najlepiej spe\u0142nia\u0107. Dlatego te\u017c pozycjonujemy si\u0119 jako preferowany partner w zakresie wysokiej jako\u015bci materia\u0142\u00f3w badawczych.<\/p>\n<h3>Nasze zaanga\u017cowanie w jako\u015b\u0107<\/h3>\n<p>Nasze nieustanne zaanga\u017cowanie w jako\u015b\u0107 produkt\u00f3w stanowi fundament filozofii naszej firmy. Nieustannie inwestujemy w nowoczesne techniki analityczne i wykwalifikowany personel, aby zapewni\u0107 Pa\u0144stwu zawsze <b>Najwy\u017cszej jako\u015bci Beans Domino MDMA<\/b> . Obejmuje to rygorystyczne kontrole wewn\u0119trzne i regularne audyty.<\/p>\n<p>Ponadto naszym celem jest oferowanie produkt\u00f3w, kt\u00f3re nie tylko spe\u0142niaj\u0105, ale nawet przewy\u017cszaj\u0105 oczekiwania dotycz\u0105ce czysto\u015bci i konsystencji. Mo\u017cesz wi\u0119c z pe\u0142nym przekonaniem <b>autentyczny Beans Domino MDMA<\/b> w Pa\u0144stwa prze\u0142omowych projektach. Nasza reputacja opiera si\u0119 na zaufaniu i zadowoleniu naszych cenionych klient\u00f3w.<\/p>\n<h3>Znaczenie jako\u015bci bada\u0144 naukowych<\/h3>\n<p>Integralno\u015b\u0107 bada\u0144 zale\u017cy w znacznym stopniu od jako\u015bci u\u017cytych materia\u0142\u00f3w. Dlatego te\u017c <b>Jako\u015b\u0107 bada\u0144 naukowych na sprzeda\u017c<\/b> Beans Domino MDMA w Chemgramx ma najwy\u017cszy priorytet. Rozumiemy, \u017ce precyzyjne i powtarzalne wyniki mo\u017cna osi\u0105gn\u0105\u0107 tylko dzi\u0119ki produktom, kt\u00f3re spe\u0142niaj\u0105 najwy\u017csze standardy.<\/p>\n<p>W ten spos\u00f3b przyczyniamy si\u0119 do post\u0119pu naukowego, dostarczaj\u0105c niezawodne i czyste chemikalia. Mo\u017cna <a href=\"https:\/\/chemgramx.com\/product\/forbidden-fruit-indica-hybrid-strain-23-26-thc\/\">dalsze wysokiej jako\u015bci materia\u0142y badawcze<\/a> w naszym bogatym asortymencie. Naszym celem jest bowiem wyposa\u017cenie Pa\u0144stwa w najlepsze narz\u0119dzia do bada\u0144 naukowych.<\/p>\n<h2>Cz\u0119sto zadawane pytania (FAQ) dotycz\u0105ce preparatu Beans Domino MDMA 134 mg<\/h2>\n<ul>\n<li><b>Czym jest Beans Domino MDMA 134 mg?<\/b><br \/>Jest to specjalnie dozowana formu\u0142a 3,4-metylenodioksy-N-metylamfetaminy, produkowana do cel\u00f3w naukowych i badawczych. Podana warto\u015b\u0107 134 mg odnosi si\u0119 do dok\u0142adnej ilo\u015bci substancji czynnej w jednej jednostce.<\/li>\n<li><b>Jaka jest czysto\u015b\u0107 Beans Domino MDMA firmy Chemgramx?<\/b><br \/>Gwarantujemy wysok\u0105 czysto\u015b\u0107 naszych produkt\u00f3w Beans Domino MDMA, potwierdzon\u0105 rygorystycznymi analizami laboratoryjnymi i kontrolami jako\u015bci. Zapewnia to ich przydatno\u015b\u0107 do wymagaj\u0105cych zastosowa\u0144 badawczych.<\/li>\n<li><b>Do jakich cel\u00f3w badawczych nadaje si\u0119 ten produkt?<\/b><br \/>Beans Domino MDMA 134 mg jest idealny do bada\u0144 wymagaj\u0105cych precyzyjnego dawkowania i wysokiej sp\u00f3jno\u015bci materia\u0142u, na przyk\u0142ad w badaniach farmakologicznych, neurochemicznych lub analitycznych.<\/li>\n<li><b>W jaki spos\u00f3b gwarantowana jest jako\u015b\u0107 produkt\u00f3w?<\/b><br \/>Nasza kontrola jako\u015bci obejmuje szczeg\u00f3\u0142owe testy analityczne przeprowadzane przez niezale\u017cne laboratoria w celu weryfikacji sk\u0142adu chemicznego, czysto\u015bci i st\u0119\u017cenia ka\u017cdej partii produktu.<\/li>\n<\/ul>\n<h2>Zam\u00f3w Beans Domino MDMA 134 mg ju\u017c dzi\u015b<\/h2>\n<p>Je\u015bli jeste\u015b gotowy, aby przenie\u015b\u0107 swoje badania na wy\u017cszy poziom, teraz jest odpowiedni moment, aby <b>Beans Domino MDMA Zam\u00f3w online<\/b>. Nasz proces jest intuicyjny i dostosowany do Twoich potrzeb. Dzi\u0119ki temu mo\u017cesz szybko i sprawnie zdoby\u0107 potrzebne materia\u0142y. Jeste\u015bmy gotowi, \u017ceby szybko odpowiedzie\u0107 na Twoje zapytania i da\u0107 Ci <b>Najlepszy Beans Domino MDMA dost\u0119pny<\/b> do dostarczenia.<\/p>\n<p>Skorzystaj z okazji, <b>Kup teraz online<\/b> i skorzysta\u0107 z naszej wiedzy specjalistycznej. Jeste\u015bmy Twoim niezawodnym partnerem w zakresie <b>Chemikalia badawcze o wysokiej czysto\u015bci<\/b>. Dzi\u0119ki temu mo\u017cesz mie\u0107 pewno\u015b\u0107, \u017ce Twoje zam\u00f3wienie zostanie zrealizowane z najwy\u017csz\u0105 profesjonalno\u015bci\u0105 i dyskrecj\u0105. Cieszymy si\u0119, \u017ce mo\u017cemy powita\u0107 Ci\u0119 jako cenionego klienta Chemgramx.<\/p>","protected":false},"excerpt":{"rendered":"<p>Odkryj <b>Beans Domino MDMA 134 mg<\/b>, substancja o wysokiej czysto\u015bci, przeznaczona do cel\u00f3w badawczych. Idealna do precyzyjnych zastosowa\u0144 naukowych. <b>Zakup w Chemgramx<\/b> gwarantuj\u0105ca autentyczno\u015b\u0107 i sp\u00f3jno\u015b\u0107.<\/p>\n<ul>\n<li><b>Wysoka czysto\u015b\u0107:<\/b> Gwarantowana jako\u015b\u0107 laboratoryjna.<\/li>\n<li><b>Precyzyjne dozowanie:<\/b> Idealny do projekt\u00f3w badawczych.<\/li>\n<li><b>Bezpieczny zakup:<\/b> Traktowane dyskretnie i z nale\u017cyt\u0105 staranno\u015bci\u0105.<\/li>\n<\/ul>","protected":false},"featured_media":8014,"comment_status":"open","ping_status":"closed","template":"","meta":{"_joinchat":[]},"product_brand":[],"product_cat":[2846],"product_tag":[2492,2495,2494,2491,1792,2493,2011,2017,2164,2018,2015],"class_list":{"0":"post-7978","1":"product","2":"type-product","3":"status-publish","4":"has-post-thumbnail","6":"product_cat-ecstasy-pills","7":"product_tag-134mg-mdma","8":"product_tag-134mg-mdma-kaufen","9":"product_tag-beans-domino-kaufen","10":"product_tag-beans-domino-mdma","11":"product_tag-beans-domino-mdma-134mg","12":"product_tag-mdma-134mg","13":"product_tag-mdma-kaufen","14":"product_tag-mdma-kristalle","15":"product_tag-mdma-online-kaufen","16":"product_tag-mdma-zum-verkauf","17":"product_tag-synthetische-drogen","19":"first","20":"instock","21":"shipping-taxable","22":"purchasable","23":"product-type-variable"},"yoast_head":"<!-- This site is optimized with the Yoast SEO plugin v27.5 - https:\/\/yoast.com\/product\/yoast-seo-wordpress\/ -->\n<title>Beans Domino MDMA: Hohe Reinheit online erwerben<\/title>\n<meta name=\"description\" content=\"Entdecken Sie hochreines Beans Domino MDMA 134 mg f\u00fcr Ihre Forschung. Erwerben Sie authentische Laborqualit\u00e4t sicher bei Chemgramx. Jetzt online verf\u00fcgbar.\" \/>\n<meta name=\"robots\" content=\"index, follow, max-snippet:-1, max-image-preview:large, max-video-preview:-1\" \/>\n<link rel=\"canonical\" href=\"https:\/\/chemgramx.com\/pl\/produkt-1\/doswiadcz-intensywnosci-dzieki-beans-domino-mdma-134-mg-kup-online\/\" \/>\n<meta property=\"og:locale\" content=\"pl_PL\" \/>\n<meta property=\"og:type\" content=\"article\" \/>\n<meta property=\"og:title\" content=\"Beans Domino MDMA: Hohe Reinheit online erwerben\" \/>\n<meta property=\"og:description\" content=\"Entdecken Sie hochreines Beans Domino MDMA 134 mg f\u00fcr Ihre Forschung. Erwerben Sie authentische Laborqualit\u00e4t sicher bei Chemgramx. Jetzt online verf\u00fcgbar.\" \/>\n<meta property=\"og:url\" content=\"https:\/\/chemgramx.com\/pl\/produkt-1\/doswiadcz-intensywnosci-dzieki-beans-domino-mdma-134-mg-kup-online\/\" \/>\n<meta property=\"og:site_name\" content=\"Chemgramx\" \/>\n<meta property=\"article:modified_time\" content=\"2025-12-10T18:24:28+00:00\" \/>\n<meta property=\"og:image\" content=\"https:\/\/chemgramx.com\/wp-content\/uploads\/2025\/11\/Beans-Domino-MDMA-134mg-1.png\" \/>\n\t<meta property=\"og:image:width\" content=\"600\" \/>\n\t<meta property=\"og:image:height\" content=\"400\" \/>\n\t<meta property=\"og:image:type\" content=\"image\/png\" \/>\n<meta name=\"twitter:card\" content=\"summary_large_image\" \/>\n<meta name=\"twitter:label1\" content=\"Szacowany czas czytania\" \/>\n\t<meta name=\"twitter:data1\" content=\"3 minuty\" \/>\n<script type=\"application\/ld+json\" class=\"yoast-schema-graph\">{\"@context\":\"https:\\\/\\\/schema.org\",\"@graph\":[{\"@type\":\"WebPage\",\"@id\":\"https:\\\/\\\/chemgramx.com\\\/product\\\/erleben-sie-die-intensitaet-mit-beans-domino-mdma-134-mg-online-kaufen\\\/\",\"url\":\"https:\\\/\\\/chemgramx.com\\\/product\\\/erleben-sie-die-intensitaet-mit-beans-domino-mdma-134-mg-online-kaufen\\\/\",\"name\":\"Beans Domino MDMA: Hohe Reinheit online erwerben\",\"isPartOf\":{\"@id\":\"https:\\\/\\\/chemgramx.com\\\/#website\"},\"primaryImageOfPage\":{\"@id\":\"https:\\\/\\\/chemgramx.com\\\/product\\\/erleben-sie-die-intensitaet-mit-beans-domino-mdma-134-mg-online-kaufen\\\/#primaryimage\"},\"image\":{\"@id\":\"https:\\\/\\\/chemgramx.com\\\/product\\\/erleben-sie-die-intensitaet-mit-beans-domino-mdma-134-mg-online-kaufen\\\/#primaryimage\"},\"thumbnailUrl\":\"https:\\\/\\\/chemgramx.com\\\/wp-content\\\/uploads\\\/2025\\\/11\\\/Beans-Domino-MDMA-134mg-1.png\",\"datePublished\":\"2025-11-21T16:44:40+00:00\",\"dateModified\":\"2025-12-10T18:24:28+00:00\",\"description\":\"Entdecken Sie hochreines Beans Domino MDMA 134 mg f\u00fcr Ihre Forschung. Erwerben Sie authentische Laborqualit\u00e4t sicher bei Chemgramx. Jetzt online verf\u00fcgbar.\",\"breadcrumb\":{\"@id\":\"https:\\\/\\\/chemgramx.com\\\/product\\\/erleben-sie-die-intensitaet-mit-beans-domino-mdma-134-mg-online-kaufen\\\/#breadcrumb\"},\"inLanguage\":\"pl-PL\",\"potentialAction\":[{\"@type\":\"ReadAction\",\"target\":[\"https:\\\/\\\/chemgramx.com\\\/product\\\/erleben-sie-die-intensitaet-mit-beans-domino-mdma-134-mg-online-kaufen\\\/\"]}]},{\"@type\":\"ImageObject\",\"inLanguage\":\"pl-PL\",\"@id\":\"https:\\\/\\\/chemgramx.com\\\/product\\\/erleben-sie-die-intensitaet-mit-beans-domino-mdma-134-mg-online-kaufen\\\/#primaryimage\",\"url\":\"https:\\\/\\\/chemgramx.com\\\/wp-content\\\/uploads\\\/2025\\\/11\\\/Beans-Domino-MDMA-134mg-1.png\",\"contentUrl\":\"https:\\\/\\\/chemgramx.com\\\/wp-content\\\/uploads\\\/2025\\\/11\\\/Beans-Domino-MDMA-134mg-1.png\",\"width\":600,\"height\":400},{\"@type\":\"BreadcrumbList\",\"@id\":\"https:\\\/\\\/chemgramx.com\\\/product\\\/erleben-sie-die-intensitaet-mit-beans-domino-mdma-134-mg-online-kaufen\\\/#breadcrumb\",\"itemListElement\":[{\"@type\":\"ListItem\",\"position\":1,\"name\":\"Home\",\"item\":\"https:\\\/\\\/chemgramx.com\\\/\"},{\"@type\":\"ListItem\",\"position\":2,\"name\":\"Shop\",\"item\":\"https:\\\/\\\/chemgramx.com\\\/shop\\\/\"},{\"@type\":\"ListItem\",\"position\":3,\"name\":\"Beans Domino MDMA: Hohe Reinheit online erwerben\"}]},{\"@type\":\"WebSite\",\"@id\":\"https:\\\/\\\/chemgramx.com\\\/#website\",\"url\":\"https:\\\/\\\/chemgramx.com\\\/\",\"name\":\"Chemgramx\",\"description\":\"\",\"publisher\":{\"@id\":\"https:\\\/\\\/chemgramx.com\\\/#organization\"},\"potentialAction\":[{\"@type\":\"SearchAction\",\"target\":{\"@type\":\"EntryPoint\",\"urlTemplate\":\"https:\\\/\\\/chemgramx.com\\\/?s={search_term_string}\"},\"query-input\":{\"@type\":\"PropertyValueSpecification\",\"valueRequired\":true,\"valueName\":\"search_term_string\"}}],\"inLanguage\":\"pl-PL\"},{\"@type\":\"Organization\",\"@id\":\"https:\\\/\\\/chemgramx.com\\\/#organization\",\"name\":\"Chemgramx\",\"url\":\"https:\\\/\\\/chemgramx.com\\\/\",\"logo\":{\"@type\":\"ImageObject\",\"inLanguage\":\"pl-PL\",\"@id\":\"https:\\\/\\\/chemgramx.com\\\/#\\\/schema\\\/logo\\\/image\\\/\",\"url\":\"https:\\\/\\\/chemgramx.com\\\/wp-content\\\/uploads\\\/2024\\\/10\\\/final-logo.png\",\"contentUrl\":\"https:\\\/\\\/chemgramx.com\\\/wp-content\\\/uploads\\\/2024\\\/10\\\/final-logo.png\",\"width\":250,\"height\":48,\"caption\":\"Chemgramx\"},\"image\":{\"@id\":\"https:\\\/\\\/chemgramx.com\\\/#\\\/schema\\\/logo\\\/image\\\/\"}}]}<\/script>\n<!-- \/ Yoast SEO plugin. -->","yoast_head_json":{"title":"Beans Domino MDMA: wysoka czysto\u015b\u0107 dost\u0119pna online","description":"Odkryj wysokiej czysto\u015bci Beans Domino MDMA 134 mg do swoich bada\u0144. Kupuj autentyczne produkty laboratoryjnej jako\u015bci bezpiecznie w Chemgramx. Teraz dost\u0119pne online.","robots":{"index":"index","follow":"follow","max-snippet":"max-snippet:-1","max-image-preview":"max-image-preview:large","max-video-preview":"max-video-preview:-1"},"canonical":"https:\/\/chemgramx.com\/pl\/produkt-1\/doswiadcz-intensywnosci-dzieki-beans-domino-mdma-134-mg-kup-online\/","og_locale":"pl_PL","og_type":"article","og_title":"Beans Domino MDMA: Hohe Reinheit online erwerben","og_description":"Entdecken Sie hochreines Beans Domino MDMA 134 mg f\u00fcr Ihre Forschung. Erwerben Sie authentische Laborqualit\u00e4t sicher bei Chemgramx. Jetzt online verf\u00fcgbar.","og_url":"https:\/\/chemgramx.com\/pl\/produkt-1\/doswiadcz-intensywnosci-dzieki-beans-domino-mdma-134-mg-kup-online\/","og_site_name":"Chemgramx","article_modified_time":"2025-12-10T18:24:28+00:00","og_image":[{"width":600,"height":400,"url":"https:\/\/chemgramx.com\/wp-content\/uploads\/2025\/11\/Beans-Domino-MDMA-134mg-1.png","type":"image\/png"}],"twitter_card":"summary_large_image","twitter_misc":{"Szacowany czas czytania":"3 minuty"},"schema":{"@context":"https:\/\/schema.org","@graph":[{"@type":"WebPage","@id":"https:\/\/chemgramx.com\/product\/erleben-sie-die-intensitaet-mit-beans-domino-mdma-134-mg-online-kaufen\/","url":"https:\/\/chemgramx.com\/product\/erleben-sie-die-intensitaet-mit-beans-domino-mdma-134-mg-online-kaufen\/","name":"Beans Domino MDMA: wysoka czysto\u015b\u0107 dost\u0119pna online","isPartOf":{"@id":"https:\/\/chemgramx.com\/#website"},"primaryImageOfPage":{"@id":"https:\/\/chemgramx.com\/product\/erleben-sie-die-intensitaet-mit-beans-domino-mdma-134-mg-online-kaufen\/#primaryimage"},"image":{"@id":"https:\/\/chemgramx.com\/product\/erleben-sie-die-intensitaet-mit-beans-domino-mdma-134-mg-online-kaufen\/#primaryimage"},"thumbnailUrl":"https:\/\/chemgramx.com\/wp-content\/uploads\/2025\/11\/Beans-Domino-MDMA-134mg-1.png","datePublished":"2025-11-21T16:44:40+00:00","dateModified":"2025-12-10T18:24:28+00:00","description":"Odkryj wysokiej czysto\u015bci Beans Domino MDMA 134 mg do swoich bada\u0144. Kupuj autentyczne produkty laboratoryjnej jako\u015bci bezpiecznie w Chemgramx. Teraz dost\u0119pne online.","breadcrumb":{"@id":"https:\/\/chemgramx.com\/product\/erleben-sie-die-intensitaet-mit-beans-domino-mdma-134-mg-online-kaufen\/#breadcrumb"},"inLanguage":"pl-PL","potentialAction":[{"@type":"ReadAction","target":["https:\/\/chemgramx.com\/product\/erleben-sie-die-intensitaet-mit-beans-domino-mdma-134-mg-online-kaufen\/"]}]},{"@type":"ImageObject","inLanguage":"pl-PL","@id":"https:\/\/chemgramx.com\/product\/erleben-sie-die-intensitaet-mit-beans-domino-mdma-134-mg-online-kaufen\/#primaryimage","url":"https:\/\/chemgramx.com\/wp-content\/uploads\/2025\/11\/Beans-Domino-MDMA-134mg-1.png","contentUrl":"https:\/\/chemgramx.com\/wp-content\/uploads\/2025\/11\/Beans-Domino-MDMA-134mg-1.png","width":600,"height":400},{"@type":"BreadcrumbList","@id":"https:\/\/chemgramx.com\/product\/erleben-sie-die-intensitaet-mit-beans-domino-mdma-134-mg-online-kaufen\/#breadcrumb","itemListElement":[{"@type":"ListItem","position":1,"name":"Home","item":"https:\/\/chemgramx.com\/"},{"@type":"ListItem","position":2,"name":"Shop","item":"https:\/\/chemgramx.com\/shop\/"},{"@type":"ListItem","position":3,"name":"Beans Domino MDMA: Hohe Reinheit online erwerben"}]},{"@type":"WebSite","@id":"https:\/\/chemgramx.com\/#website","url":"https:\/\/chemgramx.com\/","name":"Chemgramx","description":"","publisher":{"@id":"https:\/\/chemgramx.com\/#organization"},"potentialAction":[{"@type":"SearchAction","target":{"@type":"EntryPoint","urlTemplate":"https:\/\/chemgramx.com\/?s={search_term_string}"},"query-input":{"@type":"PropertyValueSpecification","valueRequired":true,"valueName":"search_term_string"}}],"inLanguage":"pl-PL"},{"@type":"Organization","@id":"https:\/\/chemgramx.com\/#organization","name":"Chemgramx","url":"https:\/\/chemgramx.com\/","logo":{"@type":"ImageObject","inLanguage":"pl-PL","@id":"https:\/\/chemgramx.com\/#\/schema\/logo\/image\/","url":"https:\/\/chemgramx.com\/wp-content\/uploads\/2024\/10\/final-logo.png","contentUrl":"https:\/\/chemgramx.com\/wp-content\/uploads\/2024\/10\/final-logo.png","width":250,"height":48,"caption":"Chemgramx"},"image":{"@id":"https:\/\/chemgramx.com\/#\/schema\/logo\/image\/"}}]}},"_links":{"self":[{"href":"https:\/\/chemgramx.com\/pl\/wp-json\/wp\/v2\/product\/7978","targetHints":{"allow":["GET"]}}],"collection":[{"href":"https:\/\/chemgramx.com\/pl\/wp-json\/wp\/v2\/product"}],"about":[{"href":"https:\/\/chemgramx.com\/pl\/wp-json\/wp\/v2\/types\/product"}],"replies":[{"embeddable":true,"href":"https:\/\/chemgramx.com\/pl\/wp-json\/wp\/v2\/comments?post=7978"}],"wp:featuredmedia":[{"embeddable":true,"href":"https:\/\/chemgramx.com\/pl\/wp-json\/wp\/v2\/media\/8014"}],"wp:attachment":[{"href":"https:\/\/chemgramx.com\/pl\/wp-json\/wp\/v2\/media?parent=7978"}],"wp:term":[{"taxonomy":"product_brand","embeddable":true,"href":"https:\/\/chemgramx.com\/pl\/wp-json\/wp\/v2\/product_brand?post=7978"},{"taxonomy":"product_cat","embeddable":true,"href":"https:\/\/chemgramx.com\/pl\/wp-json\/wp\/v2\/product_cat?post=7978"},{"taxonomy":"product_tag","embeddable":true,"href":"https:\/\/chemgramx.com\/pl\/wp-json\/wp\/v2\/product_tag?post=7978"}],"curies":[{"name":"wp","href":"https:\/\/api.w.org\/{rel}","templated":true}]}}