{"id":7983,"date":"2025-11-21T16:44:46","date_gmt":"2025-11-21T16:44:46","guid":{"rendered":"https:\/\/chemgramx.com\/?post_type=product&#038;p=7983"},"modified":"2025-12-10T16:52:02","modified_gmt":"2025-12-10T16:52:02","slug":"jajecznica-jutro-ziemia-286-mg-mdma-kupic-online","status":"publish","type":"product","link":"https:\/\/chemgramx.com\/pl\/product\/egg-rolls-tomorrow-land-286-mg-mdma-online-kaufen\/","title":{"rendered":"EGG ROLLS TOMORROW-LAND Kup MDMA \u2013 najwy\u017csza jako\u015b\u0107"},"content":{"rendered":"<p>Witamy w Chemgramx, Twoim zaufanym \u017ar\u00f3dle wysokiej jako\u015bci chemikali\u00f3w badawczych. Je\u015bli <b>EGG ROLLS TOMORROW-LAND 286 MG MDMA kup online<\/b> to trafi\u0142e\u015b we w\u0142a\u015bciwe miejsce. Oferujemy produkt o wyj\u0105tkowej jako\u015bci, zaprojektowany specjalnie do wymagaj\u0105cych zastosowa\u0144 badawczych. Produkt ten charakteryzuje si\u0119 najwy\u017csz\u0105 czysto\u015bci\u0105 i niezawodno\u015bci\u0105, dzi\u0119ki czemu jest preferowanym wyborem do wielu zastosowa\u0144 naukowych.<\/p>\n<p>W rzeczywisto\u015bci gwarantujemy, \u017ce ka\u017cda partia <b>EGG ROLLS TOMORROW-LAND 286 MG MDMA na sprzeda\u017c<\/b> podlega rygorystycznej kontroli jako\u015bci. W ten spos\u00f3b zapewniamy, \u017ce zawsze otrzymujesz produkt spe\u0142niaj\u0105cy najwy\u017csze standardy. Odkryj mo\u017cliwo\u015bci tej substancji i przekonaj si\u0119 o niezr\u00f3wnanej jako\u015bci, kt\u00f3r\u0105 oferujemy. Jeste\u015bmy dumni, \u017ce oferujemy wy\u0142\u0105cznie produkty najwy\u017cszej jako\u015bci.<\/p>\n<h2>Czym jest EGG ROLLS TOMORROW-LAND 286 MG MDMA?<\/h2>\n<p>MDMA, czyli 3,4-metylenodioksymetamfetamina, jest substancj\u0105 budz\u0105c\u0105 du\u017ce zainteresowanie naukowc\u00f3w ze wzgl\u0119du na swoj\u0105 unikaln\u0105 struktur\u0119 chemiczn\u0105 i potencjalne zastosowania. Szczeg\u00f3lnie interesuj\u0105ca jest odmiana <b>SAJGONKI TOMORROW-LAND 286 MG MDMA<\/b> oferuje specyficzn\u0105 dawk\u0119 i form\u0119, kt\u00f3re mog\u0105 by\u0107 korzystne w precyzyjnych badaniach laboratoryjnych. Jest to pochodna amfetaminy i fenyloetyloaminy, znana ze swoich w\u0142a\u015bciwo\u015bci entaktogennych, kt\u00f3re s\u0105 badane w kontek\u015bcie eksperymentalnym.<\/p>\n<p>Ponadto MDMA jest cz\u0119sto stosowany w badaniach przedklinicznych w celu zrozumienia jego farmakologicznego wp\u0142ywu na centralny uk\u0142ad nerwowy. Naukowcy badaj\u0105 interakcje z uk\u0142adami neuroprzeka\u017anik\u00f3w, w szczeg\u00f3lno\u015bci serotoniny, dopaminy i noradrenaliny. W zwi\u0105zku z tym te szczeg\u00f3\u0142owe informacje maj\u0105 kluczowe znaczenie dla pe\u0142nego zrozumienia dzia\u0142ania tej substancji. Ukierunkowane badania maj\u0105 znacz\u0105cy wp\u0142yw na post\u0119p w dziedzinie neuronauki.<\/p>\n<p>Precyzyjne dawkowanie 286 mg w preparacie EGG ROLLS TOMORROW-LAND umo\u017cliwia naukowcom przeprowadzanie standardowych eksperyment\u00f3w i uzyskiwanie sp\u00f3jnych wynik\u00f3w. Ponadto czysto\u015b\u0107 produktu ma kluczowe znaczenie dla unikni\u0119cia zafa\u0142szowania wynik\u00f3w bada\u0144. Dbamy o to, aby nasz EGG ROLLS TOMORROW-LAND MDMA zawsze spe\u0142nia\u0142 najwy\u017csze standardy, aby wspiera\u0107 cele badawcze naszych klient\u00f3w.<\/p>\n<h2>Czysto\u015b\u0107 i jako\u015b\u0107 EGG ROLLS TOMORROW-LAND 286 MG MDMA<\/h2>\n<p>W Chemgramx przywi\u0105zujemy ogromn\u0105 wag\u0119 do czysto\u015bci i jako\u015bci naszych produkt\u00f3w. <b>SAJGONKI TOMORROW-LAND 286 MG MDMA<\/b> jest produkowany i testowany w surowych warunkach laboratoryjnych, aby zapewni\u0107 czysto\u015b\u0107 powy\u017cej 98 %. Jest to niezb\u0119dne do cel\u00f3w badawczych, poniewa\u017c nawet najmniejsze zanieczyszczenia mog\u0105 zafa\u0142szowa\u0107 wyniki.<\/p>\n<p>Ka\u017cda partia przechodzi kompleksowe testy analityczne, w tym HPLC (wysokosprawna chromatografia cieczowa) i GC-MS (chromatografia gazowa sprz\u0119\u017cona ze spektrometri\u0105 masow\u0105). Dzi\u0119ki temu mo\u017cemy precyzyjnie okre\u015bli\u0107 to\u017csamo\u015b\u0107 i czysto\u015b\u0107 substancji. Te dok\u0142adne analizy potwierdzaj\u0105, \u017ce <b>Najwy\u017cszej jako\u015bci EGG ROLLS TOMORROW-LAND MDMA<\/b> . Naszym celem jest dostarczanie Pa\u0144stwu zawsze najlepszych wynik\u00f3w.<\/p>\n<p>Rozumiemy, \u017ce <b>Jako\u015b\u0107 laboratoryjna na sprzeda\u017c<\/b> Chemikalia sta\u0142e stanowi\u0105 podstaw\u0119 wa\u017cnych odkry\u0107 naukowych. Z tego powodu inwestujemy znaczne \u015brodki w najnowocze\u015bniejsze metody testowania i protoko\u0142y zapewnienia jako\u015bci. Ponadto na \u017c\u0105danie udost\u0119pniamy wszystkie istotne certyfikaty i analizy, aby zapewni\u0107 Pa\u0144stwu maksymaln\u0105 przejrzysto\u015b\u0107. Zakup u nas gwarantuje zatem produkt spe\u0142niaj\u0105cy najwy\u017csze wymagania.<\/p>\n<p>Nasz <b>Jako\u015b\u0107 bada\u0144 naukowych na sprzeda\u017c<\/b> Chemikalia dost\u0119pne w naszej ofercie zosta\u0142y opracowane specjalnie z my\u015bl\u0105 o profesjonalnych laboratoriach i plac\u00f3wkach edukacyjnych. Dzi\u0119ki temu mo\u017cesz mie\u0107 pewno\u015b\u0107, \u017ce produkt EGG ROLLS TOMORROW-LAND 286 MG MDMA dost\u0119pny w Chemgramx spe\u0142nia najsurowsze normy przemys\u0142owe. To d\u0105\u017cenie do doskona\u0142o\u015bci sprawia, \u017ce jeste\u015bmy wiod\u0105cym dostawc\u0105 w bran\u017cy.<\/p>\n<h2>Zastosowanie i potencja\u0142 badawczy<\/h2>\n<p><b>SAJGONKI TOMORROW-LAND 286 MG MDMA<\/b> jest przeznaczony przede wszystkim do cel\u00f3w laboratoryjnych i badawczych. Jest stosowany w r\u00f3\u017cnych dziedzinach bada\u0144 chemicznych i farmakologicznych w celu zbadania mechanizm\u00f3w dzia\u0142ania substancji psychoaktywnych. Szczeg\u00f3lnie wa\u017cnym obszarem zastosowa\u0144 s\u0105 badania nad uwalnianiem i wychwytem neuroprzeka\u017anik\u00f3w. Przyczynia si\u0119 to do zrozumienia z\u0142o\u017conych funkcji m\u00f3zgu.<\/p>\n<p>Ponadto MDMA jest badane w ramach bada\u0144 nad potencjalnymi zastosowaniami terapeutycznymi, na przyk\u0142ad w kontek\u015bcie zespo\u0142u stresu pourazowego (PTSD). Nale\u017cy jednak podkre\u015bli\u0107, \u017ce badania te s\u0105 wci\u0105\u017c w fazie pocz\u0105tkowej, a substancja ta nie jest przeznaczona do spo\u017cycia przez ludzi. S\u0142u\u017cy ona raczej jako narz\u0119dzie do uzyskiwania wynik\u00f3w naukowych. Wi\u0119cej informacji na temat powi\u0105zanych substancji badawczych mo\u017cna znale\u017a\u0107 w naszej ofercie <a href=\"https:\/\/chemgramx.com\/product\/blue-cheese-indica-dominant-hybrid-20-thc\/\">Hybrydy Indica klasy premium<\/a> odkrywa\u0107.<\/p>\n<p>Inne obszary bada\u0144 obejmuj\u0105 analiz\u0119 wp\u0142ywu MDMA na funkcje poznawcze zwi\u0105zane z relacjami spo\u0142ecznymi i empati\u0105. W zwi\u0105zku z tym potencja\u0142 poszerzenia naszej wiedzy na temat ludzkiej psychiki jest ogromny. Naukowcy wykorzystuj\u0105 t\u0119 substancj\u0119 do odkrywania nowych \u015bcie\u017cek w neurobiologii i psychofarmakologii. Wyniki tych bada\u0144 mog\u0105 mie\u0107 daleko id\u0105ce konsekwencje.<\/p>\n<p>Dost\u0119pno\u015b\u0107 <b>Najlepsze EGG ROLLS TOMORROW-LAND MDMA dost\u0119pne<\/b> umo\u017cliwia naukowcom na ca\u0142ym \u015bwiecie kontynuowanie bada\u0144. Dost\u0119p do autentycznych i wiarygodnych pr\u00f3bek ma przy tym ogromne znaczenie. Dzi\u0119ki temu zapewniamy, \u017ce nasze produkty stanowi\u0105 solidn\u0105 podstaw\u0119 do przeprowadzania eksperyment\u00f3w. Odkryj mo\u017cliwo\u015bci.<\/p>\n<h2>Bezpieczny zakup i dyskrecja<\/h2>\n<p>Zakup chemikali\u00f3w do bada\u0144 wymaga zaufania i dyskrecji. W Chemgramx gwarantujemy <b>bezpieczny zakup<\/b> od pocz\u0105tku do ko\u0144ca. Twoje dane osobowe i szczeg\u00f3\u0142y zam\u00f3wienia s\u0105 traktowane z najwy\u017csz\u0105 poufno\u015bci\u0105. Korzystamy z najnowocze\u015bniejszych technologii szyfrowania, aby chroni\u0107 Twoje informacje. Twoja prywatno\u015b\u0107 jest dla nas priorytetem.<\/p>\n<p>Ponadto przywi\u0105zujemy du\u017c\u0105 wag\u0119 do dyskretnej realizacji zam\u00f3wie\u0144. Oznacza to, \u017ce wszystkie procesy wewn\u0119trzne s\u0105 zaprojektowane tak, aby chroni\u0107 Twoj\u0105 prywatno\u015b\u0107. Mo\u017cesz mie\u0107 pewno\u015b\u0107, \u017ce Twoje zam\u00f3wienie zostanie zrealizowane przez <b>SAJGONKI TOMORROW-LAND 286 MG MDMA<\/b> z najwy\u017csz\u0105 staranno\u015bci\u0105 i dyskrecj\u0105. U nas zawsze masz pewno\u015b\u0107 bezpiecznego zakupu. Twoje bezpiecze\u0144stwo jest dla nas bardzo wa\u017cne.<\/p>\n<p>Rozumiemy obawy zwi\u0105zane z zamawianiem chemikali\u00f3w badawczych przez Internet. Dlatego wdro\u017cyli\u015bmy rygorystyczne protoko\u0142y, aby zmaksymalizowa\u0107 bezpiecze\u0144stwo ka\u017cdej transakcji. Mo\u017cesz <b>EGG ROLLS TOMORROW-LAND MDMA zam\u00f3w online<\/b>, maj\u0105c \u015bwiadomo\u015b\u0107, \u017ce Twoja transakcja jest chroniona. Naszym celem jest zapewnienie Ci p\u0142ynnych i bezpiecznych zakup\u00f3w. Aby mie\u0107 pewno\u015b\u0107, \u017ce zawsze b\u0119dziesz mie\u0107 dost\u0119p do tego konkretnego produktu, zalecamy odwiedzenie strony produktu dla <a href=\"https:\/\/chemgramx.com\/product\/egg-rolls-tomorrow-land-286-mg-mdma-online-kaufen\/\">Wysokiej jako\u015bci EGG ROLLS TOMORROW-LAND MDMA<\/a> regularnie odwiedza\u0107.<\/p>\n<p>Chemgramx sta\u0142 si\u0119 niezawodnym partnerem w zakresie dostaw chemikali\u00f3w badawczych. Niemniej jednak, w razie jakichkolwiek pyta\u0144 lub w\u0105tpliwo\u015bci, nasz dzia\u0142 obs\u0142ugi klienta jest zawsze do Pa\u0144stwa dyspozycji. Prosimy nie wahaj si\u0119 skontaktowa\u0107 z nami, aby uzyska\u0107 pomoc lub dodatkowe informacje. Jeste\u015bmy do Pa\u0144stwa dyspozycji, aby odpowiedzie\u0107 na wszystkie pytania.<\/p>\n<h2>Cz\u0119sto zadawane pytania (FAQ)<\/h2>\n<p>Aby zapewni\u0107 Pa\u0144stwu maksymaln\u0105 przejrzysto\u015b\u0107, odpowiadamy tutaj na kilka najcz\u0119\u015bciej zadawanych pyta\u0144 dotycz\u0105cych nabywania i stosowania <b>SAJGONKI TOMORROW-LAND 286 MG MDMA<\/b>.<\/p>\n<ul>\n<li>\n<h3>1. Czy EGG ROLLS TOMORROW-LAND 286 MG MDMA jest przeznaczony do spo\u017cycia przez ludzi?<\/h3>\n<p><b>Nie, absolutnie nie.<\/b> Substancja ta jest przeznaczona wy\u0142\u0105cznie do cel\u00f3w badawczych w warunkach laboratoryjnych. W zwi\u0105zku z tym jej spo\u017cycie przez ludzi jest surowo zabronione i mo\u017ce stanowi\u0107 powa\u017cne zagro\u017cenie dla zdrowia.<\/li>\n<li>\n<h3>2. Jak zapewniona jest czysto\u015b\u0107 MDMA EGG ROLLS TOMORROW-LAND?<\/h3>\n<p>Ka\u017cda partia jest testowana pod k\u0105tem czysto\u015bci i sk\u0142adu przy u\u017cyciu najnowocze\u015bniejszych metod analitycznych, takich jak HPLC i GC-MS. W ten spos\u00f3b gwarantujemy, \u017ce zawsze otrzymujesz produkt <b>najwy\u017cszej jako\u015bci laboratoryjnej na sprzeda\u017c<\/b> . Przejrzysto\u015b\u0107 jest dla nas wa\u017cna. Je\u015bli chcesz dowiedzie\u0107 si\u0119 wi\u0119cej o dost\u0119pno\u015bci i szczeg\u00f3\u0142ach tego produktu, odwied\u017a oficjaln\u0105 stron\u0119 <a href=\"https:\/\/chemgramx.com\/product\/egg-rolls-tomorrow-land-286-mg-mdma-online-kaufen\/\">SAJGONKI TOMORROW-LAND 286 MG MDMA<\/a>.<\/li>\n<li>\n<h3>3. Czy istniej\u0105 szczeg\u00f3lne zalecenia dotycz\u0105ce przechowywania?<\/h3>\n<p>Tak, dla uzyskania optymalnej stabilno\u015bci nale\u017cy <b>SAJGONKI TOMORROW-LAND 286 MG MDMA<\/b> przechowywa\u0107 w ch\u0142odnym, suchym i ciemnym miejscu. Ponadto zaleca si\u0119 przechowywanie substancji w szczelnym pojemniku, aby zapobiec jej degradacji. Nale\u017cy dok\u0142adnie przestrzega\u0107 wskaz\u00f3wek zawartych na etykiecie produktu.<\/li>\n<li>\n<h3>4. Czy mog\u0119 mie\u0107 pewno\u015b\u0107 co do autentyczno\u015bci produktu?<\/h3>\n<p>Absolutnie. Gwarantujemy to. <b>Autentyczne EGG ROLLS TOMORROW-LAND MDMA<\/b>. Nasze produkty pochodz\u0105 od renomowanych producent\u00f3w i przed sprzeda\u017c\u0105 s\u0105 dok\u0142adnie sprawdzane. Zaufanie naszych klient\u00f3w jest dla nas najwy\u017cszym priorytetem. Zapraszamy r\u00f3wnie\u017c do zapoznania si\u0119 z nasz\u0105 ofert\u0105 innych chemikali\u00f3w badawczych, takich jak popularny <a href=\"https:\/\/chemgramx.com\/product\/blue-cheese-indica-dominant-hybrid-20-thc\/\">Odmiana Blue Cheese Indica<\/a>, do wszechstronnych zastosowa\u0144 laboratoryjnych.<\/li>\n<\/ul>\n<h2>Dlaczego warto kupi\u0107 EGG ROLLS TOMORROW-LAND 286 MG MDMA w Chemgramx?<\/h2>\n<p>Rynek chemikali\u00f3w badawczych jest zr\u00f3\u017cnicowany, ale decyzja o tym, sk\u0105d pozyska\u0107 substancje, powinna by\u0107 dobrze przemy\u015blana. Chemgramx oferuje kluczowe korzy\u015bci, kt\u00f3re wyr\u00f3\u017cniaj\u0105 nas spo\u015br\u00f3d innych dostawc\u00f3w. Szczeg\u00f3ln\u0105 wag\u0119 przywi\u0105zujemy do jako\u015bci produkt\u00f3w, obs\u0142ugi klienta i etycznych praktyk biznesowych. To sprawia, \u017ce jeste\u015bmy preferowanym partnerem.<\/p>\n<ul>\n<li><b>Niezr\u00f3wnana jako\u015b\u0107:<\/b> Zawsze oferujemy <b>Wysoka czysto\u015b\u0107 na sprzeda\u017c<\/b>, potwierdzon\u0105 niezale\u017cnymi testami laboratoryjnymi. Oznacza to, \u017ce u nas otrzymuj\u0105 Pa\u0144stwo <b>Najlepsze EGG ROLLS TOMORROW-LAND MDMA dost\u0119pne<\/b> znajdziesz. Nasze standardy s\u0105 bezkompromisowe.<\/li>\n<li><b>Przejrzysto\u015b\u0107 i zaufanie:<\/b> Wszystkie nasze produkty s\u0105 szczeg\u00f3\u0142owo opisane, a certyfikaty analizy mo\u017cna uzyska\u0107 na \u017c\u0105danie. Dzi\u0119ki temu mo\u017cna przekona\u0107 si\u0119 o jako\u015bci przed podj\u0119ciem decyzji o zakupie. <b>EGG ROLLS TOMORROW-LAND 286 MG MDMA kup online<\/b>. Promujemy otwart\u0105 komunikacj\u0119.<\/li>\n<li><b>Bezpieczny i dyskretny zakup:<\/b> Pa\u0144stwa bezpiecze\u0144stwo i prywatno\u015b\u0107 s\u0105 dla nas priorytetem. W zwi\u0105zku z tym stosujemy zaawansowane \u015brodki bezpiecze\u0144stwa, aby chroni\u0107 Pa\u0144stwa dane i zam\u00f3wienia. <b>Bezpieczny zakup<\/b> jest u nas gwarantowana.<\/li>\n<li><b>Kompleksowa obs\u0142uga klienta:<\/b> Nasz zaanga\u017cowany zesp\u00f3\u0142 jest do Pa\u0144stwa dyspozycji w przypadku wszelkich pyta\u0144 i w\u0105tpliwo\u015bci. Przed, w trakcie i po zakupie \u2013 zawsze s\u0142u\u017cymy Pa\u0144stwu pomoc\u0105. Ponadto dok\u0142adamy wszelkich stara\u0144, aby szybko i kompetentnie odpowiada\u0107 na wszystkie zapytania.<\/li>\n<li><b>Skupienie si\u0119 na badaniach:<\/b> Rozumiemy potrzeby naukowc\u00f3w i badaczy. Dlatego oferujemy produkty, kt\u00f3re s\u0105 specjalnie dostosowane do wymagaj\u0105cych warunk\u00f3w laboratoryjnych. Jeste\u015bmy Twoim partnerem w realizacji udanych projekt\u00f3w badawczych. Je\u015bli <b>EGG ROLLS TOMORROW-LAND MDMA zam\u00f3w online<\/b> Chemgramx jest najlepszym wyborem.<\/li>\n<\/ul>\n<p>Podsumowuj\u0105c, mo\u017cna stwierdzi\u0107, \u017ce Chemgramx jest idealnym wyborem dla os\u00f3b poszukuj\u0105cych <b>SAJGONKI TOMORROW-LAND 286 MG MDMA<\/b> . Zapraszamy do zapoznania si\u0119 z nasz\u0105 ofert\u0105 i przekonania si\u0119, jak\u0105 r\u00f3\u017cnic\u0119 mog\u0105 stanowi\u0107 jako\u015b\u0107 i obs\u0142uga. <b>Kup teraz online<\/b> i skorzysta\u0107 z naszych standard\u00f3w. Zapraszamy do <b>Najlepsze EGG ROLLS TOMORROW-LAND MDMA w Chemgramx<\/b> i przenie\u015b\u0107 swoje badania na nowy poziom.<\/p>","protected":false},"excerpt":{"rendered":"<p>Odkryj <b>SAJGONKI TOMORROW-LAND 286 MG MDMA<\/b>, substancja chemiczna o najwy\u017cszej czysto\u015bci (&gt;98%). Idealna do precyzyjnych bada\u0144 laboratoryjnych w dziedzinie neuronauki i farmakologii. Ta specyficzna formu\u0142a wspiera uzyskiwanie wiarygodnych wynik\u00f3w bada\u0144 naukowych. Jako produkt o jako\u015bci laboratoryjnej, jest przeznaczony wy\u0142\u0105cznie do cel\u00f3w badawczych, a nie do spo\u017cycia przez ludzi. Je\u015bli <b>Kup MDMA<\/b> Je\u015bli chcesz kontynuowa\u0107 swoje badania, znajdziesz najlepsz\u0105 jako\u015b\u0107 <b>w Chemgramx<\/b>.<\/p>","protected":false},"featured_media":8025,"comment_status":"open","ping_status":"closed","template":"","meta":{"_joinchat":[]},"product_brand":[],"product_cat":[2846],"product_tag":[2115,2113,2116,2011,2017,1785,2018,2015,2114,2117],"class_list":{"0":"post-7983","1":"product","2":"type-product","3":"status-publish","4":"has-post-thumbnail","6":"product_cat-ecstasy-pills","7":"product_tag-286mg-mdma","8":"product_tag-egg-rolls-mdma","9":"product_tag-mdma-286mg","10":"product_tag-mdma-kaufen","11":"product_tag-mdma-kristalle","12":"product_tag-mdma-online","13":"product_tag-mdma-zum-verkauf","14":"product_tag-synthetische-drogen","15":"product_tag-tomorrow-land-mdma","16":"product_tag-tomorrow-land-mdma-kaufen","18":"first","19":"instock","20":"shipping-taxable","21":"purchasable","22":"product-type-variable"},"yoast_head":"<!-- This site is optimized with the Yoast SEO plugin v27.5 - https:\/\/yoast.com\/product\/yoast-seo-wordpress\/ -->\n<title>EGG ROLLS TOMORROW-LAND MDMA kaufen - Top Qualit\u00e4t<\/title>\n<meta name=\"description\" content=\"EGG ROLLS TOMORROW-LAND 286 MG MDMA von Chemgramx kaufen. H\u00f6chste Reinheit f\u00fcr Forschung und Labor. Jetzt MDMA kaufen &amp; wissenschaftliche Projekte vorantreiben.\" \/>\n<meta name=\"robots\" content=\"index, follow, max-snippet:-1, max-image-preview:large, max-video-preview:-1\" \/>\n<link rel=\"canonical\" href=\"https:\/\/chemgramx.com\/pl\/produkt-1\/jajecznica-jutro-ziemia-286-mg-mdma-kupic-online\/\" \/>\n<meta property=\"og:locale\" content=\"pl_PL\" \/>\n<meta property=\"og:type\" content=\"article\" \/>\n<meta property=\"og:title\" content=\"EGG ROLLS TOMORROW-LAND MDMA kaufen - Top Qualit\u00e4t\" \/>\n<meta property=\"og:description\" content=\"EGG ROLLS TOMORROW-LAND 286 MG MDMA von Chemgramx kaufen. H\u00f6chste Reinheit f\u00fcr Forschung und Labor. Jetzt MDMA kaufen &amp; wissenschaftliche Projekte vorantreiben.\" \/>\n<meta property=\"og:url\" content=\"https:\/\/chemgramx.com\/pl\/produkt-1\/jajecznica-jutro-ziemia-286-mg-mdma-kupic-online\/\" \/>\n<meta property=\"og:site_name\" content=\"Chemgramx\" \/>\n<meta property=\"article:modified_time\" content=\"2025-12-10T16:52:02+00:00\" \/>\n<meta property=\"og:image\" content=\"https:\/\/chemgramx.com\/wp-content\/uploads\/2025\/11\/p15-1-1.png\" \/>\n\t<meta property=\"og:image:width\" content=\"600\" \/>\n\t<meta property=\"og:image:height\" content=\"400\" \/>\n\t<meta property=\"og:image:type\" content=\"image\/png\" \/>\n<meta name=\"twitter:card\" content=\"summary_large_image\" \/>\n<meta name=\"twitter:label1\" content=\"Szacowany czas czytania\" \/>\n\t<meta name=\"twitter:data1\" content=\"7 minut\" \/>\n<script type=\"application\/ld+json\" class=\"yoast-schema-graph\">{\"@context\":\"https:\\\/\\\/schema.org\",\"@graph\":[{\"@type\":\"WebPage\",\"@id\":\"https:\\\/\\\/chemgramx.com\\\/product\\\/egg-rolls-tomorrow-land-286-mg-mdma-online-kaufen\\\/\",\"url\":\"https:\\\/\\\/chemgramx.com\\\/product\\\/egg-rolls-tomorrow-land-286-mg-mdma-online-kaufen\\\/\",\"name\":\"EGG ROLLS TOMORROW-LAND MDMA kaufen - Top Qualit\u00e4t\",\"isPartOf\":{\"@id\":\"https:\\\/\\\/chemgramx.com\\\/#website\"},\"primaryImageOfPage\":{\"@id\":\"https:\\\/\\\/chemgramx.com\\\/product\\\/egg-rolls-tomorrow-land-286-mg-mdma-online-kaufen\\\/#primaryimage\"},\"image\":{\"@id\":\"https:\\\/\\\/chemgramx.com\\\/product\\\/egg-rolls-tomorrow-land-286-mg-mdma-online-kaufen\\\/#primaryimage\"},\"thumbnailUrl\":\"https:\\\/\\\/chemgramx.com\\\/wp-content\\\/uploads\\\/2025\\\/11\\\/p15-1-1.png\",\"datePublished\":\"2025-11-21T16:44:46+00:00\",\"dateModified\":\"2025-12-10T16:52:02+00:00\",\"description\":\"EGG ROLLS TOMORROW-LAND 286 MG MDMA von Chemgramx kaufen. H\u00f6chste Reinheit f\u00fcr Forschung und Labor. Jetzt MDMA kaufen & wissenschaftliche Projekte vorantreiben.\",\"breadcrumb\":{\"@id\":\"https:\\\/\\\/chemgramx.com\\\/product\\\/egg-rolls-tomorrow-land-286-mg-mdma-online-kaufen\\\/#breadcrumb\"},\"inLanguage\":\"pl-PL\",\"potentialAction\":[{\"@type\":\"ReadAction\",\"target\":[\"https:\\\/\\\/chemgramx.com\\\/product\\\/egg-rolls-tomorrow-land-286-mg-mdma-online-kaufen\\\/\"]}]},{\"@type\":\"ImageObject\",\"inLanguage\":\"pl-PL\",\"@id\":\"https:\\\/\\\/chemgramx.com\\\/product\\\/egg-rolls-tomorrow-land-286-mg-mdma-online-kaufen\\\/#primaryimage\",\"url\":\"https:\\\/\\\/chemgramx.com\\\/wp-content\\\/uploads\\\/2025\\\/11\\\/p15-1-1.png\",\"contentUrl\":\"https:\\\/\\\/chemgramx.com\\\/wp-content\\\/uploads\\\/2025\\\/11\\\/p15-1-1.png\",\"width\":600,\"height\":400},{\"@type\":\"BreadcrumbList\",\"@id\":\"https:\\\/\\\/chemgramx.com\\\/product\\\/egg-rolls-tomorrow-land-286-mg-mdma-online-kaufen\\\/#breadcrumb\",\"itemListElement\":[{\"@type\":\"ListItem\",\"position\":1,\"name\":\"Home\",\"item\":\"https:\\\/\\\/chemgramx.com\\\/\"},{\"@type\":\"ListItem\",\"position\":2,\"name\":\"Shop\",\"item\":\"https:\\\/\\\/chemgramx.com\\\/shop\\\/\"},{\"@type\":\"ListItem\",\"position\":3,\"name\":\"EGG ROLLS TOMORROW-LAND MDMA kaufen &#8211; Top Qualit\u00e4t\"}]},{\"@type\":\"WebSite\",\"@id\":\"https:\\\/\\\/chemgramx.com\\\/#website\",\"url\":\"https:\\\/\\\/chemgramx.com\\\/\",\"name\":\"Chemgramx\",\"description\":\"\",\"publisher\":{\"@id\":\"https:\\\/\\\/chemgramx.com\\\/#organization\"},\"potentialAction\":[{\"@type\":\"SearchAction\",\"target\":{\"@type\":\"EntryPoint\",\"urlTemplate\":\"https:\\\/\\\/chemgramx.com\\\/?s={search_term_string}\"},\"query-input\":{\"@type\":\"PropertyValueSpecification\",\"valueRequired\":true,\"valueName\":\"search_term_string\"}}],\"inLanguage\":\"pl-PL\"},{\"@type\":\"Organization\",\"@id\":\"https:\\\/\\\/chemgramx.com\\\/#organization\",\"name\":\"Chemgramx\",\"url\":\"https:\\\/\\\/chemgramx.com\\\/\",\"logo\":{\"@type\":\"ImageObject\",\"inLanguage\":\"pl-PL\",\"@id\":\"https:\\\/\\\/chemgramx.com\\\/#\\\/schema\\\/logo\\\/image\\\/\",\"url\":\"https:\\\/\\\/chemgramx.com\\\/wp-content\\\/uploads\\\/2024\\\/10\\\/final-logo.png\",\"contentUrl\":\"https:\\\/\\\/chemgramx.com\\\/wp-content\\\/uploads\\\/2024\\\/10\\\/final-logo.png\",\"width\":250,\"height\":48,\"caption\":\"Chemgramx\"},\"image\":{\"@id\":\"https:\\\/\\\/chemgramx.com\\\/#\\\/schema\\\/logo\\\/image\\\/\"}}]}<\/script>\n<!-- \/ Yoast SEO plugin. -->","yoast_head_json":{"title":"EGG ROLLS TOMORROW-LAND Kup MDMA \u2013 najwy\u017csza jako\u015b\u0107","description":"Kup EGG ROLLS TOMORROW-LAND 286 MG MDMA od Chemgramx. Najwy\u017csza czysto\u015b\u0107 do bada\u0144 i zastosowa\u0144 laboratoryjnych. Kup MDMA ju\u017c teraz i przyspiesz realizacj\u0119 projekt\u00f3w naukowych.","robots":{"index":"index","follow":"follow","max-snippet":"max-snippet:-1","max-image-preview":"max-image-preview:large","max-video-preview":"max-video-preview:-1"},"canonical":"https:\/\/chemgramx.com\/pl\/produkt-1\/jajecznica-jutro-ziemia-286-mg-mdma-kupic-online\/","og_locale":"pl_PL","og_type":"article","og_title":"EGG ROLLS TOMORROW-LAND MDMA kaufen - Top Qualit\u00e4t","og_description":"EGG ROLLS TOMORROW-LAND 286 MG MDMA von Chemgramx kaufen. H\u00f6chste Reinheit f\u00fcr Forschung und Labor. Jetzt MDMA kaufen & wissenschaftliche Projekte vorantreiben.","og_url":"https:\/\/chemgramx.com\/pl\/produkt-1\/jajecznica-jutro-ziemia-286-mg-mdma-kupic-online\/","og_site_name":"Chemgramx","article_modified_time":"2025-12-10T16:52:02+00:00","og_image":[{"width":600,"height":400,"url":"https:\/\/chemgramx.com\/wp-content\/uploads\/2025\/11\/p15-1-1.png","type":"image\/png"}],"twitter_card":"summary_large_image","twitter_misc":{"Szacowany czas czytania":"7 minut"},"schema":{"@context":"https:\/\/schema.org","@graph":[{"@type":"WebPage","@id":"https:\/\/chemgramx.com\/product\/egg-rolls-tomorrow-land-286-mg-mdma-online-kaufen\/","url":"https:\/\/chemgramx.com\/product\/egg-rolls-tomorrow-land-286-mg-mdma-online-kaufen\/","name":"EGG ROLLS TOMORROW-LAND Kup MDMA \u2013 najwy\u017csza jako\u015b\u0107","isPartOf":{"@id":"https:\/\/chemgramx.com\/#website"},"primaryImageOfPage":{"@id":"https:\/\/chemgramx.com\/product\/egg-rolls-tomorrow-land-286-mg-mdma-online-kaufen\/#primaryimage"},"image":{"@id":"https:\/\/chemgramx.com\/product\/egg-rolls-tomorrow-land-286-mg-mdma-online-kaufen\/#primaryimage"},"thumbnailUrl":"https:\/\/chemgramx.com\/wp-content\/uploads\/2025\/11\/p15-1-1.png","datePublished":"2025-11-21T16:44:46+00:00","dateModified":"2025-12-10T16:52:02+00:00","description":"Kup EGG ROLLS TOMORROW-LAND 286 MG MDMA od Chemgramx. Najwy\u017csza czysto\u015b\u0107 do bada\u0144 i zastosowa\u0144 laboratoryjnych. Kup MDMA ju\u017c teraz i przyspiesz realizacj\u0119 projekt\u00f3w naukowych.","breadcrumb":{"@id":"https:\/\/chemgramx.com\/product\/egg-rolls-tomorrow-land-286-mg-mdma-online-kaufen\/#breadcrumb"},"inLanguage":"pl-PL","potentialAction":[{"@type":"ReadAction","target":["https:\/\/chemgramx.com\/product\/egg-rolls-tomorrow-land-286-mg-mdma-online-kaufen\/"]}]},{"@type":"ImageObject","inLanguage":"pl-PL","@id":"https:\/\/chemgramx.com\/product\/egg-rolls-tomorrow-land-286-mg-mdma-online-kaufen\/#primaryimage","url":"https:\/\/chemgramx.com\/wp-content\/uploads\/2025\/11\/p15-1-1.png","contentUrl":"https:\/\/chemgramx.com\/wp-content\/uploads\/2025\/11\/p15-1-1.png","width":600,"height":400},{"@type":"BreadcrumbList","@id":"https:\/\/chemgramx.com\/product\/egg-rolls-tomorrow-land-286-mg-mdma-online-kaufen\/#breadcrumb","itemListElement":[{"@type":"ListItem","position":1,"name":"Home","item":"https:\/\/chemgramx.com\/"},{"@type":"ListItem","position":2,"name":"Shop","item":"https:\/\/chemgramx.com\/shop\/"},{"@type":"ListItem","position":3,"name":"EGG ROLLS TOMORROW-LAND MDMA kaufen &#8211; Top Qualit\u00e4t"}]},{"@type":"WebSite","@id":"https:\/\/chemgramx.com\/#website","url":"https:\/\/chemgramx.com\/","name":"Chemgramx","description":"","publisher":{"@id":"https:\/\/chemgramx.com\/#organization"},"potentialAction":[{"@type":"SearchAction","target":{"@type":"EntryPoint","urlTemplate":"https:\/\/chemgramx.com\/?s={search_term_string}"},"query-input":{"@type":"PropertyValueSpecification","valueRequired":true,"valueName":"search_term_string"}}],"inLanguage":"pl-PL"},{"@type":"Organization","@id":"https:\/\/chemgramx.com\/#organization","name":"Chemgramx","url":"https:\/\/chemgramx.com\/","logo":{"@type":"ImageObject","inLanguage":"pl-PL","@id":"https:\/\/chemgramx.com\/#\/schema\/logo\/image\/","url":"https:\/\/chemgramx.com\/wp-content\/uploads\/2024\/10\/final-logo.png","contentUrl":"https:\/\/chemgramx.com\/wp-content\/uploads\/2024\/10\/final-logo.png","width":250,"height":48,"caption":"Chemgramx"},"image":{"@id":"https:\/\/chemgramx.com\/#\/schema\/logo\/image\/"}}]}},"_links":{"self":[{"href":"https:\/\/chemgramx.com\/pl\/wp-json\/wp\/v2\/product\/7983","targetHints":{"allow":["GET"]}}],"collection":[{"href":"https:\/\/chemgramx.com\/pl\/wp-json\/wp\/v2\/product"}],"about":[{"href":"https:\/\/chemgramx.com\/pl\/wp-json\/wp\/v2\/types\/product"}],"replies":[{"embeddable":true,"href":"https:\/\/chemgramx.com\/pl\/wp-json\/wp\/v2\/comments?post=7983"}],"wp:featuredmedia":[{"embeddable":true,"href":"https:\/\/chemgramx.com\/pl\/wp-json\/wp\/v2\/media\/8025"}],"wp:attachment":[{"href":"https:\/\/chemgramx.com\/pl\/wp-json\/wp\/v2\/media?parent=7983"}],"wp:term":[{"taxonomy":"product_brand","embeddable":true,"href":"https:\/\/chemgramx.com\/pl\/wp-json\/wp\/v2\/product_brand?post=7983"},{"taxonomy":"product_cat","embeddable":true,"href":"https:\/\/chemgramx.com\/pl\/wp-json\/wp\/v2\/product_cat?post=7983"},{"taxonomy":"product_tag","embeddable":true,"href":"https:\/\/chemgramx.com\/pl\/wp-json\/wp\/v2\/product_tag?post=7983"}],"curies":[{"name":"wp","href":"https:\/\/api.w.org\/{rel}","templated":true}]}}