{"id":7986,"date":"2025-11-21T16:44:48","date_gmt":"2025-11-21T16:44:48","guid":{"rendered":"https:\/\/chemgramx.com\/?post_type=product&#038;p=7986"},"modified":"2025-11-21T16:52:26","modified_gmt":"2025-11-21T16:52:26","slug":"kup-dezoksymetoksetamine-dmxe-3-metyl-2-oxo-pce-3d-mxe-online","status":"publish","type":"product","link":"https:\/\/chemgramx.com\/pl\/product\/deoxymethoxetamin-dmxe-3-methyl-2-oxo-pce-3d-mxe-online-kaufen\/","title":{"rendered":"Kup Deoxymethoxetamine (DMXE, 3\u2032-Methyl-2-oxo-PCE, 3D-MXE) online"},"content":{"rendered":"<p data-start=\"499\" data-end=\"881\">Spo\u0142eczno\u015b\u0107 naukowa wykazuje coraz wi\u0119ksze zainteresowanie dezoksymetoksetamin\u0105 na sprzeda\u017c - nowszym zwi\u0105zkiem z grupy arylocykloheksyloamin. DMXE, strukturalny krewny metoksetaminy (MXE) i ketaminy, jest zamawiany przez naukowc\u00f3w na ca\u0142ym \u015bwiecie, kt\u00f3rzy w szczeg\u00f3lno\u015bci chc\u0105 <a href=\"https:\/\/chemgramx.com\/product\/deoxymethoxetamin\/\">Kup dezoksymetoksetamin\u0119 online<\/a>, aby zbada\u0107 mechanizmy dysocjacyjne i procesy neurochemiczne.<\/p>\n<p data-start=\"883\" data-end=\"1051\">Rosn\u0105ce zapotrzebowanie na wysokiej czyszczenia DMXE do bada\u0144 i analizy oznacza, \u017ce \u200b\u200bwiele laboratori\u00f3w zamierza specjalnie zamierza deoksymetoksetamin\u0119 do wyspecjalizowanych sklep\u00f3w internetowych.<\/p>\n<h2 data-start=\"1058\" data-end=\"1126\">Czy ist deoksymetoksetamina (DMXE, 3'-metylo-2-okso-pCE, 3D-MXE)?<\/h2>\n<p data-start=\"1128\" data-end=\"1412\"><a href=\"https:\/\/en.wikipedia.org\/wiki\/Deoxymethoxetamine\">Deoksymetoksetamina (DMXE)<\/a> jest chemikiem badawczym dysocjacyjnym, kt\u00f3ry jest \u015bci\u015ble zwi\u0105zany ze znanymi substancjami, takimi jak MXE. Grupa metylowa w pozycji 3 'daje substancj\u0119 specjalne w\u0142a\u015bciwo\u015bci farmakologiczne, kt\u00f3re s\u0105 badane w kontekstach naukowych.<\/p>\n<p data-start=\"1414\" data-end=\"1435\">Obszary zastosowa\u0144:<\/p>\n<ul data-start=\"1436\" data-end=\"1563\">\n<li data-start=\"1436\" data-end=\"1476\">\n<p data-start=\"1438\" data-end=\"1476\">Podstawowe badania neurobiologiczne<\/p>\n<\/li>\n<li data-start=\"1477\" data-end=\"1524\">\n<p data-start=\"1479\" data-end=\"1524\">Badania przepis\u00f3w (antagonizm NMDA)<\/p>\n<\/li>\n<li data-start=\"1525\" data-end=\"1563\">\n<p data-start=\"1527\" data-end=\"1563\">Kryminalistyczna analiza toksykologiczna<\/p>\n<\/li>\n<\/ul>\n<p data-start=\"1565\" data-end=\"1630\">Uwaga: DMXE jest przeznaczony tylko do cel\u00f3w badawczych.<\/p>\n<h2 data-start=\"1637\" data-end=\"1699\">Czy kupowanie deoksymetoksetaminy w Twoim kraju jest legalne?<\/h2>\n<p data-start=\"1701\" data-end=\"1855\">Prawna lokalizacja DMXE r\u00f3\u017cni si\u0119 mi\u0119dzynarodowo. W Niemczech nale\u017cy do NPSG, w innych krajach mo\u017ce by\u0107 zgodnie z przepisami analogicznymi.<\/p>\n<p data-start=\"1857\" data-end=\"2031\">Zanim kupisz deoksymetoksetamin\u0119, nale\u017cy sprawdzi\u0107, czy przej\u0119cie jest dozwolone. Niezale\u017cnie od ceny deoksymetoksetaminy: bezpiecze\u0144stwo i legalno\u015b\u0107 maj\u0105 priorytet.<\/p>\n<h2 data-start=\"2038\" data-end=\"2084\">Dlaczego naukowcy umieszczaj\u0105 \u017ar\u00f3d\u0142a online<\/h2>\n<p data-start=\"2086\" data-end=\"2236\">Wielu tradycyjnych dostawc\u00f3w chemikali\u00f3w nie ma DMXE na stanie. Dlatego internet jest najlepszym miejscem do zakupu dezoksymetoksetaminy online. Zalety s\u0105 nast\u0119puj\u0105ce:<\/p>\n<ul data-start=\"2238\" data-end=\"2369\">\n<li data-start=\"2238\" data-end=\"2274\">\n<p data-start=\"2240\" data-end=\"2274\">Laborgepr\u00fcfting COA MIT Substancja<\/p>\n<\/li>\n<li data-start=\"2275\" data-end=\"2307\">\n<p data-start=\"2277\" data-end=\"2307\">Szybka, dyskretna dostawa<\/p>\n<\/li>\n<li data-start=\"2308\" data-end=\"2331\">\n<p data-start=\"2310\" data-end=\"2331\">Tisztess\u00e9ges v\u00e1lt\u00f3\u00e1rak<\/p>\n<\/li>\n<li data-start=\"2332\" data-end=\"2369\">\n<p data-start=\"2334\" data-end=\"2369\">Przejrzyste informacje o produkcie<\/p>\n<\/li>\n<\/ul>\n<p data-start=\"2371\" data-end=\"2484\">To sprawia, \u017ce sklepy internetowe s\u0105 jednym z najbardziej wiarygodnych \u017ar\u00f3de\u0142, gdzie mo\u017cna kupi\u0107 dezoksymetoksetamin\u0119 do bada\u0144.<\/p>\n<h2 data-start=\"2491\" data-end=\"2546\">Jak rozpozna\u0107 godnego zaufania dostawc\u0119<\/h2>\n<p data-start=\"2548\" data-end=\"2646\">Powa\u017cny dealer, w kt\u00f3rym mo\u017cna kupi\u0107 deoksymetoksetamin\u0119 na sprzeda\u017c:<\/p>\n<ul data-start=\"2648\" data-end=\"2791\">\n<li data-start=\"2648\" data-end=\"2681\">\n<p data-start=\"2650\" data-end=\"2681\">Prawdziwe certyfikaty COA i laboratorium<\/p>\n<\/li>\n<li data-start=\"2682\" data-end=\"2719\">\n<p data-start=\"2684\" data-end=\"2719\">Przezroczyste informacje na temat czysto\u015bci<\/p>\n<\/li>\n<li data-start=\"2720\" data-end=\"2751\">\n<p data-start=\"2722\" data-end=\"2751\">Obs\u0142uga klienta i recenzje<\/p>\n<\/li>\n<li data-start=\"2752\" data-end=\"2791\">\n<p data-start=\"2754\" data-end=\"2791\">Jasne informacje na temat cel\u00f3w badawczych<\/p>\n<\/li>\n<\/ul>\n<p data-start=\"2793\" data-end=\"2920\">Unikaj dostawc\u00f3w z anonimowymi p\u0142atno\u015bciami, nierealistycznie tani\u0105 cen\u0105 deoksymetoksetaminy lub brakuj\u0105cych dowod\u00f3w.<\/p>\n<h2 data-start=\"2927\" data-end=\"2975\">Typowe pu\u0142apki na oszustwa i problemy z jako\u015bci\u0105<\/h2>\n<p data-start=\"2977\" data-end=\"3045\">Z zakupem deoksymetoksetaminy online powiniene\u015b uwa\u017ca\u0107:<\/p>\n<ul data-start=\"3046\" data-end=\"3183\">\n<li data-start=\"3046\" data-end=\"3088\">\n<p data-start=\"3048\" data-end=\"3088\">Brak analizy laboratoryjnych lub brakuj\u0105cych COA<\/p>\n<\/li>\n<li data-start=\"3089\" data-end=\"3116\">\n<p data-start=\"3091\" data-end=\"3116\">Dostawca bez nadruku<\/p>\n<\/li>\n<li data-start=\"3117\" data-end=\"3160\">\n<p data-start=\"3119\" data-end=\"3160\">Niezwykle tanie ceny (cz\u0119sto podr\u00f3bki)<\/p>\n<\/li>\n<li data-start=\"3161\" data-end=\"3183\">\n<p data-start=\"3163\" data-end=\"3183\">Nincs \u00fcgyf\u00e9lszolg\u00e1lat<\/p>\n<\/li>\n<\/ul>\n<p data-start=\"3185\" data-end=\"3286\">Umie\u015b\u0107 tylko wysokiej jako\u015bci i testowanych dostawc\u00f3w, je\u015bli zam\u00f3wisz deoksymetoksetamin\u0119.<\/p>\n<h2 data-start=\"3617\" data-end=\"3673\">Kup deoksymetoksetamina (DMXE) online - Zalety:<\/h2>\n<ul data-start=\"3675\" data-end=\"3840\">\n<li data-start=\"3675\" data-end=\"3708\">\n<p data-start=\"3677\" data-end=\"3708\">Hochreine DMXE, test laboratoryjny<\/p>\n<\/li>\n<li data-start=\"3709\" data-end=\"3755\">\n<p data-start=\"3711\" data-end=\"3755\">Idealny do NMDA i bada\u0144 dysocjacji<\/p>\n<\/li>\n<li data-start=\"3756\" data-end=\"3788\">\n<p data-start=\"3758\" data-end=\"3788\">Szybsza, dyskretna wysy\u0142ka<\/p>\n<\/li>\n<li data-start=\"3789\" data-end=\"3840\">\n<p data-start=\"3791\" data-end=\"3840\">Atrakcyjne sezony ceny deoksymetoksetaminy<\/p>\n<\/li>\n<\/ul>\n<p data-start=\"3842\" data-end=\"4035\">Je\u015bli szukasz Gdzie kupi\u0107 deoksymetoksetamin\u0119, znajdziesz najlepsze us\u0142ugi od sprawdzonych dostawc\u00f3w. Pobierz Deoxymethoxetamine na sprzeda\u017c teraz - szybko, bezpiecznie i legalnie.<\/p>","protected":false},"excerpt":{"rendered":"<p>Deoksymetoksetamina (3\u2032-metylo-2-okso-PCE, DMXE, 3D-MXE) to rekreacyjny narkotyk z rodziny arylocykloheksyloamin o dzia\u0142aniu dysocjacyjnym. Jest to analog metoksetaminy, w kt\u00f3rym grupa 3-metoksy zosta\u0142a zast\u0105piona grup\u0105 metylow\u0105. By\u0142a sprzedawana online od oko\u0142o pa\u017adziernika 2020 r. i zosta\u0142a po raz pierwszy wyra\u017anie zidentyfikowana przez laboratorium kryminalistyczne w Danii w lutym 2021 r.<\/p>","protected":false},"featured_media":8028,"comment_status":"open","ping_status":"closed","template":"","meta":{"_joinchat":[]},"product_brand":[],"product_cat":[97],"product_tag":[241,620,621,609,610,619,249,292,611,608,623,251,622,617,624,625,626,618,613,614,250,615,616,612],"class_list":{"0":"post-7986","1":"product","2":"type-product","3":"status-publish","4":"has-post-thumbnail","6":"product_cat-forschungschemikalien","7":"product_tag-3-fluoroamphetamine","8":"product_tag-3-methyl-pcp","9":"product_tag-3-methyl-pcpy","10":"product_tag-3-methyl-2-oxo-pce","11":"product_tag-3d-mxe","12":"product_tag-alpha-pvp","13":"product_tag-amphetamin-derivate","14":"product_tag-cathinone","15":"product_tag-chemische-formel-dmxe","16":"product_tag-dmxe","17":"product_tag-fluorexetamin","18":"product_tag-gesundheitliche-risiken","19":"product_tag-hydroxetamin","20":"product_tag-ketamin","21":"product_tag-methoxetamin","22":"product_tag-methoxieticyclidin","23":"product_tag-mxipr","24":"product_tag-pcp","25":"product_tag-rechtlicher-status-dmxe","26":"product_tag-risiken-dmxe","27":"product_tag-suchtgefahr","28":"product_tag-synthetische-dissociativa","29":"product_tag-vergleich-zu-methoxetamin","30":"product_tag-wirkungen-von-dmxe","32":"first","33":"instock","34":"shipping-taxable","35":"purchasable","36":"product-type-variable"},"yoast_head":"<!-- This site is optimized with the Yoast SEO plugin v27.5 - https:\/\/yoast.com\/product\/yoast-seo-wordpress\/ -->\n<title>Deoxymethoxetamin online Kaufen | Chemgramx<\/title>\n<meta name=\"description\" content=\"Wenn Sie Deoxymethoxetamin online kaufen m\u00f6chten und nach einem zuverl\u00e4ssigen Online-Shop suchen, dann kaufen Sie hier. Wir bieten nur hochwertiges Deoxymethoxetamin zum Verkauf zu einem erschwinglichen Preis an. Bestellen Sie Deoxymethoxetamin jetzt!\" \/>\n<meta name=\"robots\" content=\"index, follow, max-snippet:-1, max-image-preview:large, max-video-preview:-1\" \/>\n<link rel=\"canonical\" href=\"https:\/\/chemgramx.com\/pl\/produkt-1\/kup-dezoksymetoksetamine-dmxe-3-metyl-2-oxo-pce-3d-mxe-online\/\" \/>\n<meta property=\"og:locale\" content=\"pl_PL\" \/>\n<meta property=\"og:type\" content=\"article\" \/>\n<meta property=\"og:title\" content=\"Deoxymethoxetamin online Kaufen | Chemgramx\" \/>\n<meta property=\"og:description\" content=\"Wenn Sie Deoxymethoxetamin online kaufen m\u00f6chten und nach einem zuverl\u00e4ssigen Online-Shop suchen, dann kaufen Sie hier. Wir bieten nur hochwertiges Deoxymethoxetamin zum Verkauf zu einem erschwinglichen Preis an. Bestellen Sie Deoxymethoxetamin jetzt!\" \/>\n<meta property=\"og:url\" content=\"https:\/\/chemgramx.com\/pl\/produkt-1\/kup-dezoksymetoksetamine-dmxe-3-metyl-2-oxo-pce-3d-mxe-online\/\" \/>\n<meta property=\"og:site_name\" content=\"Chemgramx\" \/>\n<meta property=\"article:modified_time\" content=\"2025-11-21T16:52:26+00:00\" \/>\n<meta property=\"og:image\" content=\"https:\/\/chemgramx.com\/wp-content\/uploads\/2025\/11\/DMXE-Deoxymethoxetamin-kaufen.jpg\" \/>\n\t<meta property=\"og:image:width\" content=\"474\" \/>\n\t<meta property=\"og:image:height\" content=\"582\" \/>\n\t<meta property=\"og:image:type\" content=\"image\/jpeg\" \/>\n<meta name=\"twitter:card\" content=\"summary_large_image\" \/>\n<meta name=\"twitter:label1\" content=\"Szacowany czas czytania\" \/>\n\t<meta name=\"twitter:data1\" content=\"2 minuty\" \/>\n<script type=\"application\/ld+json\" class=\"yoast-schema-graph\">{\"@context\":\"https:\\\/\\\/schema.org\",\"@graph\":[{\"@type\":\"WebPage\",\"@id\":\"https:\\\/\\\/chemgramx.com\\\/product\\\/deoxymethoxetamin-dmxe-3-methyl-2-oxo-pce-3d-mxe-online-kaufen\\\/\",\"url\":\"https:\\\/\\\/chemgramx.com\\\/product\\\/deoxymethoxetamin-dmxe-3-methyl-2-oxo-pce-3d-mxe-online-kaufen\\\/\",\"name\":\"Deoxymethoxetamin online Kaufen | Chemgramx\",\"isPartOf\":{\"@id\":\"https:\\\/\\\/chemgramx.com\\\/#website\"},\"primaryImageOfPage\":{\"@id\":\"https:\\\/\\\/chemgramx.com\\\/product\\\/deoxymethoxetamin-dmxe-3-methyl-2-oxo-pce-3d-mxe-online-kaufen\\\/#primaryimage\"},\"image\":{\"@id\":\"https:\\\/\\\/chemgramx.com\\\/product\\\/deoxymethoxetamin-dmxe-3-methyl-2-oxo-pce-3d-mxe-online-kaufen\\\/#primaryimage\"},\"thumbnailUrl\":\"https:\\\/\\\/chemgramx.com\\\/wp-content\\\/uploads\\\/2025\\\/11\\\/DMXE-Deoxymethoxetamin-kaufen.jpg\",\"datePublished\":\"2025-11-21T16:44:48+00:00\",\"dateModified\":\"2025-11-21T16:52:26+00:00\",\"description\":\"Wenn Sie Deoxymethoxetamin online kaufen m\u00f6chten und nach einem zuverl\u00e4ssigen Online-Shop suchen, dann kaufen Sie hier. Wir bieten nur hochwertiges Deoxymethoxetamin zum Verkauf zu einem erschwinglichen Preis an. Bestellen Sie Deoxymethoxetamin jetzt!\",\"breadcrumb\":{\"@id\":\"https:\\\/\\\/chemgramx.com\\\/product\\\/deoxymethoxetamin-dmxe-3-methyl-2-oxo-pce-3d-mxe-online-kaufen\\\/#breadcrumb\"},\"inLanguage\":\"pl-PL\",\"potentialAction\":[{\"@type\":\"ReadAction\",\"target\":[\"https:\\\/\\\/chemgramx.com\\\/product\\\/deoxymethoxetamin-dmxe-3-methyl-2-oxo-pce-3d-mxe-online-kaufen\\\/\"]}]},{\"@type\":\"ImageObject\",\"inLanguage\":\"pl-PL\",\"@id\":\"https:\\\/\\\/chemgramx.com\\\/product\\\/deoxymethoxetamin-dmxe-3-methyl-2-oxo-pce-3d-mxe-online-kaufen\\\/#primaryimage\",\"url\":\"https:\\\/\\\/chemgramx.com\\\/wp-content\\\/uploads\\\/2025\\\/11\\\/DMXE-Deoxymethoxetamin-kaufen.jpg\",\"contentUrl\":\"https:\\\/\\\/chemgramx.com\\\/wp-content\\\/uploads\\\/2025\\\/11\\\/DMXE-Deoxymethoxetamin-kaufen.jpg\",\"width\":474,\"height\":582},{\"@type\":\"BreadcrumbList\",\"@id\":\"https:\\\/\\\/chemgramx.com\\\/product\\\/deoxymethoxetamin-dmxe-3-methyl-2-oxo-pce-3d-mxe-online-kaufen\\\/#breadcrumb\",\"itemListElement\":[{\"@type\":\"ListItem\",\"position\":1,\"name\":\"Home\",\"item\":\"https:\\\/\\\/chemgramx.com\\\/\"},{\"@type\":\"ListItem\",\"position\":2,\"name\":\"Shop\",\"item\":\"https:\\\/\\\/chemgramx.com\\\/shop\\\/\"},{\"@type\":\"ListItem\",\"position\":3,\"name\":\"Deoxymethoxetamin (DMXE, 3&#8242;-Methyl-2-oxo-PCE, 3D-MXE) Online Kaufen\"}]},{\"@type\":\"WebSite\",\"@id\":\"https:\\\/\\\/chemgramx.com\\\/#website\",\"url\":\"https:\\\/\\\/chemgramx.com\\\/\",\"name\":\"Chemgramx\",\"description\":\"\",\"publisher\":{\"@id\":\"https:\\\/\\\/chemgramx.com\\\/#organization\"},\"potentialAction\":[{\"@type\":\"SearchAction\",\"target\":{\"@type\":\"EntryPoint\",\"urlTemplate\":\"https:\\\/\\\/chemgramx.com\\\/?s={search_term_string}\"},\"query-input\":{\"@type\":\"PropertyValueSpecification\",\"valueRequired\":true,\"valueName\":\"search_term_string\"}}],\"inLanguage\":\"pl-PL\"},{\"@type\":\"Organization\",\"@id\":\"https:\\\/\\\/chemgramx.com\\\/#organization\",\"name\":\"Chemgramx\",\"url\":\"https:\\\/\\\/chemgramx.com\\\/\",\"logo\":{\"@type\":\"ImageObject\",\"inLanguage\":\"pl-PL\",\"@id\":\"https:\\\/\\\/chemgramx.com\\\/#\\\/schema\\\/logo\\\/image\\\/\",\"url\":\"https:\\\/\\\/chemgramx.com\\\/wp-content\\\/uploads\\\/2024\\\/10\\\/final-logo.png\",\"contentUrl\":\"https:\\\/\\\/chemgramx.com\\\/wp-content\\\/uploads\\\/2024\\\/10\\\/final-logo.png\",\"width\":250,\"height\":48,\"caption\":\"Chemgramx\"},\"image\":{\"@id\":\"https:\\\/\\\/chemgramx.com\\\/#\\\/schema\\\/logo\\\/image\\\/\"}}]}<\/script>\n<!-- \/ Yoast SEO plugin. -->","yoast_head_json":{"title":"Kup deoksymetoksetamin\u0119 online | Chemgramx","description":"Je\u015bli chcesz kupi\u0107 deoksymetoksyetamin\u0119 online i szukasz niezawodnego sklepu internetowego, zr\u00f3b zakupy tutaj. Oferujemy wy\u0142\u0105cznie wysokiej jako\u015bci deoksymetoksyetamin\u0119 w przyst\u0119pnej cenie. Zam\u00f3w deoksymetoksyetamin\u0119 ju\u017c teraz!","robots":{"index":"index","follow":"follow","max-snippet":"max-snippet:-1","max-image-preview":"max-image-preview:large","max-video-preview":"max-video-preview:-1"},"canonical":"https:\/\/chemgramx.com\/pl\/produkt-1\/kup-dezoksymetoksetamine-dmxe-3-metyl-2-oxo-pce-3d-mxe-online\/","og_locale":"pl_PL","og_type":"article","og_title":"Deoxymethoxetamin online Kaufen | Chemgramx","og_description":"Wenn Sie Deoxymethoxetamin online kaufen m\u00f6chten und nach einem zuverl\u00e4ssigen Online-Shop suchen, dann kaufen Sie hier. Wir bieten nur hochwertiges Deoxymethoxetamin zum Verkauf zu einem erschwinglichen Preis an. Bestellen Sie Deoxymethoxetamin jetzt!","og_url":"https:\/\/chemgramx.com\/pl\/produkt-1\/kup-dezoksymetoksetamine-dmxe-3-metyl-2-oxo-pce-3d-mxe-online\/","og_site_name":"Chemgramx","article_modified_time":"2025-11-21T16:52:26+00:00","og_image":[{"width":474,"height":582,"url":"https:\/\/chemgramx.com\/wp-content\/uploads\/2025\/11\/DMXE-Deoxymethoxetamin-kaufen.jpg","type":"image\/jpeg"}],"twitter_card":"summary_large_image","twitter_misc":{"Szacowany czas czytania":"2 minuty"},"schema":{"@context":"https:\/\/schema.org","@graph":[{"@type":"WebPage","@id":"https:\/\/chemgramx.com\/product\/deoxymethoxetamin-dmxe-3-methyl-2-oxo-pce-3d-mxe-online-kaufen\/","url":"https:\/\/chemgramx.com\/product\/deoxymethoxetamin-dmxe-3-methyl-2-oxo-pce-3d-mxe-online-kaufen\/","name":"Kup deoksymetoksetamin\u0119 online | Chemgramx","isPartOf":{"@id":"https:\/\/chemgramx.com\/#website"},"primaryImageOfPage":{"@id":"https:\/\/chemgramx.com\/product\/deoxymethoxetamin-dmxe-3-methyl-2-oxo-pce-3d-mxe-online-kaufen\/#primaryimage"},"image":{"@id":"https:\/\/chemgramx.com\/product\/deoxymethoxetamin-dmxe-3-methyl-2-oxo-pce-3d-mxe-online-kaufen\/#primaryimage"},"thumbnailUrl":"https:\/\/chemgramx.com\/wp-content\/uploads\/2025\/11\/DMXE-Deoxymethoxetamin-kaufen.jpg","datePublished":"2025-11-21T16:44:48+00:00","dateModified":"2025-11-21T16:52:26+00:00","description":"Je\u015bli chcesz kupi\u0107 deoksymetoksyetamin\u0119 online i szukasz niezawodnego sklepu internetowego, zr\u00f3b zakupy tutaj. Oferujemy wy\u0142\u0105cznie wysokiej jako\u015bci deoksymetoksyetamin\u0119 w przyst\u0119pnej cenie. Zam\u00f3w deoksymetoksyetamin\u0119 ju\u017c teraz!","breadcrumb":{"@id":"https:\/\/chemgramx.com\/product\/deoxymethoxetamin-dmxe-3-methyl-2-oxo-pce-3d-mxe-online-kaufen\/#breadcrumb"},"inLanguage":"pl-PL","potentialAction":[{"@type":"ReadAction","target":["https:\/\/chemgramx.com\/product\/deoxymethoxetamin-dmxe-3-methyl-2-oxo-pce-3d-mxe-online-kaufen\/"]}]},{"@type":"ImageObject","inLanguage":"pl-PL","@id":"https:\/\/chemgramx.com\/product\/deoxymethoxetamin-dmxe-3-methyl-2-oxo-pce-3d-mxe-online-kaufen\/#primaryimage","url":"https:\/\/chemgramx.com\/wp-content\/uploads\/2025\/11\/DMXE-Deoxymethoxetamin-kaufen.jpg","contentUrl":"https:\/\/chemgramx.com\/wp-content\/uploads\/2025\/11\/DMXE-Deoxymethoxetamin-kaufen.jpg","width":474,"height":582},{"@type":"BreadcrumbList","@id":"https:\/\/chemgramx.com\/product\/deoxymethoxetamin-dmxe-3-methyl-2-oxo-pce-3d-mxe-online-kaufen\/#breadcrumb","itemListElement":[{"@type":"ListItem","position":1,"name":"Home","item":"https:\/\/chemgramx.com\/"},{"@type":"ListItem","position":2,"name":"Shop","item":"https:\/\/chemgramx.com\/shop\/"},{"@type":"ListItem","position":3,"name":"Deoxymethoxetamin (DMXE, 3&#8242;-Methyl-2-oxo-PCE, 3D-MXE) Online Kaufen"}]},{"@type":"WebSite","@id":"https:\/\/chemgramx.com\/#website","url":"https:\/\/chemgramx.com\/","name":"Chemgramx","description":"","publisher":{"@id":"https:\/\/chemgramx.com\/#organization"},"potentialAction":[{"@type":"SearchAction","target":{"@type":"EntryPoint","urlTemplate":"https:\/\/chemgramx.com\/?s={search_term_string}"},"query-input":{"@type":"PropertyValueSpecification","valueRequired":true,"valueName":"search_term_string"}}],"inLanguage":"pl-PL"},{"@type":"Organization","@id":"https:\/\/chemgramx.com\/#organization","name":"Chemgramx","url":"https:\/\/chemgramx.com\/","logo":{"@type":"ImageObject","inLanguage":"pl-PL","@id":"https:\/\/chemgramx.com\/#\/schema\/logo\/image\/","url":"https:\/\/chemgramx.com\/wp-content\/uploads\/2024\/10\/final-logo.png","contentUrl":"https:\/\/chemgramx.com\/wp-content\/uploads\/2024\/10\/final-logo.png","width":250,"height":48,"caption":"Chemgramx"},"image":{"@id":"https:\/\/chemgramx.com\/#\/schema\/logo\/image\/"}}]}},"_links":{"self":[{"href":"https:\/\/chemgramx.com\/pl\/wp-json\/wp\/v2\/product\/7986","targetHints":{"allow":["GET"]}}],"collection":[{"href":"https:\/\/chemgramx.com\/pl\/wp-json\/wp\/v2\/product"}],"about":[{"href":"https:\/\/chemgramx.com\/pl\/wp-json\/wp\/v2\/types\/product"}],"replies":[{"embeddable":true,"href":"https:\/\/chemgramx.com\/pl\/wp-json\/wp\/v2\/comments?post=7986"}],"wp:featuredmedia":[{"embeddable":true,"href":"https:\/\/chemgramx.com\/pl\/wp-json\/wp\/v2\/media\/8028"}],"wp:attachment":[{"href":"https:\/\/chemgramx.com\/pl\/wp-json\/wp\/v2\/media?parent=7986"}],"wp:term":[{"taxonomy":"product_brand","embeddable":true,"href":"https:\/\/chemgramx.com\/pl\/wp-json\/wp\/v2\/product_brand?post=7986"},{"taxonomy":"product_cat","embeddable":true,"href":"https:\/\/chemgramx.com\/pl\/wp-json\/wp\/v2\/product_cat?post=7986"},{"taxonomy":"product_tag","embeddable":true,"href":"https:\/\/chemgramx.com\/pl\/wp-json\/wp\/v2\/product_tag?post=7986"}],"curies":[{"name":"wp","href":"https:\/\/api.w.org\/{rel}","templated":true}]}}