{"id":7995,"date":"2025-11-21T16:44:53","date_gmt":"2025-11-21T16:44:53","guid":{"rendered":"https:\/\/chemgramx.com\/?post_type=product&#038;p=7995"},"modified":"2025-12-10T16:09:38","modified_gmt":"2025-12-10T16:09:38","slug":"tilidine-liquid-10ml-zamowienie-online","status":"publish","type":"product","link":"https:\/\/chemgramx.com\/pl\/product\/tilidin-liquid-10ml-online-bestellung\/","title":{"rendered":"Kup Tilidin Liquid 10 ml \u2013 wysoka czysto\u015b\u0107"},"content":{"rendered":"<p>W przypadku wymagaj\u0105cych zastosowa\u0144 badawczych kluczowe znaczenie ma zakup wysokiej czysto\u015bci tilidyny w p\u0142ynie 10 ml. W Chemgramx rozumiemy t\u0119 potrzeb\u0119 i oferujemy Pa\u0144stwu mo\u017cliwo\u015b\u0107, <b>Tilidin Liquid 10 ml na sprzeda\u017c<\/b> . Nasz produkt spe\u0142nia najwy\u017csze standardy i zosta\u0142 opracowany specjalnie do cel\u00f3w naukowych. Dzi\u0119ki temu zyskujesz doskona\u0142\u0105 jako\u015b\u0107, kt\u00f3ra znacz\u0105co wspiera wyniki Twoich bada\u0144. Dlatego gwarantujemy dostarczenie produktu, kt\u00f3ry spe\u0142ni wymagania Twojego laboratorium.<\/p>\n<p>Wiemy, \u017ce cenisz sobie precyzj\u0119 i niezawodno\u015b\u0107. Dlatego u nas znajdziesz <b>Wysokiej jako\u015bci p\u0142yn tilidynowy 10ml<\/b>, kt\u00f3ry wyr\u00f3\u017cnia si\u0119 sta\u0142\u0105 czysto\u015bci\u0105. Ponadto jest on zoptymalizowany do zastosowa\u0144 w \u015brodowiskach badawczych, w kt\u00f3rych niezb\u0119dne s\u0105 dok\u0142adne pomiary i powtarzalne wyniki. Zakup tego produktu jest istotnym krokiem w kierunku zapewnienia integralno\u015bci prowadzonych bada\u0144. Nie wahaj si\u0119 i przekonaj si\u0119 o naszej jako\u015bci.<\/p>\n<h2>Co to jest Tilidine Liquid 10ml?<\/h2>\n<p>Tilidyna jest syntetycznym opioidem, kt\u00f3ry jest badany w ramach bada\u0144 naukowych ze wzgl\u0119du na swoje specyficzne w\u0142a\u015bciwo\u015bci chemiczne i dzia\u0142anie farmakologiczne. Szczeg\u00f3lnie w postaci p\u0142ynnej preparat Tilidyna Liquid 10 ml umo\u017cliwia precyzyjne dawkowanie i stosowanie w r\u00f3\u017cnych konfiguracjach eksperymentalnych. W zwi\u0105zku z tym jest cennym narz\u0119dziem w badaniach neurologicznych i farmakologicznych. Ponadto jest cz\u0119sto stosowany in vitro i in vivo do badania okre\u015blonych szlak\u00f3w sygna\u0142owych.<\/p>\n<p>P\u0142ynna posta\u0107 tilidyny ma przewag\u0119 nad substancjami sta\u0142ymi, poniewa\u017c \u0142atwiej j\u0105 doda\u0107 do p\u0142yn\u00f3w i lepiej si\u0119 j\u0105 podaje w modelach eksperymentalnych. Dzi\u0119ki temu naukowcy mog\u0105 dok\u0142adnie bada\u0107 dzia\u0142anie tej substancji w kontrolowanych warunkach. Opakowanie o pojemno\u015bci 10 ml jest idealne do u\u017cytku w laboratorium. Jest to wi\u0119c praktyczna i wydajna opcja.<\/p>\n<h2>Obszary zastosowania w badaniach<\/h2>\n<p><b>Tilidine p\u0142yn 10ml<\/b> jest stosowany w wielu badaniach przedklinicznych. S\u0142u\u017cy na przyk\u0142ad do badania wi\u0105zania receptor\u00f3w, analizy modeli b\u00f3lu lub badania mechanizm\u00f3w uzale\u017cnienia. Ponadto znajduje zastosowanie w opracowywaniu nowych metod farmakologicznych. Jego dok\u0142adne w\u0142a\u015bciwo\u015bci sprawiaj\u0105, \u017ce jest nieodzown\u0105 substancj\u0105 referencyjn\u0105.<\/p>\n<p>Naukowcy wykorzystuj\u0105 r\u00f3wnie\u017c Tilidin Liquid 10 ml do analizy wp\u0142ywu na centralny uk\u0142ad nerwowy. Jest on r\u00f3wnie\u017c stosowany do oceny potencjalnych antagonist\u00f3w lub synergist\u00f3w. <b>Jako\u015b\u0107 bada\u0144 naukowych na sprzeda\u017c<\/b> jest tutaj kluczowym kryterium dla uzyskania wiarygodnych i por\u00f3wnywalnych wynik\u00f3w bada\u0144. Ponadto wysoka czysto\u015b\u0107 pozwala zminimalizowa\u0107 czynniki zak\u0142\u00f3caj\u0105ce.<\/p>\n<h3>Standardy jako\u015bci i czysto\u015b\u0107<\/h3>\n<p>W Chemgramx przywi\u0105zujemy ogromn\u0105 wag\u0119 do jako\u015bci naszych produkt\u00f3w. Nasze <b>Autentyczny Tilidin Liquid 10 ml<\/b> jest produkowany i testowany zgodnie z rygorystycznymi kontrolami jako\u015bci. Dzi\u0119ki temu mo\u017cesz mie\u0107 pewno\u015b\u0107 co do deklarowanej czysto\u015bci i sk\u0142adu. Oferujemy <b>Jako\u015b\u0107 laboratoryjna na sprzeda\u017c<\/b>, kt\u00f3ra spe\u0142nia wysokie wymagania bada\u0144 naukowych. Dzi\u0119ki temu gwarantujemy powtarzalne wyniki.<\/p>\n<p>Ka\u017cda partia Tilidin Liquid 10 ml jest dok\u0142adnie analizowana w celu zapewnienia zgodno\u015bci ze specyfikacjami. Obejmuje to testy chromatograficzne i spektroskopi\u0119 w celu wykluczenia zanieczyszcze\u0144. W rezultacie otrzymujesz produkt odpowiedni do najbardziej wra\u017cliwych eksperyment\u00f3w. Ponadto nasza przejrzysta dokumentacja jest \u015bwiadectwem naszego zaanga\u017cowania w d\u0105\u017cenie do doskona\u0142o\u015bci. Zaufaj sta\u0142ej jako\u015bci.<\/p>\n<h3>Bezpieczne obchodzenie si\u0119 i przechowywanie<\/h3>\n<p>Post\u0119powanie z preparatem Tilidin Liquid 10 ml wymaga zawsze najwy\u017cszej staranno\u015bci i przestrzegania ustalonych protoko\u0142\u00f3w laboratoryjnych. Dlatego zalecamy stosowanie odpowiednich \u015brodk\u00f3w ochrony osobistej, takich jak r\u0119kawiczki i okulary ochronne. Konieczne jest r\u00f3wnie\u017c przechowywanie produktu w ch\u0142odnym, suchym i dobrze wentylowanym miejscu, z dala od bezpo\u015bredniego \u015bwiat\u0142a s\u0142onecznego i \u017ar\u00f3de\u0142 ciep\u0142a. Zapewnia to stabilno\u015b\u0107 i skuteczno\u015b\u0107 produktu przez ca\u0142y okres jego trwa\u0142o\u015bci.<\/p>\n<p>Ponadto Tilidin Liquid 10 ml nale\u017cy przechowywa\u0107 w miejscu niedost\u0119pnym dla os\u00f3b nieuprawnionych, aby zapobiec nadu\u017cyciom. Wa\u017cne jest r\u00f3wnie\u017c wyra\u017ane oznakowanie pojemnik\u00f3w, aby unikn\u0105\u0107 pomy\u0142ek. \u015arodki te w znacznym stopniu przyczyniaj\u0105 si\u0119 do bezpiecze\u0144stwa w \u015brodowisku badawczym. Prawid\u0142owe obchodzenie si\u0119 z produktem chroni zar\u00f3wno sam produkt, jak i personel.<\/p>\n<h2>\u0179r\u00f3d\u0142o zakupu: Tilidin Liquid 10 ml kup online<\/h2>\n<p>Je\u015bli <b>Zam\u00f3w Tilidin Liquid 10 ml online<\/b> Chemgramx oferuje niezawodn\u0105 platform\u0119 do realizacji zam\u00f3wie\u0144. Rozumiemy potrzeb\u0119 prostego i bezpiecznego pozyskiwania chemikali\u00f3w badawczych. Dlatego zoptymalizowali\u015bmy nasze procesy, aby u\u0142atwi\u0107 Pa\u0144stwu znalezienie i zakup potrzebnych substancji. Przywi\u0105zujemy du\u017c\u0105 wag\u0119 do <b>bezpieczny zakup<\/b> i dyskretn\u0105 realizacj\u0119.<\/p>\n<p>Nasz sklep internetowy ma intuicyjny uk\u0142ad i umo\u017cliwia szybki przegl\u0105d naszego asortymentu. Mo\u017cna <b>Kup teraz online<\/b>, czego potrzebuj\u0105 Pa\u0144stwa badania, bez kompromis\u00f3w w zakresie jako\u015bci. Ponadto ka\u017cde zam\u00f3wienie jest traktowane z najwy\u017csz\u0105 staranno\u015bci\u0105 i dyskrecj\u0105. Je\u015bli na przyk\u0142ad <a href=\"https:\/\/chemgramx.com\/product\/tilidin-liquid-10ml-online-bestellung\/\">Zam\u00f3w Tilidin Liquid 10 ml online<\/a>, skorzystaj z naszego zaanga\u017cowania w zapewnienie satysfakcji klienta.<\/p>\n<h3>Korzy\u015bci z Chemgramx<\/h3>\n<p>Decyzja, <b>Kup Tilidin Liquid 10 ml w Chemgramx<\/b> ma wiele zalet. Po pierwsze, gwarantujemy wysok\u0105 czysto\u015b\u0107 i autentyczno\u015b\u0107 naszych produkt\u00f3w, co jest niezb\u0119dne do uzyskania wiarygodnych wynik\u00f3w bada\u0144. Po drugie, oferujemy przejrzysty system zam\u00f3wie\u0144, dostosowany do potrzeb naukowc\u00f3w. Kr\u00f3tko m\u00f3wi\u0105c, jeste\u015bmy niezawodnym partnerem w zakresie zaopatrzenia laboratori\u00f3w.<\/p>\n<p>Ponadto mog\u0105 Pa\u0144stwo skorzysta\u0107 z naszej rozleg\u0142ej wiedzy specjalistycznej w zakresie chemikali\u00f3w badawczych. Nasz zesp\u00f3\u0142 ch\u0119tnie odpowie na Pa\u0144stwa pytania i udzieli fachowej porady. Je\u015bli <a href=\"https:\/\/chemgramx.com\/product\/tilidin-liquid-10ml-online-bestellung\/\">Najlepszy Tilidin Liquid 10 ml dost\u0119pny<\/a> szukasz, to trafi\u0142e\u015b we w\u0142a\u015bciwe miejsce. Oferujemy r\u00f3wnie\u017c szerok\u0105 gam\u0119 innych substancji, kt\u00f3re mog\u0105 by\u0107 interesuj\u0105ce dla Twoich bada\u0144. Na przyk\u0142ad mo\u017cesz r\u00f3wnie\u017c <a href=\"https:\/\/chemgramx.com\/product\/pineapple-express-kaufen\/\">substancje specyficzne dla Twoich bada\u0144<\/a> odkryj, kt\u00f3re poszerz\u0105 zakres Twoich bada\u0144.<\/p>\n<p>Naszym celem jest oferowanie Pa\u0144stwu nie tylko produkt\u00f3w, ale tak\u017ce partnerstwa, kt\u00f3re przyczyni si\u0119 do post\u0119p\u00f3w w Pa\u0144stwa badaniach. Dlatego nieustannie inwestujemy w optymalizacj\u0119 naszej oferty produkt\u00f3w i us\u0142ug. Rozumiemy dynamik\u0119 \u015bwiata nauki i stale dostosowujemy si\u0119 do najnowszych wymaga\u0144. Dzi\u0119ki temu maj\u0105 Pa\u0144stwo zawsze dost\u0119p do potrzebnych materia\u0142\u00f3w.<\/p>\n<h2>Cz\u0119sto zadawane pytania (FAQ)<\/h2>\n<ul>\n<li><b>Czy Tilidin Liquid 10 ml nadaje si\u0119 do cel\u00f3w badawczych?<\/b><br \/>\nTak, nasz Tilidin Liquid 10 ml jest przeznaczony wy\u0142\u0105cznie do cel\u00f3w naukowych i badawczych. Spe\u0142nia on surowe wymagania dotycz\u0105ce <b>Jako\u015b\u0107 bada\u0144 naukowych na sprzeda\u017c<\/b>.<\/li>\n<li><b>Jak zapewni\u0107 czysto\u015b\u0107 produktu?<\/b><br \/>\nPrzeprowadzamy kompleksowe kontrole jako\u015bci i analizy ka\u017cdej partii produktu. Certyfikaty czysto\u015bci s\u0105 dost\u0119pne na \u017c\u0105danie, aby zapewni\u0107 Pa\u0144stwu pe\u0142n\u0105 przejrzysto\u015b\u0107.<\/li>\n<li><b>Czy mog\u0119 kupi\u0107 ten produkt w wi\u0119kszych ilo\u015bciach?<\/b><br \/>\nCh\u0119tnie przedstawimy Pa\u0144stwu indywidualn\u0105 ofert\u0119 na wi\u0119ksze ilo\u015bci. W tym celu prosimy o bezpo\u015bredni kontakt z nami.<\/li>\n<li><b>Jakie warunki przechowywania s\u0105 optymalne dla Tilidin Liquid 10 ml?<\/b><br \/>\nAby zapewni\u0107 optymaln\u0105 stabilno\u015b\u0107 i trwa\u0142o\u015b\u0107, zalecamy przechowywanie produktu w ch\u0142odnym, suchym i ciemnym miejscu. Prosimy o zapoznanie si\u0119 ze szczeg\u00f3\u0142owymi informacjami na etykiecie produktu.<\/li>\n<\/ul>\n<p>Kr\u00f3tko m\u00f3wi\u0105c, Chemgramx to najlepszy wyb\u00f3r, je\u015bli: <b>Tilidin Liquid 10 ml na sprzeda\u017c<\/b> potrzebne do bada\u0144. Oferujemy nie tylko produkt, ale tak\u017ce bezpiecze\u0144stwo i wsparcie niezb\u0119dne do pomy\u015blnej pracy naukowej. Zaufaj jako\u015bci i niezawodno\u015bci, aby pomy\u015blnie zrealizowa\u0107 swoje projekty.<\/p>","protected":false},"excerpt":{"rendered":"<p>Odkryj <b>Wysokiej jako\u015bci p\u0142yn tilidynowy 10ml<\/b> w Chemgramx, idealny do wymagaj\u0105cych zastosowa\u0144 badawczych. Ten produkt w <b>Jako\u015b\u0107 bada\u0144 naukowych na sprzeda\u017c<\/b> zapewnia najwy\u017csz\u0105 czysto\u015b\u0107 i niezawodno\u015b\u0107 dla Twoich eksperyment\u00f3w. Zam\u00f3w sw\u00f3j <b>Tilidine p\u0142yn 10ml<\/b> ju\u017c teraz online i skorzystaj z naszej wiedzy specjalistycznej. Gwarantujemy <b>bezpieczny zakup<\/b> i dyskretn\u0105 realizacj\u0119. To <b>najlepszy Tilidin Liquid 10 ml dost\u0119pny<\/b>, aby wesprze\u0107 Pa\u0144stwa projekty naukowe.<\/p>","protected":false},"featured_media":8046,"comment_status":"open","ping_status":"closed","template":"","meta":{"_joinchat":[]},"product_brand":[],"product_cat":[97],"product_tag":[],"class_list":{"0":"post-7995","1":"product","2":"type-product","3":"status-publish","4":"has-post-thumbnail","6":"product_cat-forschungschemikalien","8":"first","9":"instock","10":"shipping-taxable","11":"purchasable","12":"product-type-variable"},"yoast_head":"<!-- This site is optimized with the Yoast SEO plugin v27.5 - https:\/\/yoast.com\/product\/yoast-seo-wordpress\/ -->\n<title>Tilidin Liquid 10ml Kaufen - Hohe Reinheit<\/title>\n<meta name=\"description\" content=\"Erwerben Sie Tilidin Liquid 10ml von Chemgramx f\u00fcr Ihre Forschung. H\u00f6chste Reinheit &amp; Laborqualit\u00e4t gew\u00e4hrleistet. Tilidin Liquid jetzt online bestellen.\" \/>\n<meta name=\"robots\" content=\"index, follow, max-snippet:-1, max-image-preview:large, max-video-preview:-1\" \/>\n<link rel=\"canonical\" href=\"https:\/\/chemgramx.com\/pl\/produkt-1\/tilidine-liquid-10ml-zamowienie-online\/\" \/>\n<meta property=\"og:locale\" content=\"pl_PL\" \/>\n<meta property=\"og:type\" content=\"article\" \/>\n<meta property=\"og:title\" content=\"Tilidin Liquid 10ml Kaufen - Hohe Reinheit\" \/>\n<meta property=\"og:description\" content=\"Erwerben Sie Tilidin Liquid 10ml von Chemgramx f\u00fcr Ihre Forschung. H\u00f6chste Reinheit &amp; Laborqualit\u00e4t gew\u00e4hrleistet. Tilidin Liquid jetzt online bestellen.\" \/>\n<meta property=\"og:url\" content=\"https:\/\/chemgramx.com\/pl\/produkt-1\/tilidine-liquid-10ml-zamowienie-online\/\" \/>\n<meta property=\"og:site_name\" content=\"Chemgramx\" \/>\n<meta property=\"article:modified_time\" content=\"2025-12-10T16:09:38+00:00\" \/>\n<meta property=\"og:image\" content=\"https:\/\/chemgramx.com\/wp-content\/uploads\/2025\/11\/buy-tilidin-liquide.jpg\" \/>\n\t<meta property=\"og:image:width\" content=\"458\" \/>\n\t<meta property=\"og:image:height\" content=\"458\" \/>\n\t<meta property=\"og:image:type\" content=\"image\/jpeg\" \/>\n<meta name=\"twitter:card\" content=\"summary_large_image\" \/>\n<meta name=\"twitter:label1\" content=\"Szacowany czas czytania\" \/>\n\t<meta name=\"twitter:data1\" content=\"5 minut\" \/>\n<script type=\"application\/ld+json\" class=\"yoast-schema-graph\">{\"@context\":\"https:\\\/\\\/schema.org\",\"@graph\":[{\"@type\":\"WebPage\",\"@id\":\"https:\\\/\\\/chemgramx.com\\\/product\\\/tilidin-liquid-10ml-online-bestellung\\\/\",\"url\":\"https:\\\/\\\/chemgramx.com\\\/product\\\/tilidin-liquid-10ml-online-bestellung\\\/\",\"name\":\"Tilidin Liquid 10ml Kaufen - Hohe Reinheit\",\"isPartOf\":{\"@id\":\"https:\\\/\\\/chemgramx.com\\\/#website\"},\"primaryImageOfPage\":{\"@id\":\"https:\\\/\\\/chemgramx.com\\\/product\\\/tilidin-liquid-10ml-online-bestellung\\\/#primaryimage\"},\"image\":{\"@id\":\"https:\\\/\\\/chemgramx.com\\\/product\\\/tilidin-liquid-10ml-online-bestellung\\\/#primaryimage\"},\"thumbnailUrl\":\"https:\\\/\\\/chemgramx.com\\\/wp-content\\\/uploads\\\/2025\\\/11\\\/buy-tilidin-liquide.jpg\",\"datePublished\":\"2025-11-21T16:44:53+00:00\",\"dateModified\":\"2025-12-10T16:09:38+00:00\",\"description\":\"Erwerben Sie Tilidin Liquid 10ml von Chemgramx f\u00fcr Ihre Forschung. H\u00f6chste Reinheit & Laborqualit\u00e4t gew\u00e4hrleistet. Tilidin Liquid jetzt online bestellen.\",\"breadcrumb\":{\"@id\":\"https:\\\/\\\/chemgramx.com\\\/product\\\/tilidin-liquid-10ml-online-bestellung\\\/#breadcrumb\"},\"inLanguage\":\"pl-PL\",\"potentialAction\":[{\"@type\":\"ReadAction\",\"target\":[\"https:\\\/\\\/chemgramx.com\\\/product\\\/tilidin-liquid-10ml-online-bestellung\\\/\"]}]},{\"@type\":\"ImageObject\",\"inLanguage\":\"pl-PL\",\"@id\":\"https:\\\/\\\/chemgramx.com\\\/product\\\/tilidin-liquid-10ml-online-bestellung\\\/#primaryimage\",\"url\":\"https:\\\/\\\/chemgramx.com\\\/wp-content\\\/uploads\\\/2025\\\/11\\\/buy-tilidin-liquide.jpg\",\"contentUrl\":\"https:\\\/\\\/chemgramx.com\\\/wp-content\\\/uploads\\\/2025\\\/11\\\/buy-tilidin-liquide.jpg\",\"width\":458,\"height\":458},{\"@type\":\"BreadcrumbList\",\"@id\":\"https:\\\/\\\/chemgramx.com\\\/product\\\/tilidin-liquid-10ml-online-bestellung\\\/#breadcrumb\",\"itemListElement\":[{\"@type\":\"ListItem\",\"position\":1,\"name\":\"Home\",\"item\":\"https:\\\/\\\/chemgramx.com\\\/\"},{\"@type\":\"ListItem\",\"position\":2,\"name\":\"Shop\",\"item\":\"https:\\\/\\\/chemgramx.com\\\/shop\\\/\"},{\"@type\":\"ListItem\",\"position\":3,\"name\":\"Tilidin Liquid 10ml Kaufen &#8211; Hohe Reinheit\"}]},{\"@type\":\"WebSite\",\"@id\":\"https:\\\/\\\/chemgramx.com\\\/#website\",\"url\":\"https:\\\/\\\/chemgramx.com\\\/\",\"name\":\"Chemgramx\",\"description\":\"\",\"publisher\":{\"@id\":\"https:\\\/\\\/chemgramx.com\\\/#organization\"},\"potentialAction\":[{\"@type\":\"SearchAction\",\"target\":{\"@type\":\"EntryPoint\",\"urlTemplate\":\"https:\\\/\\\/chemgramx.com\\\/?s={search_term_string}\"},\"query-input\":{\"@type\":\"PropertyValueSpecification\",\"valueRequired\":true,\"valueName\":\"search_term_string\"}}],\"inLanguage\":\"pl-PL\"},{\"@type\":\"Organization\",\"@id\":\"https:\\\/\\\/chemgramx.com\\\/#organization\",\"name\":\"Chemgramx\",\"url\":\"https:\\\/\\\/chemgramx.com\\\/\",\"logo\":{\"@type\":\"ImageObject\",\"inLanguage\":\"pl-PL\",\"@id\":\"https:\\\/\\\/chemgramx.com\\\/#\\\/schema\\\/logo\\\/image\\\/\",\"url\":\"https:\\\/\\\/chemgramx.com\\\/wp-content\\\/uploads\\\/2024\\\/10\\\/final-logo.png\",\"contentUrl\":\"https:\\\/\\\/chemgramx.com\\\/wp-content\\\/uploads\\\/2024\\\/10\\\/final-logo.png\",\"width\":250,\"height\":48,\"caption\":\"Chemgramx\"},\"image\":{\"@id\":\"https:\\\/\\\/chemgramx.com\\\/#\\\/schema\\\/logo\\\/image\\\/\"}}]}<\/script>\n<!-- \/ Yoast SEO plugin. -->","yoast_head_json":{"title":"Kup Tilidin Liquid 10 ml \u2013 wysoka czysto\u015b\u0107","description":"Kup Tilidin Liquid 10 ml od Chemgramx do swoich bada\u0144. Gwarantujemy najwy\u017csz\u0105 czysto\u015b\u0107 i jako\u015b\u0107 laboratoryjn\u0105. Zam\u00f3w Tilidin Liquid online ju\u017c teraz.","robots":{"index":"index","follow":"follow","max-snippet":"max-snippet:-1","max-image-preview":"max-image-preview:large","max-video-preview":"max-video-preview:-1"},"canonical":"https:\/\/chemgramx.com\/pl\/produkt-1\/tilidine-liquid-10ml-zamowienie-online\/","og_locale":"pl_PL","og_type":"article","og_title":"Tilidin Liquid 10ml Kaufen - Hohe Reinheit","og_description":"Erwerben Sie Tilidin Liquid 10ml von Chemgramx f\u00fcr Ihre Forschung. H\u00f6chste Reinheit & Laborqualit\u00e4t gew\u00e4hrleistet. Tilidin Liquid jetzt online bestellen.","og_url":"https:\/\/chemgramx.com\/pl\/produkt-1\/tilidine-liquid-10ml-zamowienie-online\/","og_site_name":"Chemgramx","article_modified_time":"2025-12-10T16:09:38+00:00","og_image":[{"width":458,"height":458,"url":"https:\/\/chemgramx.com\/wp-content\/uploads\/2025\/11\/buy-tilidin-liquide.jpg","type":"image\/jpeg"}],"twitter_card":"summary_large_image","twitter_misc":{"Szacowany czas czytania":"5 minut"},"schema":{"@context":"https:\/\/schema.org","@graph":[{"@type":"WebPage","@id":"https:\/\/chemgramx.com\/product\/tilidin-liquid-10ml-online-bestellung\/","url":"https:\/\/chemgramx.com\/product\/tilidin-liquid-10ml-online-bestellung\/","name":"Kup Tilidin Liquid 10 ml \u2013 wysoka czysto\u015b\u0107","isPartOf":{"@id":"https:\/\/chemgramx.com\/#website"},"primaryImageOfPage":{"@id":"https:\/\/chemgramx.com\/product\/tilidin-liquid-10ml-online-bestellung\/#primaryimage"},"image":{"@id":"https:\/\/chemgramx.com\/product\/tilidin-liquid-10ml-online-bestellung\/#primaryimage"},"thumbnailUrl":"https:\/\/chemgramx.com\/wp-content\/uploads\/2025\/11\/buy-tilidin-liquide.jpg","datePublished":"2025-11-21T16:44:53+00:00","dateModified":"2025-12-10T16:09:38+00:00","description":"Kup Tilidin Liquid 10 ml od Chemgramx do swoich bada\u0144. Gwarantujemy najwy\u017csz\u0105 czysto\u015b\u0107 i jako\u015b\u0107 laboratoryjn\u0105. Zam\u00f3w Tilidin Liquid online ju\u017c teraz.","breadcrumb":{"@id":"https:\/\/chemgramx.com\/product\/tilidin-liquid-10ml-online-bestellung\/#breadcrumb"},"inLanguage":"pl-PL","potentialAction":[{"@type":"ReadAction","target":["https:\/\/chemgramx.com\/product\/tilidin-liquid-10ml-online-bestellung\/"]}]},{"@type":"ImageObject","inLanguage":"pl-PL","@id":"https:\/\/chemgramx.com\/product\/tilidin-liquid-10ml-online-bestellung\/#primaryimage","url":"https:\/\/chemgramx.com\/wp-content\/uploads\/2025\/11\/buy-tilidin-liquide.jpg","contentUrl":"https:\/\/chemgramx.com\/wp-content\/uploads\/2025\/11\/buy-tilidin-liquide.jpg","width":458,"height":458},{"@type":"BreadcrumbList","@id":"https:\/\/chemgramx.com\/product\/tilidin-liquid-10ml-online-bestellung\/#breadcrumb","itemListElement":[{"@type":"ListItem","position":1,"name":"Home","item":"https:\/\/chemgramx.com\/"},{"@type":"ListItem","position":2,"name":"Shop","item":"https:\/\/chemgramx.com\/shop\/"},{"@type":"ListItem","position":3,"name":"Tilidin Liquid 10ml Kaufen &#8211; Hohe Reinheit"}]},{"@type":"WebSite","@id":"https:\/\/chemgramx.com\/#website","url":"https:\/\/chemgramx.com\/","name":"Chemgramx","description":"","publisher":{"@id":"https:\/\/chemgramx.com\/#organization"},"potentialAction":[{"@type":"SearchAction","target":{"@type":"EntryPoint","urlTemplate":"https:\/\/chemgramx.com\/?s={search_term_string}"},"query-input":{"@type":"PropertyValueSpecification","valueRequired":true,"valueName":"search_term_string"}}],"inLanguage":"pl-PL"},{"@type":"Organization","@id":"https:\/\/chemgramx.com\/#organization","name":"Chemgramx","url":"https:\/\/chemgramx.com\/","logo":{"@type":"ImageObject","inLanguage":"pl-PL","@id":"https:\/\/chemgramx.com\/#\/schema\/logo\/image\/","url":"https:\/\/chemgramx.com\/wp-content\/uploads\/2024\/10\/final-logo.png","contentUrl":"https:\/\/chemgramx.com\/wp-content\/uploads\/2024\/10\/final-logo.png","width":250,"height":48,"caption":"Chemgramx"},"image":{"@id":"https:\/\/chemgramx.com\/#\/schema\/logo\/image\/"}}]}},"_links":{"self":[{"href":"https:\/\/chemgramx.com\/pl\/wp-json\/wp\/v2\/product\/7995","targetHints":{"allow":["GET"]}}],"collection":[{"href":"https:\/\/chemgramx.com\/pl\/wp-json\/wp\/v2\/product"}],"about":[{"href":"https:\/\/chemgramx.com\/pl\/wp-json\/wp\/v2\/types\/product"}],"replies":[{"embeddable":true,"href":"https:\/\/chemgramx.com\/pl\/wp-json\/wp\/v2\/comments?post=7995"}],"wp:featuredmedia":[{"embeddable":true,"href":"https:\/\/chemgramx.com\/pl\/wp-json\/wp\/v2\/media\/8046"}],"wp:attachment":[{"href":"https:\/\/chemgramx.com\/pl\/wp-json\/wp\/v2\/media?parent=7995"}],"wp:term":[{"taxonomy":"product_brand","embeddable":true,"href":"https:\/\/chemgramx.com\/pl\/wp-json\/wp\/v2\/product_brand?post=7995"},{"taxonomy":"product_cat","embeddable":true,"href":"https:\/\/chemgramx.com\/pl\/wp-json\/wp\/v2\/product_cat?post=7995"},{"taxonomy":"product_tag","embeddable":true,"href":"https:\/\/chemgramx.com\/pl\/wp-json\/wp\/v2\/product_tag?post=7995"}],"curies":[{"name":"wp","href":"https:\/\/api.w.org\/{rel}","templated":true}]}}