{"id":7996,"date":"2025-11-21T16:44:54","date_gmt":"2025-11-21T16:44:54","guid":{"rendered":"https:\/\/chemgramx.com\/?post_type=product&#038;p=7996"},"modified":"2025-12-09T10:48:26","modified_gmt":"2025-12-09T10:48:26","slug":"3-fma-3-fluorometamfetamina-kupic-online","status":"publish","type":"product","link":"https:\/\/chemgramx.com\/pl\/product\/3-fma-3-fluoromethamphetamine-online-kaufen\/","title":{"rendered":"Kup 3-FMA \u2013 czysta jako\u015b\u0107 bada\u0144 online"},"content":{"rendered":"<p>Witamy w Chemgramx, g\u0142\u00f3wnym \u017ar\u00f3dle najwy\u017cszej jako\u015bci chemikali\u00f3w badawczych. Je\u015bli <b>3-FMA (3-fluorometamfetamina) na sprzeda\u017c<\/b> szukasz, to trafi\u0142e\u015b we w\u0142a\u015bciwe miejsce. Oferujemy doskona\u0142y wyb\u00f3r substancji o najwy\u017cszej czysto\u015bci, specjalnie opracowanych do wymagaj\u0105cych zastosowa\u0144 naukowych. Nasze <b>autentyczny 3-FMA<\/b> gwarantuje precyzyjne i powtarzalne wyniki bada\u0144 laboratoryjnych. Ponadto zale\u017cy nam na zapewnieniu naukowcom dost\u0119pu do niezawodnych materia\u0142\u00f3w. Dlatego w naszej ofercie znajduj\u0105 si\u0119 wy\u0142\u0105cznie produkty spe\u0142niaj\u0105ce najwy\u017csze wymagania.<\/p>\n<p>W Chemgramx przywi\u0105zujemy ogromn\u0105 wag\u0119 do jako\u015bci i integralno\u015bci naszych produkt\u00f3w. Dlatego ka\u017cda partia naszego <b>3-FMA (3-fluorometamfetamina)<\/b> poddawane rygorystycznym testom laboratoryjnym. Te dok\u0142adne kontrole gwarantuj\u0105, \u017ce zawsze otrzymujesz produkt o najwy\u017cszej czysto\u015bci. Dla naukowc\u00f3w i badaczy, kt\u00f3rzy <b>najlepszy dost\u0119pny 3-FMA<\/b> Chemgramx jest idealnym \u017ar\u00f3d\u0142em zaopatrzenia. Kupuj u nas chemikalia badawcze, aby mie\u0107 pewno\u015b\u0107 co do sp\u00f3jno\u015bci i wiarygodno\u015bci swoich eksperyment\u00f3w.<\/p>\n<h2>Czym jest 3-FMA (3-fluorometamfetamina)?<\/h2>\n<p>3-fluorometamfetamina, w skr\u00f3cie 3-FMA, jest substancj\u0105 chemiczn\u0105 klasy amfetaminy, charakteryzuj\u0105c\u0105 si\u0119 podstawieniem fluoru na trzecim atomie w\u0119gla pier\u015bcienia fenylowego. Ta specyficzna modyfikacja molekularna nadaje substancji wyj\u0105tkowe w\u0142a\u015bciwo\u015bci, kt\u00f3re sprawiaj\u0105, \u017ce jest ona szczeg\u00f3lnie interesuj\u0105ca dla bada\u0144 neurochemicznych i farmakologicznych. W rezultacie zainteresowanie 3-FMA w \u015brodowisku naukowym stale ro\u015bnie.<\/p>\n<p>Nale\u017cy do fluoroamfetamin, grupy substancji, kt\u00f3re w ostatnich latach by\u0142y intensywnie badane pod k\u0105tem ich potencjalnych zastosowa\u0144 w badaniach podstawowych. Analogia strukturalna do znanych neuroprzeka\u017anik\u00f3w umo\u017cliwia naukowcom dok\u0142adniejsz\u0105 analiz\u0119 z\u0142o\u017conych mechanizm\u00f3w wi\u0105zania receptor\u00f3w i neurotransmisji. Ponadto zapewnia cenne spojrzenie na interakcje mi\u0119dzy struktur\u0105 chemiczn\u0105 a aktywno\u015bci\u0105 biologiczn\u0105.<\/p>\n<h3>Struktura chemiczna i w\u0142a\u015bciwo\u015bci<\/h3>\n<p>Wz\u00f3r chemiczny 3-FMA to C<sub>10<\/sub>H<sub>14<\/sub>FN, o masie molowej istotnej dla precyzyjnego dozowania w \u015brodowiskach badawczych. Jego podstawienie fluorem odgrywa kluczow\u0105 rol\u0119 w jego profilu farmakokinetycznym i farmakodynamicznym. Ponadto modyfikacja ta wp\u0142ywa na stabilno\u015b\u0107 zwi\u0105zku i jego metabolizm w organizmie. <b>Jako\u015b\u0107 bada\u0144 3-FMA na sprzeda\u017c<\/b> Chemgramx oferuje produkt w formie zoptymalizowanej pod k\u0105tem dok\u0142adnego dozowania i stosowania.<\/p>\n<ul>\n<li><b>Numer CAS:<\/b> 900593-37-1<\/li>\n<li><b>Wz\u00f3r na sum\u0119:<\/b> C<sub>10<\/sub>H<sub>14<\/sub>FN<\/li>\n<li><b>Masa molowa:<\/b> 181,23 g\/mol<\/li>\n<li><b>Czysto\u015b\u0107:<\/b> Zazwyczaj &gt;98% (sprawdzone metod\u0105 HPLC)<\/li>\n<li><b>Stan zagregowany:<\/b> Krystaliczna substancja sta\u0142a lub proszek<\/li>\n<\/ul>\n<h2>Zastosowania i potencja\u0142 badawczy 3-FMA<\/h2>\n<p>Badania nad 3-FMA dostarczaj\u0105 dog\u0142\u0119bnych informacji na temat funkcjonowania o\u015brodkowego uk\u0142adu nerwowego. Naukowcy wykorzystuj\u0105 t\u0119 substancj\u0119 do badania wp\u0142ywu fluoroamfetamin na uk\u0142ady neuroprzeka\u017anik\u00f3w, w szczeg\u00f3lno\u015bci na dopamin\u0119, noradrenalin\u0119 i serotonin\u0119. Pozwala to uzyska\u0107 now\u0105 wiedz\u0119 na temat chor\u00f3b neurologicznych i opracowa\u0107 potencjalne metody terapeutyczne.<\/p>\n<p>Ponadto 3-FMA s\u0142u\u017cy jako wa\u017cne narz\u0119dzie do rozr\u00f3\u017cniania selektywnego dzia\u0142ania substancji na r\u00f3\u017cne receptory. Ma to szczeg\u00f3lne znaczenie dla opracowywania nowych lek\u00f3w o bardziej specyficznym profilu dzia\u0142ania i mniejszych skutkach ubocznych. W zwi\u0105zku z tym badania nad 3-FMA przyczyniaj\u0105 si\u0119 do poszerzenia wiedzy na temat z\u0142o\u017conych proces\u00f3w biologicznych i znalezienia innowacyjnych rozwi\u0105za\u0144 dla medycyny.<\/p>\n<h3>Rola w neuronauce<\/h3>\n<p>W neurobiologii 3-FMA jest cz\u0119sto stosowany do modelowania mechanizm\u00f3w uwalniania i wychwytu neuroprzeka\u017anik\u00f3w. Zwi\u0105zek ten umo\u017cliwia naukowcom bardziej szczeg\u00f3\u0142ow\u0105 analiz\u0119 roli okre\u015blonych bia\u0142ek transportowych. Na przyk\u0142ad wp\u0142yw na transporter dopaminy mo\u017ce dostarczy\u0107 wa\u017cnych informacji na temat patofizjologii uzale\u017cnie\u0144. W zwi\u0105zku z tym <b>Zam\u00f3w 3-FMA online<\/b> maj\u0105ce ogromne znaczenie dla laboratori\u00f3w neurologicznych.<\/p>\n<h3>Wszechstronne zastosowania w laboratorium<\/h3>\n<p>Opr\u00f3cz neuronauki, 3-FMA znajduje r\u00f3wnie\u017c zastosowanie w podstawowych badaniach farmaceutycznych, toksykologii i chemii analitycznej. Jest wykorzystywany do badania nowych metod syntezy lub ustanawiania standardowych materia\u0142\u00f3w referencyjnych do identyfikacji substancji. Ponadto umo\u017cliwia przeprowadzanie bada\u0144 nad kinetyk\u0105 metabolizmu in vitro i in vivo. <b>Jako\u015b\u0107 laboratoryjna 3-FMA na sprzeda\u017c<\/b> firmy Chemgramx idealnie nadaje si\u0119 do tych r\u00f3\u017cnorodnych eksperymentalnych projekt\u00f3w.<\/p>\n<p>Nasza oferta obejmuje nie tylko 3-FMA, ale tak\u017ce inne specjalistyczne substancje badawcze. Znajdziesz u nas na przyk\u0142ad takie produkty jak <a href=\"https:\/\/chemgramx.com\/product\/acapulco-gold-sativa-hybrid-19-24-thc-online-bestellung\/\">Hybryda Acapulco Gold Sativa<\/a>, kt\u00f3ry r\u00f3wnie\u017c mo\u017ce by\u0107 interesuj\u0105cy dla konkretnych cel\u00f3w badawczych. Podkre\u015bla to nasze zobowi\u0105zanie do dostarczania szerokiej gamy materia\u0142\u00f3w wysokiej jako\u015bci.<\/p>\n<h2>Standard jako\u015bci Chemgramx: najwy\u017csza czysto\u015b\u0107 dla Twoich bada\u0144<\/h2>\n<p>Jako\u015b\u0107 jest podstaw\u0105 ka\u017cdej powa\u017cnej bada\u0144 naukowych. W Chemgramx jeste\u015bmy \u015bwiadomi tej odpowiedzialno\u015bci i zobowi\u0105zujemy si\u0119 oferowa\u0107 Pa\u0144stwu wy\u0142\u0105cznie produkty o wyj\u0105tkowej czysto\u015bci. Ka\u017cdy gram naszego <b>3-FMA (3-fluorometamfetamina)<\/b> jest dok\u0142adnie sprawdzana, aby zapewni\u0107 zgodno\u015b\u0107 z najsurowszymi normami. Dzi\u0119ki temu mo\u017cesz mie\u0107 pewno\u015b\u0107 co do wiarygodno\u015bci wynik\u00f3w bada\u0144.<\/p>\n<p>Wsp\u00f3\u0142pracujemy z renomowanymi laboratoriami, aby przeprowadza\u0107 niezale\u017cne analizy za pomoc\u0105 wysokosprawnej chromatografii cieczowej (HPLC) i spektrometrii masowej (MS). Gwarantuje to nie tylko podan\u0105 czysto\u015b\u0107, ale tak\u017ce brak niepo\u017c\u0105danych zanieczyszcze\u0144. Dzi\u0119ki temu mo\u017cesz mie\u0107 pewno\u015b\u0107, \u017ce <b>wysokiej jako\u015bci 3-FMA<\/b> na studia.<\/p>\n<ul>\n<li><b>Autentyczny 3-FMA<\/b>: Ka\u017cda partia jest weryfikowana chemicznie i spe\u0142nia podane specyfikacje.<\/li>\n<li><b>Jako\u015b\u0107 bada\u0144 naukowych na sprzeda\u017c<\/b>: Opracowany specjalnie do stosowania w laboratoriach naukowych w celu zapewnienia maksymalnej precyzji.<\/li>\n<li><b>\u015acis\u0142a kontrola jako\u015bci<\/b>: Kompleksowe testy gwarantuj\u0105, \u017ce nasz 3-FMA ma czysto\u015b\u0107 powy\u017cej 98%.<\/li>\n<li><b>Bezpieczny zakup<\/b>: Twoje zam\u00f3wienie zostanie zrealizowane z najwy\u017csz\u0105 staranno\u015bci\u0105 i dyskrecj\u0105, aby zachowa\u0107 integralno\u015b\u0107 produktu.<\/li>\n<\/ul>\n<h2>Bezpieczna obs\u0142uga i odpowiedzialne post\u0119powanie<\/h2>\n<p>Bezpieczne obchodzenie si\u0119 z chemikaliami badawczymi ma ogromne znaczenie dla zapewnienia bezpiecze\u0144stwa personelu laboratoryjnego i ochrony integralno\u015bci bada\u0144. Podczas pracy z 3-FMA konieczne jest podj\u0119cie okre\u015blonych \u015brodk\u00f3w ostro\u017cno\u015bci, aby zminimalizowa\u0107 nara\u017cenie i unikn\u0105\u0107 zanieczyszczenia. Ponadto przed rozpocz\u0119ciem pracy z substancj\u0105 nale\u017cy zawsze zapozna\u0107 si\u0119 z aktualnymi kartami charakterystyki (MSDS).<\/p>\n<h3>Wskaz\u00f3wki dotycz\u0105ce bezpiecze\u0144stwa dla personelu laboratoryjnego<\/h3>\n<p>Podczas pracy z 3-FMA nale\u017cy zawsze nosi\u0107 odpowiednie \u015brodki ochrony indywidualnej (\u015aOI), w tym fartuch laboratoryjny, okulary ochronne i r\u0119kawiczki. Pracowa\u0107 w dobrze wentylowanych pomieszczeniach lub pod wyci\u0105giem, aby zapobiec wdychaniu py\u0142\u00f3w lub opar\u00f3w. Unikaj bezpo\u015bredniego kontaktu ze sk\u00f3r\u0105 i oczami. W przypadku kontaktu natychmiast dok\u0142adnie przep\u0142ucz dotkni\u0119te obszary wod\u0105 i w razie potrzeby zg\u0142o\u015b si\u0119 do lekarza. W ten spos\u00f3b zminimalizujesz potencjalne ryzyko.<\/p>\n<h3>Przechowywanie i trwa\u0142o\u015b\u0107<\/h3>\n<p>Prawid\u0142owe przechowywanie ma kluczowe znaczenie dla d\u0142ugotrwa\u0142ej stabilno\u015bci 3-FMA. Produkt nale\u017cy przechowywa\u0107 w szczelnie zamkni\u0119tym pojemniku w ch\u0142odnym, suchym i ciemnym miejscu. Nale\u017cy chroni\u0107 go przed bezpo\u015brednim dzia\u0142aniem promieni s\u0142onecznych, wilgoci\u0105 i ciep\u0142em, poniewa\u017c czynniki te mog\u0105 przyspieszy\u0107 rozk\u0142ad substancji. Prawid\u0142owe przechowywanie zapewnia utrzymanie wysokiej czysto\u015bci i integralno\u015bci chemicznej przez ca\u0142y okres trwa\u0142o\u015bci. W rezultacie pozostaje <b>Najwy\u017cszej jako\u015bci 3-FMA<\/b> do swoich eksperyment\u00f3w.<\/p>\n<h2>Dlaczego warto kupi\u0107 3-FMA w Chemgramx<\/h2>\n<p>Wyb\u00f3r odpowiedniego dostawcy chemikali\u00f3w badawczych ma kluczowe znaczenie dla powodzenia Twoich projekt\u00f3w. Chemgramx sta\u0142 si\u0119 zaufanym partnerem spo\u0142eczno\u015bci naukowej, oferuj\u0105c niezr\u00f3wnan\u0105 jako\u015b\u0107 produkt\u00f3w i doskona\u0142\u0105 obs\u0142ug\u0119 klienta. Je\u015bli <a href=\"https:\/\/chemgramx.com\/product\/3-fma-3-fluoromethamphetamine-online-kaufen\/\"><b>Kup 3-FMA (3-fluorometamfetamina) online<\/b><\/a> znajd\u0105 u nas optymalne po\u0142\u0105czenie niezawodno\u015bci i fachowej wiedzy. Przywi\u0105zujemy du\u017c\u0105 wag\u0119 do dyskrecji i bezpiecznego traktowania Pa\u0144stwa wymaga\u0144.<\/p>\n<h3>Doskona\u0142a jako\u015b\u0107 produktu<\/h3>\n<p>Nasze zobowi\u0105zanie do czysto\u015bci i autentyczno\u015bci jest niezachwiane. Ka\u017cdy produkt, kt\u00f3ry opuszcza nasz\u0105 firm\u0119, spe\u0142nia najsurowsze wymagania jako\u015bciowe. Rozumiemy, \u017ce precyzyjne wyniki opieraj\u0105 si\u0119 na precyzyjnych materia\u0142ach. Dlatego te\u017c <b>wysokiej jako\u015bci 3-FMA<\/b> Chemgramx \u2013 najlepszy wyb\u00f3r dla wymagaj\u0105cych bada\u0144. Zapewnia to wiarygodno\u015b\u0107 Twojej pracy naukowej.<\/p>\n<h3>Obs\u0142uga zorientowana na klienta<\/h3>\n<p>Jeste\u015bmy dumni z naszej szybkiej i kompetentnej obs\u0142ugi klienta. Nasz zesp\u00f3\u0142 s\u0142u\u017cy pomoc\u0105 w przypadku pyta\u0144 dotycz\u0105cych informacji o produktach, proces\u00f3w zamawiania lub konkretnych wymaga\u0144. Staramy si\u0119 nie tylko spe\u0142nia\u0107 Pa\u0144stwa oczekiwania, ale tak\u017ce je przewy\u017csza\u0107. Dzi\u0119ki temu gwarantujemy p\u0142ynny przebieg procesu zaopatrzenia w naszej firmie.<\/p>\n<h3>Niezawodny partner dla nauki i bada\u0144 naukowych<\/h3>\n<p>Chemgramx to co\u015b wi\u0119cej ni\u017c tylko dostawca; jeste\u015bmy Twoim partnerem w badaniach naukowych. Nasze bogate do\u015bwiadczenie i zaanga\u017cowanie w zapewnienie rzetelno\u015bci naukowej sprawiaj\u0105, \u017ce jeste\u015bmy idealnym dostawc\u0105 dla Twojego laboratorium. <b>najlepszy dost\u0119pny 3-FMA<\/b> Nasz\u0105 misj\u0105 jest sprawienie, aby\u015bcie mogli skupi\u0107 si\u0119 na swoich wa\u017cnych odkryciach. W ten spos\u00f3b aktywnie wspieramy post\u0119p w nauce i technologii.<\/p>\n<h2>Prosty spos\u00f3b: zam\u00f3w 3-FMA online<\/h2>\n<p>Proces, <b>3-FMA zam\u00f3w online<\/b>, jest niezwykle prosta i bezpieczna w serwisie Chemgramx. Poruszaj si\u0119 po naszym intuicyjnym interfejsie internetowym, wybierz \u017c\u0105dan\u0105 ilo\u015b\u0107 i sfinalizuj <b>pewny zakup<\/b> . Przywi\u0105zujemy du\u017c\u0105 wag\u0119 do dyskretnego procesu, kt\u00f3ry skutecznie zaspokaja Pa\u0144stwa potrzeby badawcze. Pozwala to zaoszcz\u0119dzi\u0107 cenny czas i zasoby.<\/p>\n<p>Nasz system zosta\u0142 zaprojektowany z my\u015bl\u0105 o maksymalnej \u0142atwo\u015bci obs\u0142ugi, dzi\u0119ki czemu szybko i bez problem\u00f3w osi\u0105gniesz sw\u00f3j cel. Ponadto ka\u017cde zam\u00f3wienie jest realizowane z najwy\u017csz\u0105 staranno\u015bci\u0105 i dyskrecj\u0105, aby zachowa\u0107 jako\u015b\u0107 produktu a\u017c do momentu dostawy. Do\u015bwiadcz r\u00f3\u017cnicy, jak\u0105 stanowi\u0105 fachowa wiedza i doskona\u0142a obs\u0142uga, gdy <b>Zabezpiecz teraz online<\/b>, czego potrzebujesz do swoich bada\u0144. W ko\u0144cu Twoja satysfakcja jest dla nas najwa\u017cniejsza.<\/p>","protected":false},"excerpt":{"rendered":"<p>Odkryj nasze wysokiej jako\u015bci <b>3-FMA (3-fluorometamfetamina)<\/b>, specjalnie do wymagaj\u0105cych zastosowa\u0144 badawczych. Ten produkt firmy <b>najwy\u017cszej czysto\u015bci na sprzeda\u017c<\/b> jest idealny do bada\u0144 neurologicznych i analiz farmakologicznych. <b>Kup 3-FMA<\/b> Bezpiecznie i niezawodnie w Chemgramx, Twoim zaufanym partnerze w zakresie chemikali\u00f3w laboratoryjnych. Dost\u0119pny w postaci krystalicznej substancji sta\u0142ej o czysto\u015bci &gt;98%.<\/p>","protected":false},"featured_media":8047,"comment_status":"open","ping_status":"closed","template":"","meta":{"_joinchat":[]},"product_brand":[],"product_cat":[48],"product_tag":[1346,1362,1359,1369,1355,1368,1352,1353,1348,1345,1364,1366,1349,1360,1363,1347,1354,1365,1370,1367,1350,1351,1361,1356,1358,1357],"class_list":{"0":"post-7996","1":"product","2":"type-product","3":"status-publish","4":"has-post-thumbnail","6":"product_cat-stimulants","7":"product_tag-3-fluoromethamphetamine-bestellen","8":"product_tag-3-fma-bestellen","9":"product_tag-3-fma-bulk-bestellung","10":"product_tag-3-fma-chemikalie","11":"product_tag-3-fma-experimente","12":"product_tag-3-fma-forschung","13":"product_tag-3-fma-forschung-chemikalie","14":"product_tag-3-fma-fur-neurowissenschaftliche-studien","15":"product_tag-3-fma-groshandel","16":"product_tag-3-fma-kaufen","17":"product_tag-3-fma-labor","18":"product_tag-3-fma-legal","19":"product_tag-3-fma-lieferant","20":"product_tag-3-fma-marktanalyse","21":"product_tag-3-fma-online","22":"product_tag-3-fma-online-bestellen","23":"product_tag-3-fma-pharmazeutische-forschung","24":"product_tag-3-fma-sicher","25":"product_tag-3-fma-versand","26":"product_tag-3fma-gunstig","27":"product_tag-forschung-chemikalien-3-fma","28":"product_tag-hochwertige-3-fma-kaufen","29":"product_tag-innovative-3-fma-forschung","30":"product_tag-laborqualitat-3-fma","31":"product_tag-legaler-3-fma-anbieter","32":"product_tag-sicherer-3-fma-versand","34":"first","35":"instock","36":"shipping-taxable","37":"purchasable","38":"product-type-variable"},"yoast_head":"<!-- This site is optimized with the Yoast SEO plugin v27.5 - https:\/\/yoast.com\/product\/yoast-seo-wordpress\/ -->\n<title>3-FMA erwerben \u2013 Reine Forschungsqualit\u00e4t online<\/title>\n<meta name=\"description\" content=\"3-FMA erwerben f\u00fcr Ihre Forschung. Chemgramx bietet reines 3-Fluoromethamphetamin (&gt;98%) in Laborqualit\u00e4t. Jetzt online bestellen f\u00fcr pr\u00e4zise Ergebnisse.\" \/>\n<meta name=\"robots\" content=\"index, follow, max-snippet:-1, max-image-preview:large, max-video-preview:-1\" \/>\n<link rel=\"canonical\" href=\"https:\/\/chemgramx.com\/pl\/produkt-1\/3-fma-3-fluorometamfetamina-kupic-online\/\" \/>\n<meta property=\"og:locale\" content=\"pl_PL\" \/>\n<meta property=\"og:type\" content=\"article\" \/>\n<meta property=\"og:title\" content=\"3-FMA erwerben \u2013 Reine Forschungsqualit\u00e4t online\" \/>\n<meta property=\"og:description\" content=\"3-FMA erwerben f\u00fcr Ihre Forschung. Chemgramx bietet reines 3-Fluoromethamphetamin (&gt;98%) in Laborqualit\u00e4t. Jetzt online bestellen f\u00fcr pr\u00e4zise Ergebnisse.\" \/>\n<meta property=\"og:url\" content=\"https:\/\/chemgramx.com\/pl\/produkt-1\/3-fma-3-fluorometamfetamina-kupic-online\/\" \/>\n<meta property=\"og:site_name\" content=\"Chemgramx\" \/>\n<meta property=\"article:modified_time\" content=\"2025-12-09T10:48:26+00:00\" \/>\n<meta property=\"og:image\" content=\"https:\/\/chemgramx.com\/wp-content\/uploads\/2025\/11\/3-fma-powder.jpg\" \/>\n\t<meta property=\"og:image:width\" content=\"800\" \/>\n\t<meta property=\"og:image:height\" content=\"800\" \/>\n\t<meta property=\"og:image:type\" content=\"image\/jpeg\" \/>\n<meta name=\"twitter:card\" content=\"summary_large_image\" \/>\n<meta name=\"twitter:label1\" content=\"Szacowany czas czytania\" \/>\n\t<meta name=\"twitter:data1\" content=\"2 minuty\" \/>\n<script type=\"application\/ld+json\" class=\"yoast-schema-graph\">{\"@context\":\"https:\\\/\\\/schema.org\",\"@graph\":[{\"@type\":\"WebPage\",\"@id\":\"https:\\\/\\\/chemgramx.com\\\/product\\\/3-fma-3-fluoromethamphetamine-online-kaufen\\\/\",\"url\":\"https:\\\/\\\/chemgramx.com\\\/product\\\/3-fma-3-fluoromethamphetamine-online-kaufen\\\/\",\"name\":\"3-FMA erwerben \u2013 Reine Forschungsqualit\u00e4t online\",\"isPartOf\":{\"@id\":\"https:\\\/\\\/chemgramx.com\\\/#website\"},\"primaryImageOfPage\":{\"@id\":\"https:\\\/\\\/chemgramx.com\\\/product\\\/3-fma-3-fluoromethamphetamine-online-kaufen\\\/#primaryimage\"},\"image\":{\"@id\":\"https:\\\/\\\/chemgramx.com\\\/product\\\/3-fma-3-fluoromethamphetamine-online-kaufen\\\/#primaryimage\"},\"thumbnailUrl\":\"https:\\\/\\\/chemgramx.com\\\/wp-content\\\/uploads\\\/2025\\\/11\\\/3-fma-powder.jpg\",\"datePublished\":\"2025-11-21T16:44:54+00:00\",\"dateModified\":\"2025-12-09T10:48:26+00:00\",\"description\":\"3-FMA erwerben f\u00fcr Ihre Forschung. Chemgramx bietet reines 3-Fluoromethamphetamin (>98%) in Laborqualit\u00e4t. Jetzt online bestellen f\u00fcr pr\u00e4zise Ergebnisse.\",\"breadcrumb\":{\"@id\":\"https:\\\/\\\/chemgramx.com\\\/product\\\/3-fma-3-fluoromethamphetamine-online-kaufen\\\/#breadcrumb\"},\"inLanguage\":\"pl-PL\",\"potentialAction\":[{\"@type\":\"ReadAction\",\"target\":[\"https:\\\/\\\/chemgramx.com\\\/product\\\/3-fma-3-fluoromethamphetamine-online-kaufen\\\/\"]}]},{\"@type\":\"ImageObject\",\"inLanguage\":\"pl-PL\",\"@id\":\"https:\\\/\\\/chemgramx.com\\\/product\\\/3-fma-3-fluoromethamphetamine-online-kaufen\\\/#primaryimage\",\"url\":\"https:\\\/\\\/chemgramx.com\\\/wp-content\\\/uploads\\\/2025\\\/11\\\/3-fma-powder.jpg\",\"contentUrl\":\"https:\\\/\\\/chemgramx.com\\\/wp-content\\\/uploads\\\/2025\\\/11\\\/3-fma-powder.jpg\",\"width\":800,\"height\":800},{\"@type\":\"BreadcrumbList\",\"@id\":\"https:\\\/\\\/chemgramx.com\\\/product\\\/3-fma-3-fluoromethamphetamine-online-kaufen\\\/#breadcrumb\",\"itemListElement\":[{\"@type\":\"ListItem\",\"position\":1,\"name\":\"Home\",\"item\":\"https:\\\/\\\/chemgramx.com\\\/\"},{\"@type\":\"ListItem\",\"position\":2,\"name\":\"Shop\",\"item\":\"https:\\\/\\\/chemgramx.com\\\/shop\\\/\"},{\"@type\":\"ListItem\",\"position\":3,\"name\":\"3-FMA erwerben \u2013 Reine Forschungsqualit\u00e4t online\"}]},{\"@type\":\"WebSite\",\"@id\":\"https:\\\/\\\/chemgramx.com\\\/#website\",\"url\":\"https:\\\/\\\/chemgramx.com\\\/\",\"name\":\"Chemgramx\",\"description\":\"\",\"publisher\":{\"@id\":\"https:\\\/\\\/chemgramx.com\\\/#organization\"},\"potentialAction\":[{\"@type\":\"SearchAction\",\"target\":{\"@type\":\"EntryPoint\",\"urlTemplate\":\"https:\\\/\\\/chemgramx.com\\\/?s={search_term_string}\"},\"query-input\":{\"@type\":\"PropertyValueSpecification\",\"valueRequired\":true,\"valueName\":\"search_term_string\"}}],\"inLanguage\":\"pl-PL\"},{\"@type\":\"Organization\",\"@id\":\"https:\\\/\\\/chemgramx.com\\\/#organization\",\"name\":\"Chemgramx\",\"url\":\"https:\\\/\\\/chemgramx.com\\\/\",\"logo\":{\"@type\":\"ImageObject\",\"inLanguage\":\"pl-PL\",\"@id\":\"https:\\\/\\\/chemgramx.com\\\/#\\\/schema\\\/logo\\\/image\\\/\",\"url\":\"https:\\\/\\\/chemgramx.com\\\/wp-content\\\/uploads\\\/2024\\\/10\\\/final-logo.png\",\"contentUrl\":\"https:\\\/\\\/chemgramx.com\\\/wp-content\\\/uploads\\\/2024\\\/10\\\/final-logo.png\",\"width\":250,\"height\":48,\"caption\":\"Chemgramx\"},\"image\":{\"@id\":\"https:\\\/\\\/chemgramx.com\\\/#\\\/schema\\\/logo\\\/image\\\/\"}}]}<\/script>\n<!-- \/ Yoast SEO plugin. -->","yoast_head_json":{"title":"Kup 3-FMA \u2013 czysta jako\u015b\u0107 bada\u0144 online","description":"Kup 3-FMA do swoich bada\u0144. Chemgramx oferuje czyst\u0105 3-fluorometamfetamin\u0119 (&gt;98%) o jako\u015bci laboratoryjnej. Zam\u00f3w online ju\u017c teraz, aby uzyska\u0107 precyzyjne wyniki.","robots":{"index":"index","follow":"follow","max-snippet":"max-snippet:-1","max-image-preview":"max-image-preview:large","max-video-preview":"max-video-preview:-1"},"canonical":"https:\/\/chemgramx.com\/pl\/produkt-1\/3-fma-3-fluorometamfetamina-kupic-online\/","og_locale":"pl_PL","og_type":"article","og_title":"3-FMA erwerben \u2013 Reine Forschungsqualit\u00e4t online","og_description":"3-FMA erwerben f\u00fcr Ihre Forschung. Chemgramx bietet reines 3-Fluoromethamphetamin (>98%) in Laborqualit\u00e4t. Jetzt online bestellen f\u00fcr pr\u00e4zise Ergebnisse.","og_url":"https:\/\/chemgramx.com\/pl\/produkt-1\/3-fma-3-fluorometamfetamina-kupic-online\/","og_site_name":"Chemgramx","article_modified_time":"2025-12-09T10:48:26+00:00","og_image":[{"width":800,"height":800,"url":"https:\/\/chemgramx.com\/wp-content\/uploads\/2025\/11\/3-fma-powder.jpg","type":"image\/jpeg"}],"twitter_card":"summary_large_image","twitter_misc":{"Szacowany czas czytania":"2 minuty"},"schema":{"@context":"https:\/\/schema.org","@graph":[{"@type":"WebPage","@id":"https:\/\/chemgramx.com\/product\/3-fma-3-fluoromethamphetamine-online-kaufen\/","url":"https:\/\/chemgramx.com\/product\/3-fma-3-fluoromethamphetamine-online-kaufen\/","name":"Kup 3-FMA \u2013 czysta jako\u015b\u0107 bada\u0144 online","isPartOf":{"@id":"https:\/\/chemgramx.com\/#website"},"primaryImageOfPage":{"@id":"https:\/\/chemgramx.com\/product\/3-fma-3-fluoromethamphetamine-online-kaufen\/#primaryimage"},"image":{"@id":"https:\/\/chemgramx.com\/product\/3-fma-3-fluoromethamphetamine-online-kaufen\/#primaryimage"},"thumbnailUrl":"https:\/\/chemgramx.com\/wp-content\/uploads\/2025\/11\/3-fma-powder.jpg","datePublished":"2025-11-21T16:44:54+00:00","dateModified":"2025-12-09T10:48:26+00:00","description":"Kup 3-FMA do swoich bada\u0144. Chemgramx oferuje czyst\u0105 3-fluorometamfetamin\u0119 (&gt;98%) o jako\u015bci laboratoryjnej. Zam\u00f3w online ju\u017c teraz, aby uzyska\u0107 precyzyjne wyniki.","breadcrumb":{"@id":"https:\/\/chemgramx.com\/product\/3-fma-3-fluoromethamphetamine-online-kaufen\/#breadcrumb"},"inLanguage":"pl-PL","potentialAction":[{"@type":"ReadAction","target":["https:\/\/chemgramx.com\/product\/3-fma-3-fluoromethamphetamine-online-kaufen\/"]}]},{"@type":"ImageObject","inLanguage":"pl-PL","@id":"https:\/\/chemgramx.com\/product\/3-fma-3-fluoromethamphetamine-online-kaufen\/#primaryimage","url":"https:\/\/chemgramx.com\/wp-content\/uploads\/2025\/11\/3-fma-powder.jpg","contentUrl":"https:\/\/chemgramx.com\/wp-content\/uploads\/2025\/11\/3-fma-powder.jpg","width":800,"height":800},{"@type":"BreadcrumbList","@id":"https:\/\/chemgramx.com\/product\/3-fma-3-fluoromethamphetamine-online-kaufen\/#breadcrumb","itemListElement":[{"@type":"ListItem","position":1,"name":"Home","item":"https:\/\/chemgramx.com\/"},{"@type":"ListItem","position":2,"name":"Shop","item":"https:\/\/chemgramx.com\/shop\/"},{"@type":"ListItem","position":3,"name":"3-FMA erwerben \u2013 Reine Forschungsqualit\u00e4t online"}]},{"@type":"WebSite","@id":"https:\/\/chemgramx.com\/#website","url":"https:\/\/chemgramx.com\/","name":"Chemgramx","description":"","publisher":{"@id":"https:\/\/chemgramx.com\/#organization"},"potentialAction":[{"@type":"SearchAction","target":{"@type":"EntryPoint","urlTemplate":"https:\/\/chemgramx.com\/?s={search_term_string}"},"query-input":{"@type":"PropertyValueSpecification","valueRequired":true,"valueName":"search_term_string"}}],"inLanguage":"pl-PL"},{"@type":"Organization","@id":"https:\/\/chemgramx.com\/#organization","name":"Chemgramx","url":"https:\/\/chemgramx.com\/","logo":{"@type":"ImageObject","inLanguage":"pl-PL","@id":"https:\/\/chemgramx.com\/#\/schema\/logo\/image\/","url":"https:\/\/chemgramx.com\/wp-content\/uploads\/2024\/10\/final-logo.png","contentUrl":"https:\/\/chemgramx.com\/wp-content\/uploads\/2024\/10\/final-logo.png","width":250,"height":48,"caption":"Chemgramx"},"image":{"@id":"https:\/\/chemgramx.com\/#\/schema\/logo\/image\/"}}]}},"_links":{"self":[{"href":"https:\/\/chemgramx.com\/pl\/wp-json\/wp\/v2\/product\/7996","targetHints":{"allow":["GET"]}}],"collection":[{"href":"https:\/\/chemgramx.com\/pl\/wp-json\/wp\/v2\/product"}],"about":[{"href":"https:\/\/chemgramx.com\/pl\/wp-json\/wp\/v2\/types\/product"}],"replies":[{"embeddable":true,"href":"https:\/\/chemgramx.com\/pl\/wp-json\/wp\/v2\/comments?post=7996"}],"wp:featuredmedia":[{"embeddable":true,"href":"https:\/\/chemgramx.com\/pl\/wp-json\/wp\/v2\/media\/8047"}],"wp:attachment":[{"href":"https:\/\/chemgramx.com\/pl\/wp-json\/wp\/v2\/media?parent=7996"}],"wp:term":[{"taxonomy":"product_brand","embeddable":true,"href":"https:\/\/chemgramx.com\/pl\/wp-json\/wp\/v2\/product_brand?post=7996"},{"taxonomy":"product_cat","embeddable":true,"href":"https:\/\/chemgramx.com\/pl\/wp-json\/wp\/v2\/product_cat?post=7996"},{"taxonomy":"product_tag","embeddable":true,"href":"https:\/\/chemgramx.com\/pl\/wp-json\/wp\/v2\/product_tag?post=7996"}],"curies":[{"name":"wp","href":"https:\/\/api.w.org\/{rel}","templated":true}]}}