{"id":8009,"date":"2025-11-21T16:45:29","date_gmt":"2025-11-21T16:45:29","guid":{"rendered":"https:\/\/chemgramx.com\/?post_type=product&#038;p=8009"},"modified":"2025-12-09T10:41:33","modified_gmt":"2025-12-09T10:41:33","slug":"kup-metylenodioksypyrowaleron-mdpv-online","status":"publish","type":"product","link":"https:\/\/chemgramx.com\/pl\/product\/mdpv-methylenedioxypyrovaleron-online-kaufen\/","title":{"rendered":"Kup MDPV \u2013 wysoka czysto\u015b\u0107 do cel\u00f3w badawczych"},"content":{"rendered":"<p>W przypadku wymagaj\u0105cych projekt\u00f3w badawczych decyduj\u0105ce znaczenie ma jako\u015b\u0107 substancji. Dlatego z dum\u0105 przedstawiamy Pa\u0144stwu <b>Kup MDPV Na sprzeda\u017c<\/b> . Jest to substancja spe\u0142niaj\u0105ca najwy\u017csze standardy czysto\u015bci, opracowana specjalnie do zastosowa\u0144 naukowych. Dzi\u0119ki naszej rygorystycznej kontroli jako\u015bci gwarantujemy zawsze produkty najwy\u017cszej klasy.<\/p>\n<p>Rozumiemy konieczno\u015b\u0107 zachowania precyzji na ka\u017cdym etapie bada\u0144. Dlatego zapewniamy, \u017ce nasz metylenodioksypirwaleron charakteryzuje si\u0119 wyj\u0105tkow\u0105 <b>Wysoka czysto\u015b\u0107 Na sprzeda\u017c<\/b> . Dzi\u0119ki temu mo\u017cesz uzyska\u0107 wiarygodne i powtarzalne wyniki w swoich badaniach. Odkryj zalety, jakie oferuje produkt tej jako\u015bci.<\/p>\n<h2>Odkryj jako\u015b\u0107 MDPV (metylenodioksypirwaleron)<\/h2>\n<p>Metylenodioksypirwaleron, znany jako MDPV, jest wa\u017cnym zwi\u0105zkiem chemicznym w badaniach naukowych. W zwi\u0105zku z tym jest cz\u0119sto stosowany w r\u00f3\u017cnych dyscyplinach naukowych do badania okre\u015blonych mechanizm\u00f3w. Nasza oferta obejmuje <b>Wysokiej jako\u015bci MDPV<\/b>, kt\u00f3re spe\u0142nia wymagania najnowocze\u015bniejszych laboratori\u00f3w. Przywi\u0105zujemy ogromn\u0105 wag\u0119 do czysto\u015bci naszych produkt\u00f3w.<\/p>\n<p>Nasze MDPV jest doskona\u0142ym wyborem zw\u0142aszcza dla laboratori\u00f3w, kt\u00f3re wymagaj\u0105 dok\u0142adnych analiz. Zapewnia ono bowiem niezb\u0119dn\u0105 sp\u00f3jno\u015b\u0107, kt\u00f3ra jest nieodzowna do walidacji danych eksperymentalnych. Dzi\u0119ki temu mo\u017cesz mie\u0107 pewno\u015b\u0107, \u017ce nasze MDPV przekroczy Twoje oczekiwania. Kolejn\u0105 cech\u0105 naszych produkt\u00f3w jest integralno\u015b\u0107 strukturalna.<\/p>\n<h3>Dlaczego warto wybra\u0107 MDPV firmy Chemgramx?<\/h3>\n<p>Decyzja o wyborze Chemgramx oznacza wyb\u00f3r niezawodno\u015bci i doskona\u0142o\u015bci. Oferujemy nie tylko <b>Najlepszy MDPV dost\u0119pny na rynku<\/b>, ale tak\u017ce przejrzyst\u0105 obs\u0142ug\u0119. Nasze produkty s\u0105 specjalnie zaprojektowane do bada\u0144 i spe\u0142niaj\u0105 najsurowsze kryteria dotycz\u0105ce <b>Jako\u015b\u0107 bada\u0144 Na sprzeda\u017c<\/b>.<\/p>\n<p>Ponadto gwarantujemy sta\u0142\u0105 wysok\u0105 jako\u015b\u0107, kt\u00f3ra jest niezb\u0119dna w przypadku bada\u0144 o charakterze krytycznym. Ka\u017cda partia jest dok\u0142adnie testowana w celu potwierdzenia czysto\u015bci i to\u017csamo\u015bci. Z tego powodu wielu naukowc\u00f3w polega na naszej wiedzy specjalistycznej i naszych produktach. Nasze zaanga\u017cowanie w zapewnienie jako\u015bci nie ma sobie r\u00f3wnych.<\/p>\n<ul>\n<li><b>Sprawdzona czysto\u015b\u0107:<\/b> Ka\u017cda substancja przechodzi rygorystyczn\u0105 kontrol\u0119 jako\u015bci.<\/li>\n<li><b>Specjalna formu\u0142a:<\/b> Idealny do wymagaj\u0105cych \u015brodowisk laboratoryjnych i precyzyjnych eksperyment\u00f3w.<\/li>\n<li><b>Wiarygodne wyniki:<\/b> Wsparcie w uzyskiwaniu sp\u00f3jnych i powtarzalnych danych.<\/li>\n<li><b>Jako\u015b\u0107 laboratoryjna Na sprzeda\u017c:<\/b> Nasz MDPV spe\u0142nia najwy\u017csze standardy bran\u017cowe.<\/li>\n<\/ul>\n<h3>Znaczenie czysto\u015bci w badaniach naukowych<\/h3>\n<p>Czysto\u015b\u0107 chemikali\u00f3w badawczych ma fundamentalne znaczenie. Bior\u0105c pod uwag\u0119, \u017ce zanieczyszczenia mog\u0105 zafa\u0142szowa\u0107 wyniki, wyb\u00f3r czystego produktu ma kluczowe znaczenie. Nasz <b>Wysoka czysto\u015b\u0107 Na sprzeda\u017c<\/b>-Standard gwarantuje, \u017ce wyniki bada\u0144 nie zostan\u0105 zaburzone przez niepo\u017c\u0105dane substancje. Jest to fundament naszej filozofii.<\/p>\n<p>Ponadto wysoka czysto\u015b\u0107 umo\u017cliwia precyzyjne dozowanie i dok\u0142adn\u0105 charakterystyk\u0119. Dzi\u0119ki temu naukowcy mog\u0105 izolowa\u0107 i bada\u0107 wp\u0142yw czystej substancji. Inwestycja w chemikalia o wysokiej czysto\u015bci to zatem inwestycja w rzetelno\u015b\u0107 bada\u0144 naukowych. Zaufaj produktom, kt\u00f3re spe\u0142niaj\u0105 najwy\u017csze standardy.<\/p>\n<h2>Zam\u00f3w MDPV online: przewodnik dla badaczy<\/h2>\n<p>Proces sk\u0142adania zam\u00f3wie\u0144 jest maksymalnie uproszczony i bezpieczny. Dzi\u0119ki temu mo\u017cesz <b>Zam\u00f3w MDPV online<\/b> za pomoc\u0105 kilku klikni\u0119\u0107. Nasz przyjazny dla u\u017cytkownika system z \u0142atwo\u015bci\u0105 przeprowadzi Ci\u0119 przez ca\u0142y proces zakupu. Przywi\u0105zujemy du\u017c\u0105 wag\u0119 do dyskrecji i sprawno\u015bci ka\u017cdej transakcji.<\/p>\n<p>Ponadto oferujemy wyczerpuj\u0105ce informacje na temat ka\u017cdego produktu, aby u\u0142atwi\u0107 Pa\u0144stwu podj\u0119cie decyzji o zakupie. R\u00f3wnie\u017c <b>Bezpieczny zakup<\/b> Zapewniamy dost\u0119pno\u015b\u0107 poszukiwanych przez Pa\u0144stwa chemikali\u00f3w badawczych. Zapraszamy do odwiedzenia naszej strony produktowej, aby <a href=\"https:\/\/chemgramx.com\/product\/mdpv-methylenedioxypyrovaleron-online-kaufen\/\">MDPV (metylenodioksypirovaleron) \u2013 bezpieczne zamawianie online<\/a> i przekona\u0107 si\u0119 o naszej jako\u015bci.<\/p>\n<h3>Obszary zastosowa\u0144 i potencja\u0142 badawczy<\/h3>\n<p>MDPV jest substancj\u0105 o szerokim potencjale badawczym. Jest ona cz\u0119sto badana w neurofarmakologii w celu zrozumienia interakcji z neuroprzeka\u017anikami. Ponadto s\u0142u\u017cy jako standard referencyjny w chemii analitycznej, zw\u0142aszcza w opracowywaniu nowych metod wykrywania. Dlatego popyt na niezawodny MDPV jest stale wysoki.<\/p>\n<p>Ponadto naukowcy mog\u0105 wykorzystywa\u0107 MDPV w badaniach nad fizjologi\u0105 metabolizmu w celu rozszyfrowania szlak\u00f3w enzymatycznych. Substancja ta odgrywa r\u00f3wnie\u017c rol\u0119 w badaniach toksykologicznych. Kr\u00f3tko m\u00f3wi\u0105c, mo\u017cliwo\u015bci jej zastosowania s\u0105 szerokie i zawsze wymagaj\u0105 produktu najwy\u017cszej jako\u015bci. Wspieramy Pa\u0144stwa badania naszymi produktami premium.<\/p>\n<h2>Autentyczny MDPV zapewniaj\u0105cy precyzyjne wyniki<\/h2>\n<p>Autentyczno\u015b\u0107 chemikali\u00f3w badawczych jest r\u00f3wnie wa\u017cna jak ich czysto\u015b\u0107. Nasze zaanga\u017cowanie w <b>Autentyczny MDPV<\/b> oznacza, \u017ce otrzymujesz dok\u0142adnie to, czego oczekujesz. Ka\u017cdy produkt jest poddawany rygorystycznym testom w celu potwierdzenia jego autentyczno\u015bci i struktury chemicznej. Dzi\u0119ki temu mo\u017cesz mie\u0107 pewno\u015b\u0107 co do integralno\u015bci swoich eksperyment\u00f3w.<\/p>\n<p>Nawiasem m\u00f3wi\u0105c, identyfikowalno\u015b\u0107 ka\u017cdej partii stanowi integraln\u0105 cz\u0119\u015b\u0107 naszego systemu zarz\u0105dzania jako\u015bci\u0105. Dzi\u0119ki temu mamy pewno\u015b\u0107, \u017ce zawsze otrzymuj\u0105 Pa\u0144stwo produkt o jasno okre\u015blonym pochodzeniu i sk\u0142adzie. Kolejnym przyk\u0142adem naszego zaanga\u017cowania jest oferta innych chemikali\u00f3w badawczych, podobnie jak w przypadku <a href=\"https:\/\/chemgramx.com\/product\/bb-22-online-bestellung\/\">Zam\u00f3w BB-22 online<\/a> mo\u017cna zobaczy\u0107. Oferujemy tylko to, co najlepsze.<\/p>\n<h3>Nasza obietnica jako\u015bci<\/h3>\n<p>W Chemgramx jako\u015b\u0107 nie jest pust\u0105 obietnic\u0105, ale podstaw\u0105 naszego dzia\u0142ania. Stosujemy kompleksowe podej\u015bcie, kt\u00f3re obejmuje zar\u00f3wno pozyskiwanie surowc\u00f3w, jak i staranny proces przetwarzania. Dzi\u0119ki temu mo\u017cemy zagwarantowa\u0107 wyj\u0105tkow\u0105 czysto\u015b\u0107 i sp\u00f3jno\u015b\u0107 naszych produkt\u00f3w. To nasz wk\u0142ad w sukces Twoich bada\u0144.<\/p>\n<p>Ponadto stale inwestujemy w nowoczesny sprz\u0119t laboratoryjny i ci\u0105g\u0142e szkolenia naszych pracownik\u00f3w. Dzi\u0119ki temu mamy pewno\u015b\u0107, \u017ce nasze procedury testowe s\u0105 zawsze zgodne z najnowszym stanem techniki. Nasi klienci mog\u0105 mie\u0107 pewno\u015b\u0107, \u017ce otrzymaj\u0105 produkt wyprodukowany z najwy\u017csz\u0105 staranno\u015bci\u0105 i fachow\u0105 wiedz\u0105.<\/p>\n<h2>Twoje korzy\u015bci w Chemgramx: Kup teraz online<\/h2>\n<p>Decyzja o zakupie chemikali\u00f3w badawczych w Chemgramx przynosi wiele korzy\u015bci. Po pierwsze, zyskujesz dzi\u0119ki naszej bezkompromisowej jako\u015bci, kt\u00f3ra podnosi warto\u015b\u0107 ka\u017cdego badania. Po drugie, oferujemy przejrzyst\u0105 i bezpieczn\u0105 obs\u0142ug\u0119, kt\u00f3ra zapewnia spok\u00f3j ducha. Po trzecie, nasz dzia\u0142 obs\u0142ugi klienta jest zawsze gotowy odpowiedzie\u0107 na Twoje pytania. Chcemy, aby Twoje do\u015bwiadczenia by\u0142y pozytywne.<\/p>\n<p>W ten spos\u00f3b nic nie stoi na przeszkodzie, aby <b>Kup teraz online<\/b> . Zapraszamy Pa\u0144stwa do przekonania si\u0119 o doskona\u0142ej jako\u015bci naszego metylenodioksypirwaleronu. Zapraszamy do zapoznania si\u0119 z nasz\u0105 pe\u0142n\u0105 ofert\u0105 i <a href=\"https:\/\/chemgramx.com\/product\/mdpv-methylenedioxypyrovaleron-online-kaufen\/\">Poznaj ca\u0142\u0105 nasz\u0105 ofert\u0119 MDPV<\/a>, aby przenie\u015b\u0107 swoje badania na wy\u017cszy poziom. Warto dokona\u0107 zakupu w Chemgramx.<\/p>","protected":false},"excerpt":{"rendered":"<p>Odkryj <b>wysokiej jako\u015bci MDPV (metylenodioksypirwaleron)<\/b> dla Pa\u0144stwa projekt\u00f3w naukowych. Nasze <b>Jako\u015b\u0107 bada\u0144 naukowych na sprzeda\u017c<\/b> Produkt idealnie nadaje si\u0119 do precyzyjnych bada\u0144 i zastosowa\u0144 analitycznych. Kup teraz <b>autentyczny MDPV<\/b> i zapewnij sobie wiarygodne wyniki. Teraz <b>Kup MDPV<\/b> w Chemgramx za doskona\u0142e standardy.<\/p>","protected":false},"featured_media":8063,"comment_status":"open","ping_status":"closed","template":"","meta":{"_joinchat":[]},"product_brand":[],"product_cat":[48],"product_tag":[249,292,323,251,321,320,312,309,307,310,313,308,318,311,315,314,316,319,317,322,325,326,250,248,324],"class_list":{"0":"post-8009","1":"product","2":"type-product","3":"status-publish","4":"has-post-thumbnail","6":"product_cat-stimulants","7":"product_tag-amphetamin-derivate","8":"product_tag-cathinone","9":"product_tag-chemische-formel-mdpv","10":"product_tag-gesundheitliche-risiken","11":"product_tag-mdpv","12":"product_tag-mdpv-analyse","13":"product_tag-mdpv-anwendung","14":"product_tag-mdpv-forschung","15":"product_tag-mdpv-kaufen","16":"product_tag-mdpv-labor","17":"product_tag-mdpv-lagerung","18":"product_tag-mdpv-lieferant","19":"product_tag-mdpv-markt","20":"product_tag-mdpv-preis","21":"product_tag-mdpv-risiken","22":"product_tag-mdpv-sicherheit","23":"product_tag-mdpv-verfugbarkeit","24":"product_tag-mdpv-vertrieb","25":"product_tag-mdpv-vorschriften","26":"product_tag-methylenedioxypyrovalerone","27":"product_tag-rechtlicher-status-mdpv","28":"product_tag-risiken-mdpv","29":"product_tag-suchtgefahr","30":"product_tag-synthetische-stimulanzien","31":"product_tag-wirkungen-von-mdpv","33":"first","34":"instock","35":"shipping-taxable","36":"purchasable","37":"product-type-variable"},"yoast_head":"<!-- This site is optimized with the Yoast SEO plugin v27.5 - https:\/\/yoast.com\/product\/yoast-seo-wordpress\/ -->\n<title>MDPV kaufen - Hochreine Forschungsqualit\u00e4t<\/title>\n<meta name=\"description\" content=\"Erwerben Sie hochwertiges MDPV (Methylenedioxypyrovaleron) online bei Chemgramx. Wir garantieren Forschungsqualit\u00e4t zum Verkauf f\u00fcr pr\u00e4zise Studien. Jetzt sicher bestellen.\" \/>\n<meta name=\"robots\" content=\"index, follow, max-snippet:-1, max-image-preview:large, max-video-preview:-1\" \/>\n<link rel=\"canonical\" href=\"https:\/\/chemgramx.com\/pl\/produkt-1\/kup-metylenodioksypyrowaleron-mdpv-online\/\" \/>\n<meta property=\"og:locale\" content=\"pl_PL\" \/>\n<meta property=\"og:type\" content=\"article\" \/>\n<meta property=\"og:title\" content=\"MDPV kaufen - Hochreine Forschungsqualit\u00e4t\" \/>\n<meta property=\"og:description\" content=\"Erwerben Sie hochwertiges MDPV (Methylenedioxypyrovaleron) online bei Chemgramx. Wir garantieren Forschungsqualit\u00e4t zum Verkauf f\u00fcr pr\u00e4zise Studien. Jetzt sicher bestellen.\" \/>\n<meta property=\"og:url\" content=\"https:\/\/chemgramx.com\/pl\/produkt-1\/kup-metylenodioksypyrowaleron-mdpv-online\/\" \/>\n<meta property=\"og:site_name\" content=\"Chemgramx\" \/>\n<meta property=\"article:modified_time\" content=\"2025-12-09T10:41:33+00:00\" \/>\n<meta property=\"og:image\" content=\"https:\/\/chemgramx.com\/wp-content\/uploads\/2025\/11\/MDPV-kaufen-1.jpg\" \/>\n\t<meta property=\"og:image:width\" content=\"474\" \/>\n\t<meta property=\"og:image:height\" content=\"474\" \/>\n\t<meta property=\"og:image:type\" content=\"image\/jpeg\" \/>\n<meta name=\"twitter:card\" content=\"summary_large_image\" \/>\n<meta name=\"twitter:label1\" content=\"Szacowany czas czytania\" \/>\n\t<meta name=\"twitter:data1\" content=\"3 minuty\" \/>\n<script type=\"application\/ld+json\" class=\"yoast-schema-graph\">{\"@context\":\"https:\\\/\\\/schema.org\",\"@graph\":[{\"@type\":\"WebPage\",\"@id\":\"https:\\\/\\\/chemgramx.com\\\/product\\\/mdpv-methylenedioxypyrovaleron-online-kaufen\\\/\",\"url\":\"https:\\\/\\\/chemgramx.com\\\/product\\\/mdpv-methylenedioxypyrovaleron-online-kaufen\\\/\",\"name\":\"MDPV kaufen - Hochreine Forschungsqualit\u00e4t\",\"isPartOf\":{\"@id\":\"https:\\\/\\\/chemgramx.com\\\/#website\"},\"primaryImageOfPage\":{\"@id\":\"https:\\\/\\\/chemgramx.com\\\/product\\\/mdpv-methylenedioxypyrovaleron-online-kaufen\\\/#primaryimage\"},\"image\":{\"@id\":\"https:\\\/\\\/chemgramx.com\\\/product\\\/mdpv-methylenedioxypyrovaleron-online-kaufen\\\/#primaryimage\"},\"thumbnailUrl\":\"https:\\\/\\\/chemgramx.com\\\/wp-content\\\/uploads\\\/2025\\\/11\\\/MDPV-kaufen-1.jpg\",\"datePublished\":\"2025-11-21T16:45:29+00:00\",\"dateModified\":\"2025-12-09T10:41:33+00:00\",\"description\":\"Erwerben Sie hochwertiges MDPV (Methylenedioxypyrovaleron) online bei Chemgramx. Wir garantieren Forschungsqualit\u00e4t zum Verkauf f\u00fcr pr\u00e4zise Studien. Jetzt sicher bestellen.\",\"breadcrumb\":{\"@id\":\"https:\\\/\\\/chemgramx.com\\\/product\\\/mdpv-methylenedioxypyrovaleron-online-kaufen\\\/#breadcrumb\"},\"inLanguage\":\"pl-PL\",\"potentialAction\":[{\"@type\":\"ReadAction\",\"target\":[\"https:\\\/\\\/chemgramx.com\\\/product\\\/mdpv-methylenedioxypyrovaleron-online-kaufen\\\/\"]}]},{\"@type\":\"ImageObject\",\"inLanguage\":\"pl-PL\",\"@id\":\"https:\\\/\\\/chemgramx.com\\\/product\\\/mdpv-methylenedioxypyrovaleron-online-kaufen\\\/#primaryimage\",\"url\":\"https:\\\/\\\/chemgramx.com\\\/wp-content\\\/uploads\\\/2025\\\/11\\\/MDPV-kaufen-1.jpg\",\"contentUrl\":\"https:\\\/\\\/chemgramx.com\\\/wp-content\\\/uploads\\\/2025\\\/11\\\/MDPV-kaufen-1.jpg\",\"width\":474,\"height\":474},{\"@type\":\"BreadcrumbList\",\"@id\":\"https:\\\/\\\/chemgramx.com\\\/product\\\/mdpv-methylenedioxypyrovaleron-online-kaufen\\\/#breadcrumb\",\"itemListElement\":[{\"@type\":\"ListItem\",\"position\":1,\"name\":\"Home\",\"item\":\"https:\\\/\\\/chemgramx.com\\\/\"},{\"@type\":\"ListItem\",\"position\":2,\"name\":\"Shop\",\"item\":\"https:\\\/\\\/chemgramx.com\\\/shop\\\/\"},{\"@type\":\"ListItem\",\"position\":3,\"name\":\"MDPV kaufen &#8211; Hochreine Forschungsqualit\u00e4t\"}]},{\"@type\":\"WebSite\",\"@id\":\"https:\\\/\\\/chemgramx.com\\\/#website\",\"url\":\"https:\\\/\\\/chemgramx.com\\\/\",\"name\":\"Chemgramx\",\"description\":\"\",\"publisher\":{\"@id\":\"https:\\\/\\\/chemgramx.com\\\/#organization\"},\"potentialAction\":[{\"@type\":\"SearchAction\",\"target\":{\"@type\":\"EntryPoint\",\"urlTemplate\":\"https:\\\/\\\/chemgramx.com\\\/?s={search_term_string}\"},\"query-input\":{\"@type\":\"PropertyValueSpecification\",\"valueRequired\":true,\"valueName\":\"search_term_string\"}}],\"inLanguage\":\"pl-PL\"},{\"@type\":\"Organization\",\"@id\":\"https:\\\/\\\/chemgramx.com\\\/#organization\",\"name\":\"Chemgramx\",\"url\":\"https:\\\/\\\/chemgramx.com\\\/\",\"logo\":{\"@type\":\"ImageObject\",\"inLanguage\":\"pl-PL\",\"@id\":\"https:\\\/\\\/chemgramx.com\\\/#\\\/schema\\\/logo\\\/image\\\/\",\"url\":\"https:\\\/\\\/chemgramx.com\\\/wp-content\\\/uploads\\\/2024\\\/10\\\/final-logo.png\",\"contentUrl\":\"https:\\\/\\\/chemgramx.com\\\/wp-content\\\/uploads\\\/2024\\\/10\\\/final-logo.png\",\"width\":250,\"height\":48,\"caption\":\"Chemgramx\"},\"image\":{\"@id\":\"https:\\\/\\\/chemgramx.com\\\/#\\\/schema\\\/logo\\\/image\\\/\"}}]}<\/script>\n<!-- \/ Yoast SEO plugin. -->","yoast_head_json":{"title":"Kup MDPV \u2013 wysoka czysto\u015b\u0107, jako\u015b\u0107 badawcza","description":"Kup wysokiej jako\u015bci MDPV (metylenodioksypirwaleron) online w Chemgramx. Gwarantujemy jako\u015b\u0107 badawcz\u0105 do sprzeda\u017cy w celu przeprowadzenia precyzyjnych bada\u0144. Zam\u00f3w teraz bezpiecznie.","robots":{"index":"index","follow":"follow","max-snippet":"max-snippet:-1","max-image-preview":"max-image-preview:large","max-video-preview":"max-video-preview:-1"},"canonical":"https:\/\/chemgramx.com\/pl\/produkt-1\/kup-metylenodioksypyrowaleron-mdpv-online\/","og_locale":"pl_PL","og_type":"article","og_title":"MDPV kaufen - Hochreine Forschungsqualit\u00e4t","og_description":"Erwerben Sie hochwertiges MDPV (Methylenedioxypyrovaleron) online bei Chemgramx. Wir garantieren Forschungsqualit\u00e4t zum Verkauf f\u00fcr pr\u00e4zise Studien. Jetzt sicher bestellen.","og_url":"https:\/\/chemgramx.com\/pl\/produkt-1\/kup-metylenodioksypyrowaleron-mdpv-online\/","og_site_name":"Chemgramx","article_modified_time":"2025-12-09T10:41:33+00:00","og_image":[{"width":474,"height":474,"url":"https:\/\/chemgramx.com\/wp-content\/uploads\/2025\/11\/MDPV-kaufen-1.jpg","type":"image\/jpeg"}],"twitter_card":"summary_large_image","twitter_misc":{"Szacowany czas czytania":"3 minuty"},"schema":{"@context":"https:\/\/schema.org","@graph":[{"@type":"WebPage","@id":"https:\/\/chemgramx.com\/product\/mdpv-methylenedioxypyrovaleron-online-kaufen\/","url":"https:\/\/chemgramx.com\/product\/mdpv-methylenedioxypyrovaleron-online-kaufen\/","name":"Kup MDPV \u2013 wysoka czysto\u015b\u0107, jako\u015b\u0107 badawcza","isPartOf":{"@id":"https:\/\/chemgramx.com\/#website"},"primaryImageOfPage":{"@id":"https:\/\/chemgramx.com\/product\/mdpv-methylenedioxypyrovaleron-online-kaufen\/#primaryimage"},"image":{"@id":"https:\/\/chemgramx.com\/product\/mdpv-methylenedioxypyrovaleron-online-kaufen\/#primaryimage"},"thumbnailUrl":"https:\/\/chemgramx.com\/wp-content\/uploads\/2025\/11\/MDPV-kaufen-1.jpg","datePublished":"2025-11-21T16:45:29+00:00","dateModified":"2025-12-09T10:41:33+00:00","description":"Kup wysokiej jako\u015bci MDPV (metylenodioksypirwaleron) online w Chemgramx. Gwarantujemy jako\u015b\u0107 badawcz\u0105 do sprzeda\u017cy w celu przeprowadzenia precyzyjnych bada\u0144. Zam\u00f3w teraz bezpiecznie.","breadcrumb":{"@id":"https:\/\/chemgramx.com\/product\/mdpv-methylenedioxypyrovaleron-online-kaufen\/#breadcrumb"},"inLanguage":"pl-PL","potentialAction":[{"@type":"ReadAction","target":["https:\/\/chemgramx.com\/product\/mdpv-methylenedioxypyrovaleron-online-kaufen\/"]}]},{"@type":"ImageObject","inLanguage":"pl-PL","@id":"https:\/\/chemgramx.com\/product\/mdpv-methylenedioxypyrovaleron-online-kaufen\/#primaryimage","url":"https:\/\/chemgramx.com\/wp-content\/uploads\/2025\/11\/MDPV-kaufen-1.jpg","contentUrl":"https:\/\/chemgramx.com\/wp-content\/uploads\/2025\/11\/MDPV-kaufen-1.jpg","width":474,"height":474},{"@type":"BreadcrumbList","@id":"https:\/\/chemgramx.com\/product\/mdpv-methylenedioxypyrovaleron-online-kaufen\/#breadcrumb","itemListElement":[{"@type":"ListItem","position":1,"name":"Home","item":"https:\/\/chemgramx.com\/"},{"@type":"ListItem","position":2,"name":"Shop","item":"https:\/\/chemgramx.com\/shop\/"},{"@type":"ListItem","position":3,"name":"MDPV kaufen &#8211; Hochreine Forschungsqualit\u00e4t"}]},{"@type":"WebSite","@id":"https:\/\/chemgramx.com\/#website","url":"https:\/\/chemgramx.com\/","name":"Chemgramx","description":"","publisher":{"@id":"https:\/\/chemgramx.com\/#organization"},"potentialAction":[{"@type":"SearchAction","target":{"@type":"EntryPoint","urlTemplate":"https:\/\/chemgramx.com\/?s={search_term_string}"},"query-input":{"@type":"PropertyValueSpecification","valueRequired":true,"valueName":"search_term_string"}}],"inLanguage":"pl-PL"},{"@type":"Organization","@id":"https:\/\/chemgramx.com\/#organization","name":"Chemgramx","url":"https:\/\/chemgramx.com\/","logo":{"@type":"ImageObject","inLanguage":"pl-PL","@id":"https:\/\/chemgramx.com\/#\/schema\/logo\/image\/","url":"https:\/\/chemgramx.com\/wp-content\/uploads\/2024\/10\/final-logo.png","contentUrl":"https:\/\/chemgramx.com\/wp-content\/uploads\/2024\/10\/final-logo.png","width":250,"height":48,"caption":"Chemgramx"},"image":{"@id":"https:\/\/chemgramx.com\/#\/schema\/logo\/image\/"}}]}},"_links":{"self":[{"href":"https:\/\/chemgramx.com\/pl\/wp-json\/wp\/v2\/product\/8009","targetHints":{"allow":["GET"]}}],"collection":[{"href":"https:\/\/chemgramx.com\/pl\/wp-json\/wp\/v2\/product"}],"about":[{"href":"https:\/\/chemgramx.com\/pl\/wp-json\/wp\/v2\/types\/product"}],"replies":[{"embeddable":true,"href":"https:\/\/chemgramx.com\/pl\/wp-json\/wp\/v2\/comments?post=8009"}],"wp:featuredmedia":[{"embeddable":true,"href":"https:\/\/chemgramx.com\/pl\/wp-json\/wp\/v2\/media\/8063"}],"wp:attachment":[{"href":"https:\/\/chemgramx.com\/pl\/wp-json\/wp\/v2\/media?parent=8009"}],"wp:term":[{"taxonomy":"product_brand","embeddable":true,"href":"https:\/\/chemgramx.com\/pl\/wp-json\/wp\/v2\/product_brand?post=8009"},{"taxonomy":"product_cat","embeddable":true,"href":"https:\/\/chemgramx.com\/pl\/wp-json\/wp\/v2\/product_cat?post=8009"},{"taxonomy":"product_tag","embeddable":true,"href":"https:\/\/chemgramx.com\/pl\/wp-json\/wp\/v2\/product_tag?post=8009"}],"curies":[{"name":"wp","href":"https:\/\/api.w.org\/{rel}","templated":true}]}}