{"id":8011,"date":"2025-11-21T16:45:30","date_gmt":"2025-11-21T16:45:30","guid":{"rendered":"https:\/\/chemgramx.com\/?post_type=product&#038;p=8011"},"modified":"2025-12-09T10:40:22","modified_gmt":"2025-12-09T10:40:22","slug":"kupic-amfetamine-online","status":"publish","type":"product","link":"https:\/\/chemgramx.com\/pl\/produkt-2\/kupic-amfetamine-online\/","title":{"rendered":"Kup amfetamin\u0119 online \u2013 czysto\u015b\u0107 i jako\u015b\u0107"},"content":{"rendered":"<p>Szukaj <b>Amfetamina na sprzeda\u017c<\/b>, kt\u00f3ry spe\u0142nia najwy\u017csze standardy? W Chemgramx rozumiemy kluczowe znaczenie czysto\u015bci i jako\u015bci w zastosowaniach naukowych. W\u0142a\u015bnie dlatego oferujemy amfetamin\u0119 od <b>najwy\u017cszej czysto\u015bci na sprzeda\u017c<\/b> kt\u00f3ry zosta\u0142 opracowany specjalnie do cel\u00f3w badawczych. Naszym celem jest zapewnienie badaczom i naukowcom dost\u0119pu do najwy\u017cszej klasy substancji chemicznych, kt\u00f3re s\u0105 niezb\u0119dne do uzyskania precyzyjnych i wiarygodnych wynik\u00f3w bada\u0144.<\/p>\n<p>Ten produkt jest dost\u0119pny jako <b>Jako\u015b\u0107 bada\u0144 naukowych na sprzeda\u017c<\/b> i jest produkowany w \u015bci\u015ble okre\u015blonych warunkach, aby zapewni\u0107 sta\u0142\u0105 jako\u015b\u0107. Zapewniamy r\u00f3wnie\u017c, \u017ce ka\u017cda partia jest dok\u0142adnie sprawdzana, zanim dotrze do naszych klient\u00f3w. Kto <b>Zam\u00f3w amfetamin\u0119 online<\/b> Je\u015bli szukasz autentycznych materia\u0142\u00f3w badawczych, jeste\u015bmy godnym zaufania partnerem, kt\u00f3ry specjalizuje si\u0119 w ich dostarczaniu. Odkryj nasz\u0105 ofert\u0119 i przekonaj si\u0119 o jej wyj\u0105tkowej jako\u015bci.<\/p>\n<h2>Znaczenie amfetaminy w badaniach naukowych<\/h2>\n<p>Amfetamina jest substancj\u0105, kt\u00f3ra odgrywa wa\u017cn\u0105 rol\u0119 w wielu badaniach naukowych ze wzgl\u0119du na swoje specyficzne w\u0142a\u015bciwo\u015bci farmakologiczne. Jest cz\u0119sto wykorzystywana w neuronauce i farmakologii do badania mechanizm\u00f3w neuroprzeka\u017anictwa i reakcji behawioralnych. Dlatego te\u017c dost\u0119pno\u015b\u0107 <b>Amfetamina najwy\u017cszej jako\u015bci<\/b> o kluczowym znaczeniu dla integralno\u015bci tego badania.<\/p>\n<p>Ponadto precyzyjne i czyste pr\u00f3bki umo\u017cliwiaj\u0105 uzyskanie znacz\u0105cych i powtarzalnych wynik\u00f3w, co jest niezb\u0119dne dla post\u0119pu naukowego. Naukowcy, kt\u00f3rzy <b>autentyczna amfetamina<\/b> polega\u0107 na dostawcach, kt\u00f3rzy przeprowadzaj\u0105 \u015bcis\u0142e kontrole jako\u015bci. Jest to niezb\u0119dne, aby unikn\u0105\u0107 zanieczyszcze\u0144, kt\u00f3re mog\u0142yby zafa\u0142szowa\u0107 wyniki eksperyment\u00f3w. Chemgramx jest zatem w\u0142a\u015bciwym adresem dla Twoich potrzeb badawczych.<\/p>\n<h3>W\u0142a\u015bciwo\u015bci chemiczne i struktura<\/h3>\n<p>Amfetamina (alfa-metylofenyloetyloamina) to syntetyczny \u015brodek psychostymuluj\u0105cy z klasy fenetyloamin. Jej struktura chemiczna pozwala jej wp\u0142ywa\u0107 na niekt\u00f3re uk\u0142ady neuroprzeka\u017anik\u00f3w w m\u00f3zgu. Amfetamina wyst\u0119puje r\u00f3wnie\u017c w dw\u00f3ch enancjomerach: Dextroamfetamina i Levoamfetamina, kt\u00f3re mog\u0105 mie\u0107 r\u00f3\u017cne moce i profile dzia\u0142ania. Specyfikacja izomer\u00f3w i ich czysto\u015b\u0107 jest zatem bardzo istotna dla precyzyjnych bada\u0144.<\/p>\n<p><b>Jako\u015b\u0107 laboratoryjna na sprzeda\u017c<\/b> oznacza, \u017ce produkt spe\u0142nia szczeg\u00f3\u0142owe specyfikacje i zosta\u0142 poddany analizie w celu potwierdzenia deklarowanej czysto\u015bci. Obejmuje to sprawdzenie zanieczyszcze\u0144 i zapewnienie integralno\u015bci strukturalnej. Produkt wysokiej jako\u015bci minimalizuje b\u0142\u0119dy eksperymentalne i maksymalizuje wiarygodno\u015b\u0107 wynik\u00f3w bada\u0144. W rezultacie naukowcy mog\u0105 pracowa\u0107 bez obaw.<\/p>\n<h3>Obszary zastosowa\u0144 w nauce<\/h3>\n<p>W badaniach naukowych amfetamina jest wykorzystywana g\u0142\u00f3wnie do bada\u0144 nad wp\u0142ywem stymulant\u00f3w na o\u015brodkowy uk\u0142ad nerwowy. Na przyk\u0142ad, jest u\u017cywana jako substancja modelowa do badania uk\u0142ad\u00f3w dopaminy i noradrenaliny. Jest r\u00f3wnie\u017c wykorzystywana w testach farmakologicznych w celu opracowania potencjalnych nowych lek\u00f3w lub rozszyfrowania ich mechanizm\u00f3w dzia\u0142ania. Zapotrzebowanie na <b>Jako\u015b\u0107 bada\u0144 naukowych na sprzeda\u017c<\/b> jest niezmiennie wysoka w tym obszarze.<\/p>\n<p>Inne zastosowania obejmuj\u0105 badania psychologii behawioralnej badaj\u0105ce wp\u0142yw amfetaminy na funkcje poznawcze i uwag\u0119. Bior\u0105c pod uwag\u0119 z\u0142o\u017cony charakter tych bada\u0144, wykorzystanie <a href=\"https:\/\/chemgramx.com\/pl\/produkt-2\/kupic-amfetamine-online\/\">Amfetamina najwy\u017cszej jako\u015bci<\/a> podstawowy wym\u00f3g. Nasze produkty pomagaj\u0105 zapewni\u0107 zgodno\u015b\u0107 bada\u0144 z uznanymi mi\u0119dzynarodowymi standardami.<\/p>\n<h2>Dlaczego czysto\u015b\u0107 amfetaminy ma kluczowe znaczenie?<\/h2>\n<p>Czysto\u015b\u0107 badanej substancji chemicznej jest podstaw\u0105 wa\u017cno\u015bci eksperyment\u00f3w naukowych. Zanieczyszczenia, nawet w niewielkich ilo\u015bciach, mog\u0105 powodowa\u0107 nieprzewidywalne efekty i fa\u0142szowa\u0107 wyniki. W zwi\u0105zku z tym, zakup <b>Wysoka czysto\u015b\u0107 na sprzeda\u017c<\/b> absolutna konieczno\u015b\u0107 dla ka\u017cdego powa\u017cnego badania. Zapewniamy, \u017ce nasza amfetamina spe\u0142nia te standardy.<\/p>\n<p>Co wi\u0119cej, jako\u015b\u0107 ma bezpo\u015bredni wp\u0142yw na powtarzalno\u015b\u0107 bada\u0144, kt\u00f3ra jest kamieniem w\u0119gielnym metodologii naukowej. Je\u015bli eksperymenty nie s\u0105 powtarzalne, wyniki trac\u0105 swoj\u0105 wiarygodno\u015b\u0107 i warto\u015b\u0107. W zwi\u0105zku z tym intensywnie inwestujemy w procedury kontroli jako\u015bci, aby zapewni\u0107 klientom <b>najlepsza dost\u0119pna amfetamina<\/b> do zaoferowania.<\/p>\n<h3>Standardy jako\u015bci w Chemgramx<\/h3>\n<p>W Chemgramx przestrzegamy surowych standard\u00f3w jako\u015bci, aby zapewni\u0107 integralno\u015b\u0107 naszych produkt\u00f3w. Ka\u017cda partia amfetaminy jest testowana przy u\u017cyciu najnowocze\u015bniejszych technik analitycznych, takich jak wysokosprawna chromatografia cieczowa (HPLC) i chromatografia gazowa ze spektrometri\u0105 mas (GC-MS). Metody te potwierdzaj\u0105 czysto\u015b\u0107 i to\u017csamo\u015b\u0107 substancji. Mo\u017cesz wi\u0119c kupowa\u0107 bez obaw <a href=\"https:\/\/chemgramx.com\/pl\/produkt-2\/kupic-amfetamine-online\/\">autentyczna amfetamina<\/a> naby\u0107.<\/p>\n<p>Nasze procesy maj\u0105 na celu zapobieganie zanieczyszczeniom krzy\u017cowym i utrzymanie stabilno\u015bci produktu. Oznacza to, \u017ce z nami <b>Amfetamina najwy\u017cszej jako\u015bci<\/b> kt\u00f3ry spe\u0142nia jego specyfikacje przez d\u0142ugi czas. Rozumiemy, \u017ce w badaniach nie mo\u017cna rezygnowa\u0107 z jako\u015bci. W\u0142a\u015bnie dlatego nasza obietnica jako\u015bci jest tak kompleksowa.<\/p>\n<p>Typowe specyfikacje naszej amfetaminy klasy badawczej:<\/p>\n<ul>\n<li><b>Czysto\u015b\u0107 chemiczna:<\/b> &gt; 99% (HPLC)<\/li>\n<li><b>To\u017csamo\u015b\u0107:<\/b> Potwierdzone przez GC-MS i NMR<\/li>\n<li><b>Wilgotno\u015b\u0107:<\/b> &lt; 0,5%<\/li>\n<li><b>Wielko\u015b\u0107 cz\u0105stek:<\/b> Zoptymalizowany do zastosowa\u0144 laboratoryjnych<\/li>\n<\/ul>\n<h2>Zam\u00f3w amfetamin\u0119 online: Bezpieczny proces<\/h2>\n<p>Pozyskiwanie chemikali\u00f3w badawczych wymaga niezawodnego i dyskretnego procesu. W Chemgramx oferujemy prosty i <b>bezpieczny zakup<\/b>-Proces, kt\u00f3ry uwzgl\u0119dnia Twoje potrzeby jako badacza. Mo\u017cesz <b>Zam\u00f3w amfetamin\u0119 online<\/b> maj\u0105c pewno\u015b\u0107, \u017ce Twoje wymagania zostan\u0105 spe\u0142nione profesjonalnie i z najwy\u017csz\u0105 staranno\u015bci\u0105.<\/p>\n<p>Nasz system online jest przyjazny dla u\u017cytkownika i umo\u017cliwia przegl\u0105danie szczeg\u00f3\u0142owych informacji o produktach oraz sprawne sk\u0142adanie zam\u00f3wie\u0144. W\u0142a\u015bnie dlatego jest to takie proste, <b>Kup teraz online<\/b> i szybko otrzymywa\u0107 materia\u0142y badawcze. K\u0142adziemy nacisk na przejrzysto\u015b\u0107 i zgodno\u015b\u0107 ze wszystkimi odpowiednimi przepisami podczas obs\u0142ugi chemikali\u00f3w badawczych.<\/p>\n<p>Oto jak dzia\u0142a proces zamawiania:<\/p>\n<ol>\n<li>Wyb\u00f3r produkt\u00f3w i widok szczeg\u00f3\u0142owy.<\/li>\n<li>Dodaj \u017c\u0105dany produkt do koszyka.<\/li>\n<li>Bezpieczny proces p\u0142atno\u015bci z r\u00f3\u017cnymi opcjami p\u0142atno\u015bci.<\/li>\n<li>Profesjonalne przetwarzanie i dostarczanie zam\u00f3wie\u0144.<\/li>\n<\/ol>\n<h3>Zaufany partner w zakresie chemikali\u00f3w laboratoryjnych<\/h3>\n<p>Firma Chemgramx sta\u0142a si\u0119 zaufanym dostawc\u0105 chemikali\u00f3w badawczych dzi\u0119ki konsekwentnemu utrzymywaniu wysokich standard\u00f3w jako\u015bci produkt\u00f3w i obs\u0142ugi klienta. Wiemy, jak wa\u017cna dla projekt\u00f3w jest niezawodno\u015b\u0107. <a href=\"https:\/\/chemgramx.com\/pl\/produkt-2\/kupic-amfetamine-online\/\">Kup amfetamin\u0119 online<\/a> Wsp\u00f3\u0142praca z nami oznacza korzystanie ze sprawdzonych zasob\u00f3w wspieraj\u0105cych badania. Nasze d\u0105\u017cenie do doskona\u0142o\u015bci znajduje odzwierciedlenie w ka\u017cdym aspekcie naszej dzia\u0142alno\u015bci.<\/p>\n<p>Zapewniamy r\u00f3wnie\u017c, \u017ce ka\u017cde zam\u00f3wienie jest starannie przetwarzane. Gwarantuje to, \u017ce otrzymasz dok\u0142adnie to, co zam\u00f3wi\u0142e\u015b, w jako\u015bci, kt\u00f3rej oczekujesz. Nasz zesp\u00f3\u0142 ekspert\u00f3w jest pod r\u0119k\u0105, aby odpowiedzie\u0107 na Twoje pytania i zapewni\u0107 p\u0142ynny proces od wyboru do dostawy. W rezultacie ka\u017cdy krok jest zoptymalizowany dla Twojej wygody.<\/p>\n<h2>Chemgramx: Tw\u00f3j dostawca chemikali\u00f3w badawczych<\/h2>\n<p>Poza tym <b>Amfetamina na sprzeda\u017c<\/b> Chemgramx oferuje szerok\u0105 gam\u0119 innych wysokiej jako\u015bci chemikali\u00f3w badawczych dla r\u00f3\u017cnych dyscyplin naukowych. Nasze portfolio jest stale poszerzane, aby sprosta\u0107 najnowszym wymaganiom i rozwojowi bada\u0144. Przyk\u0142adem tego jest nasza oferta <a href=\"https:\/\/chemgramx.com\/pl\/produkt-2\/kupic-ab-fubinaca-online\/\">Kup online AB-Fubinaca<\/a>, kt\u00f3ry jest r\u00f3wnie\u017c zarz\u0105dzany zgodnie z najsurowszymi kryteriami jako\u015bci. Jeste\u015bmy dumni, \u017ce mo\u017cemy zapewni\u0107 kompleksow\u0105 gam\u0119 produkt\u00f3w dla spo\u0142eczno\u015bci naukowej.<\/p>\n<p>Nasze produkty s\u0105 przeznaczone wy\u0142\u0105cznie do u\u017cytku badawczego i laboratoryjnego i nie s\u0105 przeznaczone do spo\u017cycia przez ludzi ani do zastosowa\u0144 terapeutycznych. To wyra\u017ane rozr\u00f3\u017cnienie podkre\u015bla nasze zaanga\u017cowanie w odpowiedzialn\u0105 nauk\u0119. Kupuj\u0105c od Chemgramx, kupujesz nie tylko chemikalia, ale tak\u017ce bezpiecze\u0144stwo i pewno\u015b\u0107 co do ich jako\u015bci i pochodzenia. Staramy si\u0119 przekracza\u0107 Twoje oczekiwania.<\/p>\n<h3>Kompleksowe wsparcie i wiedza specjalistyczna<\/h3>\n<p>Nasz zesp\u00f3\u0142 obs\u0142ugi klienta sk\u0142ada si\u0119 z do\u015bwiadczonych specjalist\u00f3w, kt\u00f3rzy ch\u0119tnie odpowiedz\u0105 na wszelkie pytania dotycz\u0105ce naszych produkt\u00f3w i ich zastosowania. Zapewniamy r\u00f3wnie\u017c szczeg\u00f3\u0142owe informacje o produkcie i karty charakterystyki, aby zapewni\u0107 odpowiedzialn\u0105 i bezpieczn\u0105 obs\u0142ug\u0119. Jest to kolejny dow\u00f3d naszego zaanga\u017cowania w zapewnienie najlepszego mo\u017cliwego wsparcia. Chcemy mie\u0107 pewno\u015b\u0107, \u017ce wszystkie potrzebne informacje s\u0105 na wyci\u0105gni\u0119cie r\u0119ki.<\/p>\n<p>Ostatecznie naszym celem jest zapewnienie badaczom najlepszych mo\u017cliwych narz\u0119dzi do ich odkry\u0107. The <b>bezpieczny zakup<\/b> amfetaminy lub innych chemikali\u00f3w badawczych w Chemgramx jest obietnic\u0105 jako\u015bci i niezawodno\u015bci. Z niecierpliwo\u015bci\u0105 czekamy na wsp\u00f3\u0142prac\u0119 z Tob\u0105 w Twojej pracy naukowej. W razie potrzeby prosimy o kontakt.<\/p>","protected":false},"excerpt":{"rendered":"<p>Szukaj <b>Kup amfetamin\u0119<\/b> dla swoich bada\u0144? W Chemgramx znajdziesz <b>Amfetamina najwy\u017cszej jako\u015bci<\/b> o czysto\u015bci ponad 99%. Nasz produkt jest idealny do cel\u00f3w laboratoryjnych i badawczych oraz pomaga osi\u0105gn\u0105\u0107 precyzyjne wyniki. Teraz <a href=\"https:\/\/chemgramx.com\/pl\/produkt-2\/kupic-amfetamine-online\/\">Kup w Chemgramx<\/a> i pierwszej klasy <b>Jako\u015b\u0107 bada\u0144 naukowych na sprzeda\u017c<\/b> korzy\u015bci.<\/p>","protected":false},"featured_media":8065,"comment_status":"open","ping_status":"closed","template":"","meta":{"_joinchat":[]},"product_brand":[],"product_cat":[48],"product_tag":[2840,2833,2837,2836,2834,2838,2841,2835,2839,2842],"class_list":{"0":"post-8011","1":"product","2":"type-product","3":"status-publish","4":"has-post-thumbnail","6":"product_cat-stimulants","7":"product_tag-amphetamin-chemikalien","8":"product_tag-amphetamin-kaufen","9":"product_tag-amphetamin-kaufen-deutschland","10":"product_tag-amphetamin-kristalle","11":"product_tag-amphetamin-online","12":"product_tag-amphetamin-preis","13":"product_tag-amphetamin-prodej","14":"product_tag-amphetamin-pulver","15":"product_tag-amphetamin-wirkung","16":"product_tag-amphetamin-zum-verkauf","18":"first","19":"instock","20":"shipping-taxable","21":"purchasable","22":"product-type-variable"},"yoast_head":"<!-- This site is optimized with the Yoast SEO plugin v26.3 - https:\/\/yoast.com\/wordpress\/plugins\/seo\/ -->\n<title>Amphetamin online kaufen - Reinheit &amp; Qualit\u00e4t<\/title>\n<meta name=\"description\" content=\"M\u00f6chten Sie Amphetamin kaufen? Entdecken Sie unser Amphetamin von h\u00f6chster Reinheit und Forschungsqualit\u00e4t. Jetzt Amphetamin online bestellen f\u00fcr Ihre Studien. Sicherer Kauf garantiert.\" \/>\n<meta name=\"robots\" content=\"noindex, follow, max-snippet:-1, max-image-preview:large, max-video-preview:-1\" \/>\n<meta property=\"og:locale\" content=\"pl_PL\" \/>\n<meta property=\"og:type\" content=\"article\" \/>\n<meta property=\"og:title\" content=\"Amphetamin online kaufen - Reinheit &amp; Qualit\u00e4t\" \/>\n<meta property=\"og:description\" content=\"M\u00f6chten Sie Amphetamin kaufen? Entdecken Sie unser Amphetamin von h\u00f6chster Reinheit und Forschungsqualit\u00e4t. Jetzt Amphetamin online bestellen f\u00fcr Ihre Studien. Sicherer Kauf garantiert.\" \/>\n<meta property=\"og:url\" content=\"https:\/\/chemgramx.com\/pl\/produkt-2\/kupic-amfetamine-online\/\" \/>\n<meta property=\"og:site_name\" content=\"Chemgramx\" \/>\n<meta property=\"article:modified_time\" content=\"2025-12-09T10:40:22+00:00\" \/>\n<meta property=\"og:image\" content=\"https:\/\/chemgramx.com\/wp-content\/uploads\/2025\/11\/amphetamines1.jpg\" \/>\n\t<meta property=\"og:image:width\" content=\"1200\" \/>\n\t<meta property=\"og:image:height\" content=\"1200\" \/>\n\t<meta property=\"og:image:type\" content=\"image\/jpeg\" \/>\n<meta name=\"twitter:card\" content=\"summary_large_image\" \/>\n<meta name=\"twitter:label1\" content=\"Szacowany czas czytania\" \/>\n\t<meta name=\"twitter:data1\" content=\"2 minuty\" \/>\n<script type=\"application\/ld+json\" class=\"yoast-schema-graph\">{\"@context\":\"https:\/\/schema.org\",\"@graph\":[{\"@type\":\"WebPage\",\"@id\":\"https:\/\/chemgramx.com\/product\/amphetamin-online-kaufen\/\",\"url\":\"https:\/\/chemgramx.com\/product\/amphetamin-online-kaufen\/\",\"name\":\"Amphetamin online kaufen - Reinheit & Qualit\u00e4t\",\"isPartOf\":{\"@id\":\"https:\/\/chemgramx.com\/#website\"},\"primaryImageOfPage\":{\"@id\":\"https:\/\/chemgramx.com\/product\/amphetamin-online-kaufen\/#primaryimage\"},\"image\":{\"@id\":\"https:\/\/chemgramx.com\/product\/amphetamin-online-kaufen\/#primaryimage\"},\"thumbnailUrl\":\"https:\/\/chemgramx.com\/wp-content\/uploads\/2025\/11\/amphetamines1.jpg\",\"datePublished\":\"2025-11-21T16:45:30+00:00\",\"dateModified\":\"2025-12-09T10:40:22+00:00\",\"description\":\"M\u00f6chten Sie Amphetamin kaufen? Entdecken Sie unser Amphetamin von h\u00f6chster Reinheit und Forschungsqualit\u00e4t. Jetzt Amphetamin online bestellen f\u00fcr Ihre Studien. Sicherer Kauf garantiert.\",\"breadcrumb\":{\"@id\":\"https:\/\/chemgramx.com\/product\/amphetamin-online-kaufen\/#breadcrumb\"},\"inLanguage\":\"pl-PL\",\"potentialAction\":[{\"@type\":\"ReadAction\",\"target\":[\"https:\/\/chemgramx.com\/product\/amphetamin-online-kaufen\/\"]}]},{\"@type\":\"ImageObject\",\"inLanguage\":\"pl-PL\",\"@id\":\"https:\/\/chemgramx.com\/product\/amphetamin-online-kaufen\/#primaryimage\",\"url\":\"https:\/\/chemgramx.com\/wp-content\/uploads\/2025\/11\/amphetamines1.jpg\",\"contentUrl\":\"https:\/\/chemgramx.com\/wp-content\/uploads\/2025\/11\/amphetamines1.jpg\",\"width\":1200,\"height\":1200},{\"@type\":\"BreadcrumbList\",\"@id\":\"https:\/\/chemgramx.com\/product\/amphetamin-online-kaufen\/#breadcrumb\",\"itemListElement\":[{\"@type\":\"ListItem\",\"position\":1,\"name\":\"Home\",\"item\":\"https:\/\/chemgramx.com\/\"},{\"@type\":\"ListItem\",\"position\":2,\"name\":\"Shop\",\"item\":\"https:\/\/chemgramx.com\/shop\/\"},{\"@type\":\"ListItem\",\"position\":3,\"name\":\"Amphetamin online kaufen &#8211; Reinheit &amp; Qualit\u00e4t\"}]},{\"@type\":\"WebSite\",\"@id\":\"https:\/\/chemgramx.com\/#website\",\"url\":\"https:\/\/chemgramx.com\/\",\"name\":\"Chemgramx\",\"description\":\"\",\"publisher\":{\"@id\":\"https:\/\/chemgramx.com\/#organization\"},\"potentialAction\":[{\"@type\":\"SearchAction\",\"target\":{\"@type\":\"EntryPoint\",\"urlTemplate\":\"https:\/\/chemgramx.com\/?s={search_term_string}\"},\"query-input\":{\"@type\":\"PropertyValueSpecification\",\"valueRequired\":true,\"valueName\":\"search_term_string\"}}],\"inLanguage\":\"pl-PL\"},{\"@type\":\"Organization\",\"@id\":\"https:\/\/chemgramx.com\/#organization\",\"name\":\"Chemgramx\",\"url\":\"https:\/\/chemgramx.com\/\",\"logo\":{\"@type\":\"ImageObject\",\"inLanguage\":\"pl-PL\",\"@id\":\"https:\/\/chemgramx.com\/#\/schema\/logo\/image\/\",\"url\":\"https:\/\/chemgramx.com\/wp-content\/uploads\/2024\/10\/final-logo.png\",\"contentUrl\":\"https:\/\/chemgramx.com\/wp-content\/uploads\/2024\/10\/final-logo.png\",\"width\":250,\"height\":48,\"caption\":\"Chemgramx\"},\"image\":{\"@id\":\"https:\/\/chemgramx.com\/#\/schema\/logo\/image\/\"}}]}<\/script>\n<!-- \/ Yoast SEO plugin. -->","yoast_head_json":{"title":"Kup amfetamin\u0119 online \u2013 czysto\u015b\u0107 i jako\u015b\u0107","description":"Chcesz kupi\u0107 amfetamin\u0119? Odkryj nasz\u0105 amfetamin\u0119 o najwy\u017cszej czysto\u015bci i jako\u015bci badawczej. Zam\u00f3w amfetamin\u0119 online ju\u017c teraz do swoich bada\u0144. Bezpieczny zakup gwarantowany.","robots":{"index":"noindex","follow":"follow","max-snippet":"max-snippet:-1","max-image-preview":"max-image-preview:large","max-video-preview":"max-video-preview:-1"},"og_locale":"pl_PL","og_type":"article","og_title":"Amphetamin online kaufen - Reinheit & Qualit\u00e4t","og_description":"M\u00f6chten Sie Amphetamin kaufen? Entdecken Sie unser Amphetamin von h\u00f6chster Reinheit und Forschungsqualit\u00e4t. Jetzt Amphetamin online bestellen f\u00fcr Ihre Studien. Sicherer Kauf garantiert.","og_url":"https:\/\/chemgramx.com\/pl\/produkt-2\/kupic-amfetamine-online\/","og_site_name":"Chemgramx","article_modified_time":"2025-12-09T10:40:22+00:00","og_image":[{"width":1200,"height":1200,"url":"https:\/\/chemgramx.com\/wp-content\/uploads\/2025\/11\/amphetamines1.jpg","type":"image\/jpeg"}],"twitter_card":"summary_large_image","twitter_misc":{"Szacowany czas czytania":"2 minuty"},"schema":{"@context":"https:\/\/schema.org","@graph":[{"@type":"WebPage","@id":"https:\/\/chemgramx.com\/product\/amphetamin-online-kaufen\/","url":"https:\/\/chemgramx.com\/product\/amphetamin-online-kaufen\/","name":"Kup amfetamin\u0119 online \u2013 czysto\u015b\u0107 i jako\u015b\u0107","isPartOf":{"@id":"https:\/\/chemgramx.com\/#website"},"primaryImageOfPage":{"@id":"https:\/\/chemgramx.com\/product\/amphetamin-online-kaufen\/#primaryimage"},"image":{"@id":"https:\/\/chemgramx.com\/product\/amphetamin-online-kaufen\/#primaryimage"},"thumbnailUrl":"https:\/\/chemgramx.com\/wp-content\/uploads\/2025\/11\/amphetamines1.jpg","datePublished":"2025-11-21T16:45:30+00:00","dateModified":"2025-12-09T10:40:22+00:00","description":"Chcesz kupi\u0107 amfetamin\u0119? Odkryj nasz\u0105 amfetamin\u0119 o najwy\u017cszej czysto\u015bci i jako\u015bci badawczej. Zam\u00f3w amfetamin\u0119 online ju\u017c teraz do swoich bada\u0144. Bezpieczny zakup gwarantowany.","breadcrumb":{"@id":"https:\/\/chemgramx.com\/product\/amphetamin-online-kaufen\/#breadcrumb"},"inLanguage":"pl-PL","potentialAction":[{"@type":"ReadAction","target":["https:\/\/chemgramx.com\/product\/amphetamin-online-kaufen\/"]}]},{"@type":"ImageObject","inLanguage":"pl-PL","@id":"https:\/\/chemgramx.com\/product\/amphetamin-online-kaufen\/#primaryimage","url":"https:\/\/chemgramx.com\/wp-content\/uploads\/2025\/11\/amphetamines1.jpg","contentUrl":"https:\/\/chemgramx.com\/wp-content\/uploads\/2025\/11\/amphetamines1.jpg","width":1200,"height":1200},{"@type":"BreadcrumbList","@id":"https:\/\/chemgramx.com\/product\/amphetamin-online-kaufen\/#breadcrumb","itemListElement":[{"@type":"ListItem","position":1,"name":"Home","item":"https:\/\/chemgramx.com\/"},{"@type":"ListItem","position":2,"name":"Shop","item":"https:\/\/chemgramx.com\/shop\/"},{"@type":"ListItem","position":3,"name":"Amphetamin online kaufen &#8211; Reinheit &amp; Qualit\u00e4t"}]},{"@type":"WebSite","@id":"https:\/\/chemgramx.com\/#website","url":"https:\/\/chemgramx.com\/","name":"Chemgramx","description":"","publisher":{"@id":"https:\/\/chemgramx.com\/#organization"},"potentialAction":[{"@type":"SearchAction","target":{"@type":"EntryPoint","urlTemplate":"https:\/\/chemgramx.com\/?s={search_term_string}"},"query-input":{"@type":"PropertyValueSpecification","valueRequired":true,"valueName":"search_term_string"}}],"inLanguage":"pl-PL"},{"@type":"Organization","@id":"https:\/\/chemgramx.com\/#organization","name":"Chemgramx","url":"https:\/\/chemgramx.com\/","logo":{"@type":"ImageObject","inLanguage":"pl-PL","@id":"https:\/\/chemgramx.com\/#\/schema\/logo\/image\/","url":"https:\/\/chemgramx.com\/wp-content\/uploads\/2024\/10\/final-logo.png","contentUrl":"https:\/\/chemgramx.com\/wp-content\/uploads\/2024\/10\/final-logo.png","width":250,"height":48,"caption":"Chemgramx"},"image":{"@id":"https:\/\/chemgramx.com\/#\/schema\/logo\/image\/"}}]}},"_links":{"self":[{"href":"https:\/\/chemgramx.com\/pl\/wp-json\/wp\/v2\/product\/8011","targetHints":{"allow":["GET"]}}],"collection":[{"href":"https:\/\/chemgramx.com\/pl\/wp-json\/wp\/v2\/product"}],"about":[{"href":"https:\/\/chemgramx.com\/pl\/wp-json\/wp\/v2\/types\/product"}],"replies":[{"embeddable":true,"href":"https:\/\/chemgramx.com\/pl\/wp-json\/wp\/v2\/comments?post=8011"}],"wp:featuredmedia":[{"embeddable":true,"href":"https:\/\/chemgramx.com\/pl\/wp-json\/wp\/v2\/media\/8065"}],"wp:attachment":[{"href":"https:\/\/chemgramx.com\/pl\/wp-json\/wp\/v2\/media?parent=8011"}],"wp:term":[{"taxonomy":"product_brand","embeddable":true,"href":"https:\/\/chemgramx.com\/pl\/wp-json\/wp\/v2\/product_brand?post=8011"},{"taxonomy":"product_cat","embeddable":true,"href":"https:\/\/chemgramx.com\/pl\/wp-json\/wp\/v2\/product_cat?post=8011"},{"taxonomy":"product_tag","embeddable":true,"href":"https:\/\/chemgramx.com\/pl\/wp-json\/wp\/v2\/product_tag?post=8011"}],"curies":[{"name":"wp","href":"https:\/\/api.w.org\/{rel}","templated":true}]}}