{"id":8012,"date":"2025-11-21T16:45:31","date_gmt":"2025-11-21T16:45:31","guid":{"rendered":"https:\/\/chemgramx.com\/?post_type=product&#038;p=8012"},"modified":"2025-12-09T10:40:14","modified_gmt":"2025-12-09T10:40:14","slug":"a-pvp-alfa-pirolidynowalerofenon-kupic-online","status":"publish","type":"product","link":"https:\/\/chemgramx.com\/pl\/product\/a-pvp-alpha-pyrrolidinovalerophenon-online-kaufen\/","title":{"rendered":"Kup A-PVP \u2013 wysoka czysto\u015b\u0107 (najwy\u017csza jako\u015b\u0107)"},"content":{"rendered":"<p>Witamy w Chemgramx, wiod\u0105cym \u017ar\u00f3dle wysokiej jako\u015bci chemikali\u00f3w badawczych. Odkryj <b>Alfa-pirolidynovalerofenon (A-PVP)<\/b>, substancja, kt\u00f3ra zyskuje coraz wi\u0119ksze znaczenie w badaniach naukowych. Zapewniamy, \u017ce nasz A-PVP charakteryzuje si\u0119 imponuj\u0105c\u0105 czysto\u015bci\u0105 i jest zoptymalizowany wy\u0142\u0105cznie do cel\u00f3w badawczych. W zwi\u0105zku z tym mo\u017cna <b>A-PVP na sprzeda\u017c<\/b> tutaj znajdziesz produkty spe\u0142niaj\u0105ce najwy\u017csze standardy.<\/p>\n<p>Rozumiemy wymagania wsp\u00f3\u0142czesnych projekt\u00f3w naukowych. Dlatego oferujemy Pa\u0144stwu <b>Najwy\u017csza jako\u015b\u0107 A-PVP<\/b>, kt\u00f3re poddawane s\u0105 rygorystycznym procedurom analitycznym. Dzi\u0119ki temu naukowcy mog\u0105 mie\u0107 pewno\u015b\u0107 co do sp\u00f3jno\u015bci i niezawodno\u015bci naszych produkt\u00f3w. W Chemgramx przywi\u0105zujemy ogromn\u0105 wag\u0119 do jako\u015bci naszych bada\u0144.<\/p>\n<h2>Czym jest A-PVP (alfa-pirolidynovalerofenon)?<\/h2>\n<p><b>A-PVP<\/b>, znany naukowo jako alfa-pirolidynovalerofenon, nale\u017cy do klasy katynon\u00f3w. Jest to syntetyczny \u015brodek pobudzaj\u0105cy, kt\u00f3rego struktura jest \u015bci\u015ble powi\u0105zana z pirovaleronem. Znajduje on zastosowanie zw\u0142aszcza w badaniach przedklinicznych dotycz\u0105cych proces\u00f3w neurologicznych. Ponadto dok\u0142adny sk\u0142ad chemiczny ma decyduj\u0105ce znaczenie dla uzyskania powtarzalnych wynik\u00f3w bada\u0144.<\/p>\n<p>Cz\u0105steczka ta s\u0142u\u017cy przede wszystkim jako substancja chemiczna do bada\u0144 naukowych. Dlatego podkre\u015blamy, \u017ce nasz produkt jest przeznaczony wy\u0142\u0105cznie do cel\u00f3w naukowych i kryminalistycznych. U\u017cytkownicy musz\u0105 \u015bci\u015ble przestrzega\u0107 wytycznych prawnych i etycznych. Og\u00f3lnie rzecz bior\u0105c, substancja ta jest pochodn\u0105 walerofenonu, znan\u0105 ze swojego wyj\u0105tkowego dzia\u0142ania na centralny uk\u0142ad nerwowy.<\/p>\n<h2>Struktura chemiczna i w\u0142a\u015bciwo\u015bci<\/h2>\n<p>Wz\u00f3r chemiczny A-PVP to C<sub>15<\/sub>H<sub>21<\/sub>NIE. Pod wzgl\u0119dem strukturalnym charakteryzuje si\u0119 grup\u0105 fenylow\u0105 zwi\u0105zan\u0105 z grup\u0105 karbonylow\u0105 i pier\u015bcieniem pirolidynowym. Ponadto charakterystyczny jest \u0142a\u0144cuch walerofenonu. Taki uk\u0142ad nadaje A-PVP wyj\u0105tkowe w\u0142a\u015bciwo\u015bci fizykochemiczne, istotne dla okre\u015blonych protoko\u0142\u00f3w badawczych.<\/p>\n<p>Zazwyczaj A-PVP jest bia\u0142ym lub kremowym krystalicznym proszkiem, dobrze rozpuszczalnym w polarnych rozpuszczalnikach organicznych. Czysto\u015b\u0107 ma kluczowe znaczenie, dlatego te\u017c <b>Wysoka czysto\u015b\u0107 na sprzeda\u017c<\/b> gwarantowana przez Chemgramx. Masa cz\u0105steczkowa wynosi oko\u0142o 231,33 g\/mol, a temperatura topnienia zazwyczaj mie\u015bci si\u0119 w przedziale 120\u2013125 \u00b0C. Te przejrzyste specyfikacje maj\u0105 zasadnicze znaczenie dla charakterystyki materia\u0142u w laboratorium.<\/p>\n<h2>Obszary zastosowania w badaniach<\/h2>\n<p>A-PVP znajduje zastosowanie g\u0142\u00f3wnie w neurologii i farmakologii. Laboratoria badawcze wykorzystuj\u0105 go do badania mechanizm\u00f3w dzia\u0142ania stymulant\u00f3w na transportery dopaminy i noradrenaliny. Pozwala to na lepsze zrozumienie neurotransmisji. W rezultacie naukowcy mog\u0105 bada\u0107 potencjalne podej\u015bcia terapeutyczne.<\/p>\n<p>Ponadto A-PVP jest stosowany w analizach toksykologicznych. S\u0142u\u017cy jako substancja referencyjna dla laboratori\u00f3w kryminalistycznych do identyfikacji nowych substancji psychoaktywnych. W tym przypadku <b>Autentyczny A-PVP<\/b> ma decyduj\u0105ce znaczenie dla uzyskania dok\u0142adnych danych por\u00f3wnawczych. Kr\u00f3tko m\u00f3wi\u0105c, nie mo\u017cna nie docenia\u0107 jego roli w chemii s\u0105dowej.<\/p>\n<p>Nale\u017cy jednak podkre\u015bli\u0107, \u017ce A-PVP nie jest <b>wy\u0142\u0105cznie do bada\u0144 in vitro i bada\u0144 laboratoryjnych<\/b> . Ka\u017cde inne zastosowanie stanowi naruszenie naszych warunk\u00f3w u\u017cytkowania. Niezb\u0119dna jest zatem kompleksowa dokumentacja. Ponadto naukowcy mog\u0105 wykorzystywa\u0107 substancje chemiczne podobne do <a href=\"https:\/\/chemgramx.com\/product\/5fur-144-online-bestellung\/\">Zam\u00f3w 5F-UR-144 online<\/a>, aby zr\u00f3\u017cnicowa\u0107 swoje badania.<\/p>\n<h2>Aspekty bezpiecze\u0144stwa i obs\u0142uga<\/h2>\n<p>Post\u0119powanie z A-PVP wymaga najwy\u017cszej ostro\u017cno\u015bci i \u015bcis\u0142ego przestrzegania protoko\u0142\u00f3w bezpiecze\u0144stwa. Personel musi by\u0107 przeszkolony i nosi\u0107 odpowiednie \u015brodki ochrony indywidualnej (\u015aOI). Niemniej jednak wa\u017cne jest, aby unika\u0107 wszelkiej ekspozycji.<\/p>\n<p>Przechowywanie powinno odbywa\u0107 si\u0119 w ch\u0142odnym, suchym i dobrze wentylowanym miejscu, z dala od bezpo\u015bredniego nas\u0142onecznienia i wilgoci. Ponadto pojemniki musz\u0105 by\u0107 szczelnie zamkni\u0119te i wyra\u017anie oznakowane. Idealnym rozwi\u0105zaniem s\u0105 szafy bezpiecze\u0144stwa chemicznego. Bardzo wa\u017cne jest r\u00f3wnie\u017c zapewnienie odpowiedniej wentylacji miejsca pracy.<\/p>\n<p>W przypadku przypadkowego kontaktu ze sk\u00f3r\u0105 lub oczami nale\u017cy natychmiast przep\u0142uka\u0107 je wod\u0105 i niezw\u0142ocznie zg\u0142osi\u0107 si\u0119 do lekarza. Pozosta\u0142o\u015bci A-PVP nale\u017cy utylizowa\u0107 zgodnie z lokalnymi i krajowymi przepisami dotycz\u0105cymi odpad\u00f3w niebezpiecznych. Zapewnia to bezpieczne obchodzenie si\u0119 z produktem. <b>Jako\u015b\u0107 laboratoryjna na sprzeda\u017c<\/b> materia\u0142u stoj\u0105cego.<\/p>\n<h2>Jako\u015b\u0107 i czysto\u015b\u0107 A-PVP w Chemgramx<\/h2>\n<p>W Chemgramx jako\u015b\u0107 naszych produkt\u00f3w jest dla nas najwa\u017cniejsza. Ka\u017cda partia <b>A-PVP (alfa-pirolidynovalerofenon)<\/b> poddawany jest kompleksowej kontroli jako\u015bci. Dzi\u0119ki najnowocze\u015bniejszym technikom analitycznym, takim jak GC-MS i HPLC, zapewniamy czysto\u015b\u0107 powy\u017cej 98%. Dzi\u0119ki temu mo\u017cesz mie\u0107 pewno\u015b\u0107 co do rzetelno\u015bci swoich bada\u0144.<\/p>\n<p>Powtarzalne wyniki bada\u0144 opieraj\u0105 si\u0119 na czystych i sp\u00f3jnych materia\u0142ach. Dlatego oferujemy Pa\u0144stwu <b>Jako\u015b\u0107 bada\u0144 naukowych na sprzeda\u017c<\/b>, kt\u00f3re spe\u0142niaj\u0105 najbardziej rygorystyczne standardy laboratoryjne. Nasze certyfikaty potwierdzaj\u0105 sk\u0142ad i czysto\u015b\u0107 ka\u017cdej dostawy. Dzi\u0119ki temu zawsze otrzymujesz produkt, kt\u00f3ry przewy\u017csza Twoje oczekiwania.<\/p>\n<p>Ponadto nasz A-PVP jest produkowany w \u015bci\u015ble kontrolowanych warunkach, aby zminimalizowa\u0107 zanieczyszczenia. Jeste\u015bmy zaanga\u017cowani w zapewnienie przejrzysto\u015bci i udost\u0119pniamy certyfikaty analizy. \u015awiadczy to o naszym zaanga\u017cowaniu w zapewnienie doskona\u0142ej jako\u015bci produkt\u00f3w i satysfakcji klient\u00f3w. To sprawia, \u017ce jeste\u015bmy godnym zaufania \u017ar\u00f3d\u0142em <b>Najlepszy dost\u0119pny A-PVP<\/b>.<\/p>\n<h2>Dlaczego warto kupi\u0107 A-PVP (alfa-pirolidynowalerofenon) w Chemgramx?<\/h2>\n<p>Je\u015bli <b>Zam\u00f3w A-PVP online<\/b>, Chemgramx jest najlepszym wyborem. \u0141\u0105czymy rygorystyczn\u0105 kontrol\u0119 jako\u015bci z bezpiecznymi zakupami. Ponadto przywi\u0105zujemy du\u017c\u0105 wag\u0119 do dyskrecji i profesjonalnej realizacji wszystkich zam\u00f3wie\u0144. Naszym celem jest u\u0142atwienie Pa\u0144stwu dost\u0119pu do najwy\u017cszej jako\u015bci chemikali\u00f3w badawczych.<\/p>\n<p>Nasze zaanga\u017cowanie w badania naukowe znajduje odzwierciedlenie w ka\u017cdym aspekcie naszych us\u0142ug. Oferujemy nie tylko <b>Najwy\u017csza jako\u015b\u0107 A-PVP<\/b>, ale tak\u017ce kompetentn\u0105 obs\u0142ug\u0119 klienta. Dzi\u0119ki temu mo\u017cesz skupi\u0107 si\u0119 na swojej pracy naukowej, a my zajmiemy si\u0119 zaopatrzeniem.<\/p>\n<p>W Chemgramx korzystasz z nast\u0119puj\u0105cych zalet:<\/p>\n<ul>\n<li><b>Gwarantowana czysto\u015b\u0107:<\/b> Ka\u017cda partia jest dok\u0142adnie sprawdzana.<\/li>\n<li><b>Kompleksowa dokumentacja:<\/b> Certyfikaty analizy dost\u0119pne na \u017c\u0105danie.<\/li>\n<li><b>Dyskretne przetwarzanie:<\/b> Twoje zam\u00f3wienie zostanie potraktowane z najwy\u017csz\u0105 staranno\u015bci\u0105.<\/li>\n<li><b>Doskona\u0142a obs\u0142uga klienta:<\/b> Zawsze gotowi odpowiedzie\u0107 na Pa\u0144stwa pytania.<\/li>\n<\/ul>\n<p>Mo\u017cesz mie\u0107 pewno\u015b\u0107, \u017ce <b>Kup A-PVP w Chemgramx<\/b> i otrzymuj\u0105 produkt, kt\u00f3ry zosta\u0142 przetworzony z najwy\u017csz\u0105 staranno\u015bci\u0105. Nasz proces zapewnia <b>Bezpieczny zakup<\/b> Pa\u0144stwa materia\u0142\u00f3w badawczych.<\/p>\n<h2>Podsumowanie i wnioski<\/h2>\n<p>Podsumowuj\u0105c, A-PVP (alfa-pirolidynowalerofenon) jest niezb\u0119dnym zwi\u0105zkiem chemicznym stosowanym w badaniach neurologicznych i toksykologicznych. Jego wyj\u0105tkowe w\u0142a\u015bciwo\u015bci sprawiaj\u0105, \u017ce jest cennym narz\u0119dziem do prowadzenia szczeg\u00f3\u0142owych bada\u0144. Jako\u015b\u0107 materia\u0142u ma tutaj ogromne znaczenie dla uzyskania wiarygodnych i powtarzalnych wynik\u00f3w.<\/p>\n<p>W Chemgramx jeste\u015bmy dumni, \u017ce mo\u017cemy zapewni\u0107 Pa\u0144stwu dost\u0119p do <b>Najwy\u017csza jako\u015b\u0107 A-PVP<\/b> podlegaj\u0105cy surowym kontrolom jako\u015bci. Dzi\u0119ki temu mo\u017cesz mie\u0107 pewno\u015b\u0107, \u017ce otrzymujesz czysty i autentyczny produkt do swoich projekt\u00f3w. Nie wahaj si\u0119, <a href=\"https:\/\/chemgramx.com\/product\/a-pvp-alpha-pyrrolidinovalerophenon-online-kaufen\/\">Kup teraz online<\/a> i przenie\u015b\u0107 swoje badania na wy\u017cszy poziom.<\/p>\n<p>Zapraszamy do zapoznania si\u0119 z mo\u017cliwo\u015bciami naszego alfa-pirolidynovalerofenonu. Postaw na Chemgramx jako dostawc\u0119 chemikali\u00f3w badawczych i przekonaj si\u0119, jak\u0105 r\u00f3\u017cnic\u0119 stanowi jako\u015b\u0107 i obs\u0142uga. Znajdziesz tu r\u00f3wnie\u017c inne produkty, takie jak <a href=\"https:\/\/chemgramx.com\/product\/5fur-144-online-bestellung\/\">5F-UR-144 na sprzeda\u017c<\/a>.<\/p>","protected":false},"excerpt":{"rendered":"<p>Odkryj Chemgramx <b>A-PVP (alfa-pirolidynovalerofenon)<\/b> o najwy\u017cszej czysto\u015bci i jako\u015bci badawczej. Oferujemy autentyczny materia\u0142 do projekt\u00f3w naukowych. Teraz <b>Kup A-PVP<\/b> w Chemgramx.<\/p>","protected":false},"featured_media":8066,"comment_status":"open","ping_status":"closed","template":"","meta":{"_joinchat":[]},"product_brand":[],"product_cat":[48],"product_tag":[2809,2811,2804,2810,2813,2805,2806,2808,2812,2807],"class_list":{"0":"post-8012","1":"product","2":"type-product","3":"status-publish","4":"has-post-thumbnail","6":"product_cat-stimulants","7":"product_tag-a-pvp-chemikalien","8":"product_tag-a-pvp-drogen","9":"product_tag-a-pvp-kaufen","10":"product_tag-a-pvp-kaufen-deutschland","11":"product_tag-a-pvp-kaufen-shop","12":"product_tag-a-pvp-kristalle","13":"product_tag-a-pvp-online-kaufen","14":"product_tag-a-pvp-preis","15":"product_tag-a-pvp-prodej","16":"product_tag-alpha-pyrrolidinovalerophenon-kaufen","18":"first","19":"instock","20":"shipping-taxable","21":"purchasable","22":"product-type-variable"},"yoast_head":"<!-- This site is optimized with the Yoast SEO plugin v27.5 - https:\/\/yoast.com\/product\/yoast-seo-wordpress\/ -->\n<title>A-PVP kaufen - Hochrein (Top Qualit\u00e4t)<\/title>\n<meta name=\"description\" content=\"Entdecken Sie Alpha-Pyrrolidinovalerophenon (A-PVP) in h\u00f6chster Forschungsg\u00fcte bei Chemgramx. Jetzt A-PVP kaufen und sicheren Erwerb erleben. Ideal f\u00fcr wissenschaftliche Studien.\" \/>\n<meta name=\"robots\" content=\"index, follow, max-snippet:-1, max-image-preview:large, max-video-preview:-1\" \/>\n<link rel=\"canonical\" href=\"https:\/\/chemgramx.com\/pl\/produkt-1\/a-pvp-alfa-pirolidynowalerofenon-kupic-online\/\" \/>\n<meta property=\"og:locale\" content=\"pl_PL\" \/>\n<meta property=\"og:type\" content=\"article\" \/>\n<meta property=\"og:title\" content=\"A-PVP kaufen - Hochrein (Top Qualit\u00e4t)\" \/>\n<meta property=\"og:description\" content=\"Entdecken Sie Alpha-Pyrrolidinovalerophenon (A-PVP) in h\u00f6chster Forschungsg\u00fcte bei Chemgramx. Jetzt A-PVP kaufen und sicheren Erwerb erleben. Ideal f\u00fcr wissenschaftliche Studien.\" \/>\n<meta property=\"og:url\" content=\"https:\/\/chemgramx.com\/pl\/produkt-1\/a-pvp-alfa-pirolidynowalerofenon-kupic-online\/\" \/>\n<meta property=\"og:site_name\" content=\"Chemgramx\" \/>\n<meta property=\"article:modified_time\" content=\"2025-12-09T10:40:14+00:00\" \/>\n<meta property=\"og:image\" content=\"https:\/\/chemgramx.com\/wp-content\/uploads\/2025\/11\/A-PVP-kaufen.jpg\" \/>\n\t<meta property=\"og:image:width\" content=\"324\" \/>\n\t<meta property=\"og:image:height\" content=\"324\" \/>\n\t<meta property=\"og:image:type\" content=\"image\/jpeg\" \/>\n<meta name=\"twitter:card\" content=\"summary_large_image\" \/>\n<meta name=\"twitter:label1\" content=\"Szacowany czas czytania\" \/>\n\t<meta name=\"twitter:data1\" content=\"2 minuty\" \/>\n<script type=\"application\/ld+json\" class=\"yoast-schema-graph\">{\"@context\":\"https:\\\/\\\/schema.org\",\"@graph\":[{\"@type\":\"WebPage\",\"@id\":\"https:\\\/\\\/chemgramx.com\\\/product\\\/a-pvp-alpha-pyrrolidinovalerophenon-online-kaufen\\\/\",\"url\":\"https:\\\/\\\/chemgramx.com\\\/product\\\/a-pvp-alpha-pyrrolidinovalerophenon-online-kaufen\\\/\",\"name\":\"A-PVP kaufen - Hochrein (Top Qualit\u00e4t)\",\"isPartOf\":{\"@id\":\"https:\\\/\\\/chemgramx.com\\\/#website\"},\"primaryImageOfPage\":{\"@id\":\"https:\\\/\\\/chemgramx.com\\\/product\\\/a-pvp-alpha-pyrrolidinovalerophenon-online-kaufen\\\/#primaryimage\"},\"image\":{\"@id\":\"https:\\\/\\\/chemgramx.com\\\/product\\\/a-pvp-alpha-pyrrolidinovalerophenon-online-kaufen\\\/#primaryimage\"},\"thumbnailUrl\":\"https:\\\/\\\/chemgramx.com\\\/wp-content\\\/uploads\\\/2025\\\/11\\\/A-PVP-kaufen.jpg\",\"datePublished\":\"2025-11-21T16:45:31+00:00\",\"dateModified\":\"2025-12-09T10:40:14+00:00\",\"description\":\"Entdecken Sie Alpha-Pyrrolidinovalerophenon (A-PVP) in h\u00f6chster Forschungsg\u00fcte bei Chemgramx. Jetzt A-PVP kaufen und sicheren Erwerb erleben. Ideal f\u00fcr wissenschaftliche Studien.\",\"breadcrumb\":{\"@id\":\"https:\\\/\\\/chemgramx.com\\\/product\\\/a-pvp-alpha-pyrrolidinovalerophenon-online-kaufen\\\/#breadcrumb\"},\"inLanguage\":\"pl-PL\",\"potentialAction\":[{\"@type\":\"ReadAction\",\"target\":[\"https:\\\/\\\/chemgramx.com\\\/product\\\/a-pvp-alpha-pyrrolidinovalerophenon-online-kaufen\\\/\"]}]},{\"@type\":\"ImageObject\",\"inLanguage\":\"pl-PL\",\"@id\":\"https:\\\/\\\/chemgramx.com\\\/product\\\/a-pvp-alpha-pyrrolidinovalerophenon-online-kaufen\\\/#primaryimage\",\"url\":\"https:\\\/\\\/chemgramx.com\\\/wp-content\\\/uploads\\\/2025\\\/11\\\/A-PVP-kaufen.jpg\",\"contentUrl\":\"https:\\\/\\\/chemgramx.com\\\/wp-content\\\/uploads\\\/2025\\\/11\\\/A-PVP-kaufen.jpg\",\"width\":324,\"height\":324},{\"@type\":\"BreadcrumbList\",\"@id\":\"https:\\\/\\\/chemgramx.com\\\/product\\\/a-pvp-alpha-pyrrolidinovalerophenon-online-kaufen\\\/#breadcrumb\",\"itemListElement\":[{\"@type\":\"ListItem\",\"position\":1,\"name\":\"Home\",\"item\":\"https:\\\/\\\/chemgramx.com\\\/\"},{\"@type\":\"ListItem\",\"position\":2,\"name\":\"Shop\",\"item\":\"https:\\\/\\\/chemgramx.com\\\/shop\\\/\"},{\"@type\":\"ListItem\",\"position\":3,\"name\":\"A-PVP kaufen &#8211; Hochrein (Top Qualit\u00e4t)\"}]},{\"@type\":\"WebSite\",\"@id\":\"https:\\\/\\\/chemgramx.com\\\/#website\",\"url\":\"https:\\\/\\\/chemgramx.com\\\/\",\"name\":\"Chemgramx\",\"description\":\"\",\"publisher\":{\"@id\":\"https:\\\/\\\/chemgramx.com\\\/#organization\"},\"potentialAction\":[{\"@type\":\"SearchAction\",\"target\":{\"@type\":\"EntryPoint\",\"urlTemplate\":\"https:\\\/\\\/chemgramx.com\\\/?s={search_term_string}\"},\"query-input\":{\"@type\":\"PropertyValueSpecification\",\"valueRequired\":true,\"valueName\":\"search_term_string\"}}],\"inLanguage\":\"pl-PL\"},{\"@type\":\"Organization\",\"@id\":\"https:\\\/\\\/chemgramx.com\\\/#organization\",\"name\":\"Chemgramx\",\"url\":\"https:\\\/\\\/chemgramx.com\\\/\",\"logo\":{\"@type\":\"ImageObject\",\"inLanguage\":\"pl-PL\",\"@id\":\"https:\\\/\\\/chemgramx.com\\\/#\\\/schema\\\/logo\\\/image\\\/\",\"url\":\"https:\\\/\\\/chemgramx.com\\\/wp-content\\\/uploads\\\/2024\\\/10\\\/final-logo.png\",\"contentUrl\":\"https:\\\/\\\/chemgramx.com\\\/wp-content\\\/uploads\\\/2024\\\/10\\\/final-logo.png\",\"width\":250,\"height\":48,\"caption\":\"Chemgramx\"},\"image\":{\"@id\":\"https:\\\/\\\/chemgramx.com\\\/#\\\/schema\\\/logo\\\/image\\\/\"}}]}<\/script>\n<!-- \/ Yoast SEO plugin. -->","yoast_head_json":{"title":"Kup A-PVP \u2013 wysokiej czysto\u015bci (najwy\u017csza jako\u015b\u0107)","description":"Odkryj alfa-pirolidynovalerofenon (A-PVP) najwy\u017cszej jako\u015bci badawczej w Chemgramx. Kup A-PVP ju\u017c teraz i ciesz si\u0119 bezpiecznym zakupem. Idealny do bada\u0144 naukowych.","robots":{"index":"index","follow":"follow","max-snippet":"max-snippet:-1","max-image-preview":"max-image-preview:large","max-video-preview":"max-video-preview:-1"},"canonical":"https:\/\/chemgramx.com\/pl\/produkt-1\/a-pvp-alfa-pirolidynowalerofenon-kupic-online\/","og_locale":"pl_PL","og_type":"article","og_title":"A-PVP kaufen - Hochrein (Top Qualit\u00e4t)","og_description":"Entdecken Sie Alpha-Pyrrolidinovalerophenon (A-PVP) in h\u00f6chster Forschungsg\u00fcte bei Chemgramx. Jetzt A-PVP kaufen und sicheren Erwerb erleben. Ideal f\u00fcr wissenschaftliche Studien.","og_url":"https:\/\/chemgramx.com\/pl\/produkt-1\/a-pvp-alfa-pirolidynowalerofenon-kupic-online\/","og_site_name":"Chemgramx","article_modified_time":"2025-12-09T10:40:14+00:00","og_image":[{"width":324,"height":324,"url":"https:\/\/chemgramx.com\/wp-content\/uploads\/2025\/11\/A-PVP-kaufen.jpg","type":"image\/jpeg"}],"twitter_card":"summary_large_image","twitter_misc":{"Szacowany czas czytania":"2 minuty"},"schema":{"@context":"https:\/\/schema.org","@graph":[{"@type":"WebPage","@id":"https:\/\/chemgramx.com\/product\/a-pvp-alpha-pyrrolidinovalerophenon-online-kaufen\/","url":"https:\/\/chemgramx.com\/product\/a-pvp-alpha-pyrrolidinovalerophenon-online-kaufen\/","name":"Kup A-PVP \u2013 wysokiej czysto\u015bci (najwy\u017csza jako\u015b\u0107)","isPartOf":{"@id":"https:\/\/chemgramx.com\/#website"},"primaryImageOfPage":{"@id":"https:\/\/chemgramx.com\/product\/a-pvp-alpha-pyrrolidinovalerophenon-online-kaufen\/#primaryimage"},"image":{"@id":"https:\/\/chemgramx.com\/product\/a-pvp-alpha-pyrrolidinovalerophenon-online-kaufen\/#primaryimage"},"thumbnailUrl":"https:\/\/chemgramx.com\/wp-content\/uploads\/2025\/11\/A-PVP-kaufen.jpg","datePublished":"2025-11-21T16:45:31+00:00","dateModified":"2025-12-09T10:40:14+00:00","description":"Odkryj alfa-pirolidynovalerofenon (A-PVP) najwy\u017cszej jako\u015bci badawczej w Chemgramx. Kup A-PVP ju\u017c teraz i ciesz si\u0119 bezpiecznym zakupem. Idealny do bada\u0144 naukowych.","breadcrumb":{"@id":"https:\/\/chemgramx.com\/product\/a-pvp-alpha-pyrrolidinovalerophenon-online-kaufen\/#breadcrumb"},"inLanguage":"pl-PL","potentialAction":[{"@type":"ReadAction","target":["https:\/\/chemgramx.com\/product\/a-pvp-alpha-pyrrolidinovalerophenon-online-kaufen\/"]}]},{"@type":"ImageObject","inLanguage":"pl-PL","@id":"https:\/\/chemgramx.com\/product\/a-pvp-alpha-pyrrolidinovalerophenon-online-kaufen\/#primaryimage","url":"https:\/\/chemgramx.com\/wp-content\/uploads\/2025\/11\/A-PVP-kaufen.jpg","contentUrl":"https:\/\/chemgramx.com\/wp-content\/uploads\/2025\/11\/A-PVP-kaufen.jpg","width":324,"height":324},{"@type":"BreadcrumbList","@id":"https:\/\/chemgramx.com\/product\/a-pvp-alpha-pyrrolidinovalerophenon-online-kaufen\/#breadcrumb","itemListElement":[{"@type":"ListItem","position":1,"name":"Home","item":"https:\/\/chemgramx.com\/"},{"@type":"ListItem","position":2,"name":"Shop","item":"https:\/\/chemgramx.com\/shop\/"},{"@type":"ListItem","position":3,"name":"A-PVP kaufen &#8211; Hochrein (Top Qualit\u00e4t)"}]},{"@type":"WebSite","@id":"https:\/\/chemgramx.com\/#website","url":"https:\/\/chemgramx.com\/","name":"Chemgramx","description":"","publisher":{"@id":"https:\/\/chemgramx.com\/#organization"},"potentialAction":[{"@type":"SearchAction","target":{"@type":"EntryPoint","urlTemplate":"https:\/\/chemgramx.com\/?s={search_term_string}"},"query-input":{"@type":"PropertyValueSpecification","valueRequired":true,"valueName":"search_term_string"}}],"inLanguage":"pl-PL"},{"@type":"Organization","@id":"https:\/\/chemgramx.com\/#organization","name":"Chemgramx","url":"https:\/\/chemgramx.com\/","logo":{"@type":"ImageObject","inLanguage":"pl-PL","@id":"https:\/\/chemgramx.com\/#\/schema\/logo\/image\/","url":"https:\/\/chemgramx.com\/wp-content\/uploads\/2024\/10\/final-logo.png","contentUrl":"https:\/\/chemgramx.com\/wp-content\/uploads\/2024\/10\/final-logo.png","width":250,"height":48,"caption":"Chemgramx"},"image":{"@id":"https:\/\/chemgramx.com\/#\/schema\/logo\/image\/"}}]}},"_links":{"self":[{"href":"https:\/\/chemgramx.com\/pl\/wp-json\/wp\/v2\/product\/8012","targetHints":{"allow":["GET"]}}],"collection":[{"href":"https:\/\/chemgramx.com\/pl\/wp-json\/wp\/v2\/product"}],"about":[{"href":"https:\/\/chemgramx.com\/pl\/wp-json\/wp\/v2\/types\/product"}],"replies":[{"embeddable":true,"href":"https:\/\/chemgramx.com\/pl\/wp-json\/wp\/v2\/comments?post=8012"}],"wp:featuredmedia":[{"embeddable":true,"href":"https:\/\/chemgramx.com\/pl\/wp-json\/wp\/v2\/media\/8066"}],"wp:attachment":[{"href":"https:\/\/chemgramx.com\/pl\/wp-json\/wp\/v2\/media?parent=8012"}],"wp:term":[{"taxonomy":"product_brand","embeddable":true,"href":"https:\/\/chemgramx.com\/pl\/wp-json\/wp\/v2\/product_brand?post=8012"},{"taxonomy":"product_cat","embeddable":true,"href":"https:\/\/chemgramx.com\/pl\/wp-json\/wp\/v2\/product_cat?post=8012"},{"taxonomy":"product_tag","embeddable":true,"href":"https:\/\/chemgramx.com\/pl\/wp-json\/wp\/v2\/product_tag?post=8012"}],"curies":[{"name":"wp","href":"https:\/\/api.w.org\/{rel}","templated":true}]}}