{"id":8019,"date":"2025-11-21T16:45:56","date_gmt":"2025-11-21T16:45:56","guid":{"rendered":"https:\/\/chemgramx.com\/?post_type=product&#038;p=8019"},"modified":"2025-12-09T10:37:32","modified_gmt":"2025-12-09T10:37:32","slug":"kupic-alpha-php-online","status":"publish","type":"product","link":"https:\/\/chemgramx.com\/pl\/product\/alpha-php-online-kaufen\/","title":{"rendered":"Kup Alpha-PHP \u2013 wysoka czysto\u015b\u0107 i jako\u015b\u0107"},"content":{"rendered":"<p>Chemgramx jest zaufanym dostawc\u0105 wysokiej jako\u015bci chemikali\u00f3w badawczych. Z przyjemno\u015bci\u0105 oferujemy Pa\u0144stwu nasz najwy\u017cszej jako\u015bci produkt Alpha-PHP. Produkt ten, znany r\u00f3wnie\u017c jako \u03b1-pirolidinoheksanofenon, jest substancj\u0105 syntetyczn\u0105, kt\u00f3ra zyskuje coraz wi\u0119ksze znaczenie w \u015brodowisku naukowym. Charakteryzuje si\u0119 najwy\u017csz\u0105 czysto\u015bci\u0105, dzi\u0119ki czemu idealnie nadaje si\u0119 do wymagaj\u0105cych bada\u0144 laboratoryjnych i cel\u00f3w analitycznych.<\/p>\n<p>Ponadto gwarantujemy, \u017ce ka\u017cda partia naszego Alpha-PHP poddawana jest rygorystycznej kontroli jako\u015bci. Zapewnia to nie tylko integralno\u015b\u0107 bada\u0144, ale tak\u017ce wiarygodno\u015b\u0107 wynik\u00f3w. Je\u015bli <b>Kup Alpha-PHP na sprzeda\u017c<\/b> Je\u015bli chcesz rozwija\u0107 swoje projekty naukowe, Chemgramx jest w\u0142a\u015bciwym miejscem dla Ciebie. Naszym celem jest zapewnienie naukowcom dost\u0119pu do autentycznych i niezawodnych chemikali\u00f3w.<\/p>\n<h2>Czym jest Alpha-PHP? Podstawowy przegl\u0105d<\/h2>\n<p>Alpha-PHP jest syntetyczn\u0105 substancj\u0105 z klasy katynon\u00f3w, znan\u0105 ze swoich w\u0142a\u015bciwo\u015bci pobudzaj\u0105cych. Pod wzgl\u0119dem struktury przypomina inne pirrolidynofenony i znajduje zastosowanie przede wszystkim w badaniach przedklinicznych i chemii analitycznej. W szczeg\u00f3lno\u015bci jest wykorzystywana do kalibracji urz\u0105dze\u0144 i jako standard odniesienia w testach toksykologicznych.<\/p>\n<p>Ponadto nale\u017cy podkre\u015bli\u0107, \u017ce Alpha-PHP jest przeznaczony wy\u0142\u0105cznie do cel\u00f3w badawczych. Nie jest to produkt przeznaczony do spo\u017cycia przez ludzi ani do zastosowa\u0144 terapeutycznych. Dlatego w Chemgramx przywi\u0105zujemy du\u017c\u0105 wag\u0119 do dostarczania jasnych informacji na temat ka\u017cdego z naszych produkt\u00f3w chemicznych.<\/p>\n<h3>Struktura chemiczna i w\u0142a\u015bciwo\u015bci<\/h3>\n<ul>\n<li><b>Nazwa chemiczna:<\/b> \u03b1-pirolidinoheksanofenon<\/li>\n<li><b>Numer CAS:<\/b> 503410-67-9<\/li>\n<li><b>Wz\u00f3r na sum\u0119:<\/b> C16H23NO<\/li>\n<li><b>Masa cz\u0105steczkowa:<\/b> 245,36 g\/mol<\/li>\n<\/ul>\n<p>Cz\u0105steczka charakteryzuje si\u0119 grup\u0105 pirolidynow\u0105, kt\u00f3ra jest zwi\u0105zana z atomem w\u0119gla alfa \u0142a\u0144cucha propanonu. Ponadto ma zazwyczaj posta\u0107 bia\u0142ego lub lekko \u017c\u00f3\u0142tawego, krystalicznego proszku. Jego w\u0142a\u015bciwo\u015bci fizykochemiczne sprawiaj\u0105, \u017ce jest cennym narz\u0119dziem do szczeg\u00f3\u0142owych analiz chemicznych.<\/p>\n<p>W rzeczywisto\u015bci te specyficzne w\u0142a\u015bciwo\u015bci sprawiaj\u0105, \u017ce Alpha-PHP zapewnia sta\u0142\u0105 wydajno\u015b\u0107 w r\u00f3\u017cnych zastosowaniach laboratoryjnych. Jednak obchodzenie si\u0119 z t\u0105 substancj\u0105 wymaga dog\u0142\u0119bnej wiedzy specjalistycznej i \u015bcis\u0142ego przestrzegania praktyk laboratoryjnych.<\/p>\n<h3>Synteza i czysto\u015b\u0107<\/h3>\n<p>Synteza alfa-PHP odbywa si\u0119 w kontrolowanych warunkach laboratoryjnych, aby zapewni\u0107 wysok\u0105 czysto\u015b\u0107. Nasze alfa-PHP pozyskujemy od renomowanych producent\u00f3w, kt\u00f3rzy stosuj\u0105 najnowocze\u015bniejsze procesy syntezy. Ma to kluczowe znaczenie, poniewa\u017c zanieczyszczenia mog\u0105 zafa\u0142szowa\u0107 wyniki bada\u0144.<\/p>\n<p>Z tego powodu ka\u017cdy produkt jest testowany partiami, aby spe\u0142nia\u0142 specyfikacje dotycz\u0105ce <b>Jako\u015b\u0107 bada\u0144 naukowych na sprzeda\u017c<\/b> lub nawet przewy\u017csza\u0107. Dzi\u0119ki temu mo\u017cesz mie\u0107 pewno\u015b\u0107, \u017ce otrzymasz produkt spe\u0142niaj\u0105cy najwy\u017csze standardy. Podkre\u015bla to nasze zaanga\u017cowanie w d\u0105\u017cenie do doskona\u0142o\u015bci naukowej.<\/p>\n<h2>Zastosowania i obszary bada\u0144 Alpha-PHP<\/h2>\n<p>Wszechstronno\u015b\u0107 Alpha-PHP sprawia, \u017ce jest to narz\u0119dzie poszukiwane w r\u00f3\u017cnych dyscyplinach naukowych. Jego precyzyjny sk\u0142ad chemiczny umo\u017cliwia przeprowadzanie konkretnych eksperyment\u00f3w, kt\u00f3re s\u0105 niezb\u0119dne do opracowywania nowych odkry\u0107. Dlatego oferujemy wy\u0142\u0105cznie <b>najlepszy dost\u0119pny Alpha-PHP<\/b> do cel\u00f3w badawczych.<\/p>\n<h3>Potencjalne cele badawcze<\/h3>\n<ul>\n<li><b>Chemia analityczna:<\/b> Jako standard referencyjny dla chromatografii gazowej sprz\u0119\u017conej ze spektrometri\u0105 masow\u0105 (GC-MS) i wysokosprawnej chromatografii cieczowej (HPLC).<\/li>\n<li><b>Farmakologia:<\/b> Badanie jego profilu farmakologicznego w modelach in vitro i ex vivo w celu oceny potencjalnych mechanizm\u00f3w dzia\u0142ania.<\/li>\n<li><b>Neurobiologia:<\/b> Badania nad interakcj\u0105 z uk\u0142adami neuroprzeka\u017anik\u00f3w, w szczeg\u00f3lno\u015bci z transporterami dopaminy i noradrenaliny.<\/li>\n<li><b>Kryminalistyka:<\/b> Opracowywanie i walidacja metod wykrywania dla toksykologii s\u0105dowej i analizy narkotyk\u00f3w.<\/li>\n<\/ul>\n<p>Aplikacje te wymagaj\u0105 substancji o wyj\u0105tkowej jako\u015bci. Dlatego nasz <b>Najwy\u017cszej jako\u015bci Alpha-PHP<\/b> zaprojektowany tak, aby zapewni\u0107 precyzyjne i powtarzalne wyniki. Ponadto dok\u0142adna znajomo\u015b\u0107 substancji jest niezb\u0119dna dla ka\u017cdego badacza, aby zachowa\u0107 zgodno\u015b\u0107 z normami etycznymi i naukowymi.<\/p>\n<h3>Wa\u017cne wskaz\u00f3wki dotycz\u0105ce stosowania<\/h3>\n<p>Stosowanie Alpha-PHP powinno zawsze odbywa\u0107 si\u0119 w \u015bci\u015ble kontrolowanych warunkach laboratoryjnych. Przede wszystkim nale\u017cy nosi\u0107 odpowiednie \u015brodki ochrony indywidualnej (\u015aOI), takie jak r\u0119kawice, okulary ochronne i fartuch laboratoryjny. Ponadto niezb\u0119dna jest dobra wentylacja miejsca pracy, aby zminimalizowa\u0107 nara\u017cenie na potencjalne opary lub cz\u0105steczki.<\/p>\n<p>Wszystkie eksperymenty musz\u0105 by\u0107 przeprowadzane przez wykwalifikowany personel, kt\u00f3ry jest zaznajomiony z zagro\u017ceniami i specyficznymi w\u0142a\u015bciwo\u015bciami Alpha-PHP. Na koniec wszystkie pozosta\u0142o\u015bci i odpady nale\u017cy utylizowa\u0107 zgodnie z lokalnymi przepisami, aby unikn\u0105\u0107 zanieczyszczenia \u015brodowiska.<\/p>\n<h2>Nasze standardy jako\u015bci: dlaczego warto zam\u00f3wi\u0107 Alpha-PHP w Chemgramx?<\/h2>\n<p>Chemgramx zajmuje si\u0119 dostarczaniem chemikali\u00f3w badawczych, kt\u00f3re spe\u0142niaj\u0105 najwy\u017csze wymagania. Odzwierciedla to ka\u017cdy aspekt naszej oferty produkt\u00f3w, zw\u0142aszcza je\u015bli <a href=\"https:\/\/chemgramx.com\/product\/alpha-php-online-kaufen\/\">Zam\u00f3w Alpha-PHP online<\/a> . Rozumiemy, \u017ce integralno\u015b\u0107 Pa\u0144stwa bada\u0144 zale\u017cy od czysto\u015bci stosowanych przez Pa\u0144stwa substancji chemicznych.<\/p>\n<h3>Niezr\u00f3wnana czysto\u015b\u0107 i autentyczno\u015b\u0107<\/h3>\n<p>Gwarantujemy <b>wysoka czysto\u015b\u0107 na sprzeda\u017c<\/b> naszego Alpha-PHP. Ka\u017cda partia jest dok\u0142adnie analizowana, aby upewni\u0107 si\u0119, \u017ce nie zawiera niepo\u017c\u0105danych zanieczyszcze\u0144 i osi\u0105ga deklarowan\u0105 czysto\u015b\u0107. W rezultacie otrzymujesz <b>autentyczny Alpha-PHP<\/b>, kt\u00f3ry nadaje si\u0119 do najbardziej wymagaj\u0105cych zastosowa\u0144 badawczych. Nasze produkty s\u0105 nie tylko wysokiej jako\u015bci, ale tak\u017ce identyfikowalne.<\/p>\n<p>Ponadto nasze certyfikaty analizy (CoA) s\u0105 dost\u0119pne dla ka\u017cdej partii, co zapewnia pe\u0142n\u0105 przejrzysto\u015b\u0107 naszych standard\u00f3w jako\u015bci. Te szczeg\u00f3\u0142owe dokumenty potwierdzaj\u0105 zgodno\u015b\u0107 z naszymi rygorystycznymi specyfikacjami wewn\u0119trznymi. Dzi\u0119ki temu mo\u017cesz prowadzi\u0107 badania z pe\u0142nym zaufaniem.<\/p>\n<h3>Kompleksowa kontrola jako\u015bci<\/h3>\n<p>Zapewnienie jako\u015bci w Chemgramx to wieloetapowy proces. Najpierw zaczyna si\u0119 od wyboru niezawodnych dostawc\u00f3w. Nast\u0119pnie wszystkie produkty przechodz\u0105 wewn\u0119trzne testy laboratoryjne, w tym GC-MS, NMR i HPLC. Dzi\u0119ki temu mamy pewno\u015b\u0107, \u017ce nasze <b>Alpha-PHP w jako\u015bci laboratoryjnej na sprzeda\u017c<\/b> spe\u0142nia lub przewy\u017csza standardy bran\u017cowe.<\/p>\n<p>W ten spos\u00f3b zapewniamy sp\u00f3jne i wiarygodne wyniki eksperyment\u00f3w. Tylko precyzyjnie scharakteryzowany produkt mo\u017ce stanowi\u0107 podstaw\u0119 dla miarodajnych wynik\u00f3w bada\u0144 naukowych. Zapraszamy r\u00f3wnie\u017c do zapoznania si\u0119 z nasz\u0105 ofert\u0105 <a href=\"https:\/\/chemgramx.com\/product\/braunes-heroinpulver\/\">inne chemikalia badawcze<\/a>, aby odkry\u0107 nasz\u0105 szerok\u0105 ofert\u0119.<\/p>\n<h2>Bezpiecze\u0144stwo i obs\u0142uga Alpha-PHP<\/h2>\n<p>Odpowiedzialne obchodzenie si\u0119 z Alpha-PHP ma ogromne znaczenie dla zapewnienia bezpiecze\u0144stwa w laboratorium i zachowania integralno\u015bci produktu. Dlatego te\u017c chcieliby\u015bmy przedstawi\u0107 Pa\u0144stwu kilka wa\u017cnych wytycznych i zalece\u0144 dotycz\u0105cych bezpiecznego obchodzenia si\u0119 z produktem i jego przechowywania.<\/p>\n<h3>Wytyczne dotycz\u0105ce bezpiecznego obchodzenia si\u0119<\/h3>\n<p>Przed rozpocz\u0119ciem pracy z Alpha-PHP naukowcy powinni zawsze dok\u0142adnie zapozna\u0107 si\u0119 z kart\u0105 charakterystyki substancji niebezpiecznej (SDB). Dokument ten zawiera wa\u017cne informacje dotycz\u0105ce potencjalnych zagro\u017ce\u0144, \u015brodk\u00f3w pierwszej pomocy i bezpiecznych procedur post\u0119powania. Ponadto niezb\u0119dne jest stosowanie odpowiedniego wyposa\u017cenia laboratoryjnego, takiego jak dygestorium, w celu kontrolowania nara\u017cenia na dzia\u0142anie substancji.<\/p>\n<p>Ponadto wszystkie powierzchnie, kt\u00f3re mog\u0105 mie\u0107 kontakt z Alpha-PHP, powinny by\u0107 \u0142atwe do odka\u017cenia. Po zako\u0144czeniu pracy nale\u017cy dok\u0142adnie wyczy\u015bci\u0107 miejsce pracy i u\u017cywane urz\u0105dzenia. Minimalizuje to ryzyko zanieczyszczenia krzy\u017cowego i zapewnia bezpieczne \u015brodowisko pracy.<\/p>\n<h3>Zalecenia dotycz\u0105ce przechowywania<\/h3>\n<p>Aby zapewni\u0107 stabilno\u015b\u0107 i czysto\u015b\u0107 preparatu Alpha-PHP przez d\u0142u\u017cszy czas, kluczowe znaczenie ma jego prawid\u0142owe przechowywanie. Zalecamy przechowywanie produktu w ch\u0142odnym, suchym i dobrze wentylowanym miejscu, z dala od bezpo\u015bredniego \u015bwiat\u0142a s\u0142onecznego i \u017ar\u00f3de\u0142 ciep\u0142a. Pojemnik powinien by\u0107 zawsze szczelnie zamkni\u0119ty, aby unikn\u0105\u0107 kontaktu z wilgoci\u0105 i powietrzem.<\/p>\n<p>Ponadto zaleca si\u0119 przechowywanie Alpha-PHP oddzielnie od innych substancji chemicznych, zw\u0142aszcza silnych utleniaczy lub kwas\u00f3w. Bezpieczne przechowywanie chroni nie tylko jako\u015b\u0107 produktu, ale tak\u017ce bezpiecze\u0144stwo laboratorium. Dlatego wszystkie obszary przechowywania powinny by\u0107 wyra\u017anie oznaczone i dost\u0119pne tylko dla upowa\u017cnionego personelu.<\/p>\n<h2>Aspekty prawne i odpowiedzialno\u015b\u0107 naukowca<\/h2>\n<p>Przepisy dotycz\u0105ce substancji chemicznych wykorzystywanych w badaniach naukowych, takich jak Alpha-PHP, mog\u0105 si\u0119 znacznie r\u00f3\u017cni\u0107 w zale\u017cno\u015bci od kraju i jurysdykcji. Po pierwsze, wy\u0142\u0105cznie na kupuj\u0105cym spoczywa odpowiedzialno\u015b\u0107 za zapoznanie si\u0119 z lokalnymi przepisami i regulacjami dotycz\u0105cymi nabywania, posiadania i stosowania tej substancji oraz za ich przestrzeganie. Chemgramx nie ponosi odpowiedzialno\u015bci za nieprzestrzeganie obowi\u0105zuj\u0105cych przepis\u00f3w.<\/p>\n<p>Ponadto wyra\u017anie zaznaczamy, \u017ce nasz Alpha-PHP jest sprzedawany wy\u0142\u0105cznie osobom, kt\u00f3re maj\u0105 uzasadniony interes w badaniach naukowych i kt\u00f3rych wykorzystanie produktu jest zgodne z przepisami prawa. Prosimy o odpowiedzialne sk\u0142adanie zam\u00f3wie\u0144 i upewnienie si\u0119, \u017ce ich wykorzystanie jest legalne i etyczne.<\/p>\n<p>Znajomo\u015b\u0107 ram prawnych jest niezb\u0119dna dla ka\u017cdego badacza. Z tego powodu naszym obowi\u0105zkiem jest zapewnienie przejrzysto\u015bci i informowanie naszych klient\u00f3w o ich obowi\u0105zkach. Je\u015bli w Chemgramx <b>Kup Alpha-PHP na sprzeda\u017c<\/b>, potwierdzaj\u0105 Pa\u0144stwo znajomo\u015b\u0107 i przestrzeganie niniejszych warunk\u00f3w.<\/p>\n<h2>Wnioski i kolejne badania<\/h2>\n<p>Podsumowuj\u0105c, Chemgramx jest idealnym \u017ar\u00f3d\u0142em wysokiej jako\u015bci alfa-PHP, opracowanego specjalnie do cel\u00f3w badawczych. Oferujemy nie tylko produkt o <b>najwy\u017cszej czysto\u015bci na sprzeda\u017c<\/b>, ale tak\u017ce pewno\u015b\u0107, \u017ce Twoje badania opieraj\u0105 si\u0119 na solidnych podstawach. Nasze rygorystyczne kontrole jako\u015bci i zaanga\u017cowanie w zapewnienie rzetelno\u015bci naukowej stanowi\u0105 sedno naszej oferty.<\/p>\n<p>Dlatego zapraszamy Pa\u0144stwa do, <b>Zam\u00f3w Alpha-PHP online<\/b> i do\u015bwiadczy\u0107 jako\u015bci, kt\u00f3ra wyr\u00f3\u017cnia Chemgramx. Dzi\u0119ki naszemu przejrzystemu podej\u015bciu i skupieniu si\u0119 na zadowoleniu klienta zapewniamy <b>pewny zakup<\/b>. Rozpocznij ju\u017c dzi\u015b swoje kolejne prze\u0142omowe eksperymenty z produktami Chemgramx, Twojego niezawodnego partnera w badaniach naukowych. Najlepszy Alpha-PHP dla Twoich projekt\u00f3w czeka na Ciebie.<\/p>","protected":false},"excerpt":{"rendered":"<p>Odkryj nasze <b>Alpha-PHP w najwy\u017cszej jako\u015bci badawczej<\/b>, idealny do precyzyjnych analiz laboratoryjnych i eksperyment\u00f3w naukowych. Ten czysty \u03b1-pirolidinoheksanofenon podlega \u015bcis\u0142ej kontroli jako\u015bci i zapewnia niezawodno\u015b\u0107 bada\u0144. Produkt jest przeznaczony wy\u0142\u0105cznie do cel\u00f3w badawczych.<\/p>\n<ul>\n<li>Najczystszy \u03b1-pirolidinoheksanofenon<\/li>\n<li>Idealny do bada\u0144 analitycznych i przedklinicznych<\/li>\n<li>Jako\u015b\u0107 i niezawodno\u015b\u0107<\/li>\n<\/ul>\n<p><b>Kup Alpha-PHP<\/b> Ju\u017c dzi\u015b w Chemgramx \u2013 Twoim partnerze w zakresie autentycznych chemikali\u00f3w badawczych.<\/p>","protected":false},"featured_media":8067,"comment_status":"open","ping_status":"closed","template":"","meta":{"_joinchat":[]},"product_brand":[],"product_cat":[48],"product_tag":[2793,2797,2789,2794,2798,2795,2790,2791,2792,2796],"class_list":{"0":"post-8019","1":"product","2":"type-product","3":"status-publish","4":"has-post-thumbnail","6":"product_cat-stimulants","7":"product_tag-alpha-php-chemikalien","8":"product_tag-alpha-php-drogen","9":"product_tag-alpha-php-kaufen","10":"product_tag-alpha-php-kaufen-deutschland","11":"product_tag-alpha-php-kaufen-online","12":"product_tag-alpha-php-kaufen-shop","13":"product_tag-alpha-php-kristalle","14":"product_tag-alpha-php-online-kaufen","15":"product_tag-alpha-php-preis","16":"product_tag-alpha-php-prodej","18":"first","19":"instock","20":"shipping-taxable","21":"purchasable","22":"product-type-variable"},"yoast_head":"<!-- This site is optimized with the Yoast SEO plugin v27.5 - https:\/\/yoast.com\/product\/yoast-seo-wordpress\/ -->\n<title>Alpha-PHP Kaufen - Hohe Reinheit &amp; Qualit\u00e4t<\/title>\n<meta name=\"description\" content=\"Entdecken Sie Alpha-PHP in h\u00f6chster Forschungsqualit\u00e4t. Jetzt online Alpha-PHP kaufen f\u00fcr Ihre Laborzwecke bei Chemgramx. Sicherer Kauf garantiert.\" \/>\n<meta name=\"robots\" content=\"index, follow, max-snippet:-1, max-image-preview:large, max-video-preview:-1\" \/>\n<link rel=\"canonical\" href=\"https:\/\/chemgramx.com\/pl\/produkt-1\/kupic-alpha-php-online\/\" \/>\n<meta property=\"og:locale\" content=\"pl_PL\" \/>\n<meta property=\"og:type\" content=\"article\" \/>\n<meta property=\"og:title\" content=\"Alpha-PHP Kaufen - Hohe Reinheit &amp; Qualit\u00e4t\" \/>\n<meta property=\"og:description\" content=\"Entdecken Sie Alpha-PHP in h\u00f6chster Forschungsqualit\u00e4t. Jetzt online Alpha-PHP kaufen f\u00fcr Ihre Laborzwecke bei Chemgramx. Sicherer Kauf garantiert.\" \/>\n<meta property=\"og:url\" content=\"https:\/\/chemgramx.com\/pl\/produkt-1\/kupic-alpha-php-online\/\" \/>\n<meta property=\"og:site_name\" content=\"Chemgramx\" \/>\n<meta property=\"article:modified_time\" content=\"2025-12-09T10:37:32+00:00\" \/>\n<meta property=\"og:image\" content=\"https:\/\/chemgramx.com\/wp-content\/uploads\/2025\/11\/Alpha-PHP-kaufen.webp\" \/>\n\t<meta property=\"og:image:width\" content=\"500\" \/>\n\t<meta property=\"og:image:height\" content=\"378\" \/>\n\t<meta property=\"og:image:type\" content=\"image\/webp\" \/>\n<meta name=\"twitter:card\" content=\"summary_large_image\" \/>\n<meta name=\"twitter:label1\" content=\"Szacowany czas czytania\" \/>\n\t<meta name=\"twitter:data1\" content=\"2 minuty\" \/>\n<script type=\"application\/ld+json\" class=\"yoast-schema-graph\">{\"@context\":\"https:\\\/\\\/schema.org\",\"@graph\":[{\"@type\":\"WebPage\",\"@id\":\"https:\\\/\\\/chemgramx.com\\\/product\\\/alpha-php-online-kaufen\\\/\",\"url\":\"https:\\\/\\\/chemgramx.com\\\/product\\\/alpha-php-online-kaufen\\\/\",\"name\":\"Alpha-PHP Kaufen - Hohe Reinheit & Qualit\u00e4t\",\"isPartOf\":{\"@id\":\"https:\\\/\\\/chemgramx.com\\\/#website\"},\"primaryImageOfPage\":{\"@id\":\"https:\\\/\\\/chemgramx.com\\\/product\\\/alpha-php-online-kaufen\\\/#primaryimage\"},\"image\":{\"@id\":\"https:\\\/\\\/chemgramx.com\\\/product\\\/alpha-php-online-kaufen\\\/#primaryimage\"},\"thumbnailUrl\":\"https:\\\/\\\/chemgramx.com\\\/wp-content\\\/uploads\\\/2025\\\/11\\\/Alpha-PHP-kaufen.webp\",\"datePublished\":\"2025-11-21T16:45:56+00:00\",\"dateModified\":\"2025-12-09T10:37:32+00:00\",\"description\":\"Entdecken Sie Alpha-PHP in h\u00f6chster Forschungsqualit\u00e4t. Jetzt online Alpha-PHP kaufen f\u00fcr Ihre Laborzwecke bei Chemgramx. Sicherer Kauf garantiert.\",\"breadcrumb\":{\"@id\":\"https:\\\/\\\/chemgramx.com\\\/product\\\/alpha-php-online-kaufen\\\/#breadcrumb\"},\"inLanguage\":\"pl-PL\",\"potentialAction\":[{\"@type\":\"ReadAction\",\"target\":[\"https:\\\/\\\/chemgramx.com\\\/product\\\/alpha-php-online-kaufen\\\/\"]}]},{\"@type\":\"ImageObject\",\"inLanguage\":\"pl-PL\",\"@id\":\"https:\\\/\\\/chemgramx.com\\\/product\\\/alpha-php-online-kaufen\\\/#primaryimage\",\"url\":\"https:\\\/\\\/chemgramx.com\\\/wp-content\\\/uploads\\\/2025\\\/11\\\/Alpha-PHP-kaufen.webp\",\"contentUrl\":\"https:\\\/\\\/chemgramx.com\\\/wp-content\\\/uploads\\\/2025\\\/11\\\/Alpha-PHP-kaufen.webp\",\"width\":500,\"height\":378},{\"@type\":\"BreadcrumbList\",\"@id\":\"https:\\\/\\\/chemgramx.com\\\/product\\\/alpha-php-online-kaufen\\\/#breadcrumb\",\"itemListElement\":[{\"@type\":\"ListItem\",\"position\":1,\"name\":\"Home\",\"item\":\"https:\\\/\\\/chemgramx.com\\\/\"},{\"@type\":\"ListItem\",\"position\":2,\"name\":\"Shop\",\"item\":\"https:\\\/\\\/chemgramx.com\\\/shop\\\/\"},{\"@type\":\"ListItem\",\"position\":3,\"name\":\"Alpha-PHP Kaufen &#8211; Hohe Reinheit &amp; Qualit\u00e4t\"}]},{\"@type\":\"WebSite\",\"@id\":\"https:\\\/\\\/chemgramx.com\\\/#website\",\"url\":\"https:\\\/\\\/chemgramx.com\\\/\",\"name\":\"Chemgramx\",\"description\":\"\",\"publisher\":{\"@id\":\"https:\\\/\\\/chemgramx.com\\\/#organization\"},\"potentialAction\":[{\"@type\":\"SearchAction\",\"target\":{\"@type\":\"EntryPoint\",\"urlTemplate\":\"https:\\\/\\\/chemgramx.com\\\/?s={search_term_string}\"},\"query-input\":{\"@type\":\"PropertyValueSpecification\",\"valueRequired\":true,\"valueName\":\"search_term_string\"}}],\"inLanguage\":\"pl-PL\"},{\"@type\":\"Organization\",\"@id\":\"https:\\\/\\\/chemgramx.com\\\/#organization\",\"name\":\"Chemgramx\",\"url\":\"https:\\\/\\\/chemgramx.com\\\/\",\"logo\":{\"@type\":\"ImageObject\",\"inLanguage\":\"pl-PL\",\"@id\":\"https:\\\/\\\/chemgramx.com\\\/#\\\/schema\\\/logo\\\/image\\\/\",\"url\":\"https:\\\/\\\/chemgramx.com\\\/wp-content\\\/uploads\\\/2024\\\/10\\\/final-logo.png\",\"contentUrl\":\"https:\\\/\\\/chemgramx.com\\\/wp-content\\\/uploads\\\/2024\\\/10\\\/final-logo.png\",\"width\":250,\"height\":48,\"caption\":\"Chemgramx\"},\"image\":{\"@id\":\"https:\\\/\\\/chemgramx.com\\\/#\\\/schema\\\/logo\\\/image\\\/\"}}]}<\/script>\n<!-- \/ Yoast SEO plugin. -->","yoast_head_json":{"title":"Kup Alpha-PHP \u2013 wysoka czysto\u015b\u0107 i jako\u015b\u0107","description":"Odkryj Alpha-PHP najwy\u017cszej jako\u015bci badawczej. Kup Alpha-PHP online do cel\u00f3w laboratoryjnych w Chemgramx. Gwarantujemy bezpieczny zakup.","robots":{"index":"index","follow":"follow","max-snippet":"max-snippet:-1","max-image-preview":"max-image-preview:large","max-video-preview":"max-video-preview:-1"},"canonical":"https:\/\/chemgramx.com\/pl\/produkt-1\/kupic-alpha-php-online\/","og_locale":"pl_PL","og_type":"article","og_title":"Alpha-PHP Kaufen - Hohe Reinheit & Qualit\u00e4t","og_description":"Entdecken Sie Alpha-PHP in h\u00f6chster Forschungsqualit\u00e4t. Jetzt online Alpha-PHP kaufen f\u00fcr Ihre Laborzwecke bei Chemgramx. Sicherer Kauf garantiert.","og_url":"https:\/\/chemgramx.com\/pl\/produkt-1\/kupic-alpha-php-online\/","og_site_name":"Chemgramx","article_modified_time":"2025-12-09T10:37:32+00:00","og_image":[{"width":500,"height":378,"url":"https:\/\/chemgramx.com\/wp-content\/uploads\/2025\/11\/Alpha-PHP-kaufen.webp","type":"image\/webp"}],"twitter_card":"summary_large_image","twitter_misc":{"Szacowany czas czytania":"2 minuty"},"schema":{"@context":"https:\/\/schema.org","@graph":[{"@type":"WebPage","@id":"https:\/\/chemgramx.com\/product\/alpha-php-online-kaufen\/","url":"https:\/\/chemgramx.com\/product\/alpha-php-online-kaufen\/","name":"Kup Alpha-PHP \u2013 wysoka czysto\u015b\u0107 i jako\u015b\u0107","isPartOf":{"@id":"https:\/\/chemgramx.com\/#website"},"primaryImageOfPage":{"@id":"https:\/\/chemgramx.com\/product\/alpha-php-online-kaufen\/#primaryimage"},"image":{"@id":"https:\/\/chemgramx.com\/product\/alpha-php-online-kaufen\/#primaryimage"},"thumbnailUrl":"https:\/\/chemgramx.com\/wp-content\/uploads\/2025\/11\/Alpha-PHP-kaufen.webp","datePublished":"2025-11-21T16:45:56+00:00","dateModified":"2025-12-09T10:37:32+00:00","description":"Odkryj Alpha-PHP najwy\u017cszej jako\u015bci badawczej. Kup Alpha-PHP online do cel\u00f3w laboratoryjnych w Chemgramx. Gwarantujemy bezpieczny zakup.","breadcrumb":{"@id":"https:\/\/chemgramx.com\/product\/alpha-php-online-kaufen\/#breadcrumb"},"inLanguage":"pl-PL","potentialAction":[{"@type":"ReadAction","target":["https:\/\/chemgramx.com\/product\/alpha-php-online-kaufen\/"]}]},{"@type":"ImageObject","inLanguage":"pl-PL","@id":"https:\/\/chemgramx.com\/product\/alpha-php-online-kaufen\/#primaryimage","url":"https:\/\/chemgramx.com\/wp-content\/uploads\/2025\/11\/Alpha-PHP-kaufen.webp","contentUrl":"https:\/\/chemgramx.com\/wp-content\/uploads\/2025\/11\/Alpha-PHP-kaufen.webp","width":500,"height":378},{"@type":"BreadcrumbList","@id":"https:\/\/chemgramx.com\/product\/alpha-php-online-kaufen\/#breadcrumb","itemListElement":[{"@type":"ListItem","position":1,"name":"Home","item":"https:\/\/chemgramx.com\/"},{"@type":"ListItem","position":2,"name":"Shop","item":"https:\/\/chemgramx.com\/shop\/"},{"@type":"ListItem","position":3,"name":"Alpha-PHP Kaufen &#8211; Hohe Reinheit &amp; Qualit\u00e4t"}]},{"@type":"WebSite","@id":"https:\/\/chemgramx.com\/#website","url":"https:\/\/chemgramx.com\/","name":"Chemgramx","description":"","publisher":{"@id":"https:\/\/chemgramx.com\/#organization"},"potentialAction":[{"@type":"SearchAction","target":{"@type":"EntryPoint","urlTemplate":"https:\/\/chemgramx.com\/?s={search_term_string}"},"query-input":{"@type":"PropertyValueSpecification","valueRequired":true,"valueName":"search_term_string"}}],"inLanguage":"pl-PL"},{"@type":"Organization","@id":"https:\/\/chemgramx.com\/#organization","name":"Chemgramx","url":"https:\/\/chemgramx.com\/","logo":{"@type":"ImageObject","inLanguage":"pl-PL","@id":"https:\/\/chemgramx.com\/#\/schema\/logo\/image\/","url":"https:\/\/chemgramx.com\/wp-content\/uploads\/2024\/10\/final-logo.png","contentUrl":"https:\/\/chemgramx.com\/wp-content\/uploads\/2024\/10\/final-logo.png","width":250,"height":48,"caption":"Chemgramx"},"image":{"@id":"https:\/\/chemgramx.com\/#\/schema\/logo\/image\/"}}]}},"_links":{"self":[{"href":"https:\/\/chemgramx.com\/pl\/wp-json\/wp\/v2\/product\/8019","targetHints":{"allow":["GET"]}}],"collection":[{"href":"https:\/\/chemgramx.com\/pl\/wp-json\/wp\/v2\/product"}],"about":[{"href":"https:\/\/chemgramx.com\/pl\/wp-json\/wp\/v2\/types\/product"}],"replies":[{"embeddable":true,"href":"https:\/\/chemgramx.com\/pl\/wp-json\/wp\/v2\/comments?post=8019"}],"wp:featuredmedia":[{"embeddable":true,"href":"https:\/\/chemgramx.com\/pl\/wp-json\/wp\/v2\/media\/8067"}],"wp:attachment":[{"href":"https:\/\/chemgramx.com\/pl\/wp-json\/wp\/v2\/media?parent=8019"}],"wp:term":[{"taxonomy":"product_brand","embeddable":true,"href":"https:\/\/chemgramx.com\/pl\/wp-json\/wp\/v2\/product_brand?post=8019"},{"taxonomy":"product_cat","embeddable":true,"href":"https:\/\/chemgramx.com\/pl\/wp-json\/wp\/v2\/product_cat?post=8019"},{"taxonomy":"product_tag","embeddable":true,"href":"https:\/\/chemgramx.com\/pl\/wp-json\/wp\/v2\/product_tag?post=8019"}],"curies":[{"name":"wp","href":"https:\/\/api.w.org\/{rel}","templated":true}]}}