{"id":8024,"date":"2025-11-21T16:45:57","date_gmt":"2025-11-21T16:45:57","guid":{"rendered":"https:\/\/chemgramx.com\/?post_type=product&#038;p=8024"},"modified":"2025-12-09T10:34:28","modified_gmt":"2025-12-09T10:34:28","slug":"4-kup-fluorokaine-online","status":"publish","type":"product","link":"https:\/\/chemgramx.com\/pl\/product\/4-fluorococaine-online-kaufen\/","title":{"rendered":"Kup 4-fluorokokain\u0119 \u2013 wysoka czysto\u015b\u0107"},"content":{"rendered":"<p>Witamy w Chemgramx, wiod\u0105cym \u017ar\u00f3dle wysokiej jako\u015bci chemikali\u00f3w badawczych. Je\u015bli <b>4-fluorokokaina na sprzeda\u017c<\/b> szukasz, to trafi\u0142e\u015b we w\u0142a\u015bciwe miejsce. Produkt ten znany jest ze swoich <b>wysoka czysto\u015b\u0107 na sprzeda\u017c<\/b> i jest oferowany wy\u0142\u0105cznie do cel\u00f3w badawczych i laboratoryjnych. Ponadto gwarantujemy, \u017ce jest to <b>Jako\u015b\u0107 bada\u0144 naukowych na sprzeda\u017c<\/b> kt\u00f3ra spe\u0142nia najbardziej wymagaj\u0105ce standardy naukowe.<\/p>\n<p>Ponadto oferujemy Pa\u0144stwu mo\u017cliwo\u015b\u0107, <a href=\"https:\/\/chemgramx.com\/product\/4-fluorococaine-online-kaufen\/\"><b>Zam\u00f3w 4-fluorokokain\u0119 online<\/b><\/a>, aby zapewni\u0107 optymalne wsparcie dla Pa\u0144stwa projekt\u00f3w badawczych. Rozumiemy kluczow\u0105 rol\u0119, jak\u0105 precyzja i niezawodno\u015b\u0107 odgrywaj\u0105 w pracy naukowej. Dlatego ka\u017cdy oferowany przez nas produkt, w tym nasze <b>autentyczna 4-fluorokokaina<\/b>, dok\u0142adnie sprawdzone i przetestowane pod k\u0105tem czysto\u015bci.<\/p>\n<h2>Znaczenie 4-fluorokokainy w badaniach naukowych<\/h2>\n<p>4-fluorokokaina jest syntetycznym zwi\u0105zkiem chemicznym, kt\u00f3ry jest strukturalnie podobny do kokainy, ale zawiera grup\u0119 fluorow\u0105 w pier\u015bcieniu benzenowym. Modyfikacja ta mo\u017ce mie\u0107 znacz\u0105cy wp\u0142yw na jego w\u0142a\u015bciwo\u015bci farmakologiczne. W zwi\u0105zku z tym jest to cenne narz\u0119dzie dla naukowc\u00f3w, kt\u00f3rzy chc\u0105 zbada\u0107 zale\u017cno\u015bci mi\u0119dzy struktur\u0105 a dzia\u0142aniem inhibitor\u00f3w wychwytu zwrotnego dopaminy (DRI).<\/p>\n<p>W szczeg\u00f3lno\u015bci 4-fluorokokaina jest cz\u0119sto stosowana jako standard analityczny lub materia\u0142 referencyjny w toksykologii s\u0105dowej i badaniach farmakologicznych. Umo\u017cliwia to precyzyjne por\u00f3wnania i opracowywanie nowych metod wykrywania. Ponadto badanie jej interakcji z uk\u0142adami neuroprzeka\u017anik\u00f3w jest bardzo interesuj\u0105ce, aby lepiej zrozumie\u0107 potencjalne zastosowania terapeutyczne lub profile ryzyka.<\/p>\n<p>Zapewniamy, \u017ce nasz 4-fluorokokaina jest <b>najwy\u017csza czysto\u015b\u0107 na sprzeda\u017c<\/b> , co jest niezb\u0119dne do uzyskania dok\u0142adnych i powtarzalnych wynik\u00f3w bada\u0144. Dlatego jest to idealny wyb\u00f3r do wymagaj\u0105cych zastosowa\u0144 laboratoryjnych.<\/p>\n<h3>W\u0142a\u015bciwo\u015bci chemiczne i specyfikacje<\/h3>\n<p>Dok\u0142adna znajomo\u015b\u0107 w\u0142a\u015bciwo\u015bci chemicznych ma fundamentalne znaczenie dla ka\u017cdego zastosowania badawczego. Nasza 4-fluorokokaina jest dostarczana wraz ze szczeg\u00f3\u0142owymi specyfikacjami potwierdzaj\u0105cymi jej to\u017csamo\u015b\u0107 i czysto\u015b\u0107. Ponadto jej struktura molekularna jest weryfikowana za pomoc\u0105 najnowocze\u015bniejszych technik analitycznych, takich jak NMR i spektrometria masowa.<\/p>\n<p>R\u00f3wnie wa\u017cne jest zapewnienie sta\u0142ej jako\u015bci partii. Przywi\u0105zujemy du\u017c\u0105 wag\u0119 do rygorystycznej kontroli jako\u015bci, aby zapewni\u0107, \u017ce ka\u017cda partia spe\u0142nia nasze wysokie standardy. Dzi\u0119ki temu zawsze otrzymujesz produkt odpowiedni do najbardziej wymagaj\u0105cych eksperyment\u00f3w.<\/p>\n<p>Naszym celem jest zapewnienie Pa\u0144stwu <b>Najlepsza dost\u0119pna 4-fluorokokaina<\/b> kt\u00f3ry przewy\u017csza Pa\u0144stwa oczekiwania dotycz\u0105ce jako\u015bci i niezawodno\u015bci. Rozumiemy, \u017ce w nauce nie mo\u017cna i\u015b\u0107 na kompromisy w kwestii jako\u015bci produkt\u00f3w. Dlatego ca\u0142y nasz proces produkcyjny jest nastawiony na najwy\u017csz\u0105 precyzj\u0119.<\/p>\n<h2>Zastosowania i obszary bada\u0144<\/h2>\n<p>Wszechstronno\u015b\u0107 4-fluorokokainy sprawia, \u017ce jest ona poszukiwanym narz\u0119dziem w r\u00f3\u017cnych dyscyplinach naukowych. Znajduje ona zastosowanie przede wszystkim w badaniach nad uk\u0142adami neuroprzeka\u017anik\u00f3w i ich modulatorami. Naukowcy mog\u0105 dzi\u0119ki niej szczeg\u00f3\u0142owo bada\u0107 mechanizmy wychwytu zwrotnego dopaminy oraz wp\u0142yw fluoryzacji na te procesy.<\/p>\n<p>Kolejnym wa\u017cnym obszarem zastosowa\u0144 jest opracowywanie i walidacja metod analitycznych. S\u0142u\u017cy on na przyk\u0142ad jako standard referencyjny w chromatografii gazowej sprz\u0119\u017conej ze spektrometri\u0105 masow\u0105 (GC-MS) oraz w wysokosprawnej chromatografii cieczowej (HPLC) do analizy jako\u015bciowej i ilo\u015bciowej podobnych zwi\u0105zk\u00f3w. Ponadto jest niezb\u0119dny do kalibracji urz\u0105dze\u0144 i zapewnienia jako\u015bci w laboratoriach kryminalistycznych.<\/p>\n<p>Ponadto 4-fluorokokaina mo\u017ce by\u0107 stosowana w badaniach przedklinicznych do oceny potencjalnych substancji terapeutycznych lub do bada\u0144 toksykologicznych. Nale\u017cy jednak zawsze zachowa\u0107 charakter badawczy i \u015bci\u015ble przestrzega\u0107 wytycznych etycznych. Nasze <a href=\"https:\/\/chemgramx.com\/product\/kaufen-sie-afghanisches-heroin\/\">Chemikalia badawcze<\/a> s\u0105 przeznaczone wy\u0142\u0105cznie do tego rodzaju bada\u0144, a nie do spo\u017cycia przez ludzi.<\/p>\n<h3>Dlaczego <b>Najwy\u017cszej jako\u015bci 4-fluorokokaina<\/b> Wybierz Chemgramx?<\/h3>\n<p>W Chemgramx zobowi\u0105zujemy si\u0119 do stosowania wy\u0142\u0105cznie <b>Najwy\u017cszej jako\u015bci 4-fluorokokaina<\/b> . Ka\u017cdy produkt poddawany jest rygorystycznym kontrolom czysto\u015bci. Ponadto otrzymuj\u0105 Pa\u0144stwo szczeg\u00f3\u0142owy certyfikat analizy, kt\u00f3ry potwierdza specyfikacje i czysto\u015b\u0107 naszych produkt\u00f3w. Wierzymy w absolutn\u0105 przejrzysto\u015b\u0107, dzi\u0119ki czemu maj\u0105 Pa\u0144stwo pe\u0142n\u0105 pewno\u015b\u0107 co do substancji, kt\u00f3r\u0105 nabywaj\u0105.<\/p>\n<table>\n<thead>\n<tr>\n<th>cecha<\/th>\n<th>zaleta<\/th>\n<\/tr>\n<\/thead>\n<tbody>\n<tr>\n<td><b>Wysoka czysto\u015b\u0107<\/b><\/td>\n<td>Precyzyjne i powtarzalne wyniki dla Twoich bada\u0144<\/td>\n<\/tr>\n<tr>\n<td><b>Jako\u015b\u0107 bada\u0144<\/b><\/td>\n<td>Spe\u0142nia najwy\u017csze standardy laboratoryjne i wymagania eksperymentalne<\/td>\n<\/tr>\n<tr>\n<td><b>Bezpieczny zakup<\/b><\/td>\n<td>Poufna obs\u0142uga i ochrona danych<\/td>\n<\/tr>\n<\/tbody>\n<\/table>\n<p>Nasza 4-fluorokokaina pochodzi z <b>Jako\u015b\u0107 laboratoryjna na sprzeda\u017c<\/b>, zaprojektowany specjalnie do zastosowa\u0144 naukowych. Oznacza to, \u017ce spe\u0142nia najwy\u017csze standardy czysto\u015bci i sp\u00f3jno\u015bci wymagane w wymagaj\u0105cych \u015brodowiskach badawczych. Ponadto zapewnia to powtarzalno\u015b\u0107 eksperyment\u00f3w i chroni przed niepo\u017c\u0105danymi zanieczyszczeniami, kt\u00f3re mog\u0142yby zafa\u0142szowa\u0107 wyniki.<\/p>\n<p>Zakup chemikali\u00f3w do bada\u0144 wymaga zaufania. Z tego powodu przywi\u0105zujemy du\u017c\u0105 wag\u0119 do <a href=\"https:\/\/chemgramx.com\/product\/4-fluorococaine-online-kaufen\/\"><b>bezpieczny zakup<\/b><\/a> i dyskretn\u0105 realizacj\u0119 zam\u00f3wienia. Pa\u0144stwa substancja jest r\u00f3wnie\u017c traktowana z najwy\u017csz\u0105 staranno\u015bci\u0105, aby zapewni\u0107 jej integralno\u015b\u0107 a\u017c do miejsca u\u017cytkowania. Mo\u017cecie Pa\u0144stwo <b>Zam\u00f3w 4-fluorouracyl online<\/b> z pewno\u015bci\u0105, \u017ce Twoja transakcja jest chroniona.<\/p>\n<h2>Nasze zaanga\u017cowanie w jako\u015b\u0107 i satysfakcj\u0119 klienta<\/h2>\n<p>W Chemgramx jako\u015b\u0107 naszych produkt\u00f3w i zadowolenie naszych klient\u00f3w s\u0105 dla nas najwa\u017cniejsze. Dlatego nieustannie inwestujemy w najnowocze\u015bniejszy sprz\u0119t laboratoryjny i wykwalifikowany personel, aby zapewni\u0107 czysto\u015b\u0107 i autentyczno\u015b\u0107 ka\u017cdego zwi\u0105zku. Ponadto poddajemy nasze procesy regularnym audytom wewn\u0119trznym i zewn\u0119trznym, aby zapewni\u0107 najwy\u017csze standardy.<\/p>\n<p>Wiemy, \u017ce dost\u0119p do wiarygodnych materia\u0142\u00f3w badawczych ma kluczowe znaczenie dla post\u0119pu nauki. Z tego powodu oferujemy Pa\u0144stwu mo\u017cliwo\u015b\u0107, <b>autentyczna 4-fluorokokaina<\/b> z pe\u0142nym zaufaniem. Nasz zesp\u00f3\u0142 do\u015bwiadczonych chemik\u00f3w i ekspert\u00f3w logistycznych \u015bci\u015ble wsp\u00f3\u0142pracuje, aby precyzyjnie spe\u0142ni\u0107 Pa\u0144stwa wymagania.<\/p>\n<h3>Odpowiedzialne obchodzenie si\u0119 i wskaz\u00f3wki dotycz\u0105ce bezpiecze\u0144stwa<\/h3>\n<p>Post\u0119powanie z chemikaliami badawczymi, takimi jak 4-fluorokokaina, zawsze wymaga wysokiego poziomu odpowiedzialno\u015bci i przestrzegania rygorystycznych \u015brodk\u00f3w bezpiecze\u0144stwa. W szczeg\u00f3lno\u015bci zalecamy stosowanie odpowiednich \u015brodk\u00f3w ochrony indywidualnej (\u015aOI), takich jak r\u0119kawiczki, okulary ochronne i fartuchy laboratoryjne. Ponadto prace nale\u017cy wykonywa\u0107 w dobrze wentylowanym pomieszczeniu lub pod wyci\u0105giem, aby zminimalizowa\u0107 nara\u017cenie.<\/p>\n<p>Chcemy podkre\u015bli\u0107, \u017ce nasze produkty s\u0105 przeznaczone wy\u0142\u0105cznie do cel\u00f3w badawczych i nie nadaj\u0105 si\u0119 do spo\u017cycia przez ludzi ani do zastosowa\u0144 terapeutycznych. W zwi\u0105zku z tym nadu\u017cywanie naszych substancji jest surowo zabronione i nie ponosimy \u017cadnej odpowiedzialno\u015bci za niew\u0142a\u015bciwe ich u\u017cycie. Zawsze nale\u017cy zapozna\u0107 si\u0119 z obowi\u0105zuj\u0105cymi przepisami i regulacjami w swoim regionie.<\/p>\n<h2>W ten spos\u00f3b mo\u017cna <b>Zam\u00f3w 4-fluorouracyl online<\/b> w Chemgramx<\/h2>\n<p>Proces, aby <b>Zam\u00f3w 4-fluorokokain\u0119 online<\/b>, W Chemgramx proces ten zosta\u0142 celowo zaprojektowany tak, aby by\u0142 prosty i przyjazny dla u\u017cytkownika. Najpierw nale\u017cy przejrze\u0107 nasz\u0105 bogat\u0105 ofert\u0119 produkt\u00f3w i doda\u0107 wybrane artyku\u0142y do koszyka. Nast\u0119pnie nale\u017cy post\u0119powa\u0107 zgodnie z instrukcjami, aby bezpiecznie sfinalizowa\u0107 zakup.<\/p>\n<p>Oferujemy bezpieczn\u0105 i dyskretn\u0105 metod\u0119 zaspokojenia Pa\u0144stwa potrzeb w zakresie chemikali\u00f3w badawczych. Mog\u0105 Pa\u0144stwo mie\u0107 pewno\u015b\u0107, \u017ce Pa\u0144stwa dane s\u0105 chronione, a Pa\u0144stwa <b>Bezpieczny zakup<\/b> jest traktowana z najwy\u017csz\u0105 poufno\u015bci\u0105. W ko\u0144cu dzi\u0119ki Chemgramx masz u boku niezawodnego partnera, kt\u00f3ry po\u015bwi\u0119ci\u0142 si\u0119 dostarczaniu najwy\u017cszej jako\u015bci materia\u0142\u00f3w badawczych.<\/p>\n<p>Zapraszamy do zapoznania si\u0119 z nasz\u0105 ofert\u0105 i przekonania si\u0119 o jako\u015bci naszych produkt\u00f3w. <b>Kup teraz online<\/b> i przenie\u015b swoje badania na wy\u017cszy poziom. Kup <b>autentyczna 4-fluorokokaina<\/b> od zaufanego dostawcy \u2013 <b>kup w Chemgramx<\/b>.<\/p>\n<p>Podsumowuj\u0105c, mo\u017cna powiedzie\u0107, \u017ce nasz <b>4-fluorokokaina na sprzeda\u017c<\/b> idealny wyb\u00f3r dla naukowc\u00f3w i badaczy, kt\u00f3rzy stawiaj\u0105 najwy\u017csze wymagania w zakresie czysto\u015bci, jako\u015bci i niezawodno\u015bci. Zobowi\u0105zujemy si\u0119 r\u00f3wnie\u017c do zapewnienia Pa\u0144stwu <b>Najlepsza dost\u0119pna 4-fluorokokaina<\/b> wspierane doskona\u0142\u0105 obs\u0142ug\u0105 i rygorystyczn\u0105 kontrol\u0105 jako\u015bci.<\/p>\n<p>Zapraszamy do prowadzenia bada\u0144 z wykorzystaniem naszych <b>wysokiej jako\u015bci chemikalia badawcze<\/b> . Dlatego nie wahaj si\u0119, <b>kup teraz online<\/b> i skorzysta\u0107 z naszej wiedzy specjalistycznej. Naszym celem jest Pa\u0144stwa sukces i jeste\u015bmy dumni, \u017ce mo\u017cemy towarzyszy\u0107 Pa\u0144stwu w Pa\u0144stwa naukowej drodze.<\/p>","protected":false},"excerpt":{"rendered":"<p>Odkryj <b>4-Fluorokaina<\/b> w <b>najwy\u017cszej czysto\u015bci na sprzeda\u017c<\/b> w Chemgramx. Ten produkt firmy <b>Jako\u015b\u0107 bada\u0144 naukowych na sprzeda\u017c<\/b> jest idealny do wymagaj\u0105cych bada\u0144 analitycznych i farmakologicznych. <b>Zam\u00f3w 4-fluorokokain\u0119 online<\/b> i bezpieczny <b>autentyczna jako\u015b\u0107 laboratoryjna<\/b> do swoich projekt\u00f3w naukowych. Kupuj w Chemgramx, aby uzyska\u0107 doskona\u0142e wyniki.<\/p>","protected":false},"featured_media":8079,"comment_status":"open","ping_status":"closed","template":"","meta":{"_joinchat":[]},"product_brand":[],"product_cat":[48],"product_tag":[1511,1527,1524,1534,1520,1533,1517,1518,1513,1510,1529,1531,1514,1525,1528,1512,1519,1530,1535,1532,1515,1516,1526,1521,1523,1522],"class_list":{"0":"post-8024","1":"product","2":"type-product","3":"status-publish","4":"has-post-thumbnail","6":"product_cat-stimulants","7":"product_tag-4-fluorococain-bestellen","8":"product_tag-4-fluorococaine-bestellen","9":"product_tag-4-fluorococaine-bulk-bestellung","10":"product_tag-4-fluorococaine-chemikalie","11":"product_tag-4-fluorococaine-experimente","12":"product_tag-4-fluorococaine-forschung","13":"product_tag-4-fluorococaine-forschung-chemikalie","14":"product_tag-4-fluorococaine-fur-neurowissenschaftliche-studien","15":"product_tag-4-fluorococaine-groshandel","16":"product_tag-4-fluorococaine-kaufen","17":"product_tag-4-fluorococaine-labor","18":"product_tag-4-fluorococaine-legal","19":"product_tag-4-fluorococaine-lieferant","20":"product_tag-4-fluorococaine-marktanalyse","21":"product_tag-4-fluorococaine-online","22":"product_tag-4-fluorococaine-online-bestellen","23":"product_tag-4-fluorococaine-pharmazeutische-forschung","24":"product_tag-4-fluorococaine-sicher","25":"product_tag-4-fluorococaine-versand","26":"product_tag-4fluorococaine-gunstig","27":"product_tag-forschung-chemikalien-4-fluorococaine","28":"product_tag-hochwertige-4-fluorococaine-kaufen","29":"product_tag-innovative-4-fluorococaine-forschung","30":"product_tag-laborqualitat-4-fluorococaine","31":"product_tag-legaler-4-fluorococaine-anbieter","32":"product_tag-sicherer-4-fluorococaine-versand","34":"first","35":"instock","36":"shipping-taxable","37":"purchasable","38":"product-type-variable"},"yoast_head":"<!-- This site is optimized with the Yoast SEO plugin v27.5 - https:\/\/yoast.com\/product\/yoast-seo-wordpress\/ -->\n<title>4-Fluorococaine kaufen \u2013 Hohe Reinheit<\/title>\n<meta name=\"description\" content=\"Entdecken Sie hochwertiges 4-Fluorococaine f\u00fcr Forschungszwecke. Sichern Sie sich authentische Laborqualit\u00e4t und bestellen Sie jetzt online bei Chemgramx.\" \/>\n<meta name=\"robots\" content=\"index, follow, max-snippet:-1, max-image-preview:large, max-video-preview:-1\" \/>\n<link rel=\"canonical\" href=\"https:\/\/chemgramx.com\/pl\/produkt-1\/4-kup-fluorokaine-online\/\" \/>\n<meta property=\"og:locale\" content=\"pl_PL\" \/>\n<meta property=\"og:type\" content=\"article\" \/>\n<meta property=\"og:title\" content=\"4-Fluorococaine kaufen \u2013 Hohe Reinheit\" \/>\n<meta property=\"og:description\" content=\"Entdecken Sie hochwertiges 4-Fluorococaine f\u00fcr Forschungszwecke. Sichern Sie sich authentische Laborqualit\u00e4t und bestellen Sie jetzt online bei Chemgramx.\" \/>\n<meta property=\"og:url\" content=\"https:\/\/chemgramx.com\/pl\/produkt-1\/4-kup-fluorokaine-online\/\" \/>\n<meta property=\"og:site_name\" content=\"Chemgramx\" \/>\n<meta property=\"article:modified_time\" content=\"2025-12-09T10:34:28+00:00\" \/>\n<meta property=\"og:image\" content=\"https:\/\/chemgramx.com\/wp-content\/uploads\/2025\/11\/4-Fluorococaine-kaufen.jpg\" \/>\n\t<meta property=\"og:image:width\" content=\"750\" \/>\n\t<meta property=\"og:image:height\" content=\"500\" \/>\n\t<meta property=\"og:image:type\" content=\"image\/jpeg\" \/>\n<meta name=\"twitter:card\" content=\"summary_large_image\" \/>\n<meta name=\"twitter:label1\" content=\"Szacowany czas czytania\" \/>\n\t<meta name=\"twitter:data1\" content=\"2 minuty\" \/>\n<script type=\"application\/ld+json\" class=\"yoast-schema-graph\">{\"@context\":\"https:\\\/\\\/schema.org\",\"@graph\":[{\"@type\":\"WebPage\",\"@id\":\"https:\\\/\\\/chemgramx.com\\\/product\\\/4-fluorococaine-online-kaufen\\\/\",\"url\":\"https:\\\/\\\/chemgramx.com\\\/product\\\/4-fluorococaine-online-kaufen\\\/\",\"name\":\"4-Fluorococaine kaufen \u2013 Hohe Reinheit\",\"isPartOf\":{\"@id\":\"https:\\\/\\\/chemgramx.com\\\/#website\"},\"primaryImageOfPage\":{\"@id\":\"https:\\\/\\\/chemgramx.com\\\/product\\\/4-fluorococaine-online-kaufen\\\/#primaryimage\"},\"image\":{\"@id\":\"https:\\\/\\\/chemgramx.com\\\/product\\\/4-fluorococaine-online-kaufen\\\/#primaryimage\"},\"thumbnailUrl\":\"https:\\\/\\\/chemgramx.com\\\/wp-content\\\/uploads\\\/2025\\\/11\\\/4-Fluorococaine-kaufen.jpg\",\"datePublished\":\"2025-11-21T16:45:57+00:00\",\"dateModified\":\"2025-12-09T10:34:28+00:00\",\"description\":\"Entdecken Sie hochwertiges 4-Fluorococaine f\u00fcr Forschungszwecke. Sichern Sie sich authentische Laborqualit\u00e4t und bestellen Sie jetzt online bei Chemgramx.\",\"breadcrumb\":{\"@id\":\"https:\\\/\\\/chemgramx.com\\\/product\\\/4-fluorococaine-online-kaufen\\\/#breadcrumb\"},\"inLanguage\":\"pl-PL\",\"potentialAction\":[{\"@type\":\"ReadAction\",\"target\":[\"https:\\\/\\\/chemgramx.com\\\/product\\\/4-fluorococaine-online-kaufen\\\/\"]}]},{\"@type\":\"ImageObject\",\"inLanguage\":\"pl-PL\",\"@id\":\"https:\\\/\\\/chemgramx.com\\\/product\\\/4-fluorococaine-online-kaufen\\\/#primaryimage\",\"url\":\"https:\\\/\\\/chemgramx.com\\\/wp-content\\\/uploads\\\/2025\\\/11\\\/4-Fluorococaine-kaufen.jpg\",\"contentUrl\":\"https:\\\/\\\/chemgramx.com\\\/wp-content\\\/uploads\\\/2025\\\/11\\\/4-Fluorococaine-kaufen.jpg\",\"width\":750,\"height\":500},{\"@type\":\"BreadcrumbList\",\"@id\":\"https:\\\/\\\/chemgramx.com\\\/product\\\/4-fluorococaine-online-kaufen\\\/#breadcrumb\",\"itemListElement\":[{\"@type\":\"ListItem\",\"position\":1,\"name\":\"Home\",\"item\":\"https:\\\/\\\/chemgramx.com\\\/\"},{\"@type\":\"ListItem\",\"position\":2,\"name\":\"Shop\",\"item\":\"https:\\\/\\\/chemgramx.com\\\/shop\\\/\"},{\"@type\":\"ListItem\",\"position\":3,\"name\":\"4-Fluorococaine kaufen \u2013 Hohe Reinheit\"}]},{\"@type\":\"WebSite\",\"@id\":\"https:\\\/\\\/chemgramx.com\\\/#website\",\"url\":\"https:\\\/\\\/chemgramx.com\\\/\",\"name\":\"Chemgramx\",\"description\":\"\",\"publisher\":{\"@id\":\"https:\\\/\\\/chemgramx.com\\\/#organization\"},\"potentialAction\":[{\"@type\":\"SearchAction\",\"target\":{\"@type\":\"EntryPoint\",\"urlTemplate\":\"https:\\\/\\\/chemgramx.com\\\/?s={search_term_string}\"},\"query-input\":{\"@type\":\"PropertyValueSpecification\",\"valueRequired\":true,\"valueName\":\"search_term_string\"}}],\"inLanguage\":\"pl-PL\"},{\"@type\":\"Organization\",\"@id\":\"https:\\\/\\\/chemgramx.com\\\/#organization\",\"name\":\"Chemgramx\",\"url\":\"https:\\\/\\\/chemgramx.com\\\/\",\"logo\":{\"@type\":\"ImageObject\",\"inLanguage\":\"pl-PL\",\"@id\":\"https:\\\/\\\/chemgramx.com\\\/#\\\/schema\\\/logo\\\/image\\\/\",\"url\":\"https:\\\/\\\/chemgramx.com\\\/wp-content\\\/uploads\\\/2024\\\/10\\\/final-logo.png\",\"contentUrl\":\"https:\\\/\\\/chemgramx.com\\\/wp-content\\\/uploads\\\/2024\\\/10\\\/final-logo.png\",\"width\":250,\"height\":48,\"caption\":\"Chemgramx\"},\"image\":{\"@id\":\"https:\\\/\\\/chemgramx.com\\\/#\\\/schema\\\/logo\\\/image\\\/\"}}]}<\/script>\n<!-- \/ Yoast SEO plugin. -->","yoast_head_json":{"title":"Kup 4-fluorokokain\u0119 \u2013 wysoka czysto\u015b\u0107","description":"Odkryj wysokiej jako\u015bci 4-fluorokokain\u0119 do cel\u00f3w badawczych. Zapewnij sobie autentyczn\u0105 jako\u015b\u0107 laboratoryjn\u0105 i zam\u00f3w teraz online w Chemgramx.","robots":{"index":"index","follow":"follow","max-snippet":"max-snippet:-1","max-image-preview":"max-image-preview:large","max-video-preview":"max-video-preview:-1"},"canonical":"https:\/\/chemgramx.com\/pl\/produkt-1\/4-kup-fluorokaine-online\/","og_locale":"pl_PL","og_type":"article","og_title":"4-Fluorococaine kaufen \u2013 Hohe Reinheit","og_description":"Entdecken Sie hochwertiges 4-Fluorococaine f\u00fcr Forschungszwecke. Sichern Sie sich authentische Laborqualit\u00e4t und bestellen Sie jetzt online bei Chemgramx.","og_url":"https:\/\/chemgramx.com\/pl\/produkt-1\/4-kup-fluorokaine-online\/","og_site_name":"Chemgramx","article_modified_time":"2025-12-09T10:34:28+00:00","og_image":[{"width":750,"height":500,"url":"https:\/\/chemgramx.com\/wp-content\/uploads\/2025\/11\/4-Fluorococaine-kaufen.jpg","type":"image\/jpeg"}],"twitter_card":"summary_large_image","twitter_misc":{"Szacowany czas czytania":"2 minuty"},"schema":{"@context":"https:\/\/schema.org","@graph":[{"@type":"WebPage","@id":"https:\/\/chemgramx.com\/product\/4-fluorococaine-online-kaufen\/","url":"https:\/\/chemgramx.com\/product\/4-fluorococaine-online-kaufen\/","name":"Kup 4-fluorokokain\u0119 \u2013 wysoka czysto\u015b\u0107","isPartOf":{"@id":"https:\/\/chemgramx.com\/#website"},"primaryImageOfPage":{"@id":"https:\/\/chemgramx.com\/product\/4-fluorococaine-online-kaufen\/#primaryimage"},"image":{"@id":"https:\/\/chemgramx.com\/product\/4-fluorococaine-online-kaufen\/#primaryimage"},"thumbnailUrl":"https:\/\/chemgramx.com\/wp-content\/uploads\/2025\/11\/4-Fluorococaine-kaufen.jpg","datePublished":"2025-11-21T16:45:57+00:00","dateModified":"2025-12-09T10:34:28+00:00","description":"Odkryj wysokiej jako\u015bci 4-fluorokokain\u0119 do cel\u00f3w badawczych. Zapewnij sobie autentyczn\u0105 jako\u015b\u0107 laboratoryjn\u0105 i zam\u00f3w teraz online w Chemgramx.","breadcrumb":{"@id":"https:\/\/chemgramx.com\/product\/4-fluorococaine-online-kaufen\/#breadcrumb"},"inLanguage":"pl-PL","potentialAction":[{"@type":"ReadAction","target":["https:\/\/chemgramx.com\/product\/4-fluorococaine-online-kaufen\/"]}]},{"@type":"ImageObject","inLanguage":"pl-PL","@id":"https:\/\/chemgramx.com\/product\/4-fluorococaine-online-kaufen\/#primaryimage","url":"https:\/\/chemgramx.com\/wp-content\/uploads\/2025\/11\/4-Fluorococaine-kaufen.jpg","contentUrl":"https:\/\/chemgramx.com\/wp-content\/uploads\/2025\/11\/4-Fluorococaine-kaufen.jpg","width":750,"height":500},{"@type":"BreadcrumbList","@id":"https:\/\/chemgramx.com\/product\/4-fluorococaine-online-kaufen\/#breadcrumb","itemListElement":[{"@type":"ListItem","position":1,"name":"Home","item":"https:\/\/chemgramx.com\/"},{"@type":"ListItem","position":2,"name":"Shop","item":"https:\/\/chemgramx.com\/shop\/"},{"@type":"ListItem","position":3,"name":"4-Fluorococaine kaufen \u2013 Hohe Reinheit"}]},{"@type":"WebSite","@id":"https:\/\/chemgramx.com\/#website","url":"https:\/\/chemgramx.com\/","name":"Chemgramx","description":"","publisher":{"@id":"https:\/\/chemgramx.com\/#organization"},"potentialAction":[{"@type":"SearchAction","target":{"@type":"EntryPoint","urlTemplate":"https:\/\/chemgramx.com\/?s={search_term_string}"},"query-input":{"@type":"PropertyValueSpecification","valueRequired":true,"valueName":"search_term_string"}}],"inLanguage":"pl-PL"},{"@type":"Organization","@id":"https:\/\/chemgramx.com\/#organization","name":"Chemgramx","url":"https:\/\/chemgramx.com\/","logo":{"@type":"ImageObject","inLanguage":"pl-PL","@id":"https:\/\/chemgramx.com\/#\/schema\/logo\/image\/","url":"https:\/\/chemgramx.com\/wp-content\/uploads\/2024\/10\/final-logo.png","contentUrl":"https:\/\/chemgramx.com\/wp-content\/uploads\/2024\/10\/final-logo.png","width":250,"height":48,"caption":"Chemgramx"},"image":{"@id":"https:\/\/chemgramx.com\/#\/schema\/logo\/image\/"}}]}},"_links":{"self":[{"href":"https:\/\/chemgramx.com\/pl\/wp-json\/wp\/v2\/product\/8024","targetHints":{"allow":["GET"]}}],"collection":[{"href":"https:\/\/chemgramx.com\/pl\/wp-json\/wp\/v2\/product"}],"about":[{"href":"https:\/\/chemgramx.com\/pl\/wp-json\/wp\/v2\/types\/product"}],"replies":[{"embeddable":true,"href":"https:\/\/chemgramx.com\/pl\/wp-json\/wp\/v2\/comments?post=8024"}],"wp:featuredmedia":[{"embeddable":true,"href":"https:\/\/chemgramx.com\/pl\/wp-json\/wp\/v2\/media\/8079"}],"wp:attachment":[{"href":"https:\/\/chemgramx.com\/pl\/wp-json\/wp\/v2\/media?parent=8024"}],"wp:term":[{"taxonomy":"product_brand","embeddable":true,"href":"https:\/\/chemgramx.com\/pl\/wp-json\/wp\/v2\/product_brand?post=8024"},{"taxonomy":"product_cat","embeddable":true,"href":"https:\/\/chemgramx.com\/pl\/wp-json\/wp\/v2\/product_cat?post=8024"},{"taxonomy":"product_tag","embeddable":true,"href":"https:\/\/chemgramx.com\/pl\/wp-json\/wp\/v2\/product_tag?post=8024"}],"curies":[{"name":"wp","href":"https:\/\/api.w.org\/{rel}","templated":true}]}}