{"id":8034,"date":"2025-11-21T16:46:32","date_gmt":"2025-11-21T16:46:32","guid":{"rendered":"https:\/\/chemgramx.com\/?post_type=product&#038;p=8034"},"modified":"2025-12-09T10:26:28","modified_gmt":"2025-12-09T10:26:28","slug":"kupic-4-mph-4-metylofenidat-online","status":"publish","type":"product","link":"https:\/\/chemgramx.com\/pl\/product\/4-mph-4-methylphenidat-online-kaufen\/","title":{"rendered":"Kup 4-MPH \u2013 substancja chemiczna do bada\u0144 (wysokiej jako\u015bci)"},"content":{"rendered":"<p>Witamy w Chemgramx, wiod\u0105cym \u017ar\u00f3dle wysokiej jako\u015bci chemikali\u00f3w badawczych. Je\u015bli <b>4-MPH na sprzeda\u017c<\/b> Je\u015bli chcesz kupi\u0107 produkty o wyj\u0105tkowej czysto\u015bci i jako\u015bci, znajdziesz je u nas. Jeste\u015bmy dumni z tego, \u017ce oferujemy wy\u0142\u0105cznie chemikalia spe\u0142niaj\u0105ce najsurowsze normy laboratoryjne. W zwi\u0105zku z tym nasz 4-metylfenidat jest przeznaczony specjalnie do cel\u00f3w naukowych i badawczych. Wysoka czysto\u015b\u0107 gwarantuje wiarygodne wyniki bada\u0144.<\/p>\n<p><b>4-metylfenidat<\/b>, cz\u0119sto jako <b>4-MPH<\/b> w skr\u00f3cie, jest zwi\u0105zkiem, kt\u00f3ry cieszy si\u0119 coraz wi\u0119kszym zainteresowaniem \u015brodowiska naukowego. Nale\u017cy on do klasy fenidat\u00f3w i jest badany ze wzgl\u0119du na jego potencjalny wp\u0142yw na o\u015brodkowy uk\u0142ad nerwowy. Ponadto dost\u0119pno\u015b\u0107 <b>wysokiej jako\u015bci 4-MPH<\/b> precyzyjne eksperymenty i rzetelne wyniki. Zapoznaj si\u0119 z nasz\u0105 ofert\u0105 i przekonaj si\u0119 sam o jako\u015bci, jak\u0105 mo\u017cemy Ci zaoferowa\u0107.<\/p>\n<h2>Obszary zastosowa\u0144 i potencja\u0142 badawczy<\/h2>\n<p><b>4-MPH<\/b> jest przeznaczony przede wszystkim do bada\u0144 laboratoryjnych i analiz chemicznych. Naukowcy na ca\u0142ym \u015bwiecie wykorzystuj\u0105 go, aby lepiej zrozumie\u0107 jego w\u0142a\u015bciwo\u015bci farmakologiczne i potencjalne zastosowania. Na przyk\u0142ad jest on cz\u0119sto stosowany in vitro lub in vivo w kontrolowanych warunkach w celu zbadania jego interakcji z neuroprzeka\u017anikami. Z tego powodu dok\u0142adny sk\u0142ad substancji ma kluczowe znaczenie dla uzyskania wiarygodnych wynik\u00f3w bada\u0144.<\/p>\n<p>Ponadto cz\u0105steczka ta oferuje szerokie spektrum mo\u017cliwo\u015bci badawczych. Mo\u017ce by\u0107 wykorzystywana do badania \u015brodk\u00f3w pobudzaj\u0105cych, ich mechanizm\u00f3w dzia\u0142ania i potencjalnych efekt\u00f3w terapeutycznych. Oferujemy <b>Klasa badawcza 4-MPH na sprzeda\u017c<\/b> kt\u00f3ry spe\u0142nia te wysokie wymagania. Dlatego wielu naukowc\u00f3w polega na naszych precyzyjnych i niezawodnych substancjach w swoich wa\u017cnych projektach.<\/p>\n<p>Wszechstronno\u015b\u0107 <b>4-MPH<\/b> czyni go cennym narz\u0119dziem w r\u00f3\u017cnych dziedzinach neuronauki i farmakologii. Pozwala on na g\u0142\u0119bszy wgl\u0105d w funkcjonowanie m\u00f3zgu i opracowywanie nowych metod leczenia. Ponadto jest cz\u0119sto por\u00f3wnywany z innymi zwi\u0105zkami w celu identyfikacji r\u00f3\u017cnic spektralnych i potencjalnych synergii. W ten spos\u00f3b mo\u017cna <b>najlepszy dost\u0119pny 4-MPH<\/b> dla swoich projekt\u00f3w badawczych w Chemgramx.<\/p>\n<h2>Jako\u015b\u0107 i czysto\u015b\u0107 w Chemgramx<\/h2>\n<p>W Chemgramx przywi\u0105zujemy ogromn\u0105 wag\u0119 do jako\u015bci naszych produkt\u00f3w. Nasze <b>4-metylfenidat<\/b> jest produkowany i testowany w najsurowszych warunkach laboratoryjnych. Dzi\u0119ki temu mo\u017cesz mie\u0107 pewno\u015b\u0107, \u017ce otrzymujesz produkt o <b>najwy\u017cszej czysto\u015bci na sprzeda\u017c<\/b> . Ka\u017cda partia jest dok\u0142adnie sprawdzana w celu wykluczenia zanieczyszcze\u0144 i potwierdzenia podanego st\u0119\u017cenia. To w\u0142a\u015bnie dlatego jeste\u015bmy postrzegani jako godny zaufania dostawca.<\/p>\n<p>Rozumiemy, \u017ce w badaniach naukowych najwa\u017cniejsza jest sp\u00f3jno\u015b\u0107 i niezawodno\u015b\u0107. Dlatego oferujemy wy\u0142\u0105cznie <b>Jako\u015b\u0107 laboratoryjna 4-MPH na sprzeda\u017c<\/b> , kt\u00f3ra spe\u0142nia najwy\u017csze standardy bran\u017cowe. Je\u015bli <b>autentyczny 4-MPH<\/b> , Chemgramx jest w\u0142a\u015bciwym wyborem. Nasze zaanga\u017cowanie w d\u0105\u017cenie do doskona\u0142o\u015bci znajduje odzwierciedlenie w ka\u017cdym z naszych produkt\u00f3w, dzi\u0119ki czemu mo\u017cemy zapewni\u0107 sta\u0142\u0105 jako\u015b\u0107 bada\u0144.<\/p>\n<p>Aby zapewni\u0107 optymalne wsparcie dla bada\u0144 naukowych, niezb\u0119dny jest dost\u0119p do substancji o najwy\u017cszej czysto\u015bci. Z tego powodu <b>Najwy\u017csza jako\u015b\u0107 4-MPH<\/b> jest podstaw\u0105 naszej oferty. Ponadto oferujemy szerok\u0105 gam\u0119 chemikali\u00f3w badawczych. Je\u015bli interesuj\u0105 Pa\u0144stwa na przyk\u0142ad zwi\u0105zki pokrewne, mog\u0105 Pa\u0144stwo zapozna\u0107 si\u0119 z nasz\u0105 ofert\u0105 <a href=\"https:\/\/chemgramx.com\/product\/6-apb-online-bestellung\/\">Zam\u00f3w 6-APB online<\/a> . To znacznie poszerza mo\u017cliwo\u015bci przeprowadzania bada\u0144 por\u00f3wnawczych.<\/p>\n<p>Naszym celem jest zapewnienie naukowcom jak naj\u0142atwiejszego i najbezpieczniejszego dost\u0119pu do najwy\u017cszej jako\u015bci substancji chemicznych. Je\u015bli <b>Zam\u00f3w 4-MPH online<\/b> chc\u0105 Pa\u0144stwo, oferujemy Pa\u0144stwu nieskomplikowan\u0105 i <b>bezpieczny zakup<\/b>. Nieustannie staramy si\u0119 przekracza\u0107 oczekiwania naszych klient\u00f3w i oferowa\u0107 doskona\u0142\u0105 obs\u0142ug\u0119. Zach\u0119camy do zakup\u00f3w w Chemgramx i skorzystania z naszej wiedzy specjalistycznej.<\/p>\n<h2>Informacje dotycz\u0105ce bezpiecze\u0144stwa i obs\u0142ugi<\/h2>\n<p>Post\u0119powanie z chemikaliami badawczymi, takimi jak <b>4-MPH<\/b> wymaga szczeg\u00f3lnej ostro\u017cno\u015bci i przestrzegania okre\u015blonych protoko\u0142\u00f3w bezpiecze\u0144stwa. Produkt mo\u017ce by\u0107 obs\u0142ugiwany wy\u0142\u0105cznie w kontrolowanym \u015brodowisku laboratoryjnym przez przeszkolony personel. Ponadto nale\u017cy zawsze nosi\u0107 odpowiednie \u015brodki ochrony indywidualnej (\u015aOI), takie jak r\u0119kawiczki, okulary ochronne i fartuchy laboratoryjne. Minimalizuje to ryzyko nara\u017cenia i chroni zdrowie.<\/p>\n<p>Przechowywanie <b>4-metylfenidat<\/b> musi odbywa\u0107 si\u0119 w odpowiednich warunkach. Przechowuj go w ch\u0142odnym, suchym i dobrze wentylowanym miejscu, z dala od bezpo\u015bredniego \u015bwiat\u0142a s\u0142onecznego i wilgoci. Ponadto bezpieczne przechowywanie w zamkni\u0119tym pojemniku ma kluczowe znaczenie dla zachowania integralno\u015bci produktu. Upewnij si\u0119, \u017ce produkt jest przechowywany w miejscu niedost\u0119pnym dla os\u00f3b nieuprawnionych i dzieci, poniewa\u017c jest przeznaczony wy\u0142\u0105cznie do cel\u00f3w badawczych.<\/p>\n<p>Przed u\u017cyciem nale\u017cy zapozna\u0107 si\u0119 ze specyficznymi w\u0142a\u015bciwo\u015bciami i potencjalnymi zagro\u017ceniami zwi\u0105zanymi z <b>4-MPH<\/b> zapozna\u0107 si\u0119 z nim. Aby uzyska\u0107 szczeg\u00f3\u0142owe informacje, nale\u017cy zawsze zapozna\u0107 si\u0119 z kart\u0105 charakterystyki produktu (SDB). W przypadku przypadkowego kontaktu lub po\u0142kni\u0119cia nale\u017cy natychmiast zg\u0142osi\u0107 si\u0119 do lekarza. Odpowiedzialne obchodzenie si\u0119 z produktem jest kluczem do zapewnienia bezpiecze\u0144stwa w laboratorium. Wi\u0119cej informacji na temat <b>Zam\u00f3w 4-metylfenidat online<\/b> znajdziesz na naszej stronie po\u015bwi\u0119conej szczeg\u00f3\u0142om produktu.<\/p>\n<h2>Cz\u0119sto zadawane pytania (FAQ)<\/h2>\n<h3>Co to jest 4-MPH i do czego s\u0142u\u017cy?<\/h3>\n<p><b>4-MPH<\/b>, lub <b>4-metylfenidat<\/b>, jest substancj\u0105 chemiczn\u0105 z grupy fenidat\u00f3w, wykorzystywan\u0105 g\u0142\u00f3wnie w badaniach naukowych w celu zbadania jej w\u0142a\u015bciwo\u015bci farmakologicznych i dzia\u0142ania. Nie jest przeznaczona do spo\u017cycia przez ludzi.<\/p>\n<h3>W jaki spos\u00f3b zapewniana jest czysto\u015b\u0107 4-MPH?<\/h3>\n<p>Czysto\u015b\u0107 naszego <b>4-MPH<\/b> jest zapewniona dzi\u0119ki rygorystycznym kontrolom jako\u015bci i analizom przeprowadzanym w wyspecjalizowanych laboratoriach. Ka\u017cda partia przechodzi szczeg\u00f3\u0142owe testy, aby spe\u0142ni\u0107 najwy\u017csze standardy. W zwi\u0105zku z tym oferujemy wy\u0142\u0105cznie <b>wysoka czysto\u015b\u0107 na sprzeda\u017c<\/b> do.<\/p>\n<h3>Czy mo\u017cna kupi\u0107 4-MPH dyskretnie?<\/h3>\n<p>Priorytetowo traktujemy dyskrecj\u0119 i <b>bezpieczny zakup<\/b> naszych klient\u00f3w. Nasze procesy maj\u0105 na celu ochron\u0119 Pa\u0144stwa danych i zapewnienie sprawnego przebiegu proces\u00f3w. Dlatego u nas mog\u0105 Pa\u0144stwo <b>kup teraz online<\/b>.<\/p>\n<h3>Czy w Pa\u0144stwa asortymencie s\u0105 dost\u0119pne alternatywy dla 4-MPH?<\/h3>\n<p>Tak, Chemgramx oferuje szerok\u0105 gam\u0119 chemikali\u00f3w badawczych. Stale poszerzamy nasz asortyment. Na przyk\u0142ad mo\u017cna znale\u017a\u0107 inne fenidaty lub podobne zwi\u0105zki do bada\u0144. Odwied\u017a nasz\u0105 stron\u0119 internetow\u0105, aby pozna\u0107 wi\u0119cej opcji i <a href=\"https:\/\/chemgramx.com\/product\/4-mph-4-methylphenidat-online-kaufen\/\">Kup 4-MPH online<\/a>.<\/p>\n<h3>Jakie informacje s\u0105 wa\u017cne dla bezpiecznego obchodzenia si\u0119 z 4-MPH?<\/h3>\n<p>Aby zapewni\u0107 bezpieczn\u0105 obs\u0142ug\u0119, nale\u017cy zawsze nosi\u0107 \u015brodki ochrony indywidualnej, przechowywa\u0107 produkt w ch\u0142odnym, suchym i bezpiecznym miejscu oraz zapozna\u0107 si\u0119 z kart\u0105 charakterystyki (SDB). Substancj\u0105 powinny obchodzi\u0107 si\u0119 wy\u0142\u0105cznie przeszkolone osoby. W ten spos\u00f3b zapewniamy, \u017ce otrzymaj\u0105 Pa\u0144stwo wszystkie niezb\u0119dne informacje.<\/p>","protected":false},"excerpt":{"rendered":"<p>Odkryj <b>4-MPH (4-metylofenidat)<\/b> od Chemgramx, wysokiej czysto\u015bci chemikalia badawcze o jako\u015bci laboratoryjnej. Idealne do szczeg\u00f3\u0142owych bada\u0144 naukowych i analiz. U nas mo\u017cna <b>Kup 4-MPH<\/b> i skorzystaj z naszego zaanga\u017cowania w zapewnienie najwy\u017cszej jako\u015bci. <b>bezpieczny zakup<\/b> z <b>autentyczny 4-MPH<\/b> jest gwarantowane przez Chemgramx.<\/p>","protected":false},"featured_media":8080,"comment_status":"open","ping_status":"closed","template":"","meta":{"_joinchat":[]},"product_brand":[],"product_cat":[48],"product_tag":[1654,1670,1667,1677,1663,1676,1660,1661,1656,1653,1672,1674,1657,1668,1671,1655,1662,1673,1678,1675,1658,1659,1669,1664,1666,1665],"class_list":{"0":"post-8034","1":"product","2":"type-product","3":"status-publish","4":"has-post-thumbnail","6":"product_cat-stimulants","7":"product_tag-4-methylphenidat-bestellen","8":"product_tag-4-mph-bestellen","9":"product_tag-4-mph-bulk-bestellung","10":"product_tag-4-mph-chemikalie","11":"product_tag-4-mph-experimente","12":"product_tag-4-mph-forschung","13":"product_tag-4-mph-forschung-chemikalie","14":"product_tag-4-mph-fur-neurowissenschaftliche-studien","15":"product_tag-4-mph-groshandel","16":"product_tag-4-mph-kaufen","17":"product_tag-4-mph-labor","18":"product_tag-4-mph-legal","19":"product_tag-4-mph-lieferant","20":"product_tag-4-mph-marktanalyse","21":"product_tag-4-mph-online","22":"product_tag-4-mph-online-bestellen","23":"product_tag-4-mph-pharmazeutische-forschung","24":"product_tag-4-mph-sicher","25":"product_tag-4-mph-versand","26":"product_tag-4mph-gunstig","27":"product_tag-forschung-chemikalien-4-mph","28":"product_tag-hochwertige-4-mph-kaufen","29":"product_tag-innovative-4-mph-forschung","30":"product_tag-laborqualitat-4-mph","31":"product_tag-legaler-4-mph-anbieter","32":"product_tag-sicherer-4-mph-versand","34":"first","35":"instock","36":"shipping-taxable","37":"purchasable","38":"product-type-variable"},"yoast_head":"<!-- This site is optimized with the Yoast SEO plugin v27.5 - https:\/\/yoast.com\/product\/yoast-seo-wordpress\/ -->\n<title>4-MPH kaufen \u2013 Forschungschemikalie (Hochwertig)<\/title>\n<meta name=\"description\" content=\"Entdecken Sie hochreines 4-MPH (4-Methylphenidat) in Laborqualit\u00e4t bei Chemgramx. Bestellen Sie diese Forschungschemikalie sicher online und profitieren Sie von Top-Qualit\u00e4t.\" \/>\n<meta name=\"robots\" content=\"index, follow, max-snippet:-1, max-image-preview:large, max-video-preview:-1\" \/>\n<link rel=\"canonical\" href=\"https:\/\/chemgramx.com\/pl\/produkt-1\/kupic-4-mph-4-metylofenidat-online\/\" \/>\n<meta property=\"og:locale\" content=\"pl_PL\" \/>\n<meta property=\"og:type\" content=\"article\" \/>\n<meta property=\"og:title\" content=\"4-MPH kaufen \u2013 Forschungschemikalie (Hochwertig)\" \/>\n<meta property=\"og:description\" content=\"Entdecken Sie hochreines 4-MPH (4-Methylphenidat) in Laborqualit\u00e4t bei Chemgramx. Bestellen Sie diese Forschungschemikalie sicher online und profitieren Sie von Top-Qualit\u00e4t.\" \/>\n<meta property=\"og:url\" content=\"https:\/\/chemgramx.com\/pl\/produkt-1\/kupic-4-mph-4-metylofenidat-online\/\" \/>\n<meta property=\"og:site_name\" content=\"Chemgramx\" \/>\n<meta property=\"article:modified_time\" content=\"2025-12-09T10:26:28+00:00\" \/>\n<meta property=\"og:image\" content=\"https:\/\/chemgramx.com\/wp-content\/uploads\/2025\/11\/4-Methylphenidat.png\" \/>\n\t<meta property=\"og:image:width\" content=\"1378\" \/>\n\t<meta property=\"og:image:height\" content=\"1196\" \/>\n\t<meta property=\"og:image:type\" content=\"image\/png\" \/>\n<meta name=\"twitter:card\" content=\"summary_large_image\" \/>\n<meta name=\"twitter:label1\" content=\"Szacowany czas czytania\" \/>\n\t<meta name=\"twitter:data1\" content=\"3 minuty\" \/>\n<script type=\"application\/ld+json\" class=\"yoast-schema-graph\">{\"@context\":\"https:\\\/\\\/schema.org\",\"@graph\":[{\"@type\":\"WebPage\",\"@id\":\"https:\\\/\\\/chemgramx.com\\\/product\\\/4-mph-4-methylphenidat-online-kaufen\\\/\",\"url\":\"https:\\\/\\\/chemgramx.com\\\/product\\\/4-mph-4-methylphenidat-online-kaufen\\\/\",\"name\":\"4-MPH kaufen \u2013 Forschungschemikalie (Hochwertig)\",\"isPartOf\":{\"@id\":\"https:\\\/\\\/chemgramx.com\\\/#website\"},\"primaryImageOfPage\":{\"@id\":\"https:\\\/\\\/chemgramx.com\\\/product\\\/4-mph-4-methylphenidat-online-kaufen\\\/#primaryimage\"},\"image\":{\"@id\":\"https:\\\/\\\/chemgramx.com\\\/product\\\/4-mph-4-methylphenidat-online-kaufen\\\/#primaryimage\"},\"thumbnailUrl\":\"https:\\\/\\\/chemgramx.com\\\/wp-content\\\/uploads\\\/2025\\\/11\\\/4-Methylphenidat.png\",\"datePublished\":\"2025-11-21T16:46:32+00:00\",\"dateModified\":\"2025-12-09T10:26:28+00:00\",\"description\":\"Entdecken Sie hochreines 4-MPH (4-Methylphenidat) in Laborqualit\u00e4t bei Chemgramx. Bestellen Sie diese Forschungschemikalie sicher online und profitieren Sie von Top-Qualit\u00e4t.\",\"breadcrumb\":{\"@id\":\"https:\\\/\\\/chemgramx.com\\\/product\\\/4-mph-4-methylphenidat-online-kaufen\\\/#breadcrumb\"},\"inLanguage\":\"pl-PL\",\"potentialAction\":[{\"@type\":\"ReadAction\",\"target\":[\"https:\\\/\\\/chemgramx.com\\\/product\\\/4-mph-4-methylphenidat-online-kaufen\\\/\"]}]},{\"@type\":\"ImageObject\",\"inLanguage\":\"pl-PL\",\"@id\":\"https:\\\/\\\/chemgramx.com\\\/product\\\/4-mph-4-methylphenidat-online-kaufen\\\/#primaryimage\",\"url\":\"https:\\\/\\\/chemgramx.com\\\/wp-content\\\/uploads\\\/2025\\\/11\\\/4-Methylphenidat.png\",\"contentUrl\":\"https:\\\/\\\/chemgramx.com\\\/wp-content\\\/uploads\\\/2025\\\/11\\\/4-Methylphenidat.png\",\"width\":1378,\"height\":1196},{\"@type\":\"BreadcrumbList\",\"@id\":\"https:\\\/\\\/chemgramx.com\\\/product\\\/4-mph-4-methylphenidat-online-kaufen\\\/#breadcrumb\",\"itemListElement\":[{\"@type\":\"ListItem\",\"position\":1,\"name\":\"Home\",\"item\":\"https:\\\/\\\/chemgramx.com\\\/\"},{\"@type\":\"ListItem\",\"position\":2,\"name\":\"Shop\",\"item\":\"https:\\\/\\\/chemgramx.com\\\/shop\\\/\"},{\"@type\":\"ListItem\",\"position\":3,\"name\":\"4-MPH kaufen \u2013 Forschungschemikalie (Hochwertig)\"}]},{\"@type\":\"WebSite\",\"@id\":\"https:\\\/\\\/chemgramx.com\\\/#website\",\"url\":\"https:\\\/\\\/chemgramx.com\\\/\",\"name\":\"Chemgramx\",\"description\":\"\",\"publisher\":{\"@id\":\"https:\\\/\\\/chemgramx.com\\\/#organization\"},\"potentialAction\":[{\"@type\":\"SearchAction\",\"target\":{\"@type\":\"EntryPoint\",\"urlTemplate\":\"https:\\\/\\\/chemgramx.com\\\/?s={search_term_string}\"},\"query-input\":{\"@type\":\"PropertyValueSpecification\",\"valueRequired\":true,\"valueName\":\"search_term_string\"}}],\"inLanguage\":\"pl-PL\"},{\"@type\":\"Organization\",\"@id\":\"https:\\\/\\\/chemgramx.com\\\/#organization\",\"name\":\"Chemgramx\",\"url\":\"https:\\\/\\\/chemgramx.com\\\/\",\"logo\":{\"@type\":\"ImageObject\",\"inLanguage\":\"pl-PL\",\"@id\":\"https:\\\/\\\/chemgramx.com\\\/#\\\/schema\\\/logo\\\/image\\\/\",\"url\":\"https:\\\/\\\/chemgramx.com\\\/wp-content\\\/uploads\\\/2024\\\/10\\\/final-logo.png\",\"contentUrl\":\"https:\\\/\\\/chemgramx.com\\\/wp-content\\\/uploads\\\/2024\\\/10\\\/final-logo.png\",\"width\":250,\"height\":48,\"caption\":\"Chemgramx\"},\"image\":{\"@id\":\"https:\\\/\\\/chemgramx.com\\\/#\\\/schema\\\/logo\\\/image\\\/\"}}]}<\/script>\n<!-- \/ Yoast SEO plugin. -->","yoast_head_json":{"title":"Kup 4-MPH \u2013 substancja chemiczna do bada\u0144 (wysokiej jako\u015bci)","description":"Odkryj wysokiej czysto\u015bci 4-MPH (4-metylfenidat) o jako\u015bci laboratoryjnej w Chemgramx. Zam\u00f3w ten chemikalia badawcze bezpiecznie online i ciesz si\u0119 najwy\u017csz\u0105 jako\u015bci\u0105.","robots":{"index":"index","follow":"follow","max-snippet":"max-snippet:-1","max-image-preview":"max-image-preview:large","max-video-preview":"max-video-preview:-1"},"canonical":"https:\/\/chemgramx.com\/pl\/produkt-1\/kupic-4-mph-4-metylofenidat-online\/","og_locale":"pl_PL","og_type":"article","og_title":"4-MPH kaufen \u2013 Forschungschemikalie (Hochwertig)","og_description":"Entdecken Sie hochreines 4-MPH (4-Methylphenidat) in Laborqualit\u00e4t bei Chemgramx. Bestellen Sie diese Forschungschemikalie sicher online und profitieren Sie von Top-Qualit\u00e4t.","og_url":"https:\/\/chemgramx.com\/pl\/produkt-1\/kupic-4-mph-4-metylofenidat-online\/","og_site_name":"Chemgramx","article_modified_time":"2025-12-09T10:26:28+00:00","og_image":[{"width":1378,"height":1196,"url":"https:\/\/chemgramx.com\/wp-content\/uploads\/2025\/11\/4-Methylphenidat.png","type":"image\/png"}],"twitter_card":"summary_large_image","twitter_misc":{"Szacowany czas czytania":"3 minuty"},"schema":{"@context":"https:\/\/schema.org","@graph":[{"@type":"WebPage","@id":"https:\/\/chemgramx.com\/product\/4-mph-4-methylphenidat-online-kaufen\/","url":"https:\/\/chemgramx.com\/product\/4-mph-4-methylphenidat-online-kaufen\/","name":"Kup 4-MPH \u2013 substancja chemiczna do bada\u0144 (wysokiej jako\u015bci)","isPartOf":{"@id":"https:\/\/chemgramx.com\/#website"},"primaryImageOfPage":{"@id":"https:\/\/chemgramx.com\/product\/4-mph-4-methylphenidat-online-kaufen\/#primaryimage"},"image":{"@id":"https:\/\/chemgramx.com\/product\/4-mph-4-methylphenidat-online-kaufen\/#primaryimage"},"thumbnailUrl":"https:\/\/chemgramx.com\/wp-content\/uploads\/2025\/11\/4-Methylphenidat.png","datePublished":"2025-11-21T16:46:32+00:00","dateModified":"2025-12-09T10:26:28+00:00","description":"Odkryj wysokiej czysto\u015bci 4-MPH (4-metylfenidat) o jako\u015bci laboratoryjnej w Chemgramx. Zam\u00f3w ten chemikalia badawcze bezpiecznie online i ciesz si\u0119 najwy\u017csz\u0105 jako\u015bci\u0105.","breadcrumb":{"@id":"https:\/\/chemgramx.com\/product\/4-mph-4-methylphenidat-online-kaufen\/#breadcrumb"},"inLanguage":"pl-PL","potentialAction":[{"@type":"ReadAction","target":["https:\/\/chemgramx.com\/product\/4-mph-4-methylphenidat-online-kaufen\/"]}]},{"@type":"ImageObject","inLanguage":"pl-PL","@id":"https:\/\/chemgramx.com\/product\/4-mph-4-methylphenidat-online-kaufen\/#primaryimage","url":"https:\/\/chemgramx.com\/wp-content\/uploads\/2025\/11\/4-Methylphenidat.png","contentUrl":"https:\/\/chemgramx.com\/wp-content\/uploads\/2025\/11\/4-Methylphenidat.png","width":1378,"height":1196},{"@type":"BreadcrumbList","@id":"https:\/\/chemgramx.com\/product\/4-mph-4-methylphenidat-online-kaufen\/#breadcrumb","itemListElement":[{"@type":"ListItem","position":1,"name":"Home","item":"https:\/\/chemgramx.com\/"},{"@type":"ListItem","position":2,"name":"Shop","item":"https:\/\/chemgramx.com\/shop\/"},{"@type":"ListItem","position":3,"name":"4-MPH kaufen \u2013 Forschungschemikalie (Hochwertig)"}]},{"@type":"WebSite","@id":"https:\/\/chemgramx.com\/#website","url":"https:\/\/chemgramx.com\/","name":"Chemgramx","description":"","publisher":{"@id":"https:\/\/chemgramx.com\/#organization"},"potentialAction":[{"@type":"SearchAction","target":{"@type":"EntryPoint","urlTemplate":"https:\/\/chemgramx.com\/?s={search_term_string}"},"query-input":{"@type":"PropertyValueSpecification","valueRequired":true,"valueName":"search_term_string"}}],"inLanguage":"pl-PL"},{"@type":"Organization","@id":"https:\/\/chemgramx.com\/#organization","name":"Chemgramx","url":"https:\/\/chemgramx.com\/","logo":{"@type":"ImageObject","inLanguage":"pl-PL","@id":"https:\/\/chemgramx.com\/#\/schema\/logo\/image\/","url":"https:\/\/chemgramx.com\/wp-content\/uploads\/2024\/10\/final-logo.png","contentUrl":"https:\/\/chemgramx.com\/wp-content\/uploads\/2024\/10\/final-logo.png","width":250,"height":48,"caption":"Chemgramx"},"image":{"@id":"https:\/\/chemgramx.com\/#\/schema\/logo\/image\/"}}]}},"_links":{"self":[{"href":"https:\/\/chemgramx.com\/pl\/wp-json\/wp\/v2\/product\/8034","targetHints":{"allow":["GET"]}}],"collection":[{"href":"https:\/\/chemgramx.com\/pl\/wp-json\/wp\/v2\/product"}],"about":[{"href":"https:\/\/chemgramx.com\/pl\/wp-json\/wp\/v2\/types\/product"}],"replies":[{"embeddable":true,"href":"https:\/\/chemgramx.com\/pl\/wp-json\/wp\/v2\/comments?post=8034"}],"wp:featuredmedia":[{"embeddable":true,"href":"https:\/\/chemgramx.com\/pl\/wp-json\/wp\/v2\/media\/8080"}],"wp:attachment":[{"href":"https:\/\/chemgramx.com\/pl\/wp-json\/wp\/v2\/media?parent=8034"}],"wp:term":[{"taxonomy":"product_brand","embeddable":true,"href":"https:\/\/chemgramx.com\/pl\/wp-json\/wp\/v2\/product_brand?post=8034"},{"taxonomy":"product_cat","embeddable":true,"href":"https:\/\/chemgramx.com\/pl\/wp-json\/wp\/v2\/product_cat?post=8034"},{"taxonomy":"product_tag","embeddable":true,"href":"https:\/\/chemgramx.com\/pl\/wp-json\/wp\/v2\/product_tag?post=8034"}],"curies":[{"name":"wp","href":"https:\/\/api.w.org\/{rel}","templated":true}]}}