{"id":8035,"date":"2025-11-21T16:46:32","date_gmt":"2025-11-21T16:46:32","guid":{"rendered":"https:\/\/chemgramx.com\/?post_type=product&#038;p=8035"},"modified":"2025-12-09T10:26:36","modified_gmt":"2025-12-09T10:26:36","slug":"4f-mph-4-fluorometylofenidat-kupic-online-2","status":"publish","type":"product","link":"https:\/\/chemgramx.com\/pl\/product\/4f-mph-4-fluoromethylphenidat-online-kaufen\/","title":{"rendered":"Kup 4F-MPH \u2013 badania i najwy\u017csza jako\u015b\u0107"},"content":{"rendered":"<p>Witamy w Chemgramx, Twoim zaufanym \u017ar\u00f3dle wysokiej jako\u015bci chemikali\u00f3w badawczych. Szukasz <b>4F-MPH (4-fluorometylfenidat) Kup na sprzeda\u017c<\/b>, to trafi\u0142e\u015b we w\u0142a\u015bciwe miejsce. Oferujemy ten pochodny fenidatu w czysto\u015bci spe\u0142niaj\u0105cej najwy\u017csze wymagania naukowe. Naszym celem jest zapewnienie naukowcom dost\u0119pu do autentycznych substancji do precyzyjnych eksperyment\u00f3w. Dlatego gwarantujemy, \u017ce ka\u017cdy produkt firmy <b>Najwy\u017csza jako\u015b\u0107 4F-MPH<\/b> i podlega rygorystycznej kontroli jako\u015bci.<\/p>\n<h2>Czym jest 4F-MPH? Przegl\u0105d chemiczny<\/h2>\n<p><b>4F-MPH<\/b> jest syntetycznym \u015brodkiem pobudzaj\u0105cym z klasy fenidat\u00f3w i pochodn\u0105 fluoru metylofenidatu. Jego struktura, z grup\u0105 fluorometylow\u0105 w pier\u015bcieniu fenylowym, ma znacz\u0105cy wp\u0142yw na w\u0142a\u015bciwo\u015bci farmakologiczne. W zwi\u0105zku z tym jest cz\u0119sto stosowany do badania analog\u00f3w metylofenidatu i ich wp\u0142ywu na o\u015brodkowy uk\u0142ad nerwowy. Dzia\u0142a przede wszystkim jako inhibitor wychwytu zwrotnego dopaminy i noradrenaliny. Badania nad 4F-MPH maj\u0105 kluczowe znaczenie dla lepszego zrozumienia dzia\u0142ania \u015brodk\u00f3w pobudzaj\u0105cych. Tutaj mo\u017cna dowiedzie\u0107 si\u0119 wi\u0119cej o w\u0142a\u015bciwo\u015bciach <a href=\"https:\/\/chemgramx.com\/product\/4f-mph-4-fluoromethylphenidat-online-kaufen\/\">4F-MPH (4-fluorometylfenidat)<\/a> do\u015bwiadczy\u0107.<\/p>\n<h3>Struktura chemiczna i w\u0142a\u015bciwo\u015bci<\/h3>\n<ul>\n<li><b>Wz\u00f3r chemiczny:<\/b> C<sub>14<\/sub>H<sub>18<\/sub>FNO<sub>2<\/sub><\/li>\n<li><b>Masa cz\u0105steczkowa:<\/b> 251,3 g\/mol<\/li>\n<li><b>Struktura:<\/b> Pochodna fenidatu podstawiona fluoro-metylem<\/li>\n<li><b>Klasyfikacja:<\/b> \u015arodek pobudzaj\u0105cy, analog fenidatu<\/li>\n<\/ul>\n<p>Te w\u0142a\u015bciwo\u015bci sprawiaj\u0105, \u017ce 4F-MPH jest cennym narz\u0119dziem w badaniach podstawowych. Dzi\u0119ki temu umo\u017cliwia naukowcom dok\u0142adniejsze badanie mechanizm\u00f3w neurotransmisji. Oferujemy wy\u0142\u0105cznie <b>Autentyczny 4F-MPH<\/b> kt\u00f3rego to\u017csamo\u015b\u0107 i czysto\u015b\u0107 zosta\u0142y poddane kompleksowej analizie.<\/p>\n<h2>Synteza i produkcja 4F-MPH<\/h2>\n<p>Synteza <b>4F-MPH<\/b> jest z\u0142o\u017conym, precyzyjnym procesem. Rozpoczyna si\u0119 on wprowadzeniem grupy fluorometylowej do cz\u0105steczek prekursorowych, a nast\u0119pnie nast\u0119puj\u0105 etapy oczyszczania i krystalizacji. R\u00f3wnie wa\u017cne jest przestrzeganie najwy\u017cszych standard\u00f3w podczas produkcji. W firmie Chemgramx produkcja odbywa si\u0119 w \u015bci\u015ble kontrolowanych warunkach, aby unikn\u0105\u0107 zanieczyszcze\u0144. Dzi\u0119ki temu naukowcy maj\u0105 zawsze pewno\u015b\u0107, \u017ce <b>Wysokiej czysto\u015bci 4F-MPH na sprzeda\u017c<\/b> odpowiedni do bada\u0144 wra\u017cliwych. W zwi\u0105zku z tym nasi dostawcy zawsze pracuj\u0105 zgodnie z najnowszymi standardami bran\u017cowymi.<\/p>\n<h2>Zastosowanie i potencja\u0142 badawczy 4F-MPH<\/h2>\n<p><b>4F-MPH<\/b> jest przeznaczony wy\u0142\u0105cznie do cel\u00f3w badawczych, nie nadaje si\u0119 do spo\u017cycia przez ludzi. Jego g\u0142\u00f3wnym zastosowaniem s\u0105 badania laboratoryjne w\u0142a\u015bciwo\u015bci farmakologicznych i wp\u0142ywu na systemy biologiczne. W szczeg\u00f3lno\u015bci s\u0142u\u017cy jako standard referencyjny w:<\/p>\n<ul>\n<li>Badania neurobiologiczne dotycz\u0105ce wychwytu zwrotnego dopaminy i noradrenaliny<\/li>\n<li>Badania nad zachowaniami wywo\u0142anymi przez \u015brodki pobudzaj\u0105ce<\/li>\n<li>Opracowywanie metod analitycznych dla toksykologii s\u0105dowej<\/li>\n<\/ul>\n<p>Ponadto precyzyjny charakter <b>Klasa badawcza 4F-MPH na sprzeda\u017c<\/b> powtarzalne wyniki. Ma to kluczowe znaczenie dla walidacji wynik\u00f3w bada\u0144 naukowych. Ponadto wspieramy spo\u0142eczno\u015b\u0107 naukow\u0105, dostarczaj\u0105c jej najlepsze materia\u0142y.<\/p>\n<h2>Instrukcje dotycz\u0105ce bezpiecze\u0144stwa i obs\u0142ugi<\/h2>\n<p>Post\u0119powanie z chemikaliami badawczymi, takimi jak <b>4F-MPH<\/b> wymaga szczeg\u00f3lnej ostro\u017cno\u015bci. Dlatego niezb\u0119dne jest stosowanie \u015brodk\u00f3w ochrony indywidualnej (\u015aOI) i praca w dobrze wentylowanych pomieszczeniach. Ponadto nale\u017cy <b>4F-MPH<\/b> przechowywa\u0107 w ch\u0142odnym, suchym i ciemnym miejscu, z dala od \u015bwiat\u0142a, wilgoci i ciep\u0142a. Utylizacja musi odbywa\u0107 si\u0119 zgodnie z lokalnymi przepisami. Kr\u00f3tko m\u00f3wi\u0105c, bezpieczne obchodzenie si\u0119 z produktem ma kluczowe znaczenie dla bada\u0144 i bezpiecze\u0144stwa. Przed u\u017cyciem zaleca si\u0119 zapoznanie si\u0119 z wyczerpuj\u0105cymi informacjami.<\/p>\n<h2>Standardy jako\u015bci i czysto\u015b\u0107 w Chemgramx<\/h2>\n<p>Chemgramx przywi\u0105zuje ogromn\u0105 wag\u0119 do jako\u015bci i czysto\u015bci produkt\u00f3w. Ka\u017cda partia <b>4F-MPH<\/b> jest poddawany kompleksowej analizie w celu zapewnienia deklarowanego stopnia czysto\u015bci. Wykorzystujemy HPLC i GC-MS w celu potwierdzenia to\u017csamo\u015bci chemicznej i braku zanieczyszcze\u0144. W rezultacie otrzymujesz wy\u0142\u0105cznie <b>Jako\u015b\u0107 laboratoryjna 4F-MPH na sprzeda\u017c<\/b>, kt\u00f3ry spe\u0142nia najwy\u017csze wymagania. Dlatego wielu naukowc\u00f3w decyduje si\u0119 na, <a href=\"https:\/\/chemgramx.com\/product\/4f-mph-4-fluoromethylphenidat-online-kaufen\/\">4F-MPH w Chemgramx<\/a> . Certyfikaty analizy (CoA) s\u0105 dost\u0119pne na \u017c\u0105danie. Dzi\u0119ki temu naukowcy otrzymuj\u0105 <b>Najlepszy dost\u0119pny 4F-MPH<\/b>.<\/p>\n<h2>Dlaczego warto kupi\u0107 4F-MPH w Chemgramx?<\/h2>\n<p>Wybieraj\u0105c Chemgramx, wybierasz partnera, kt\u00f3ry stawia na rzetelno\u015b\u0107 naukow\u0105 i zadowolenie klient\u00f3w. Wyr\u00f3\u017cnia nas zaanga\u017cowanie w zapewnianie doskona\u0142ej jako\u015bci produkt\u00f3w i przejrzystych proces\u00f3w. Oto powody, dla kt\u00f3rych warto wybra\u0107 w\u0142a\u015bnie nasz\u0105 firm\u0119. <b>Zam\u00f3w 4F-MPH online<\/b> powinny:<\/p>\n<ul>\n<li><b>Gwarantowana czysto\u015b\u0107:<\/b> Ka\u017cdy produkt jest poddawany rygorystycznym testom (min. 98%).<\/li>\n<li><b>Wsparcie naukowe:<\/b> Nasz zesp\u00f3\u0142 ekspert\u00f3w jest do Pa\u0144stwa dyspozycji w razie jakichkolwiek pyta\u0144.<\/li>\n<li><b>Niezawodno\u015b\u0107:<\/b> Sta\u0142a jako\u015b\u0107 i dost\u0119pno\u015b\u0107 produkt\u00f3w.<\/li>\n<li><b>Bezpieczny zakup:<\/b> Transakcje s\u0105 realizowane z najwy\u017csz\u0105 staranno\u015bci\u0105.<\/li>\n<\/ul>\n<p>Dlatego te\u017c wspieranie spo\u0142eczno\u015bci naukowej jest dla nas zaszczytem. Czy chcesz <b>Zam\u00f3w 4F-MPH online<\/b>, oferujemy prost\u0105 i <b>bezpieczny zakup<\/b>. Ponadto zapewniamy dyskretn\u0105 i starann\u0105 realizacj\u0119 ka\u017cdego zam\u00f3wienia. Mo\u017cesz <b>4F-MPH w Chemgramx<\/b> , poniewa\u017c jako wiod\u0105cy dostawca opieramy si\u0119 na zaufaniu i jako\u015bci. <b>Zam\u00f3w 4F-MPH online<\/b> i przekonaj si\u0119 sam o r\u00f3\u017cnicy.<\/p>\n<h2>Cz\u0119sto zadawane pytania (FAQ) dotycz\u0105ce 4F-MPH<\/h2>\n<h3>Czy 4F-MPH jest legalny?<\/h3>\n<p>Legalno\u015b\u0107 chemikali\u00f3w badawczych, takich jak <b>4F-MPH<\/b> r\u00f3\u017cni si\u0119 znacznie w zale\u017cno\u015bci od kraju. Obowi\u0105zkiem kupuj\u0105cego jest sprawdzenie lokalnych przepis\u00f3w przed z\u0142o\u017ceniem zam\u00f3wienia. Zalecamy uzyskanie wyczerpuj\u0105cych informacji i porady prawnej. Chemgramx przestrzega wszystkich przepis\u00f3w, jednak ostateczna odpowiedzialno\u015b\u0107 spoczywa na badaczu.<\/p>\n<h3>Jaka jest czysto\u015b\u0107 4F-MPH firmy Chemgramx?<\/h3>\n<p>Zobowi\u0105zujemy si\u0119 do, <b>4F-MPH<\/b> o czysto\u015bci co najmniej 98%. Ka\u017cda partia jest weryfikowana przez niezale\u017cne testy laboratoryjne. Dzi\u0119ki temu zawsze otrzymujesz produkt o najwy\u017cszej czysto\u015bci. Ponadto na \u017cyczenie oferujemy certyfikaty analizy (CoA).<\/p>\n<h3>Jak nale\u017cy przechowywa\u0107 4F-MPH?<\/h3>\n<p>Aby zapewni\u0107 optymaln\u0105 stabilno\u015b\u0107, niezb\u0119dne jest prawid\u0142owe przechowywanie. Produkt nale\u017cy przechowywa\u0107 w szczelnym, ch\u0142odnym, suchym i ciemnym miejscu, z dala od \u015bwiat\u0142a, wilgoci i ciep\u0142a. Zapobiega to rozk\u0142adowi cz\u0105steczki i pozwala zachowa\u0107 jej integralno\u015b\u0107. Ponadto produkt nale\u017cy przechowywa\u0107 w miejscu niedost\u0119pnym dla os\u00f3b nieuprawnionych.<\/p>\n<h3>Czy istniej\u0105 alternatywy dla 4F-MPH?<\/h3>\n<p>Tak, istniej\u0105 r\u00f3\u017cne chemikalia badawcze o r\u00f3\u017cnych profilach. Poszukaj alternatyw dla <b>4F-MPH<\/b>, m\u00f3g\u0142by <a href=\"https:\/\/chemgramx.com\/product\/6-mapb-online-kaufen\/\">6-MAPB<\/a> w zale\u017cno\u015bci od zakresu bada\u0144. Nale\u017cy dok\u0142adnie sprawdzi\u0107 w\u0142a\u015bciwo\u015bci i dzia\u0142anie, aby spe\u0142ni\u0107 wymagania. Oferujemy szerok\u0105 gam\u0119 <b>Klasa badawcza na sprzeda\u017c<\/b> do.<\/p>\n<h3>Czy Chemgramx oferuje doradztwo?<\/h3>\n<p>Oczywi\u015bcie. Nasz zesp\u00f3\u0142 ekspert\u00f3w ch\u0119tnie s\u0142u\u017cy profesjonalnym doradztwem. W razie pyta\u0144 dotycz\u0105cych produkt\u00f3w, zastosowa\u0144 lub protoko\u0142\u00f3w bezpiecze\u0144stwa prosimy o kontakt. Staramy si\u0119 wspiera\u0107 spo\u0142eczno\u015b\u0107 naukow\u0105 i przekazywa\u0107 wiedz\u0119 niezb\u0119dn\u0105 do prowadzenia skutecznych i bezpiecznych bada\u0144. Dzi\u0119ki temu mog\u0105 Pa\u0144stwo polega\u0107 na naszej wiedzy specjalistycznej.<\/p>\n<h2>Podsumowanie i kolejne zam\u00f3wienie badawcze<\/h2>\n<p>Podsumowuj\u0105c, Chemgramx jest idealnym partnerem do zakupu <b>4F-MPH (4-fluorometylfenidat)<\/b>. Oferujemy produkty o najwy\u017cszej czysto\u015bci i jako\u015bci, niezb\u0119dne do przeprowadzenia wymagaj\u0105cych bada\u0144. Nasze zarz\u0105dzanie jako\u015bci\u0105 i skupienie si\u0119 na zadowoleniu klienta zapewniaj\u0105 Pa\u0144stwu badania. Szukaj <b>Najwy\u017csza jako\u015b\u0107 4F-MPH<\/b>? Chemgramx to w\u0142a\u015bciwy wyb\u00f3r. Zach\u0119camy wi\u0119c do kontynuowania bada\u0144 z pe\u0142nym zaufaniem. Zapraszamy do zapoznania si\u0119 z nasz\u0105 ofert\u0105 i <b>Zam\u00f3w 4F-MPH online<\/b> jeszcze dzisiaj. Wybieraj\u0105c Chemgramx, wybierasz niezawodno\u015b\u0107 i profesjonaln\u0105 obs\u0142ug\u0119. Zabezpiecz sobie <b>Klasa badawcza 4F-MPH na sprzeda\u017c<\/b>.<\/p>","protected":false},"excerpt":{"rendered":"<p>Odkryj <b>4F-MPH (4-fluorometylfenidat)<\/b> od Chemgramx \u2013 wysokiej czysto\u015bci chemikalia badawcze z klasy fenidat\u00f3w. Idealne do bada\u0144 naukowych wymagaj\u0105cych precyzyjnych wynik\u00f3w. Jako inhibitor wychwytu zwrotnego dopaminy i noradrenaliny jest cennym narz\u0119dziem w neurobiologii.<br \/><b>Kup 4F-MPH<\/b> Zam\u00f3w teraz do swoich projekt\u00f3w laboratoryjnych <b>w Chemgramx<\/b> i skorzystaj z naszej gwarantowanej czysto\u015bci i jako\u015bci.<\/p>","protected":false},"featured_media":8087,"comment_status":"open","ping_status":"closed","template":"","meta":{"_joinchat":[]},"product_brand":[],"product_cat":[48],"product_tag":[2722,2724,2726,2717,2725,2723,2718,2719,2721,2720],"class_list":{"0":"post-8035","1":"product","2":"type-product","3":"status-publish","4":"has-post-thumbnail","6":"product_cat-stimulants","7":"product_tag-4-fluoromethylphenidat","8":"product_tag-4f-mph-chemikalien","9":"product_tag-4f-mph-drogen","10":"product_tag-4f-mph-kaufen","11":"product_tag-4f-mph-kaufen-deutschland","12":"product_tag-4f-mph-kaufen-online","13":"product_tag-4f-mph-kristalle","14":"product_tag-4f-mph-online-kaufen","15":"product_tag-4f-mph-preis","16":"product_tag-4f-mph-prodej","18":"first","19":"instock","20":"shipping-taxable","21":"purchasable","22":"product-type-variable"},"yoast_head":"<!-- This site is optimized with the Yoast SEO plugin v27.5 - https:\/\/yoast.com\/product\/yoast-seo-wordpress\/ -->\n<title>4F-MPH kaufen \u2013 Forschung &amp; Premium Qualit\u00e4t<\/title>\n<meta name=\"description\" content=\"Entdecken Sie hochwertiges 4F-MPH (4-Fluoromethylphenidat) in Laborqualit\u00e4t bei Chemgramx. Bestellen Sie jetzt reines 4F-MPH f\u00fcr Ihre wissenschaftlichen Projekte.\" \/>\n<meta name=\"robots\" content=\"index, follow, max-snippet:-1, max-image-preview:large, max-video-preview:-1\" \/>\n<link rel=\"canonical\" href=\"https:\/\/chemgramx.com\/pl\/produkt-1\/4f-mph-4-fluorometylofenidat-kupic-online-2\/\" \/>\n<meta property=\"og:locale\" content=\"pl_PL\" \/>\n<meta property=\"og:type\" content=\"article\" \/>\n<meta property=\"og:title\" content=\"4F-MPH kaufen \u2013 Forschung &amp; Premium Qualit\u00e4t\" \/>\n<meta property=\"og:description\" content=\"Entdecken Sie hochwertiges 4F-MPH (4-Fluoromethylphenidat) in Laborqualit\u00e4t bei Chemgramx. Bestellen Sie jetzt reines 4F-MPH f\u00fcr Ihre wissenschaftlichen Projekte.\" \/>\n<meta property=\"og:url\" content=\"https:\/\/chemgramx.com\/pl\/produkt-1\/4f-mph-4-fluorometylofenidat-kupic-online-2\/\" \/>\n<meta property=\"og:site_name\" content=\"Chemgramx\" \/>\n<meta property=\"article:modified_time\" content=\"2025-12-09T10:26:36+00:00\" \/>\n<meta property=\"og:image\" content=\"https:\/\/chemgramx.com\/wp-content\/uploads\/2025\/11\/4F-MPH-kaufen-2.jpg\" \/>\n\t<meta property=\"og:image:width\" content=\"474\" \/>\n\t<meta property=\"og:image:height\" content=\"464\" \/>\n\t<meta property=\"og:image:type\" content=\"image\/jpeg\" \/>\n<meta name=\"twitter:card\" content=\"summary_large_image\" \/>\n<meta name=\"twitter:label1\" content=\"Szacowany czas czytania\" \/>\n\t<meta name=\"twitter:data1\" content=\"2 minuty\" \/>\n<script type=\"application\/ld+json\" class=\"yoast-schema-graph\">{\"@context\":\"https:\\\/\\\/schema.org\",\"@graph\":[{\"@type\":\"WebPage\",\"@id\":\"https:\\\/\\\/chemgramx.com\\\/product\\\/4f-mph-4-fluoromethylphenidat-online-kaufen\\\/\",\"url\":\"https:\\\/\\\/chemgramx.com\\\/product\\\/4f-mph-4-fluoromethylphenidat-online-kaufen\\\/\",\"name\":\"4F-MPH kaufen \u2013 Forschung & Premium Qualit\u00e4t\",\"isPartOf\":{\"@id\":\"https:\\\/\\\/chemgramx.com\\\/#website\"},\"primaryImageOfPage\":{\"@id\":\"https:\\\/\\\/chemgramx.com\\\/product\\\/4f-mph-4-fluoromethylphenidat-online-kaufen\\\/#primaryimage\"},\"image\":{\"@id\":\"https:\\\/\\\/chemgramx.com\\\/product\\\/4f-mph-4-fluoromethylphenidat-online-kaufen\\\/#primaryimage\"},\"thumbnailUrl\":\"https:\\\/\\\/chemgramx.com\\\/wp-content\\\/uploads\\\/2025\\\/11\\\/4F-MPH-kaufen-2.jpg\",\"datePublished\":\"2025-11-21T16:46:32+00:00\",\"dateModified\":\"2025-12-09T10:26:36+00:00\",\"description\":\"Entdecken Sie hochwertiges 4F-MPH (4-Fluoromethylphenidat) in Laborqualit\u00e4t bei Chemgramx. Bestellen Sie jetzt reines 4F-MPH f\u00fcr Ihre wissenschaftlichen Projekte.\",\"breadcrumb\":{\"@id\":\"https:\\\/\\\/chemgramx.com\\\/product\\\/4f-mph-4-fluoromethylphenidat-online-kaufen\\\/#breadcrumb\"},\"inLanguage\":\"pl-PL\",\"potentialAction\":[{\"@type\":\"ReadAction\",\"target\":[\"https:\\\/\\\/chemgramx.com\\\/product\\\/4f-mph-4-fluoromethylphenidat-online-kaufen\\\/\"]}]},{\"@type\":\"ImageObject\",\"inLanguage\":\"pl-PL\",\"@id\":\"https:\\\/\\\/chemgramx.com\\\/product\\\/4f-mph-4-fluoromethylphenidat-online-kaufen\\\/#primaryimage\",\"url\":\"https:\\\/\\\/chemgramx.com\\\/wp-content\\\/uploads\\\/2025\\\/11\\\/4F-MPH-kaufen-2.jpg\",\"contentUrl\":\"https:\\\/\\\/chemgramx.com\\\/wp-content\\\/uploads\\\/2025\\\/11\\\/4F-MPH-kaufen-2.jpg\",\"width\":474,\"height\":464},{\"@type\":\"BreadcrumbList\",\"@id\":\"https:\\\/\\\/chemgramx.com\\\/product\\\/4f-mph-4-fluoromethylphenidat-online-kaufen\\\/#breadcrumb\",\"itemListElement\":[{\"@type\":\"ListItem\",\"position\":1,\"name\":\"Home\",\"item\":\"https:\\\/\\\/chemgramx.com\\\/\"},{\"@type\":\"ListItem\",\"position\":2,\"name\":\"Shop\",\"item\":\"https:\\\/\\\/chemgramx.com\\\/shop\\\/\"},{\"@type\":\"ListItem\",\"position\":3,\"name\":\"4F-MPH kaufen \u2013 Forschung &amp; Premium Qualit\u00e4t\"}]},{\"@type\":\"WebSite\",\"@id\":\"https:\\\/\\\/chemgramx.com\\\/#website\",\"url\":\"https:\\\/\\\/chemgramx.com\\\/\",\"name\":\"Chemgramx\",\"description\":\"\",\"publisher\":{\"@id\":\"https:\\\/\\\/chemgramx.com\\\/#organization\"},\"potentialAction\":[{\"@type\":\"SearchAction\",\"target\":{\"@type\":\"EntryPoint\",\"urlTemplate\":\"https:\\\/\\\/chemgramx.com\\\/?s={search_term_string}\"},\"query-input\":{\"@type\":\"PropertyValueSpecification\",\"valueRequired\":true,\"valueName\":\"search_term_string\"}}],\"inLanguage\":\"pl-PL\"},{\"@type\":\"Organization\",\"@id\":\"https:\\\/\\\/chemgramx.com\\\/#organization\",\"name\":\"Chemgramx\",\"url\":\"https:\\\/\\\/chemgramx.com\\\/\",\"logo\":{\"@type\":\"ImageObject\",\"inLanguage\":\"pl-PL\",\"@id\":\"https:\\\/\\\/chemgramx.com\\\/#\\\/schema\\\/logo\\\/image\\\/\",\"url\":\"https:\\\/\\\/chemgramx.com\\\/wp-content\\\/uploads\\\/2024\\\/10\\\/final-logo.png\",\"contentUrl\":\"https:\\\/\\\/chemgramx.com\\\/wp-content\\\/uploads\\\/2024\\\/10\\\/final-logo.png\",\"width\":250,\"height\":48,\"caption\":\"Chemgramx\"},\"image\":{\"@id\":\"https:\\\/\\\/chemgramx.com\\\/#\\\/schema\\\/logo\\\/image\\\/\"}}]}<\/script>\n<!-- \/ Yoast SEO plugin. -->","yoast_head_json":{"title":"Kup 4F-MPH \u2013 badania i najwy\u017csza jako\u015b\u0107","description":"Odkryj wysokiej jako\u015bci 4F-MPH (4-fluorometylfenidat) w jako\u015bci laboratoryjnej w Chemgramx. Zam\u00f3w teraz czysty 4F-MPH do swoich projekt\u00f3w naukowych.","robots":{"index":"index","follow":"follow","max-snippet":"max-snippet:-1","max-image-preview":"max-image-preview:large","max-video-preview":"max-video-preview:-1"},"canonical":"https:\/\/chemgramx.com\/pl\/produkt-1\/4f-mph-4-fluorometylofenidat-kupic-online-2\/","og_locale":"pl_PL","og_type":"article","og_title":"4F-MPH kaufen \u2013 Forschung & Premium Qualit\u00e4t","og_description":"Entdecken Sie hochwertiges 4F-MPH (4-Fluoromethylphenidat) in Laborqualit\u00e4t bei Chemgramx. Bestellen Sie jetzt reines 4F-MPH f\u00fcr Ihre wissenschaftlichen Projekte.","og_url":"https:\/\/chemgramx.com\/pl\/produkt-1\/4f-mph-4-fluorometylofenidat-kupic-online-2\/","og_site_name":"Chemgramx","article_modified_time":"2025-12-09T10:26:36+00:00","og_image":[{"width":474,"height":464,"url":"https:\/\/chemgramx.com\/wp-content\/uploads\/2025\/11\/4F-MPH-kaufen-2.jpg","type":"image\/jpeg"}],"twitter_card":"summary_large_image","twitter_misc":{"Szacowany czas czytania":"2 minuty"},"schema":{"@context":"https:\/\/schema.org","@graph":[{"@type":"WebPage","@id":"https:\/\/chemgramx.com\/product\/4f-mph-4-fluoromethylphenidat-online-kaufen\/","url":"https:\/\/chemgramx.com\/product\/4f-mph-4-fluoromethylphenidat-online-kaufen\/","name":"Kup 4F-MPH \u2013 badania i najwy\u017csza jako\u015b\u0107","isPartOf":{"@id":"https:\/\/chemgramx.com\/#website"},"primaryImageOfPage":{"@id":"https:\/\/chemgramx.com\/product\/4f-mph-4-fluoromethylphenidat-online-kaufen\/#primaryimage"},"image":{"@id":"https:\/\/chemgramx.com\/product\/4f-mph-4-fluoromethylphenidat-online-kaufen\/#primaryimage"},"thumbnailUrl":"https:\/\/chemgramx.com\/wp-content\/uploads\/2025\/11\/4F-MPH-kaufen-2.jpg","datePublished":"2025-11-21T16:46:32+00:00","dateModified":"2025-12-09T10:26:36+00:00","description":"Odkryj wysokiej jako\u015bci 4F-MPH (4-fluorometylfenidat) w jako\u015bci laboratoryjnej w Chemgramx. Zam\u00f3w teraz czysty 4F-MPH do swoich projekt\u00f3w naukowych.","breadcrumb":{"@id":"https:\/\/chemgramx.com\/product\/4f-mph-4-fluoromethylphenidat-online-kaufen\/#breadcrumb"},"inLanguage":"pl-PL","potentialAction":[{"@type":"ReadAction","target":["https:\/\/chemgramx.com\/product\/4f-mph-4-fluoromethylphenidat-online-kaufen\/"]}]},{"@type":"ImageObject","inLanguage":"pl-PL","@id":"https:\/\/chemgramx.com\/product\/4f-mph-4-fluoromethylphenidat-online-kaufen\/#primaryimage","url":"https:\/\/chemgramx.com\/wp-content\/uploads\/2025\/11\/4F-MPH-kaufen-2.jpg","contentUrl":"https:\/\/chemgramx.com\/wp-content\/uploads\/2025\/11\/4F-MPH-kaufen-2.jpg","width":474,"height":464},{"@type":"BreadcrumbList","@id":"https:\/\/chemgramx.com\/product\/4f-mph-4-fluoromethylphenidat-online-kaufen\/#breadcrumb","itemListElement":[{"@type":"ListItem","position":1,"name":"Home","item":"https:\/\/chemgramx.com\/"},{"@type":"ListItem","position":2,"name":"Shop","item":"https:\/\/chemgramx.com\/shop\/"},{"@type":"ListItem","position":3,"name":"4F-MPH kaufen \u2013 Forschung &amp; Premium Qualit\u00e4t"}]},{"@type":"WebSite","@id":"https:\/\/chemgramx.com\/#website","url":"https:\/\/chemgramx.com\/","name":"Chemgramx","description":"","publisher":{"@id":"https:\/\/chemgramx.com\/#organization"},"potentialAction":[{"@type":"SearchAction","target":{"@type":"EntryPoint","urlTemplate":"https:\/\/chemgramx.com\/?s={search_term_string}"},"query-input":{"@type":"PropertyValueSpecification","valueRequired":true,"valueName":"search_term_string"}}],"inLanguage":"pl-PL"},{"@type":"Organization","@id":"https:\/\/chemgramx.com\/#organization","name":"Chemgramx","url":"https:\/\/chemgramx.com\/","logo":{"@type":"ImageObject","inLanguage":"pl-PL","@id":"https:\/\/chemgramx.com\/#\/schema\/logo\/image\/","url":"https:\/\/chemgramx.com\/wp-content\/uploads\/2024\/10\/final-logo.png","contentUrl":"https:\/\/chemgramx.com\/wp-content\/uploads\/2024\/10\/final-logo.png","width":250,"height":48,"caption":"Chemgramx"},"image":{"@id":"https:\/\/chemgramx.com\/#\/schema\/logo\/image\/"}}]}},"_links":{"self":[{"href":"https:\/\/chemgramx.com\/pl\/wp-json\/wp\/v2\/product\/8035","targetHints":{"allow":["GET"]}}],"collection":[{"href":"https:\/\/chemgramx.com\/pl\/wp-json\/wp\/v2\/product"}],"about":[{"href":"https:\/\/chemgramx.com\/pl\/wp-json\/wp\/v2\/types\/product"}],"replies":[{"embeddable":true,"href":"https:\/\/chemgramx.com\/pl\/wp-json\/wp\/v2\/comments?post=8035"}],"wp:featuredmedia":[{"embeddable":true,"href":"https:\/\/chemgramx.com\/pl\/wp-json\/wp\/v2\/media\/8087"}],"wp:attachment":[{"href":"https:\/\/chemgramx.com\/pl\/wp-json\/wp\/v2\/media?parent=8035"}],"wp:term":[{"taxonomy":"product_brand","embeddable":true,"href":"https:\/\/chemgramx.com\/pl\/wp-json\/wp\/v2\/product_brand?post=8035"},{"taxonomy":"product_cat","embeddable":true,"href":"https:\/\/chemgramx.com\/pl\/wp-json\/wp\/v2\/product_cat?post=8035"},{"taxonomy":"product_tag","embeddable":true,"href":"https:\/\/chemgramx.com\/pl\/wp-json\/wp\/v2\/product_tag?post=8035"}],"curies":[{"name":"wp","href":"https:\/\/api.w.org\/{rel}","templated":true}]}}