{"id":8036,"date":"2025-11-21T16:46:33","date_gmt":"2025-11-21T16:46:33","guid":{"rendered":"https:\/\/chemgramx.com\/?post_type=product&#038;p=8036"},"modified":"2025-12-09T10:22:22","modified_gmt":"2025-12-09T10:22:22","slug":"kup-4-me-tmp-online","status":"publish","type":"product","link":"https:\/\/chemgramx.com\/pl\/product\/4-me-tmp-online-kaufen\/","title":{"rendered":"Kup 4-Me-TMP \u2013 najwy\u017csza czysto\u015b\u0107 (na sprzeda\u017c | wysokiej jako\u015bci)"},"content":{"rendered":"<p>Chemgramx jest godnym zaufania partnerem w zakresie wysokiej jako\u015bci chemikali\u00f3w badawczych. Chcesz <b>4-Me-TMP na sprzeda\u017c<\/b> Kupi\u0107? W naszej ofercie znajdziesz 4-metylometylfenidat (4-Me-TMP) o wyj\u0105tkowej czysto\u015bci, opracowany specjalnie do wymagaj\u0105cych zastosowa\u0144 badawczych. Zapewniamy, \u017ce ka\u017cdy produkt, kt\u00f3ry u nas kupujesz, spe\u0142nia najwy\u017csze standardy laboratoryjne, aby optymalnie wspiera\u0107 Twoje badania naukowe. W zwi\u0105zku z tym nasz 4-Me-TMP jest idealnym wyborem dla Twoich projekt\u00f3w.<\/p>\n<p>Rozumiemy potrzeb\u0119 stosowania precyzyjnych i niezawodnych substancji w badaniach naukowych. <b>Ponadto<\/b> oferujemy <b>Najwy\u017csza jako\u015b\u0107 4-Me-TMP<\/b>, kt\u00f3ry zosta\u0142 poddany rygorystycznym testom w celu zagwarantowania sta\u0142ej jako\u015bci i czysto\u015bci na poziomie co najmniej 98%. Zapewnia to powtarzalne i wiarygodne wyniki w przeprowadzanych eksperymentach. <b>Dlatego<\/b> mo\u017cesz polega\u0107 na integralno\u015bci naszych produkt\u00f3w.<\/p>\n<h2>Was ist 4-Me-TMP?<\/h2>\n<p>4-metylometylfenidat, w skr\u00f3cie 4-Me-TMP, jest syntetycznym zwi\u0105zkiem chemicznym, kt\u00f3ry pod wzgl\u0119dem struktury jest blisko spokrewniony z metylfenidatem, ale posiada dodatkow\u0105 grup\u0119 metylow\u0105 w okre\u015blonej pozycji. Ta niewielka modyfikacja strukturalna mo\u017ce mie\u0107 g\u0142\u0119boki wp\u0142yw na w\u0142a\u015bciwo\u015bci farmakologiczne i interakcj\u0119 z uk\u0142adami biologicznymi. <b>Poza tym<\/b> jest to ester z grupy fenidat\u00f3w.<\/p>\n<p>Nale\u017cy do klasy pochodnych piperydyny i jest badany przede wszystkim jako substancja chemiczna do cel\u00f3w badawczych. <b>Ponadto<\/b> Masa cz\u0105steczkowa i dok\u0142adna struktura chemiczna s\u0105 niezb\u0119dne do precyzyjnej charakterystyki. Naukowcy wykorzystuj\u0105 4-Me-TMP, aby lepiej zrozumie\u0107 mechanizmy dzia\u0142ania \u015brodk\u00f3w pobudzaj\u0105cych i zdoby\u0107 now\u0105 wiedz\u0119 w dziedzinie neurofarmakologii. <b>Tak wi\u0119c<\/b> wnosi cenny wk\u0142ad w badania podstawowe.<\/p>\n<h3>W\u0142a\u015bciwo\u015bci chemiczne i struktura<\/h3>\n<ul>\n<li><b>Numer CAS:<\/b> Precyzyjna identyfikacja do cel\u00f3w badawczych.<\/li>\n<li><b>Wz\u00f3r cz\u0105steczkowy:<\/b> C15H21NO2 \u2013 niezb\u0119dny do oblicze\u0144 stechiometrycznych.<\/li>\n<li><b>Masa cz\u0105steczkowa:<\/b> 247,33 g\/mol \u2013 wa\u017cne dla okre\u015blenia dawki i st\u0119\u017cenia.<\/li>\n<li><b>Struktura:<\/b> Pochodna piperydyny, blisko spokrewniona z metylofenidatem.<\/li>\n<\/ul>\n<p><b>Z drugiej strony<\/b> W\u0142a\u015bciwo\u015bci fizyczne, takie jak temperatura topnienia i rozpuszczalno\u015b\u0107, maj\u0105 du\u017ce znaczenie w praktyce laboratoryjnej. Parametry te wp\u0142ywaj\u0105 na obs\u0142ug\u0119, przechowywanie i przygotowywanie roztwor\u00f3w do zastosowa\u0144 eksperymentalnych. <b>W konsekwencji<\/b> jako\u015b\u0107 musi by\u0107 sta\u0142a.<\/p>\n<h2>Czysto\u015b\u0107 i jako\u015b\u0107 4-Me-TMP w Chemgramx<\/h2>\n<p>W Chemgramx przywi\u0105zujemy ogromn\u0105 wag\u0119 do jako\u015bci naszych chemikali\u00f3w badawczych. Oferujemy <b>Wysokiej jako\u015bci 4-Me-TMP<\/b>, wytwarzany przy u\u017cyciu zaawansowanych proces\u00f3w syntezy i oczyszczania. Ka\u017cda partia jest testowana przy u\u017cyciu najnowocze\u015bniejszych technik analitycznych, takich jak HPLC i NMR, w celu zapewnienia czysto\u015bci co najmniej 98%. <b>Dlatego<\/b> mo\u017cesz polega\u0107 na sp\u00f3jno\u015bci i niezawodno\u015bci naszych produkt\u00f3w.<\/p>\n<p>Nasze zobowi\u0105zanie do zapewnienia wysokiej jako\u015bci wykracza poza sam\u0105 analiz\u0119. Dbamy o to, aby wszystkie nasze produkty by\u0142y przetwarzane w \u015bci\u015ble kontrolowanych warunkach, aby zminimalizowa\u0107 zanieczyszczenia i zachowa\u0107 integralno\u015b\u0107 substancji. <b>Ponadto<\/b> jest naszym <b>Jako\u015b\u0107 bada\u0144 naukowych na sprzeda\u017c<\/b> 4-Me-TMP przeznaczony wy\u0142\u0105cznie do zastosowa\u0144 naukowych i kryminalistycznych. Zam\u00f3w sw\u00f3j <b>Autentyczny 4-Me-TMP<\/b> ju\u017c dzi\u015b i przekonaj si\u0119 sam.<\/p>\n<p>Chemgramx s\u0142ynie z nieust\u0119pliwych standard\u00f3w jako\u015bci. Zdajemy sobie spraw\u0119, \u017ce w badaniach naukowych nie ma miejsca na kompromisy w kwestii czysto\u015bci substancji. <b>Z tego powodu<\/b> Nieustannie inwestujemy w wyposa\u017cenie naszych laboratori\u00f3w i nasz wykwalifikowany personel, aby zawsze zapewni\u0107 Pa\u0144stwu <b>Najlepszy 4-Me-TMP na rynku<\/b> Odkryj r\u00f3wnie\u017c nasze inne produkty, takie jak na przyk\u0142ad <a href=\"https:\/\/chemgramx.com\/product\/lsd-lysergsaeurediethylamid-online-kaufen\/\">Kup online dietyloamid kwasu lizergowego (LSD)<\/a>, kt\u00f3re r\u00f3wnie\u017c spe\u0142niaj\u0105 nasze wysokie standardy.<\/p>\n<h2>Obszary zastosowa\u0144 i potencja\u0142 badawczy<\/h2>\n<p><b>Zam\u00f3w 4-Me-TMP online<\/b> jest bardzo interesuj\u0105cy dla naukowc\u00f3w zajmuj\u0105cych si\u0119 mechanizmami dzia\u0142ania neuroprzeka\u017anik\u00f3w i neuroplastyczno\u015bci\u0105. Jest stosowany w badaniach przedklinicznych do badania wychwytu dopaminy i noradrenaliny oraz analizowania ich wp\u0142ywu na modele behawioralne. <b>Ponadto<\/b> mo\u017ce s\u0142u\u017cy\u0107 do badania d\u0142ugoterminowego dzia\u0142ania i metabolizmu \u015brodk\u00f3w pobudzaj\u0105cych.<\/p>\n<p>Kolejnym wa\u017cnym obszarem zastosowa\u0144 jest charakterystyka farmakologiczna nowych zwi\u0105zk\u00f3w. Por\u00f3wnuj\u0105c dzia\u0142anie 4-Me-TMP ze znanymi substancjami, naukowcy mog\u0105 uzyska\u0107 cenne informacje na temat zale\u017cno\u015bci mi\u0119dzy struktur\u0105 a dzia\u0142aniem. <b>Wreszcie<\/b> przyczynia si\u0119 to do rozwoju bezpieczniejszych i skuteczniejszych metod terapeutycznych.<\/p>\n<p>Laboratoria badawcze wykorzystuj\u0105 4-Me-TMP do oceny potencjalnych skutk\u00f3w neurotoksycznych lub zmian w ekspresji gen\u00f3w. <b>Poza tym<\/b> Precyzyjny charakter tego po\u0142\u0105czenia umo\u017cliwia szczeg\u00f3\u0142owe badania na poziomie kom\u00f3rkowym i molekularnym. Dowiedz si\u0119 wi\u0119cej o naszej ofercie, klikaj\u0105c <a href=\"https:\/\/chemgramx.com\/product\/4-me-tmp-online-kaufen\/\">Kup 4-Me-TMP online<\/a> bezpo\u015brednio u nas.<\/p>\n<h2>Bezpiecze\u0144stwo i obchodzenie si\u0119 z 4-Me-TMP<\/h2>\n<p>Post\u0119powanie z chemikaliami badawczymi, takimi jak 4-Me-TMP, wymaga zawsze najwy\u017cszej ostro\u017cno\u015bci i przestrzegania rygorystycznych protoko\u0142\u00f3w bezpiecze\u0144stwa. Badacze powinni zawsze nosi\u0107 odpowiednie \u015brodki ochrony indywidualnej (\u015aOI), w tym r\u0119kawiczki, okulary ochronne i fartuchy laboratoryjne. <b>Ponadto<\/b> zaleca si\u0119 prac\u0119 pod wyci\u0105giem, aby zminimalizowa\u0107 nara\u017cenie na opary lub py\u0142y. <b>Odpowiednio<\/b> niezb\u0119dna jest znajomo\u015b\u0107 kart charakterystyki substancji niebezpiecznej (SDB).<\/p>\n<p>Przechowywanie 4-Me-TMP powinno odbywa\u0107 si\u0119 w ch\u0142odnym, suchym i dobrze wentylowanym miejscu, z dala od bezpo\u015bredniego \u015bwiat\u0142a s\u0142onecznego i \u017ar\u00f3de\u0142 ciep\u0142a. Wa\u017cne jest, aby substancj\u0119 przechowywa\u0107 w szczelnie zamkni\u0119tym pojemniku, aby zachowa\u0107 jej stabilno\u015b\u0107 i czysto\u015b\u0107. <b>Ponadto<\/b> dost\u0119p do substancji powinien by\u0107 ograniczony do upowa\u017cnionego personelu. Ka\u017cda operacja zwi\u0105zana z substancj\u0105 jest <b>przetwarzane w bezpieczny spos\u00f3b<\/b> i wykonywane z najwy\u017csz\u0105 precyzj\u0105.<\/p>\n<p>W przypadku niezamierzonego kontaktu nale\u017cy natychmiast podj\u0105\u0107 \u015brodki ratunkowe, takie jak dok\u0142adne przep\u0142ukanie dotkni\u0119tego miejsca wod\u0105 i, w razie potrzeby, zasi\u0119gni\u0119cie pomocy medycznej. <b>W skr\u00f3cie<\/b>, Odpowiedzialne post\u0119powanie jest kluczem do bezpiecznych bada\u0144 naukowych. <b>W konsekwencji<\/b> W Chemgramx otrzymuj\u0105 Pa\u0144stwo nie tylko produkty firmy <b>Jako\u015b\u0107 laboratoryjna na sprzeda\u017c<\/b>, ale tak\u017ce wyczerpuj\u0105ce informacje dotycz\u0105ce bezpiecznego u\u017cytkowania.<\/p>\n<h2>Dlaczego warto kupowa\u0107 w Chemgramx?<\/h2>\n<p>Je\u015bli zdecydujesz si\u0119, <b>Kup 4-Me-TMP<\/b>, wybieraj\u0105c Chemgramx, wybierasz partnera, kt\u00f3ry po\u015bwi\u0119ca si\u0119 nauce i Twoim celom badawczym. Jeste\u015bmy dumni, \u017ce mo\u017cemy zaoferowa\u0107 szeroki asortyment wysokiej czysto\u015bci chemikali\u00f3w badawczych, kt\u00f3re spe\u0142niaj\u0105 najwy\u017csze standardy bran\u017cowe. <b>Ponadto<\/b> oferujemy szczeg\u00f3\u0142owe informacje o produktach i dane analityczne, kt\u00f3re pomog\u0105 Pa\u0144stwu w podj\u0119ciu decyzji.<\/p>\n<p>Nasze zaanga\u017cowanie w jako\u015b\u0107 i zadowolenie klient\u00f3w jest niezr\u00f3wnane. Ka\u017cdy <b>Bezpieczny zakup<\/b> W Chemgramx oznacza to, \u017ce otrzymujesz produkt, kt\u00f3ry zosta\u0142 potraktowany z najwy\u017csz\u0105 staranno\u015bci\u0105 i precyzj\u0105, od syntezy po dostaw\u0119. Wiemy, \u017ce Twoje badania s\u0105 wa\u017cne i chcemy przyczyni\u0107 si\u0119 do ich sukcesu. <b>Ponadto<\/b> Skorzystaj z naszej wiedzy eksperckiej.<\/p>\n<p>Zapraszamy do zapoznania si\u0119 z nasz\u0105 ofert\u0105 i <b>Kup teraz online<\/b> Kup sw\u00f3j 4-Me-TMP. Przekonaj si\u0119, jak\u0105 r\u00f3\u017cnic\u0119 stanowi niezawodny dostawca. <b>Ostatecznie<\/b> staramy si\u0119 zapewni\u0107 optymalne wsparcie dla Pa\u0144stwa projekt\u00f3w naukowych. Oferujemy <b>dost\u0119pny optymalny 4-Me-TMP<\/b> dla Twoich specjalistycznych wymaga\u0144. Kupuj w Chemgramx i zapewnij sobie podstaw\u0119 do prze\u0142omowych bada\u0144.<\/p>","protected":false},"excerpt":{"rendered":"<p>Odkryj wysok\u0105 czysto\u015b\u0107 <b>Kup 4-Me-TMP<\/b> w Chemgramx, syntetycznej substancji chemicznej klasy fenidat o czysto\u015bci co najmniej 98%. Idealna do bada\u0144 przedklinicznych nad neuroprzeka\u017anikami i \u015bcie\u017ckami neuronowymi. Nasze produkty s\u0105 <b>przetwarzane w bezpieczny spos\u00f3b<\/b> i s\u0105 przeznaczone wy\u0142\u0105cznie do cel\u00f3w naukowych. Prosz\u0119 naby\u0107 <b>Najwy\u017csza jako\u015b\u0107 4-Me-TMP<\/b> do swoich wymagaj\u0105cych bada\u0144. Zam\u00f3w ju\u017c dzi\u015b!<\/p>","protected":false},"featured_media":8088,"comment_status":"open","ping_status":"closed","template":"","meta":{"_joinchat":[]},"product_brand":[],"product_cat":[48],"product_tag":[356,377,369,1571,1568,378,1576,1564,366,1561,382,1562,381,364,367,370,1574,365,375,1569,1572,1558,1563,368,380,372,1573,371,379,373,1577,376,374,357,1557,1575,358,1220,249,359,1559,251,1560,1570,1565,1567,363,361,362,1566,250,248,360],"class_list":{"0":"post-8036","1":"product","2":"type-product","3":"status-publish","4":"has-post-thumbnail","6":"product_cat-stimulants","7":"product_tag-4-me-tmp","8":"product_tag-4-me-tmp-analyse","9":"product_tag-4-me-tmp-anwendung","10":"product_tag-4-me-tmp-bestellen","11":"product_tag-4-me-tmp-bulk-bestellung","12":"product_tag-4-me-tmp-chemie","13":"product_tag-4-me-tmp-chemikalie","14":"product_tag-4-me-tmp-experimente","15":"product_tag-4-me-tmp-forschung","16":"product_tag-4-me-tmp-forschung-chemikalie","17":"product_tag-4-me-tmp-forschungslabor","18":"product_tag-4-me-tmp-fur-neurowissenschaftliche-studien","19":"product_tag-4-me-tmp-groshandel","20":"product_tag-4-me-tmp-kaufen","21":"product_tag-4-me-tmp-labor","22":"product_tag-4-me-tmp-lagerung","23":"product_tag-4-me-tmp-legal","24":"product_tag-4-me-tmp-lieferant","25":"product_tag-4-me-tmp-markt","26":"product_tag-4-me-tmp-marktanalyse","27":"product_tag-4-me-tmp-online","28":"product_tag-4-me-tmp-online-bestellen","29":"product_tag-4-me-tmp-pharmazeutische-forschung","30":"product_tag-4-me-tmp-preis","31":"product_tag-4-me-tmp-referenzmaterial","32":"product_tag-4-me-tmp-risiken","33":"product_tag-4-me-tmp-sicher","34":"product_tag-4-me-tmp-sicherheit","35":"product_tag-4-me-tmp-substanz","36":"product_tag-4-me-tmp-verfugbarkeit","37":"product_tag-4-me-tmp-versand","38":"product_tag-4-me-tmp-vertrieb","39":"product_tag-4-me-tmp-vorschriften","40":"product_tag-4-methyl-2","41":"product_tag-4-methylthio-2","42":"product_tag-4metmp-gunstig","43":"product_tag-5-dimethoxyamphetamine","44":"product_tag-5-dimethoxyphenethylamin-bestellen","45":"product_tag-amphetamin-derivate","46":"product_tag-chemische-formel-4-me-tmp","47":"product_tag-forschung-chemikalien-4-me-tmp","48":"product_tag-gesundheitliche-risiken","49":"product_tag-hochwertige-4-me-tmp-kaufen","50":"product_tag-innovative-4-me-tmp-forschung","51":"product_tag-laborqualitat-4-me-tmp","52":"product_tag-legaler-4-me-tmp-anbieter","53":"product_tag-methoxyamphetamine","54":"product_tag-rechtlicher-status-4-me-tmp","55":"product_tag-risiken-4-me-tmp","56":"product_tag-sicherer-4-me-tmp-versand","57":"product_tag-suchtgefahr","58":"product_tag-synthetische-stimulanzien","59":"product_tag-wirkungen-von-4-me-tmp","61":"first","62":"instock","63":"shipping-taxable","64":"purchasable","65":"product-type-variable"},"yoast_head":"<!-- This site is optimized with the Yoast SEO plugin v27.5 - https:\/\/yoast.com\/product\/yoast-seo-wordpress\/ -->\n<title>4-Me-TMP kaufen - h\u00f6chste Reinheit (zum Verkauf|hochwertig)<\/title>\n<meta name=\"description\" content=\"Entdecken Sie hochreines 4-Me-TMP f\u00fcr Ihre Forschung bei Chemgramx. Bestellen Sie authentisches und erstklassiges 4-Me-TMP mit \u00fcber 98% Reinheit jetzt online f\u00fcr Ihre Studien.\" \/>\n<meta name=\"robots\" content=\"index, follow, max-snippet:-1, max-image-preview:large, max-video-preview:-1\" \/>\n<link rel=\"canonical\" href=\"https:\/\/chemgramx.com\/pl\/produkt-1\/kup-4-me-tmp-online\/\" \/>\n<meta property=\"og:locale\" content=\"pl_PL\" \/>\n<meta property=\"og:type\" content=\"article\" \/>\n<meta property=\"og:title\" content=\"4-Me-TMP kaufen - h\u00f6chste Reinheit (zum Verkauf|hochwertig)\" \/>\n<meta property=\"og:description\" content=\"Entdecken Sie hochreines 4-Me-TMP f\u00fcr Ihre Forschung bei Chemgramx. Bestellen Sie authentisches und erstklassiges 4-Me-TMP mit \u00fcber 98% Reinheit jetzt online f\u00fcr Ihre Studien.\" \/>\n<meta property=\"og:url\" content=\"https:\/\/chemgramx.com\/pl\/produkt-1\/kup-4-me-tmp-online\/\" \/>\n<meta property=\"og:site_name\" content=\"Chemgramx\" \/>\n<meta property=\"article:modified_time\" content=\"2025-12-09T10:22:22+00:00\" \/>\n<meta property=\"og:image\" content=\"https:\/\/chemgramx.com\/wp-content\/uploads\/2025\/11\/4-Me-TMP.jpg\" \/>\n\t<meta property=\"og:image:width\" content=\"200\" \/>\n\t<meta property=\"og:image:height\" content=\"200\" \/>\n\t<meta property=\"og:image:type\" content=\"image\/jpeg\" \/>\n<meta name=\"twitter:card\" content=\"summary_large_image\" \/>\n<meta name=\"twitter:label1\" content=\"Szacowany czas czytania\" \/>\n\t<meta name=\"twitter:data1\" content=\"3 minuty\" \/>\n<script type=\"application\/ld+json\" class=\"yoast-schema-graph\">{\"@context\":\"https:\\\/\\\/schema.org\",\"@graph\":[{\"@type\":\"WebPage\",\"@id\":\"https:\\\/\\\/chemgramx.com\\\/product\\\/4-me-tmp-online-kaufen\\\/\",\"url\":\"https:\\\/\\\/chemgramx.com\\\/product\\\/4-me-tmp-online-kaufen\\\/\",\"name\":\"4-Me-TMP kaufen - h\u00f6chste Reinheit (zum Verkauf|hochwertig)\",\"isPartOf\":{\"@id\":\"https:\\\/\\\/chemgramx.com\\\/#website\"},\"primaryImageOfPage\":{\"@id\":\"https:\\\/\\\/chemgramx.com\\\/product\\\/4-me-tmp-online-kaufen\\\/#primaryimage\"},\"image\":{\"@id\":\"https:\\\/\\\/chemgramx.com\\\/product\\\/4-me-tmp-online-kaufen\\\/#primaryimage\"},\"thumbnailUrl\":\"https:\\\/\\\/chemgramx.com\\\/wp-content\\\/uploads\\\/2025\\\/11\\\/4-Me-TMP.jpg\",\"datePublished\":\"2025-11-21T16:46:33+00:00\",\"dateModified\":\"2025-12-09T10:22:22+00:00\",\"description\":\"Entdecken Sie hochreines 4-Me-TMP f\u00fcr Ihre Forschung bei Chemgramx. Bestellen Sie authentisches und erstklassiges 4-Me-TMP mit \u00fcber 98% Reinheit jetzt online f\u00fcr Ihre Studien.\",\"breadcrumb\":{\"@id\":\"https:\\\/\\\/chemgramx.com\\\/product\\\/4-me-tmp-online-kaufen\\\/#breadcrumb\"},\"inLanguage\":\"pl-PL\",\"potentialAction\":[{\"@type\":\"ReadAction\",\"target\":[\"https:\\\/\\\/chemgramx.com\\\/product\\\/4-me-tmp-online-kaufen\\\/\"]}]},{\"@type\":\"ImageObject\",\"inLanguage\":\"pl-PL\",\"@id\":\"https:\\\/\\\/chemgramx.com\\\/product\\\/4-me-tmp-online-kaufen\\\/#primaryimage\",\"url\":\"https:\\\/\\\/chemgramx.com\\\/wp-content\\\/uploads\\\/2025\\\/11\\\/4-Me-TMP.jpg\",\"contentUrl\":\"https:\\\/\\\/chemgramx.com\\\/wp-content\\\/uploads\\\/2025\\\/11\\\/4-Me-TMP.jpg\",\"width\":200,\"height\":200},{\"@type\":\"BreadcrumbList\",\"@id\":\"https:\\\/\\\/chemgramx.com\\\/product\\\/4-me-tmp-online-kaufen\\\/#breadcrumb\",\"itemListElement\":[{\"@type\":\"ListItem\",\"position\":1,\"name\":\"Home\",\"item\":\"https:\\\/\\\/chemgramx.com\\\/\"},{\"@type\":\"ListItem\",\"position\":2,\"name\":\"Shop\",\"item\":\"https:\\\/\\\/chemgramx.com\\\/shop\\\/\"},{\"@type\":\"ListItem\",\"position\":3,\"name\":\"4-Me-TMP kaufen &#8211; h\u00f6chste Reinheit (zum Verkauf|hochwertig)\"}]},{\"@type\":\"WebSite\",\"@id\":\"https:\\\/\\\/chemgramx.com\\\/#website\",\"url\":\"https:\\\/\\\/chemgramx.com\\\/\",\"name\":\"Chemgramx\",\"description\":\"\",\"publisher\":{\"@id\":\"https:\\\/\\\/chemgramx.com\\\/#organization\"},\"potentialAction\":[{\"@type\":\"SearchAction\",\"target\":{\"@type\":\"EntryPoint\",\"urlTemplate\":\"https:\\\/\\\/chemgramx.com\\\/?s={search_term_string}\"},\"query-input\":{\"@type\":\"PropertyValueSpecification\",\"valueRequired\":true,\"valueName\":\"search_term_string\"}}],\"inLanguage\":\"pl-PL\"},{\"@type\":\"Organization\",\"@id\":\"https:\\\/\\\/chemgramx.com\\\/#organization\",\"name\":\"Chemgramx\",\"url\":\"https:\\\/\\\/chemgramx.com\\\/\",\"logo\":{\"@type\":\"ImageObject\",\"inLanguage\":\"pl-PL\",\"@id\":\"https:\\\/\\\/chemgramx.com\\\/#\\\/schema\\\/logo\\\/image\\\/\",\"url\":\"https:\\\/\\\/chemgramx.com\\\/wp-content\\\/uploads\\\/2024\\\/10\\\/final-logo.png\",\"contentUrl\":\"https:\\\/\\\/chemgramx.com\\\/wp-content\\\/uploads\\\/2024\\\/10\\\/final-logo.png\",\"width\":250,\"height\":48,\"caption\":\"Chemgramx\"},\"image\":{\"@id\":\"https:\\\/\\\/chemgramx.com\\\/#\\\/schema\\\/logo\\\/image\\\/\"}}]}<\/script>\n<!-- \/ Yoast SEO plugin. -->","yoast_head_json":{"title":"Kup 4-Me-TMP \u2013 najwy\u017csza czysto\u015b\u0107 (na sprzeda\u017c | wysokiej jako\u015bci)","description":"Odkryj wysokiej czysto\u015bci 4-Me-TMP do swoich bada\u0144 w Chemgramx. Zam\u00f3w teraz online autentyczny i najwy\u017cszej jako\u015bci 4-Me-TMP o czysto\u015bci ponad 98% do swoich bada\u0144.","robots":{"index":"index","follow":"follow","max-snippet":"max-snippet:-1","max-image-preview":"max-image-preview:large","max-video-preview":"max-video-preview:-1"},"canonical":"https:\/\/chemgramx.com\/pl\/produkt-1\/kup-4-me-tmp-online\/","og_locale":"pl_PL","og_type":"article","og_title":"4-Me-TMP kaufen - h\u00f6chste Reinheit (zum Verkauf|hochwertig)","og_description":"Entdecken Sie hochreines 4-Me-TMP f\u00fcr Ihre Forschung bei Chemgramx. Bestellen Sie authentisches und erstklassiges 4-Me-TMP mit \u00fcber 98% Reinheit jetzt online f\u00fcr Ihre Studien.","og_url":"https:\/\/chemgramx.com\/pl\/produkt-1\/kup-4-me-tmp-online\/","og_site_name":"Chemgramx","article_modified_time":"2025-12-09T10:22:22+00:00","og_image":[{"width":200,"height":200,"url":"https:\/\/chemgramx.com\/wp-content\/uploads\/2025\/11\/4-Me-TMP.jpg","type":"image\/jpeg"}],"twitter_card":"summary_large_image","twitter_misc":{"Szacowany czas czytania":"3 minuty"},"schema":{"@context":"https:\/\/schema.org","@graph":[{"@type":"WebPage","@id":"https:\/\/chemgramx.com\/product\/4-me-tmp-online-kaufen\/","url":"https:\/\/chemgramx.com\/product\/4-me-tmp-online-kaufen\/","name":"Kup 4-Me-TMP \u2013 najwy\u017csza czysto\u015b\u0107 (na sprzeda\u017c | wysokiej jako\u015bci)","isPartOf":{"@id":"https:\/\/chemgramx.com\/#website"},"primaryImageOfPage":{"@id":"https:\/\/chemgramx.com\/product\/4-me-tmp-online-kaufen\/#primaryimage"},"image":{"@id":"https:\/\/chemgramx.com\/product\/4-me-tmp-online-kaufen\/#primaryimage"},"thumbnailUrl":"https:\/\/chemgramx.com\/wp-content\/uploads\/2025\/11\/4-Me-TMP.jpg","datePublished":"2025-11-21T16:46:33+00:00","dateModified":"2025-12-09T10:22:22+00:00","description":"Odkryj wysokiej czysto\u015bci 4-Me-TMP do swoich bada\u0144 w Chemgramx. Zam\u00f3w teraz online autentyczny i najwy\u017cszej jako\u015bci 4-Me-TMP o czysto\u015bci ponad 98% do swoich bada\u0144.","breadcrumb":{"@id":"https:\/\/chemgramx.com\/product\/4-me-tmp-online-kaufen\/#breadcrumb"},"inLanguage":"pl-PL","potentialAction":[{"@type":"ReadAction","target":["https:\/\/chemgramx.com\/product\/4-me-tmp-online-kaufen\/"]}]},{"@type":"ImageObject","inLanguage":"pl-PL","@id":"https:\/\/chemgramx.com\/product\/4-me-tmp-online-kaufen\/#primaryimage","url":"https:\/\/chemgramx.com\/wp-content\/uploads\/2025\/11\/4-Me-TMP.jpg","contentUrl":"https:\/\/chemgramx.com\/wp-content\/uploads\/2025\/11\/4-Me-TMP.jpg","width":200,"height":200},{"@type":"BreadcrumbList","@id":"https:\/\/chemgramx.com\/product\/4-me-tmp-online-kaufen\/#breadcrumb","itemListElement":[{"@type":"ListItem","position":1,"name":"Home","item":"https:\/\/chemgramx.com\/"},{"@type":"ListItem","position":2,"name":"Shop","item":"https:\/\/chemgramx.com\/shop\/"},{"@type":"ListItem","position":3,"name":"4-Me-TMP kaufen &#8211; h\u00f6chste Reinheit (zum Verkauf|hochwertig)"}]},{"@type":"WebSite","@id":"https:\/\/chemgramx.com\/#website","url":"https:\/\/chemgramx.com\/","name":"Chemgramx","description":"","publisher":{"@id":"https:\/\/chemgramx.com\/#organization"},"potentialAction":[{"@type":"SearchAction","target":{"@type":"EntryPoint","urlTemplate":"https:\/\/chemgramx.com\/?s={search_term_string}"},"query-input":{"@type":"PropertyValueSpecification","valueRequired":true,"valueName":"search_term_string"}}],"inLanguage":"pl-PL"},{"@type":"Organization","@id":"https:\/\/chemgramx.com\/#organization","name":"Chemgramx","url":"https:\/\/chemgramx.com\/","logo":{"@type":"ImageObject","inLanguage":"pl-PL","@id":"https:\/\/chemgramx.com\/#\/schema\/logo\/image\/","url":"https:\/\/chemgramx.com\/wp-content\/uploads\/2024\/10\/final-logo.png","contentUrl":"https:\/\/chemgramx.com\/wp-content\/uploads\/2024\/10\/final-logo.png","width":250,"height":48,"caption":"Chemgramx"},"image":{"@id":"https:\/\/chemgramx.com\/#\/schema\/logo\/image\/"}}]}},"_links":{"self":[{"href":"https:\/\/chemgramx.com\/pl\/wp-json\/wp\/v2\/product\/8036","targetHints":{"allow":["GET"]}}],"collection":[{"href":"https:\/\/chemgramx.com\/pl\/wp-json\/wp\/v2\/product"}],"about":[{"href":"https:\/\/chemgramx.com\/pl\/wp-json\/wp\/v2\/types\/product"}],"replies":[{"embeddable":true,"href":"https:\/\/chemgramx.com\/pl\/wp-json\/wp\/v2\/comments?post=8036"}],"wp:featuredmedia":[{"embeddable":true,"href":"https:\/\/chemgramx.com\/pl\/wp-json\/wp\/v2\/media\/8088"}],"wp:attachment":[{"href":"https:\/\/chemgramx.com\/pl\/wp-json\/wp\/v2\/media?parent=8036"}],"wp:term":[{"taxonomy":"product_brand","embeddable":true,"href":"https:\/\/chemgramx.com\/pl\/wp-json\/wp\/v2\/product_brand?post=8036"},{"taxonomy":"product_cat","embeddable":true,"href":"https:\/\/chemgramx.com\/pl\/wp-json\/wp\/v2\/product_cat?post=8036"},{"taxonomy":"product_tag","embeddable":true,"href":"https:\/\/chemgramx.com\/pl\/wp-json\/wp\/v2\/product_tag?post=8036"}],"curies":[{"name":"wp","href":"https:\/\/api.w.org\/{rel}","templated":true}]}}