{"id":8038,"date":"2025-11-21T16:46:33","date_gmt":"2025-11-21T16:46:33","guid":{"rendered":"https:\/\/chemgramx.com\/?post_type=product&#038;p=8038"},"modified":"2025-12-09T10:24:01","modified_gmt":"2025-12-09T10:24:01","slug":"4-bmc-4-bromometkatynon-kupic-online","status":"publish","type":"product","link":"https:\/\/chemgramx.com\/pl\/product\/4-bmc-4-bromomethcathinon-online-kaufen\/","title":{"rendered":"Kup 4-BMC \u2013 czysto\u015b\u0107 (na sprzeda\u017c | wysoka jako\u015b\u0107)"},"content":{"rendered":"<p>Szukasz niezawodnego \u017ar\u00f3d\u0142a <b>4-bromometkatynon<\/b> o najwy\u017cszej czysto\u015bci? W takim razie Chemgramx jest w\u0142a\u015bciwym wyborem. Oferujemy Pa\u0144stwu wyj\u0105tkow\u0105 mo\u017cliwo\u015b\u0107, <b>4-bromometkatynon na sprzeda\u017c<\/b> , kt\u00f3ry zosta\u0142 zaprojektowany specjalnie do wymagaj\u0105cych cel\u00f3w badawczych. Ponadto gwarantujemy, \u017ce ka\u017cda partia <b>Jako\u015b\u0107 laboratoryjna na sprzeda\u017c<\/b> i charakteryzuje si\u0119 wyj\u0105tkow\u0105 czysto\u015bci\u0105. Dzi\u0119ki temu mo\u017cesz mie\u0107 pewno\u015b\u0107, \u017ce otrzymujesz produkt spe\u0142niaj\u0105cy najwy\u017csze standardy naukowe.<\/p>\n<h2>Czym jest 4-BMC (4-bromometakatynon)?<\/h2>\n<p><b>4-BMC<\/b>znany r\u00f3wnie\u017c jako <b>4-bromometkatynon<\/b>, jest zwi\u0105zkiem organicznym z klasy katynon\u00f3w. Pod wzgl\u0119dem chemicznym jest to pochodna metkatynonu, w kt\u00f3rej atom bromu jest podstawiony w pozycji 4 pier\u015bcienia fenylowego. Ponadto jest on przede wszystkim interesuj\u0105cy jako substancja chemiczna wykorzystywana w badaniach naukowych, stosowana w laboratoriach na ca\u0142ym \u015bwiecie do bada\u0144 analitycznych i nauk o materia\u0142ach. W tym przypadku kluczowe znaczenie ma zawsze <b>autentyczny 4-bromometkatynon<\/b> aby zapewni\u0107 precyzyjne i powtarzalne wyniki.<\/p>\n<p>Struktura molekularna 4-BMC nadaje mu specyficzne w\u0142a\u015bciwo\u015bci fizykochemiczne, dzi\u0119ki czemu jest on cennym narz\u0119dziem w chemii i farmakologii. Na przyk\u0142ad jest on cz\u0119sto stosowany jako standard referencyjny lub w <i>In vitro<\/i>-eksperymentach maj\u0105cych na celu badanie reakcji chemicznych lub interakcji molekularnych. Dok\u0142adna znajomo\u015b\u0107 jego w\u0142a\u015bciwo\u015bci ma fundamentalne znaczenie dla bezpiecznego i skutecznego obchodzenia si\u0119 z nim w \u015brodowisku badawczym.<\/p>\n<h2>Standardy jako\u015bci i czysto\u015b\u0107 w Chemgramx<\/h2>\n<p>W Chemgramx przywi\u0105zujemy najwi\u0119ksz\u0105 wag\u0119 do jako\u015bci i czysto\u015bci. Ka\u017cda partia <b>4-BMC<\/b> poddawany jest rygorystycznym testom analitycznym, aby zapewni\u0107 czysto\u015b\u0107 powy\u017cej 98%. Ponadto oferujemy wy\u0142\u0105cznie <b>Najwy\u017cszej jako\u015bci 4-bromometkatynon<\/b> spe\u0142niaj\u0105cy te wysokie standardy. Dzi\u0119ki temu nasi klienci mog\u0105 mie\u0107 pewno\u015b\u0107, \u017ce otrzymuj\u0105 produkt wolny od zanieczyszcze\u0144, kt\u00f3ry nie wp\u0142ywa negatywnie na rzetelno\u015b\u0107 ich bada\u0144.<\/p>\n<ul>\n<li><b>Czysto\u015b\u0107 sprawdzona metod\u0105 HPLC:<\/b> Ka\u017cdy produkt jest testowany pod k\u0105tem czysto\u015bci za pomoc\u0105 wysokosprawnej chromatografii cieczowej.<\/li>\n<li><b>Weryfikacja NMR:<\/b> Struktura chemiczna jest potwierdzana za pomoc\u0105 spektroskopii magnetycznego rezonansu j\u0105drowego.<\/li>\n<li><b>Analiza partii:<\/b> Do ka\u017cdego zam\u00f3wienia do\u0142\u0105czony jest certyfikat analizy potwierdzaj\u0105cy specyfikacj\u0119 partii.<\/li>\n<li><b>Jako\u015b\u0107 bada\u0144 naukowych na sprzeda\u017c:<\/b> Nasz 4-BMC jest przeznaczony wy\u0142\u0105cznie do cel\u00f3w naukowych i eksperymentalnych.<\/li>\n<\/ul>\n<p>R\u00f3wnie wa\u017cne jest dla nas zapewnienie przejrzysto\u015bci naszych proces\u00f3w zapewniania jako\u015bci. Kupuj\u0105c u nas, nabywasz nie tylko substancj\u0119, ale tak\u017ce pewno\u015b\u0107 co do jej sk\u0142adu i specyfikacji. To sprawia, \u017ce nasza oferta jest <b>Wysoka czysto\u015b\u0107 na sprzeda\u017c<\/b> szczeg\u00f3lnie atrakcyjne dla renomowanych instytucji badawczych.<\/p>\n<h2>Obszary zastosowa\u0144 i potencja\u0142 badawczy<\/h2>\n<p>Potencja\u0142 <b>4-bromometkatynon<\/b> w badaniach naukowych jest r\u00f3\u017cnorodne. S\u0142u\u017cy g\u0142\u00f3wnie jako cenna substancja referencyjna dla laboratori\u00f3w analitycznych, kt\u00f3re opracowuj\u0105 nowe metody badawcze lub waliduj\u0105 istniej\u0105ce. Ponadto jest stosowany w badaniach syntezy chemicznej w celu zbadania reaktywno\u015bci podstawnik\u00f3w bromowych w strukturach katynonu. Dlatego jest nieodzownym narz\u0119dziem dla naukowc\u00f3w badaj\u0105cych w\u0142a\u015bciwo\u015bci i potencjalne zastosowania zwi\u0105zk\u00f3w badawczych.<\/p>\n<p>Ponadto toksykolodzy i medycy s\u0105dowi stosuj\u0105 4-BMC jako standard w swoich testach, aby dok\u0142adnie identyfikowa\u0107 i kwantyfikowa\u0107 pr\u00f3bki pochodz\u0105ce z rzeczywistych scenariuszy. <b>najlepszy dost\u0119pny 4-bromometkatynon<\/b> ma zatem decyduj\u0105ce znaczenie dla dok\u0142adno\u015bci i wiarygodno\u015bci analiz kryminalistycznych. R\u00f3wnie\u017c w dziedzinie bada\u0144 farmaceutycznych mo\u017ce to mie\u0107 znaczenie w <i>In vitro<\/i>-modele do badania interakcji receptor\u00f3w lub szlak\u00f3w metabolicznych, zawsze w \u015bci\u015ble kontrolowanych warunkach i zgodnie z wytycznymi etycznymi.<\/p>\n<p>Prosz\u0119 pami\u0119ta\u0107, \u017ce <b>4-bromometkatynon<\/b> przeznaczony wy\u0142\u0105cznie do cel\u00f3w badawczych, a nie do spo\u017cycia przez ludzi lub zastosowa\u0144 terapeutycznych. Post\u0119powanie z t\u0105 substancj\u0105 chemiczn\u0105 wymaga specjalistycznej wiedzy i przestrzegania odpowiednich przepis\u00f3w bezpiecze\u0144stwa. Inne powi\u0105zane substancje badawcze, kt\u00f3re mog\u0105 mie\u0107 znaczenie dla bada\u0144 naukowych, mo\u017cna znale\u017a\u0107 w naszym <a href=\"https:\/\/chemgramx.com\/product\/kaufen-sie-china-white-heroin\/\">szeroki asortyment produkt\u00f3w<\/a>.<\/p>\n<h2>Bezpiecze\u0144stwo i obs\u0142uga 4-BMC<\/h2>\n<p>Odpowiedzialne post\u0119powanie z <b>4-bromometkatynon<\/b> ma ogromne znaczenie. Badacze musz\u0105 zawsze nosi\u0107 odpowiednie \u015brodki ochrony indywidualnej (\u015aOI), w tym r\u0119kawice, okulary ochronne i fartuchy laboratoryjne, aby unikn\u0105\u0107 bezpo\u015bredniego kontaktu z substancj\u0105. Niezb\u0119dna jest r\u00f3wnie\u017c dobra wentylacja miejsca pracy, najlepiej pod wyci\u0105giem, aby zminimalizowa\u0107 nara\u017cenie na opary lub py\u0142y.<\/p>\n<p>4-BMC nale\u017cy przechowywa\u0107 w ch\u0142odnym, suchym i dobrze wentylowanym miejscu, z dala od bezpo\u015bredniego \u015bwiat\u0142a s\u0142onecznego i innych \u017ar\u00f3de\u0142 ciep\u0142a. Pojemnik musi by\u0107 szczelnie zamkni\u0119ty, aby zachowa\u0107 stabilno\u015b\u0107 substancji i zapobiec zanieczyszczeniu. Nast\u0119pnie wszystkie zapasy nale\u017cy odpowiednio oznakowa\u0107 i przechowywa\u0107 w miejscu niedost\u0119pnym dla os\u00f3b nieuprawnionych. A <b>Bezpieczny zakup<\/b> Produktu to tylko pierwszy krok; r\u00f3wnie wa\u017cne jest bezpieczne obchodzenie si\u0119 z nim w laboratorium.<\/p>\n<p>W przypadku kontaktu ze sk\u00f3r\u0105 lub oczami nale\u017cy natychmiast dok\u0142adnie przep\u0142uka\u0107 dotkni\u0119te miejsce wod\u0105 i w razie potrzeby zwr\u00f3ci\u0107 si\u0119 o pomoc medyczn\u0105. Rozlane substancje nale\u017cy usuwa\u0107 zgodnie z wytycznymi laboratoryjnymi, zachowuj\u0105c szczeg\u00f3ln\u0105 ostro\u017cno\u015b\u0107. Nasz produkt jest zawsze traktowany z nale\u017cyt\u0105 staranno\u015bci\u0105 i zoptymalizowany pod k\u0105tem bezpiecznego przetwarzania w Pa\u0144stwa plac\u00f3wce badawczej.<\/p>\n<h2>Zam\u00f3w 4-BMC (4-bromometkatynon) w Chemgramx<\/h2>\n<p>Je\u015bli jeste\u015b gotowy, aby przenie\u015b\u0107 swoje badania na wy\u017cszy poziom, mo\u017cesz <b>Zam\u00f3w 4-bromometkatynon online<\/b> w Chemgramx. Oferujemy prosty i bezpieczny proces sk\u0142adania zam\u00f3wie\u0144, dostosowany do potrzeb instytucji badawczych. Ponadto gwarantujemy dyskrecj\u0119 i uczciwo\u015b\u0107 przy ka\u017cdej transakcji. Naszym celem jest r\u00f3wnie\u017c zapewnienie Pa\u0144stwu jak naj\u0142atwiejszego i najbardziej niezawodnego dost\u0119pu do wysokiej czysto\u015bci chemikali\u00f3w badawczych. Ponadto w ka\u017cdej chwili mog\u0105 Pa\u0144stwo skorzysta\u0107 z naszej najwy\u017cszej klasy <a href=\"https:\/\/chemgramx.com\/product\/4-bmc-4-bromomethcathinon-online-kaufen\/\">Kup 4-BMC (4-bromometkatynon) online<\/a> i skorzystaj z naszej wiedzy specjalistycznej.<\/p>\n<p>Nasz zesp\u00f3\u0142 obs\u0142ugi klienta jest do Pa\u0144stwa dyspozycji w razie pyta\u0144 i ch\u0119tnie pomo\u017ce w wyborze odpowiednich produkt\u00f3w do Pa\u0144stwa projekt\u00f3w. Skorzystajcie Pa\u0144stwo z naszego do\u015bwiadczenia i naszego zaanga\u017cowania w jako\u015b\u0107, zamawiaj\u0105c teraz <a href=\"https:\/\/chemgramx.com\/product\/4-bmc-4-bromomethcathinon-online-kaufen\/\"><b>Kup wysokiej jako\u015bci 4-BMC w Chemgramx<\/b><\/a>. Nasz zoptymalizowany proces umo\u017cliwia Pa\u0144stwu, <b>Kup teraz online<\/b> i wygodnie zrealizowa\u0107 zam\u00f3wienie. W zwi\u0105zku z tym Chemgramx jest najlepszym wyborem w zakresie potrzeb badawczych.<\/p>\n<h2>Cz\u0119sto zadawane pytania (FAQ) dotycz\u0105ce 4-BMC<\/h2>\n<h3>Co oznacza jako\u015b\u0107 bada\u0144 w 4-BMC?<\/h3>\n<p><b>Jako\u015b\u0107 bada\u0144<\/b> oznacza, \u017ce nasz <b>4-bromometkatynon<\/b> wyprodukowany specjalnie do cel\u00f3w naukowych i analitycznych. Spe\u0142nia wysokie standardy czysto\u015bci i jest poddawany kompleksowym testom, aby zapewni\u0107 dok\u0142adne i powtarzalne wyniki w badaniach laboratoryjnych. Nie jest przeznaczony do spo\u017cycia przez ludzi ani do cel\u00f3w medycznych. Dlatego idealnie nadaje si\u0119 do wymagaj\u0105cych projekt\u00f3w badawczych.<\/p>\n<h3>W jaki spos\u00f3b zapewniana jest czysto\u015b\u0107 4-BMC?<\/h3>\n<p>Czysto\u015b\u0107 naszego <b>4-bromometkatynony<\/b> jest zapewniona dzi\u0119ki szeregowi rygorystycznych procedur analitycznych, w tym HPLC (wysokosprawna chromatografia cieczowa) i NMR (spektroskopia magnetycznego rezonansu j\u0105drowego). Testy te potwierdzaj\u0105 to\u017csamo\u015b\u0107 chemiczn\u0105 i okre\u015blaj\u0105 stopie\u0144 czysto\u015bci ka\u017cdej partii. W ten spos\u00f3b gwarantujemy produkt o najwy\u017cszej jako\u015bci, kt\u00f3ry spe\u0142nia nasze wymagania dotycz\u0105ce <b>Wysoka czysto\u015b\u0107 na sprzeda\u017c<\/b> podkre\u015bla.<\/p>\n<h3>Czy 4-BMC mo\u017cna naby\u0107 legalnie?<\/h3>\n<p>Legalno\u015b\u0107 nabywania i posiadania <b>4-bromometkatynon<\/b> r\u00f3\u017cni si\u0119 w zale\u017cno\u015bci od kraju i jurysdykcji. Obowi\u0105zkiem kupuj\u0105cego jest sprawdzenie lokalnych przepis\u00f3w i regulacji oraz ich przestrzeganie przed z\u0142o\u017ceniem zam\u00f3wienia. Sprzedajemy 4-BMC wy\u0142\u0105cznie instytucjom badawczym i edukacyjnym i oczekujemy, \u017ce wszyscy klienci b\u0119d\u0105 przestrzega\u0107 obowi\u0105zuj\u0105cych przepis\u00f3w. W zwi\u0105zku z tym Twoje <b>Bezpieczny zakup<\/b> pod tym za\u0142o\u017ceniem.<\/p>\n<h3>Jakie \u015brodki ostro\u017cno\u015bci nale\u017cy zachowa\u0107 podczas obchodzenia si\u0119 z 4-BMC?<\/h3>\n<p>Podczas obs\u0142ugi <b>4-bromometkatynon<\/b> nale\u017cy zawsze stosowa\u0107 odpowiednie \u015brodki bezpiecze\u0144stwa. Obejmuj\u0105 one noszenie \u015brodk\u00f3w ochrony indywidualnej, takich jak r\u0119kawice i okulary ochronne, a tak\u017ce prac\u0119 w dobrze wentylowanym pomieszczeniu lub pod wyci\u0105giem. Szczeg\u00f3\u0142owa analiza ryzyka i przestrzeganie wytycznych laboratoryjnych s\u0105 niezb\u0119dne, aby unikn\u0105\u0107 nara\u017cenia i zapewni\u0107 bezpieczne \u015brodowisko pracy. Kr\u00f3tko m\u00f3wi\u0105c, bezpiecze\u0144stwo jest zawsze priorytetem.<\/p>\n<h3>Czy Chemgramx oferuje certyfikaty analizy dla 4-BMC?<\/h3>\n<p>Tak, oczywi\u015bcie. Dla ka\u017cdej partii <b>4-bromometkatynon<\/b>, kt\u00f3re mo\u017cna u nas <b>zam\u00f3wienie online<\/b>, Na \u017cyczenie udost\u0119pniamy szczeg\u00f3\u0142owy certyfikat analizy (CoA). Dokument ten potwierdza czysto\u015b\u0107 i to\u017csamo\u015b\u0107 chemiczn\u0105 produktu na podstawie naszych wewn\u0119trznych kontroli jako\u015bci. Jest to istotny element naszego zaanga\u017cowania na rzecz przejrzysto\u015bci i jako\u015bci, je\u015bli <a href=\"https:\/\/chemgramx.com\/product\/4-bmc-4-bromomethcathinon-online-kaufen\/\">Kup 4-BMC (4-bromometkatynon) online<\/a>.<\/p>","protected":false},"excerpt":{"rendered":"<p>Odkryj <b>4-bromometkatynon<\/b> najwy\u017cszej jako\u015bci badawczej w Chemgramx. Ta autentyczna pochodna katynonu jest idealna do bada\u0144 analitycznych i nauk o materia\u0142ach. Nasz produkt znany jest ze swojej wyj\u0105tkowej czysto\u015bci i zweryfikowanej to\u017csamo\u015bci chemicznej. Je\u015bli <b>Kup 4-bromometkatynon<\/b> oferujemy Pa\u0144stwu bezpieczny i przejrzysty zakup. Zapewnij sobie wysokiej jako\u015bci materia\u0142y badawcze ju\u017c teraz w Chemgramx, Twoim zaufanym \u017ar\u00f3dle chemikali\u00f3w laboratoryjnych.<\/p>","protected":false},"featured_media":8090,"comment_status":"open","ping_status":"closed","template":"","meta":{"_joinchat":[]},"product_brand":[],"product_cat":[48],"product_tag":[1415,1412,1422,1408,1421,1405,1406,1401,1398,1417,1419,1402,1413,1416,1400,1407,1418,1423,1399,1420,1403,1404,1414,1409,1411,1410],"class_list":{"0":"post-8038","1":"product","2":"type-product","3":"status-publish","4":"has-post-thumbnail","6":"product_cat-stimulants","7":"product_tag-4-bmc-bestellen","8":"product_tag-4-bmc-bulk-bestellung","9":"product_tag-4-bmc-chemikalie","10":"product_tag-4-bmc-experimente","11":"product_tag-4-bmc-forschung","12":"product_tag-4-bmc-forschung-chemikalie","13":"product_tag-4-bmc-fur-neurowissenschaftliche-studien","14":"product_tag-4-bmc-groshandel","15":"product_tag-4-bmc-kaufen","16":"product_tag-4-bmc-labor","17":"product_tag-4-bmc-legal","18":"product_tag-4-bmc-lieferant","19":"product_tag-4-bmc-marktanalyse","20":"product_tag-4-bmc-online","21":"product_tag-4-bmc-online-bestellen","22":"product_tag-4-bmc-pharmazeutische-forschung","23":"product_tag-4-bmc-sicher","24":"product_tag-4-bmc-versand","25":"product_tag-4-bromomethcathinon-bestellen","26":"product_tag-4bmc-gunstig","27":"product_tag-forschung-chemikalien-4-bmc","28":"product_tag-hochwertige-4-bmc-kaufen","29":"product_tag-innovative-4-bmc-forschung","30":"product_tag-laborqualitat-4-bmc","31":"product_tag-legaler-4-bmc-anbieter","32":"product_tag-sicherer-4-bmc-versand","34":"first","35":"instock","36":"shipping-taxable","37":"purchasable","38":"product-type-variable"},"yoast_head":"<!-- This site is optimized with the Yoast SEO plugin v27.5 - https:\/\/yoast.com\/product\/yoast-seo-wordpress\/ -->\n<title>Kaufen 4-BMC - Reinheit (zum Verkauf | Hohe Qualit\u00e4t)<\/title>\n<meta name=\"description\" content=\"Entdecken Sie hochwertiges 4-Bromomethcathinon in Forschungsqualit\u00e4t. Jetzt 4-Bromomethcathinon kaufen und Ihr Laborprojekt vorantreiben. Authentisch und sicher.\" \/>\n<meta name=\"robots\" content=\"index, follow, max-snippet:-1, max-image-preview:large, max-video-preview:-1\" \/>\n<link rel=\"canonical\" href=\"https:\/\/chemgramx.com\/pl\/produkt-1\/4-bmc-4-bromometkatynon-kupic-online\/\" \/>\n<meta property=\"og:locale\" content=\"pl_PL\" \/>\n<meta property=\"og:type\" content=\"article\" \/>\n<meta property=\"og:title\" content=\"Kaufen 4-BMC - Reinheit (zum Verkauf | Hohe Qualit\u00e4t)\" \/>\n<meta property=\"og:description\" content=\"Entdecken Sie hochwertiges 4-Bromomethcathinon in Forschungsqualit\u00e4t. Jetzt 4-Bromomethcathinon kaufen und Ihr Laborprojekt vorantreiben. Authentisch und sicher.\" \/>\n<meta property=\"og:url\" content=\"https:\/\/chemgramx.com\/pl\/produkt-1\/4-bmc-4-bromometkatynon-kupic-online\/\" \/>\n<meta property=\"og:site_name\" content=\"Chemgramx\" \/>\n<meta property=\"article:modified_time\" content=\"2025-12-09T10:24:01+00:00\" \/>\n<meta property=\"og:image\" content=\"https:\/\/chemgramx.com\/wp-content\/uploads\/2025\/11\/4-BMC-4-Bromomethcathinon.jpg\" \/>\n\t<meta property=\"og:image:width\" content=\"300\" \/>\n\t<meta property=\"og:image:height\" content=\"300\" \/>\n\t<meta property=\"og:image:type\" content=\"image\/jpeg\" \/>\n<meta name=\"twitter:card\" content=\"summary_large_image\" \/>\n<meta name=\"twitter:label1\" content=\"Szacowany czas czytania\" \/>\n\t<meta name=\"twitter:data1\" content=\"2 minuty\" \/>\n<script type=\"application\/ld+json\" class=\"yoast-schema-graph\">{\"@context\":\"https:\\\/\\\/schema.org\",\"@graph\":[{\"@type\":\"WebPage\",\"@id\":\"https:\\\/\\\/chemgramx.com\\\/product\\\/4-bmc-4-bromomethcathinon-online-kaufen\\\/\",\"url\":\"https:\\\/\\\/chemgramx.com\\\/product\\\/4-bmc-4-bromomethcathinon-online-kaufen\\\/\",\"name\":\"Kaufen 4-BMC - Reinheit (zum Verkauf | Hohe Qualit\u00e4t)\",\"isPartOf\":{\"@id\":\"https:\\\/\\\/chemgramx.com\\\/#website\"},\"primaryImageOfPage\":{\"@id\":\"https:\\\/\\\/chemgramx.com\\\/product\\\/4-bmc-4-bromomethcathinon-online-kaufen\\\/#primaryimage\"},\"image\":{\"@id\":\"https:\\\/\\\/chemgramx.com\\\/product\\\/4-bmc-4-bromomethcathinon-online-kaufen\\\/#primaryimage\"},\"thumbnailUrl\":\"https:\\\/\\\/chemgramx.com\\\/wp-content\\\/uploads\\\/2025\\\/11\\\/4-BMC-4-Bromomethcathinon.jpg\",\"datePublished\":\"2025-11-21T16:46:33+00:00\",\"dateModified\":\"2025-12-09T10:24:01+00:00\",\"description\":\"Entdecken Sie hochwertiges 4-Bromomethcathinon in Forschungsqualit\u00e4t. Jetzt 4-Bromomethcathinon kaufen und Ihr Laborprojekt vorantreiben. Authentisch und sicher.\",\"breadcrumb\":{\"@id\":\"https:\\\/\\\/chemgramx.com\\\/product\\\/4-bmc-4-bromomethcathinon-online-kaufen\\\/#breadcrumb\"},\"inLanguage\":\"pl-PL\",\"potentialAction\":[{\"@type\":\"ReadAction\",\"target\":[\"https:\\\/\\\/chemgramx.com\\\/product\\\/4-bmc-4-bromomethcathinon-online-kaufen\\\/\"]}]},{\"@type\":\"ImageObject\",\"inLanguage\":\"pl-PL\",\"@id\":\"https:\\\/\\\/chemgramx.com\\\/product\\\/4-bmc-4-bromomethcathinon-online-kaufen\\\/#primaryimage\",\"url\":\"https:\\\/\\\/chemgramx.com\\\/wp-content\\\/uploads\\\/2025\\\/11\\\/4-BMC-4-Bromomethcathinon.jpg\",\"contentUrl\":\"https:\\\/\\\/chemgramx.com\\\/wp-content\\\/uploads\\\/2025\\\/11\\\/4-BMC-4-Bromomethcathinon.jpg\",\"width\":300,\"height\":300},{\"@type\":\"BreadcrumbList\",\"@id\":\"https:\\\/\\\/chemgramx.com\\\/product\\\/4-bmc-4-bromomethcathinon-online-kaufen\\\/#breadcrumb\",\"itemListElement\":[{\"@type\":\"ListItem\",\"position\":1,\"name\":\"Home\",\"item\":\"https:\\\/\\\/chemgramx.com\\\/\"},{\"@type\":\"ListItem\",\"position\":2,\"name\":\"Shop\",\"item\":\"https:\\\/\\\/chemgramx.com\\\/shop\\\/\"},{\"@type\":\"ListItem\",\"position\":3,\"name\":\"Kaufen 4-BMC &#8211; Reinheit (zum Verkauf | Hohe Qualit\u00e4t)\"}]},{\"@type\":\"WebSite\",\"@id\":\"https:\\\/\\\/chemgramx.com\\\/#website\",\"url\":\"https:\\\/\\\/chemgramx.com\\\/\",\"name\":\"Chemgramx\",\"description\":\"\",\"publisher\":{\"@id\":\"https:\\\/\\\/chemgramx.com\\\/#organization\"},\"potentialAction\":[{\"@type\":\"SearchAction\",\"target\":{\"@type\":\"EntryPoint\",\"urlTemplate\":\"https:\\\/\\\/chemgramx.com\\\/?s={search_term_string}\"},\"query-input\":{\"@type\":\"PropertyValueSpecification\",\"valueRequired\":true,\"valueName\":\"search_term_string\"}}],\"inLanguage\":\"pl-PL\"},{\"@type\":\"Organization\",\"@id\":\"https:\\\/\\\/chemgramx.com\\\/#organization\",\"name\":\"Chemgramx\",\"url\":\"https:\\\/\\\/chemgramx.com\\\/\",\"logo\":{\"@type\":\"ImageObject\",\"inLanguage\":\"pl-PL\",\"@id\":\"https:\\\/\\\/chemgramx.com\\\/#\\\/schema\\\/logo\\\/image\\\/\",\"url\":\"https:\\\/\\\/chemgramx.com\\\/wp-content\\\/uploads\\\/2024\\\/10\\\/final-logo.png\",\"contentUrl\":\"https:\\\/\\\/chemgramx.com\\\/wp-content\\\/uploads\\\/2024\\\/10\\\/final-logo.png\",\"width\":250,\"height\":48,\"caption\":\"Chemgramx\"},\"image\":{\"@id\":\"https:\\\/\\\/chemgramx.com\\\/#\\\/schema\\\/logo\\\/image\\\/\"}}]}<\/script>\n<!-- \/ Yoast SEO plugin. -->","yoast_head_json":{"title":"Kup 4-BMC \u2013 czysto\u015b\u0107 (na sprzeda\u017c | wysoka jako\u015b\u0107)","description":"Odkryj wysokiej jako\u015bci 4-bromometkatynon w jako\u015bci badawczej. Kup teraz 4-bromometkatynon i przyspiesz realizacj\u0119 swojego projektu laboratoryjnego. Autentyczny i bezpieczny.","robots":{"index":"index","follow":"follow","max-snippet":"max-snippet:-1","max-image-preview":"max-image-preview:large","max-video-preview":"max-video-preview:-1"},"canonical":"https:\/\/chemgramx.com\/pl\/produkt-1\/4-bmc-4-bromometkatynon-kupic-online\/","og_locale":"pl_PL","og_type":"article","og_title":"Kaufen 4-BMC - Reinheit (zum Verkauf | Hohe Qualit\u00e4t)","og_description":"Entdecken Sie hochwertiges 4-Bromomethcathinon in Forschungsqualit\u00e4t. Jetzt 4-Bromomethcathinon kaufen und Ihr Laborprojekt vorantreiben. Authentisch und sicher.","og_url":"https:\/\/chemgramx.com\/pl\/produkt-1\/4-bmc-4-bromometkatynon-kupic-online\/","og_site_name":"Chemgramx","article_modified_time":"2025-12-09T10:24:01+00:00","og_image":[{"width":300,"height":300,"url":"https:\/\/chemgramx.com\/wp-content\/uploads\/2025\/11\/4-BMC-4-Bromomethcathinon.jpg","type":"image\/jpeg"}],"twitter_card":"summary_large_image","twitter_misc":{"Szacowany czas czytania":"2 minuty"},"schema":{"@context":"https:\/\/schema.org","@graph":[{"@type":"WebPage","@id":"https:\/\/chemgramx.com\/product\/4-bmc-4-bromomethcathinon-online-kaufen\/","url":"https:\/\/chemgramx.com\/product\/4-bmc-4-bromomethcathinon-online-kaufen\/","name":"Kup 4-BMC \u2013 czysto\u015b\u0107 (na sprzeda\u017c | wysoka jako\u015b\u0107)","isPartOf":{"@id":"https:\/\/chemgramx.com\/#website"},"primaryImageOfPage":{"@id":"https:\/\/chemgramx.com\/product\/4-bmc-4-bromomethcathinon-online-kaufen\/#primaryimage"},"image":{"@id":"https:\/\/chemgramx.com\/product\/4-bmc-4-bromomethcathinon-online-kaufen\/#primaryimage"},"thumbnailUrl":"https:\/\/chemgramx.com\/wp-content\/uploads\/2025\/11\/4-BMC-4-Bromomethcathinon.jpg","datePublished":"2025-11-21T16:46:33+00:00","dateModified":"2025-12-09T10:24:01+00:00","description":"Odkryj wysokiej jako\u015bci 4-bromometkatynon w jako\u015bci badawczej. Kup teraz 4-bromometkatynon i przyspiesz realizacj\u0119 swojego projektu laboratoryjnego. Autentyczny i bezpieczny.","breadcrumb":{"@id":"https:\/\/chemgramx.com\/product\/4-bmc-4-bromomethcathinon-online-kaufen\/#breadcrumb"},"inLanguage":"pl-PL","potentialAction":[{"@type":"ReadAction","target":["https:\/\/chemgramx.com\/product\/4-bmc-4-bromomethcathinon-online-kaufen\/"]}]},{"@type":"ImageObject","inLanguage":"pl-PL","@id":"https:\/\/chemgramx.com\/product\/4-bmc-4-bromomethcathinon-online-kaufen\/#primaryimage","url":"https:\/\/chemgramx.com\/wp-content\/uploads\/2025\/11\/4-BMC-4-Bromomethcathinon.jpg","contentUrl":"https:\/\/chemgramx.com\/wp-content\/uploads\/2025\/11\/4-BMC-4-Bromomethcathinon.jpg","width":300,"height":300},{"@type":"BreadcrumbList","@id":"https:\/\/chemgramx.com\/product\/4-bmc-4-bromomethcathinon-online-kaufen\/#breadcrumb","itemListElement":[{"@type":"ListItem","position":1,"name":"Home","item":"https:\/\/chemgramx.com\/"},{"@type":"ListItem","position":2,"name":"Shop","item":"https:\/\/chemgramx.com\/shop\/"},{"@type":"ListItem","position":3,"name":"Kaufen 4-BMC &#8211; Reinheit (zum Verkauf | Hohe Qualit\u00e4t)"}]},{"@type":"WebSite","@id":"https:\/\/chemgramx.com\/#website","url":"https:\/\/chemgramx.com\/","name":"Chemgramx","description":"","publisher":{"@id":"https:\/\/chemgramx.com\/#organization"},"potentialAction":[{"@type":"SearchAction","target":{"@type":"EntryPoint","urlTemplate":"https:\/\/chemgramx.com\/?s={search_term_string}"},"query-input":{"@type":"PropertyValueSpecification","valueRequired":true,"valueName":"search_term_string"}}],"inLanguage":"pl-PL"},{"@type":"Organization","@id":"https:\/\/chemgramx.com\/#organization","name":"Chemgramx","url":"https:\/\/chemgramx.com\/","logo":{"@type":"ImageObject","inLanguage":"pl-PL","@id":"https:\/\/chemgramx.com\/#\/schema\/logo\/image\/","url":"https:\/\/chemgramx.com\/wp-content\/uploads\/2024\/10\/final-logo.png","contentUrl":"https:\/\/chemgramx.com\/wp-content\/uploads\/2024\/10\/final-logo.png","width":250,"height":48,"caption":"Chemgramx"},"image":{"@id":"https:\/\/chemgramx.com\/#\/schema\/logo\/image\/"}}]}},"_links":{"self":[{"href":"https:\/\/chemgramx.com\/pl\/wp-json\/wp\/v2\/product\/8038","targetHints":{"allow":["GET"]}}],"collection":[{"href":"https:\/\/chemgramx.com\/pl\/wp-json\/wp\/v2\/product"}],"about":[{"href":"https:\/\/chemgramx.com\/pl\/wp-json\/wp\/v2\/types\/product"}],"replies":[{"embeddable":true,"href":"https:\/\/chemgramx.com\/pl\/wp-json\/wp\/v2\/comments?post=8038"}],"wp:featuredmedia":[{"embeddable":true,"href":"https:\/\/chemgramx.com\/pl\/wp-json\/wp\/v2\/media\/8090"}],"wp:attachment":[{"href":"https:\/\/chemgramx.com\/pl\/wp-json\/wp\/v2\/media?parent=8038"}],"wp:term":[{"taxonomy":"product_brand","embeddable":true,"href":"https:\/\/chemgramx.com\/pl\/wp-json\/wp\/v2\/product_brand?post=8038"},{"taxonomy":"product_cat","embeddable":true,"href":"https:\/\/chemgramx.com\/pl\/wp-json\/wp\/v2\/product_cat?post=8038"},{"taxonomy":"product_tag","embeddable":true,"href":"https:\/\/chemgramx.com\/pl\/wp-json\/wp\/v2\/product_tag?post=8038"}],"curies":[{"name":"wp","href":"https:\/\/api.w.org\/{rel}","templated":true}]}}